{"id":2114,"date":"2020-09-04T11:47:50","date_gmt":"2020-09-04T11:47:50","guid":{"rendered":"https:\/\/tajkertesz.com\/?post_type=product&#038;p=2114"},"modified":"2024-09-19T10:20:11","modified_gmt":"2024-09-19T10:20:11","slug":"liriodendron-tulipifera-fastigiata","status":"publish","type":"product","link":"https:\/\/tajkertesz.com\/en_US\/product\/liriodendron-tulipifera-fastigiata\/","title":{"rendered":"Liriodendron tulipifera &#8216;Fastigiata&#8217; , Oszlopos amerikai tulip\u00e1nfa"},"content":{"rendered":"<p>Liriodendron tulipifera &#8216;Fastigiata&#8217; , Oszlopos amerikai tulip\u00e1nfa<\/p>\n<p>A Liriodendron tulipifera &#8216;Fastigiata&#8217; , Oszlopos amerikai tulip\u00e1nfa\u00a0 jellegzetes, kics\u00edpett cs\u00facs\u00fa s\u00f6t\u00e9tz\u00f6ld lev\u00e9l sz\u00edn\u0171 , aranys\u00e1rga \u0151szi lombsz\u00edn\u0171.<\/p>\n<p>&nbsp;<\/p>\n<p><b>N\u00f6veked\u00e9s, alak:<\/b> 8-12m magas, keskeny, 1,5 2 m sz\u00e9les, oszlopos n\u00f6veked\u00e9s\u0171 sz\u00e9p d\u00edszfa.<br \/>\n<b>Lev\u00e9l:<\/b> 8-15 cm-es, 4 kar\u00e9j\u00fa, jellegzetes, kics\u00edpett cs\u00facs\u00fa s\u00f6t\u00e9tz\u00f6ld sz\u00edn\u0171 , aranys\u00e1rga \u0151szi lombsz\u00edn\u0171.<br \/>\n<b>Vir\u00e1g:<\/b>\u00a0A tulip\u00e1n vir\u00e1gj\u00e1hoz hasonl\u00f3, k\u00e9ns\u00e1rga\/s\u00e1rg\u00e1sz\u00f6ld sz\u00edn\u0171. M\u00e1jus v\u00e9g\u00e9t\u0151l j\u00fanius v\u00e9g\u00e9ig vir\u00e1gzik.<br \/>\n<b>Term\u00e9s:<\/b>\u00a06-7 cm-es, fel\u00e1ll\u00f3, hegyes k\u00fap alak\u00fa, tobozszer\u0171 aszmagcsokor.<br \/>\n<b>Term\u0151hely, ig\u00e9ny:<\/b>\u00a0Az amerikai \u00e1mbraf\u00e1hoz hasonl\u00f3: fagy\u00e1ll\u00f3, de a melegebb, nedvesebb, m\u00e9lyr\u00e9teg\u0171 talajokat kedveli, a sz\u00e1razabbakat is elviseli. Er\u0151sen meszes talajra ne \u00fcltess\u00fck.<\/p>\n<p>F\u00e9nyig\u00e9nyes!<br \/>\n<b>Felhaszn\u00e1l\u00e1s:<\/b> Sorf\u00e1nak , szoliternek kit\u0171n\u0151en alkalmas.<br \/>\n<b><\/b><\/p>\n<p>&nbsp;<\/p>\n<p>El\u00e9rhet\u0151 t\u00f6bbf\u00e9le m\u00e9retben \u00e9s \u00e1rban.<\/p>\n<p>Jelen term\u00e9k\u00fcnk 20 literes kont\u00e9nerben kaphat\u00f3 \u00e9s kb: 250\/250 cm magas.<\/p>\n<p><strong>M\u00e9ret\u00e9n\u00e9l fogva postai \u00faton nem sz\u00e1ll\u00edthat\u00f3.<\/strong><\/p>\n<p>&nbsp;<\/p>\n<p><strong>K\u00e9szlet\u00fcnk napi szinten v\u00e1ltozik, ez\u00e9rt k\u00e9rj\u00fck, \u00e9rdekl\u0151dj\u00f6n szem\u00e9lyesen, telefonon vagy email-en.<br \/>\nA v\u00e1ltoztat\u00e1s jog\u00e1t fenntartjuk!\u00a0<\/strong><\/p>\n<p>&nbsp;<\/p>\n<p><a href=\"https:\/\/tajkertesz.com\/\">https:\/\/tajkertesz.com\/<\/a><\/p>\n<p><a href=\"https:\/\/www.facebook.com\/tajkertesz\/\">https:\/\/www.facebook.com\/tajkertesz\/<\/a><\/p>\n<p>Kisz\u00e1ll\u00edt\u00e1s: 200cm-ig \u00a0\u00e9s 40 kg-ig a sz\u00e1ll\u00edt\u00e1s fut\u00e1rszolg\u00e1lattal \u00a0t\u00f6rt\u00e9nik.<\/p>\n<p>Szem\u00e9lyes \u00e1tv\u00e9tel nyitvatart\u00e1si id\u0151ben a 17. ker\u00fclet Bakancsos utca 7. sz\u00e1m alatti Kert\u00e9szeti \u00e1rud\u00e1nkban.<\/p>\n<p>&nbsp;<\/p>\n<p><b>N\u00f6veked\u00e9s, alak:<\/b> 8-12m magas, keskeny, 1,5 2 m sz\u00e9les, oszlopos n\u00f6veked\u00e9s\u0171 sz\u00e9p d\u00edszfa.<br \/>\n<b>Lev\u00e9l:<\/b> 8-15 cm-es, 4 kar\u00e9j\u00fa, jellegzetes, kics\u00edpett cs\u00facs\u00fa s\u00f6t\u00e9tz\u00f6ld sz\u00edn\u0171 , aranys\u00e1rga \u0151szi lombsz\u00edn\u0171.<br \/>\n<b>Vir\u00e1g:<\/b>\u00a0A tulip\u00e1n vir\u00e1gj\u00e1hoz hasonl\u00f3, k\u00e9ns\u00e1rga\/s\u00e1rg\u00e1sz\u00f6ld sz\u00edn\u0171. M\u00e1jus v\u00e9g\u00e9t\u0151l j\u00fanius v\u00e9g\u00e9ig vir\u00e1gzik.<br \/>\n<b>Term\u00e9s:<\/b>\u00a06-7 cm-es, fel\u00e1ll\u00f3, hegyes k\u00fap alak\u00fa, tobozszer\u0171 aszmagcsokor.<br \/>\n<b>Term\u0151hely, ig\u00e9ny:<\/b>\u00a0Az amerikai \u00e1mbraf\u00e1hoz hasonl\u00f3: fagy\u00e1ll\u00f3, de a melegebb, nedvesebb, m\u00e9lyr\u00e9teg\u0171 talajokat kedveli, a sz\u00e1razabbakat is elviseli. Er\u0151sen meszes talajra ne \u00fcltess\u00fck.<\/p>\n<p>&nbsp;<\/p>","protected":false},"excerpt":{"rendered":"<p>A Liriodendron tulipifera &#8216;Fastigiata&#8217; , Oszlopos amerikai tulip\u00e1nfa\u00a0 jellegzetes, kics\u00edpett cs\u00facs\u00fa s\u00f6t\u00e9tz\u00f6ld lev\u00e9l sz\u00edn\u0171 , aranys\u00e1rga \u0151szi lombsz\u00edn\u0171.<\/p>\n<p><b>N\u00f6veked\u00e9s, alak:<\/b> 8-12m magas, keskeny, 1,5 2 m sz\u00e9les, oszlopos n\u00f6veked\u00e9s\u0171 sz\u00e9p d\u00edszfa.<br \/>\n<b>Lev\u00e9l:<\/b> 8-15 cm-es, 4 kar\u00e9j\u00fa, jellegzetes, kics\u00edpett cs\u00facs\u00fa s\u00f6t\u00e9tz\u00f6ld sz\u00edn\u0171 , aranys\u00e1rga \u0151szi lombsz\u00edn\u0171.<br \/>\n<b>Vir\u00e1g:<\/b>\u00a0A tulip\u00e1n vir\u00e1gj\u00e1hoz hasonl\u00f3, k\u00e9ns\u00e1rga\/s\u00e1rg\u00e1sz\u00f6ld sz\u00edn\u0171. M\u00e1jus v\u00e9g\u00e9t\u0151l j\u00fanius v\u00e9g\u00e9ig vir\u00e1gzik.<br \/>\n<b>Term\u00e9s:<\/b>\u00a06-7 cm-es, fel\u00e1ll\u00f3, hegyes k\u00fap alak\u00fa, tobozszer\u0171 aszmagcsokor.<br \/>\n<b>Term\u0151hely, ig\u00e9ny:<\/b>\u00a0Az amerikai \u00e1mbraf\u00e1hoz hasonl\u00f3: fagy\u00e1ll\u00f3, de a melegebb, nedvesebb, m\u00e9lyr\u00e9teg\u0171 talajokat kedveli, a sz\u00e1razabbakat is elviseli. Er\u0151sen meszes talajra ne \u00fcltess\u00fck.<\/p>\n<p>F\u00e9nyig\u00e9nyes!<br \/>\n<b>Felhaszn\u00e1l\u00e1s:<\/b> Sorf\u00e1nak , szoliternek kit\u0171n\u0151en alkalmas.<\/p>\n<p>Jelen term\u00e9k\u00fcnk 20 literes kont\u00e9nerben kaphat\u00f3 \u00e9s kb: 250\/250 cm magas.<\/p>\n<p><strong>M\u00e9ret\u00e9n\u00e9l fogva postai \u00faton nem sz\u00e1ll\u00edthat\u00f3.<\/strong><\/p>\n<p>&nbsp;<\/p>","protected":false},"featured_media":2116,"template":"","meta":{"_et_pb_use_builder":"","_et_pb_old_content":"","_et_gb_content_width":""},"product_brand":[],"product_cat":[28],"product_tag":[669,684,87],"class_list":{"0":"post-2114","1":"product","2":"type-product","3":"status-publish","4":"has-post-thumbnail","6":"product_cat-diszfak","7":"product_tag-liriodendron-tulipifera-fastigiata","8":"product_tag-oszlopos-amerikai-tulipanfa","9":"product_tag-tulipanfa","11":"first","12":"instock","13":"shipping-taxable","14":"purchasable","15":"product-type-simple"},"yoast_head":"<!-- This site is optimized with the Yoast SEO plugin v27.5 - https:\/\/yoast.com\/product\/yoast-seo-wordpress\/ -->\n<title>Liriodendron tulipifera &#039;Fastigiata&#039; , Oszlopos amerikai tulip\u00e1nfa - T\u00e1jkert\u00e9sz<\/title>\n<meta name=\"description\" content=\"A Liriodendron tulipifera &#039;Fastigiata&#039; , Oszlopos amerikai tulip\u00e1nfa\u00a0 jellegzetes, kics\u00edpett cs\u00facs\u00fa s\u00f6t\u00e9tz\u00f6ld lev\u00e9l , \u0151sszel aranys\u00e1rga sz\u00edn\u0171.\" \/>\n<meta name=\"robots\" content=\"index, follow, max-snippet:-1, max-image-preview:large, max-video-preview:-1\" \/>\n<link rel=\"canonical\" href=\"https:\/\/tajkertesz.com\/en_US\/product\/liriodendron-tulipifera-fastigiata\/\" \/>\n<meta property=\"og:locale\" content=\"en_US\" \/>\n<meta property=\"og:type\" content=\"article\" \/>\n<meta property=\"og:title\" content=\"Liriodendron tulipifera &#039;Fastigiata&#039; , Oszlopos amerikai tulip\u00e1nfa - T\u00e1jkert\u00e9sz\" \/>\n<meta property=\"og:description\" content=\"A Liriodendron tulipifera &#039;Fastigiata&#039; , Oszlopos amerikai tulip\u00e1nfa\u00a0 jellegzetes, kics\u00edpett cs\u00facs\u00fa s\u00f6t\u00e9tz\u00f6ld lev\u00e9l , \u0151sszel aranys\u00e1rga sz\u00edn\u0171.\" \/>\n<meta property=\"og:url\" content=\"https:\/\/tajkertesz.com\/en_US\/product\/liriodendron-tulipifera-fastigiata\/\" \/>\n<meta property=\"og:site_name\" content=\"T\u00e1jkert\u00e9sz\" \/>\n<meta property=\"article:publisher\" content=\"https:\/\/www.facebook.com\/Tajkertesz\/\" \/>\n<meta property=\"article:modified_time\" content=\"2024-09-19T10:20:11+00:00\" \/>\n<meta property=\"og:image\" content=\"https:\/\/tajkertesz.com\/wp-content\/uploads\/2020\/08\/liriodendron-tulipifera-Fastigiata-1.png\" \/>\n\t<meta property=\"og:image:width\" content=\"376\" \/>\n\t<meta property=\"og:image:height\" content=\"804\" \/>\n\t<meta property=\"og:image:type\" content=\"image\/png\" \/>\n<meta name=\"twitter:card\" content=\"summary_large_image\" \/>\n<meta name=\"twitter:label1\" content=\"Est. reading time\" \/>\n\t<meta name=\"twitter:data1\" content=\"2 minutes\" \/>\n<script type=\"application\/ld+json\" class=\"yoast-schema-graph\">{\"@context\":\"https:\\\/\\\/schema.org\",\"@graph\":[{\"@type\":\"WebPage\",\"@id\":\"https:\\\/\\\/tajkertesz.com\\\/termek\\\/liriodendron-tulipifera-fastigiata\\\/\",\"url\":\"https:\\\/\\\/tajkertesz.com\\\/termek\\\/liriodendron-tulipifera-fastigiata\\\/\",\"name\":\"Liriodendron tulipifera 'Fastigiata' , Oszlopos amerikai tulip\u00e1nfa - T\u00e1jkert\u00e9sz\",\"isPartOf\":{\"@id\":\"https:\\\/\\\/tajkertesz.com\\\/#website\"},\"primaryImageOfPage\":{\"@id\":\"https:\\\/\\\/tajkertesz.com\\\/termek\\\/liriodendron-tulipifera-fastigiata\\\/#primaryimage\"},\"image\":{\"@id\":\"https:\\\/\\\/tajkertesz.com\\\/termek\\\/liriodendron-tulipifera-fastigiata\\\/#primaryimage\"},\"thumbnailUrl\":\"https:\\\/\\\/tajkertesz.com\\\/wp-content\\\/uploads\\\/2020\\\/08\\\/liriodendron-tulipifera-Fastigiata-1.png\",\"datePublished\":\"2020-09-04T11:47:50+00:00\",\"dateModified\":\"2024-09-19T10:20:11+00:00\",\"description\":\"A Liriodendron tulipifera 'Fastigiata' , Oszlopos amerikai tulip\u00e1nfa\u00a0 jellegzetes, kics\u00edpett cs\u00facs\u00fa s\u00f6t\u00e9tz\u00f6ld lev\u00e9l , \u0151sszel aranys\u00e1rga sz\u00edn\u0171.\",\"breadcrumb\":{\"@id\":\"https:\\\/\\\/tajkertesz.com\\\/termek\\\/liriodendron-tulipifera-fastigiata\\\/#breadcrumb\"},\"inLanguage\":\"en-US\",\"potentialAction\":[{\"@type\":\"ReadAction\",\"target\":[\"https:\\\/\\\/tajkertesz.com\\\/termek\\\/liriodendron-tulipifera-fastigiata\\\/\"]}]},{\"@type\":\"ImageObject\",\"inLanguage\":\"en-US\",\"@id\":\"https:\\\/\\\/tajkertesz.com\\\/termek\\\/liriodendron-tulipifera-fastigiata\\\/#primaryimage\",\"url\":\"https:\\\/\\\/tajkertesz.com\\\/wp-content\\\/uploads\\\/2020\\\/08\\\/liriodendron-tulipifera-Fastigiata-1.png\",\"contentUrl\":\"https:\\\/\\\/tajkertesz.com\\\/wp-content\\\/uploads\\\/2020\\\/08\\\/liriodendron-tulipifera-Fastigiata-1.png\",\"width\":376,\"height\":804},{\"@type\":\"BreadcrumbList\",\"@id\":\"https:\\\/\\\/tajkertesz.com\\\/termek\\\/liriodendron-tulipifera-fastigiata\\\/#breadcrumb\",\"itemListElement\":[{\"@type\":\"ListItem\",\"position\":1,\"name\":\"Home\",\"item\":\"https:\\\/\\\/tajkertesz.com\\\/\"},{\"@type\":\"ListItem\",\"position\":2,\"name\":\"Kezd\u0151lap\",\"item\":\"https:\\\/\\\/tajkertesz.com\\\/\"},{\"@type\":\"ListItem\",\"position\":3,\"name\":\"Liriodendron tulipifera &#8216;Fastigiata&#8217; , Oszlopos amerikai tulip\u00e1nfa\"}]},{\"@type\":\"WebSite\",\"@id\":\"https:\\\/\\\/tajkertesz.com\\\/#website\",\"url\":\"https:\\\/\\\/tajkertesz.com\\\/\",\"name\":\"T\u00e1j-Kert\u00e9sz 84 Kft.\",\"description\":\"Kert\u00e9szeti kis- \u00e9s nagykeresked\u00e9s, D\u00edszn\u00f6v\u00e9ny web\u00e1ruh\u00e1z orsz\u00e1gos h\u00e1zhozsz\u00e1ll\u00edt\u00e1ssal!\",\"publisher\":{\"@id\":\"https:\\\/\\\/tajkertesz.com\\\/#organization\"},\"potentialAction\":[{\"@type\":\"SearchAction\",\"target\":{\"@type\":\"EntryPoint\",\"urlTemplate\":\"https:\\\/\\\/tajkertesz.com\\\/?s={search_term_string}\"},\"query-input\":{\"@type\":\"PropertyValueSpecification\",\"valueRequired\":true,\"valueName\":\"search_term_string\"}}],\"inLanguage\":\"en-US\"},{\"@type\":\"Organization\",\"@id\":\"https:\\\/\\\/tajkertesz.com\\\/#organization\",\"name\":\"T\u00e1j-Kert\u00e9sz 84 Kft.\",\"url\":\"https:\\\/\\\/tajkertesz.com\\\/\",\"logo\":{\"@type\":\"ImageObject\",\"inLanguage\":\"en-US\",\"@id\":\"https:\\\/\\\/tajkertesz.com\\\/#\\\/schema\\\/logo\\\/image\\\/\",\"url\":\"https:\\\/\\\/tajkertesz.com\\\/wp-content\\\/uploads\\\/2018\\\/02\\\/logo-2-e1518678052539.png\",\"contentUrl\":\"https:\\\/\\\/tajkertesz.com\\\/wp-content\\\/uploads\\\/2018\\\/02\\\/logo-2-e1518678052539.png\",\"width\":81,\"height\":140,\"caption\":\"T\u00e1j-Kert\u00e9sz 84 Kft.\"},\"image\":{\"@id\":\"https:\\\/\\\/tajkertesz.com\\\/#\\\/schema\\\/logo\\\/image\\\/\"},\"sameAs\":[\"https:\\\/\\\/www.facebook.com\\\/Tajkertesz\\\/\"]}]}<\/script>\n<!-- \/ Yoast SEO plugin. -->","yoast_head_json":{"title":"Liriodendron tulipifera 'Fastigiata' , Oszlopos amerikai tulip\u00e1nfa - T\u00e1jkert\u00e9sz","description":"A Liriodendron tulipifera 'Fastigiata' , Oszlopos amerikai tulip\u00e1nfa\u00a0 jellegzetes, kics\u00edpett cs\u00facs\u00fa s\u00f6t\u00e9tz\u00f6ld lev\u00e9l , \u0151sszel aranys\u00e1rga sz\u00edn\u0171.","robots":{"index":"index","follow":"follow","max-snippet":"max-snippet:-1","max-image-preview":"max-image-preview:large","max-video-preview":"max-video-preview:-1"},"canonical":"https:\/\/tajkertesz.com\/en_US\/product\/liriodendron-tulipifera-fastigiata\/","og_locale":"en_US","og_type":"article","og_title":"Liriodendron tulipifera 'Fastigiata' , Oszlopos amerikai tulip\u00e1nfa - T\u00e1jkert\u00e9sz","og_description":"A Liriodendron tulipifera 'Fastigiata' , Oszlopos amerikai tulip\u00e1nfa\u00a0 jellegzetes, kics\u00edpett cs\u00facs\u00fa s\u00f6t\u00e9tz\u00f6ld lev\u00e9l , \u0151sszel aranys\u00e1rga sz\u00edn\u0171.","og_url":"https:\/\/tajkertesz.com\/en_US\/product\/liriodendron-tulipifera-fastigiata\/","og_site_name":"T\u00e1jkert\u00e9sz","article_publisher":"https:\/\/www.facebook.com\/Tajkertesz\/","article_modified_time":"2024-09-19T10:20:11+00:00","og_image":[{"width":376,"height":804,"url":"https:\/\/tajkertesz.com\/wp-content\/uploads\/2020\/08\/liriodendron-tulipifera-Fastigiata-1.png","type":"image\/png"}],"twitter_card":"summary_large_image","twitter_misc":{"Est. reading time":"2 minutes"},"schema":{"@context":"https:\/\/schema.org","@graph":[{"@type":"WebPage","@id":"https:\/\/tajkertesz.com\/termek\/liriodendron-tulipifera-fastigiata\/","url":"https:\/\/tajkertesz.com\/termek\/liriodendron-tulipifera-fastigiata\/","name":"Liriodendron tulipifera 'Fastigiata' , Oszlopos amerikai tulip\u00e1nfa - T\u00e1jkert\u00e9sz","isPartOf":{"@id":"https:\/\/tajkertesz.com\/#website"},"primaryImageOfPage":{"@id":"https:\/\/tajkertesz.com\/termek\/liriodendron-tulipifera-fastigiata\/#primaryimage"},"image":{"@id":"https:\/\/tajkertesz.com\/termek\/liriodendron-tulipifera-fastigiata\/#primaryimage"},"thumbnailUrl":"https:\/\/tajkertesz.com\/wp-content\/uploads\/2020\/08\/liriodendron-tulipifera-Fastigiata-1.png","datePublished":"2020-09-04T11:47:50+00:00","dateModified":"2024-09-19T10:20:11+00:00","description":"A Liriodendron tulipifera 'Fastigiata' , Oszlopos amerikai tulip\u00e1nfa\u00a0 jellegzetes, kics\u00edpett cs\u00facs\u00fa s\u00f6t\u00e9tz\u00f6ld lev\u00e9l , \u0151sszel aranys\u00e1rga sz\u00edn\u0171.","breadcrumb":{"@id":"https:\/\/tajkertesz.com\/termek\/liriodendron-tulipifera-fastigiata\/#breadcrumb"},"inLanguage":"en-US","potentialAction":[{"@type":"ReadAction","target":["https:\/\/tajkertesz.com\/termek\/liriodendron-tulipifera-fastigiata\/"]}]},{"@type":"ImageObject","inLanguage":"en-US","@id":"https:\/\/tajkertesz.com\/termek\/liriodendron-tulipifera-fastigiata\/#primaryimage","url":"https:\/\/tajkertesz.com\/wp-content\/uploads\/2020\/08\/liriodendron-tulipifera-Fastigiata-1.png","contentUrl":"https:\/\/tajkertesz.com\/wp-content\/uploads\/2020\/08\/liriodendron-tulipifera-Fastigiata-1.png","width":376,"height":804},{"@type":"BreadcrumbList","@id":"https:\/\/tajkertesz.com\/termek\/liriodendron-tulipifera-fastigiata\/#breadcrumb","itemListElement":[{"@type":"ListItem","position":1,"name":"Home","item":"https:\/\/tajkertesz.com\/"},{"@type":"ListItem","position":2,"name":"Kezd\u0151lap","item":"https:\/\/tajkertesz.com\/"},{"@type":"ListItem","position":3,"name":"Liriodendron tulipifera &#8216;Fastigiata&#8217; , Oszlopos amerikai tulip\u00e1nfa"}]},{"@type":"WebSite","@id":"https:\/\/tajkertesz.com\/#website","url":"https:\/\/tajkertesz.com\/","name":"T\u00e1j-Kert\u00e9sz 84 Kft.","description":"Kert\u00e9szeti kis- \u00e9s nagykeresked\u00e9s, D\u00edszn\u00f6v\u00e9ny web\u00e1ruh\u00e1z orsz\u00e1gos h\u00e1zhozsz\u00e1ll\u00edt\u00e1ssal!","publisher":{"@id":"https:\/\/tajkertesz.com\/#organization"},"potentialAction":[{"@type":"SearchAction","target":{"@type":"EntryPoint","urlTemplate":"https:\/\/tajkertesz.com\/?s={search_term_string}"},"query-input":{"@type":"PropertyValueSpecification","valueRequired":true,"valueName":"search_term_string"}}],"inLanguage":"en-US"},{"@type":"Organization","@id":"https:\/\/tajkertesz.com\/#organization","name":"T\u00e1j-Kert\u00e9sz 84 Kft.","url":"https:\/\/tajkertesz.com\/","logo":{"@type":"ImageObject","inLanguage":"en-US","@id":"https:\/\/tajkertesz.com\/#\/schema\/logo\/image\/","url":"https:\/\/tajkertesz.com\/wp-content\/uploads\/2018\/02\/logo-2-e1518678052539.png","contentUrl":"https:\/\/tajkertesz.com\/wp-content\/uploads\/2018\/02\/logo-2-e1518678052539.png","width":81,"height":140,"caption":"T\u00e1j-Kert\u00e9sz 84 Kft."},"image":{"@id":"https:\/\/tajkertesz.com\/#\/schema\/logo\/image\/"},"sameAs":["https:\/\/www.facebook.com\/Tajkertesz\/"]}]}},"_links":{"self":[{"href":"https:\/\/tajkertesz.com\/en_US\/wp-json\/wp\/v2\/product\/2114","targetHints":{"allow":["GET"]}}],"collection":[{"href":"https:\/\/tajkertesz.com\/en_US\/wp-json\/wp\/v2\/product"}],"about":[{"href":"https:\/\/tajkertesz.com\/en_US\/wp-json\/wp\/v2\/types\/product"}],"wp:featuredmedia":[{"embeddable":true,"href":"https:\/\/tajkertesz.com\/en_US\/wp-json\/wp\/v2\/media\/2116"}],"wp:attachment":[{"href":"https:\/\/tajkertesz.com\/en_US\/wp-json\/wp\/v2\/media?parent=2114"}],"wp:term":[{"taxonomy":"product_brand","embeddable":true,"href":"https:\/\/tajkertesz.com\/en_US\/wp-json\/wp\/v2\/product_brand?post=2114"},{"taxonomy":"product_cat","embeddable":true,"href":"https:\/\/tajkertesz.com\/en_US\/wp-json\/wp\/v2\/product_cat?post=2114"},{"taxonomy":"product_tag","embeddable":true,"href":"https:\/\/tajkertesz.com\/en_US\/wp-json\/wp\/v2\/product_tag?post=2114"}],"curies":[{"name":"wp","href":"https:\/\/api.w.org\/{rel}","templated":true}]}}