{"id":21144,"date":"2024-09-29T06:30:38","date_gmt":"2024-09-29T06:30:38","guid":{"rendered":"https:\/\/tajkertesz.com\/?post_type=product&#038;p=21144"},"modified":"2026-02-25T10:25:15","modified_gmt":"2026-02-25T10:25:15","slug":"pinus-mugo-benjamin-torzses-havasi-torpefenyo","status":"publish","type":"product","link":"https:\/\/tajkertesz.com\/en_US\/product\/pinus-mugo-benjamin-torzses-havasi-torpefenyo\/","title":{"rendered":"Pinus mugo &#8216;Benjamin &#8211; T\u00f6rzses havasi t\u00f6rpefeny\u0151"},"content":{"rendered":"<h1>Pinus mugo &#8216;Benjamin&#8217; &#8211; T\u00f6rzses havasi t\u00f6rpefeny\u0151<\/h1>\n<p>A\u00a0<strong>Pinus mugo \u2018Benjamin\u2019<\/strong>, vagyis a t\u00f6rzses havasi t\u00f6rpefeny\u0151, egy k\u00fcl\u00f6nleges, alacsony n\u00f6veked\u00e9s\u0171 \u00f6r\u00f6kz\u00f6ld fajta, amely ide\u00e1lis v\u00e1laszt\u00e1s lehet kertekbe,\u00a0 vagy ak\u00e1r d\u00e9zs\u00e1ba is.<\/p>\n<h2>A Pinus mugo &#8216;Benjamin&#8217; &#8211; T\u00f6rzses havasi t\u00f6rpefeny\u0151 f\u0151bb jellemz\u0151i<\/h2>\n<ul>\n<li><strong>N\u00f6veked\u00e9si forma:<\/strong> Lombja p\u00e1rnaszer\u0171, terjed\u0151 habitus\u00fa, kb. 40 cm magasra n\u0151.<\/li>\n<li><strong>Lomb<\/strong>: A t\u0171levelek vil\u00e1gosz\u00f6ldek, k\u00f6r\u00fclbel\u00fcl 3-4 cm hossz\u00faak.<\/li>\n<li><strong>Fiatal hajt\u00e1sok<\/strong>: A fiatal hajt\u00e1sok vil\u00e1gos sz\u00fcrke sz\u00edn\u0171ek, ami k\u00fcl\u00f6nleges sz\u00ednkontrasztot ad.<\/li>\n<li>Talajig\u00e9ny: Nem ig\u00e9nyes a talajra.<\/li>\n<li>Ez a fajta k\u00fcl\u00f6n\u00f6sen \u00e9rt\u00e9kes sz\u00edv\u00f3ss\u00e1ga \u00e9s ellen\u00e1ll\u00f3s\u00e1ga miatt, k\u00e9pes meg\u00e9lni a legsz\u00e9ls\u0151s\u00e9gesebb talaj- \u00e9s \u00e9ghajlati viszonyok k\u00f6z\u00f6tt is, ha elegend\u0151 f\u00e9nyt \u00e9s vizet kap.<\/li>\n<\/ul>\n<p>&nbsp;<\/p>\n<h3>Gondoz\u00e1sa<\/h3>\n<ul>\n<li><strong>Talaj<\/strong>: J\u00f3l \u00e9rzi mag\u00e1t a j\u00f3 v\u00edzelvezet\u00e9s\u0171, homokos vagy kavicsos talajban. Az \u00e1ltal\u00e1nos kerti f\u00f6ld is megfelel\u0151, de a t\u00fal nedves talajt ker\u00fclni kell.<\/li>\n<li><strong>\u00dcltet\u00e9s<\/strong>: \u00dcltess\u00fck napos helyre, mert a napf\u00e9ny seg\u00edti a n\u00f6veked\u00e9s\u00e9t \u00e9s a t\u0171levelek sz\u00e9p sz\u00edn\u00e9nek meg\u0151rz\u00e9s\u00e9t.<\/li>\n<li><strong>Fiatal n\u00f6v\u00e9nyek<\/strong>: Az els\u0151 \u00e9vben rendszeresen \u00f6nt\u00f6zz\u00fck, hogy a gy\u00f6kerek j\u00f3l meger\u0151s\u00f6djenek.<\/li>\n<li><strong>\u00c9rett n\u00f6v\u00e9nyek<\/strong>: K\u00e9s\u0151bb m\u00e1r csak sz\u00e1raz id\u0151szakokban ig\u00e9nyel \u00f6nt\u00f6z\u00e9st, mivel j\u00f3l t\u0171ri a sz\u00e1razs\u00e1got.<\/li>\n<li><strong>Metsz\u00e9s<\/strong>: Nem ig\u00e9nyel metsz\u00e9st, a tavaszi id\u0151szak a legalkalmasabb, hogy elt\u00e1vol\u00edtsuk a s\u00e9r\u00fclt vagy elhalt \u00e1gakat.<\/li>\n<li><strong>T\u00e1panyag<\/strong>: Tavasszal \u00e9rdemes lassan old\u00f3d\u00f3 m\u0171tr\u00e1gy\u00e1val megtr\u00e1gy\u00e1zni, hogy biztos\u00edtsuk a megfelel\u0151 t\u00e1panyagell\u00e1t\u00e1st.<\/li>\n<li><strong>T\u00e9lies\u00edt\u00e9s<\/strong>: A Pinus mugo \u2018Benjamin\u2019 j\u00f3l t\u0171ri a hideget, de ha kont\u00e9nerben tartod, \u00e9rdemes a gy\u00f6kereket v\u00e9deni a fagyokt\u00f3l.<\/li>\n<\/ul>\n<h4>A t\u00f6rpefeny\u0151 \u00fcltet\u00e9se<\/h4>\n<p>V\u00e1lasszunk ki egy napos vagy f\u00e9l\u00e1rny\u00e9kos helyet, a n\u00f6v\u00e9ny j\u00f3l t\u0171ri a k\u00fcl\u00f6nb\u00f6z\u0151 talajt\u00edpusokat, de a legjobban a kiss\u00e9 savas vagy semleges pH-\u00e9rt\u00e9k\u0171 talajban fejl\u0151dik. A legjobb id\u0151szak az \u00fcltet\u00e9sre a kora tavasz vagy az \u0151sz, amikor a talaj m\u00e9g meleg, de a h\u0151m\u00e9rs\u00e9klet nem t\u00fal magas. \u00c1ssunk egy g\u00f6dr\u00f6t, amely k\u00e9tszer olyan sz\u00e9les \u00e9s m\u00e9ly, mint a n\u00f6v\u00e9ny gy\u00f6k\u00e9rlabd\u00e1ja. Ez seg\u00edt a gy\u00f6kereknek k\u00f6nnyebben elterjedni. Helyezz\u00fck a n\u00f6v\u00e9nyt a g\u00f6d\u00f6rbe \u00fagy, hogy a gy\u00f6k\u00e9rlabda teteje egy szintben legyen a talajfelsz\u00ednnel. T\u00f6lts\u00fck vissza a f\u00f6ldet, \u00e9s \u00f3vatosan nyomkodjuk le, hogy megszabaduljunk a l\u00e9gbubor\u00e9kokt\u00f3l. Alaposan \u00f6nt\u00f6zz\u00fck meg az \u00fcltet\u00e9s ut\u00e1n, \u00e9s tartsuk a talajt nedvesen, am\u00edg a n\u00f6v\u00e9ny meg nem er\u0151s\u00f6dik. \u00dcgyelj arra, hogy ne \u00f6nt\u00f6zd t\u00fal, mert a t\u00fal sok v\u00edz k\u00e1ros\u00edthatja a gy\u00f6kereket. \u00c9rdemes egy r\u00e9teg mulcsot ter\u00edteni a n\u00f6v\u00e9ny k\u00f6r\u00e9, hogy meg\u0151rizze a talaj nedvess\u00e9g\u00e9t \u00e9s megakad\u00e1lyozza a gyomok n\u00f6veked\u00e9s\u00e9t.<\/p>\n<p>&nbsp;<\/p>\n<p><strong>K\u00e9szlet\u00fcnk napi szinten v\u00e1ltozik, ez\u00e9rt k\u00e9rj\u00fck, \u00e9rdekl\u0151dj\u00f6n szem\u00e9lyesen, telefonon vagy email-en.<br \/>\nA v\u00e1ltoztat\u00e1s jog\u00e1t fenntartjuk!\u00a0<\/strong><\/p>\n<p>&nbsp;<\/p>\n<p><a href=\"https:\/\/tajkertesz.com\/\">https:\/\/tajkertesz.com\/<\/a><\/p>\n<p><a href=\"https:\/\/www.facebook.com\/tajkertesz\/\">https:\/\/www.facebook.com\/tajkertesz\/<\/a><\/p>\n<p>Kisz\u00e1ll\u00edt\u00e1s: 200cm-ig \u00a0\u00e9s 40 kg-ig a sz\u00e1ll\u00edt\u00e1s fut\u00e1rszolg\u00e1lattal \u00a0t\u00f6rt\u00e9nik.<\/p>\n<p>Szem\u00e9lyes \u00e1tv\u00e9tel nyitvatart\u00e1si id\u0151ben a 17. ker\u00fclet Bakancsos utca 7. sz\u00e1m alatti Kert\u00e9szeti \u00e1rud\u00e1ban.<\/p>","protected":false},"excerpt":{"rendered":"<h1>Pinus mugo &#8216;Benjamin&#8217; &#8211; T\u00f6rzses havasi t\u00f6rpefeny\u0151<\/h1>\n<p>A\u00a0<strong>Pinus mugo \u2018Benjamin\u2019<\/strong>, vagyis a t\u00f6rzses havasi t\u00f6rpefeny\u0151, egy k\u00fcl\u00f6nleges, alacsony n\u00f6veked\u00e9s\u0171 \u00f6r\u00f6kz\u00f6ld fajta, amely ide\u00e1lis v\u00e1laszt\u00e1s lehet kertekbe,\u00a0 vagy ak\u00e1r d\u00e9zs\u00e1ba is.<\/p>","protected":false},"featured_media":21146,"template":"","meta":{"_et_pb_use_builder":"","_et_pb_old_content":"","_et_gb_content_width":""},"product_brand":[],"product_cat":[26],"product_tag":[24,4403,5306,5308,5307],"class_list":{"0":"post-21144","1":"product","2":"type-product","3":"status-publish","4":"has-post-thumbnail","6":"product_cat-orokzold-novenyek","7":"product_tag-orokzold","8":"product_tag-pinus","9":"product_tag-pinus-mugo","10":"product_tag-pinus-mugo-benjamin","11":"product_tag-torpefenyo","13":"first","14":"instock","15":"shipping-taxable","16":"purchasable","17":"product-type-simple"},"yoast_head":"<!-- This site is optimized with the Yoast SEO plugin v27.3 - https:\/\/yoast.com\/product\/yoast-seo-wordpress\/ -->\n<title>Pinus mugo &#039;Benjamin - T\u00f6rzses havasi t\u00f6rpefeny\u0151 - T\u00e1jkert\u00e9sz<\/title>\n<meta name=\"description\" content=\"Pinus mugo &#039;Benjamin&#039; - T\u00f6rzses havasi t\u00f6rpefeny\u0151, egy k\u00fcl\u00f6nleges, alacsony n\u00f6veked\u00e9s\u0171 \u00f6r\u00f6kz\u00f6ld fajta, 40cm magas, s\u0171r\u0171 \u00e1grendszer\u0171 \u00f6r\u00f6kz\u00f6ld\" \/>\n<meta name=\"robots\" content=\"index, follow, max-snippet:-1, max-image-preview:large, max-video-preview:-1\" \/>\n<link rel=\"canonical\" href=\"https:\/\/tajkertesz.com\/en_US\/product\/pinus-mugo-benjamin-torzses-havasi-torpefenyo\/\" \/>\n<meta property=\"og:locale\" content=\"en_US\" \/>\n<meta property=\"og:type\" content=\"article\" \/>\n<meta property=\"og:title\" content=\"Pinus mugo &#039;Benjamin - T\u00f6rzses havasi t\u00f6rpefeny\u0151 - T\u00e1jkert\u00e9sz\" \/>\n<meta property=\"og:description\" content=\"Pinus mugo &#039;Benjamin&#039; - T\u00f6rzses havasi t\u00f6rpefeny\u0151, egy k\u00fcl\u00f6nleges, alacsony n\u00f6veked\u00e9s\u0171 \u00f6r\u00f6kz\u00f6ld fajta, 40cm magas, s\u0171r\u0171 \u00e1grendszer\u0171 \u00f6r\u00f6kz\u00f6ld\" \/>\n<meta property=\"og:url\" content=\"https:\/\/tajkertesz.com\/en_US\/product\/pinus-mugo-benjamin-torzses-havasi-torpefenyo\/\" \/>\n<meta property=\"og:site_name\" content=\"T\u00e1jkert\u00e9sz\" \/>\n<meta property=\"article:publisher\" content=\"https:\/\/www.facebook.com\/Tajkertesz\/\" \/>\n<meta property=\"article:modified_time\" content=\"2026-02-25T10:25:15+00:00\" \/>\n<meta property=\"og:image\" content=\"https:\/\/tajkertesz.com\/wp-content\/uploads\/2024\/09\/20240925_121419-scaled.jpg\" \/>\n\t<meta property=\"og:image:width\" content=\"1920\" \/>\n\t<meta property=\"og:image:height\" content=\"2560\" \/>\n\t<meta property=\"og:image:type\" content=\"image\/jpeg\" \/>\n<meta name=\"twitter:card\" content=\"summary_large_image\" \/>\n<meta name=\"twitter:label1\" content=\"Est. reading time\" \/>\n\t<meta name=\"twitter:data1\" content=\"3 minutes\" \/>\n<script type=\"application\/ld+json\" class=\"yoast-schema-graph\">{\"@context\":\"https:\\\/\\\/schema.org\",\"@graph\":[{\"@type\":\"WebPage\",\"@id\":\"https:\\\/\\\/tajkertesz.com\\\/termek\\\/pinus-mugo-benjamin-torzses-havasi-torpefenyo\\\/\",\"url\":\"https:\\\/\\\/tajkertesz.com\\\/termek\\\/pinus-mugo-benjamin-torzses-havasi-torpefenyo\\\/\",\"name\":\"Pinus mugo 'Benjamin - T\u00f6rzses havasi t\u00f6rpefeny\u0151 - T\u00e1jkert\u00e9sz\",\"isPartOf\":{\"@id\":\"https:\\\/\\\/tajkertesz.com\\\/#website\"},\"primaryImageOfPage\":{\"@id\":\"https:\\\/\\\/tajkertesz.com\\\/termek\\\/pinus-mugo-benjamin-torzses-havasi-torpefenyo\\\/#primaryimage\"},\"image\":{\"@id\":\"https:\\\/\\\/tajkertesz.com\\\/termek\\\/pinus-mugo-benjamin-torzses-havasi-torpefenyo\\\/#primaryimage\"},\"thumbnailUrl\":\"https:\\\/\\\/tajkertesz.com\\\/wp-content\\\/uploads\\\/2024\\\/09\\\/20240925_121419-scaled.jpg\",\"datePublished\":\"2024-09-29T06:30:38+00:00\",\"dateModified\":\"2026-02-25T10:25:15+00:00\",\"description\":\"Pinus mugo 'Benjamin' - T\u00f6rzses havasi t\u00f6rpefeny\u0151, egy k\u00fcl\u00f6nleges, alacsony n\u00f6veked\u00e9s\u0171 \u00f6r\u00f6kz\u00f6ld fajta, 40cm magas, s\u0171r\u0171 \u00e1grendszer\u0171 \u00f6r\u00f6kz\u00f6ld\",\"breadcrumb\":{\"@id\":\"https:\\\/\\\/tajkertesz.com\\\/termek\\\/pinus-mugo-benjamin-torzses-havasi-torpefenyo\\\/#breadcrumb\"},\"inLanguage\":\"en-US\",\"potentialAction\":[{\"@type\":\"ReadAction\",\"target\":[\"https:\\\/\\\/tajkertesz.com\\\/termek\\\/pinus-mugo-benjamin-torzses-havasi-torpefenyo\\\/\"]}]},{\"@type\":\"ImageObject\",\"inLanguage\":\"en-US\",\"@id\":\"https:\\\/\\\/tajkertesz.com\\\/termek\\\/pinus-mugo-benjamin-torzses-havasi-torpefenyo\\\/#primaryimage\",\"url\":\"https:\\\/\\\/tajkertesz.com\\\/wp-content\\\/uploads\\\/2024\\\/09\\\/20240925_121419-scaled.jpg\",\"contentUrl\":\"https:\\\/\\\/tajkertesz.com\\\/wp-content\\\/uploads\\\/2024\\\/09\\\/20240925_121419-scaled.jpg\",\"width\":1920,\"height\":2560,\"caption\":\"Pinus mugo 'Benjamin - Havasi t\u00f6rpefeny\u0151\"},{\"@type\":\"BreadcrumbList\",\"@id\":\"https:\\\/\\\/tajkertesz.com\\\/termek\\\/pinus-mugo-benjamin-torzses-havasi-torpefenyo\\\/#breadcrumb\",\"itemListElement\":[{\"@type\":\"ListItem\",\"position\":1,\"name\":\"Home\",\"item\":\"https:\\\/\\\/tajkertesz.com\\\/\"},{\"@type\":\"ListItem\",\"position\":2,\"name\":\"Kezd\u0151lap\",\"item\":\"https:\\\/\\\/tajkertesz.com\\\/\"},{\"@type\":\"ListItem\",\"position\":3,\"name\":\"Pinus mugo &#8216;Benjamin &#8211; T\u00f6rzses havasi t\u00f6rpefeny\u0151\"}]},{\"@type\":\"WebSite\",\"@id\":\"https:\\\/\\\/tajkertesz.com\\\/#website\",\"url\":\"https:\\\/\\\/tajkertesz.com\\\/\",\"name\":\"T\u00e1j-Kert\u00e9sz 84 Kft.\",\"description\":\"Kert\u00e9szeti kis- \u00e9s nagykeresked\u00e9s, D\u00edszn\u00f6v\u00e9ny web\u00e1ruh\u00e1z orsz\u00e1gos h\u00e1zhozsz\u00e1ll\u00edt\u00e1ssal!\",\"publisher\":{\"@id\":\"https:\\\/\\\/tajkertesz.com\\\/#organization\"},\"potentialAction\":[{\"@type\":\"SearchAction\",\"target\":{\"@type\":\"EntryPoint\",\"urlTemplate\":\"https:\\\/\\\/tajkertesz.com\\\/?s={search_term_string}\"},\"query-input\":{\"@type\":\"PropertyValueSpecification\",\"valueRequired\":true,\"valueName\":\"search_term_string\"}}],\"inLanguage\":\"en-US\"},{\"@type\":\"Organization\",\"@id\":\"https:\\\/\\\/tajkertesz.com\\\/#organization\",\"name\":\"T\u00e1j-Kert\u00e9sz 84 Kft.\",\"url\":\"https:\\\/\\\/tajkertesz.com\\\/\",\"logo\":{\"@type\":\"ImageObject\",\"inLanguage\":\"en-US\",\"@id\":\"https:\\\/\\\/tajkertesz.com\\\/#\\\/schema\\\/logo\\\/image\\\/\",\"url\":\"https:\\\/\\\/tajkertesz.com\\\/wp-content\\\/uploads\\\/2018\\\/02\\\/logo-2-e1518678052539.png\",\"contentUrl\":\"https:\\\/\\\/tajkertesz.com\\\/wp-content\\\/uploads\\\/2018\\\/02\\\/logo-2-e1518678052539.png\",\"width\":81,\"height\":140,\"caption\":\"T\u00e1j-Kert\u00e9sz 84 Kft.\"},\"image\":{\"@id\":\"https:\\\/\\\/tajkertesz.com\\\/#\\\/schema\\\/logo\\\/image\\\/\"},\"sameAs\":[\"https:\\\/\\\/www.facebook.com\\\/Tajkertesz\\\/\"]}]}<\/script>\n<!-- \/ Yoast SEO plugin. -->","yoast_head_json":{"title":"Pinus mugo 'Benjamin - T\u00f6rzses havasi t\u00f6rpefeny\u0151 - T\u00e1jkert\u00e9sz","description":"Pinus mugo 'Benjamin' - T\u00f6rzses havasi t\u00f6rpefeny\u0151, egy k\u00fcl\u00f6nleges, alacsony n\u00f6veked\u00e9s\u0171 \u00f6r\u00f6kz\u00f6ld fajta, 40cm magas, s\u0171r\u0171 \u00e1grendszer\u0171 \u00f6r\u00f6kz\u00f6ld","robots":{"index":"index","follow":"follow","max-snippet":"max-snippet:-1","max-image-preview":"max-image-preview:large","max-video-preview":"max-video-preview:-1"},"canonical":"https:\/\/tajkertesz.com\/en_US\/product\/pinus-mugo-benjamin-torzses-havasi-torpefenyo\/","og_locale":"en_US","og_type":"article","og_title":"Pinus mugo 'Benjamin - T\u00f6rzses havasi t\u00f6rpefeny\u0151 - T\u00e1jkert\u00e9sz","og_description":"Pinus mugo 'Benjamin' - T\u00f6rzses havasi t\u00f6rpefeny\u0151, egy k\u00fcl\u00f6nleges, alacsony n\u00f6veked\u00e9s\u0171 \u00f6r\u00f6kz\u00f6ld fajta, 40cm magas, s\u0171r\u0171 \u00e1grendszer\u0171 \u00f6r\u00f6kz\u00f6ld","og_url":"https:\/\/tajkertesz.com\/en_US\/product\/pinus-mugo-benjamin-torzses-havasi-torpefenyo\/","og_site_name":"T\u00e1jkert\u00e9sz","article_publisher":"https:\/\/www.facebook.com\/Tajkertesz\/","article_modified_time":"2026-02-25T10:25:15+00:00","og_image":[{"width":1920,"height":2560,"url":"https:\/\/tajkertesz.com\/wp-content\/uploads\/2024\/09\/20240925_121419-scaled.jpg","type":"image\/jpeg"}],"twitter_card":"summary_large_image","twitter_misc":{"Est. reading time":"3 minutes"},"schema":{"@context":"https:\/\/schema.org","@graph":[{"@type":"WebPage","@id":"https:\/\/tajkertesz.com\/termek\/pinus-mugo-benjamin-torzses-havasi-torpefenyo\/","url":"https:\/\/tajkertesz.com\/termek\/pinus-mugo-benjamin-torzses-havasi-torpefenyo\/","name":"Pinus mugo 'Benjamin - T\u00f6rzses havasi t\u00f6rpefeny\u0151 - T\u00e1jkert\u00e9sz","isPartOf":{"@id":"https:\/\/tajkertesz.com\/#website"},"primaryImageOfPage":{"@id":"https:\/\/tajkertesz.com\/termek\/pinus-mugo-benjamin-torzses-havasi-torpefenyo\/#primaryimage"},"image":{"@id":"https:\/\/tajkertesz.com\/termek\/pinus-mugo-benjamin-torzses-havasi-torpefenyo\/#primaryimage"},"thumbnailUrl":"https:\/\/tajkertesz.com\/wp-content\/uploads\/2024\/09\/20240925_121419-scaled.jpg","datePublished":"2024-09-29T06:30:38+00:00","dateModified":"2026-02-25T10:25:15+00:00","description":"Pinus mugo 'Benjamin' - T\u00f6rzses havasi t\u00f6rpefeny\u0151, egy k\u00fcl\u00f6nleges, alacsony n\u00f6veked\u00e9s\u0171 \u00f6r\u00f6kz\u00f6ld fajta, 40cm magas, s\u0171r\u0171 \u00e1grendszer\u0171 \u00f6r\u00f6kz\u00f6ld","breadcrumb":{"@id":"https:\/\/tajkertesz.com\/termek\/pinus-mugo-benjamin-torzses-havasi-torpefenyo\/#breadcrumb"},"inLanguage":"en-US","potentialAction":[{"@type":"ReadAction","target":["https:\/\/tajkertesz.com\/termek\/pinus-mugo-benjamin-torzses-havasi-torpefenyo\/"]}]},{"@type":"ImageObject","inLanguage":"en-US","@id":"https:\/\/tajkertesz.com\/termek\/pinus-mugo-benjamin-torzses-havasi-torpefenyo\/#primaryimage","url":"https:\/\/tajkertesz.com\/wp-content\/uploads\/2024\/09\/20240925_121419-scaled.jpg","contentUrl":"https:\/\/tajkertesz.com\/wp-content\/uploads\/2024\/09\/20240925_121419-scaled.jpg","width":1920,"height":2560,"caption":"Pinus mugo 'Benjamin - Havasi t\u00f6rpefeny\u0151"},{"@type":"BreadcrumbList","@id":"https:\/\/tajkertesz.com\/termek\/pinus-mugo-benjamin-torzses-havasi-torpefenyo\/#breadcrumb","itemListElement":[{"@type":"ListItem","position":1,"name":"Home","item":"https:\/\/tajkertesz.com\/"},{"@type":"ListItem","position":2,"name":"Kezd\u0151lap","item":"https:\/\/tajkertesz.com\/"},{"@type":"ListItem","position":3,"name":"Pinus mugo &#8216;Benjamin &#8211; T\u00f6rzses havasi t\u00f6rpefeny\u0151"}]},{"@type":"WebSite","@id":"https:\/\/tajkertesz.com\/#website","url":"https:\/\/tajkertesz.com\/","name":"T\u00e1j-Kert\u00e9sz 84 Kft.","description":"Kert\u00e9szeti kis- \u00e9s nagykeresked\u00e9s, D\u00edszn\u00f6v\u00e9ny web\u00e1ruh\u00e1z orsz\u00e1gos h\u00e1zhozsz\u00e1ll\u00edt\u00e1ssal!","publisher":{"@id":"https:\/\/tajkertesz.com\/#organization"},"potentialAction":[{"@type":"SearchAction","target":{"@type":"EntryPoint","urlTemplate":"https:\/\/tajkertesz.com\/?s={search_term_string}"},"query-input":{"@type":"PropertyValueSpecification","valueRequired":true,"valueName":"search_term_string"}}],"inLanguage":"en-US"},{"@type":"Organization","@id":"https:\/\/tajkertesz.com\/#organization","name":"T\u00e1j-Kert\u00e9sz 84 Kft.","url":"https:\/\/tajkertesz.com\/","logo":{"@type":"ImageObject","inLanguage":"en-US","@id":"https:\/\/tajkertesz.com\/#\/schema\/logo\/image\/","url":"https:\/\/tajkertesz.com\/wp-content\/uploads\/2018\/02\/logo-2-e1518678052539.png","contentUrl":"https:\/\/tajkertesz.com\/wp-content\/uploads\/2018\/02\/logo-2-e1518678052539.png","width":81,"height":140,"caption":"T\u00e1j-Kert\u00e9sz 84 Kft."},"image":{"@id":"https:\/\/tajkertesz.com\/#\/schema\/logo\/image\/"},"sameAs":["https:\/\/www.facebook.com\/Tajkertesz\/"]}]}},"_links":{"self":[{"href":"https:\/\/tajkertesz.com\/en_US\/wp-json\/wp\/v2\/product\/21144","targetHints":{"allow":["GET"]}}],"collection":[{"href":"https:\/\/tajkertesz.com\/en_US\/wp-json\/wp\/v2\/product"}],"about":[{"href":"https:\/\/tajkertesz.com\/en_US\/wp-json\/wp\/v2\/types\/product"}],"wp:featuredmedia":[{"embeddable":true,"href":"https:\/\/tajkertesz.com\/en_US\/wp-json\/wp\/v2\/media\/21146"}],"wp:attachment":[{"href":"https:\/\/tajkertesz.com\/en_US\/wp-json\/wp\/v2\/media?parent=21144"}],"wp:term":[{"taxonomy":"product_brand","embeddable":true,"href":"https:\/\/tajkertesz.com\/en_US\/wp-json\/wp\/v2\/product_brand?post=21144"},{"taxonomy":"product_cat","embeddable":true,"href":"https:\/\/tajkertesz.com\/en_US\/wp-json\/wp\/v2\/product_cat?post=21144"},{"taxonomy":"product_tag","embeddable":true,"href":"https:\/\/tajkertesz.com\/en_US\/wp-json\/wp\/v2\/product_tag?post=21144"}],"curies":[{"name":"wp","href":"https:\/\/api.w.org\/{rel}","templated":true}]}}