{"id":21166,"date":"2024-10-01T07:05:43","date_gmt":"2024-10-01T07:05:43","guid":{"rendered":"https:\/\/tajkertesz.com\/?post_type=product&#038;p=21166"},"modified":"2025-05-09T06:30:43","modified_gmt":"2025-05-09T06:30:43","slug":"dichondra-repens-pazsiszulak","status":"publish","type":"product","link":"https:\/\/tajkertesz.com\/en_US\/product\/dichondra-repens-pazsiszulak\/","title":{"rendered":"Dichondra repens &#8211; P\u00e1zsitszul\u00e1k vet\u0151mag"},"content":{"rendered":"<h1>Dichondra repens &#8211; P\u00e1zsitszul\u00e1k vet\u0151mag<\/h1>\n<p>A\u00a0<strong>Dichondra repens<\/strong>, m\u00e1s n\u00e9ven k\u00fasz\u00f3 p\u00e1zsitszul\u00e1k vagy vesef\u0171, egy n\u00e9pszer\u0171 talajtakar\u00f3 n\u00f6v\u00e9ny, amely kiv\u00e1l\u00f3an alkalmas a gyep helyettes\u00edt\u00e9s\u00e9re. \u00a0A Dichondra repens gyorsan n\u00f6v\u0151, \u00e9l\u00e9nk z\u00f6ld sz\u00edn\u0171 \u00e9vel\u0151 n\u00f6v\u00e9ny. \u00c1ltal\u00e1ban 2 cm magasra n\u0151, \u00e9s k\u00fasz\u00f3 gy\u00f6kerei csom\u00f3pontokat k\u00e9peznek a talajon. Apr\u00f3, vese alak\u00fa levelei 0.5-2,5 cm nagys\u00e1g\u00faak.<\/p>\n<h2>A P\u00e1zsitszul\u00e1k jellemz\u0151i<\/h2>\n<ol>\n<li>S\u00e1rg\u00e1sz\u00f6ld vir\u00e1gai f\u0151leg ny\u00e1ron jelennek meg, de b\u00e1rmikor vir\u00e1gozhatnak.<\/li>\n<li>A Dichondra repens legjobban napos vagy f\u00e9l\u00e1rny\u00e9kos helyen \u00e9rzi mag\u00e1t, de az \u00e1rny\u00e9kos helyeket is elviseli. Kev\u00e9s gondoz\u00e1st ig\u00e9nyel, \u00e9s j\u00f3l t\u0171ri a sz\u00e1razs\u00e1got.<\/li>\n<li>Gyakran haszn\u00e1lj\u00e1k talajtakar\u00f3k\u00e9nt, mivel gyorsan terjed \u00e9s s\u0171r\u0171, z\u00f6ld sz\u0151nyeget k\u00e9pez. Ide\u00e1lis v\u00e1laszt\u00e1s lehet olyan helyekre, ahol a f\u0171 nehezen n\u0151.<\/li>\n<\/ol>\n<h3>A\u00a0<strong>Dichondra repens gondoz\u00e1sa<\/strong><\/h3>\n<p>A n\u00f6v\u00e9ny kedveli a j\u00f3l v\u00edzelvezet\u0151 talajt, mivel a pang\u00f3 v\u00edz gy\u00f6k\u00e9rrothad\u00e1st okozhat.<b> <\/b>A semleges vagy enyh\u00e9n savas talaj (pH 6-7) ide\u00e1lis sz\u00e1m\u00e1ra. B\u00e1r a Dichondra repens nem ig\u00e9nyel k\u00fcl\u00f6n\u00f6sen t\u00e1panyagban gazdag talajt, a rendszeres tr\u00e1gy\u00e1z\u00e1s seg\u00edthet a n\u00f6veked\u00e9s\u00e9ben \u00e9s a sz\u00e9p z\u00f6ld sz\u00edn meg\u0151rz\u00e9s\u00e9ben. A laza, homokos vagy agyagos talajok a legmegfelel\u0151bbek, mivel ezek biztos\u00edtj\u00e1k a megfelel\u0151 v\u00edzelvezet\u00e9st \u00e9s gy\u00f6k\u00e9rfejl\u0151d\u00e9st.<\/p>\n<p><strong>Rendszeres \u00f6nt\u00f6z\u00e9s<\/strong>: B\u00e1r a Dichondra repens j\u00f3l t\u0171ri a sz\u00e1razs\u00e1got, a rendszeres \u00f6nt\u00f6z\u00e9s seg\u00edt fenntartani a n\u00f6v\u00e9ny \u00e9l\u00e9nk z\u00f6ld sz\u00edn\u00e9t \u00e9s s\u0171r\u0171s\u00e9g\u00e9t. \u00dcgyelj arra, hogy a talaj ne legyen t\u00fal nedves, mert az gy\u00f6k\u00e9rrothad\u00e1shoz vezethet.<\/p>\n<p><strong>Metsz\u00e9s<\/strong>: Ha a n\u00f6v\u00e9ny t\u00falburj\u00e1nzik, id\u0151nk\u00e9nt ny\u00edrhatod vagy metszheted, hogy meg\u0151rizze a k\u00edv\u00e1nt form\u00e1t \u00e9s m\u00e9retet. Ez k\u00fcl\u00f6n\u00f6sen fontos, ha talajtakar\u00f3k\u00e9nt haszn\u00e1lod.<\/p>\n<p><strong>Gyomirt\u00e1s<\/strong>: A Dichondra repens hajlamos lehet a gyomokkal val\u00f3 verseng\u00e9sre, ez\u00e9rt rendszeresen t\u00e1vol\u00edtsd el a gyomokat, hogy a n\u00f6v\u00e9ny zavartalanul n\u00f6vekedhessen.<\/p>\n<p><strong>Tr\u00e1gy\u00e1z\u00e1s<\/strong>: Tavasszal \u00e9s ny\u00e1ron alkalmazz kiegyens\u00falyozott m\u0171tr\u00e1gy\u00e1t, hogy t\u00e1mogasd a n\u00f6veked\u00e9st \u00e9s a sz\u00e9p z\u00f6ld sz\u00ednt. \u00dcgyelj arra, hogy ne tr\u00e1gy\u00e1zd t\u00fal, mert az k\u00e1ros\u00edthatja a n\u00f6v\u00e9nyt.<\/p>\n<p><strong>K\u00e1rtev\u0151k \u00e9s betegs\u00e9gek<\/strong>: Figyelj a k\u00e1rtev\u0151kre, p\u00e9ld\u00e1ul a lev\u00e9ltetvekre \u00e9s a csig\u00e1kra, amelyek k\u00e1ros\u00edthatj\u00e1k a n\u00f6v\u00e9nyt. Haszn\u00e1lj term\u00e9szetes vagy k\u00e9miai v\u00e9dekez\u00e9si m\u00f3dszereket, ha sz\u00fcks\u00e9ges.<\/p>\n<p><strong>K\u00e9szlet\u00fcnk napi szinten v\u00e1ltozik, ez\u00e9rt k\u00e9rj\u00fck, \u00e9rdekl\u0151dj\u00f6n szem\u00e9lyesen, telefonon vagy email-en.<br \/>\nA v\u00e1ltoztat\u00e1s jog\u00e1t fenntartjuk!\u00a0<\/strong><\/p>\n<p>&nbsp;<\/p>\n<p><a href=\"https:\/\/tajkertesz.com\/\">https:\/\/tajkertesz.com\/<\/a><\/p>\n<p><a href=\"https:\/\/www.facebook.com\/tajkertesz\/\">https:\/\/www.facebook.com\/tajkertesz\/<\/a><\/p>\n<p>Kisz\u00e1ll\u00edt\u00e1s: 200cm-ig \u00a0\u00e9s 40 kg-ig a sz\u00e1ll\u00edt\u00e1s fut\u00e1rszolg\u00e1lattal \u00a0t\u00f6rt\u00e9nik.<\/p>\n<p>Szem\u00e9lyes \u00e1tv\u00e9tel nyitvatart\u00e1si id\u0151ben a 17. ker\u00fclet Bakancsos utca 7. sz\u00e1m alatti Kert\u00e9szeti \u00e1rud\u00e1ban.<\/p>","protected":false},"excerpt":{"rendered":"<h1>Dichondra repens &#8211; P\u00e1zsitszul\u00e1k vet\u0151mag<\/h1>\n<p>A\u00a0<strong>Dichondra repens<\/strong>, m\u00e1s n\u00e9ven k\u00fasz\u00f3 p\u00e1zsitszul\u00e1k vagy vesef\u0171, egy n\u00e9pszer\u0171 talajtakar\u00f3 n\u00f6v\u00e9ny, amely kiv\u00e1l\u00f3an alkalmas a gyep helyettes\u00edt\u00e9s\u00e9re. \u00a0A Dichondra repens gyorsan n\u00f6v\u0151, \u00e9l\u00e9nk z\u00f6ld sz\u00edn\u0171 \u00e9vel\u0151 n\u00f6v\u00e9ny. \u00c1ltal\u00e1ban 2 cm magasra n\u0151, \u00e9s k\u00fasz\u00f3 gy\u00f6kerei csom\u00f3pontokat k\u00e9peznek a talajon. Apr\u00f3, vese alak\u00fa levelei 0.5-2,5 cm nagys\u00e1g\u00faak.<\/p>","protected":false},"featured_media":21167,"template":"","meta":{"_et_pb_use_builder":"","_et_pb_old_content":"","_et_gb_content_width":""},"product_brand":[],"product_cat":[4139],"product_tag":[5310,5311,5312],"class_list":{"0":"post-21166","1":"product","2":"type-product","3":"status-publish","4":"has-post-thumbnail","6":"product_cat-vetomag-gyermekeknek","7":"product_tag-dichondra","8":"product_tag-dichondra-repens","9":"product_tag-pazsitszulak","11":"first","12":"instock","13":"shipping-taxable","14":"purchasable","15":"product-type-simple"},"yoast_head":"<!-- This site is optimized with the Yoast SEO plugin v27.5 - https:\/\/yoast.com\/product\/yoast-seo-wordpress\/ -->\n<title>Dichondra repens - P\u00e1zsitszul\u00e1k vet\u0151mag - T\u00e1jkert\u00e9sz<\/title>\n<meta name=\"description\" content=\"A\u00a0Dichondra repens, m\u00e1s n\u00e9ven k\u00fasz\u00f3 p\u00e1zsitszul\u00e1k vagy vesef\u0171, egy n\u00e9pszer\u0171 talajtakar\u00f3 n\u00f6v\u00e9ny, amely kiv\u00e1l\u00f3an alkalmas a gyep helyettes\u00edt\u00e9s\u00e9re.\" \/>\n<meta name=\"robots\" content=\"index, follow, max-snippet:-1, max-image-preview:large, max-video-preview:-1\" \/>\n<link rel=\"canonical\" href=\"https:\/\/tajkertesz.com\/en_US\/product\/dichondra-repens-pazsiszulak\/\" \/>\n<meta property=\"og:locale\" content=\"en_US\" \/>\n<meta property=\"og:type\" content=\"article\" \/>\n<meta property=\"og:title\" content=\"Dichondra repens - P\u00e1zsitszul\u00e1k vet\u0151mag - T\u00e1jkert\u00e9sz\" \/>\n<meta property=\"og:description\" content=\"A\u00a0Dichondra repens, m\u00e1s n\u00e9ven k\u00fasz\u00f3 p\u00e1zsitszul\u00e1k vagy vesef\u0171, egy n\u00e9pszer\u0171 talajtakar\u00f3 n\u00f6v\u00e9ny, amely kiv\u00e1l\u00f3an alkalmas a gyep helyettes\u00edt\u00e9s\u00e9re.\" \/>\n<meta property=\"og:url\" content=\"https:\/\/tajkertesz.com\/en_US\/product\/dichondra-repens-pazsiszulak\/\" \/>\n<meta property=\"og:site_name\" content=\"T\u00e1jkert\u00e9sz\" \/>\n<meta property=\"article:publisher\" content=\"https:\/\/www.facebook.com\/Tajkertesz\/\" \/>\n<meta property=\"article:modified_time\" content=\"2025-05-09T06:30:43+00:00\" \/>\n<meta property=\"og:image\" content=\"https:\/\/tajkertesz.com\/wp-content\/uploads\/2024\/10\/20241001_081936-scaled.jpg\" \/>\n\t<meta property=\"og:image:width\" content=\"1829\" \/>\n\t<meta property=\"og:image:height\" content=\"2560\" \/>\n\t<meta property=\"og:image:type\" content=\"image\/jpeg\" \/>\n<meta name=\"twitter:card\" content=\"summary_large_image\" \/>\n<meta name=\"twitter:label1\" content=\"Est. reading time\" \/>\n\t<meta name=\"twitter:data1\" content=\"3 minutes\" \/>\n<script type=\"application\/ld+json\" class=\"yoast-schema-graph\">{\"@context\":\"https:\\\/\\\/schema.org\",\"@graph\":[{\"@type\":\"WebPage\",\"@id\":\"https:\\\/\\\/tajkertesz.com\\\/termek\\\/dichondra-repens-pazsiszulak\\\/\",\"url\":\"https:\\\/\\\/tajkertesz.com\\\/termek\\\/dichondra-repens-pazsiszulak\\\/\",\"name\":\"Dichondra repens - P\u00e1zsitszul\u00e1k vet\u0151mag - T\u00e1jkert\u00e9sz\",\"isPartOf\":{\"@id\":\"https:\\\/\\\/tajkertesz.com\\\/#website\"},\"primaryImageOfPage\":{\"@id\":\"https:\\\/\\\/tajkertesz.com\\\/termek\\\/dichondra-repens-pazsiszulak\\\/#primaryimage\"},\"image\":{\"@id\":\"https:\\\/\\\/tajkertesz.com\\\/termek\\\/dichondra-repens-pazsiszulak\\\/#primaryimage\"},\"thumbnailUrl\":\"https:\\\/\\\/tajkertesz.com\\\/wp-content\\\/uploads\\\/2024\\\/10\\\/20241001_081936-scaled.jpg\",\"datePublished\":\"2024-10-01T07:05:43+00:00\",\"dateModified\":\"2025-05-09T06:30:43+00:00\",\"description\":\"A\u00a0Dichondra repens, m\u00e1s n\u00e9ven k\u00fasz\u00f3 p\u00e1zsitszul\u00e1k vagy vesef\u0171, egy n\u00e9pszer\u0171 talajtakar\u00f3 n\u00f6v\u00e9ny, amely kiv\u00e1l\u00f3an alkalmas a gyep helyettes\u00edt\u00e9s\u00e9re.\",\"breadcrumb\":{\"@id\":\"https:\\\/\\\/tajkertesz.com\\\/termek\\\/dichondra-repens-pazsiszulak\\\/#breadcrumb\"},\"inLanguage\":\"en-US\",\"potentialAction\":[{\"@type\":\"ReadAction\",\"target\":[\"https:\\\/\\\/tajkertesz.com\\\/termek\\\/dichondra-repens-pazsiszulak\\\/\"]}]},{\"@type\":\"ImageObject\",\"inLanguage\":\"en-US\",\"@id\":\"https:\\\/\\\/tajkertesz.com\\\/termek\\\/dichondra-repens-pazsiszulak\\\/#primaryimage\",\"url\":\"https:\\\/\\\/tajkertesz.com\\\/wp-content\\\/uploads\\\/2024\\\/10\\\/20241001_081936-scaled.jpg\",\"contentUrl\":\"https:\\\/\\\/tajkertesz.com\\\/wp-content\\\/uploads\\\/2024\\\/10\\\/20241001_081936-scaled.jpg\",\"width\":1829,\"height\":2560,\"caption\":\"Dichondra repens - p\u00e1zsitszul\u00e1k vet\u0151mag\"},{\"@type\":\"BreadcrumbList\",\"@id\":\"https:\\\/\\\/tajkertesz.com\\\/termek\\\/dichondra-repens-pazsiszulak\\\/#breadcrumb\",\"itemListElement\":[{\"@type\":\"ListItem\",\"position\":1,\"name\":\"Home\",\"item\":\"https:\\\/\\\/tajkertesz.com\\\/\"},{\"@type\":\"ListItem\",\"position\":2,\"name\":\"Kezd\u0151lap\",\"item\":\"https:\\\/\\\/tajkertesz.com\\\/\"},{\"@type\":\"ListItem\",\"position\":3,\"name\":\"Dichondra repens &#8211; P\u00e1zsitszul\u00e1k vet\u0151mag\"}]},{\"@type\":\"WebSite\",\"@id\":\"https:\\\/\\\/tajkertesz.com\\\/#website\",\"url\":\"https:\\\/\\\/tajkertesz.com\\\/\",\"name\":\"T\u00e1j-Kert\u00e9sz 84 Kft.\",\"description\":\"Kert\u00e9szeti kis- \u00e9s nagykeresked\u00e9s, D\u00edszn\u00f6v\u00e9ny web\u00e1ruh\u00e1z orsz\u00e1gos h\u00e1zhozsz\u00e1ll\u00edt\u00e1ssal!\",\"publisher\":{\"@id\":\"https:\\\/\\\/tajkertesz.com\\\/#organization\"},\"potentialAction\":[{\"@type\":\"SearchAction\",\"target\":{\"@type\":\"EntryPoint\",\"urlTemplate\":\"https:\\\/\\\/tajkertesz.com\\\/?s={search_term_string}\"},\"query-input\":{\"@type\":\"PropertyValueSpecification\",\"valueRequired\":true,\"valueName\":\"search_term_string\"}}],\"inLanguage\":\"en-US\"},{\"@type\":\"Organization\",\"@id\":\"https:\\\/\\\/tajkertesz.com\\\/#organization\",\"name\":\"T\u00e1j-Kert\u00e9sz 84 Kft.\",\"url\":\"https:\\\/\\\/tajkertesz.com\\\/\",\"logo\":{\"@type\":\"ImageObject\",\"inLanguage\":\"en-US\",\"@id\":\"https:\\\/\\\/tajkertesz.com\\\/#\\\/schema\\\/logo\\\/image\\\/\",\"url\":\"https:\\\/\\\/tajkertesz.com\\\/wp-content\\\/uploads\\\/2018\\\/02\\\/logo-2-e1518678052539.png\",\"contentUrl\":\"https:\\\/\\\/tajkertesz.com\\\/wp-content\\\/uploads\\\/2018\\\/02\\\/logo-2-e1518678052539.png\",\"width\":81,\"height\":140,\"caption\":\"T\u00e1j-Kert\u00e9sz 84 Kft.\"},\"image\":{\"@id\":\"https:\\\/\\\/tajkertesz.com\\\/#\\\/schema\\\/logo\\\/image\\\/\"},\"sameAs\":[\"https:\\\/\\\/www.facebook.com\\\/Tajkertesz\\\/\"]}]}<\/script>\n<!-- \/ Yoast SEO plugin. -->","yoast_head_json":{"title":"Dichondra repens - P\u00e1zsitszul\u00e1k vet\u0151mag - T\u00e1jkert\u00e9sz","description":"A\u00a0Dichondra repens, m\u00e1s n\u00e9ven k\u00fasz\u00f3 p\u00e1zsitszul\u00e1k vagy vesef\u0171, egy n\u00e9pszer\u0171 talajtakar\u00f3 n\u00f6v\u00e9ny, amely kiv\u00e1l\u00f3an alkalmas a gyep helyettes\u00edt\u00e9s\u00e9re.","robots":{"index":"index","follow":"follow","max-snippet":"max-snippet:-1","max-image-preview":"max-image-preview:large","max-video-preview":"max-video-preview:-1"},"canonical":"https:\/\/tajkertesz.com\/en_US\/product\/dichondra-repens-pazsiszulak\/","og_locale":"en_US","og_type":"article","og_title":"Dichondra repens - P\u00e1zsitszul\u00e1k vet\u0151mag - T\u00e1jkert\u00e9sz","og_description":"A\u00a0Dichondra repens, m\u00e1s n\u00e9ven k\u00fasz\u00f3 p\u00e1zsitszul\u00e1k vagy vesef\u0171, egy n\u00e9pszer\u0171 talajtakar\u00f3 n\u00f6v\u00e9ny, amely kiv\u00e1l\u00f3an alkalmas a gyep helyettes\u00edt\u00e9s\u00e9re.","og_url":"https:\/\/tajkertesz.com\/en_US\/product\/dichondra-repens-pazsiszulak\/","og_site_name":"T\u00e1jkert\u00e9sz","article_publisher":"https:\/\/www.facebook.com\/Tajkertesz\/","article_modified_time":"2025-05-09T06:30:43+00:00","og_image":[{"width":1829,"height":2560,"url":"https:\/\/tajkertesz.com\/wp-content\/uploads\/2024\/10\/20241001_081936-scaled.jpg","type":"image\/jpeg"}],"twitter_card":"summary_large_image","twitter_misc":{"Est. reading time":"3 minutes"},"schema":{"@context":"https:\/\/schema.org","@graph":[{"@type":"WebPage","@id":"https:\/\/tajkertesz.com\/termek\/dichondra-repens-pazsiszulak\/","url":"https:\/\/tajkertesz.com\/termek\/dichondra-repens-pazsiszulak\/","name":"Dichondra repens - P\u00e1zsitszul\u00e1k vet\u0151mag - T\u00e1jkert\u00e9sz","isPartOf":{"@id":"https:\/\/tajkertesz.com\/#website"},"primaryImageOfPage":{"@id":"https:\/\/tajkertesz.com\/termek\/dichondra-repens-pazsiszulak\/#primaryimage"},"image":{"@id":"https:\/\/tajkertesz.com\/termek\/dichondra-repens-pazsiszulak\/#primaryimage"},"thumbnailUrl":"https:\/\/tajkertesz.com\/wp-content\/uploads\/2024\/10\/20241001_081936-scaled.jpg","datePublished":"2024-10-01T07:05:43+00:00","dateModified":"2025-05-09T06:30:43+00:00","description":"A\u00a0Dichondra repens, m\u00e1s n\u00e9ven k\u00fasz\u00f3 p\u00e1zsitszul\u00e1k vagy vesef\u0171, egy n\u00e9pszer\u0171 talajtakar\u00f3 n\u00f6v\u00e9ny, amely kiv\u00e1l\u00f3an alkalmas a gyep helyettes\u00edt\u00e9s\u00e9re.","breadcrumb":{"@id":"https:\/\/tajkertesz.com\/termek\/dichondra-repens-pazsiszulak\/#breadcrumb"},"inLanguage":"en-US","potentialAction":[{"@type":"ReadAction","target":["https:\/\/tajkertesz.com\/termek\/dichondra-repens-pazsiszulak\/"]}]},{"@type":"ImageObject","inLanguage":"en-US","@id":"https:\/\/tajkertesz.com\/termek\/dichondra-repens-pazsiszulak\/#primaryimage","url":"https:\/\/tajkertesz.com\/wp-content\/uploads\/2024\/10\/20241001_081936-scaled.jpg","contentUrl":"https:\/\/tajkertesz.com\/wp-content\/uploads\/2024\/10\/20241001_081936-scaled.jpg","width":1829,"height":2560,"caption":"Dichondra repens - p\u00e1zsitszul\u00e1k vet\u0151mag"},{"@type":"BreadcrumbList","@id":"https:\/\/tajkertesz.com\/termek\/dichondra-repens-pazsiszulak\/#breadcrumb","itemListElement":[{"@type":"ListItem","position":1,"name":"Home","item":"https:\/\/tajkertesz.com\/"},{"@type":"ListItem","position":2,"name":"Kezd\u0151lap","item":"https:\/\/tajkertesz.com\/"},{"@type":"ListItem","position":3,"name":"Dichondra repens &#8211; P\u00e1zsitszul\u00e1k vet\u0151mag"}]},{"@type":"WebSite","@id":"https:\/\/tajkertesz.com\/#website","url":"https:\/\/tajkertesz.com\/","name":"T\u00e1j-Kert\u00e9sz 84 Kft.","description":"Kert\u00e9szeti kis- \u00e9s nagykeresked\u00e9s, D\u00edszn\u00f6v\u00e9ny web\u00e1ruh\u00e1z orsz\u00e1gos h\u00e1zhozsz\u00e1ll\u00edt\u00e1ssal!","publisher":{"@id":"https:\/\/tajkertesz.com\/#organization"},"potentialAction":[{"@type":"SearchAction","target":{"@type":"EntryPoint","urlTemplate":"https:\/\/tajkertesz.com\/?s={search_term_string}"},"query-input":{"@type":"PropertyValueSpecification","valueRequired":true,"valueName":"search_term_string"}}],"inLanguage":"en-US"},{"@type":"Organization","@id":"https:\/\/tajkertesz.com\/#organization","name":"T\u00e1j-Kert\u00e9sz 84 Kft.","url":"https:\/\/tajkertesz.com\/","logo":{"@type":"ImageObject","inLanguage":"en-US","@id":"https:\/\/tajkertesz.com\/#\/schema\/logo\/image\/","url":"https:\/\/tajkertesz.com\/wp-content\/uploads\/2018\/02\/logo-2-e1518678052539.png","contentUrl":"https:\/\/tajkertesz.com\/wp-content\/uploads\/2018\/02\/logo-2-e1518678052539.png","width":81,"height":140,"caption":"T\u00e1j-Kert\u00e9sz 84 Kft."},"image":{"@id":"https:\/\/tajkertesz.com\/#\/schema\/logo\/image\/"},"sameAs":["https:\/\/www.facebook.com\/Tajkertesz\/"]}]}},"_links":{"self":[{"href":"https:\/\/tajkertesz.com\/en_US\/wp-json\/wp\/v2\/product\/21166","targetHints":{"allow":["GET"]}}],"collection":[{"href":"https:\/\/tajkertesz.com\/en_US\/wp-json\/wp\/v2\/product"}],"about":[{"href":"https:\/\/tajkertesz.com\/en_US\/wp-json\/wp\/v2\/types\/product"}],"wp:featuredmedia":[{"embeddable":true,"href":"https:\/\/tajkertesz.com\/en_US\/wp-json\/wp\/v2\/media\/21167"}],"wp:attachment":[{"href":"https:\/\/tajkertesz.com\/en_US\/wp-json\/wp\/v2\/media?parent=21166"}],"wp:term":[{"taxonomy":"product_brand","embeddable":true,"href":"https:\/\/tajkertesz.com\/en_US\/wp-json\/wp\/v2\/product_brand?post=21166"},{"taxonomy":"product_cat","embeddable":true,"href":"https:\/\/tajkertesz.com\/en_US\/wp-json\/wp\/v2\/product_cat?post=21166"},{"taxonomy":"product_tag","embeddable":true,"href":"https:\/\/tajkertesz.com\/en_US\/wp-json\/wp\/v2\/product_tag?post=21166"}],"curies":[{"name":"wp","href":"https:\/\/api.w.org\/{rel}","templated":true}]}}