{"id":21169,"date":"2024-10-01T08:39:38","date_gmt":"2024-10-01T08:39:38","guid":{"rendered":"https:\/\/tajkertesz.com\/?post_type=product&#038;p=21169"},"modified":"2026-02-12T15:10:41","modified_gmt":"2026-02-12T15:10:41","slug":"gyom-es-mohakiszedo-fem-kes-25cm-muanyag-nyellel","status":"publish","type":"product","link":"https:\/\/tajkertesz.com\/en_US\/product\/gyom-es-mohakiszedo-fem-kes-25cm-muanyag-nyellel\/","title":{"rendered":"Gyom \u00e9s mohakiszed\u0151 f\u00e9m k\u00e9s 25cm m\u0171anyag ny\u00e9llel"},"content":{"rendered":"<h2>Gyom \u00e9s mohakiszed\u0151 f\u00e9m k\u00e9s 25cm m\u0171anyag ny\u00e9llel<\/h2>\n<p>Gyom \u00e9s mohakiszed\u0151 f\u00e9m k\u00e9s 25cm m\u0171anyag ny\u00e9llel<\/p>\n<p>25 cm-es gyom \u00e9s mohakiszed\u0151 m\u0171anyag ny\u00e9llel.<\/p>\n<p>Akaszt\u00f3lyukkal a praktikus \u00e9s helytakar\u00e9kos t\u00e1rol\u00e1s\u00e9rt.<\/p>\n<p>Hat\u00e9kony megold\u00e1s gyomok elt\u00e1vol\u00edt\u00e1s\u00e1hoz.<\/p>\n<p>A gyom \u00e9s mohakiszed\u0151 ide\u00e1lis eszk\u00f6z a kertek \u00e9s kerti utak tiszt\u00e1n tart\u00e1s\u00e1hoz, v\u00e9kony \u00e9l\u00e9vel t\u00f6k\u00e9letes megold\u00e1s t\u00e9rk\u0151 \u00e9s szeg\u00e9lyek tiszt\u00edt\u00e1s\u00e1hoz is.<\/p>\n<p>Ide\u00e1lis v\u00e1laszt\u00e1s nemcsak a gyomok, de moha \u00e9s nem k\u00edv\u00e1nt f\u0171 kiszed\u00e9s\u00e9re is, p\u00e9ld\u00e1ul \u00fatburkol\u00f3 k\u00f6vek k\u00f6z\u00fcl vagy falak ment\u00e9n.<\/p>\n<p>K\u00f6nny\u0171 kezel\u00e9se \u00e9s hat\u00e9kony m\u0171k\u00f6d\u00e9se r\u00e9v\u00e9n gyorsan \u00e9s hat\u00e9konyan t\u00e1vol\u00edtja el a nem k\u00edv\u00e1natos n\u00f6v\u00e9nyeket. Ergonomikus kialak\u00edt\u00e1sa lehet\u0151v\u00e9 teszi k\u00e9nyelmes haszn\u00e1lat\u00e1t an\u00e9lk\u00fcl, hogy t\u00falzott er\u0151fesz\u00edt\u00e9st ig\u00e9nyelne.<\/p>\n<p>A gyom \u00e9s mohakiszed\u0151 praktikus seg\u00edts\u00e9g a kert\u00e9szked\u00e9s sor\u00e1n, \u00e9s hozz\u00e1j\u00e1rul a kert rendezett \u00e9s \u00e1polt megjelen\u00e9s\u00e9hez.<\/p>\n<p><strong>Hogyan haszn\u00e1ljam helyesen a moha \u00e9s gyomkiszed\u0151t?<\/strong><\/p>\n<p>A moha \u00e9s gyomkiszed\u0151 helyes haszn\u00e1lata seg\u00edt hat\u00e9konyan elt\u00e1vol\u00edtani a nem k\u00edv\u00e1nt n\u00f6v\u00e9nyeket a kertb\u0151l. \u00cdme n\u00e9h\u00e1ny l\u00e9p\u00e9s:<\/p>\n<ol>\n<li><strong>El\u0151k\u00e9sz\u00edt\u00e9s<\/strong>: Gy\u0151z\u0151dj\u00f6n meg r\u00f3la, hogy a talaj nedves, mert \u00edgy k\u00f6nnyebb lesz elt\u00e1vol\u00edtani a gyomokat \u00e9s a moh\u00e1t. Ha sz\u00fcks\u00e9ges, \u00f6nt\u00f6zze meg a ter\u00fcletet el\u0151z\u0151 nap.<\/li>\n<li><strong>Haszn\u00e1lat<\/strong>:\n<ul>\n<li><strong>Gyomok elt\u00e1vol\u00edt\u00e1sa<\/strong>: Helyezze a gyomkiszed\u0151 hegy\u00e9t a gyom t\u00f6v\u00e9hez, majd nyomd le a szersz\u00e1mot a talajba. Emelje ki a gyomot a gy\u00f6kereivel egy\u00fctt.<\/li>\n<li><strong>Moha elt\u00e1vol\u00edt\u00e1sa<\/strong>: A moha elt\u00e1vol\u00edt\u00e1s\u00e1hoz haszn\u00e1lja a szersz\u00e1m lapos r\u00e9sz\u00e9t, \u00e9s \u00f3vatosan kaparja le a moh\u00e1t a talajr\u00f3l vagy a fel\u00fcletr\u0151l.<\/li>\n<\/ul>\n<\/li>\n<\/ol>\n<p>Hossz\u00fa \u00e9lettartam \u00e9rdek\u00e9ben javasoljuk a kerti szersz\u00e1mok haszn\u00e1lat ut\u00e1ni tiszt\u00edt\u00e1s\u00e1t, valamint t\u00e9lre \u00e9rdemes h\u00f3t\u00f3l, fagyt\u00f3l v\u00e9dett helyen t\u00e1rolni.<\/p>\n<div class=\"infograph-title\"><strong>Gyors sz\u00e1ll\u00edt\u00e1s!<\/strong><\/div>\n<div class=\"infograph-subtitle\">K\u00e9szleten l\u00e9v\u0151 term\u00e9keinket m\u00e1r 1-2 munkanap alatt megkaphatja!<\/div>\n<p>El\u00e9rhet\u0151 t\u00f6bbf\u00e9le m\u00e9retben \u00e9s \u00e1rban.<\/p>\n<p><strong>K\u00e9szlet\u00fcnk napi szinten v\u00e1ltozik, ez\u00e9rt k\u00e9rj\u00fck, \u00e9rdekl\u0151dj\u00f6n szem\u00e9lyesen, telefonon vagy email-en.<br \/>\nA v\u00e1ltoztat\u00e1s jog\u00e1t fenntartjuk!\u00a0<\/strong><\/p>\n<p><a href=\"https:\/\/tajkertesz.com\/\">https:\/\/tajkertesz.com\/<\/a><\/p>\n<p><a href=\"https:\/\/www.facebook.com\/tajkertesz\/\">https:\/\/www.facebook.com\/tajkertesz\/<\/a><\/p>\n<p>Kisz\u00e1ll\u00edt\u00e1s: 200cm-ig \u00a0\u00e9s 40 kg-ig a sz\u00e1ll\u00edt\u00e1s fut\u00e1rszolg\u00e1lattal \u00a0t\u00f6rt\u00e9nik.<\/p>\n<p>Szem\u00e9lyes \u00e1tv\u00e9tel nyitvatart\u00e1si id\u0151ben a 17. ker\u00fclet Bakancsos utca 7. sz\u00e1m alatti Kert\u00e9szeti \u00e1rud\u00e1nkban.<\/p>","protected":false},"excerpt":{"rendered":"<p>K\u00f6nny\u0171 kezel\u00e9se \u00e9s hat\u00e9kony m\u0171k\u00f6d\u00e9se r\u00e9v\u00e9n gyorsan \u00e9s hat\u00e9konyan t\u00e1vol\u00edtja el a nem k\u00edv\u00e1natos n\u00f6v\u00e9nyeket. Ergonomikus kialak\u00edt\u00e1sa lehet\u0151v\u00e9 teszi k\u00e9nyelmes haszn\u00e1lat\u00e1t an\u00e9lk\u00fcl, hogy t\u00falzott er\u0151fesz\u00edt\u00e9st ig\u00e9nyelne.<\/p>","protected":false},"featured_media":21170,"template":"","meta":{"_et_pb_use_builder":"","_et_pb_old_content":"","_et_gb_content_width":""},"product_brand":[],"product_cat":[2065],"product_tag":[5126,5007,5314,5313],"class_list":{"0":"post-21169","1":"product","2":"type-product","3":"status-publish","4":"has-post-thumbnail","6":"product_cat-szerszamok-csavarhuzok-blankolok-meroszalagok-stb","7":"product_tag-gyom","8":"product_tag-moha","9":"product_tag-mohakiszedo","10":"product_tag-tisztito","12":"first","13":"instock","14":"shipping-taxable","15":"purchasable","16":"product-type-simple"},"yoast_head":"<!-- This site is optimized with the Yoast SEO plugin v27.4 - https:\/\/yoast.com\/product\/yoast-seo-wordpress\/ -->\n<title>Gyom \u00e9s mohakiszed\u0151 f\u00e9m k\u00e9s 25cm m\u0171anyag ny\u00e9llel - T\u00e1jkert\u00e9sz<\/title>\n<meta name=\"description\" content=\"Gyom \u00e9s mohakiszed\u0151 f\u00e9m k\u00e9s 25cm m\u0171anyag ny\u00e9llel. K\u00f6nny\u0171 kezel\u00e9se \u00e9s hat\u00e9kony m\u0171k\u00f6d\u00e9se r\u00e9v\u00e9n gyorsan \u00e9s hat\u00e9konyan t\u00e1vol\u00edtja el a nem k\u00edv\u00e1natos...\" \/>\n<meta name=\"robots\" content=\"index, follow, max-snippet:-1, max-image-preview:large, max-video-preview:-1\" \/>\n<link rel=\"canonical\" href=\"https:\/\/tajkertesz.com\/en_US\/product\/gyom-es-mohakiszedo-fem-kes-25cm-muanyag-nyellel\/\" \/>\n<meta property=\"og:locale\" content=\"en_US\" \/>\n<meta property=\"og:type\" content=\"article\" \/>\n<meta property=\"og:title\" content=\"Gyom \u00e9s mohakiszed\u0151 f\u00e9m k\u00e9s 25cm m\u0171anyag ny\u00e9llel - T\u00e1jkert\u00e9sz\" \/>\n<meta property=\"og:description\" content=\"Gyom \u00e9s mohakiszed\u0151 f\u00e9m k\u00e9s 25cm m\u0171anyag ny\u00e9llel. K\u00f6nny\u0171 kezel\u00e9se \u00e9s hat\u00e9kony m\u0171k\u00f6d\u00e9se r\u00e9v\u00e9n gyorsan \u00e9s hat\u00e9konyan t\u00e1vol\u00edtja el a nem k\u00edv\u00e1natos...\" \/>\n<meta property=\"og:url\" content=\"https:\/\/tajkertesz.com\/en_US\/product\/gyom-es-mohakiszedo-fem-kes-25cm-muanyag-nyellel\/\" \/>\n<meta property=\"og:site_name\" content=\"T\u00e1jkert\u00e9sz\" \/>\n<meta property=\"article:publisher\" content=\"https:\/\/www.facebook.com\/Tajkertesz\/\" \/>\n<meta property=\"article:modified_time\" content=\"2026-02-12T15:10:41+00:00\" \/>\n<meta property=\"og:image\" content=\"https:\/\/tajkertesz.com\/wp-content\/uploads\/2024\/10\/20241001_094701-1-scaled.jpg\" \/>\n\t<meta property=\"og:image:width\" content=\"1982\" \/>\n\t<meta property=\"og:image:height\" content=\"1080\" \/>\n\t<meta property=\"og:image:type\" content=\"image\/jpeg\" \/>\n<meta name=\"twitter:card\" content=\"summary_large_image\" \/>\n<meta name=\"twitter:label1\" content=\"Est. reading time\" \/>\n\t<meta name=\"twitter:data1\" content=\"2 minutes\" \/>\n<script type=\"application\/ld+json\" class=\"yoast-schema-graph\">{\"@context\":\"https:\\\/\\\/schema.org\",\"@graph\":[{\"@type\":\"WebPage\",\"@id\":\"https:\\\/\\\/tajkertesz.com\\\/termek\\\/gyom-es-mohakiszedo-fem-kes-25cm-muanyag-nyellel\\\/\",\"url\":\"https:\\\/\\\/tajkertesz.com\\\/termek\\\/gyom-es-mohakiszedo-fem-kes-25cm-muanyag-nyellel\\\/\",\"name\":\"Gyom \u00e9s mohakiszed\u0151 f\u00e9m k\u00e9s 25cm m\u0171anyag ny\u00e9llel - T\u00e1jkert\u00e9sz\",\"isPartOf\":{\"@id\":\"https:\\\/\\\/tajkertesz.com\\\/#website\"},\"primaryImageOfPage\":{\"@id\":\"https:\\\/\\\/tajkertesz.com\\\/termek\\\/gyom-es-mohakiszedo-fem-kes-25cm-muanyag-nyellel\\\/#primaryimage\"},\"image\":{\"@id\":\"https:\\\/\\\/tajkertesz.com\\\/termek\\\/gyom-es-mohakiszedo-fem-kes-25cm-muanyag-nyellel\\\/#primaryimage\"},\"thumbnailUrl\":\"https:\\\/\\\/tajkertesz.com\\\/wp-content\\\/uploads\\\/2024\\\/10\\\/20241001_094701-1-scaled.jpg\",\"datePublished\":\"2024-10-01T08:39:38+00:00\",\"dateModified\":\"2026-02-12T15:10:41+00:00\",\"description\":\"Gyom \u00e9s mohakiszed\u0151 f\u00e9m k\u00e9s 25cm m\u0171anyag ny\u00e9llel. K\u00f6nny\u0171 kezel\u00e9se \u00e9s hat\u00e9kony m\u0171k\u00f6d\u00e9se r\u00e9v\u00e9n gyorsan \u00e9s hat\u00e9konyan t\u00e1vol\u00edtja el a nem k\u00edv\u00e1natos...\",\"breadcrumb\":{\"@id\":\"https:\\\/\\\/tajkertesz.com\\\/termek\\\/gyom-es-mohakiszedo-fem-kes-25cm-muanyag-nyellel\\\/#breadcrumb\"},\"inLanguage\":\"en-US\",\"potentialAction\":[{\"@type\":\"ReadAction\",\"target\":[\"https:\\\/\\\/tajkertesz.com\\\/termek\\\/gyom-es-mohakiszedo-fem-kes-25cm-muanyag-nyellel\\\/\"]}]},{\"@type\":\"ImageObject\",\"inLanguage\":\"en-US\",\"@id\":\"https:\\\/\\\/tajkertesz.com\\\/termek\\\/gyom-es-mohakiszedo-fem-kes-25cm-muanyag-nyellel\\\/#primaryimage\",\"url\":\"https:\\\/\\\/tajkertesz.com\\\/wp-content\\\/uploads\\\/2024\\\/10\\\/20241001_094701-1-scaled.jpg\",\"contentUrl\":\"https:\\\/\\\/tajkertesz.com\\\/wp-content\\\/uploads\\\/2024\\\/10\\\/20241001_094701-1-scaled.jpg\",\"width\":1982,\"height\":1080,\"caption\":\"Moha \u00e9s gyomkiszed\u0151 szersz\u00e1m\"},{\"@type\":\"BreadcrumbList\",\"@id\":\"https:\\\/\\\/tajkertesz.com\\\/termek\\\/gyom-es-mohakiszedo-fem-kes-25cm-muanyag-nyellel\\\/#breadcrumb\",\"itemListElement\":[{\"@type\":\"ListItem\",\"position\":1,\"name\":\"Home\",\"item\":\"https:\\\/\\\/tajkertesz.com\\\/\"},{\"@type\":\"ListItem\",\"position\":2,\"name\":\"Kezd\u0151lap\",\"item\":\"https:\\\/\\\/tajkertesz.com\\\/\"},{\"@type\":\"ListItem\",\"position\":3,\"name\":\"Gyom \u00e9s mohakiszed\u0151 f\u00e9m k\u00e9s 25cm m\u0171anyag ny\u00e9llel\"}]},{\"@type\":\"WebSite\",\"@id\":\"https:\\\/\\\/tajkertesz.com\\\/#website\",\"url\":\"https:\\\/\\\/tajkertesz.com\\\/\",\"name\":\"T\u00e1j-Kert\u00e9sz 84 Kft.\",\"description\":\"Kert\u00e9szeti kis- \u00e9s nagykeresked\u00e9s, D\u00edszn\u00f6v\u00e9ny web\u00e1ruh\u00e1z orsz\u00e1gos h\u00e1zhozsz\u00e1ll\u00edt\u00e1ssal!\",\"publisher\":{\"@id\":\"https:\\\/\\\/tajkertesz.com\\\/#organization\"},\"potentialAction\":[{\"@type\":\"SearchAction\",\"target\":{\"@type\":\"EntryPoint\",\"urlTemplate\":\"https:\\\/\\\/tajkertesz.com\\\/?s={search_term_string}\"},\"query-input\":{\"@type\":\"PropertyValueSpecification\",\"valueRequired\":true,\"valueName\":\"search_term_string\"}}],\"inLanguage\":\"en-US\"},{\"@type\":\"Organization\",\"@id\":\"https:\\\/\\\/tajkertesz.com\\\/#organization\",\"name\":\"T\u00e1j-Kert\u00e9sz 84 Kft.\",\"url\":\"https:\\\/\\\/tajkertesz.com\\\/\",\"logo\":{\"@type\":\"ImageObject\",\"inLanguage\":\"en-US\",\"@id\":\"https:\\\/\\\/tajkertesz.com\\\/#\\\/schema\\\/logo\\\/image\\\/\",\"url\":\"https:\\\/\\\/tajkertesz.com\\\/wp-content\\\/uploads\\\/2018\\\/02\\\/logo-2-e1518678052539.png\",\"contentUrl\":\"https:\\\/\\\/tajkertesz.com\\\/wp-content\\\/uploads\\\/2018\\\/02\\\/logo-2-e1518678052539.png\",\"width\":81,\"height\":140,\"caption\":\"T\u00e1j-Kert\u00e9sz 84 Kft.\"},\"image\":{\"@id\":\"https:\\\/\\\/tajkertesz.com\\\/#\\\/schema\\\/logo\\\/image\\\/\"},\"sameAs\":[\"https:\\\/\\\/www.facebook.com\\\/Tajkertesz\\\/\"]}]}<\/script>\n<!-- \/ Yoast SEO plugin. -->","yoast_head_json":{"title":"Gyom \u00e9s mohakiszed\u0151 f\u00e9m k\u00e9s 25cm m\u0171anyag ny\u00e9llel - T\u00e1jkert\u00e9sz","description":"Gyom \u00e9s mohakiszed\u0151 f\u00e9m k\u00e9s 25cm m\u0171anyag ny\u00e9llel. K\u00f6nny\u0171 kezel\u00e9se \u00e9s hat\u00e9kony m\u0171k\u00f6d\u00e9se r\u00e9v\u00e9n gyorsan \u00e9s hat\u00e9konyan t\u00e1vol\u00edtja el a nem k\u00edv\u00e1natos...","robots":{"index":"index","follow":"follow","max-snippet":"max-snippet:-1","max-image-preview":"max-image-preview:large","max-video-preview":"max-video-preview:-1"},"canonical":"https:\/\/tajkertesz.com\/en_US\/product\/gyom-es-mohakiszedo-fem-kes-25cm-muanyag-nyellel\/","og_locale":"en_US","og_type":"article","og_title":"Gyom \u00e9s mohakiszed\u0151 f\u00e9m k\u00e9s 25cm m\u0171anyag ny\u00e9llel - T\u00e1jkert\u00e9sz","og_description":"Gyom \u00e9s mohakiszed\u0151 f\u00e9m k\u00e9s 25cm m\u0171anyag ny\u00e9llel. K\u00f6nny\u0171 kezel\u00e9se \u00e9s hat\u00e9kony m\u0171k\u00f6d\u00e9se r\u00e9v\u00e9n gyorsan \u00e9s hat\u00e9konyan t\u00e1vol\u00edtja el a nem k\u00edv\u00e1natos...","og_url":"https:\/\/tajkertesz.com\/en_US\/product\/gyom-es-mohakiszedo-fem-kes-25cm-muanyag-nyellel\/","og_site_name":"T\u00e1jkert\u00e9sz","article_publisher":"https:\/\/www.facebook.com\/Tajkertesz\/","article_modified_time":"2026-02-12T15:10:41+00:00","og_image":[{"width":1982,"height":1080,"url":"https:\/\/tajkertesz.com\/wp-content\/uploads\/2024\/10\/20241001_094701-1-scaled.jpg","type":"image\/jpeg"}],"twitter_card":"summary_large_image","twitter_misc":{"Est. reading time":"2 minutes"},"schema":{"@context":"https:\/\/schema.org","@graph":[{"@type":"WebPage","@id":"https:\/\/tajkertesz.com\/termek\/gyom-es-mohakiszedo-fem-kes-25cm-muanyag-nyellel\/","url":"https:\/\/tajkertesz.com\/termek\/gyom-es-mohakiszedo-fem-kes-25cm-muanyag-nyellel\/","name":"Gyom \u00e9s mohakiszed\u0151 f\u00e9m k\u00e9s 25cm m\u0171anyag ny\u00e9llel - T\u00e1jkert\u00e9sz","isPartOf":{"@id":"https:\/\/tajkertesz.com\/#website"},"primaryImageOfPage":{"@id":"https:\/\/tajkertesz.com\/termek\/gyom-es-mohakiszedo-fem-kes-25cm-muanyag-nyellel\/#primaryimage"},"image":{"@id":"https:\/\/tajkertesz.com\/termek\/gyom-es-mohakiszedo-fem-kes-25cm-muanyag-nyellel\/#primaryimage"},"thumbnailUrl":"https:\/\/tajkertesz.com\/wp-content\/uploads\/2024\/10\/20241001_094701-1-scaled.jpg","datePublished":"2024-10-01T08:39:38+00:00","dateModified":"2026-02-12T15:10:41+00:00","description":"Gyom \u00e9s mohakiszed\u0151 f\u00e9m k\u00e9s 25cm m\u0171anyag ny\u00e9llel. K\u00f6nny\u0171 kezel\u00e9se \u00e9s hat\u00e9kony m\u0171k\u00f6d\u00e9se r\u00e9v\u00e9n gyorsan \u00e9s hat\u00e9konyan t\u00e1vol\u00edtja el a nem k\u00edv\u00e1natos...","breadcrumb":{"@id":"https:\/\/tajkertesz.com\/termek\/gyom-es-mohakiszedo-fem-kes-25cm-muanyag-nyellel\/#breadcrumb"},"inLanguage":"en-US","potentialAction":[{"@type":"ReadAction","target":["https:\/\/tajkertesz.com\/termek\/gyom-es-mohakiszedo-fem-kes-25cm-muanyag-nyellel\/"]}]},{"@type":"ImageObject","inLanguage":"en-US","@id":"https:\/\/tajkertesz.com\/termek\/gyom-es-mohakiszedo-fem-kes-25cm-muanyag-nyellel\/#primaryimage","url":"https:\/\/tajkertesz.com\/wp-content\/uploads\/2024\/10\/20241001_094701-1-scaled.jpg","contentUrl":"https:\/\/tajkertesz.com\/wp-content\/uploads\/2024\/10\/20241001_094701-1-scaled.jpg","width":1982,"height":1080,"caption":"Moha \u00e9s gyomkiszed\u0151 szersz\u00e1m"},{"@type":"BreadcrumbList","@id":"https:\/\/tajkertesz.com\/termek\/gyom-es-mohakiszedo-fem-kes-25cm-muanyag-nyellel\/#breadcrumb","itemListElement":[{"@type":"ListItem","position":1,"name":"Home","item":"https:\/\/tajkertesz.com\/"},{"@type":"ListItem","position":2,"name":"Kezd\u0151lap","item":"https:\/\/tajkertesz.com\/"},{"@type":"ListItem","position":3,"name":"Gyom \u00e9s mohakiszed\u0151 f\u00e9m k\u00e9s 25cm m\u0171anyag ny\u00e9llel"}]},{"@type":"WebSite","@id":"https:\/\/tajkertesz.com\/#website","url":"https:\/\/tajkertesz.com\/","name":"T\u00e1j-Kert\u00e9sz 84 Kft.","description":"Kert\u00e9szeti kis- \u00e9s nagykeresked\u00e9s, D\u00edszn\u00f6v\u00e9ny web\u00e1ruh\u00e1z orsz\u00e1gos h\u00e1zhozsz\u00e1ll\u00edt\u00e1ssal!","publisher":{"@id":"https:\/\/tajkertesz.com\/#organization"},"potentialAction":[{"@type":"SearchAction","target":{"@type":"EntryPoint","urlTemplate":"https:\/\/tajkertesz.com\/?s={search_term_string}"},"query-input":{"@type":"PropertyValueSpecification","valueRequired":true,"valueName":"search_term_string"}}],"inLanguage":"en-US"},{"@type":"Organization","@id":"https:\/\/tajkertesz.com\/#organization","name":"T\u00e1j-Kert\u00e9sz 84 Kft.","url":"https:\/\/tajkertesz.com\/","logo":{"@type":"ImageObject","inLanguage":"en-US","@id":"https:\/\/tajkertesz.com\/#\/schema\/logo\/image\/","url":"https:\/\/tajkertesz.com\/wp-content\/uploads\/2018\/02\/logo-2-e1518678052539.png","contentUrl":"https:\/\/tajkertesz.com\/wp-content\/uploads\/2018\/02\/logo-2-e1518678052539.png","width":81,"height":140,"caption":"T\u00e1j-Kert\u00e9sz 84 Kft."},"image":{"@id":"https:\/\/tajkertesz.com\/#\/schema\/logo\/image\/"},"sameAs":["https:\/\/www.facebook.com\/Tajkertesz\/"]}]}},"_links":{"self":[{"href":"https:\/\/tajkertesz.com\/en_US\/wp-json\/wp\/v2\/product\/21169","targetHints":{"allow":["GET"]}}],"collection":[{"href":"https:\/\/tajkertesz.com\/en_US\/wp-json\/wp\/v2\/product"}],"about":[{"href":"https:\/\/tajkertesz.com\/en_US\/wp-json\/wp\/v2\/types\/product"}],"wp:featuredmedia":[{"embeddable":true,"href":"https:\/\/tajkertesz.com\/en_US\/wp-json\/wp\/v2\/media\/21170"}],"wp:attachment":[{"href":"https:\/\/tajkertesz.com\/en_US\/wp-json\/wp\/v2\/media?parent=21169"}],"wp:term":[{"taxonomy":"product_brand","embeddable":true,"href":"https:\/\/tajkertesz.com\/en_US\/wp-json\/wp\/v2\/product_brand?post=21169"},{"taxonomy":"product_cat","embeddable":true,"href":"https:\/\/tajkertesz.com\/en_US\/wp-json\/wp\/v2\/product_cat?post=21169"},{"taxonomy":"product_tag","embeddable":true,"href":"https:\/\/tajkertesz.com\/en_US\/wp-json\/wp\/v2\/product_tag?post=21169"}],"curies":[{"name":"wp","href":"https:\/\/api.w.org\/{rel}","templated":true}]}}