{"id":21172,"date":"2024-10-01T09:05:11","date_gmt":"2024-10-01T09:05:11","guid":{"rendered":"https:\/\/tajkertesz.com\/?post_type=product&#038;p=21172"},"modified":"2026-02-12T15:10:32","modified_gmt":"2026-02-12T15:10:32","slug":"biopon-kerti-mesz-1kg","status":"publish","type":"product","link":"https:\/\/tajkertesz.com\/en_US\/product\/biopon-kerti-mesz-1kg\/","title":{"rendered":"Biopon kerti m\u00e9sz 1kg."},"content":{"rendered":"<h2>Biopon kerti m\u00e9sz 1kg.<\/h2>\n<p>Biopon kerti m\u00e9sz 1kg.<\/p>\n<p>Talajmeszez\u00e9s (savcs\u00f6kkent\u00e9s): Haszn\u00e1lja k\u00e9s\u0151 \u0151sszel, vagy kora tavasszal legal\u00e1bb 3-4 h\u00e9ttel a tervezett vet\u00e9s ill. \u00fcltet\u00e9s el\u0151tt, miel\u0151tt m\u00e9g m\u00e1s szervestr\u00e1gy\u00e1kat haszn\u00e1lna.<\/p>\n<p>Sz\u00f3rjon 10 m2-enk\u00e9nt kb. 0,5-1 kg meszet a nedves talajra, sz\u00e9lmentes napon.<\/p>\n<p>Haszn\u00e1lata egy szezonban egyszer elegend\u0151. Ne haszn\u00e1lja a term\u00e9ket savany\u00fa talajt kedvel\u0151 n\u00f6v\u00e9nyekhez (rododendronok, \u00e1fonya stb.)<\/p>\n<p>&#8211; K\u00f6nnyen old\u00f3dik<\/p>\n<p>&#8211; Serkenti a j\u00f3t\u00e9kony mikrofl\u00f3ra fejl\u0151d\u00e9s\u00e9t \u00e9s jav\u00edtja a talaj fizikai szerkezet\u00e9t<\/p>\n<p>&#8211; Aktiv\u00e1lja a nitrog\u00e9n, foszfor, kalcium, magn\u00e9zium \u00e9s b\u00f3r felsz\u00edv\u00f3d\u00e1s\u00e1t<\/p>\n<p>A paradicsom, uborka, s\u00e1rgar\u00e9pa, petrezselyem, zeller, bors\u00f3 \u00e9s a bab nem t\u0171ri a meszet. Ezen n\u00f6v\u00e9nyek talaj\u00e1t legk\u00e9s\u0151bb el\u0151z\u0151 \u0151sszel szabad kezelni a term\u00e9kkel.<\/p>\n<p>EK-m\u0171tr\u00e1gya, meszez\u0151 anyag.<br \/>\nTerm\u00e9szetes m\u00e9sz.<br \/>\nKiv\u00e1l\u00f3 min\u0151s\u00e9g. \u00d6sszes kalcium: 34-36%<\/p>\n<p><strong>K\u00e9szlet\u00fcnk napi szinten v\u00e1ltozik, ez\u00e9rt k\u00e9rj\u00fck, \u00e9rdekl\u0151dj\u00f6n szem\u00e9lyesen, telefonon vagy email-en.<br \/>\nA v\u00e1ltoztat\u00e1s jog\u00e1t fenntartjuk!\u00a0<\/strong><\/p>\n<p>&nbsp;<\/p>\n<p><a href=\"https:\/\/tajkertesz.com\/\">https:\/\/tajkertesz.com\/<\/a><\/p>\n<p><a href=\"https:\/\/www.facebook.com\/tajkertesz\/\">https:\/\/www.facebook.com\/tajkertesz\/<\/a><\/p>\n<p>Kisz\u00e1ll\u00edt\u00e1s: 200cm-ig \u00a0\u00e9s 40 kg-ig a sz\u00e1ll\u00edt\u00e1s fut\u00e1rszolg\u00e1lattal \u00a0t\u00f6rt\u00e9nik.<\/p>\n<p>Szem\u00e9lyes \u00e1tv\u00e9tel nyitvatart\u00e1si id\u0151ben a 17. ker\u00fclet Bakancsos utca 7. sz\u00e1m alatti Kert\u00e9szeti \u00e1rud\u00e1nkban.<\/p>\n<p>&nbsp;<\/p>","protected":false},"excerpt":{"rendered":"<p>BIOPON Kerti M\u00e9sz 1kg<br \/>\nF\u00e1k meszel\u00e9s\u00e9re haszn\u00e1lja novembert\u0151l m\u00e1rciusig. Meszelj\u00fcnk es\u0151mentes napon 0\u00b0C feletti h\u0151m\u00e9rs\u00e9kletn\u00e9l. Ism\u00e9telje meg, ha a meszet lemossa az es\u0151. Aj\u00e1nlott az \u00f6sszes gy\u00fcm\u00f6lcsf\u00e1t \u00e9s k\u00fasz\u00f3 bokrot (ribizli, egres) lemeszelni.<\/p>","protected":false},"featured_media":21173,"template":"","meta":{"_et_pb_use_builder":"","_et_pb_old_content":"","_et_gb_content_width":""},"product_brand":[],"product_cat":[35],"product_tag":[5315,5317,5316,5318],"class_list":{"0":"post-21172","1":"product","2":"type-product","3":"status-publish","4":"has-post-thumbnail","6":"product_cat-tragyak","7":"product_tag-biopon","8":"product_tag-kerti-mesz","9":"product_tag-mesz","10":"product_tag-savcsokkentes","12":"first","13":"instock","14":"shipping-taxable","15":"purchasable","16":"product-type-simple"},"yoast_head":"<!-- This site is optimized with the Yoast SEO plugin v27.3 - https:\/\/yoast.com\/product\/yoast-seo-wordpress\/ -->\n<title>Biopon kerti m\u00e9sz 1kg. - T\u00e1jkert\u00e9sz<\/title>\n<meta name=\"description\" content=\"Biopon kerti m\u00e9sz 1kg. Haszn\u00e1lata egy szezonban egyszer elegend\u0151. Ne haszn\u00e1lja a term\u00e9ket savany\u00fa talajt kedvel\u0151 n\u00f6v\u00e9nyekhez (rododendronok, \u00e1fonya stb.)\" \/>\n<meta name=\"robots\" content=\"index, follow, max-snippet:-1, max-image-preview:large, max-video-preview:-1\" \/>\n<link rel=\"canonical\" href=\"https:\/\/tajkertesz.com\/en_US\/product\/biopon-kerti-mesz-1kg\/\" \/>\n<meta property=\"og:locale\" content=\"en_US\" \/>\n<meta property=\"og:type\" content=\"article\" \/>\n<meta property=\"og:title\" content=\"Biopon kerti m\u00e9sz 1kg. - T\u00e1jkert\u00e9sz\" \/>\n<meta property=\"og:description\" content=\"Biopon kerti m\u00e9sz 1kg. Haszn\u00e1lata egy szezonban egyszer elegend\u0151. Ne haszn\u00e1lja a term\u00e9ket savany\u00fa talajt kedvel\u0151 n\u00f6v\u00e9nyekhez (rododendronok, \u00e1fonya stb.)\" \/>\n<meta property=\"og:url\" content=\"https:\/\/tajkertesz.com\/en_US\/product\/biopon-kerti-mesz-1kg\/\" \/>\n<meta property=\"og:site_name\" content=\"T\u00e1jkert\u00e9sz\" \/>\n<meta property=\"article:publisher\" content=\"https:\/\/www.facebook.com\/Tajkertesz\/\" \/>\n<meta property=\"article:modified_time\" content=\"2026-02-12T15:10:32+00:00\" \/>\n<meta property=\"og:image\" content=\"https:\/\/tajkertesz.com\/wp-content\/uploads\/2024\/10\/TTB1164.jpg\" \/>\n\t<meta property=\"og:image:width\" content=\"1000\" \/>\n\t<meta property=\"og:image:height\" content=\"1000\" \/>\n\t<meta property=\"og:image:type\" content=\"image\/jpeg\" \/>\n<meta name=\"twitter:card\" content=\"summary_large_image\" \/>\n<meta name=\"twitter:label1\" content=\"Est. reading time\" \/>\n\t<meta name=\"twitter:data1\" content=\"2 minutes\" \/>\n<script type=\"application\/ld+json\" class=\"yoast-schema-graph\">{\"@context\":\"https:\\\/\\\/schema.org\",\"@graph\":[{\"@type\":\"WebPage\",\"@id\":\"https:\\\/\\\/tajkertesz.com\\\/termek\\\/biopon-kerti-mesz-1kg\\\/\",\"url\":\"https:\\\/\\\/tajkertesz.com\\\/termek\\\/biopon-kerti-mesz-1kg\\\/\",\"name\":\"Biopon kerti m\u00e9sz 1kg. - T\u00e1jkert\u00e9sz\",\"isPartOf\":{\"@id\":\"https:\\\/\\\/tajkertesz.com\\\/#website\"},\"primaryImageOfPage\":{\"@id\":\"https:\\\/\\\/tajkertesz.com\\\/termek\\\/biopon-kerti-mesz-1kg\\\/#primaryimage\"},\"image\":{\"@id\":\"https:\\\/\\\/tajkertesz.com\\\/termek\\\/biopon-kerti-mesz-1kg\\\/#primaryimage\"},\"thumbnailUrl\":\"https:\\\/\\\/tajkertesz.com\\\/wp-content\\\/uploads\\\/2024\\\/10\\\/TTB1164.jpg\",\"datePublished\":\"2024-10-01T09:05:11+00:00\",\"dateModified\":\"2026-02-12T15:10:32+00:00\",\"description\":\"Biopon kerti m\u00e9sz 1kg. Haszn\u00e1lata egy szezonban egyszer elegend\u0151. Ne haszn\u00e1lja a term\u00e9ket savany\u00fa talajt kedvel\u0151 n\u00f6v\u00e9nyekhez (rododendronok, \u00e1fonya stb.)\",\"breadcrumb\":{\"@id\":\"https:\\\/\\\/tajkertesz.com\\\/termek\\\/biopon-kerti-mesz-1kg\\\/#breadcrumb\"},\"inLanguage\":\"en-US\",\"potentialAction\":[{\"@type\":\"ReadAction\",\"target\":[\"https:\\\/\\\/tajkertesz.com\\\/termek\\\/biopon-kerti-mesz-1kg\\\/\"]}]},{\"@type\":\"ImageObject\",\"inLanguage\":\"en-US\",\"@id\":\"https:\\\/\\\/tajkertesz.com\\\/termek\\\/biopon-kerti-mesz-1kg\\\/#primaryimage\",\"url\":\"https:\\\/\\\/tajkertesz.com\\\/wp-content\\\/uploads\\\/2024\\\/10\\\/TTB1164.jpg\",\"contentUrl\":\"https:\\\/\\\/tajkertesz.com\\\/wp-content\\\/uploads\\\/2024\\\/10\\\/TTB1164.jpg\",\"width\":1000,\"height\":1000,\"caption\":\"Biopon kerti m\u00e9sz\"},{\"@type\":\"BreadcrumbList\",\"@id\":\"https:\\\/\\\/tajkertesz.com\\\/termek\\\/biopon-kerti-mesz-1kg\\\/#breadcrumb\",\"itemListElement\":[{\"@type\":\"ListItem\",\"position\":1,\"name\":\"Home\",\"item\":\"https:\\\/\\\/tajkertesz.com\\\/\"},{\"@type\":\"ListItem\",\"position\":2,\"name\":\"Kezd\u0151lap\",\"item\":\"https:\\\/\\\/tajkertesz.com\\\/\"},{\"@type\":\"ListItem\",\"position\":3,\"name\":\"Biopon kerti m\u00e9sz 1kg.\"}]},{\"@type\":\"WebSite\",\"@id\":\"https:\\\/\\\/tajkertesz.com\\\/#website\",\"url\":\"https:\\\/\\\/tajkertesz.com\\\/\",\"name\":\"T\u00e1j-Kert\u00e9sz 84 Kft.\",\"description\":\"Kert\u00e9szeti kis- \u00e9s nagykeresked\u00e9s, D\u00edszn\u00f6v\u00e9ny web\u00e1ruh\u00e1z orsz\u00e1gos h\u00e1zhozsz\u00e1ll\u00edt\u00e1ssal!\",\"publisher\":{\"@id\":\"https:\\\/\\\/tajkertesz.com\\\/#organization\"},\"potentialAction\":[{\"@type\":\"SearchAction\",\"target\":{\"@type\":\"EntryPoint\",\"urlTemplate\":\"https:\\\/\\\/tajkertesz.com\\\/?s={search_term_string}\"},\"query-input\":{\"@type\":\"PropertyValueSpecification\",\"valueRequired\":true,\"valueName\":\"search_term_string\"}}],\"inLanguage\":\"en-US\"},{\"@type\":\"Organization\",\"@id\":\"https:\\\/\\\/tajkertesz.com\\\/#organization\",\"name\":\"T\u00e1j-Kert\u00e9sz 84 Kft.\",\"url\":\"https:\\\/\\\/tajkertesz.com\\\/\",\"logo\":{\"@type\":\"ImageObject\",\"inLanguage\":\"en-US\",\"@id\":\"https:\\\/\\\/tajkertesz.com\\\/#\\\/schema\\\/logo\\\/image\\\/\",\"url\":\"https:\\\/\\\/tajkertesz.com\\\/wp-content\\\/uploads\\\/2018\\\/02\\\/logo-2-e1518678052539.png\",\"contentUrl\":\"https:\\\/\\\/tajkertesz.com\\\/wp-content\\\/uploads\\\/2018\\\/02\\\/logo-2-e1518678052539.png\",\"width\":81,\"height\":140,\"caption\":\"T\u00e1j-Kert\u00e9sz 84 Kft.\"},\"image\":{\"@id\":\"https:\\\/\\\/tajkertesz.com\\\/#\\\/schema\\\/logo\\\/image\\\/\"},\"sameAs\":[\"https:\\\/\\\/www.facebook.com\\\/Tajkertesz\\\/\"]}]}<\/script>\n<!-- \/ Yoast SEO plugin. -->","yoast_head_json":{"title":"Biopon kerti m\u00e9sz 1kg. - T\u00e1jkert\u00e9sz","description":"Biopon kerti m\u00e9sz 1kg. Haszn\u00e1lata egy szezonban egyszer elegend\u0151. Ne haszn\u00e1lja a term\u00e9ket savany\u00fa talajt kedvel\u0151 n\u00f6v\u00e9nyekhez (rododendronok, \u00e1fonya stb.)","robots":{"index":"index","follow":"follow","max-snippet":"max-snippet:-1","max-image-preview":"max-image-preview:large","max-video-preview":"max-video-preview:-1"},"canonical":"https:\/\/tajkertesz.com\/en_US\/product\/biopon-kerti-mesz-1kg\/","og_locale":"en_US","og_type":"article","og_title":"Biopon kerti m\u00e9sz 1kg. - T\u00e1jkert\u00e9sz","og_description":"Biopon kerti m\u00e9sz 1kg. Haszn\u00e1lata egy szezonban egyszer elegend\u0151. Ne haszn\u00e1lja a term\u00e9ket savany\u00fa talajt kedvel\u0151 n\u00f6v\u00e9nyekhez (rododendronok, \u00e1fonya stb.)","og_url":"https:\/\/tajkertesz.com\/en_US\/product\/biopon-kerti-mesz-1kg\/","og_site_name":"T\u00e1jkert\u00e9sz","article_publisher":"https:\/\/www.facebook.com\/Tajkertesz\/","article_modified_time":"2026-02-12T15:10:32+00:00","og_image":[{"width":1000,"height":1000,"url":"https:\/\/tajkertesz.com\/wp-content\/uploads\/2024\/10\/TTB1164.jpg","type":"image\/jpeg"}],"twitter_card":"summary_large_image","twitter_misc":{"Est. reading time":"2 minutes"},"schema":{"@context":"https:\/\/schema.org","@graph":[{"@type":"WebPage","@id":"https:\/\/tajkertesz.com\/termek\/biopon-kerti-mesz-1kg\/","url":"https:\/\/tajkertesz.com\/termek\/biopon-kerti-mesz-1kg\/","name":"Biopon kerti m\u00e9sz 1kg. - T\u00e1jkert\u00e9sz","isPartOf":{"@id":"https:\/\/tajkertesz.com\/#website"},"primaryImageOfPage":{"@id":"https:\/\/tajkertesz.com\/termek\/biopon-kerti-mesz-1kg\/#primaryimage"},"image":{"@id":"https:\/\/tajkertesz.com\/termek\/biopon-kerti-mesz-1kg\/#primaryimage"},"thumbnailUrl":"https:\/\/tajkertesz.com\/wp-content\/uploads\/2024\/10\/TTB1164.jpg","datePublished":"2024-10-01T09:05:11+00:00","dateModified":"2026-02-12T15:10:32+00:00","description":"Biopon kerti m\u00e9sz 1kg. Haszn\u00e1lata egy szezonban egyszer elegend\u0151. Ne haszn\u00e1lja a term\u00e9ket savany\u00fa talajt kedvel\u0151 n\u00f6v\u00e9nyekhez (rododendronok, \u00e1fonya stb.)","breadcrumb":{"@id":"https:\/\/tajkertesz.com\/termek\/biopon-kerti-mesz-1kg\/#breadcrumb"},"inLanguage":"en-US","potentialAction":[{"@type":"ReadAction","target":["https:\/\/tajkertesz.com\/termek\/biopon-kerti-mesz-1kg\/"]}]},{"@type":"ImageObject","inLanguage":"en-US","@id":"https:\/\/tajkertesz.com\/termek\/biopon-kerti-mesz-1kg\/#primaryimage","url":"https:\/\/tajkertesz.com\/wp-content\/uploads\/2024\/10\/TTB1164.jpg","contentUrl":"https:\/\/tajkertesz.com\/wp-content\/uploads\/2024\/10\/TTB1164.jpg","width":1000,"height":1000,"caption":"Biopon kerti m\u00e9sz"},{"@type":"BreadcrumbList","@id":"https:\/\/tajkertesz.com\/termek\/biopon-kerti-mesz-1kg\/#breadcrumb","itemListElement":[{"@type":"ListItem","position":1,"name":"Home","item":"https:\/\/tajkertesz.com\/"},{"@type":"ListItem","position":2,"name":"Kezd\u0151lap","item":"https:\/\/tajkertesz.com\/"},{"@type":"ListItem","position":3,"name":"Biopon kerti m\u00e9sz 1kg."}]},{"@type":"WebSite","@id":"https:\/\/tajkertesz.com\/#website","url":"https:\/\/tajkertesz.com\/","name":"T\u00e1j-Kert\u00e9sz 84 Kft.","description":"Kert\u00e9szeti kis- \u00e9s nagykeresked\u00e9s, D\u00edszn\u00f6v\u00e9ny web\u00e1ruh\u00e1z orsz\u00e1gos h\u00e1zhozsz\u00e1ll\u00edt\u00e1ssal!","publisher":{"@id":"https:\/\/tajkertesz.com\/#organization"},"potentialAction":[{"@type":"SearchAction","target":{"@type":"EntryPoint","urlTemplate":"https:\/\/tajkertesz.com\/?s={search_term_string}"},"query-input":{"@type":"PropertyValueSpecification","valueRequired":true,"valueName":"search_term_string"}}],"inLanguage":"en-US"},{"@type":"Organization","@id":"https:\/\/tajkertesz.com\/#organization","name":"T\u00e1j-Kert\u00e9sz 84 Kft.","url":"https:\/\/tajkertesz.com\/","logo":{"@type":"ImageObject","inLanguage":"en-US","@id":"https:\/\/tajkertesz.com\/#\/schema\/logo\/image\/","url":"https:\/\/tajkertesz.com\/wp-content\/uploads\/2018\/02\/logo-2-e1518678052539.png","contentUrl":"https:\/\/tajkertesz.com\/wp-content\/uploads\/2018\/02\/logo-2-e1518678052539.png","width":81,"height":140,"caption":"T\u00e1j-Kert\u00e9sz 84 Kft."},"image":{"@id":"https:\/\/tajkertesz.com\/#\/schema\/logo\/image\/"},"sameAs":["https:\/\/www.facebook.com\/Tajkertesz\/"]}]}},"_links":{"self":[{"href":"https:\/\/tajkertesz.com\/en_US\/wp-json\/wp\/v2\/product\/21172","targetHints":{"allow":["GET"]}}],"collection":[{"href":"https:\/\/tajkertesz.com\/en_US\/wp-json\/wp\/v2\/product"}],"about":[{"href":"https:\/\/tajkertesz.com\/en_US\/wp-json\/wp\/v2\/types\/product"}],"wp:featuredmedia":[{"embeddable":true,"href":"https:\/\/tajkertesz.com\/en_US\/wp-json\/wp\/v2\/media\/21173"}],"wp:attachment":[{"href":"https:\/\/tajkertesz.com\/en_US\/wp-json\/wp\/v2\/media?parent=21172"}],"wp:term":[{"taxonomy":"product_brand","embeddable":true,"href":"https:\/\/tajkertesz.com\/en_US\/wp-json\/wp\/v2\/product_brand?post=21172"},{"taxonomy":"product_cat","embeddable":true,"href":"https:\/\/tajkertesz.com\/en_US\/wp-json\/wp\/v2\/product_cat?post=21172"},{"taxonomy":"product_tag","embeddable":true,"href":"https:\/\/tajkertesz.com\/en_US\/wp-json\/wp\/v2\/product_tag?post=21172"}],"curies":[{"name":"wp","href":"https:\/\/api.w.org\/{rel}","templated":true}]}}