{"id":21175,"date":"2024-10-01T09:35:33","date_gmt":"2024-10-01T09:35:33","guid":{"rendered":"https:\/\/tajkertesz.com\/?post_type=product&#038;p=21175"},"modified":"2026-02-12T15:10:21","modified_gmt":"2026-02-12T15:10:21","slug":"vitaflora-bonsai-tapoldat-01l","status":"publish","type":"product","link":"https:\/\/tajkertesz.com\/en_US\/product\/vitaflora-bonsai-tapoldat-01l\/","title":{"rendered":"Vitaflora bonsai t\u00e1poldat 0,1L."},"content":{"rendered":"<h2>Vitaflora bonsai t\u00e1poldat 0,1L.<\/h2>\n<p>Vitaflora bonsai t\u00e1poldat 0,1L.<\/p>\n<p>A bonsai n\u00f6v\u00e9nyekt\u0151l &#8211; ellent\u00e9tben m\u00e1s d\u00edszn\u00f6v\u00e9nyekkel &#8211; nem a folyamatos, intenz\u00edv fejl\u0151d\u00e9st v\u00e1rjuk el.<\/p>\n<p>Ez\u00e9rt ig\u00e9nyeik a t\u00e1panyagell\u00e1t\u00e1s ter\u00e9n l\u00e9nyegesen elt\u00e9rnek a t\u00f6bbi n\u00f6v\u00e9ny\u00e9t\u0151l.<\/p>\n<p>A bonsai n\u00f6v\u00e9nyek egyszerre kev\u00e9s, de rendszeres t\u00e1panyag-ut\u00e1np\u00f3tl\u00e1st ig\u00e9nyelnek.<\/p>\n<p>A t\u00e1panyag-adagol\u00e1ssal szab\u00e1lyozhat\u00f3 a n\u00f6v\u00e9ny fejl\u0151d\u00e9se. A veget\u00e1ci\u00f3s id\u0151szakban a bonsai n\u00f6v\u00e9nyeket k\u00e9thetente alacsony nitrog\u00e9n-tartalm\u00fa t\u00e1poldattal \u00f6nt\u00f6zz\u00fck.<\/p>\n<p>Ennek a k\u00f6vetelm\u00e9nynek t\u00f6k\u00e9letesen megfelel a Vitafl\u00f3ra Bonsai t\u00e1poldat, amely a kev\u00e9s nitrog\u00e9n mellett nagyobb ar\u00e1nyban tartalmaz foszfort \u00e9s k\u00e1liumot, illetve minden sz\u00fcks\u00e9ges mikroelemet, mint pl. vas, r\u00e9z, magn\u00e9zium, cink.<\/p>\n<p style=\"text-align: left;\" align=\"center\"><span style=\"font-size: x-large;\"><b>Felhaszn\u00e1l\u00e1s:<br \/>\n<\/b><\/span><\/p>\n<p style=\"text-align: left;\" align=\"center\">mindenf\u00e9le kerti \u00e9s szobai bonsai n\u00f6v\u00e9nyhez<\/p>\n<p style=\"text-align: left;\" align=\"center\"><span style=\"font-size: x-large;\"><b>Adagol\u00e1s:<br \/>\n<\/b><\/span><\/p>\n<p style=\"text-align: left;\" align=\"justify\">3 liter \u00f6nt\u00f6z\u0151v\u00edzhez 10 ml t\u00e1poldatot keverve \u00f6nt\u00f6zz\u00fck a n\u00f6v\u00e9nyeket a m\u00e9ret\u00fcknek megfelel\u0151 v\u00edzmennyis\u00e9ggel. A kijuttat\u00e1st ny\u00e1ron 2-3 hetente ism\u00e9telj\u00fck, t\u00e9len a szobai bonsai n\u00f6v\u00e9nyeket f\u00e9nyviszonyt\u00f3l f\u00fcgg\u0151en 4-6 hetente t\u00e1poldatozzuk. Lev\u00e9ltr\u00e1gyak\u00e9nt is kijuttathat\u00f3, 3-5 ml t\u00e1p\/ 1 liter v\u00edz.<\/p>\n<p>\u00d6sszet\u00e9tel: NPK 2,7 &#8211; 6,4 &#8211; 5,9<\/p>\n<p>N: 2,7%<\/p>\n<p>Biztons\u00e1gos haszn\u00e1lat: gyermekek \u00e9s h\u00e1zi\u00e1llatok el\u0151l elz\u00e1rva tartand\u00f3. Ker\u00fclni kell a b\u0151rrel val\u00f3 \u00e9rintkez\u00e9st \u00e9s a szembejut\u00e1st. Eredeti, z\u00e1rt csomagol\u00e1sban, napf\u00e9nyt\u0151l v\u00e9dett 5-20oC k\u00f6z\u00f6tti h\u0151m\u00e9rs\u00e9kleten korl\u00e1tlan ideig eltarthat\u00f3. Ez a tr\u00e1gya karbamidot tartalmaz, amelyb\u00f3l amm\u00f3nia szabadulhat fel, \u00e9s hat\u00e1ssal lehet a leveg\u0151 min\u0151s\u00e9g\u00e9re.<\/p>\n<p>El\u00e9rhet\u0151 t\u00f6bbf\u00e9le m\u00e9retben \u00e9s \u00e1rban.<\/p>\n<p><strong>K\u00e9szlet\u00fcnk napi szinten v\u00e1ltozik, ez\u00e9rt k\u00e9rj\u00fck, \u00e9rdekl\u0151dj\u00f6n szem\u00e9lyesen, telefonon vagy email-en.<br \/>\nA v\u00e1ltoztat\u00e1s jog\u00e1t fenntartjuk!\u00a0<\/strong><\/p>\n<p><a href=\"https:\/\/tajkertesz.com\/\">https:\/\/tajkertesz.com\/<\/a><\/p>\n<p><a href=\"https:\/\/www.facebook.com\/tajkertesz\/\">https:\/\/www.facebook.com\/tajkertesz\/<\/a><\/p>\n<p>Kisz\u00e1ll\u00edt\u00e1s: 200cm-ig \u00a0\u00e9s 40 kg-ig a sz\u00e1ll\u00edt\u00e1s fut\u00e1rszolg\u00e1lattal \u00a0t\u00f6rt\u00e9nik.<\/p>\n<p>Szem\u00e9lyes \u00e1tv\u00e9tel nyitvatart\u00e1si id\u0151ben a 17. ker\u00fclet Bakancsos utca 7. sz\u00e1m alatti Kert\u00e9szeti \u00e1rud\u00e1nkban.<\/p>","protected":false},"excerpt":{"rendered":"<p>A bonsaiok gondoz\u00e1s\u00e1n\u00e1l\u00a0<strong>elengedhetetlen\u00fcl sz\u00fcks\u00e9ges a t\u00e1panyag ut\u00e1np\u00f3tl\u00e1sa<\/strong>. Ezt r\u00e9szben az \u00e1t\u00fcltet\u00e9skor haszn\u00e1lt bonsai f\u00f6ldkever\u00e9k biztos\u00edtja, r\u00e9szben pedig a k\u00fcl\u00f6nb\u00f6z\u0151 t\u00e1poldatok, t\u00e1pkock\u00e1k, melyek\u00a0<strong>\u00f6nt\u00f6z\u00e9skor tudnak felsz\u00edv\u00f3dni<\/strong>\u00a0a gy\u00f6kereken kereszt\u00fcl.<\/p>\n<p>Kiszerel\u00e9s: 100 ml<\/p>","protected":false},"featured_media":21177,"template":"","meta":{"_et_pb_use_builder":"","_et_pb_old_content":"","_et_gb_content_width":""},"product_brand":[],"product_cat":[1845],"product_tag":[1462,1450,5319],"class_list":{"0":"post-21175","1":"product","2":"type-product","3":"status-publish","4":"has-post-thumbnail","6":"product_cat-egyeb-tapoldatok-mutragyak","7":"product_tag-bonsai","8":"product_tag-tapoldat","9":"product_tag-vitaflora","11":"first","12":"instock","13":"shipping-taxable","14":"purchasable","15":"product-type-simple"},"yoast_head":"<!-- This site is optimized with the Yoast SEO plugin v27.4 - https:\/\/yoast.com\/product\/yoast-seo-wordpress\/ -->\n<title>Vitaflora bonsai t\u00e1poldat 0,1L. - T\u00e1jkert\u00e9sz<\/title>\n<meta name=\"description\" content=\"Vitaflora bonsai t\u00e1poldat 0,1L. A veget\u00e1ci\u00f3s id\u0151szakban a bonsai n\u00f6v\u00e9nyeket k\u00e9thetente alacsony nitrog\u00e9n-tartalm\u00fa t\u00e1poldattal \u00f6nt\u00f6zz\u00fck.\" \/>\n<meta name=\"robots\" content=\"index, follow, max-snippet:-1, max-image-preview:large, max-video-preview:-1\" \/>\n<link rel=\"canonical\" href=\"https:\/\/tajkertesz.com\/en_US\/product\/vitaflora-bonsai-tapoldat-01l\/\" \/>\n<meta property=\"og:locale\" content=\"en_US\" \/>\n<meta property=\"og:type\" content=\"article\" \/>\n<meta property=\"og:title\" content=\"Vitaflora bonsai t\u00e1poldat 0,1L. - T\u00e1jkert\u00e9sz\" \/>\n<meta property=\"og:description\" content=\"Vitaflora bonsai t\u00e1poldat 0,1L. A veget\u00e1ci\u00f3s id\u0151szakban a bonsai n\u00f6v\u00e9nyeket k\u00e9thetente alacsony nitrog\u00e9n-tartalm\u00fa t\u00e1poldattal \u00f6nt\u00f6zz\u00fck.\" \/>\n<meta property=\"og:url\" content=\"https:\/\/tajkertesz.com\/en_US\/product\/vitaflora-bonsai-tapoldat-01l\/\" \/>\n<meta property=\"og:site_name\" content=\"T\u00e1jkert\u00e9sz\" \/>\n<meta property=\"article:publisher\" content=\"https:\/\/www.facebook.com\/Tajkertesz\/\" \/>\n<meta property=\"article:modified_time\" content=\"2026-02-12T15:10:21+00:00\" \/>\n<meta property=\"og:image\" content=\"https:\/\/tajkertesz.com\/wp-content\/uploads\/2024\/10\/Bonsai_tapoldat_Vitaflora_01_.jpg.webp\" \/>\n\t<meta property=\"og:image:width\" content=\"900\" \/>\n\t<meta property=\"og:image:height\" content=\"900\" \/>\n\t<meta property=\"og:image:type\" content=\"image\/webp\" \/>\n<meta name=\"twitter:card\" content=\"summary_large_image\" \/>\n<meta name=\"twitter:label1\" content=\"Est. reading time\" \/>\n\t<meta name=\"twitter:data1\" content=\"2 minutes\" \/>\n<script type=\"application\/ld+json\" class=\"yoast-schema-graph\">{\"@context\":\"https:\\\/\\\/schema.org\",\"@graph\":[{\"@type\":\"WebPage\",\"@id\":\"https:\\\/\\\/tajkertesz.com\\\/termek\\\/vitaflora-bonsai-tapoldat-01l\\\/\",\"url\":\"https:\\\/\\\/tajkertesz.com\\\/termek\\\/vitaflora-bonsai-tapoldat-01l\\\/\",\"name\":\"Vitaflora bonsai t\u00e1poldat 0,1L. - T\u00e1jkert\u00e9sz\",\"isPartOf\":{\"@id\":\"https:\\\/\\\/tajkertesz.com\\\/#website\"},\"primaryImageOfPage\":{\"@id\":\"https:\\\/\\\/tajkertesz.com\\\/termek\\\/vitaflora-bonsai-tapoldat-01l\\\/#primaryimage\"},\"image\":{\"@id\":\"https:\\\/\\\/tajkertesz.com\\\/termek\\\/vitaflora-bonsai-tapoldat-01l\\\/#primaryimage\"},\"thumbnailUrl\":\"https:\\\/\\\/tajkertesz.com\\\/wp-content\\\/uploads\\\/2024\\\/10\\\/Bonsai_tapoldat_Vitaflora_01_.jpg.webp\",\"datePublished\":\"2024-10-01T09:35:33+00:00\",\"dateModified\":\"2026-02-12T15:10:21+00:00\",\"description\":\"Vitaflora bonsai t\u00e1poldat 0,1L. A veget\u00e1ci\u00f3s id\u0151szakban a bonsai n\u00f6v\u00e9nyeket k\u00e9thetente alacsony nitrog\u00e9n-tartalm\u00fa t\u00e1poldattal \u00f6nt\u00f6zz\u00fck.\",\"breadcrumb\":{\"@id\":\"https:\\\/\\\/tajkertesz.com\\\/termek\\\/vitaflora-bonsai-tapoldat-01l\\\/#breadcrumb\"},\"inLanguage\":\"en-US\",\"potentialAction\":[{\"@type\":\"ReadAction\",\"target\":[\"https:\\\/\\\/tajkertesz.com\\\/termek\\\/vitaflora-bonsai-tapoldat-01l\\\/\"]}]},{\"@type\":\"ImageObject\",\"inLanguage\":\"en-US\",\"@id\":\"https:\\\/\\\/tajkertesz.com\\\/termek\\\/vitaflora-bonsai-tapoldat-01l\\\/#primaryimage\",\"url\":\"https:\\\/\\\/tajkertesz.com\\\/wp-content\\\/uploads\\\/2024\\\/10\\\/Bonsai_tapoldat_Vitaflora_01_.jpg.webp\",\"contentUrl\":\"https:\\\/\\\/tajkertesz.com\\\/wp-content\\\/uploads\\\/2024\\\/10\\\/Bonsai_tapoldat_Vitaflora_01_.jpg.webp\",\"width\":900,\"height\":900},{\"@type\":\"BreadcrumbList\",\"@id\":\"https:\\\/\\\/tajkertesz.com\\\/termek\\\/vitaflora-bonsai-tapoldat-01l\\\/#breadcrumb\",\"itemListElement\":[{\"@type\":\"ListItem\",\"position\":1,\"name\":\"Home\",\"item\":\"https:\\\/\\\/tajkertesz.com\\\/\"},{\"@type\":\"ListItem\",\"position\":2,\"name\":\"Kezd\u0151lap\",\"item\":\"https:\\\/\\\/tajkertesz.com\\\/\"},{\"@type\":\"ListItem\",\"position\":3,\"name\":\"Vitaflora bonsai t\u00e1poldat 0,1L.\"}]},{\"@type\":\"WebSite\",\"@id\":\"https:\\\/\\\/tajkertesz.com\\\/#website\",\"url\":\"https:\\\/\\\/tajkertesz.com\\\/\",\"name\":\"T\u00e1j-Kert\u00e9sz 84 Kft.\",\"description\":\"Kert\u00e9szeti kis- \u00e9s nagykeresked\u00e9s, D\u00edszn\u00f6v\u00e9ny web\u00e1ruh\u00e1z orsz\u00e1gos h\u00e1zhozsz\u00e1ll\u00edt\u00e1ssal!\",\"publisher\":{\"@id\":\"https:\\\/\\\/tajkertesz.com\\\/#organization\"},\"potentialAction\":[{\"@type\":\"SearchAction\",\"target\":{\"@type\":\"EntryPoint\",\"urlTemplate\":\"https:\\\/\\\/tajkertesz.com\\\/?s={search_term_string}\"},\"query-input\":{\"@type\":\"PropertyValueSpecification\",\"valueRequired\":true,\"valueName\":\"search_term_string\"}}],\"inLanguage\":\"en-US\"},{\"@type\":\"Organization\",\"@id\":\"https:\\\/\\\/tajkertesz.com\\\/#organization\",\"name\":\"T\u00e1j-Kert\u00e9sz 84 Kft.\",\"url\":\"https:\\\/\\\/tajkertesz.com\\\/\",\"logo\":{\"@type\":\"ImageObject\",\"inLanguage\":\"en-US\",\"@id\":\"https:\\\/\\\/tajkertesz.com\\\/#\\\/schema\\\/logo\\\/image\\\/\",\"url\":\"https:\\\/\\\/tajkertesz.com\\\/wp-content\\\/uploads\\\/2018\\\/02\\\/logo-2-e1518678052539.png\",\"contentUrl\":\"https:\\\/\\\/tajkertesz.com\\\/wp-content\\\/uploads\\\/2018\\\/02\\\/logo-2-e1518678052539.png\",\"width\":81,\"height\":140,\"caption\":\"T\u00e1j-Kert\u00e9sz 84 Kft.\"},\"image\":{\"@id\":\"https:\\\/\\\/tajkertesz.com\\\/#\\\/schema\\\/logo\\\/image\\\/\"},\"sameAs\":[\"https:\\\/\\\/www.facebook.com\\\/Tajkertesz\\\/\"]}]}<\/script>\n<!-- \/ Yoast SEO plugin. -->","yoast_head_json":{"title":"Vitaflora bonsai t\u00e1poldat 0,1L. - T\u00e1jkert\u00e9sz","description":"Vitaflora bonsai t\u00e1poldat 0,1L. A veget\u00e1ci\u00f3s id\u0151szakban a bonsai n\u00f6v\u00e9nyeket k\u00e9thetente alacsony nitrog\u00e9n-tartalm\u00fa t\u00e1poldattal \u00f6nt\u00f6zz\u00fck.","robots":{"index":"index","follow":"follow","max-snippet":"max-snippet:-1","max-image-preview":"max-image-preview:large","max-video-preview":"max-video-preview:-1"},"canonical":"https:\/\/tajkertesz.com\/en_US\/product\/vitaflora-bonsai-tapoldat-01l\/","og_locale":"en_US","og_type":"article","og_title":"Vitaflora bonsai t\u00e1poldat 0,1L. - T\u00e1jkert\u00e9sz","og_description":"Vitaflora bonsai t\u00e1poldat 0,1L. A veget\u00e1ci\u00f3s id\u0151szakban a bonsai n\u00f6v\u00e9nyeket k\u00e9thetente alacsony nitrog\u00e9n-tartalm\u00fa t\u00e1poldattal \u00f6nt\u00f6zz\u00fck.","og_url":"https:\/\/tajkertesz.com\/en_US\/product\/vitaflora-bonsai-tapoldat-01l\/","og_site_name":"T\u00e1jkert\u00e9sz","article_publisher":"https:\/\/www.facebook.com\/Tajkertesz\/","article_modified_time":"2026-02-12T15:10:21+00:00","og_image":[{"width":900,"height":900,"url":"https:\/\/tajkertesz.com\/wp-content\/uploads\/2024\/10\/Bonsai_tapoldat_Vitaflora_01_.jpg.webp","type":"image\/webp"}],"twitter_card":"summary_large_image","twitter_misc":{"Est. reading time":"2 minutes"},"schema":{"@context":"https:\/\/schema.org","@graph":[{"@type":"WebPage","@id":"https:\/\/tajkertesz.com\/termek\/vitaflora-bonsai-tapoldat-01l\/","url":"https:\/\/tajkertesz.com\/termek\/vitaflora-bonsai-tapoldat-01l\/","name":"Vitaflora bonsai t\u00e1poldat 0,1L. - T\u00e1jkert\u00e9sz","isPartOf":{"@id":"https:\/\/tajkertesz.com\/#website"},"primaryImageOfPage":{"@id":"https:\/\/tajkertesz.com\/termek\/vitaflora-bonsai-tapoldat-01l\/#primaryimage"},"image":{"@id":"https:\/\/tajkertesz.com\/termek\/vitaflora-bonsai-tapoldat-01l\/#primaryimage"},"thumbnailUrl":"https:\/\/tajkertesz.com\/wp-content\/uploads\/2024\/10\/Bonsai_tapoldat_Vitaflora_01_.jpg.webp","datePublished":"2024-10-01T09:35:33+00:00","dateModified":"2026-02-12T15:10:21+00:00","description":"Vitaflora bonsai t\u00e1poldat 0,1L. A veget\u00e1ci\u00f3s id\u0151szakban a bonsai n\u00f6v\u00e9nyeket k\u00e9thetente alacsony nitrog\u00e9n-tartalm\u00fa t\u00e1poldattal \u00f6nt\u00f6zz\u00fck.","breadcrumb":{"@id":"https:\/\/tajkertesz.com\/termek\/vitaflora-bonsai-tapoldat-01l\/#breadcrumb"},"inLanguage":"en-US","potentialAction":[{"@type":"ReadAction","target":["https:\/\/tajkertesz.com\/termek\/vitaflora-bonsai-tapoldat-01l\/"]}]},{"@type":"ImageObject","inLanguage":"en-US","@id":"https:\/\/tajkertesz.com\/termek\/vitaflora-bonsai-tapoldat-01l\/#primaryimage","url":"https:\/\/tajkertesz.com\/wp-content\/uploads\/2024\/10\/Bonsai_tapoldat_Vitaflora_01_.jpg.webp","contentUrl":"https:\/\/tajkertesz.com\/wp-content\/uploads\/2024\/10\/Bonsai_tapoldat_Vitaflora_01_.jpg.webp","width":900,"height":900},{"@type":"BreadcrumbList","@id":"https:\/\/tajkertesz.com\/termek\/vitaflora-bonsai-tapoldat-01l\/#breadcrumb","itemListElement":[{"@type":"ListItem","position":1,"name":"Home","item":"https:\/\/tajkertesz.com\/"},{"@type":"ListItem","position":2,"name":"Kezd\u0151lap","item":"https:\/\/tajkertesz.com\/"},{"@type":"ListItem","position":3,"name":"Vitaflora bonsai t\u00e1poldat 0,1L."}]},{"@type":"WebSite","@id":"https:\/\/tajkertesz.com\/#website","url":"https:\/\/tajkertesz.com\/","name":"T\u00e1j-Kert\u00e9sz 84 Kft.","description":"Kert\u00e9szeti kis- \u00e9s nagykeresked\u00e9s, D\u00edszn\u00f6v\u00e9ny web\u00e1ruh\u00e1z orsz\u00e1gos h\u00e1zhozsz\u00e1ll\u00edt\u00e1ssal!","publisher":{"@id":"https:\/\/tajkertesz.com\/#organization"},"potentialAction":[{"@type":"SearchAction","target":{"@type":"EntryPoint","urlTemplate":"https:\/\/tajkertesz.com\/?s={search_term_string}"},"query-input":{"@type":"PropertyValueSpecification","valueRequired":true,"valueName":"search_term_string"}}],"inLanguage":"en-US"},{"@type":"Organization","@id":"https:\/\/tajkertesz.com\/#organization","name":"T\u00e1j-Kert\u00e9sz 84 Kft.","url":"https:\/\/tajkertesz.com\/","logo":{"@type":"ImageObject","inLanguage":"en-US","@id":"https:\/\/tajkertesz.com\/#\/schema\/logo\/image\/","url":"https:\/\/tajkertesz.com\/wp-content\/uploads\/2018\/02\/logo-2-e1518678052539.png","contentUrl":"https:\/\/tajkertesz.com\/wp-content\/uploads\/2018\/02\/logo-2-e1518678052539.png","width":81,"height":140,"caption":"T\u00e1j-Kert\u00e9sz 84 Kft."},"image":{"@id":"https:\/\/tajkertesz.com\/#\/schema\/logo\/image\/"},"sameAs":["https:\/\/www.facebook.com\/Tajkertesz\/"]}]}},"_links":{"self":[{"href":"https:\/\/tajkertesz.com\/en_US\/wp-json\/wp\/v2\/product\/21175","targetHints":{"allow":["GET"]}}],"collection":[{"href":"https:\/\/tajkertesz.com\/en_US\/wp-json\/wp\/v2\/product"}],"about":[{"href":"https:\/\/tajkertesz.com\/en_US\/wp-json\/wp\/v2\/types\/product"}],"wp:featuredmedia":[{"embeddable":true,"href":"https:\/\/tajkertesz.com\/en_US\/wp-json\/wp\/v2\/media\/21177"}],"wp:attachment":[{"href":"https:\/\/tajkertesz.com\/en_US\/wp-json\/wp\/v2\/media?parent=21175"}],"wp:term":[{"taxonomy":"product_brand","embeddable":true,"href":"https:\/\/tajkertesz.com\/en_US\/wp-json\/wp\/v2\/product_brand?post=21175"},{"taxonomy":"product_cat","embeddable":true,"href":"https:\/\/tajkertesz.com\/en_US\/wp-json\/wp\/v2\/product_cat?post=21175"},{"taxonomy":"product_tag","embeddable":true,"href":"https:\/\/tajkertesz.com\/en_US\/wp-json\/wp\/v2\/product_tag?post=21175"}],"curies":[{"name":"wp","href":"https:\/\/api.w.org\/{rel}","templated":true}]}}