{"id":21213,"date":"2024-10-02T11:53:16","date_gmt":"2024-10-02T11:53:16","guid":{"rendered":"https:\/\/tajkertesz.com\/?post_type=product&#038;p=21213"},"modified":"2026-02-12T15:10:04","modified_gmt":"2026-02-12T15:10:04","slug":"meszhidrat-1kg","status":"publish","type":"product","link":"https:\/\/tajkertesz.com\/en_US\/product\/meszhidrat-1kg\/","title":{"rendered":"M\u00e9szhidr\u00e1t 1kg"},"content":{"rendered":"<h2>M\u00e9szhidr\u00e1t 1kg<\/h2>\n<p>M\u00e9szhidr\u00e1t 1kg<\/p>\n<h3>(Porral oltott m\u00e9sz)<\/h3>\n<h3>Figyelem! A k\u00e9p csak illusztr\u00e1ci\u00f3!<\/h3>\n<p>Az \u00e1r 1 csomag 1 kg-os m\u00e9szhidr\u00e1tra vonatkozik!<\/p>\n<p style=\"font-weight: 400;\">Az \u00e9p\u00edt\u0151iparban habarcs k\u00e9sz\u00edt\u00e9s\u00e9re, meszel\u00e9sre, k\u00f6t\u0151anyagk\u00e9nt pigmentekhez.<\/p>\n<p style=\"font-weight: 400;\">A mez\u0151gazdas\u00e1gban gy\u00fcm\u00f6lcsf\u00e1k fagy ellen v\u00e9d\u0151 bevonat\u00e1hoz \u00e9s kisebb m\u00e9rt\u00e9kben tr\u00e1gy\u00e1z\u00f3 szerk\u00e9nt.<\/p>\n<p><em><strong>Bord\u00f3i l\u00e9 k\u00e9sz\u00edt\u00e9s\u00e9nek egyik alapanyaga<\/strong><\/em><\/p>\n<p><span style=\"color: #0000ff;\"><strong>Bord\u00f3i l\u00e9 k\u00e9sz\u00edt\u00e9se:<\/strong><\/span> 1 kg r\u00e9zg\u00e1lic (60 l v\u00edzhez) + 1,5 kg m\u00e9sz (40 l v\u00edzhez)<\/p>\n<header class=\"entry-header\">\n<h1 class=\"entry-title\">M\u00e9szhidr\u00e1t<\/h1>\n<\/header>\n<div class=\"entry-content\">\n<p>A m\u00e9szhidr\u00e1tot (porr\u00e1 oltott meszet) \u00fagy \u00e1ll\u00edtj\u00e1k el\u0151, hogy az oltatlan m\u00e9szhez vizet adagolnak. Ez a reakci\u00f3 rendk\u00edv\u00fcl heves, nagy h\u0151k\u00e9pz\u0151d\u00e9ssel j\u00e1r.<\/p>\n<p><strong>CaO + H<sub>2<\/sub>O -&gt; Ca(OH)<sub>2<\/sub><\/strong><\/p>\n<p>A m\u00e9szhidr\u00e1t feh\u00e9r, vagy feh\u00e9res-s\u00e1rg\u00e1s sz\u00edn\u0171 por. Vegyjele: Ca(OH)<sub>2<\/sub>.<\/p>\n<p>A m\u00e9szhidr\u00e1t f\u0151bb tulajdons\u00e1gait (szemcsem\u00e9ret, bels\u0151 k\u00e9miai \u00f6sszet\u00e9tel, nedvess\u00e9gtartalom, stb.) az MSZ EN 459-1:2011 szabv\u00e1ny szab\u00e1lyozza.<\/p>\n<p>A m\u00e9szhidr\u00e1t olyan oltott m\u00e9sz, amely oltott \u00e1llapotban van, de m\u00e9g por, nem pedig p\u00e9p. Tisztas\u00e1g\u00e1t az alapanyag\u00e1ul szolg\u00e1l\u00f3 oltatlan m\u00e9sz ki\u00e9getetts\u00e9gi foka hat\u00e1rozza meg. Min\u00e9l magasabb az oltatlan m\u00e9sz CaO tartalma, ann\u00e1l magasabb a m\u00e9szhidr\u00e1t Ca(OH)<sub>2<\/sub>\u00a0tartalma.<\/p>\n<p>Napjaink egyik kedvenc alapanyaga az \u00e9p\u00edt\u0151iparban, ugyanis kiv\u00e1l\u00f3 t\u00e1rsa az el\u0151rekevert zs\u00e1kos \u00e9p\u00edt\u0151anyagoknak, mint p\u00e9ld\u00e1ul a vakolat, vagy a falaz\u00f3 habarcs.<\/p>\n<p>Reformhat\u00e1sa \u00e9rezhet\u0151 abban, hogy k\u00f6nnyen adagolhat\u00f3 m\u00e1s v\u00edz\u00e9rz\u00e9keny anyagokhoz, mint p\u00e9ld\u00e1ul a cement.<\/p>\n<p>Ennek a term\u00e9knek k\u00f6sz\u00f6nhet\u0151en siker\u00fclt forradalmas\u00edtani a kor\u00e1bbi \u00e9p\u00edt\u0151ipart, \u00e9s megalkotni a \u201ck\u00e9szre-kevert\u201d \u00e9p\u00edt\u0151anyagot, amely gyors, homog\u00e9n, \u00e9s ez\u00e1ltal egyenletes min\u0151s\u00e9g\u0171. A k\u00e9szre kevert vakolatok k\u00f6vetkezt\u00e9ben \u2013 t\u00f6bbek k\u00f6z\u00f6tt \u2013 elker\u00fclhet\u0151v\u00e9 v\u00e1lik, hogy \u201ck\u00f6v\u00e9r\u201d legyen a vakolat.<\/p>\n<p>Felhaszn\u00e1l\u00e1si ter\u00fcletei:<\/p>\n<ul>\n<li>\u00c9p\u00edt\u0151ipar, mint k\u00f6t\u0151anyag<\/li>\n<li>pH \u00e9rt\u00e9k be\u00e1ll\u00edt\u00e1sa az iparban<\/li>\n<li>v\u00edzl\u00e1gy\u00edt\u00e1s, technol\u00f3giai v\u00edz el\u0151\u00e1ll\u00edt\u00e1sa<\/li>\n<li>ipari semleges\u00edt\u00e9s<\/li>\n<li>k\u00f6rnyezetv\u00e9delem<\/li>\n<\/ul>\n<h4 class=\"product-collateral-wrap mb-3\"><strong>Jel\u00f6lje be azokat a kieg\u00e9sz\u00edt\u0151 term\u00e9keket, amiket m\u00e9g a kos\u00e1rba szeretne tenni!<\/strong><\/h4>\n<\/div>\n<p style=\"line-height: 18.0pt; background: white; margin: 0cm 0cm 15.0pt 0cm;\"><b><span style=\"font-family: 'Ubuntu',sans-serif; color: black;\">K\u00e9szlet\u00fcnk napi szinten v\u00e1ltozik, ez\u00e9rt k\u00e9rj\u00fck, \u00e9rdekl\u0151dj\u00f6n szem\u00e9lyesen, telefonon vagy email-en.<br \/>\nA v\u00e1ltoztat\u00e1s jog\u00e1t fenntartjuk!\u00a0<\/span><\/b><\/p>\n<p><a href=\"https:\/\/tajkertesz.com\/\">https:\/\/tajkertesz.com\/<\/a><\/p>\n<p><a href=\"https:\/\/www.facebook.com\/tajkertesz\/\">https:\/\/www.facebook.com\/tajkertesz\/<\/a><\/p>\n<p>Kisz\u00e1ll\u00edt\u00e1s: 200cm-ig \u00e9s 40 kg-ig a sz\u00e1ll\u00edt\u00e1s fut\u00e1rszolg\u00e1lattal t\u00f6rt\u00e9nik.<\/p>\n<p>Szem\u00e9lyes \u00e1tv\u00e9tel nyitvatart\u00e1si id\u0151ben a 17. ker\u00fclet Bakancsos utca 7. sz\u00e1m alatti Kert\u00e9szeti \u00e1rud\u00e1nkban.<\/p>\n<p>Kert\u00e9p\u00edt\u0151k \u00e9s viszontelad\u00f3k regisztr\u00e1l\u00e1s ut\u00e1n egyedi kedvezm\u00e9nnyel v\u00e1s\u00e1rolhatnak kert\u00e9szeti kis-\u00e9s nagykeresked\u00e9s\u00fcnkben.<\/p>\n<p>&nbsp;<\/p>","protected":false},"excerpt":{"rendered":"<p style=\"font-weight: 400;\">Az \u00e9p\u00edt\u0151iparban habarcs k\u00e9sz\u00edt\u00e9s\u00e9re, meszel\u00e9sre, k\u00f6t\u0151anyagk\u00e9nt pigmentekhez.<\/p>\n<p style=\"font-weight: 400;\">A mez\u0151gazdas\u00e1gban gy\u00fcm\u00f6lcsf\u00e1k fagy ellen v\u00e9d\u0151 bevonat\u00e1hoz \u00e9s kisebb m\u00e9rt\u00e9kben tr\u00e1gy\u00e1z\u00f3 szerk\u00e9nt.<\/p>\n<p>Kiszerel\u00e9s: 1kg\/csomag<\/p>\n<h4 class=\"product-collateral-wrap mb-3\"><strong>Jel\u00f6lje be azokat a kieg\u00e9sz\u00edt\u0151 term\u00e9keket, amiket m\u00e9g a kos\u00e1rba szeretne tenni!<\/strong><\/h4>","protected":false},"featured_media":21214,"template":"","meta":{"_et_pb_use_builder":"","_et_pb_old_content":"","_et_gb_content_width":""},"product_brand":[],"product_cat":[35],"product_tag":[5316,5329],"class_list":{"0":"post-21213","1":"product","2":"type-product","3":"status-publish","4":"has-post-thumbnail","6":"product_cat-tragyak","7":"product_tag-mesz","8":"product_tag-meszhidrat","10":"first","11":"instock","12":"shipping-taxable","13":"purchasable","14":"product-type-simple"},"yoast_head":"<!-- This site is optimized with the Yoast SEO plugin v27.4 - https:\/\/yoast.com\/product\/yoast-seo-wordpress\/ -->\n<title>M\u00e9szhidr\u00e1t 1kg - T\u00e1jkert\u00e9sz<\/title>\n<meta name=\"description\" content=\"M\u00e9szhidr\u00e1t 1kg. A mez\u0151gazdas\u00e1gban gy\u00fcm\u00f6lcsf\u00e1k fagy ellen v\u00e9d\u0151 bevonat\u00e1hoz \u00e9s kisebb m\u00e9rt\u00e9kben tr\u00e1gy\u00e1z\u00f3 szerk\u00e9nt lehet haszn\u00e1lni.\" \/>\n<meta name=\"robots\" content=\"index, follow, max-snippet:-1, max-image-preview:large, max-video-preview:-1\" \/>\n<link rel=\"canonical\" href=\"https:\/\/tajkertesz.com\/en_US\/product\/meszhidrat-1kg\/\" \/>\n<meta property=\"og:locale\" content=\"en_US\" \/>\n<meta property=\"og:type\" content=\"article\" \/>\n<meta property=\"og:title\" content=\"M\u00e9szhidr\u00e1t 1kg - T\u00e1jkert\u00e9sz\" \/>\n<meta property=\"og:description\" content=\"M\u00e9szhidr\u00e1t 1kg. A mez\u0151gazdas\u00e1gban gy\u00fcm\u00f6lcsf\u00e1k fagy ellen v\u00e9d\u0151 bevonat\u00e1hoz \u00e9s kisebb m\u00e9rt\u00e9kben tr\u00e1gy\u00e1z\u00f3 szerk\u00e9nt lehet haszn\u00e1lni.\" \/>\n<meta property=\"og:url\" content=\"https:\/\/tajkertesz.com\/en_US\/product\/meszhidrat-1kg\/\" \/>\n<meta property=\"og:site_name\" content=\"T\u00e1jkert\u00e9sz\" \/>\n<meta property=\"article:publisher\" content=\"https:\/\/www.facebook.com\/Tajkertesz\/\" \/>\n<meta property=\"article:modified_time\" content=\"2026-02-12T15:10:04+00:00\" \/>\n<meta property=\"og:image\" content=\"https:\/\/tajkertesz.com\/wp-content\/uploads\/2024\/10\/mesz2902.jpg\" \/>\n\t<meta property=\"og:image:width\" content=\"940\" \/>\n\t<meta property=\"og:image:height\" content=\"788\" \/>\n\t<meta property=\"og:image:type\" content=\"image\/jpeg\" \/>\n<meta name=\"twitter:card\" content=\"summary_large_image\" \/>\n<meta name=\"twitter:label1\" content=\"Est. reading time\" \/>\n\t<meta name=\"twitter:data1\" content=\"2 minutes\" \/>\n<script type=\"application\/ld+json\" class=\"yoast-schema-graph\">{\"@context\":\"https:\\\/\\\/schema.org\",\"@graph\":[{\"@type\":\"WebPage\",\"@id\":\"https:\\\/\\\/tajkertesz.com\\\/termek\\\/meszhidrat-1kg\\\/\",\"url\":\"https:\\\/\\\/tajkertesz.com\\\/termek\\\/meszhidrat-1kg\\\/\",\"name\":\"M\u00e9szhidr\u00e1t 1kg - T\u00e1jkert\u00e9sz\",\"isPartOf\":{\"@id\":\"https:\\\/\\\/tajkertesz.com\\\/#website\"},\"primaryImageOfPage\":{\"@id\":\"https:\\\/\\\/tajkertesz.com\\\/termek\\\/meszhidrat-1kg\\\/#primaryimage\"},\"image\":{\"@id\":\"https:\\\/\\\/tajkertesz.com\\\/termek\\\/meszhidrat-1kg\\\/#primaryimage\"},\"thumbnailUrl\":\"https:\\\/\\\/tajkertesz.com\\\/wp-content\\\/uploads\\\/2024\\\/10\\\/mesz2902.jpg\",\"datePublished\":\"2024-10-02T11:53:16+00:00\",\"dateModified\":\"2026-02-12T15:10:04+00:00\",\"description\":\"M\u00e9szhidr\u00e1t 1kg. A mez\u0151gazdas\u00e1gban gy\u00fcm\u00f6lcsf\u00e1k fagy ellen v\u00e9d\u0151 bevonat\u00e1hoz \u00e9s kisebb m\u00e9rt\u00e9kben tr\u00e1gy\u00e1z\u00f3 szerk\u00e9nt lehet haszn\u00e1lni.\",\"breadcrumb\":{\"@id\":\"https:\\\/\\\/tajkertesz.com\\\/termek\\\/meszhidrat-1kg\\\/#breadcrumb\"},\"inLanguage\":\"en-US\",\"potentialAction\":[{\"@type\":\"ReadAction\",\"target\":[\"https:\\\/\\\/tajkertesz.com\\\/termek\\\/meszhidrat-1kg\\\/\"]}]},{\"@type\":\"ImageObject\",\"inLanguage\":\"en-US\",\"@id\":\"https:\\\/\\\/tajkertesz.com\\\/termek\\\/meszhidrat-1kg\\\/#primaryimage\",\"url\":\"https:\\\/\\\/tajkertesz.com\\\/wp-content\\\/uploads\\\/2024\\\/10\\\/mesz2902.jpg\",\"contentUrl\":\"https:\\\/\\\/tajkertesz.com\\\/wp-content\\\/uploads\\\/2024\\\/10\\\/mesz2902.jpg\",\"width\":940,\"height\":788,\"caption\":\"M\u00e9szhidr\u00e1t\"},{\"@type\":\"BreadcrumbList\",\"@id\":\"https:\\\/\\\/tajkertesz.com\\\/termek\\\/meszhidrat-1kg\\\/#breadcrumb\",\"itemListElement\":[{\"@type\":\"ListItem\",\"position\":1,\"name\":\"Home\",\"item\":\"https:\\\/\\\/tajkertesz.com\\\/\"},{\"@type\":\"ListItem\",\"position\":2,\"name\":\"Kezd\u0151lap\",\"item\":\"https:\\\/\\\/tajkertesz.com\\\/\"},{\"@type\":\"ListItem\",\"position\":3,\"name\":\"M\u00e9szhidr\u00e1t 1kg\"}]},{\"@type\":\"WebSite\",\"@id\":\"https:\\\/\\\/tajkertesz.com\\\/#website\",\"url\":\"https:\\\/\\\/tajkertesz.com\\\/\",\"name\":\"T\u00e1j-Kert\u00e9sz 84 Kft.\",\"description\":\"Kert\u00e9szeti kis- \u00e9s nagykeresked\u00e9s, D\u00edszn\u00f6v\u00e9ny web\u00e1ruh\u00e1z orsz\u00e1gos h\u00e1zhozsz\u00e1ll\u00edt\u00e1ssal!\",\"publisher\":{\"@id\":\"https:\\\/\\\/tajkertesz.com\\\/#organization\"},\"potentialAction\":[{\"@type\":\"SearchAction\",\"target\":{\"@type\":\"EntryPoint\",\"urlTemplate\":\"https:\\\/\\\/tajkertesz.com\\\/?s={search_term_string}\"},\"query-input\":{\"@type\":\"PropertyValueSpecification\",\"valueRequired\":true,\"valueName\":\"search_term_string\"}}],\"inLanguage\":\"en-US\"},{\"@type\":\"Organization\",\"@id\":\"https:\\\/\\\/tajkertesz.com\\\/#organization\",\"name\":\"T\u00e1j-Kert\u00e9sz 84 Kft.\",\"url\":\"https:\\\/\\\/tajkertesz.com\\\/\",\"logo\":{\"@type\":\"ImageObject\",\"inLanguage\":\"en-US\",\"@id\":\"https:\\\/\\\/tajkertesz.com\\\/#\\\/schema\\\/logo\\\/image\\\/\",\"url\":\"https:\\\/\\\/tajkertesz.com\\\/wp-content\\\/uploads\\\/2018\\\/02\\\/logo-2-e1518678052539.png\",\"contentUrl\":\"https:\\\/\\\/tajkertesz.com\\\/wp-content\\\/uploads\\\/2018\\\/02\\\/logo-2-e1518678052539.png\",\"width\":81,\"height\":140,\"caption\":\"T\u00e1j-Kert\u00e9sz 84 Kft.\"},\"image\":{\"@id\":\"https:\\\/\\\/tajkertesz.com\\\/#\\\/schema\\\/logo\\\/image\\\/\"},\"sameAs\":[\"https:\\\/\\\/www.facebook.com\\\/Tajkertesz\\\/\"]}]}<\/script>\n<!-- \/ Yoast SEO plugin. -->","yoast_head_json":{"title":"M\u00e9szhidr\u00e1t 1kg - T\u00e1jkert\u00e9sz","description":"M\u00e9szhidr\u00e1t 1kg. A mez\u0151gazdas\u00e1gban gy\u00fcm\u00f6lcsf\u00e1k fagy ellen v\u00e9d\u0151 bevonat\u00e1hoz \u00e9s kisebb m\u00e9rt\u00e9kben tr\u00e1gy\u00e1z\u00f3 szerk\u00e9nt lehet haszn\u00e1lni.","robots":{"index":"index","follow":"follow","max-snippet":"max-snippet:-1","max-image-preview":"max-image-preview:large","max-video-preview":"max-video-preview:-1"},"canonical":"https:\/\/tajkertesz.com\/en_US\/product\/meszhidrat-1kg\/","og_locale":"en_US","og_type":"article","og_title":"M\u00e9szhidr\u00e1t 1kg - T\u00e1jkert\u00e9sz","og_description":"M\u00e9szhidr\u00e1t 1kg. A mez\u0151gazdas\u00e1gban gy\u00fcm\u00f6lcsf\u00e1k fagy ellen v\u00e9d\u0151 bevonat\u00e1hoz \u00e9s kisebb m\u00e9rt\u00e9kben tr\u00e1gy\u00e1z\u00f3 szerk\u00e9nt lehet haszn\u00e1lni.","og_url":"https:\/\/tajkertesz.com\/en_US\/product\/meszhidrat-1kg\/","og_site_name":"T\u00e1jkert\u00e9sz","article_publisher":"https:\/\/www.facebook.com\/Tajkertesz\/","article_modified_time":"2026-02-12T15:10:04+00:00","og_image":[{"width":940,"height":788,"url":"https:\/\/tajkertesz.com\/wp-content\/uploads\/2024\/10\/mesz2902.jpg","type":"image\/jpeg"}],"twitter_card":"summary_large_image","twitter_misc":{"Est. reading time":"2 minutes"},"schema":{"@context":"https:\/\/schema.org","@graph":[{"@type":"WebPage","@id":"https:\/\/tajkertesz.com\/termek\/meszhidrat-1kg\/","url":"https:\/\/tajkertesz.com\/termek\/meszhidrat-1kg\/","name":"M\u00e9szhidr\u00e1t 1kg - T\u00e1jkert\u00e9sz","isPartOf":{"@id":"https:\/\/tajkertesz.com\/#website"},"primaryImageOfPage":{"@id":"https:\/\/tajkertesz.com\/termek\/meszhidrat-1kg\/#primaryimage"},"image":{"@id":"https:\/\/tajkertesz.com\/termek\/meszhidrat-1kg\/#primaryimage"},"thumbnailUrl":"https:\/\/tajkertesz.com\/wp-content\/uploads\/2024\/10\/mesz2902.jpg","datePublished":"2024-10-02T11:53:16+00:00","dateModified":"2026-02-12T15:10:04+00:00","description":"M\u00e9szhidr\u00e1t 1kg. A mez\u0151gazdas\u00e1gban gy\u00fcm\u00f6lcsf\u00e1k fagy ellen v\u00e9d\u0151 bevonat\u00e1hoz \u00e9s kisebb m\u00e9rt\u00e9kben tr\u00e1gy\u00e1z\u00f3 szerk\u00e9nt lehet haszn\u00e1lni.","breadcrumb":{"@id":"https:\/\/tajkertesz.com\/termek\/meszhidrat-1kg\/#breadcrumb"},"inLanguage":"en-US","potentialAction":[{"@type":"ReadAction","target":["https:\/\/tajkertesz.com\/termek\/meszhidrat-1kg\/"]}]},{"@type":"ImageObject","inLanguage":"en-US","@id":"https:\/\/tajkertesz.com\/termek\/meszhidrat-1kg\/#primaryimage","url":"https:\/\/tajkertesz.com\/wp-content\/uploads\/2024\/10\/mesz2902.jpg","contentUrl":"https:\/\/tajkertesz.com\/wp-content\/uploads\/2024\/10\/mesz2902.jpg","width":940,"height":788,"caption":"M\u00e9szhidr\u00e1t"},{"@type":"BreadcrumbList","@id":"https:\/\/tajkertesz.com\/termek\/meszhidrat-1kg\/#breadcrumb","itemListElement":[{"@type":"ListItem","position":1,"name":"Home","item":"https:\/\/tajkertesz.com\/"},{"@type":"ListItem","position":2,"name":"Kezd\u0151lap","item":"https:\/\/tajkertesz.com\/"},{"@type":"ListItem","position":3,"name":"M\u00e9szhidr\u00e1t 1kg"}]},{"@type":"WebSite","@id":"https:\/\/tajkertesz.com\/#website","url":"https:\/\/tajkertesz.com\/","name":"T\u00e1j-Kert\u00e9sz 84 Kft.","description":"Kert\u00e9szeti kis- \u00e9s nagykeresked\u00e9s, D\u00edszn\u00f6v\u00e9ny web\u00e1ruh\u00e1z orsz\u00e1gos h\u00e1zhozsz\u00e1ll\u00edt\u00e1ssal!","publisher":{"@id":"https:\/\/tajkertesz.com\/#organization"},"potentialAction":[{"@type":"SearchAction","target":{"@type":"EntryPoint","urlTemplate":"https:\/\/tajkertesz.com\/?s={search_term_string}"},"query-input":{"@type":"PropertyValueSpecification","valueRequired":true,"valueName":"search_term_string"}}],"inLanguage":"en-US"},{"@type":"Organization","@id":"https:\/\/tajkertesz.com\/#organization","name":"T\u00e1j-Kert\u00e9sz 84 Kft.","url":"https:\/\/tajkertesz.com\/","logo":{"@type":"ImageObject","inLanguage":"en-US","@id":"https:\/\/tajkertesz.com\/#\/schema\/logo\/image\/","url":"https:\/\/tajkertesz.com\/wp-content\/uploads\/2018\/02\/logo-2-e1518678052539.png","contentUrl":"https:\/\/tajkertesz.com\/wp-content\/uploads\/2018\/02\/logo-2-e1518678052539.png","width":81,"height":140,"caption":"T\u00e1j-Kert\u00e9sz 84 Kft."},"image":{"@id":"https:\/\/tajkertesz.com\/#\/schema\/logo\/image\/"},"sameAs":["https:\/\/www.facebook.com\/Tajkertesz\/"]}]}},"_links":{"self":[{"href":"https:\/\/tajkertesz.com\/en_US\/wp-json\/wp\/v2\/product\/21213","targetHints":{"allow":["GET"]}}],"collection":[{"href":"https:\/\/tajkertesz.com\/en_US\/wp-json\/wp\/v2\/product"}],"about":[{"href":"https:\/\/tajkertesz.com\/en_US\/wp-json\/wp\/v2\/types\/product"}],"wp:featuredmedia":[{"embeddable":true,"href":"https:\/\/tajkertesz.com\/en_US\/wp-json\/wp\/v2\/media\/21214"}],"wp:attachment":[{"href":"https:\/\/tajkertesz.com\/en_US\/wp-json\/wp\/v2\/media?parent=21213"}],"wp:term":[{"taxonomy":"product_brand","embeddable":true,"href":"https:\/\/tajkertesz.com\/en_US\/wp-json\/wp\/v2\/product_brand?post=21213"},{"taxonomy":"product_cat","embeddable":true,"href":"https:\/\/tajkertesz.com\/en_US\/wp-json\/wp\/v2\/product_cat?post=21213"},{"taxonomy":"product_tag","embeddable":true,"href":"https:\/\/tajkertesz.com\/en_US\/wp-json\/wp\/v2\/product_tag?post=21213"}],"curies":[{"name":"wp","href":"https:\/\/api.w.org\/{rel}","templated":true}]}}