{"id":21218,"date":"2024-10-02T14:19:01","date_gmt":"2024-10-02T14:19:01","guid":{"rendered":"https:\/\/tajkertesz.com\/?post_type=product&#038;p=21218"},"modified":"2026-04-02T14:09:42","modified_gmt":"2026-04-02T14:09:42","slug":"pinus-nigra-brepo-torzses-torpe-gomb-feketefenyo","status":"publish","type":"product","link":"https:\/\/tajkertesz.com\/en_US\/product\/pinus-nigra-brepo-torzses-torpe-gomb-feketefenyo\/","title":{"rendered":"Pinus nigra &#8216;Brepo&#8217; &#8211; T\u00f6rzses t\u00f6rpe g\u00f6mb feketefeny\u0151"},"content":{"rendered":"<h1>Pinus nigra &#8216;Brepo&#8217; &#8211; T\u00f6rzses t\u00f6rpe g\u00f6mb feketefeny\u0151<\/h1>\n<p>A Pinus nigra \u2018Brepo\u2019, m\u00e1s n\u00e9ven t\u00f6rpe g\u00f6mb feketefeny\u0151, egy kompakt, alacsony m\u00e9ret\u0171 \u00f6r\u00f6kz\u00f6ld n\u00f6v\u00e9ny.<\/p>\n<h2>Pinus nigra &#8216;Brepo&#8217; &#8211; T\u00f6rzses t\u00f6rpe g\u00f6mb feketefeny\u0151 jellemz\u0151je:<\/h2>\n<p><strong>Megjelen\u00e9s:<\/strong> Term\u00e9szetes g\u00f6mb alak\u00fa koron\u00e1ja van, t\u0171levelei 4-6 cm hossz\u00faak \u00e9s s\u00f6t\u00e9tz\u00f6ld sz\u00edn\u0171ek.<br \/>\n<strong>N\u00f6veked\u00e9s:<\/strong> Lass\u00fa n\u00f6veked\u00e9s\u0171, \u00edgy ide\u00e1lis sziklakerti be\u00fcltet\u00e9sekhez vagy vir\u00e1g\u00e1gy\u00e1sok els\u0151 r\u00e9sz\u00e9be.<br \/>\n<strong>Talaj \u00e9s \u00fcltet\u00e9s:<\/strong> Kedveli a napos fekv\u00e9st \u00e9s ig\u00e9nytelen a talajjal szemben. Eg\u00e9sz \u00e9vben \u00fcltethet\u0151, \u00e9s t\u00e1panyagban d\u00fas f\u00f6ldkever\u00e9kben \u00e9rzi j\u00f3l mag\u00e1t.<br \/>\n<strong>Gondoz\u00e1s:<\/strong> T\u00e9len is mutat\u00f3s marad, \u00edgy eg\u00e9sz \u00e9vben d\u00edsz\u00edti a kertet.<\/p>\n<h3>A fekete feny\u0151 gondoz\u00e1sa:<\/h3>\n<p>A\u00a0<strong>Pinus nigra \u2018Brepo\u2019<\/strong>\u00a0gondoz\u00e1sa viszonylag egyszer\u0171, de n\u00e9h\u00e1ny alapvet\u0151 l\u00e9p\u00e9st \u00e9rdemes betartani a n\u00f6v\u00e9ny eg\u00e9szs\u00e9g\u00e9nek meg\u0151rz\u00e9se \u00e9rdek\u00e9ben:<\/p>\n<ol>\n<li><strong>\u00dcltet\u00e9s<\/strong>: V\u00e1lasszunk egy napos helyet, ahol a feny\u0151 elegend\u0151 f\u00e9nyt kap. \u00dcltess\u00fck j\u00f3 v\u00edzelvezet\u00e9s\u0171, t\u00e1panyagban gazdag talajba.<\/li>\n<li><strong>\u00d6nt\u00f6z\u00e9s<\/strong>: Az els\u0151 \u00e9vben rendszeresen \u00f6nt\u00f6zz\u00fck, hogy a gy\u00f6k\u00e9rzet j\u00f3l meger\u0151s\u00f6dj\u00f6n. K\u00e9s\u0151bb m\u00e1r csak sz\u00e1raz id\u0151szakokban sz\u00fcks\u00e9ges \u00f6nt\u00f6zni.<\/li>\n<li><strong>Talajtakar\u00e1s<\/strong>: A talaj takar\u00e1sa seg\u00edt meg\u0151rizni a nedvess\u00e9get \u00e9s cs\u00f6kkenti a gyomok n\u00f6veked\u00e9s\u00e9t. Haszn\u00e1ljunk\u00a0 feny\u0151k\u00e9rget.<\/li>\n<li><strong>Metsz\u00e9s<\/strong>: \u00c1ltal\u00e1ban nincs sz\u00fcks\u00e9g metsz\u00e9sre, de ha form\u00e1zni szeretn\u00e9nk, akkor tavasszal vagy kora ny\u00e1ron v\u00e9gezz\u00fck el a metsz\u00e9st.<\/li>\n<li><strong>T\u00e1panyag ut\u00e1np\u00f3tl\u00e1s<\/strong>: Tavasszal \u00e9rdemes lassan old\u00f3d\u00f3 m\u0171tr\u00e1gy\u00e1t alkalmazni, hogy a n\u00f6v\u00e9ny megfelel\u0151 t\u00e1panyaghoz jusson.<\/li>\n<li><strong>T\u00e9li v\u00e9delem<\/strong>: B\u00e1r a feny\u0151 j\u00f3l t\u0171ri a hideget, fiatal n\u00f6v\u00e9nyek eset\u00e9ben \u00e9rdemes t\u00e9li takar\u00e1st alkalmazni, hogy megv\u00e9dj\u00fck \u0151ket a sz\u00e9ls\u0151s\u00e9ges id\u0151j\u00e1r\u00e1st\u00f3l.<\/li>\n<\/ol>\n<p>&nbsp;<\/p>\n<h4>A\u00a0<strong>Pinus nigra \u2018Brepo\u2019<\/strong>\u00a0gondoz\u00e1sa sor\u00e1n n\u00e9h\u00e1ny speci\u00e1lis tr\u00fckk seg\u00edthet abban, hogy a n\u00f6v\u00e9ny a lehet\u0151 legjobban fejl\u0151dj\u00f6n:<\/h4>\n<ol>\n<li><strong>Mikorrhiza gomb\u00e1k alkalmaz\u00e1sa<\/strong>: Ezek a gomb\u00e1k szimbi\u00f3zisban \u00e9lnek a n\u00f6v\u00e9ny gy\u00f6kereivel, seg\u00edtve a t\u00e1panyagok \u00e9s a v\u00edz felv\u00e9tel\u00e9t. Mikorrhiza gomb\u00e1kat tartalmaz\u00f3 talajkever\u00e9ket haszn\u00e1lva a feny\u0151 eg\u00e9szs\u00e9gesebb \u00e9s ellen\u00e1ll\u00f3bb lesz.<\/li>\n<li><strong>Tavaszi t\u00e1panyag ut\u00e1np\u00f3tl\u00e1s<\/strong>: A tavaszi id\u0151szakban alkalmazott lassan old\u00f3d\u00f3 m\u0171tr\u00e1gya seg\u00edt a n\u00f6v\u00e9nynek er\u0151teljesen n\u00f6vekedni \u00e9s felk\u00e9sz\u00fclni a ny\u00e1ri id\u0151szakra.<\/li>\n<li><strong>Talaj pH be\u00e1ll\u00edt\u00e1sa<\/strong>: A feny\u0151k \u00e1ltal\u00e1ban a kiss\u00e9 savas talajt kedvelik. Ha a talaj pH-ja t\u00fal magas, savany\u00edt\u00f3 anyagokkal, p\u00e9ld\u00e1ul t\u0151zeggel vagy k\u00e9nnel lehet korrig\u00e1lni.<\/li>\n<li><strong>Sz\u00e9lv\u00e9delem<\/strong>: B\u00e1r a Pinus nigra \u2018Brepo\u2019 j\u00f3l t\u0171ri a hideget, a fiatal n\u00f6v\u00e9nyeket \u00e9rdemes sz\u00e9lv\u00e9dett helyre \u00fcltetni, vagy sz\u00e9lfog\u00f3val v\u00e9deni, hogy megakad\u00e1lyozzuk a kisz\u00e1rad\u00e1st \u00e9s a hideg okozta k\u00e1rokat.<\/li>\n<li><strong>Rendszeres ellen\u0151rz\u00e9s<\/strong>: Figyeld a n\u00f6v\u00e9nyt k\u00e1rtev\u0151k \u00e9s betegs\u00e9gek jelei ut\u00e1n. A korai felismer\u00e9s \u00e9s kezel\u00e9s seg\u00edt megel\u0151zni a komolyabb probl\u00e9m\u00e1kat.<\/li>\n<\/ol>\n<p>&nbsp;<\/p>\n<p><strong>K\u00e9szlet\u00fcnk napi szinten v\u00e1ltozik, ez\u00e9rt k\u00e9rj\u00fck, \u00e9rdekl\u0151dj\u00f6n szem\u00e9lyesen, telefonon vagy email-en.<br \/>\nA v\u00e1ltoztat\u00e1s jog\u00e1t fenntartjuk!\u00a0<\/strong><\/p>\n<p>&nbsp;<\/p>\n<p><a href=\"https:\/\/tajkertesz.com\/\">https:\/\/tajkertesz.com\/<\/a><\/p>\n<p><a href=\"https:\/\/www.facebook.com\/tajkertesz\/\">https:\/\/www.facebook.com\/tajkertesz\/<\/a><\/p>\n<p>Kisz\u00e1ll\u00edt\u00e1s: 200cm-ig \u00a0\u00e9s 40 kg-ig a sz\u00e1ll\u00edt\u00e1s fut\u00e1rszolg\u00e1lattal \u00a0t\u00f6rt\u00e9nik.<\/p>\n<p>Szem\u00e9lyes \u00e1tv\u00e9tel nyitvatart\u00e1si id\u0151ben a 17. ker\u00fclet Bakancsos utca 7. sz\u00e1m alatti Kert\u00e9szeti \u00e1rud\u00e1nkban.<\/p>","protected":false},"excerpt":{"rendered":"<h1>Pinus nigra &#8216;Brepo&#8217; &#8211; T\u00f6rzses t\u00f6rpe g\u00f6mb feketefeny\u0151<\/h1>\n<p>A Pinus nigra \u2018Brepo\u2019, m\u00e1s n\u00e9ven t\u00f6rpe g\u00f6mb feketefeny\u0151, egy kompakt, alacsony m\u00e9ret\u0171 \u00f6r\u00f6kz\u00f6ld n\u00f6v\u00e9ny.<\/p>\n<h2>Pinus nigra &#8216;Brepo&#8217; &#8211; T\u00f6rzses t\u00f6rpe g\u00f6mb feketefeny\u0151 jellemz\u0151je:<\/h2>\n<p><strong>Megjelen\u00e9s:<\/strong> Term\u00e9szetes g\u00f6mb alak\u00fa koron\u00e1ja van, t\u0171levelei 4-6 cm hossz\u00faak \u00e9s s\u00f6t\u00e9tz\u00f6ld sz\u00edn\u0171ek.<br \/>\n<strong>N\u00f6veked\u00e9s:<\/strong> Lass\u00fa n\u00f6veked\u00e9s\u0171, \u00edgy ide\u00e1lis sziklakerti be\u00fcltet\u00e9sekhez vagy vir\u00e1g\u00e1gy\u00e1sok els\u0151 r\u00e9sz\u00e9be.<br \/>\n<strong>Talaj \u00e9s \u00fcltet\u00e9s:<\/strong> Kedveli a napos fekv\u00e9st \u00e9s ig\u00e9nytelen a talajjal szemben. Eg\u00e9sz \u00e9vben \u00fcltethet\u0151, \u00e9s t\u00e1panyagban d\u00fas f\u00f6ldkever\u00e9kben \u00e9rzi j\u00f3l mag\u00e1t.<br \/>\n<strong>Gondoz\u00e1s:<\/strong> T\u00e9len is mutat\u00f3s marad, \u00edgy eg\u00e9sz \u00e9vben d\u00edsz\u00edti a kertet.<\/p>","protected":false},"featured_media":21219,"template":"","meta":{"_et_pb_use_builder":"","_et_pb_old_content":"","_et_gb_content_width":""},"product_brand":[],"product_cat":[26],"product_tag":[5331,4403,5330,5332],"class_list":{"0":"post-21218","1":"product","2":"type-product","3":"status-publish","4":"has-post-thumbnail","6":"product_cat-orokzold-novenyek","7":"product_tag-feketefenyo","8":"product_tag-pinus","9":"product_tag-pinus-nigra","10":"product_tag-pinus-nigra-brepo","12":"first","13":"outofstock","14":"shipping-taxable","15":"product-type-simple"},"yoast_head":"<!-- This site is optimized with the Yoast SEO plugin v27.4 - https:\/\/yoast.com\/product\/yoast-seo-wordpress\/ -->\n<title>Pinus nigra &#039;Brepo&#039; - T\u00f6rzses t\u00f6rpe g\u00f6mb feketefeny\u0151 - T\u00e1jkert\u00e9sz<\/title>\n<meta name=\"description\" content=\"Pinus nigra &#039;Brepo&#039; - T\u00f6rzses t\u00f6rpe g\u00f6mb feketefeny\u0151A Pinus nigra \u2018Brepo\u2019, m\u00e1s n\u00e9ven t\u00f6rpe g\u00f6mb feketefeny\u0151, egy kompakt, alacsony m\u00e9ret\u0171 \u00f6r\u00f6kz\u00f6ld n\u00f6v\u00e9ny.\u00a0\" \/>\n<meta name=\"robots\" content=\"index, follow, max-snippet:-1, max-image-preview:large, max-video-preview:-1\" \/>\n<link rel=\"canonical\" href=\"https:\/\/tajkertesz.com\/en_US\/product\/pinus-nigra-brepo-torzses-torpe-gomb-feketefenyo\/\" \/>\n<meta property=\"og:locale\" content=\"en_US\" \/>\n<meta property=\"og:type\" content=\"article\" \/>\n<meta property=\"og:title\" content=\"Pinus nigra &#039;Brepo&#039; - T\u00f6rzses t\u00f6rpe g\u00f6mb feketefeny\u0151 - T\u00e1jkert\u00e9sz\" \/>\n<meta property=\"og:description\" content=\"Pinus nigra &#039;Brepo&#039; - T\u00f6rzses t\u00f6rpe g\u00f6mb feketefeny\u0151A Pinus nigra \u2018Brepo\u2019, m\u00e1s n\u00e9ven t\u00f6rpe g\u00f6mb feketefeny\u0151, egy kompakt, alacsony m\u00e9ret\u0171 \u00f6r\u00f6kz\u00f6ld n\u00f6v\u00e9ny.\u00a0\" \/>\n<meta property=\"og:url\" content=\"https:\/\/tajkertesz.com\/en_US\/product\/pinus-nigra-brepo-torzses-torpe-gomb-feketefenyo\/\" \/>\n<meta property=\"og:site_name\" content=\"T\u00e1jkert\u00e9sz\" \/>\n<meta property=\"article:publisher\" content=\"https:\/\/www.facebook.com\/Tajkertesz\/\" \/>\n<meta property=\"article:modified_time\" content=\"2026-04-02T14:09:42+00:00\" \/>\n<meta property=\"og:image\" content=\"https:\/\/tajkertesz.com\/wp-content\/uploads\/2024\/10\/20240925_115827-scaled.jpg\" \/>\n\t<meta property=\"og:image:width\" content=\"1245\" \/>\n\t<meta property=\"og:image:height\" content=\"2560\" \/>\n\t<meta property=\"og:image:type\" content=\"image\/jpeg\" \/>\n<meta name=\"twitter:card\" content=\"summary_large_image\" \/>\n<meta name=\"twitter:label1\" content=\"Est. reading time\" \/>\n\t<meta name=\"twitter:data1\" content=\"3 minutes\" \/>\n<script type=\"application\/ld+json\" class=\"yoast-schema-graph\">{\"@context\":\"https:\\\/\\\/schema.org\",\"@graph\":[{\"@type\":\"WebPage\",\"@id\":\"https:\\\/\\\/tajkertesz.com\\\/termek\\\/pinus-nigra-brepo-torzses-torpe-gomb-feketefenyo\\\/\",\"url\":\"https:\\\/\\\/tajkertesz.com\\\/termek\\\/pinus-nigra-brepo-torzses-torpe-gomb-feketefenyo\\\/\",\"name\":\"Pinus nigra 'Brepo' - T\u00f6rzses t\u00f6rpe g\u00f6mb feketefeny\u0151 - T\u00e1jkert\u00e9sz\",\"isPartOf\":{\"@id\":\"https:\\\/\\\/tajkertesz.com\\\/#website\"},\"primaryImageOfPage\":{\"@id\":\"https:\\\/\\\/tajkertesz.com\\\/termek\\\/pinus-nigra-brepo-torzses-torpe-gomb-feketefenyo\\\/#primaryimage\"},\"image\":{\"@id\":\"https:\\\/\\\/tajkertesz.com\\\/termek\\\/pinus-nigra-brepo-torzses-torpe-gomb-feketefenyo\\\/#primaryimage\"},\"thumbnailUrl\":\"https:\\\/\\\/tajkertesz.com\\\/wp-content\\\/uploads\\\/2024\\\/10\\\/20240925_115827-scaled.jpg\",\"datePublished\":\"2024-10-02T14:19:01+00:00\",\"dateModified\":\"2026-04-02T14:09:42+00:00\",\"description\":\"Pinus nigra 'Brepo' - T\u00f6rzses t\u00f6rpe g\u00f6mb feketefeny\u0151A Pinus nigra \u2018Brepo\u2019, m\u00e1s n\u00e9ven t\u00f6rpe g\u00f6mb feketefeny\u0151, egy kompakt, alacsony m\u00e9ret\u0171 \u00f6r\u00f6kz\u00f6ld n\u00f6v\u00e9ny.\u00a0\",\"breadcrumb\":{\"@id\":\"https:\\\/\\\/tajkertesz.com\\\/termek\\\/pinus-nigra-brepo-torzses-torpe-gomb-feketefenyo\\\/#breadcrumb\"},\"inLanguage\":\"en-US\",\"potentialAction\":[{\"@type\":\"ReadAction\",\"target\":[\"https:\\\/\\\/tajkertesz.com\\\/termek\\\/pinus-nigra-brepo-torzses-torpe-gomb-feketefenyo\\\/\"]}]},{\"@type\":\"ImageObject\",\"inLanguage\":\"en-US\",\"@id\":\"https:\\\/\\\/tajkertesz.com\\\/termek\\\/pinus-nigra-brepo-torzses-torpe-gomb-feketefenyo\\\/#primaryimage\",\"url\":\"https:\\\/\\\/tajkertesz.com\\\/wp-content\\\/uploads\\\/2024\\\/10\\\/20240925_115827-scaled.jpg\",\"contentUrl\":\"https:\\\/\\\/tajkertesz.com\\\/wp-content\\\/uploads\\\/2024\\\/10\\\/20240925_115827-scaled.jpg\",\"width\":1245,\"height\":2560,\"caption\":\"Pinus nigra 'Brepo' - t\u00f6rzses t\u00f6rpe feketefeny\u0151\"},{\"@type\":\"BreadcrumbList\",\"@id\":\"https:\\\/\\\/tajkertesz.com\\\/termek\\\/pinus-nigra-brepo-torzses-torpe-gomb-feketefenyo\\\/#breadcrumb\",\"itemListElement\":[{\"@type\":\"ListItem\",\"position\":1,\"name\":\"Home\",\"item\":\"https:\\\/\\\/tajkertesz.com\\\/\"},{\"@type\":\"ListItem\",\"position\":2,\"name\":\"Kezd\u0151lap\",\"item\":\"https:\\\/\\\/tajkertesz.com\\\/\"},{\"@type\":\"ListItem\",\"position\":3,\"name\":\"Pinus nigra &#8216;Brepo&#8217; &#8211; T\u00f6rzses t\u00f6rpe g\u00f6mb feketefeny\u0151\"}]},{\"@type\":\"WebSite\",\"@id\":\"https:\\\/\\\/tajkertesz.com\\\/#website\",\"url\":\"https:\\\/\\\/tajkertesz.com\\\/\",\"name\":\"T\u00e1j-Kert\u00e9sz 84 Kft.\",\"description\":\"Kert\u00e9szeti kis- \u00e9s nagykeresked\u00e9s, D\u00edszn\u00f6v\u00e9ny web\u00e1ruh\u00e1z orsz\u00e1gos h\u00e1zhozsz\u00e1ll\u00edt\u00e1ssal!\",\"publisher\":{\"@id\":\"https:\\\/\\\/tajkertesz.com\\\/#organization\"},\"potentialAction\":[{\"@type\":\"SearchAction\",\"target\":{\"@type\":\"EntryPoint\",\"urlTemplate\":\"https:\\\/\\\/tajkertesz.com\\\/?s={search_term_string}\"},\"query-input\":{\"@type\":\"PropertyValueSpecification\",\"valueRequired\":true,\"valueName\":\"search_term_string\"}}],\"inLanguage\":\"en-US\"},{\"@type\":\"Organization\",\"@id\":\"https:\\\/\\\/tajkertesz.com\\\/#organization\",\"name\":\"T\u00e1j-Kert\u00e9sz 84 Kft.\",\"url\":\"https:\\\/\\\/tajkertesz.com\\\/\",\"logo\":{\"@type\":\"ImageObject\",\"inLanguage\":\"en-US\",\"@id\":\"https:\\\/\\\/tajkertesz.com\\\/#\\\/schema\\\/logo\\\/image\\\/\",\"url\":\"https:\\\/\\\/tajkertesz.com\\\/wp-content\\\/uploads\\\/2018\\\/02\\\/logo-2-e1518678052539.png\",\"contentUrl\":\"https:\\\/\\\/tajkertesz.com\\\/wp-content\\\/uploads\\\/2018\\\/02\\\/logo-2-e1518678052539.png\",\"width\":81,\"height\":140,\"caption\":\"T\u00e1j-Kert\u00e9sz 84 Kft.\"},\"image\":{\"@id\":\"https:\\\/\\\/tajkertesz.com\\\/#\\\/schema\\\/logo\\\/image\\\/\"},\"sameAs\":[\"https:\\\/\\\/www.facebook.com\\\/Tajkertesz\\\/\"]}]}<\/script>\n<!-- \/ Yoast SEO plugin. -->","yoast_head_json":{"title":"Pinus nigra 'Brepo' - T\u00f6rzses t\u00f6rpe g\u00f6mb feketefeny\u0151 - T\u00e1jkert\u00e9sz","description":"Pinus nigra 'Brepo' - T\u00f6rzses t\u00f6rpe g\u00f6mb feketefeny\u0151A Pinus nigra \u2018Brepo\u2019, m\u00e1s n\u00e9ven t\u00f6rpe g\u00f6mb feketefeny\u0151, egy kompakt, alacsony m\u00e9ret\u0171 \u00f6r\u00f6kz\u00f6ld n\u00f6v\u00e9ny.\u00a0","robots":{"index":"index","follow":"follow","max-snippet":"max-snippet:-1","max-image-preview":"max-image-preview:large","max-video-preview":"max-video-preview:-1"},"canonical":"https:\/\/tajkertesz.com\/en_US\/product\/pinus-nigra-brepo-torzses-torpe-gomb-feketefenyo\/","og_locale":"en_US","og_type":"article","og_title":"Pinus nigra 'Brepo' - T\u00f6rzses t\u00f6rpe g\u00f6mb feketefeny\u0151 - T\u00e1jkert\u00e9sz","og_description":"Pinus nigra 'Brepo' - T\u00f6rzses t\u00f6rpe g\u00f6mb feketefeny\u0151A Pinus nigra \u2018Brepo\u2019, m\u00e1s n\u00e9ven t\u00f6rpe g\u00f6mb feketefeny\u0151, egy kompakt, alacsony m\u00e9ret\u0171 \u00f6r\u00f6kz\u00f6ld n\u00f6v\u00e9ny.\u00a0","og_url":"https:\/\/tajkertesz.com\/en_US\/product\/pinus-nigra-brepo-torzses-torpe-gomb-feketefenyo\/","og_site_name":"T\u00e1jkert\u00e9sz","article_publisher":"https:\/\/www.facebook.com\/Tajkertesz\/","article_modified_time":"2026-04-02T14:09:42+00:00","og_image":[{"width":1245,"height":2560,"url":"https:\/\/tajkertesz.com\/wp-content\/uploads\/2024\/10\/20240925_115827-scaled.jpg","type":"image\/jpeg"}],"twitter_card":"summary_large_image","twitter_misc":{"Est. reading time":"3 minutes"},"schema":{"@context":"https:\/\/schema.org","@graph":[{"@type":"WebPage","@id":"https:\/\/tajkertesz.com\/termek\/pinus-nigra-brepo-torzses-torpe-gomb-feketefenyo\/","url":"https:\/\/tajkertesz.com\/termek\/pinus-nigra-brepo-torzses-torpe-gomb-feketefenyo\/","name":"Pinus nigra 'Brepo' - T\u00f6rzses t\u00f6rpe g\u00f6mb feketefeny\u0151 - T\u00e1jkert\u00e9sz","isPartOf":{"@id":"https:\/\/tajkertesz.com\/#website"},"primaryImageOfPage":{"@id":"https:\/\/tajkertesz.com\/termek\/pinus-nigra-brepo-torzses-torpe-gomb-feketefenyo\/#primaryimage"},"image":{"@id":"https:\/\/tajkertesz.com\/termek\/pinus-nigra-brepo-torzses-torpe-gomb-feketefenyo\/#primaryimage"},"thumbnailUrl":"https:\/\/tajkertesz.com\/wp-content\/uploads\/2024\/10\/20240925_115827-scaled.jpg","datePublished":"2024-10-02T14:19:01+00:00","dateModified":"2026-04-02T14:09:42+00:00","description":"Pinus nigra 'Brepo' - T\u00f6rzses t\u00f6rpe g\u00f6mb feketefeny\u0151A Pinus nigra \u2018Brepo\u2019, m\u00e1s n\u00e9ven t\u00f6rpe g\u00f6mb feketefeny\u0151, egy kompakt, alacsony m\u00e9ret\u0171 \u00f6r\u00f6kz\u00f6ld n\u00f6v\u00e9ny.\u00a0","breadcrumb":{"@id":"https:\/\/tajkertesz.com\/termek\/pinus-nigra-brepo-torzses-torpe-gomb-feketefenyo\/#breadcrumb"},"inLanguage":"en-US","potentialAction":[{"@type":"ReadAction","target":["https:\/\/tajkertesz.com\/termek\/pinus-nigra-brepo-torzses-torpe-gomb-feketefenyo\/"]}]},{"@type":"ImageObject","inLanguage":"en-US","@id":"https:\/\/tajkertesz.com\/termek\/pinus-nigra-brepo-torzses-torpe-gomb-feketefenyo\/#primaryimage","url":"https:\/\/tajkertesz.com\/wp-content\/uploads\/2024\/10\/20240925_115827-scaled.jpg","contentUrl":"https:\/\/tajkertesz.com\/wp-content\/uploads\/2024\/10\/20240925_115827-scaled.jpg","width":1245,"height":2560,"caption":"Pinus nigra 'Brepo' - t\u00f6rzses t\u00f6rpe feketefeny\u0151"},{"@type":"BreadcrumbList","@id":"https:\/\/tajkertesz.com\/termek\/pinus-nigra-brepo-torzses-torpe-gomb-feketefenyo\/#breadcrumb","itemListElement":[{"@type":"ListItem","position":1,"name":"Home","item":"https:\/\/tajkertesz.com\/"},{"@type":"ListItem","position":2,"name":"Kezd\u0151lap","item":"https:\/\/tajkertesz.com\/"},{"@type":"ListItem","position":3,"name":"Pinus nigra &#8216;Brepo&#8217; &#8211; T\u00f6rzses t\u00f6rpe g\u00f6mb feketefeny\u0151"}]},{"@type":"WebSite","@id":"https:\/\/tajkertesz.com\/#website","url":"https:\/\/tajkertesz.com\/","name":"T\u00e1j-Kert\u00e9sz 84 Kft.","description":"Kert\u00e9szeti kis- \u00e9s nagykeresked\u00e9s, D\u00edszn\u00f6v\u00e9ny web\u00e1ruh\u00e1z orsz\u00e1gos h\u00e1zhozsz\u00e1ll\u00edt\u00e1ssal!","publisher":{"@id":"https:\/\/tajkertesz.com\/#organization"},"potentialAction":[{"@type":"SearchAction","target":{"@type":"EntryPoint","urlTemplate":"https:\/\/tajkertesz.com\/?s={search_term_string}"},"query-input":{"@type":"PropertyValueSpecification","valueRequired":true,"valueName":"search_term_string"}}],"inLanguage":"en-US"},{"@type":"Organization","@id":"https:\/\/tajkertesz.com\/#organization","name":"T\u00e1j-Kert\u00e9sz 84 Kft.","url":"https:\/\/tajkertesz.com\/","logo":{"@type":"ImageObject","inLanguage":"en-US","@id":"https:\/\/tajkertesz.com\/#\/schema\/logo\/image\/","url":"https:\/\/tajkertesz.com\/wp-content\/uploads\/2018\/02\/logo-2-e1518678052539.png","contentUrl":"https:\/\/tajkertesz.com\/wp-content\/uploads\/2018\/02\/logo-2-e1518678052539.png","width":81,"height":140,"caption":"T\u00e1j-Kert\u00e9sz 84 Kft."},"image":{"@id":"https:\/\/tajkertesz.com\/#\/schema\/logo\/image\/"},"sameAs":["https:\/\/www.facebook.com\/Tajkertesz\/"]}]}},"_links":{"self":[{"href":"https:\/\/tajkertesz.com\/en_US\/wp-json\/wp\/v2\/product\/21218","targetHints":{"allow":["GET"]}}],"collection":[{"href":"https:\/\/tajkertesz.com\/en_US\/wp-json\/wp\/v2\/product"}],"about":[{"href":"https:\/\/tajkertesz.com\/en_US\/wp-json\/wp\/v2\/types\/product"}],"wp:featuredmedia":[{"embeddable":true,"href":"https:\/\/tajkertesz.com\/en_US\/wp-json\/wp\/v2\/media\/21219"}],"wp:attachment":[{"href":"https:\/\/tajkertesz.com\/en_US\/wp-json\/wp\/v2\/media?parent=21218"}],"wp:term":[{"taxonomy":"product_brand","embeddable":true,"href":"https:\/\/tajkertesz.com\/en_US\/wp-json\/wp\/v2\/product_brand?post=21218"},{"taxonomy":"product_cat","embeddable":true,"href":"https:\/\/tajkertesz.com\/en_US\/wp-json\/wp\/v2\/product_cat?post=21218"},{"taxonomy":"product_tag","embeddable":true,"href":"https:\/\/tajkertesz.com\/en_US\/wp-json\/wp\/v2\/product_tag?post=21218"}],"curies":[{"name":"wp","href":"https:\/\/api.w.org\/{rel}","templated":true}]}}