{"id":21270,"date":"2024-10-08T12:44:06","date_gmt":"2024-10-08T12:44:06","guid":{"rendered":"https:\/\/tajkertesz.com\/?post_type=product&#038;p=21270"},"modified":"2026-02-12T15:09:35","modified_gmt":"2026-02-12T15:09:35","slug":"oszi-novenycsomag","status":"publish","type":"product","link":"https:\/\/tajkertesz.com\/en_US\/product\/oszi-novenycsomag\/","title":{"rendered":"\u0150szi n\u00f6v\u00e9nycsomag"},"content":{"rendered":"<h2>\u0150szi n\u00f6v\u00e9nycsomag<\/h2>\n<p>Az \u0151szi n\u00f6v\u00e9nycsomag ide\u00e1lis v\u00e1laszt\u00e1s azoknak, akik kertj\u00fcket vagy balkonjukat szeretn\u00e9k sz\u00ednesebb\u00e9 \u00e9s l\u00e1tv\u00e1nyosabb\u00e1 tenni a h\u0171v\u00f6sebb h\u00f3napokban is. V\u00e1logatott, egym\u00e1ssal j\u00f3l t\u00e1rs\u00edthat\u00f3 n\u00f6v\u00e9nyekb\u0151l \u00e1ll\u00f3 csomag, amely minim\u00e1lis gondoz\u00e1s mellett is gy\u00f6ny\u00f6r\u0171 \u00f6sszhat\u00e1st biztos\u00edt.<\/p>\n<p>\ud83c\udf3f **A csomag tartalma:**<br \/>\n&#8211; 1 db d\u00edszf\u0171 \u2013 l\u00e1tv\u00e1nyos megjelen\u00e9s\u00e9vel t\u00e9rform\u00e1l\u00f3 elem<br \/>\n&#8211; 3 db cserje \u2013 sz\u00ednes lombozattal \u00e9s v\u00e1ltozatos form\u00e1kkal<br \/>\n&#8211; 1 db \u00f6r\u00f6kz\u00f6ld n\u00f6v\u00e9ny \u2013 eg\u00e9sz \u00e9vben d\u00edsz\u00edt<br \/>\n&#8211; 1 db \u00e9vel\u0151 n\u00f6v\u00e9ny \u2013 tart\u00f3s \u00e9s kev\u00e9s gondoz\u00e1st ig\u00e9nyel<\/p>\n<p>A n\u00f6v\u00e9nyeket kert\u00e9szeink v\u00e1logatt\u00e1k \u00f6ssze \u00fagy, hogy azok j\u00f3l b\u00edrj\u00e1k az \u0151szi id\u0151j\u00e1r\u00e1st \u00e9s egym\u00e1ssal harmonikus l\u00e1tv\u00e1nyt ny\u00fajtsanak.<\/p>\n<p>\u2705 K\u00f6nnyen \u00fcltethet\u0151<br \/>\n\u2705 Harmonikus sz\u00edn- \u00e9s forma\u00f6ssze\u00e1ll\u00edt\u00e1s<br \/>\n\u2705 \u0150szi szezonra optimaliz\u00e1lt v\u00e1logat\u00e1s<\/p>\n<p>T\u00f6k\u00e9letes v\u00e1laszt\u00e1s aj\u00e1nd\u00e9kba is!<\/p>\n<p>Rendelje h\u00e1zhoz ingyenes sz\u00e1ll\u00edt\u00e1ssal ezt a fantasztikus n\u00f6v\u00e9nycsomagot!<\/p>\n<p>A sz\u00e1ll\u00edt\u00e1s k\u00f6lts\u00e9ge a megrendel\u00e9s ut\u00e1n automatikusan felt\u00fcntet\u00e9sre ker\u00fcl a rendszer\u00fcnk miatt, <span style=\"color: #ff0000;\">de nem sz\u00e1ml\u00e1zzuk ki, \u00edgy \u00d6nnek <strong>csak a 13.990.Ft-ot kell kifizetnie!<\/strong><\/span><\/p>\n<p>A csomag tartalma 6db. n\u00f6v\u00e9ny melyben cserje, \u00e9vel\u0151 \u00e9s \u00f6r\u00f6kz\u00f6ld n\u00f6v\u00e9ny egyar\u00e1nt megtal\u00e1lhat\u00f3 (6db\/cs.)<\/p>\n<h4><strong>\ud83d\udd04 K\u00e9szletinform\u00e1ci\u00f3<\/strong><\/h4>\n<p><strong>K\u00e9szlet\u00fcnk napi szinten v\u00e1ltozik, \u00edgy a webshopban szerepl<\/strong><strong>\u0151<\/strong><strong>\u00a0term\u00e9kek el\u00e9rhet<\/strong><strong>\u0151<\/strong><strong>s\u00e9ge nem garant\u00e1lt.<br \/>\n\ud83d\udcde A megrendel\u00e9s el<\/strong><strong>\u0151<\/strong><strong>tt k\u00e9rj\u00fck, \u00e9rdekl<\/strong><strong>\u0151<\/strong><strong>dj\u00f6n szem\u00e9lyesen, telefonon vagy e-mailben!<\/strong><\/p>\n<h4><strong>\u27a1\ufe0f Kapcsolat:<\/strong><\/h4>\n<ul>\n<li><strong>Weboldal:\u00a0<\/strong><a href=\"https:\/\/tajkertesz.com\/\"><strong>tajkertesz.com<\/strong><\/a><\/li>\n<li><strong>Facebook:\u00a0<\/strong><a href=\"https:\/\/www.facebook.com\/tajkertesz\/\"><strong>facebook.com\/tajkertesz<\/strong><\/a><\/li>\n<li><strong>Telefonsz\u00e1m, e-mail: +36\/20-319-3770\u00a0<\/strong><a href=\"mailto:tajkerteszaruda@gmail.com\"><strong>tajkerteszaruda@gmail.com<\/strong><\/a><\/li>\n<\/ul>\n<h4><strong>\ud83d\ude9a Sz\u00e1ll\u00edt\u00e1si inform\u00e1ci\u00f3k<\/strong><\/h4>\n<p><strong>A megrendelt n\u00f6v\u00e9nyek kisz\u00e1ll\u00edt\u00e1sa az al\u00e1bbi felt\u00e9telek mellett t\u00f6rt\u00e9nik:<\/strong><\/p>\n<h4><strong>\ud83d\udce6 Fut\u00e1rszolg\u00e1latos sz\u00e1ll\u00edt\u00e1s<\/strong><\/h4>\n<ul>\n<li><strong>Maxim\u00e1lis m\u00e9ret: 200 cm (hossz\u00fas\u00e1g)<\/strong><\/li>\n<li><strong>Maxim\u00e1lis s\u00faly: 40 kg<\/strong><\/li>\n<li><strong>Az enn\u00e9l kisebb \u00e9s k\u00f6nnyebb csomagokat fut\u00e1rszolg\u00e1lattal k\u00e9zbes\u00edtj\u00fck a lehet<\/strong><strong>\u0151<\/strong><strong>\u00a0legbiztons\u00e1gosabb csomagol\u00e1sban.<\/strong><\/li>\n<\/ul>\n<h4><strong>\ud83d\udefb Szem\u00e9lyes \u00e1tv\u00e9tel<\/strong><\/h4>\n<ul>\n<li><strong>1173 Budapest, Bakancsos utca 7. sz\u00e1m alatt nyitvatart\u00e1si id<\/strong><strong>\u0151<\/strong><strong>ben szem\u00e9lyesen \u00e1tvehet<\/strong><strong>\u0151<\/strong><strong>\u00a0kert\u00e9szeti \u00e1rud\u00e1nkban.<\/strong><\/li>\n<li><strong>K\u00f6lts\u00e9ghat\u00e9kony megold\u00e1s nagyobb, t\u00f6r\u00e9kenyebb vagy t\u00falm\u00e9retes n\u00f6v\u00e9nyek eset\u00e9n.<\/strong><\/li>\n<\/ul>\n<h4><strong>\ud83d\udcde Nagy m\u00e9ret<\/strong><strong>\u0171<\/strong><strong>\u00a0vagy s\u00faly\u00fa n\u00f6v\u00e9nyek eset\u00e9n<\/strong><\/h4>\n<p><strong>Ha a term\u00e9k:<\/strong><\/p>\n<ul>\n<li><strong>meghaladja a 200 cm hossz\u00fas\u00e1got vagy<\/strong><\/li>\n<li><strong>meghaladja a 40 kg s\u00falyt,<\/strong><\/li>\n<\/ul>\n<p><strong>akkor szem\u00e9lyes \u00e1tv\u00e9tellel vagy egyedi, el<\/strong><strong>\u0151<\/strong><strong>re egyeztetett sz\u00e1ll\u00edt\u00e1si felt\u00e9telek mellett t\u00f6rt\u00e9nik.<br \/>\nK\u00e9rj\u00fck, ilyen esetben rendel\u00e9s el<\/strong><strong>\u0151<\/strong><strong>tt vegye fel vel\u00fcnk a kapcsolatot, hogy a lehet<\/strong><strong>\u0151<\/strong><strong>\u00a0legmegfelel<\/strong><strong>\u0151<\/strong><strong>bb sz\u00e1ll\u00edt\u00e1si megold\u00e1st k\u00edn\u00e1lhassuk.<\/strong><\/p>\n<p><strong>\ud83d\udd14 Fontos: A n\u00f6v\u00e9nyeket minden esetben igyeksz\u00fcnk gondosan, egyes\u00e9vel csomagolni, azonban a sz\u00e1ll\u00edt\u00e1s sor\u00e1n kisebb eszt\u00e9tikai s\u00e9r\u00fcl\u00e9sek el<\/strong><strong>\u0151<\/strong><strong>fordulhatnak (pl. lev\u00e9lhull\u00e1s). Ez nem min<\/strong><strong>\u0151<\/strong><strong>s\u00fcl hib\u00e1s teljes\u00edt\u00e9snek.<\/strong><\/p>\n<h4><strong>\ud83d\udcf7 Fontos tudni a k\u00e9pekr<\/strong><strong>\u0151<\/strong><strong>l<\/strong><\/h4>\n<p><strong>A webshopban szerepl<\/strong><strong>\u0151<\/strong><strong>\u00a0k\u00e9pek illusztr\u00e1ci\u00f3k, a n\u00f6v\u00e9nyek term\u00e9szet\u00fckn\u00e9l fogva egyediek, \u00edgy m\u00e9retben, alakban \u00e9s sz\u00ednben minim\u00e1lis elt\u00e9r\u00e9sek el<\/strong><strong>\u0151<\/strong><strong>fordulhatnak a k\u00e9pen l\u00e1that\u00f3 \u00e9s a val\u00f3s p\u00e9ld\u00e1nyok k\u00f6z\u00f6tt.<\/strong><\/p>\n<h4><strong>\ud83e\uddfe \u00c1rak \u00e9s el\u00e1ll\u00e1si jog<\/strong><\/h4>\n<ul>\n<li><strong>Az \u00e1rak egy darab\u00a0n\u00f6v\u00e9nyre vonatkoznak.<\/strong><\/li>\n<li><strong>\u00c9l<\/strong><strong>\u0151<\/strong><strong>\u00a0n\u00f6v\u00e9nyek rendel\u00e9se eset\u00e9n a 14 napos el\u00e1ll\u00e1s joga nem \u00e9rv\u00e9nyes\u00edthet<\/strong><strong>\u0151<\/strong><strong>, mivel azok romland\u00f3, biol\u00f3giailag \u00e9l<\/strong><strong>\u0151<\/strong><strong>\u00a0term\u00e9keknek min<\/strong><strong>\u0151<\/strong><strong>s\u00fclnek.<br \/>\n\ud83d\udd12 (17\/1999. (II. 5.) Korm. rendelet 5. \u00a7 c) pontja alapj\u00e1n)<\/strong><\/li>\n<\/ul>\n<h4><strong>\ud83d\udce6 K\u00e9zbes\u00edt\u00e9s ut\u00e1ni teend<\/strong><strong>\u0151<\/strong><strong>k<\/strong><\/h4>\n<p><strong>A k\u00e9zbes\u00edt\u00e9st k\u00f6vet<\/strong><strong>\u0151<\/strong><strong>en a csomagot azonnal bontsuk ki, \u00e9s a n\u00f6v\u00e9nyt helyezz\u00fck el megfelel<\/strong><strong>\u0151<\/strong><strong>\u00a0k\u00f6rnyezetben.<br \/>\nFontos: ha a n\u00f6v\u00e9ny nem r\u00e9szes\u00fcl megfelel<\/strong><strong>\u0151<\/strong><strong>\u00a0gondoz\u00e1sban \u00e9s ennek k\u00f6vetkezt\u00e9ben k\u00e1rosodik vagy elpusztul, felel<\/strong><strong>\u0151<\/strong><strong>ss\u00e9get nem tudunk v\u00e1llalni.<\/strong><\/p>\n<p>&nbsp;<\/p>","protected":false},"excerpt":{"rendered":"<p>\u0150szi n\u00f6v\u00e9nycsomag v\u00e1logatott d\u00edszn\u00f6v\u00e9nyekkel: 1 d\u00edszf\u0171, 3 cserje, 1 \u00f6r\u00f6kz\u00f6ld \u00e9s 1 \u00e9vel\u0151. Ide\u00e1lis kertbe vagy balkonra, az \u0151szi szezon hangulat\u00e1hoz igaz\u00edtva.<\/p>","protected":false},"featured_media":21283,"template":"","meta":{"_et_pb_use_builder":"","_et_pb_old_content":"","_et_gb_content_width":""},"product_brand":[],"product_cat":[5342],"product_tag":[6709,6710,5920,6707,6712,6708,6714,6711,6713,6705,6706],"class_list":{"0":"post-21270","1":"product","2":"type-product","3":"status-publish","4":"has-post-thumbnail","6":"product_cat-novenycsomag-ajanlataink","7":"product_tag-balkon-novenyek","8":"product_tag-cserje-csomag","9":"product_tag-diszfu","10":"product_tag-disznoveny-csomag","11":"product_tag-evelo-novenyek","12":"product_tag-kertbe-valo-novenyek","13":"product_tag-noveny-csomag","14":"product_tag-orokzold-noveny","15":"product_tag-oszi-kert","16":"product_tag-oszi-novenycsomag","17":"product_tag-oszi-novenyek","19":"first","20":"instock","21":"shipping-taxable","22":"purchasable","23":"product-type-simple"},"yoast_head":"<!-- This site is optimized with the Yoast SEO plugin v27.4 - https:\/\/yoast.com\/product\/yoast-seo-wordpress\/ -->\n<title>\u0150szi n\u00f6v\u00e9nycsomag - T\u00e1jkert\u00e9sz<\/title>\n<meta name=\"description\" content=\"\u0150szi n\u00f6v\u00e9nycsomag\u0150szi n\u00f6v\u00e9nycsomag kertbe vagy balkonra \u2013 1 d\u00edszf\u0171, 3 cserje, 1 \u00f6r\u00f6kz\u00f6ld \u00e9s 1 \u00e9vel\u0151 n\u00f6v\u00e9ny egy csomagban. K\u00e9sz\u00fclj fel az \u0151szi szezonra!\" \/>\n<meta name=\"robots\" content=\"index, follow, max-snippet:-1, max-image-preview:large, max-video-preview:-1\" \/>\n<link rel=\"canonical\" href=\"https:\/\/tajkertesz.com\/en_US\/product\/oszi-novenycsomag\/\" \/>\n<meta property=\"og:locale\" content=\"en_US\" \/>\n<meta property=\"og:type\" content=\"article\" \/>\n<meta property=\"og:title\" content=\"\u0150szi n\u00f6v\u00e9nycsomag - T\u00e1jkert\u00e9sz\" \/>\n<meta property=\"og:description\" content=\"\u0150szi n\u00f6v\u00e9nycsomag\u0150szi n\u00f6v\u00e9nycsomag kertbe vagy balkonra \u2013 1 d\u00edszf\u0171, 3 cserje, 1 \u00f6r\u00f6kz\u00f6ld \u00e9s 1 \u00e9vel\u0151 n\u00f6v\u00e9ny egy csomagban. K\u00e9sz\u00fclj fel az \u0151szi szezonra!\" \/>\n<meta property=\"og:url\" content=\"https:\/\/tajkertesz.com\/en_US\/product\/oszi-novenycsomag\/\" \/>\n<meta property=\"og:site_name\" content=\"T\u00e1jkert\u00e9sz\" \/>\n<meta property=\"article:publisher\" content=\"https:\/\/www.facebook.com\/Tajkertesz\/\" \/>\n<meta property=\"article:modified_time\" content=\"2026-02-12T15:09:35+00:00\" \/>\n<meta property=\"og:image\" content=\"https:\/\/tajkertesz.com\/wp-content\/uploads\/2024\/10\/20241008_143558-1-scaled.jpg\" \/>\n\t<meta property=\"og:image:width\" content=\"1154\" \/>\n\t<meta property=\"og:image:height\" content=\"2560\" \/>\n\t<meta property=\"og:image:type\" content=\"image\/jpeg\" \/>\n<meta name=\"twitter:card\" content=\"summary_large_image\" \/>\n<meta name=\"twitter:label1\" content=\"Est. reading time\" \/>\n\t<meta name=\"twitter:data1\" content=\"3 minutes\" \/>\n<script type=\"application\/ld+json\" class=\"yoast-schema-graph\">{\"@context\":\"https:\\\/\\\/schema.org\",\"@graph\":[{\"@type\":\"WebPage\",\"@id\":\"https:\\\/\\\/tajkertesz.com\\\/termek\\\/oszi-novenycsomag\\\/\",\"url\":\"https:\\\/\\\/tajkertesz.com\\\/termek\\\/oszi-novenycsomag\\\/\",\"name\":\"\u0150szi n\u00f6v\u00e9nycsomag - T\u00e1jkert\u00e9sz\",\"isPartOf\":{\"@id\":\"https:\\\/\\\/tajkertesz.com\\\/#website\"},\"primaryImageOfPage\":{\"@id\":\"https:\\\/\\\/tajkertesz.com\\\/termek\\\/oszi-novenycsomag\\\/#primaryimage\"},\"image\":{\"@id\":\"https:\\\/\\\/tajkertesz.com\\\/termek\\\/oszi-novenycsomag\\\/#primaryimage\"},\"thumbnailUrl\":\"https:\\\/\\\/tajkertesz.com\\\/wp-content\\\/uploads\\\/2024\\\/10\\\/20241008_143558-1-scaled.jpg\",\"datePublished\":\"2024-10-08T12:44:06+00:00\",\"dateModified\":\"2026-02-12T15:09:35+00:00\",\"description\":\"\u0150szi n\u00f6v\u00e9nycsomag\u0150szi n\u00f6v\u00e9nycsomag kertbe vagy balkonra \u2013 1 d\u00edszf\u0171, 3 cserje, 1 \u00f6r\u00f6kz\u00f6ld \u00e9s 1 \u00e9vel\u0151 n\u00f6v\u00e9ny egy csomagban. K\u00e9sz\u00fclj fel az \u0151szi szezonra!\",\"breadcrumb\":{\"@id\":\"https:\\\/\\\/tajkertesz.com\\\/termek\\\/oszi-novenycsomag\\\/#breadcrumb\"},\"inLanguage\":\"en-US\",\"potentialAction\":[{\"@type\":\"ReadAction\",\"target\":[\"https:\\\/\\\/tajkertesz.com\\\/termek\\\/oszi-novenycsomag\\\/\"]}]},{\"@type\":\"ImageObject\",\"inLanguage\":\"en-US\",\"@id\":\"https:\\\/\\\/tajkertesz.com\\\/termek\\\/oszi-novenycsomag\\\/#primaryimage\",\"url\":\"https:\\\/\\\/tajkertesz.com\\\/wp-content\\\/uploads\\\/2024\\\/10\\\/20241008_143558-1-scaled.jpg\",\"contentUrl\":\"https:\\\/\\\/tajkertesz.com\\\/wp-content\\\/uploads\\\/2024\\\/10\\\/20241008_143558-1-scaled.jpg\",\"width\":1154,\"height\":2560,\"caption\":\"\u0150szi n\u00f6v\u00e9nycsomag\"},{\"@type\":\"BreadcrumbList\",\"@id\":\"https:\\\/\\\/tajkertesz.com\\\/termek\\\/oszi-novenycsomag\\\/#breadcrumb\",\"itemListElement\":[{\"@type\":\"ListItem\",\"position\":1,\"name\":\"Home\",\"item\":\"https:\\\/\\\/tajkertesz.com\\\/\"},{\"@type\":\"ListItem\",\"position\":2,\"name\":\"Kezd\u0151lap\",\"item\":\"https:\\\/\\\/tajkertesz.com\\\/\"},{\"@type\":\"ListItem\",\"position\":3,\"name\":\"\u0150szi n\u00f6v\u00e9nycsomag\"}]},{\"@type\":\"WebSite\",\"@id\":\"https:\\\/\\\/tajkertesz.com\\\/#website\",\"url\":\"https:\\\/\\\/tajkertesz.com\\\/\",\"name\":\"T\u00e1j-Kert\u00e9sz 84 Kft.\",\"description\":\"Kert\u00e9szeti kis- \u00e9s nagykeresked\u00e9s, D\u00edszn\u00f6v\u00e9ny web\u00e1ruh\u00e1z orsz\u00e1gos h\u00e1zhozsz\u00e1ll\u00edt\u00e1ssal!\",\"publisher\":{\"@id\":\"https:\\\/\\\/tajkertesz.com\\\/#organization\"},\"potentialAction\":[{\"@type\":\"SearchAction\",\"target\":{\"@type\":\"EntryPoint\",\"urlTemplate\":\"https:\\\/\\\/tajkertesz.com\\\/?s={search_term_string}\"},\"query-input\":{\"@type\":\"PropertyValueSpecification\",\"valueRequired\":true,\"valueName\":\"search_term_string\"}}],\"inLanguage\":\"en-US\"},{\"@type\":\"Organization\",\"@id\":\"https:\\\/\\\/tajkertesz.com\\\/#organization\",\"name\":\"T\u00e1j-Kert\u00e9sz 84 Kft.\",\"url\":\"https:\\\/\\\/tajkertesz.com\\\/\",\"logo\":{\"@type\":\"ImageObject\",\"inLanguage\":\"en-US\",\"@id\":\"https:\\\/\\\/tajkertesz.com\\\/#\\\/schema\\\/logo\\\/image\\\/\",\"url\":\"https:\\\/\\\/tajkertesz.com\\\/wp-content\\\/uploads\\\/2018\\\/02\\\/logo-2-e1518678052539.png\",\"contentUrl\":\"https:\\\/\\\/tajkertesz.com\\\/wp-content\\\/uploads\\\/2018\\\/02\\\/logo-2-e1518678052539.png\",\"width\":81,\"height\":140,\"caption\":\"T\u00e1j-Kert\u00e9sz 84 Kft.\"},\"image\":{\"@id\":\"https:\\\/\\\/tajkertesz.com\\\/#\\\/schema\\\/logo\\\/image\\\/\"},\"sameAs\":[\"https:\\\/\\\/www.facebook.com\\\/Tajkertesz\\\/\"]}]}<\/script>\n<!-- \/ Yoast SEO plugin. -->","yoast_head_json":{"title":"\u0150szi n\u00f6v\u00e9nycsomag - T\u00e1jkert\u00e9sz","description":"\u0150szi n\u00f6v\u00e9nycsomag\u0150szi n\u00f6v\u00e9nycsomag kertbe vagy balkonra \u2013 1 d\u00edszf\u0171, 3 cserje, 1 \u00f6r\u00f6kz\u00f6ld \u00e9s 1 \u00e9vel\u0151 n\u00f6v\u00e9ny egy csomagban. K\u00e9sz\u00fclj fel az \u0151szi szezonra!","robots":{"index":"index","follow":"follow","max-snippet":"max-snippet:-1","max-image-preview":"max-image-preview:large","max-video-preview":"max-video-preview:-1"},"canonical":"https:\/\/tajkertesz.com\/en_US\/product\/oszi-novenycsomag\/","og_locale":"en_US","og_type":"article","og_title":"\u0150szi n\u00f6v\u00e9nycsomag - T\u00e1jkert\u00e9sz","og_description":"\u0150szi n\u00f6v\u00e9nycsomag\u0150szi n\u00f6v\u00e9nycsomag kertbe vagy balkonra \u2013 1 d\u00edszf\u0171, 3 cserje, 1 \u00f6r\u00f6kz\u00f6ld \u00e9s 1 \u00e9vel\u0151 n\u00f6v\u00e9ny egy csomagban. K\u00e9sz\u00fclj fel az \u0151szi szezonra!","og_url":"https:\/\/tajkertesz.com\/en_US\/product\/oszi-novenycsomag\/","og_site_name":"T\u00e1jkert\u00e9sz","article_publisher":"https:\/\/www.facebook.com\/Tajkertesz\/","article_modified_time":"2026-02-12T15:09:35+00:00","og_image":[{"width":1154,"height":2560,"url":"https:\/\/tajkertesz.com\/wp-content\/uploads\/2024\/10\/20241008_143558-1-scaled.jpg","type":"image\/jpeg"}],"twitter_card":"summary_large_image","twitter_misc":{"Est. reading time":"3 minutes"},"schema":{"@context":"https:\/\/schema.org","@graph":[{"@type":"WebPage","@id":"https:\/\/tajkertesz.com\/termek\/oszi-novenycsomag\/","url":"https:\/\/tajkertesz.com\/termek\/oszi-novenycsomag\/","name":"\u0150szi n\u00f6v\u00e9nycsomag - T\u00e1jkert\u00e9sz","isPartOf":{"@id":"https:\/\/tajkertesz.com\/#website"},"primaryImageOfPage":{"@id":"https:\/\/tajkertesz.com\/termek\/oszi-novenycsomag\/#primaryimage"},"image":{"@id":"https:\/\/tajkertesz.com\/termek\/oszi-novenycsomag\/#primaryimage"},"thumbnailUrl":"https:\/\/tajkertesz.com\/wp-content\/uploads\/2024\/10\/20241008_143558-1-scaled.jpg","datePublished":"2024-10-08T12:44:06+00:00","dateModified":"2026-02-12T15:09:35+00:00","description":"\u0150szi n\u00f6v\u00e9nycsomag\u0150szi n\u00f6v\u00e9nycsomag kertbe vagy balkonra \u2013 1 d\u00edszf\u0171, 3 cserje, 1 \u00f6r\u00f6kz\u00f6ld \u00e9s 1 \u00e9vel\u0151 n\u00f6v\u00e9ny egy csomagban. K\u00e9sz\u00fclj fel az \u0151szi szezonra!","breadcrumb":{"@id":"https:\/\/tajkertesz.com\/termek\/oszi-novenycsomag\/#breadcrumb"},"inLanguage":"en-US","potentialAction":[{"@type":"ReadAction","target":["https:\/\/tajkertesz.com\/termek\/oszi-novenycsomag\/"]}]},{"@type":"ImageObject","inLanguage":"en-US","@id":"https:\/\/tajkertesz.com\/termek\/oszi-novenycsomag\/#primaryimage","url":"https:\/\/tajkertesz.com\/wp-content\/uploads\/2024\/10\/20241008_143558-1-scaled.jpg","contentUrl":"https:\/\/tajkertesz.com\/wp-content\/uploads\/2024\/10\/20241008_143558-1-scaled.jpg","width":1154,"height":2560,"caption":"\u0150szi n\u00f6v\u00e9nycsomag"},{"@type":"BreadcrumbList","@id":"https:\/\/tajkertesz.com\/termek\/oszi-novenycsomag\/#breadcrumb","itemListElement":[{"@type":"ListItem","position":1,"name":"Home","item":"https:\/\/tajkertesz.com\/"},{"@type":"ListItem","position":2,"name":"Kezd\u0151lap","item":"https:\/\/tajkertesz.com\/"},{"@type":"ListItem","position":3,"name":"\u0150szi n\u00f6v\u00e9nycsomag"}]},{"@type":"WebSite","@id":"https:\/\/tajkertesz.com\/#website","url":"https:\/\/tajkertesz.com\/","name":"T\u00e1j-Kert\u00e9sz 84 Kft.","description":"Kert\u00e9szeti kis- \u00e9s nagykeresked\u00e9s, D\u00edszn\u00f6v\u00e9ny web\u00e1ruh\u00e1z orsz\u00e1gos h\u00e1zhozsz\u00e1ll\u00edt\u00e1ssal!","publisher":{"@id":"https:\/\/tajkertesz.com\/#organization"},"potentialAction":[{"@type":"SearchAction","target":{"@type":"EntryPoint","urlTemplate":"https:\/\/tajkertesz.com\/?s={search_term_string}"},"query-input":{"@type":"PropertyValueSpecification","valueRequired":true,"valueName":"search_term_string"}}],"inLanguage":"en-US"},{"@type":"Organization","@id":"https:\/\/tajkertesz.com\/#organization","name":"T\u00e1j-Kert\u00e9sz 84 Kft.","url":"https:\/\/tajkertesz.com\/","logo":{"@type":"ImageObject","inLanguage":"en-US","@id":"https:\/\/tajkertesz.com\/#\/schema\/logo\/image\/","url":"https:\/\/tajkertesz.com\/wp-content\/uploads\/2018\/02\/logo-2-e1518678052539.png","contentUrl":"https:\/\/tajkertesz.com\/wp-content\/uploads\/2018\/02\/logo-2-e1518678052539.png","width":81,"height":140,"caption":"T\u00e1j-Kert\u00e9sz 84 Kft."},"image":{"@id":"https:\/\/tajkertesz.com\/#\/schema\/logo\/image\/"},"sameAs":["https:\/\/www.facebook.com\/Tajkertesz\/"]}]}},"_links":{"self":[{"href":"https:\/\/tajkertesz.com\/en_US\/wp-json\/wp\/v2\/product\/21270","targetHints":{"allow":["GET"]}}],"collection":[{"href":"https:\/\/tajkertesz.com\/en_US\/wp-json\/wp\/v2\/product"}],"about":[{"href":"https:\/\/tajkertesz.com\/en_US\/wp-json\/wp\/v2\/types\/product"}],"wp:featuredmedia":[{"embeddable":true,"href":"https:\/\/tajkertesz.com\/en_US\/wp-json\/wp\/v2\/media\/21283"}],"wp:attachment":[{"href":"https:\/\/tajkertesz.com\/en_US\/wp-json\/wp\/v2\/media?parent=21270"}],"wp:term":[{"taxonomy":"product_brand","embeddable":true,"href":"https:\/\/tajkertesz.com\/en_US\/wp-json\/wp\/v2\/product_brand?post=21270"},{"taxonomy":"product_cat","embeddable":true,"href":"https:\/\/tajkertesz.com\/en_US\/wp-json\/wp\/v2\/product_cat?post=21270"},{"taxonomy":"product_tag","embeddable":true,"href":"https:\/\/tajkertesz.com\/en_US\/wp-json\/wp\/v2\/product_tag?post=21270"}],"curies":[{"name":"wp","href":"https:\/\/api.w.org\/{rel}","templated":true}]}}