{"id":21277,"date":"2024-10-08T11:28:55","date_gmt":"2024-10-08T11:28:55","guid":{"rendered":"https:\/\/tajkertesz.com\/?post_type=product&#038;p=21277"},"modified":"2024-10-24T08:59:08","modified_gmt":"2024-10-24T08:59:08","slug":"tilia-cordata-kislevelu-hars-2","status":"publish","type":"product","link":"https:\/\/tajkertesz.com\/en_US\/product\/tilia-cordata-kislevelu-hars-2\/","title":{"rendered":"Tilia cordata ,Kislevel\u0171 h\u00e1rs"},"content":{"rendered":"<p>Tilia cordata ,Kislevel\u0171 h\u00e1rs<\/p>\n<p>A Tilia cordata ,Kislevel\u0171 h\u00e1rs lass\u00fa n\u00f6veked\u00e9s\u0171 lombos fa,melynek vir\u00e1g\u00e1b\u00f3l gy\u00f3gytea k\u00e9sz\u00edthet\u0151. Vir\u00e1gzat\u00e1t a m\u00e9hek igen kedvelik; a nagylevel\u0171 h\u00e1rssal egy\u00fctt fontos m\u00e9zel\u0151 n\u00f6v\u00e9ny.<\/p>\n<p><b>N\u00f6veked\u00e9s, alak:<\/b>\u00a020-25 m magas, oszlopos n\u00f6veked\u00e9s\u0171, kiss\u00e9 lekerek\u00edtett koron\u00e1j\u00fa lass\u00fa n\u00f6veked\u00e9s\u0171 lombos fa. K\u00e9rge sz\u00fcrke, finoman repedezett.<br \/>\n<b>Lev\u00e9l:<\/b>\u00a0Levele sz\u00edv alak\u00fa, lekereked\u0151 v\u00e1ll\u00fa, cs\u00facsa hegyes, sz\u00e9le fogazott. 7 cm-n\u00e9l ritk\u00e1bban n\u0151 nagyobbra. Levelek fon\u00e1kj\u00e1n rozsdabarn\u00e1s sz\u0151rpamacsok k\u00e9pz\u0151dnek.<br \/>\n<b>Vir\u00e1g:<\/b> S\u00e1rg\u00e1sfeh\u00e9r illatos vir\u00e1gai \u00e9p sz\u00e9l\u0171 fellev\u00e9lhez csatlakozva 4-12 cm hossz\u00fa bogerny\u0151ben j\u00faniusban ny\u00edlnak. Vir\u00e1g\u00e1b\u00f3l gy\u00f3gytea k\u00e9sz\u00edthet\u0151.<br \/>\n<b>Term\u00e9s:<\/b>\u00a0\u00c9rett g\u00f6mb alak\u00fa term\u00e9sei a fellev\u00e9llel egy\u00fctt jellegzetesen p\u00f6r\u00f6gve hullnak le.<br \/>\n<b>Term\u0151hely, ig\u00e9ny:<\/b>\u00a0Talajjal szemben nem ig\u00e9nyes, de kedveli a m\u00e9lyr\u00e9teg\u0171, nedves talajt. A sz\u00e1razs\u00e1got, szelet \u00e9s a v\u00e1rosi kl\u00edm\u00e1t is j\u00f3l t\u0171ri.<br \/>\n<b>Felhaszn\u00e1l\u00e1s:<\/b>\u00a0Utc\u00e1kban fasorok kialak\u00edt\u00e1s\u00e1ra, parkokba szoliterk\u00e9nt \u00fcltethet\u0151.<\/p>\n<p>Jelen term\u00e9k\u00fcnk 5 literben kaphat\u00f3 \u00e9s kb 200 cm magas.<\/p>\n<p style=\"line-height: 18.0pt; background: white; margin: 0cm 0cm 15.0pt 0cm;\"><span style=\"font-family: 'Ubuntu',serif; color: black;\">El\u00e9rhet\u0151 t\u00f6bbf\u00e9le m\u00e9retben \u00e9s \u00e1rban.<\/span><\/p>\n<p style=\"line-height: 18.0pt; background: white; margin: 0cm 0cm 15.0pt 0cm;\"><b><span style=\"font-family: 'Ubuntu',serif; color: black;\">K\u00e9szlet\u00fcnk napi szinten v\u00e1ltozik, ez\u00e9rt k\u00e9rj\u00fck, \u00e9rdekl\u0151dj\u00f6n szem\u00e9lyesen, telefonon vagy email-en.<br \/>\nA v\u00e1ltoztat\u00e1s jog\u00e1t fenntartjuk!\u00a0<\/span><\/b><\/p>\n<p><a href=\"https:\/\/tajkertesz.com\/\">https:\/\/tajkertesz.com\/<\/a><\/p>\n<p><a href=\"https:\/\/hu.wikipedia.org\/wiki\/Kislevel%C5%B1_h%C3%A1rs\">https:\/\/hu.wikipedia.org\/wiki\/Kislevel%C5%B1_h%C3%A1rs<\/a><\/p>\n<p>&nbsp;<\/p>\n<p><span style=\"color: #ffffff;\">20\u201325\u00a0m magasra n\u00f6v\u0151, kiss\u00e9 szab\u00e1lytalan, lekereked\u0151en oszlopos koron\u00e1j\u00fa, t\u00f6bbnyire t\u00f6v\u00e9t\u0151l \u00e1gas fa. A szikl\u00e1s, t\u00f6rmel\u00e9kes term\u0151helyeken t\u00f6rzse alul gy\u00f6k\u00e9r\u00e1gank\u00e9nt t\u00e1maszt\u00e9kosan bord\u00e1s. A k\u00e9rge sz\u00fcrke, finoman repedezett. Fiatal hajt\u00e1sai pelyhesek, de hamar lekopaszodnak.<\/span><\/p>\n<p><span style=\"color: #ffffff;\">Sz\u00edv alak\u00fa, lekereked\u0151 v\u00e1ll\u00fa, hegyes cs\u00facs\u00fa, f\u0171r\u00e9szes sz\u00e9l\u0171 levelei ritk\u00e1n n\u0151nek 7\u00a0cm-n\u00e9l hosszabbra. A levelek fon\u00e1kj\u00e1n az \u00e9rzugokban rozsdabarna, v\u00f6r\u00f6ses sz\u0151rpamacsok n\u0151nek.<\/span><\/p>\n<p><span style=\"color: #ffffff;\">S\u00e1rg\u00e1sfeh\u00e9r, kellemes illat\u00fa vir\u00e1gai a t\u00f6bb<span style=\"text-decoration: underline;\">i\u00a0<a style=\"color: #ffffff; text-decoration: underline;\" title=\"H\u00e1rs (n\u00f6v\u00e9nynemzets\u00e9g)\" href=\"https:\/\/hu.wikipedia.org\/wiki\/H%C3%A1rs_(n%C3%B6v%C3%A9nynemzets%C3%A9g)\">h\u00e1rshoz<\/a><\/span>\u00a0hasonl\u00f3an hossz\u00fak\u00e1s, \u00e9p sz\u00e9l\u0171 fellev\u00e9lhez csatlakoz\u00f3, 4\u201312\u00a0cm hossz\u00fa bogerny\u0151ben ny\u00edlnak. A vir\u00e1gok \u00f6ttag\u00faak: \u00f6t-\u00f6t cs\u00e9sze- \u00e9s sziromlev\u00e9llel. A bibe is \u00f6t\u00e1g\u00fa.<\/span><\/p>\n<p><span style=\"color: #ffffff;\">G\u00f6mb alak\u00fa term\u00e9sei sim\u00e1k, a bibesz\u00e1l maradv\u00e1nyak\u00e9nt kis, hegyes sz\u00e1rban v\u00e9gz\u0151dnek. Az \u00e9rett term\u00e9sek a fellev\u00e9llel egy\u00fctt, jellegzetesen p\u00f6r\u00f6gve esnek le, \u00e9s a sz\u00e9l messzire elhordhatja \u0151ket.<\/span><\/p>\n<h3><span id=\"\u00c9lelmez\u00e9s\" class=\"mw-headline\" style=\"color: #ffffff;\">\u00c9lelmez\u00e9s<\/span><\/h3>\n<p><span style=\"color: #ffffff;\">Vir\u00e1gzat\u00e1t a m\u00e9hek igen kedvelik; a nagylevel\u0171 h\u00e1rssal egy\u00fctt fontos m\u00e9zel\u0151 n\u00f6v\u00e9ny. Legink\u00e1bb j\u00fanius k\u00f6zepe t\u00e1j\u00e1n, a teljes vir\u00e1gz\u00e1s idej\u00e9n gy\u0171jthet\u0151: a m\u00e9hek is ilyenkor k\u00e9sz\u00edtik a legfinomabb h\u00e1rsm\u00e9zet. Forr\u00e1zat\u00e1t, a h\u00e1rsfate\u00e1t \u00e9lvezeti c\u00e9lra is issz\u00e1k.<\/span><\/p>\n<p><span style=\"color: #ffffff;\">Viszonylag ig\u00e9nytelen, sz\u00e1razs\u00e1g- \u00e9s \u00e1rny\u00e9kt\u0171r\u0151, de lassan n\u00f6v\u0151 fa. Legjobban a m\u00e9ly, nem t\u00fal sz\u00e1raz talajban \u00e9rzi mag\u00e1t j\u00f3l. Leveleinek m\u00e9rete jelent\u0151sen f\u00fcgg a term\u0151hely v\u00edzell\u00e1t\u00e1s\u00e1t\u00f3l \u00e9s a hajt\u00e1s jelleg\u00e9t\u0151l: olyannyira, hogy egy \u00fcde talajon \u00e9l\u0151 kislevel\u0171 h\u00e1rs t\u0151sarjain a levelek ak\u00e1r nagyobbak is lehetnek a sz\u00e1razabb k\u00f6r\u00fclm\u00e9nyek k\u00f6z\u00f6tt \u00e9l\u0151\u00a0<a style=\"color: #ffffff;\" title=\"Nagylevel\u0171 h\u00e1rs\" href=\"https:\/\/hu.wikipedia.org\/wiki\/Nagylevel%C5%B1_h%C3%A1rs\">nagylevel\u0171 h\u00e1rs<\/a>\u00a0lombkoron\u00e1j\u00e1nak sz\u00e9l\u00e9n n\u00f6v\u0151 napf\u00e9nylevelekn\u00e9l.<\/span><\/p>\n<p><span style=\"color: #ffffff;\">J\u00faniusban vir\u00e1gzik.<\/span><\/p>\n<p>&nbsp;<\/p>","protected":false},"excerpt":{"rendered":"<p>A Tilia cordata ,Kislevel\u0171 h\u00e1rs lass\u00fa n\u00f6veked\u00e9s\u0171 lombos fa,melynek vir\u00e1g\u00e1b\u00f3l gy\u00f3gytea k\u00e9sz\u00edthet\u0151. Vir\u00e1gzat\u00e1t a m\u00e9hek igen kedvelik; a nagylevel\u0171 h\u00e1rssal egy\u00fctt fontos m\u00e9zel\u0151 n\u00f6v\u00e9ny.<\/p>\n<p><b>N\u00f6veked\u00e9s, alak:<\/b>\u00a020-25 m magas, oszlopos n\u00f6veked\u00e9s\u0171, kiss\u00e9 lekerek\u00edtett koron\u00e1j\u00fa lass\u00fa n\u00f6veked\u00e9s\u0171 lombos fa. K\u00e9rge sz\u00fcrke, finoman repedezett.<br \/>\n<b>Lev\u00e9l:<\/b>\u00a0Levele sz\u00edv alak\u00fa, lekereked\u0151 v\u00e1ll\u00fa, cs\u00facsa hegyes, sz\u00e9le fogazott. 7 cm-n\u00e9l ritk\u00e1bban n\u0151 nagyobbra. Levelek fon\u00e1kj\u00e1n rozsdabarn\u00e1s sz\u0151rpamacsok k\u00e9pz\u0151dnek.<br \/>\n<b>Vir\u00e1g:<\/b> S\u00e1rg\u00e1sfeh\u00e9r illatos vir\u00e1gai \u00e9p sz\u00e9l\u0171 fellev\u00e9lhez csatlakozva 4-12 cm hossz\u00fa bogerny\u0151ben j\u00faniusban ny\u00edlnak. Vir\u00e1g\u00e1b\u00f3l gy\u00f3gytea k\u00e9sz\u00edthet\u0151.<br \/>\n<b>Term\u00e9s:<\/b>\u00a0\u00c9rett g\u00f6mb alak\u00fa term\u00e9sei a fellev\u00e9llel egy\u00fctt jellegzetesen p\u00f6r\u00f6gve hullnak le.<br \/>\n<b>Term\u0151hely, ig\u00e9ny:<\/b>\u00a0Talajjal szemben nem ig\u00e9nyes, de kedveli a m\u00e9lyr\u00e9teg\u0171, nedves talajt. A sz\u00e1razs\u00e1got, szelet \u00e9s a v\u00e1rosi kl\u00edm\u00e1t is j\u00f3l t\u0171ri.<br \/>\n<b>Felhaszn\u00e1l\u00e1s:<\/b>\u00a0Utc\u00e1kban fasorok kialak\u00edt\u00e1s\u00e1ra, parkokba szoliterk\u00e9nt \u00fcltethet\u0151.<\/p>","protected":false},"featured_media":1062,"template":"","meta":{"_et_pb_use_builder":"","_et_pb_old_content":"","_et_gb_content_width":""},"product_brand":[],"product_cat":[28],"product_tag":[178,176,177,175],"class_list":{"0":"post-21277","1":"product","2":"type-product","3":"status-publish","4":"has-post-thumbnail","6":"product_cat-diszfak","7":"product_tag-gyogytea","8":"product_tag-hars","9":"product_tag-kislevelu-hars","10":"product_tag-tilia-cordata","12":"first","13":"outofstock","14":"shipping-taxable","15":"product-type-simple"},"yoast_head":"<!-- This site is optimized with the Yoast SEO plugin v27.3 - https:\/\/yoast.com\/product\/yoast-seo-wordpress\/ -->\n<title>Tilia cordata ,Kislevel\u0171 h\u00e1rs - T\u00e1jkert\u00e9sz<\/title>\n<meta name=\"description\" content=\"A Tilia cordata ,Kislevel\u0171 h\u00e1rs lass\u00fa n\u00f6veked\u00e9s\u0171 lombos fa,melynek vir\u00e1g\u00e1b\u00f3l gy\u00f3gytea k\u00e9sz\u00edthet\u0151.S\u00e1rg\u00e1sfeh\u00e9r illatos vir\u00e1gai j\u00faniusban ny\u00edlnak.\" \/>\n<meta name=\"robots\" content=\"index, follow, max-snippet:-1, max-image-preview:large, max-video-preview:-1\" \/>\n<link rel=\"canonical\" href=\"https:\/\/tajkertesz.com\/en_US\/product\/tilia-cordata-kislevelu-hars-2\/\" \/>\n<meta property=\"og:locale\" content=\"en_US\" \/>\n<meta property=\"og:type\" content=\"article\" \/>\n<meta property=\"og:title\" content=\"Tilia cordata ,Kislevel\u0171 h\u00e1rs - T\u00e1jkert\u00e9sz\" \/>\n<meta property=\"og:description\" content=\"A Tilia cordata ,Kislevel\u0171 h\u00e1rs lass\u00fa n\u00f6veked\u00e9s\u0171 lombos fa,melynek vir\u00e1g\u00e1b\u00f3l gy\u00f3gytea k\u00e9sz\u00edthet\u0151.S\u00e1rg\u00e1sfeh\u00e9r illatos vir\u00e1gai j\u00faniusban ny\u00edlnak.\" \/>\n<meta property=\"og:url\" content=\"https:\/\/tajkertesz.com\/en_US\/product\/tilia-cordata-kislevelu-hars-2\/\" \/>\n<meta property=\"og:site_name\" content=\"T\u00e1jkert\u00e9sz\" \/>\n<meta property=\"article:publisher\" content=\"https:\/\/www.facebook.com\/Tajkertesz\/\" \/>\n<meta property=\"article:modified_time\" content=\"2024-10-24T08:59:08+00:00\" \/>\n<meta property=\"og:image\" content=\"https:\/\/tajkertesz.com\/wp-content\/uploads\/2020\/02\/tilia-cordata-3.jpg\" \/>\n\t<meta property=\"og:image:width\" content=\"225\" \/>\n\t<meta property=\"og:image:height\" content=\"225\" \/>\n\t<meta property=\"og:image:type\" content=\"image\/jpeg\" \/>\n<meta name=\"twitter:card\" content=\"summary_large_image\" \/>\n<meta name=\"twitter:label1\" content=\"Est. reading time\" \/>\n\t<meta name=\"twitter:data1\" content=\"3 minutes\" \/>\n<script type=\"application\/ld+json\" class=\"yoast-schema-graph\">{\"@context\":\"https:\\\/\\\/schema.org\",\"@graph\":[{\"@type\":\"WebPage\",\"@id\":\"https:\\\/\\\/tajkertesz.com\\\/termek\\\/tilia-cordata-kislevelu-hars-2\\\/\",\"url\":\"https:\\\/\\\/tajkertesz.com\\\/termek\\\/tilia-cordata-kislevelu-hars-2\\\/\",\"name\":\"Tilia cordata ,Kislevel\u0171 h\u00e1rs - T\u00e1jkert\u00e9sz\",\"isPartOf\":{\"@id\":\"https:\\\/\\\/tajkertesz.com\\\/#website\"},\"primaryImageOfPage\":{\"@id\":\"https:\\\/\\\/tajkertesz.com\\\/termek\\\/tilia-cordata-kislevelu-hars-2\\\/#primaryimage\"},\"image\":{\"@id\":\"https:\\\/\\\/tajkertesz.com\\\/termek\\\/tilia-cordata-kislevelu-hars-2\\\/#primaryimage\"},\"thumbnailUrl\":\"https:\\\/\\\/tajkertesz.com\\\/wp-content\\\/uploads\\\/2020\\\/02\\\/tilia-cordata-3.jpg\",\"datePublished\":\"2024-10-08T11:28:55+00:00\",\"dateModified\":\"2024-10-24T08:59:08+00:00\",\"description\":\"A Tilia cordata ,Kislevel\u0171 h\u00e1rs lass\u00fa n\u00f6veked\u00e9s\u0171 lombos fa,melynek vir\u00e1g\u00e1b\u00f3l gy\u00f3gytea k\u00e9sz\u00edthet\u0151.S\u00e1rg\u00e1sfeh\u00e9r illatos vir\u00e1gai j\u00faniusban ny\u00edlnak.\",\"breadcrumb\":{\"@id\":\"https:\\\/\\\/tajkertesz.com\\\/termek\\\/tilia-cordata-kislevelu-hars-2\\\/#breadcrumb\"},\"inLanguage\":\"en-US\",\"potentialAction\":[{\"@type\":\"ReadAction\",\"target\":[\"https:\\\/\\\/tajkertesz.com\\\/termek\\\/tilia-cordata-kislevelu-hars-2\\\/\"]}]},{\"@type\":\"ImageObject\",\"inLanguage\":\"en-US\",\"@id\":\"https:\\\/\\\/tajkertesz.com\\\/termek\\\/tilia-cordata-kislevelu-hars-2\\\/#primaryimage\",\"url\":\"https:\\\/\\\/tajkertesz.com\\\/wp-content\\\/uploads\\\/2020\\\/02\\\/tilia-cordata-3.jpg\",\"contentUrl\":\"https:\\\/\\\/tajkertesz.com\\\/wp-content\\\/uploads\\\/2020\\\/02\\\/tilia-cordata-3.jpg\",\"width\":225,\"height\":225},{\"@type\":\"BreadcrumbList\",\"@id\":\"https:\\\/\\\/tajkertesz.com\\\/termek\\\/tilia-cordata-kislevelu-hars-2\\\/#breadcrumb\",\"itemListElement\":[{\"@type\":\"ListItem\",\"position\":1,\"name\":\"Home\",\"item\":\"https:\\\/\\\/tajkertesz.com\\\/\"},{\"@type\":\"ListItem\",\"position\":2,\"name\":\"Kezd\u0151lap\",\"item\":\"https:\\\/\\\/tajkertesz.com\\\/\"},{\"@type\":\"ListItem\",\"position\":3,\"name\":\"Tilia cordata ,Kislevel\u0171 h\u00e1rs\"}]},{\"@type\":\"WebSite\",\"@id\":\"https:\\\/\\\/tajkertesz.com\\\/#website\",\"url\":\"https:\\\/\\\/tajkertesz.com\\\/\",\"name\":\"T\u00e1j-Kert\u00e9sz 84 Kft.\",\"description\":\"Kert\u00e9szeti kis- \u00e9s nagykeresked\u00e9s, D\u00edszn\u00f6v\u00e9ny web\u00e1ruh\u00e1z orsz\u00e1gos h\u00e1zhozsz\u00e1ll\u00edt\u00e1ssal!\",\"publisher\":{\"@id\":\"https:\\\/\\\/tajkertesz.com\\\/#organization\"},\"potentialAction\":[{\"@type\":\"SearchAction\",\"target\":{\"@type\":\"EntryPoint\",\"urlTemplate\":\"https:\\\/\\\/tajkertesz.com\\\/?s={search_term_string}\"},\"query-input\":{\"@type\":\"PropertyValueSpecification\",\"valueRequired\":true,\"valueName\":\"search_term_string\"}}],\"inLanguage\":\"en-US\"},{\"@type\":\"Organization\",\"@id\":\"https:\\\/\\\/tajkertesz.com\\\/#organization\",\"name\":\"T\u00e1j-Kert\u00e9sz 84 Kft.\",\"url\":\"https:\\\/\\\/tajkertesz.com\\\/\",\"logo\":{\"@type\":\"ImageObject\",\"inLanguage\":\"en-US\",\"@id\":\"https:\\\/\\\/tajkertesz.com\\\/#\\\/schema\\\/logo\\\/image\\\/\",\"url\":\"https:\\\/\\\/tajkertesz.com\\\/wp-content\\\/uploads\\\/2018\\\/02\\\/logo-2-e1518678052539.png\",\"contentUrl\":\"https:\\\/\\\/tajkertesz.com\\\/wp-content\\\/uploads\\\/2018\\\/02\\\/logo-2-e1518678052539.png\",\"width\":81,\"height\":140,\"caption\":\"T\u00e1j-Kert\u00e9sz 84 Kft.\"},\"image\":{\"@id\":\"https:\\\/\\\/tajkertesz.com\\\/#\\\/schema\\\/logo\\\/image\\\/\"},\"sameAs\":[\"https:\\\/\\\/www.facebook.com\\\/Tajkertesz\\\/\"]}]}<\/script>\n<!-- \/ Yoast SEO plugin. -->","yoast_head_json":{"title":"Tilia cordata ,Kislevel\u0171 h\u00e1rs - T\u00e1jkert\u00e9sz","description":"A Tilia cordata ,Kislevel\u0171 h\u00e1rs lass\u00fa n\u00f6veked\u00e9s\u0171 lombos fa,melynek vir\u00e1g\u00e1b\u00f3l gy\u00f3gytea k\u00e9sz\u00edthet\u0151.S\u00e1rg\u00e1sfeh\u00e9r illatos vir\u00e1gai j\u00faniusban ny\u00edlnak.","robots":{"index":"index","follow":"follow","max-snippet":"max-snippet:-1","max-image-preview":"max-image-preview:large","max-video-preview":"max-video-preview:-1"},"canonical":"https:\/\/tajkertesz.com\/en_US\/product\/tilia-cordata-kislevelu-hars-2\/","og_locale":"en_US","og_type":"article","og_title":"Tilia cordata ,Kislevel\u0171 h\u00e1rs - T\u00e1jkert\u00e9sz","og_description":"A Tilia cordata ,Kislevel\u0171 h\u00e1rs lass\u00fa n\u00f6veked\u00e9s\u0171 lombos fa,melynek vir\u00e1g\u00e1b\u00f3l gy\u00f3gytea k\u00e9sz\u00edthet\u0151.S\u00e1rg\u00e1sfeh\u00e9r illatos vir\u00e1gai j\u00faniusban ny\u00edlnak.","og_url":"https:\/\/tajkertesz.com\/en_US\/product\/tilia-cordata-kislevelu-hars-2\/","og_site_name":"T\u00e1jkert\u00e9sz","article_publisher":"https:\/\/www.facebook.com\/Tajkertesz\/","article_modified_time":"2024-10-24T08:59:08+00:00","og_image":[{"width":225,"height":225,"url":"https:\/\/tajkertesz.com\/wp-content\/uploads\/2020\/02\/tilia-cordata-3.jpg","type":"image\/jpeg"}],"twitter_card":"summary_large_image","twitter_misc":{"Est. reading time":"3 minutes"},"schema":{"@context":"https:\/\/schema.org","@graph":[{"@type":"WebPage","@id":"https:\/\/tajkertesz.com\/termek\/tilia-cordata-kislevelu-hars-2\/","url":"https:\/\/tajkertesz.com\/termek\/tilia-cordata-kislevelu-hars-2\/","name":"Tilia cordata ,Kislevel\u0171 h\u00e1rs - T\u00e1jkert\u00e9sz","isPartOf":{"@id":"https:\/\/tajkertesz.com\/#website"},"primaryImageOfPage":{"@id":"https:\/\/tajkertesz.com\/termek\/tilia-cordata-kislevelu-hars-2\/#primaryimage"},"image":{"@id":"https:\/\/tajkertesz.com\/termek\/tilia-cordata-kislevelu-hars-2\/#primaryimage"},"thumbnailUrl":"https:\/\/tajkertesz.com\/wp-content\/uploads\/2020\/02\/tilia-cordata-3.jpg","datePublished":"2024-10-08T11:28:55+00:00","dateModified":"2024-10-24T08:59:08+00:00","description":"A Tilia cordata ,Kislevel\u0171 h\u00e1rs lass\u00fa n\u00f6veked\u00e9s\u0171 lombos fa,melynek vir\u00e1g\u00e1b\u00f3l gy\u00f3gytea k\u00e9sz\u00edthet\u0151.S\u00e1rg\u00e1sfeh\u00e9r illatos vir\u00e1gai j\u00faniusban ny\u00edlnak.","breadcrumb":{"@id":"https:\/\/tajkertesz.com\/termek\/tilia-cordata-kislevelu-hars-2\/#breadcrumb"},"inLanguage":"en-US","potentialAction":[{"@type":"ReadAction","target":["https:\/\/tajkertesz.com\/termek\/tilia-cordata-kislevelu-hars-2\/"]}]},{"@type":"ImageObject","inLanguage":"en-US","@id":"https:\/\/tajkertesz.com\/termek\/tilia-cordata-kislevelu-hars-2\/#primaryimage","url":"https:\/\/tajkertesz.com\/wp-content\/uploads\/2020\/02\/tilia-cordata-3.jpg","contentUrl":"https:\/\/tajkertesz.com\/wp-content\/uploads\/2020\/02\/tilia-cordata-3.jpg","width":225,"height":225},{"@type":"BreadcrumbList","@id":"https:\/\/tajkertesz.com\/termek\/tilia-cordata-kislevelu-hars-2\/#breadcrumb","itemListElement":[{"@type":"ListItem","position":1,"name":"Home","item":"https:\/\/tajkertesz.com\/"},{"@type":"ListItem","position":2,"name":"Kezd\u0151lap","item":"https:\/\/tajkertesz.com\/"},{"@type":"ListItem","position":3,"name":"Tilia cordata ,Kislevel\u0171 h\u00e1rs"}]},{"@type":"WebSite","@id":"https:\/\/tajkertesz.com\/#website","url":"https:\/\/tajkertesz.com\/","name":"T\u00e1j-Kert\u00e9sz 84 Kft.","description":"Kert\u00e9szeti kis- \u00e9s nagykeresked\u00e9s, D\u00edszn\u00f6v\u00e9ny web\u00e1ruh\u00e1z orsz\u00e1gos h\u00e1zhozsz\u00e1ll\u00edt\u00e1ssal!","publisher":{"@id":"https:\/\/tajkertesz.com\/#organization"},"potentialAction":[{"@type":"SearchAction","target":{"@type":"EntryPoint","urlTemplate":"https:\/\/tajkertesz.com\/?s={search_term_string}"},"query-input":{"@type":"PropertyValueSpecification","valueRequired":true,"valueName":"search_term_string"}}],"inLanguage":"en-US"},{"@type":"Organization","@id":"https:\/\/tajkertesz.com\/#organization","name":"T\u00e1j-Kert\u00e9sz 84 Kft.","url":"https:\/\/tajkertesz.com\/","logo":{"@type":"ImageObject","inLanguage":"en-US","@id":"https:\/\/tajkertesz.com\/#\/schema\/logo\/image\/","url":"https:\/\/tajkertesz.com\/wp-content\/uploads\/2018\/02\/logo-2-e1518678052539.png","contentUrl":"https:\/\/tajkertesz.com\/wp-content\/uploads\/2018\/02\/logo-2-e1518678052539.png","width":81,"height":140,"caption":"T\u00e1j-Kert\u00e9sz 84 Kft."},"image":{"@id":"https:\/\/tajkertesz.com\/#\/schema\/logo\/image\/"},"sameAs":["https:\/\/www.facebook.com\/Tajkertesz\/"]}]}},"_links":{"self":[{"href":"https:\/\/tajkertesz.com\/en_US\/wp-json\/wp\/v2\/product\/21277","targetHints":{"allow":["GET"]}}],"collection":[{"href":"https:\/\/tajkertesz.com\/en_US\/wp-json\/wp\/v2\/product"}],"about":[{"href":"https:\/\/tajkertesz.com\/en_US\/wp-json\/wp\/v2\/types\/product"}],"wp:featuredmedia":[{"embeddable":true,"href":"https:\/\/tajkertesz.com\/en_US\/wp-json\/wp\/v2\/media\/1062"}],"wp:attachment":[{"href":"https:\/\/tajkertesz.com\/en_US\/wp-json\/wp\/v2\/media?parent=21277"}],"wp:term":[{"taxonomy":"product_brand","embeddable":true,"href":"https:\/\/tajkertesz.com\/en_US\/wp-json\/wp\/v2\/product_brand?post=21277"},{"taxonomy":"product_cat","embeddable":true,"href":"https:\/\/tajkertesz.com\/en_US\/wp-json\/wp\/v2\/product_cat?post=21277"},{"taxonomy":"product_tag","embeddable":true,"href":"https:\/\/tajkertesz.com\/en_US\/wp-json\/wp\/v2\/product_tag?post=21277"}],"curies":[{"name":"wp","href":"https:\/\/api.w.org\/{rel}","templated":true}]}}