{"id":21301,"date":"2024-10-09T11:34:38","date_gmt":"2024-10-09T11:34:38","guid":{"rendered":"https:\/\/tajkertesz.com\/?post_type=product&#038;p=21301"},"modified":"2025-06-30T08:50:50","modified_gmt":"2025-06-30T08:50:50","slug":"juniperus-sabina-tamariscifolia-terulo-nehezszagu-boroka","status":"publish","type":"product","link":"https:\/\/tajkertesz.com\/en_US\/product\/juniperus-sabina-tamariscifolia-terulo-nehezszagu-boroka\/","title":{"rendered":"Juniperus sabina &#8216;Tamariscifolia&#8217; &#8211; Ter\u00fcl\u0151 neh\u00e9zszag\u00fa bor\u00f3ka"},"content":{"rendered":"<h1>Juniperus sabina &#8216;Tamariscifolia&#8217; &#8211; Ter\u00fcl\u0151 neh\u00e9zszag\u00fa bor\u00f3ka<\/h1>\n<p aria-live=\"polite\" aria-atomic=\"true\"><span class=\"\">A\u00a0<strong>Juniperus sabina &#8216;Tamariscifolia&#8217;<\/strong>\u00a0 &#8211; T<strong>er\u00fcl\u0151\u00a0neh\u00e9zszag\u00fa\u00a0bor\u00f3ka<\/strong>, egy kis m\u00e9ret\u0171, \u00f6r\u00f6kz\u00f6ld cserje, amely k\u00fcl\u00f6nleges pikkelylevelei miatt n\u00e9pszer\u0171. Ez a v\u00e1ltozat lassan n\u00f6vekszik, \u00e9s v\u00e9g\u00fcl el\u00e9rheti a 1,5 m\u00e9teres magass\u00e1got \u00e9s 2,5 m\u00e9teres sz\u00e9less\u00e9get. Sz\u00fcrk\u00e9sz\u00f6ld sz\u00edn\u0171, pikkelylevelei s\u00f6t\u00e9tz\u00f6ld sz\u00edn\u0171ek.<\/span><\/p>\n<h2>Juniperus sabina &#8216;Tamariscifolia&#8217; &#8211; Ter\u00fcl\u0151 neh\u00e9zszag\u00fa bor\u00f3ka g<span class=\"\">ondoz\u00e1sa\u00a0<\/span><\/h2>\n<ul class=\"relative list-outside marker:text-foreground-750 dark:marker:text-foreground-600 flex flex-col ms-4 px-1\">\n<li class=\"ps-2\">\n<p aria-live=\"polite\" aria-atomic=\"true\"><span class=\"\"><strong>F\u00e9ny<\/strong>:\u00a0Kedveli\u00a0a\u00a0teljes\u00a0napf\u00e9nyt\u00a0vagy\u00a0a\u00a0f\u00e9l\u00e1rny\u00e9kos\u00a0helyeket.<\/span><\/p>\n<\/li>\n<li class=\"ps-2\">\n<p aria-live=\"polite\" aria-atomic=\"true\"><span class=\"\"><strong>Talaj<\/strong>:\u00a0J\u00f3l\u00a0v\u00edz\u00e1tereszt\u0151,\u00a0enyh\u00e9n\u00a0savas\u00a0vagy\u00a0semleges\u00a0talajra\u00a0van\u00a0sz\u00fcks\u00e9ge.<\/span><\/p>\n<\/li>\n<li class=\"ps-2\">\n<p aria-live=\"polite\" aria-atomic=\"true\"><span class=\"\"><strong>\u00d6nt\u00f6z\u00e9s<\/strong>:\u00a0Rendszeres,\u00a0de\u00a0nem\u00a0t\u00fal\u00a0sok\u00a0\u00f6nt\u00f6z\u00e9st\u00a0ig\u00e9nyel,\u00a0k\u00fcl\u00f6n\u00f6sen\u00a0a\u00a0sz\u00e1raz\u00a0id\u0151szakokban.<\/span><\/p>\n<\/li>\n<li class=\"ps-2\">\n<p aria-live=\"polite\" aria-atomic=\"true\"><span class=\"\"><strong>T\u00e1panyag<\/strong>:\u00a0Tavasszal\u00a0\u00e9s\u00a0\u0151sszel\u00a0\u00e9rdemes\u00a0megtr\u00e1gy\u00e1zni.<\/span><\/p>\n<\/li>\n<li class=\"ps-2\">\n<p aria-live=\"polite\" aria-atomic=\"true\"><span class=\"\"><strong>Metsz\u00e9s<\/strong>: Nem sz\u00fcks\u00e9ges, de form\u00e1z\u00e1shoz vagy n\u00f6veked\u00e9s korl\u00e1toz\u00e1s\u00e1ra ny\u00e1r v\u00e9g\u00e9n vagy tavasszal v\u00e1ghatjuk vissza az \u00faj hajt\u00e1sokat.<\/span><\/p>\n<\/li>\n<li class=\"ps-2\">\n<p aria-live=\"polite\" aria-atomic=\"true\"><span class=\"\"><strong>T\u00e9len<\/strong>:\u00a0Hidegt\u0171r\u0151,\u00a0de\u00a0fiatal\u00a0p\u00e9ld\u00e1nyokat\u00a0az\u00a0els\u0151\u00a0\u00e9vekben\u00a0\u00e9rdemes\u00a0t\u00e9lire\u00a0takarni.<\/span><\/p>\n<\/li>\n<\/ul>\n<p aria-live=\"polite\" aria-atomic=\"true\"><span class=\"\">Ez\u00a0a\u00a0cserje\u00a0k\u00fcl\u00f6n\u00f6sen\u00a0j\u00f3l\u00a0b\u00edrja\u00a0az\u00a0id\u0151j\u00e1r\u00e1si\u00a0viszonyokat\u00a0\u00e9s\u00a0a\u00a0minim\u00e1lis\u00a0gondoz\u00e1s\u00a0mellett\u00a0is\u00a0gy\u00f6ny\u00f6r\u0171\u00a0marad.<\/span><\/p>\n<h3>A ter\u00fcl\u0151 neh\u00e9zszag\u00fa bor\u00f3ka \u00fcltet\u00e9se<\/h3>\n<p>Ter\u00fcl\u0151 neh\u00e9zszag\u00fa bor\u00f3ka \u00fcltet\u00e9s\u00e9re a legjobb id\u0151szak az a k\u00e9s\u0151 \u0151sz vagy kora tavasz.<\/p>\n<p aria-live=\"polite\" aria-atomic=\"true\"><span class=\"\">\u00a0V\u00e1lasszunk egy napos vagy f\u00e9l\u00e1rny\u00e9kos helyet, ahol a talaj kell\u0151en laza j\u00f3l vezeti a vizet \u00e9s enyh\u00e9n savas vagy semleges.<\/span><\/p>\n<p aria-live=\"polite\" aria-atomic=\"true\"><span class=\"\">\u00c1ssunk g\u00f6dr\u00f6t, amely legal\u00e1bb k\u00e9tszer olyan sz\u00e9les \u00e9s m\u00e9ly, mint a n\u00f6v\u00e9ny gy\u00f6k\u00e9rlabd\u00e1ja. Laz\u00edtsuk meg a g\u00f6d\u00f6r alj\u00e1t \u00e9s oldalait, hogy a gy\u00f6kerek k\u00f6nnyebben terjedhessenek.<\/span><\/p>\n<p aria-live=\"polite\" aria-atomic=\"true\"><span class=\"\">\u00a0Helyezz\u00fck a n\u00f6v\u00e9nyt a g\u00f6d\u00f6rbe \u00fagy, hogy a gy\u00f6k\u00e9rlabda felsz\u00edne egy szintben legyen a talajjal. T\u00f6lts\u00fck vissza a f\u00f6ldet a g\u00f6d\u00f6rbe \u00e9s \u00f3vatosan t\u00f6m\u00f6r\u00edts\u00fck meg, hogy a gy\u00f6kerek j\u00f3l \u00e9rintkezzenek a talajjal.<\/span><\/p>\n<p aria-live=\"polite\" aria-atomic=\"true\"><span class=\"\">Alaposan \u00f6nt\u00f6zz\u00fck meg az \u00fcltetett n\u00f6v\u00e9nyt, hogy a f\u00f6ld j\u00f3l \u00e1tnedvesedjen \u00e9s a gy\u00f6kerek k\u00f6nnyen meger\u0151s\u00f6djenek.<\/span><\/p>\n<p aria-live=\"polite\" aria-atomic=\"true\"><span class=\"\">Tegy\u00fcnk egy r\u00e9teg mulcsot a n\u00f6v\u00e9ny k\u00f6r\u00e9, hogy meg\u0151rizd a talaj nedvess\u00e9g\u00e9t \u00e9s cs\u00f6kkents\u00fck a gyomok n\u00f6veked\u00e9s\u00e9t.<\/span><\/p>\n<p>A k\u00e9p csak illusztr\u00e1ci\u00f3, az \u00e9vszaknak megfelel\u0151 \u00e1llapotban sz\u00e1ll\u00edtjuk n\u00f6v\u00e9nyeinket!<\/p>\n<p style=\"line-height: 18.0pt; background: white; margin: 0cm 0cm 15.0pt 0cm;\"><b><span style=\"font-family: 'Ubuntu',sans-serif; color: black;\">K\u00e9szlet\u00fcnk napi szinten v\u00e1ltozik, ez\u00e9rt k\u00e9rj\u00fck, \u00e9rdekl\u0151dj\u00f6n szem\u00e9lyesen, telefonon vagy email-en.<br \/>\nA v\u00e1ltoztat\u00e1s jog\u00e1t fenntartjuk!\u00a0<\/span><\/b><\/p>\n<p><a href=\"https:\/\/tajkertesz.com\/\">https:\/\/tajkertesz.com\/<\/a><\/p>\n<p><a href=\"https:\/\/www.facebook.com\/tajkertesz\/\">https:\/\/www.facebook.com\/tajkertesz\/<\/a><\/p>\n<p>Kisz\u00e1ll\u00edt\u00e1s: 200cm-ig \u00e9s 40 kg-ig a sz\u00e1ll\u00edt\u00e1s fut\u00e1rszolg\u00e1lattal t\u00f6rt\u00e9nik.<\/p>\n<p>Szem\u00e9lyes \u00e1tv\u00e9tel nyitvatart\u00e1si id\u0151ben a 17. ker\u00fclet Bakancsos utca 7. sz\u00e1m alatti Kert\u00e9szeti \u00e1rud\u00e1nkban.<\/p>\n<p>Kert\u00e9p\u00edt\u0151k \u00e9s viszontelad\u00f3k regisztr\u00e1l\u00e1s ut\u00e1n egyedi kedvezm\u00e9nnyel v\u00e1s\u00e1rolhatnak kert\u00e9szeti kis-\u00e9s nagykeresked\u00e9s\u00fcnkben.<\/p>\n<p>A logisztikai c\u00e9ggel t\u00f6rt\u00e9n\u0151 sz\u00e1ll\u00edt\u00e1s eset\u00e9n a partnereink esetleges a cs\u00fasz\u00e1sai\u00e9rt nem v\u00e1llalunk felel\u0151ss\u00e9get!<\/p>","protected":false},"excerpt":{"rendered":"<p>Juniperus sabina &#8216;Tamariscifolia&#8217; &#8211; Ter\u00fcl\u0151 neh\u00e9zszag\u00fa bor\u00f3ka<\/p>\n<p><span class=\"\">A\u00a0<strong>Juniperus\u00a0sabina\u00a0&#8216;Tamariscifolia&#8217;<\/strong>,\u00a0m\u00e1s\u00a0n\u00e9ven\u00a0<strong>ter\u00fcl\u0151\u00a0neh\u00e9zszag\u00fa\u00a0bor\u00f3ka<\/strong>, egy kis m\u00e9ret\u0171, \u00f6r\u00f6kz\u00f6ld cserje, amely k\u00fcl\u00f6nleges pikkelylevelei miatt n\u00e9pszer\u0171. Ez a v\u00e1ltozat lassan n\u00f6vekszik, \u00e9s v\u00e9g\u00fcl el\u00e9rheti a 1,5 m\u00e9teres magass\u00e1got \u00e9s 2,5 m\u00e9teres sz\u00e9less\u00e9get. Sz\u00fcrk\u00e9sz\u00f6ld sz\u00edn\u0171, pikkelylevelei s\u00f6t\u00e9tz\u00f6ld sz\u00edn\u0171ek.<\/span><\/p>\n<p>&nbsp;<\/p>","protected":false},"featured_media":21302,"template":"","meta":{"_et_pb_use_builder":"","_et_pb_old_content":"","_et_gb_content_width":""},"product_brand":[],"product_cat":[26,31],"product_tag":[],"class_list":{"0":"post-21301","1":"product","2":"type-product","3":"status-publish","4":"has-post-thumbnail","6":"product_cat-orokzold-novenyek","7":"product_cat-talajtakaro-novenyek","9":"first","10":"outofstock","11":"shipping-taxable","12":"product-type-simple"},"yoast_head":"<!-- This site is optimized with the Yoast SEO plugin v27.3 - https:\/\/yoast.com\/product\/yoast-seo-wordpress\/ -->\n<title>Juniperus sabina &#039;Tamariscifolia&#039; - Ter\u00fcl\u0151 neh\u00e9zszag\u00fa bor\u00f3ka - T\u00e1jkert\u00e9sz<\/title>\n<meta name=\"description\" content=\"Juniperus sabina &#039;Tamariscifolia&#039; - Ter\u00fcl\u0151 neh\u00e9zszag\u00fa bor\u00f3ka egy kis m\u00e9ret\u0171, \u00f6r\u00f6kz\u00f6ld cserje. Ez a v\u00e1ltozat lass\u00fa n\u00f6veked\u00e9s\u0171.\" \/>\n<meta name=\"robots\" content=\"index, follow, max-snippet:-1, max-image-preview:large, max-video-preview:-1\" \/>\n<link rel=\"canonical\" href=\"https:\/\/tajkertesz.com\/en_US\/product\/juniperus-sabina-tamariscifolia-terulo-nehezszagu-boroka\/\" \/>\n<meta property=\"og:locale\" content=\"en_US\" \/>\n<meta property=\"og:type\" content=\"article\" \/>\n<meta property=\"og:title\" content=\"Juniperus sabina &#039;Tamariscifolia&#039; - Ter\u00fcl\u0151 neh\u00e9zszag\u00fa bor\u00f3ka - T\u00e1jkert\u00e9sz\" \/>\n<meta property=\"og:description\" content=\"Juniperus sabina &#039;Tamariscifolia&#039; - Ter\u00fcl\u0151 neh\u00e9zszag\u00fa bor\u00f3ka egy kis m\u00e9ret\u0171, \u00f6r\u00f6kz\u00f6ld cserje. Ez a v\u00e1ltozat lass\u00fa n\u00f6veked\u00e9s\u0171.\" \/>\n<meta property=\"og:url\" content=\"https:\/\/tajkertesz.com\/en_US\/product\/juniperus-sabina-tamariscifolia-terulo-nehezszagu-boroka\/\" \/>\n<meta property=\"og:site_name\" content=\"T\u00e1jkert\u00e9sz\" \/>\n<meta property=\"article:publisher\" content=\"https:\/\/www.facebook.com\/Tajkertesz\/\" \/>\n<meta property=\"article:modified_time\" content=\"2025-06-30T08:50:50+00:00\" \/>\n<meta property=\"og:image\" content=\"https:\/\/tajkertesz.com\/wp-content\/uploads\/2024\/10\/20241009_082455-scaled.jpg\" \/>\n\t<meta property=\"og:image:width\" content=\"1920\" \/>\n\t<meta property=\"og:image:height\" content=\"2560\" \/>\n\t<meta property=\"og:image:type\" content=\"image\/jpeg\" \/>\n<meta name=\"twitter:card\" content=\"summary_large_image\" \/>\n<meta name=\"twitter:label1\" content=\"Est. reading time\" \/>\n\t<meta name=\"twitter:data1\" content=\"3 minutes\" \/>\n<script type=\"application\/ld+json\" class=\"yoast-schema-graph\">{\"@context\":\"https:\\\/\\\/schema.org\",\"@graph\":[{\"@type\":\"WebPage\",\"@id\":\"https:\\\/\\\/tajkertesz.com\\\/termek\\\/juniperus-sabina-tamariscifolia-terulo-nehezszagu-boroka\\\/\",\"url\":\"https:\\\/\\\/tajkertesz.com\\\/termek\\\/juniperus-sabina-tamariscifolia-terulo-nehezszagu-boroka\\\/\",\"name\":\"Juniperus sabina 'Tamariscifolia' - Ter\u00fcl\u0151 neh\u00e9zszag\u00fa bor\u00f3ka - T\u00e1jkert\u00e9sz\",\"isPartOf\":{\"@id\":\"https:\\\/\\\/tajkertesz.com\\\/#website\"},\"primaryImageOfPage\":{\"@id\":\"https:\\\/\\\/tajkertesz.com\\\/termek\\\/juniperus-sabina-tamariscifolia-terulo-nehezszagu-boroka\\\/#primaryimage\"},\"image\":{\"@id\":\"https:\\\/\\\/tajkertesz.com\\\/termek\\\/juniperus-sabina-tamariscifolia-terulo-nehezszagu-boroka\\\/#primaryimage\"},\"thumbnailUrl\":\"https:\\\/\\\/tajkertesz.com\\\/wp-content\\\/uploads\\\/2024\\\/10\\\/20241009_082455-scaled.jpg\",\"datePublished\":\"2024-10-09T11:34:38+00:00\",\"dateModified\":\"2025-06-30T08:50:50+00:00\",\"description\":\"Juniperus sabina 'Tamariscifolia' - Ter\u00fcl\u0151 neh\u00e9zszag\u00fa bor\u00f3ka egy kis m\u00e9ret\u0171, \u00f6r\u00f6kz\u00f6ld cserje. Ez a v\u00e1ltozat lass\u00fa n\u00f6veked\u00e9s\u0171.\",\"breadcrumb\":{\"@id\":\"https:\\\/\\\/tajkertesz.com\\\/termek\\\/juniperus-sabina-tamariscifolia-terulo-nehezszagu-boroka\\\/#breadcrumb\"},\"inLanguage\":\"en-US\",\"potentialAction\":[{\"@type\":\"ReadAction\",\"target\":[\"https:\\\/\\\/tajkertesz.com\\\/termek\\\/juniperus-sabina-tamariscifolia-terulo-nehezszagu-boroka\\\/\"]}]},{\"@type\":\"ImageObject\",\"inLanguage\":\"en-US\",\"@id\":\"https:\\\/\\\/tajkertesz.com\\\/termek\\\/juniperus-sabina-tamariscifolia-terulo-nehezszagu-boroka\\\/#primaryimage\",\"url\":\"https:\\\/\\\/tajkertesz.com\\\/wp-content\\\/uploads\\\/2024\\\/10\\\/20241009_082455-scaled.jpg\",\"contentUrl\":\"https:\\\/\\\/tajkertesz.com\\\/wp-content\\\/uploads\\\/2024\\\/10\\\/20241009_082455-scaled.jpg\",\"width\":1920,\"height\":2560,\"caption\":\"Juniperus sabina 'Tamariscifolia' - Ter\u00fcl\u0151 neh\u00e9zszag\u00fa bor\u00f3ka\"},{\"@type\":\"BreadcrumbList\",\"@id\":\"https:\\\/\\\/tajkertesz.com\\\/termek\\\/juniperus-sabina-tamariscifolia-terulo-nehezszagu-boroka\\\/#breadcrumb\",\"itemListElement\":[{\"@type\":\"ListItem\",\"position\":1,\"name\":\"Home\",\"item\":\"https:\\\/\\\/tajkertesz.com\\\/\"},{\"@type\":\"ListItem\",\"position\":2,\"name\":\"Kezd\u0151lap\",\"item\":\"https:\\\/\\\/tajkertesz.com\\\/\"},{\"@type\":\"ListItem\",\"position\":3,\"name\":\"Juniperus sabina &#8216;Tamariscifolia&#8217; &#8211; Ter\u00fcl\u0151 neh\u00e9zszag\u00fa bor\u00f3ka\"}]},{\"@type\":\"WebSite\",\"@id\":\"https:\\\/\\\/tajkertesz.com\\\/#website\",\"url\":\"https:\\\/\\\/tajkertesz.com\\\/\",\"name\":\"T\u00e1j-Kert\u00e9sz 84 Kft.\",\"description\":\"Kert\u00e9szeti kis- \u00e9s nagykeresked\u00e9s, D\u00edszn\u00f6v\u00e9ny web\u00e1ruh\u00e1z orsz\u00e1gos h\u00e1zhozsz\u00e1ll\u00edt\u00e1ssal!\",\"publisher\":{\"@id\":\"https:\\\/\\\/tajkertesz.com\\\/#organization\"},\"potentialAction\":[{\"@type\":\"SearchAction\",\"target\":{\"@type\":\"EntryPoint\",\"urlTemplate\":\"https:\\\/\\\/tajkertesz.com\\\/?s={search_term_string}\"},\"query-input\":{\"@type\":\"PropertyValueSpecification\",\"valueRequired\":true,\"valueName\":\"search_term_string\"}}],\"inLanguage\":\"en-US\"},{\"@type\":\"Organization\",\"@id\":\"https:\\\/\\\/tajkertesz.com\\\/#organization\",\"name\":\"T\u00e1j-Kert\u00e9sz 84 Kft.\",\"url\":\"https:\\\/\\\/tajkertesz.com\\\/\",\"logo\":{\"@type\":\"ImageObject\",\"inLanguage\":\"en-US\",\"@id\":\"https:\\\/\\\/tajkertesz.com\\\/#\\\/schema\\\/logo\\\/image\\\/\",\"url\":\"https:\\\/\\\/tajkertesz.com\\\/wp-content\\\/uploads\\\/2018\\\/02\\\/logo-2-e1518678052539.png\",\"contentUrl\":\"https:\\\/\\\/tajkertesz.com\\\/wp-content\\\/uploads\\\/2018\\\/02\\\/logo-2-e1518678052539.png\",\"width\":81,\"height\":140,\"caption\":\"T\u00e1j-Kert\u00e9sz 84 Kft.\"},\"image\":{\"@id\":\"https:\\\/\\\/tajkertesz.com\\\/#\\\/schema\\\/logo\\\/image\\\/\"},\"sameAs\":[\"https:\\\/\\\/www.facebook.com\\\/Tajkertesz\\\/\"]}]}<\/script>\n<!-- \/ Yoast SEO plugin. -->","yoast_head_json":{"title":"Juniperus sabina 'Tamariscifolia' - Ter\u00fcl\u0151 neh\u00e9zszag\u00fa bor\u00f3ka - T\u00e1jkert\u00e9sz","description":"Juniperus sabina 'Tamariscifolia' - Ter\u00fcl\u0151 neh\u00e9zszag\u00fa bor\u00f3ka egy kis m\u00e9ret\u0171, \u00f6r\u00f6kz\u00f6ld cserje. Ez a v\u00e1ltozat lass\u00fa n\u00f6veked\u00e9s\u0171.","robots":{"index":"index","follow":"follow","max-snippet":"max-snippet:-1","max-image-preview":"max-image-preview:large","max-video-preview":"max-video-preview:-1"},"canonical":"https:\/\/tajkertesz.com\/en_US\/product\/juniperus-sabina-tamariscifolia-terulo-nehezszagu-boroka\/","og_locale":"en_US","og_type":"article","og_title":"Juniperus sabina 'Tamariscifolia' - Ter\u00fcl\u0151 neh\u00e9zszag\u00fa bor\u00f3ka - T\u00e1jkert\u00e9sz","og_description":"Juniperus sabina 'Tamariscifolia' - Ter\u00fcl\u0151 neh\u00e9zszag\u00fa bor\u00f3ka egy kis m\u00e9ret\u0171, \u00f6r\u00f6kz\u00f6ld cserje. Ez a v\u00e1ltozat lass\u00fa n\u00f6veked\u00e9s\u0171.","og_url":"https:\/\/tajkertesz.com\/en_US\/product\/juniperus-sabina-tamariscifolia-terulo-nehezszagu-boroka\/","og_site_name":"T\u00e1jkert\u00e9sz","article_publisher":"https:\/\/www.facebook.com\/Tajkertesz\/","article_modified_time":"2025-06-30T08:50:50+00:00","og_image":[{"width":1920,"height":2560,"url":"https:\/\/tajkertesz.com\/wp-content\/uploads\/2024\/10\/20241009_082455-scaled.jpg","type":"image\/jpeg"}],"twitter_card":"summary_large_image","twitter_misc":{"Est. reading time":"3 minutes"},"schema":{"@context":"https:\/\/schema.org","@graph":[{"@type":"WebPage","@id":"https:\/\/tajkertesz.com\/termek\/juniperus-sabina-tamariscifolia-terulo-nehezszagu-boroka\/","url":"https:\/\/tajkertesz.com\/termek\/juniperus-sabina-tamariscifolia-terulo-nehezszagu-boroka\/","name":"Juniperus sabina 'Tamariscifolia' - Ter\u00fcl\u0151 neh\u00e9zszag\u00fa bor\u00f3ka - T\u00e1jkert\u00e9sz","isPartOf":{"@id":"https:\/\/tajkertesz.com\/#website"},"primaryImageOfPage":{"@id":"https:\/\/tajkertesz.com\/termek\/juniperus-sabina-tamariscifolia-terulo-nehezszagu-boroka\/#primaryimage"},"image":{"@id":"https:\/\/tajkertesz.com\/termek\/juniperus-sabina-tamariscifolia-terulo-nehezszagu-boroka\/#primaryimage"},"thumbnailUrl":"https:\/\/tajkertesz.com\/wp-content\/uploads\/2024\/10\/20241009_082455-scaled.jpg","datePublished":"2024-10-09T11:34:38+00:00","dateModified":"2025-06-30T08:50:50+00:00","description":"Juniperus sabina 'Tamariscifolia' - Ter\u00fcl\u0151 neh\u00e9zszag\u00fa bor\u00f3ka egy kis m\u00e9ret\u0171, \u00f6r\u00f6kz\u00f6ld cserje. Ez a v\u00e1ltozat lass\u00fa n\u00f6veked\u00e9s\u0171.","breadcrumb":{"@id":"https:\/\/tajkertesz.com\/termek\/juniperus-sabina-tamariscifolia-terulo-nehezszagu-boroka\/#breadcrumb"},"inLanguage":"en-US","potentialAction":[{"@type":"ReadAction","target":["https:\/\/tajkertesz.com\/termek\/juniperus-sabina-tamariscifolia-terulo-nehezszagu-boroka\/"]}]},{"@type":"ImageObject","inLanguage":"en-US","@id":"https:\/\/tajkertesz.com\/termek\/juniperus-sabina-tamariscifolia-terulo-nehezszagu-boroka\/#primaryimage","url":"https:\/\/tajkertesz.com\/wp-content\/uploads\/2024\/10\/20241009_082455-scaled.jpg","contentUrl":"https:\/\/tajkertesz.com\/wp-content\/uploads\/2024\/10\/20241009_082455-scaled.jpg","width":1920,"height":2560,"caption":"Juniperus sabina 'Tamariscifolia' - Ter\u00fcl\u0151 neh\u00e9zszag\u00fa bor\u00f3ka"},{"@type":"BreadcrumbList","@id":"https:\/\/tajkertesz.com\/termek\/juniperus-sabina-tamariscifolia-terulo-nehezszagu-boroka\/#breadcrumb","itemListElement":[{"@type":"ListItem","position":1,"name":"Home","item":"https:\/\/tajkertesz.com\/"},{"@type":"ListItem","position":2,"name":"Kezd\u0151lap","item":"https:\/\/tajkertesz.com\/"},{"@type":"ListItem","position":3,"name":"Juniperus sabina &#8216;Tamariscifolia&#8217; &#8211; Ter\u00fcl\u0151 neh\u00e9zszag\u00fa bor\u00f3ka"}]},{"@type":"WebSite","@id":"https:\/\/tajkertesz.com\/#website","url":"https:\/\/tajkertesz.com\/","name":"T\u00e1j-Kert\u00e9sz 84 Kft.","description":"Kert\u00e9szeti kis- \u00e9s nagykeresked\u00e9s, D\u00edszn\u00f6v\u00e9ny web\u00e1ruh\u00e1z orsz\u00e1gos h\u00e1zhozsz\u00e1ll\u00edt\u00e1ssal!","publisher":{"@id":"https:\/\/tajkertesz.com\/#organization"},"potentialAction":[{"@type":"SearchAction","target":{"@type":"EntryPoint","urlTemplate":"https:\/\/tajkertesz.com\/?s={search_term_string}"},"query-input":{"@type":"PropertyValueSpecification","valueRequired":true,"valueName":"search_term_string"}}],"inLanguage":"en-US"},{"@type":"Organization","@id":"https:\/\/tajkertesz.com\/#organization","name":"T\u00e1j-Kert\u00e9sz 84 Kft.","url":"https:\/\/tajkertesz.com\/","logo":{"@type":"ImageObject","inLanguage":"en-US","@id":"https:\/\/tajkertesz.com\/#\/schema\/logo\/image\/","url":"https:\/\/tajkertesz.com\/wp-content\/uploads\/2018\/02\/logo-2-e1518678052539.png","contentUrl":"https:\/\/tajkertesz.com\/wp-content\/uploads\/2018\/02\/logo-2-e1518678052539.png","width":81,"height":140,"caption":"T\u00e1j-Kert\u00e9sz 84 Kft."},"image":{"@id":"https:\/\/tajkertesz.com\/#\/schema\/logo\/image\/"},"sameAs":["https:\/\/www.facebook.com\/Tajkertesz\/"]}]}},"_links":{"self":[{"href":"https:\/\/tajkertesz.com\/en_US\/wp-json\/wp\/v2\/product\/21301","targetHints":{"allow":["GET"]}}],"collection":[{"href":"https:\/\/tajkertesz.com\/en_US\/wp-json\/wp\/v2\/product"}],"about":[{"href":"https:\/\/tajkertesz.com\/en_US\/wp-json\/wp\/v2\/types\/product"}],"wp:featuredmedia":[{"embeddable":true,"href":"https:\/\/tajkertesz.com\/en_US\/wp-json\/wp\/v2\/media\/21302"}],"wp:attachment":[{"href":"https:\/\/tajkertesz.com\/en_US\/wp-json\/wp\/v2\/media?parent=21301"}],"wp:term":[{"taxonomy":"product_brand","embeddable":true,"href":"https:\/\/tajkertesz.com\/en_US\/wp-json\/wp\/v2\/product_brand?post=21301"},{"taxonomy":"product_cat","embeddable":true,"href":"https:\/\/tajkertesz.com\/en_US\/wp-json\/wp\/v2\/product_cat?post=21301"},{"taxonomy":"product_tag","embeddable":true,"href":"https:\/\/tajkertesz.com\/en_US\/wp-json\/wp\/v2\/product_tag?post=21301"}],"curies":[{"name":"wp","href":"https:\/\/api.w.org\/{rel}","templated":true}]}}