{"id":21305,"date":"2024-10-09T11:56:19","date_gmt":"2024-10-09T11:56:19","guid":{"rendered":"https:\/\/tajkertesz.com\/?post_type=product&#038;p=21305"},"modified":"2026-02-24T13:32:29","modified_gmt":"2026-02-24T13:32:29","slug":"juniperus-horizontalis-blue-chip-kek-terulo-henyeboroka","status":"publish","type":"product","link":"https:\/\/tajkertesz.com\/en_US\/product\/juniperus-horizontalis-blue-chip-kek-terulo-henyeboroka\/","title":{"rendered":"Juniperus horizontalis &#8216;Blue Chip&#8217; &#8211; K\u00e9k ter\u00fcl\u0151 henyebor\u00f3ka"},"content":{"rendered":"<p>Juniperus horizontalis &#8216;Blue Chip&#8217; &#8211; K\u00e9k ter\u00fcl\u0151 henyebor\u00f3ka<\/p>\n<div class=\"space-y-3\" data-content=\"ai-message\">\n<h2 class=\"sr-only\" aria-label=\"Copilot\"><span style=\"color: #666666; font-size: 14px;\">A\u00a0 Juniperus horizontalis &#8216;Blue Chip&#8217; &#8211; K\u00e9k ter\u00fcl\u0151 henyebor\u00f3ka egy k\u00fcl\u00f6nleges \u00f6r\u00f6kz\u00f6ld cserje, amelyet k\u00e9kes lombja \u00e9s talajtakar\u00f3 tulajdons\u00e1gai miatt kedvelnek az emberek. Ez a n\u00f6v\u00e9ny lassan n\u00f6vekszik, \u00e9s b\u00e1r csak k\u00f6r\u00fclbel\u00fcl 30 cm magasra n\u0151 meg, sz\u00e9lt\u00e9ben ak\u00e1r 1,5-2 m\u00e9tert is el\u00e9rhet. Sz\u00e9les, terjed\u0151 hajt\u00e1sai \u00e9s k\u00e9kes \u00e1rnyalat\u00fa pikkelylevelei igaz\u00e1n l\u00e1tv\u00e1nyoss\u00e1 teszik a kertekben \u00e9s parkokban.<\/span><\/h2>\n<h2>A Juniperus horizontalis &#8216;Blue Chip&#8217; jellemz\u0151i<\/h2>\n<div class=\"space-y-3 break-words\">\n<p aria-live=\"polite\" aria-atomic=\"true\"><span class=\"\">El\u0151nyben r\u00e9szes\u00edti a napos helyeket, ahol napf\u00e9nyt kap, \u00e9s \u00edgy m\u00e9g \u00e9l\u00e9nkebb\u00e9 v\u00e1lik k\u00e9k sz\u00edne. A talaj szempontj\u00e1b\u00f3l nem t\u00fal v\u00e1logat\u00f3s, de a j\u00f3l v\u00edz\u00e1tereszt\u0151, enyh\u00e9n savas vagy semleges talajt kedveli. T\u0171ri a sz\u00e1razs\u00e1got, de az els\u0151 \u00e9vben, m\u00edg gy\u00f6kerei meger\u0151s\u00f6dnek, rendszeres \u00f6nt\u00f6z\u00e9sre van sz\u00fcks\u00e9ge. A n\u00f6v\u00e9ny k\u00fcl\u00f6n\u00f6sen j\u00f3l alkalmas a sziklakertekbe, r\u00e9zs\u0171k \u00e9s lejt\u0151s ter\u00fcleteken val\u00f3 \u00fcltet\u00e9shez.<\/span><\/p>\n<h3 aria-live=\"polite\" aria-atomic=\"true\">A bor\u00f3ka gondoz\u00e1sa<\/h3>\n<p aria-live=\"polite\" aria-atomic=\"true\"><span class=\"\">A gondoz\u00e1s sor\u00e1n figyelmet kell ford\u00edtani arra, hogy a talaj mindig laza \u00e9s j\u00f3 v\u00edz\u00e1tereszt\u0151 legyen, mivel a t\u00fal nedves talaj gy\u00f6k\u00e9rrothad\u00e1st okozhat. A n\u00f6v\u00e9ny t\u00e1panyagut\u00e1np\u00f3tl\u00e1sa t\u00f6rt\u00e9nhet\u00a0 tavasszal \u00e9s \u0151sszel komposzttal, szerves vagy m\u0171tr\u00e1gy\u00e1val,\u00a0 a n\u00f6veked\u00e9s \u00e9s eg\u00e9szs\u00e9ges megjelen\u00e9s \u00e9rdek\u00e9ben. A &#8216;Blue Chip&#8217; nem ig\u00e9nyel sok metsz\u00e9st, de ha sz\u00fcks\u00e9ges, a hajt\u00e1sok visszav\u00e1g\u00e1s\u00e1val alak\u00edthat\u00f3 \u00e9s kontroll\u00e1lhat\u00f3 a m\u00e9rete.<\/span><\/p>\n<p aria-live=\"polite\" aria-atomic=\"true\"><span class=\"\">A Juniperus horizontalis &#8216;Blue Chip&#8217; hidegt\u0171r\u0151, \u00edgy a t\u00e9li fagyok sem jelentenek k\u00fcl\u00f6n\u00f6sebb vesz\u00e9lyt sz\u00e1m\u00e1ra. Azonban fiatal n\u00f6v\u00e9nyeket az els\u0151 \u00e9vekben \u00e9rdemes t\u00e9lire takarni, hogy megv\u00e9dj\u00fck a sz\u00e9ls\u0151s\u00e9ges hidegt\u0151l. A n\u00f6v\u00e9ny sz\u00e9les k\u00f6rben alkalmazhat\u00f3 talajtakar\u00f3k\u00e9nt vagy szoliterk\u00e9nt is, \u00edgy sokoldal\u00faan felhaszn\u00e1lhat\u00f3 a kerttervez\u00e9sben.<\/span><\/p>\n<p aria-live=\"polite\" aria-atomic=\"true\"><span class=\"\">\u00d6sszess\u00e9g\u00e9ben a &#8216;Blue Chip&#8217; egy k\u00f6nnyen gondozhat\u00f3, l\u00e1tv\u00e1nyos cserje, amely k\u00fcl\u00f6nleges sz\u00ednt \u00e9s strukt\u00far\u00e1t ad a kertnek. A megfelel\u0151 helyre \u00fcltetve \u00e9s minim\u00e1lis gondoz\u00e1ssal hossz\u00fa \u00e9vekig gy\u00f6ny\u00f6rk\u00f6dtet majd.\u00a0<\/span><\/p>\n<p>A k\u00e9p csak illusztr\u00e1ci\u00f3, az \u00e9vszaknak megfelel\u0151 \u00e1llapotban sz\u00e1ll\u00edtjuk n\u00f6v\u00e9nyeinket!<\/p>\n<p style=\"line-height: 18.0pt; background: white; margin: 0cm 0cm 15.0pt 0cm;\"><b><span style=\"font-family: 'Ubuntu',sans-serif; color: black;\">K\u00e9szlet\u00fcnk napi szinten v\u00e1ltozik, ez\u00e9rt k\u00e9rj\u00fck, \u00e9rdekl\u0151dj\u00f6n szem\u00e9lyesen, telefonon vagy email-en.<br \/>\nA v\u00e1ltoztat\u00e1s jog\u00e1t fenntartjuk!\u00a0<\/span><\/b><\/p>\n<p><a href=\"https:\/\/tajkertesz.com\/\">https:\/\/tajkertesz.com\/<\/a><\/p>\n<p><a href=\"https:\/\/www.facebook.com\/tajkertesz\/\">https:\/\/www.facebook.com\/tajkertesz\/<\/a><\/p>\n<p>Kisz\u00e1ll\u00edt\u00e1s: 200cm-ig \u00e9s 40 kg-ig a sz\u00e1ll\u00edt\u00e1s fut\u00e1rszolg\u00e1lattal t\u00f6rt\u00e9nik.<\/p>\n<p>Szem\u00e9lyes \u00e1tv\u00e9tel nyitvatart\u00e1si id\u0151ben a 17. ker\u00fclet Bakancsos utca 7. sz\u00e1m alatti Kert\u00e9szeti \u00e1rud\u00e1nkban.<\/p>\n<p>Kert\u00e9p\u00edt\u0151k \u00e9s viszontelad\u00f3k regisztr\u00e1l\u00e1s ut\u00e1n egyedi kedvezm\u00e9nnyel v\u00e1s\u00e1rolhatnak kert\u00e9szeti kis-\u00e9s nagykeresked\u00e9s\u00fcnkben.<\/p>\n<p>A logisztikai c\u00e9ggel t\u00f6rt\u00e9n\u0151 sz\u00e1ll\u00edt\u00e1s eset\u00e9n a partnereink esetleges a cs\u00fasz\u00e1sai\u00e9rt nem v\u00e1llalunk felel\u0151ss\u00e9get!<\/p>\n<\/div>\n<\/div>","protected":false},"excerpt":{"rendered":"<h1>Juniperus horizontalis &#8216;Blue Chip&#8217; &#8211; K\u00e9k ter\u00fcl\u0151 henyebor\u00f3ka<\/h1>\n<h2 class=\"sr-only\" aria-label=\"Copilot\"><span style=\"color: #666666; font-size: 14px;\">A Juniperus horizontalis &#8216;Blue Chip&#8217; &#8211; K\u00e9k ter\u00fcl\u0151 henyebor\u00f3ka egy k\u00fcl\u00f6nleges \u00f6r\u00f6kz\u00f6ld cserje, amelyet k\u00e9kes lombja \u00e9s talajtakar\u00f3 tulajdons\u00e1gai miatt kedvelnek az emberek. Ez a n\u00f6v\u00e9ny lassan n\u00f6vekszik, \u00e9s b\u00e1r csak k\u00f6r\u00fclbel\u00fcl 30 cm magasra n\u0151 meg, sz\u00e9lt\u00e9ben ak\u00e1r 1,5-2 m\u00e9tert is el\u00e9rhet. Sz\u00e9les, terjed\u0151 hajt\u00e1sai \u00e9s k\u00e9kes \u00e1rnyalat\u00fa pikkelylevelei igaz\u00e1n l\u00e1tv\u00e1nyoss\u00e1 teszik a kertekben \u00e9s parkokban.<\/span><\/h2>\n<p>Jelenterm\u00e9k\u00fcnk : 2 liter kont\u00e9nerben 20\/30 cm<\/p>","protected":false},"featured_media":21306,"template":"","meta":{"_et_pb_use_builder":"","_et_pb_old_content":"","_et_gb_content_width":""},"product_brand":[],"product_cat":[26,31],"product_tag":[2904,718,5348,5349,5350,5351],"class_list":{"0":"post-21305","1":"product","2":"type-product","3":"status-publish","4":"has-post-thumbnail","6":"product_cat-orokzold-novenyek","7":"product_cat-talajtakaro-novenyek","8":"product_tag-henye-boroka","9":"product_tag-juniperus","10":"product_tag-juniperus-horizontalis","11":"product_tag-juniperus-horizontalis-blue-chip","12":"product_tag-kek-terulo-henyeboroka","13":"product_tag-terulo-boroka","15":"first","16":"instock","17":"shipping-taxable","18":"purchasable","19":"product-type-simple"},"yoast_head":"<!-- This site is optimized with the Yoast SEO plugin v27.5 - https:\/\/yoast.com\/product\/yoast-seo-wordpress\/ -->\n<title>Juniperus horizontalis &#039;Blue Chip&#039; - K\u00e9k ter\u00fcl\u0151 henyebor\u00f3ka - T\u00e1jkert\u00e9sz<\/title>\n<meta name=\"description\" content=\"A Juniperus horizontalis &#039;Blue Chip&#039; - K\u00e9k ter\u00fcl\u0151 henyebor\u00f3ka egy \u00f6r\u00f6kz\u00f6ld cserje, k\u00e9kes lombja \u00e9s talajtakar\u00f3 tulajdons\u00e1gai miatt kedvelnek az emberek.\" \/>\n<meta name=\"robots\" content=\"index, follow, max-snippet:-1, max-image-preview:large, max-video-preview:-1\" \/>\n<link rel=\"canonical\" href=\"https:\/\/tajkertesz.com\/en_US\/product\/juniperus-horizontalis-blue-chip-kek-terulo-henyeboroka\/\" \/>\n<meta property=\"og:locale\" content=\"en_US\" \/>\n<meta property=\"og:type\" content=\"article\" \/>\n<meta property=\"og:title\" content=\"Juniperus horizontalis &#039;Blue Chip&#039; - K\u00e9k ter\u00fcl\u0151 henyebor\u00f3ka - T\u00e1jkert\u00e9sz\" \/>\n<meta property=\"og:description\" content=\"A Juniperus horizontalis &#039;Blue Chip&#039; - K\u00e9k ter\u00fcl\u0151 henyebor\u00f3ka egy \u00f6r\u00f6kz\u00f6ld cserje, k\u00e9kes lombja \u00e9s talajtakar\u00f3 tulajdons\u00e1gai miatt kedvelnek az emberek.\" \/>\n<meta property=\"og:url\" content=\"https:\/\/tajkertesz.com\/en_US\/product\/juniperus-horizontalis-blue-chip-kek-terulo-henyeboroka\/\" \/>\n<meta property=\"og:site_name\" content=\"T\u00e1jkert\u00e9sz\" \/>\n<meta property=\"article:publisher\" content=\"https:\/\/www.facebook.com\/Tajkertesz\/\" \/>\n<meta property=\"article:modified_time\" content=\"2026-02-24T13:32:29+00:00\" \/>\n<meta property=\"og:image\" content=\"https:\/\/tajkertesz.com\/wp-content\/uploads\/2024\/10\/20241009_082539-scaled.jpg\" \/>\n\t<meta property=\"og:image:width\" content=\"1920\" \/>\n\t<meta property=\"og:image:height\" content=\"2560\" \/>\n\t<meta property=\"og:image:type\" content=\"image\/jpeg\" \/>\n<meta name=\"twitter:card\" content=\"summary_large_image\" \/>\n<meta name=\"twitter:label1\" content=\"Est. reading time\" \/>\n\t<meta name=\"twitter:data1\" content=\"3 minutes\" \/>\n<script type=\"application\/ld+json\" class=\"yoast-schema-graph\">{\"@context\":\"https:\\\/\\\/schema.org\",\"@graph\":[{\"@type\":\"WebPage\",\"@id\":\"https:\\\/\\\/tajkertesz.com\\\/termek\\\/juniperus-horizontalis-blue-chip-kek-terulo-henyeboroka\\\/\",\"url\":\"https:\\\/\\\/tajkertesz.com\\\/termek\\\/juniperus-horizontalis-blue-chip-kek-terulo-henyeboroka\\\/\",\"name\":\"Juniperus horizontalis 'Blue Chip' - K\u00e9k ter\u00fcl\u0151 henyebor\u00f3ka - T\u00e1jkert\u00e9sz\",\"isPartOf\":{\"@id\":\"https:\\\/\\\/tajkertesz.com\\\/#website\"},\"primaryImageOfPage\":{\"@id\":\"https:\\\/\\\/tajkertesz.com\\\/termek\\\/juniperus-horizontalis-blue-chip-kek-terulo-henyeboroka\\\/#primaryimage\"},\"image\":{\"@id\":\"https:\\\/\\\/tajkertesz.com\\\/termek\\\/juniperus-horizontalis-blue-chip-kek-terulo-henyeboroka\\\/#primaryimage\"},\"thumbnailUrl\":\"https:\\\/\\\/tajkertesz.com\\\/wp-content\\\/uploads\\\/2024\\\/10\\\/20241009_082539-scaled.jpg\",\"datePublished\":\"2024-10-09T11:56:19+00:00\",\"dateModified\":\"2026-02-24T13:32:29+00:00\",\"description\":\"A Juniperus horizontalis 'Blue Chip' - K\u00e9k ter\u00fcl\u0151 henyebor\u00f3ka egy \u00f6r\u00f6kz\u00f6ld cserje, k\u00e9kes lombja \u00e9s talajtakar\u00f3 tulajdons\u00e1gai miatt kedvelnek az emberek.\",\"breadcrumb\":{\"@id\":\"https:\\\/\\\/tajkertesz.com\\\/termek\\\/juniperus-horizontalis-blue-chip-kek-terulo-henyeboroka\\\/#breadcrumb\"},\"inLanguage\":\"en-US\",\"potentialAction\":[{\"@type\":\"ReadAction\",\"target\":[\"https:\\\/\\\/tajkertesz.com\\\/termek\\\/juniperus-horizontalis-blue-chip-kek-terulo-henyeboroka\\\/\"]}]},{\"@type\":\"ImageObject\",\"inLanguage\":\"en-US\",\"@id\":\"https:\\\/\\\/tajkertesz.com\\\/termek\\\/juniperus-horizontalis-blue-chip-kek-terulo-henyeboroka\\\/#primaryimage\",\"url\":\"https:\\\/\\\/tajkertesz.com\\\/wp-content\\\/uploads\\\/2024\\\/10\\\/20241009_082539-scaled.jpg\",\"contentUrl\":\"https:\\\/\\\/tajkertesz.com\\\/wp-content\\\/uploads\\\/2024\\\/10\\\/20241009_082539-scaled.jpg\",\"width\":1920,\"height\":2560,\"caption\":\"Juniperus horizontalis 'Blue Chip' - K\u00e9k ter\u00fcl\u0151 henyebor\u00f3ka\"},{\"@type\":\"BreadcrumbList\",\"@id\":\"https:\\\/\\\/tajkertesz.com\\\/termek\\\/juniperus-horizontalis-blue-chip-kek-terulo-henyeboroka\\\/#breadcrumb\",\"itemListElement\":[{\"@type\":\"ListItem\",\"position\":1,\"name\":\"Home\",\"item\":\"https:\\\/\\\/tajkertesz.com\\\/\"},{\"@type\":\"ListItem\",\"position\":2,\"name\":\"Kezd\u0151lap\",\"item\":\"https:\\\/\\\/tajkertesz.com\\\/\"},{\"@type\":\"ListItem\",\"position\":3,\"name\":\"Juniperus horizontalis &#8216;Blue Chip&#8217; &#8211; K\u00e9k ter\u00fcl\u0151 henyebor\u00f3ka\"}]},{\"@type\":\"WebSite\",\"@id\":\"https:\\\/\\\/tajkertesz.com\\\/#website\",\"url\":\"https:\\\/\\\/tajkertesz.com\\\/\",\"name\":\"T\u00e1j-Kert\u00e9sz 84 Kft.\",\"description\":\"Kert\u00e9szeti kis- \u00e9s nagykeresked\u00e9s, D\u00edszn\u00f6v\u00e9ny web\u00e1ruh\u00e1z orsz\u00e1gos h\u00e1zhozsz\u00e1ll\u00edt\u00e1ssal!\",\"publisher\":{\"@id\":\"https:\\\/\\\/tajkertesz.com\\\/#organization\"},\"potentialAction\":[{\"@type\":\"SearchAction\",\"target\":{\"@type\":\"EntryPoint\",\"urlTemplate\":\"https:\\\/\\\/tajkertesz.com\\\/?s={search_term_string}\"},\"query-input\":{\"@type\":\"PropertyValueSpecification\",\"valueRequired\":true,\"valueName\":\"search_term_string\"}}],\"inLanguage\":\"en-US\"},{\"@type\":\"Organization\",\"@id\":\"https:\\\/\\\/tajkertesz.com\\\/#organization\",\"name\":\"T\u00e1j-Kert\u00e9sz 84 Kft.\",\"url\":\"https:\\\/\\\/tajkertesz.com\\\/\",\"logo\":{\"@type\":\"ImageObject\",\"inLanguage\":\"en-US\",\"@id\":\"https:\\\/\\\/tajkertesz.com\\\/#\\\/schema\\\/logo\\\/image\\\/\",\"url\":\"https:\\\/\\\/tajkertesz.com\\\/wp-content\\\/uploads\\\/2018\\\/02\\\/logo-2-e1518678052539.png\",\"contentUrl\":\"https:\\\/\\\/tajkertesz.com\\\/wp-content\\\/uploads\\\/2018\\\/02\\\/logo-2-e1518678052539.png\",\"width\":81,\"height\":140,\"caption\":\"T\u00e1j-Kert\u00e9sz 84 Kft.\"},\"image\":{\"@id\":\"https:\\\/\\\/tajkertesz.com\\\/#\\\/schema\\\/logo\\\/image\\\/\"},\"sameAs\":[\"https:\\\/\\\/www.facebook.com\\\/Tajkertesz\\\/\"]}]}<\/script>\n<!-- \/ Yoast SEO plugin. -->","yoast_head_json":{"title":"Juniperus horizontalis 'Blue Chip' - K\u00e9k ter\u00fcl\u0151 henyebor\u00f3ka - T\u00e1jkert\u00e9sz","description":"A Juniperus horizontalis 'Blue Chip' - K\u00e9k ter\u00fcl\u0151 henyebor\u00f3ka egy \u00f6r\u00f6kz\u00f6ld cserje, k\u00e9kes lombja \u00e9s talajtakar\u00f3 tulajdons\u00e1gai miatt kedvelnek az emberek.","robots":{"index":"index","follow":"follow","max-snippet":"max-snippet:-1","max-image-preview":"max-image-preview:large","max-video-preview":"max-video-preview:-1"},"canonical":"https:\/\/tajkertesz.com\/en_US\/product\/juniperus-horizontalis-blue-chip-kek-terulo-henyeboroka\/","og_locale":"en_US","og_type":"article","og_title":"Juniperus horizontalis 'Blue Chip' - K\u00e9k ter\u00fcl\u0151 henyebor\u00f3ka - T\u00e1jkert\u00e9sz","og_description":"A Juniperus horizontalis 'Blue Chip' - K\u00e9k ter\u00fcl\u0151 henyebor\u00f3ka egy \u00f6r\u00f6kz\u00f6ld cserje, k\u00e9kes lombja \u00e9s talajtakar\u00f3 tulajdons\u00e1gai miatt kedvelnek az emberek.","og_url":"https:\/\/tajkertesz.com\/en_US\/product\/juniperus-horizontalis-blue-chip-kek-terulo-henyeboroka\/","og_site_name":"T\u00e1jkert\u00e9sz","article_publisher":"https:\/\/www.facebook.com\/Tajkertesz\/","article_modified_time":"2026-02-24T13:32:29+00:00","og_image":[{"width":1920,"height":2560,"url":"https:\/\/tajkertesz.com\/wp-content\/uploads\/2024\/10\/20241009_082539-scaled.jpg","type":"image\/jpeg"}],"twitter_card":"summary_large_image","twitter_misc":{"Est. reading time":"3 minutes"},"schema":{"@context":"https:\/\/schema.org","@graph":[{"@type":"WebPage","@id":"https:\/\/tajkertesz.com\/termek\/juniperus-horizontalis-blue-chip-kek-terulo-henyeboroka\/","url":"https:\/\/tajkertesz.com\/termek\/juniperus-horizontalis-blue-chip-kek-terulo-henyeboroka\/","name":"Juniperus horizontalis 'Blue Chip' - K\u00e9k ter\u00fcl\u0151 henyebor\u00f3ka - T\u00e1jkert\u00e9sz","isPartOf":{"@id":"https:\/\/tajkertesz.com\/#website"},"primaryImageOfPage":{"@id":"https:\/\/tajkertesz.com\/termek\/juniperus-horizontalis-blue-chip-kek-terulo-henyeboroka\/#primaryimage"},"image":{"@id":"https:\/\/tajkertesz.com\/termek\/juniperus-horizontalis-blue-chip-kek-terulo-henyeboroka\/#primaryimage"},"thumbnailUrl":"https:\/\/tajkertesz.com\/wp-content\/uploads\/2024\/10\/20241009_082539-scaled.jpg","datePublished":"2024-10-09T11:56:19+00:00","dateModified":"2026-02-24T13:32:29+00:00","description":"A Juniperus horizontalis 'Blue Chip' - K\u00e9k ter\u00fcl\u0151 henyebor\u00f3ka egy \u00f6r\u00f6kz\u00f6ld cserje, k\u00e9kes lombja \u00e9s talajtakar\u00f3 tulajdons\u00e1gai miatt kedvelnek az emberek.","breadcrumb":{"@id":"https:\/\/tajkertesz.com\/termek\/juniperus-horizontalis-blue-chip-kek-terulo-henyeboroka\/#breadcrumb"},"inLanguage":"en-US","potentialAction":[{"@type":"ReadAction","target":["https:\/\/tajkertesz.com\/termek\/juniperus-horizontalis-blue-chip-kek-terulo-henyeboroka\/"]}]},{"@type":"ImageObject","inLanguage":"en-US","@id":"https:\/\/tajkertesz.com\/termek\/juniperus-horizontalis-blue-chip-kek-terulo-henyeboroka\/#primaryimage","url":"https:\/\/tajkertesz.com\/wp-content\/uploads\/2024\/10\/20241009_082539-scaled.jpg","contentUrl":"https:\/\/tajkertesz.com\/wp-content\/uploads\/2024\/10\/20241009_082539-scaled.jpg","width":1920,"height":2560,"caption":"Juniperus horizontalis 'Blue Chip' - K\u00e9k ter\u00fcl\u0151 henyebor\u00f3ka"},{"@type":"BreadcrumbList","@id":"https:\/\/tajkertesz.com\/termek\/juniperus-horizontalis-blue-chip-kek-terulo-henyeboroka\/#breadcrumb","itemListElement":[{"@type":"ListItem","position":1,"name":"Home","item":"https:\/\/tajkertesz.com\/"},{"@type":"ListItem","position":2,"name":"Kezd\u0151lap","item":"https:\/\/tajkertesz.com\/"},{"@type":"ListItem","position":3,"name":"Juniperus horizontalis &#8216;Blue Chip&#8217; &#8211; K\u00e9k ter\u00fcl\u0151 henyebor\u00f3ka"}]},{"@type":"WebSite","@id":"https:\/\/tajkertesz.com\/#website","url":"https:\/\/tajkertesz.com\/","name":"T\u00e1j-Kert\u00e9sz 84 Kft.","description":"Kert\u00e9szeti kis- \u00e9s nagykeresked\u00e9s, D\u00edszn\u00f6v\u00e9ny web\u00e1ruh\u00e1z orsz\u00e1gos h\u00e1zhozsz\u00e1ll\u00edt\u00e1ssal!","publisher":{"@id":"https:\/\/tajkertesz.com\/#organization"},"potentialAction":[{"@type":"SearchAction","target":{"@type":"EntryPoint","urlTemplate":"https:\/\/tajkertesz.com\/?s={search_term_string}"},"query-input":{"@type":"PropertyValueSpecification","valueRequired":true,"valueName":"search_term_string"}}],"inLanguage":"en-US"},{"@type":"Organization","@id":"https:\/\/tajkertesz.com\/#organization","name":"T\u00e1j-Kert\u00e9sz 84 Kft.","url":"https:\/\/tajkertesz.com\/","logo":{"@type":"ImageObject","inLanguage":"en-US","@id":"https:\/\/tajkertesz.com\/#\/schema\/logo\/image\/","url":"https:\/\/tajkertesz.com\/wp-content\/uploads\/2018\/02\/logo-2-e1518678052539.png","contentUrl":"https:\/\/tajkertesz.com\/wp-content\/uploads\/2018\/02\/logo-2-e1518678052539.png","width":81,"height":140,"caption":"T\u00e1j-Kert\u00e9sz 84 Kft."},"image":{"@id":"https:\/\/tajkertesz.com\/#\/schema\/logo\/image\/"},"sameAs":["https:\/\/www.facebook.com\/Tajkertesz\/"]}]}},"_links":{"self":[{"href":"https:\/\/tajkertesz.com\/en_US\/wp-json\/wp\/v2\/product\/21305","targetHints":{"allow":["GET"]}}],"collection":[{"href":"https:\/\/tajkertesz.com\/en_US\/wp-json\/wp\/v2\/product"}],"about":[{"href":"https:\/\/tajkertesz.com\/en_US\/wp-json\/wp\/v2\/types\/product"}],"wp:featuredmedia":[{"embeddable":true,"href":"https:\/\/tajkertesz.com\/en_US\/wp-json\/wp\/v2\/media\/21306"}],"wp:attachment":[{"href":"https:\/\/tajkertesz.com\/en_US\/wp-json\/wp\/v2\/media?parent=21305"}],"wp:term":[{"taxonomy":"product_brand","embeddable":true,"href":"https:\/\/tajkertesz.com\/en_US\/wp-json\/wp\/v2\/product_brand?post=21305"},{"taxonomy":"product_cat","embeddable":true,"href":"https:\/\/tajkertesz.com\/en_US\/wp-json\/wp\/v2\/product_cat?post=21305"},{"taxonomy":"product_tag","embeddable":true,"href":"https:\/\/tajkertesz.com\/en_US\/wp-json\/wp\/v2\/product_tag?post=21305"}],"curies":[{"name":"wp","href":"https:\/\/api.w.org\/{rel}","templated":true}]}}