{"id":2132,"date":"2020-09-04T11:14:22","date_gmt":"2020-09-04T11:14:22","guid":{"rendered":"https:\/\/tajkertesz.com\/?post_type=product&#038;p=2132"},"modified":"2025-10-07T11:33:41","modified_gmt":"2025-10-07T11:33:41","slug":"liriodendron-tulipifera-tulipanfa","status":"publish","type":"product","link":"https:\/\/tajkertesz.com\/en_US\/product\/liriodendron-tulipifera-tulipanfa\/","title":{"rendered":"Liriodendron tulipifera &#8211; Tulip\u00e1nfa"},"content":{"rendered":"<h1>Liriodendron tulipifera &#8211; Tulip\u00e1nfa<\/h1>\n<p data-start=\"648\" data-end=\"877\">A <strong data-start=\"650\" data-end=\"677\">Liriodendron tulipifera<\/strong>, vagyis az <strong data-start=\"689\" data-end=\"711\">amerikai tulip\u00e1nfa<\/strong>, egy \u00c9szak-Amerik\u00e1b\u00f3l sz\u00e1rmaz\u00f3, <strong data-start=\"744\" data-end=\"783\">nagym\u00e9ret\u0171, impoz\u00e1ns lombhullat\u00f3 fa<\/strong>, amely els\u0151sorban <strong data-start=\"802\" data-end=\"869\">k\u00fcl\u00f6nleges alak\u00fa leveleir\u0151l \u00e9s tulip\u00e1nra eml\u00e9keztet\u0151 vir\u00e1gair\u00f3l<\/strong> ismert.<\/p>\n<p data-start=\"879\" data-end=\"1109\">M\u00e1jus\u2013j\u00faniusban hozza egyedi, z\u00f6ldess\u00e1rga, narancs foltos vir\u00e1gait, amelyek illatosak \u00e9s <strong data-start=\"968\" data-end=\"1002\">a fa fels\u0151 r\u00e9sz\u00e9n jelennek meg<\/strong>. D\u00fas, szab\u00e1lyos koron\u00e1j\u00e1val \u00e9s vil\u00e1gosz\u00f6ld leveleivel parkok \u00e9s <strong data-start=\"1067\" data-end=\"1102\">nagyobb kertek k\u00fcl\u00f6nleges d\u00edsze<\/strong> lehet.<\/p>\n<h4 data-start=\"1111\" data-end=\"1133\">\u2b50 F\u0151bb jellemz\u0151k:<\/h4>\n<ul data-start=\"1134\" data-end=\"1614\">\n<li data-start=\"1134\" data-end=\"1205\">\n<p data-start=\"1136\" data-end=\"1205\"><strong data-start=\"1136\" data-end=\"1149\">Magass\u00e1g:<\/strong> 15\u201330 m\u00e9ter (hazai viszonyok k\u00f6z\u00f6tt jellemz\u0151en 15\u201320 m)<\/p>\n<\/li>\n<li data-start=\"1206\" data-end=\"1233\">\n<p data-start=\"1208\" data-end=\"1233\"><strong data-start=\"1208\" data-end=\"1222\">Sz\u00e9less\u00e9g:<\/strong> 6\u201312 m\u00e9ter<\/p>\n<\/li>\n<li data-start=\"1234\" data-end=\"1279\">\n<p data-start=\"1236\" data-end=\"1279\"><strong data-start=\"1236\" data-end=\"1247\">Korona:<\/strong> szab\u00e1lyos, k\u00fapos vagy sz\u00e9lesed\u0151<\/p>\n<\/li>\n<li data-start=\"1280\" data-end=\"1356\">\n<p data-start=\"1282\" data-end=\"1356\"><strong data-start=\"1282\" data-end=\"1292\">Lev\u00e9l:<\/strong> 4 kar\u00e9j\u00fa, k\u00fcl\u00f6nleges \u201ctulip\u00e1n alak\u00fa\u201d; \u0151sszel s\u00e1rg\u00e1ra sz\u00ednez\u0151dik<\/p>\n<\/li>\n<li data-start=\"1357\" data-end=\"1436\">\n<p data-start=\"1359\" data-end=\"1436\"><strong data-start=\"1359\" data-end=\"1369\">Vir\u00e1g:<\/strong> z\u00f6ldes-s\u00e1rga, narancsos folt a vir\u00e1g alj\u00e1n; m\u00e1jus-j\u00faniusban ny\u00edlik<\/p>\n<\/li>\n<li data-start=\"1437\" data-end=\"1483\">\n<p data-start=\"1439\" data-end=\"1483\"><strong data-start=\"1439\" data-end=\"1453\">F\u00e9nyig\u00e9ny:<\/strong> napos vagy f\u00e9l\u00e1rny\u00e9kos fekv\u00e9s<\/p>\n<\/li>\n<li data-start=\"1484\" data-end=\"1567\">\n<p data-start=\"1486\" data-end=\"1567\"><strong data-start=\"1486\" data-end=\"1501\">Talajig\u00e9ny:<\/strong> friss, t\u00e1panyagban gazdag, enyh\u00e9n savas, j\u00f3 v\u00edzgazd\u00e1lkod\u00e1s\u00fa talaj<\/p>\n<\/li>\n<li data-start=\"1568\" data-end=\"1614\">\n<p data-start=\"1570\" data-end=\"1614\"><strong data-start=\"1570\" data-end=\"1585\">T\u00e9l\u00e1ll\u00f3s\u00e1g:<\/strong> j\u00f3 (Z\u00f3na 5\u20136, kb. \u201325 \u00b0C-ig)<\/p>\n<\/li>\n<\/ul>\n<h4 data-start=\"1616\" data-end=\"1632\">\ud83c\udf3f El\u0151ny\u00f6k:<\/h4>\n<ul data-start=\"1633\" data-end=\"1784\">\n<li data-start=\"1633\" data-end=\"1668\">\n<p data-start=\"1635\" data-end=\"1668\"><strong data-start=\"1635\" data-end=\"1668\">K\u00fcl\u00f6nleges, egyedi megjelen\u00e9s<\/strong><\/p>\n<\/li>\n<li data-start=\"1669\" data-end=\"1698\">\n<p data-start=\"1671\" data-end=\"1698\">D\u00edszes vir\u00e1gz\u00e1s ny\u00e1r elej\u00e9n<\/p>\n<\/li>\n<li data-start=\"1699\" data-end=\"1720\">\n<p data-start=\"1701\" data-end=\"1720\">\u0150szi s\u00e1rga lombsz\u00edn<\/p>\n<\/li>\n<li data-start=\"1721\" data-end=\"1755\">\n<p data-start=\"1723\" data-end=\"1755\">Nagy m\u00e9ret\u0171, \u00e1rny\u00e9kot ad\u00f3 d\u00edszfa<\/p>\n<\/li>\n<li data-start=\"1756\" data-end=\"1784\">\n<p data-start=\"1758\" data-end=\"1784\">Hossz\u00fa \u00e9let\u0171 \u00e9s tart\u00f3s faj<\/p>\n<\/li>\n<\/ul>\n<h4 data-start=\"1786\" data-end=\"1807\">\u26a0\ufe0f Fontos tudni:<\/h4>\n<ul data-start=\"1808\" data-end=\"2041\">\n<li data-start=\"1808\" data-end=\"1879\">\n<p data-start=\"1810\" data-end=\"1879\">Vir\u00e1gz\u00e1sa <strong data-start=\"1820\" data-end=\"1846\">csak 10\u201315 \u00e9ves korban<\/strong> kezd\u0151dik \u2013 \u00edgy t\u00fcrelem sz\u00fcks\u00e9ges<\/p>\n<\/li>\n<li data-start=\"1880\" data-end=\"1974\">\n<p data-start=\"1882\" data-end=\"1974\">A <strong data-start=\"1884\" data-end=\"1935\">fiatal f\u00e1k \u00e9rz\u00e9kenyek a sz\u00e9ls\u0151s\u00e9ges sz\u00e1razs\u00e1gra<\/strong> \u2013 locsol\u00e1s sz\u00fcks\u00e9ges a kezdeti \u00e9vekben<\/p>\n<\/li>\n<li data-start=\"1975\" data-end=\"2041\">\n<p data-start=\"1977\" data-end=\"2041\">Csak <strong data-start=\"1982\" data-end=\"2012\">nagyobb kertekbe, parkokba<\/strong> javasolt a v\u00e9gs\u0151 m\u00e9ret miatt<\/p>\n<\/li>\n<\/ul>\n<h4><strong>\ud83d\udd04 K\u00e9szletinform\u00e1ci\u00f3<\/strong><\/h4>\n<p><strong>K\u00e9szlet\u00fcnk napi szinten v\u00e1ltozik, \u00edgy a webshopban szerepl<\/strong><strong>\u0151<\/strong><strong>\u00a0term\u00e9kek el\u00e9rhet<\/strong><strong>\u0151<\/strong><strong>s\u00e9ge nem garant\u00e1lt.<br \/>\n\ud83d\udcde A megrendel\u00e9s el<\/strong><strong>\u0151<\/strong><strong>tt k\u00e9rj\u00fck, \u00e9rdekl<\/strong><strong>\u0151<\/strong><strong>dj\u00f6n szem\u00e9lyesen, telefonon vagy e-mailben!<\/strong><\/p>\n<h4><strong>\u27a1\ufe0f Kapcsolat:<\/strong><\/h4>\n<ul>\n<li><strong>Weboldal:\u00a0<\/strong><a href=\"https:\/\/tajkertesz.com\/\"><strong>tajkertesz.com<\/strong><\/a><\/li>\n<li><strong>Facebook:\u00a0<\/strong><a href=\"https:\/\/www.facebook.com\/tajkertesz\/\"><strong>facebook.com\/tajkertesz<\/strong><\/a><\/li>\n<li><strong>Telefonsz\u00e1m, e-mail: +36\/20-319-3770\u00a0<\/strong><a href=\"mailto:tajkerteszaruda@gmail.com\"><strong>tajkerteszaruda@gmail.com<\/strong><\/a><\/li>\n<\/ul>\n<h4><strong>\ud83d\ude9a Sz\u00e1ll\u00edt\u00e1si inform\u00e1ci\u00f3k<\/strong><\/h4>\n<p><strong>A megrendelt n\u00f6v\u00e9nyek kisz\u00e1ll\u00edt\u00e1sa az al\u00e1bbi felt\u00e9telek mellett t\u00f6rt\u00e9nik:<\/strong><\/p>\n<h4><strong>\ud83d\udce6 Fut\u00e1rszolg\u00e1latos sz\u00e1ll\u00edt\u00e1s<\/strong><\/h4>\n<ul>\n<li><strong>Maxim\u00e1lis m\u00e9ret: 200 cm (hossz\u00fas\u00e1g)<\/strong><\/li>\n<li><strong>Maxim\u00e1lis s\u00faly: 40 kg<\/strong><\/li>\n<li><strong>Az enn\u00e9l kisebb \u00e9s k\u00f6nnyebb csomagokat fut\u00e1rszolg\u00e1lattal k\u00e9zbes\u00edtj\u00fck a lehet<\/strong><strong>\u0151<\/strong><strong>\u00a0legbiztons\u00e1gosabb csomagol\u00e1sban.<\/strong><\/li>\n<\/ul>\n<h4><strong>\ud83d\udefb Szem\u00e9lyes \u00e1tv\u00e9tel<\/strong><\/h4>\n<ul>\n<li><strong>1173 Budapest, Bakancsos utca 7. sz\u00e1m alatt nyitvatart\u00e1si id<\/strong><strong>\u0151<\/strong><strong>ben szem\u00e9lyesen \u00e1tvehet<\/strong><strong>\u0151<\/strong><strong>\u00a0kert\u00e9szeti \u00e1rud\u00e1nkban.<\/strong><\/li>\n<li><strong>K\u00f6lts\u00e9ghat\u00e9kony megold\u00e1s nagyobb, t\u00f6r\u00e9kenyebb vagy t\u00falm\u00e9retes n\u00f6v\u00e9nyek eset\u00e9n.<\/strong><\/li>\n<\/ul>\n<h4><strong>\ud83d\udcde Nagy m\u00e9ret<\/strong><strong>\u0171<\/strong><strong>\u00a0vagy s\u00faly\u00fa n\u00f6v\u00e9nyek eset\u00e9n<\/strong><\/h4>\n<p><strong>Ha a term\u00e9k:<\/strong><\/p>\n<ul>\n<li><strong>meghaladja a 200 cm hossz\u00fas\u00e1got vagy<\/strong><\/li>\n<li><strong>meghaladja a 40 kg s\u00falyt,<\/strong><\/li>\n<\/ul>\n<p><strong>akkor szem\u00e9lyes \u00e1tv\u00e9tellel vagy egyedi, el<\/strong><strong>\u0151<\/strong><strong>re egyeztetett sz\u00e1ll\u00edt\u00e1si felt\u00e9telek mellett t\u00f6rt\u00e9nik.<br \/>\nK\u00e9rj\u00fck, ilyen esetben rendel\u00e9s el<\/strong><strong>\u0151<\/strong><strong>tt vegye fel vel\u00fcnk a kapcsolatot, hogy a lehet<\/strong><strong>\u0151<\/strong><strong>\u00a0legmegfelel<\/strong><strong>\u0151<\/strong><strong>bb sz\u00e1ll\u00edt\u00e1si megold\u00e1st k\u00edn\u00e1lhassuk.<\/strong><\/p>\n<p><strong>\ud83d\udd14 Fontos: A n\u00f6v\u00e9nyeket minden esetben igyeksz\u00fcnk gondosan, egyes\u00e9vel csomagolni, azonban a sz\u00e1ll\u00edt\u00e1s sor\u00e1n kisebb eszt\u00e9tikai s\u00e9r\u00fcl\u00e9sek el<\/strong><strong>\u0151<\/strong><strong>fordulhatnak (pl. lev\u00e9lhull\u00e1s). Ez nem min<\/strong><strong>\u0151<\/strong><strong>s\u00fcl hib\u00e1s teljes\u00edt\u00e9snek.<\/strong><\/p>\n<h4><strong>\ud83d\udcf7 Fontos tudni a k\u00e9pekr<\/strong><strong>\u0151<\/strong><strong>l<\/strong><\/h4>\n<p><strong>A webshopban szerepl<\/strong><strong>\u0151<\/strong><strong>\u00a0k\u00e9pek illusztr\u00e1ci\u00f3k, a n\u00f6v\u00e9nyek term\u00e9szet\u00fckn\u00e9l fogva egyediek, \u00edgy m\u00e9retben, alakban \u00e9s sz\u00ednben minim\u00e1lis elt\u00e9r\u00e9sek el<\/strong><strong>\u0151<\/strong><strong>fordulhatnak a k\u00e9pen l\u00e1that\u00f3 \u00e9s a val\u00f3s p\u00e9ld\u00e1nyok k\u00f6z\u00f6tt.<\/strong><\/p>\n<h4><strong>\ud83e\uddfe \u00c1rak \u00e9s el\u00e1ll\u00e1si jog<\/strong><\/h4>\n<ul>\n<li><strong>Az \u00e1rak egy darab\u00a0n\u00f6v\u00e9nyre vonatkoznak.<\/strong><\/li>\n<li><strong>\u00c9l<\/strong><strong>\u0151<\/strong><strong>\u00a0n\u00f6v\u00e9nyek rendel\u00e9se eset\u00e9n a 14 napos el\u00e1ll\u00e1s joga nem \u00e9rv\u00e9nyes\u00edthet<\/strong><strong>\u0151<\/strong><strong>, mivel azok romland\u00f3, biol\u00f3giailag \u00e9l<\/strong><strong>\u0151<\/strong><strong>\u00a0term\u00e9keknek min<\/strong><strong>\u0151<\/strong><strong>s\u00fclnek.<br \/>\n\ud83d\udd12 (17\/1999. (II. 5.) Korm. rendelet 5. \u00a7 c) pontja alapj\u00e1n)<\/strong><\/li>\n<\/ul>\n<h4><strong>\ud83d\udce6 K\u00e9zbes\u00edt\u00e9s ut\u00e1ni teend<\/strong><strong>\u0151<\/strong><strong>k<\/strong><\/h4>\n<p><strong>A k\u00e9zbes\u00edt\u00e9st k\u00f6vet<\/strong><strong>\u0151<\/strong><strong>en a csomagot azonnal bontsuk ki, \u00e9s a n\u00f6v\u00e9nyt helyezz\u00fck el megfelel<\/strong><strong>\u0151<\/strong><strong>\u00a0k\u00f6rnyezetben.<br \/>\nFontos: ha a n\u00f6v\u00e9ny nem r\u00e9szes\u00fcl megfelel<\/strong><strong>\u0151<\/strong><strong>\u00a0gondoz\u00e1sban \u00e9s ennek k\u00f6vetkezt\u00e9ben k\u00e1rosodik vagy elpusztul, felel<\/strong><strong>\u0151<\/strong><strong>ss\u00e9get nem tudunk v\u00e1llalni.<\/strong><\/p>","protected":false},"excerpt":{"rendered":"<p>Egyed\u00fcl\u00e1ll\u00f3 megjelen\u00e9s\u0171, nagy termet\u0171 d\u00edszfa l\u00e1tv\u00e1nyos tulip\u00e1nszer\u0171 vir\u00e1gokkal. Kiv\u00e1l\u00f3 v\u00e1laszt\u00e1s parkokba, t\u00e1gas kertekbe, szoliterk\u00e9nt.<\/p>\n<p>M\u00e9rete: 125\/150 cm magas, 5 literes kont\u00e9nerben.<\/p>","protected":false},"featured_media":2107,"template":"","meta":{"_et_pb_use_builder":"","_et_pb_old_content":"","_et_gb_content_width":""},"product_brand":[],"product_cat":[28],"product_tag":[7129,7128,83,5837,7131,4194,5838,7130],"class_list":{"0":"post-2132","1":"product","2":"type-product","3":"status-publish","4":"has-post-thumbnail","6":"product_cat-diszfak","7":"product_tag-amerikai-tulipanfa","8":"product_tag-kulonleges-diszfa","9":"product_tag-liriodendron-tulipifera","10":"product_tag-lombhullato-fa","11":"product_tag-nagy-meretu-diszfa","12":"product_tag-parkfa","13":"product_tag-szoliter-diszfa","14":"product_tag-viragzo-fa","16":"first","17":"outofstock","18":"shipping-taxable","19":"purchasable","20":"product-type-simple"},"yoast_head":"<!-- This site is optimized with the Yoast SEO plugin v27.5 - https:\/\/yoast.com\/product\/yoast-seo-wordpress\/ -->\n<title>Liriodendron tulipifera - Tulip\u00e1nfa - T\u00e1jkert\u00e9sz<\/title>\n<meta name=\"description\" content=\"A Liriodendron tulipifera - Tulip\u00e1nfa l\u00e1tv\u00e1nyos vir\u00e1gz\u00e1s, k\u00fcl\u00f6nleges lomb, nagy m\u00e9ret. Kiv\u00e1l\u00f3 v\u00e1laszt\u00e1s szoliterk\u00e9nt vagy parkf\u00e1nak.\" \/>\n<meta name=\"robots\" content=\"index, follow, max-snippet:-1, max-image-preview:large, max-video-preview:-1\" \/>\n<link rel=\"canonical\" href=\"https:\/\/tajkertesz.com\/en_US\/product\/liriodendron-tulipifera-tulipanfa\/\" \/>\n<meta property=\"og:locale\" content=\"en_US\" \/>\n<meta property=\"og:type\" content=\"article\" \/>\n<meta property=\"og:title\" content=\"Liriodendron tulipifera - Tulip\u00e1nfa - T\u00e1jkert\u00e9sz\" \/>\n<meta property=\"og:description\" content=\"A Liriodendron tulipifera - Tulip\u00e1nfa l\u00e1tv\u00e1nyos vir\u00e1gz\u00e1s, k\u00fcl\u00f6nleges lomb, nagy m\u00e9ret. Kiv\u00e1l\u00f3 v\u00e1laszt\u00e1s szoliterk\u00e9nt vagy parkf\u00e1nak.\" \/>\n<meta property=\"og:url\" content=\"https:\/\/tajkertesz.com\/en_US\/product\/liriodendron-tulipifera-tulipanfa\/\" \/>\n<meta property=\"og:site_name\" content=\"T\u00e1jkert\u00e9sz\" \/>\n<meta property=\"article:publisher\" content=\"https:\/\/www.facebook.com\/Tajkertesz\/\" \/>\n<meta property=\"article:modified_time\" content=\"2025-10-07T11:33:41+00:00\" \/>\n<meta property=\"og:image\" content=\"https:\/\/tajkertesz.com\/wp-content\/uploads\/2020\/08\/Liriodendron-tulipifera.jpg2_.jpg\" \/>\n\t<meta property=\"og:image:width\" content=\"400\" \/>\n\t<meta property=\"og:image:height\" content=\"400\" \/>\n\t<meta property=\"og:image:type\" content=\"image\/jpeg\" \/>\n<meta name=\"twitter:card\" content=\"summary_large_image\" \/>\n<meta name=\"twitter:label1\" content=\"Est. reading time\" \/>\n\t<meta name=\"twitter:data1\" content=\"3 minutes\" \/>\n<script type=\"application\/ld+json\" class=\"yoast-schema-graph\">{\"@context\":\"https:\\\/\\\/schema.org\",\"@graph\":[{\"@type\":\"WebPage\",\"@id\":\"https:\\\/\\\/tajkertesz.com\\\/termek\\\/liriodendron-tulipifera-tulipanfa\\\/\",\"url\":\"https:\\\/\\\/tajkertesz.com\\\/termek\\\/liriodendron-tulipifera-tulipanfa\\\/\",\"name\":\"Liriodendron tulipifera - Tulip\u00e1nfa - T\u00e1jkert\u00e9sz\",\"isPartOf\":{\"@id\":\"https:\\\/\\\/tajkertesz.com\\\/#website\"},\"primaryImageOfPage\":{\"@id\":\"https:\\\/\\\/tajkertesz.com\\\/termek\\\/liriodendron-tulipifera-tulipanfa\\\/#primaryimage\"},\"image\":{\"@id\":\"https:\\\/\\\/tajkertesz.com\\\/termek\\\/liriodendron-tulipifera-tulipanfa\\\/#primaryimage\"},\"thumbnailUrl\":\"https:\\\/\\\/tajkertesz.com\\\/wp-content\\\/uploads\\\/2020\\\/08\\\/Liriodendron-tulipifera.jpg2_.jpg\",\"datePublished\":\"2020-09-04T11:14:22+00:00\",\"dateModified\":\"2025-10-07T11:33:41+00:00\",\"description\":\"A Liriodendron tulipifera - Tulip\u00e1nfa l\u00e1tv\u00e1nyos vir\u00e1gz\u00e1s, k\u00fcl\u00f6nleges lomb, nagy m\u00e9ret. Kiv\u00e1l\u00f3 v\u00e1laszt\u00e1s szoliterk\u00e9nt vagy parkf\u00e1nak.\",\"breadcrumb\":{\"@id\":\"https:\\\/\\\/tajkertesz.com\\\/termek\\\/liriodendron-tulipifera-tulipanfa\\\/#breadcrumb\"},\"inLanguage\":\"en-US\",\"potentialAction\":[{\"@type\":\"ReadAction\",\"target\":[\"https:\\\/\\\/tajkertesz.com\\\/termek\\\/liriodendron-tulipifera-tulipanfa\\\/\"]}]},{\"@type\":\"ImageObject\",\"inLanguage\":\"en-US\",\"@id\":\"https:\\\/\\\/tajkertesz.com\\\/termek\\\/liriodendron-tulipifera-tulipanfa\\\/#primaryimage\",\"url\":\"https:\\\/\\\/tajkertesz.com\\\/wp-content\\\/uploads\\\/2020\\\/08\\\/Liriodendron-tulipifera.jpg2_.jpg\",\"contentUrl\":\"https:\\\/\\\/tajkertesz.com\\\/wp-content\\\/uploads\\\/2020\\\/08\\\/Liriodendron-tulipifera.jpg2_.jpg\",\"width\":400,\"height\":400,\"caption\":\"Liriodendron tulipifera - Tulip\u00e1nfa\"},{\"@type\":\"BreadcrumbList\",\"@id\":\"https:\\\/\\\/tajkertesz.com\\\/termek\\\/liriodendron-tulipifera-tulipanfa\\\/#breadcrumb\",\"itemListElement\":[{\"@type\":\"ListItem\",\"position\":1,\"name\":\"Home\",\"item\":\"https:\\\/\\\/tajkertesz.com\\\/\"},{\"@type\":\"ListItem\",\"position\":2,\"name\":\"Kezd\u0151lap\",\"item\":\"https:\\\/\\\/tajkertesz.com\\\/\"},{\"@type\":\"ListItem\",\"position\":3,\"name\":\"Liriodendron tulipifera &#8211; Tulip\u00e1nfa\"}]},{\"@type\":\"WebSite\",\"@id\":\"https:\\\/\\\/tajkertesz.com\\\/#website\",\"url\":\"https:\\\/\\\/tajkertesz.com\\\/\",\"name\":\"T\u00e1j-Kert\u00e9sz 84 Kft.\",\"description\":\"Kert\u00e9szeti kis- \u00e9s nagykeresked\u00e9s, D\u00edszn\u00f6v\u00e9ny web\u00e1ruh\u00e1z orsz\u00e1gos h\u00e1zhozsz\u00e1ll\u00edt\u00e1ssal!\",\"publisher\":{\"@id\":\"https:\\\/\\\/tajkertesz.com\\\/#organization\"},\"potentialAction\":[{\"@type\":\"SearchAction\",\"target\":{\"@type\":\"EntryPoint\",\"urlTemplate\":\"https:\\\/\\\/tajkertesz.com\\\/?s={search_term_string}\"},\"query-input\":{\"@type\":\"PropertyValueSpecification\",\"valueRequired\":true,\"valueName\":\"search_term_string\"}}],\"inLanguage\":\"en-US\"},{\"@type\":\"Organization\",\"@id\":\"https:\\\/\\\/tajkertesz.com\\\/#organization\",\"name\":\"T\u00e1j-Kert\u00e9sz 84 Kft.\",\"url\":\"https:\\\/\\\/tajkertesz.com\\\/\",\"logo\":{\"@type\":\"ImageObject\",\"inLanguage\":\"en-US\",\"@id\":\"https:\\\/\\\/tajkertesz.com\\\/#\\\/schema\\\/logo\\\/image\\\/\",\"url\":\"https:\\\/\\\/tajkertesz.com\\\/wp-content\\\/uploads\\\/2018\\\/02\\\/logo-2-e1518678052539.png\",\"contentUrl\":\"https:\\\/\\\/tajkertesz.com\\\/wp-content\\\/uploads\\\/2018\\\/02\\\/logo-2-e1518678052539.png\",\"width\":81,\"height\":140,\"caption\":\"T\u00e1j-Kert\u00e9sz 84 Kft.\"},\"image\":{\"@id\":\"https:\\\/\\\/tajkertesz.com\\\/#\\\/schema\\\/logo\\\/image\\\/\"},\"sameAs\":[\"https:\\\/\\\/www.facebook.com\\\/Tajkertesz\\\/\"]}]}<\/script>\n<!-- \/ Yoast SEO plugin. -->","yoast_head_json":{"title":"Liriodendron tulipifera - Tulip\u00e1nfa - T\u00e1jkert\u00e9sz","description":"A Liriodendron tulipifera - Tulip\u00e1nfa l\u00e1tv\u00e1nyos vir\u00e1gz\u00e1s, k\u00fcl\u00f6nleges lomb, nagy m\u00e9ret. Kiv\u00e1l\u00f3 v\u00e1laszt\u00e1s szoliterk\u00e9nt vagy parkf\u00e1nak.","robots":{"index":"index","follow":"follow","max-snippet":"max-snippet:-1","max-image-preview":"max-image-preview:large","max-video-preview":"max-video-preview:-1"},"canonical":"https:\/\/tajkertesz.com\/en_US\/product\/liriodendron-tulipifera-tulipanfa\/","og_locale":"en_US","og_type":"article","og_title":"Liriodendron tulipifera - Tulip\u00e1nfa - T\u00e1jkert\u00e9sz","og_description":"A Liriodendron tulipifera - Tulip\u00e1nfa l\u00e1tv\u00e1nyos vir\u00e1gz\u00e1s, k\u00fcl\u00f6nleges lomb, nagy m\u00e9ret. Kiv\u00e1l\u00f3 v\u00e1laszt\u00e1s szoliterk\u00e9nt vagy parkf\u00e1nak.","og_url":"https:\/\/tajkertesz.com\/en_US\/product\/liriodendron-tulipifera-tulipanfa\/","og_site_name":"T\u00e1jkert\u00e9sz","article_publisher":"https:\/\/www.facebook.com\/Tajkertesz\/","article_modified_time":"2025-10-07T11:33:41+00:00","og_image":[{"width":400,"height":400,"url":"https:\/\/tajkertesz.com\/wp-content\/uploads\/2020\/08\/Liriodendron-tulipifera.jpg2_.jpg","type":"image\/jpeg"}],"twitter_card":"summary_large_image","twitter_misc":{"Est. reading time":"3 minutes"},"schema":{"@context":"https:\/\/schema.org","@graph":[{"@type":"WebPage","@id":"https:\/\/tajkertesz.com\/termek\/liriodendron-tulipifera-tulipanfa\/","url":"https:\/\/tajkertesz.com\/termek\/liriodendron-tulipifera-tulipanfa\/","name":"Liriodendron tulipifera - Tulip\u00e1nfa - T\u00e1jkert\u00e9sz","isPartOf":{"@id":"https:\/\/tajkertesz.com\/#website"},"primaryImageOfPage":{"@id":"https:\/\/tajkertesz.com\/termek\/liriodendron-tulipifera-tulipanfa\/#primaryimage"},"image":{"@id":"https:\/\/tajkertesz.com\/termek\/liriodendron-tulipifera-tulipanfa\/#primaryimage"},"thumbnailUrl":"https:\/\/tajkertesz.com\/wp-content\/uploads\/2020\/08\/Liriodendron-tulipifera.jpg2_.jpg","datePublished":"2020-09-04T11:14:22+00:00","dateModified":"2025-10-07T11:33:41+00:00","description":"A Liriodendron tulipifera - Tulip\u00e1nfa l\u00e1tv\u00e1nyos vir\u00e1gz\u00e1s, k\u00fcl\u00f6nleges lomb, nagy m\u00e9ret. Kiv\u00e1l\u00f3 v\u00e1laszt\u00e1s szoliterk\u00e9nt vagy parkf\u00e1nak.","breadcrumb":{"@id":"https:\/\/tajkertesz.com\/termek\/liriodendron-tulipifera-tulipanfa\/#breadcrumb"},"inLanguage":"en-US","potentialAction":[{"@type":"ReadAction","target":["https:\/\/tajkertesz.com\/termek\/liriodendron-tulipifera-tulipanfa\/"]}]},{"@type":"ImageObject","inLanguage":"en-US","@id":"https:\/\/tajkertesz.com\/termek\/liriodendron-tulipifera-tulipanfa\/#primaryimage","url":"https:\/\/tajkertesz.com\/wp-content\/uploads\/2020\/08\/Liriodendron-tulipifera.jpg2_.jpg","contentUrl":"https:\/\/tajkertesz.com\/wp-content\/uploads\/2020\/08\/Liriodendron-tulipifera.jpg2_.jpg","width":400,"height":400,"caption":"Liriodendron tulipifera - Tulip\u00e1nfa"},{"@type":"BreadcrumbList","@id":"https:\/\/tajkertesz.com\/termek\/liriodendron-tulipifera-tulipanfa\/#breadcrumb","itemListElement":[{"@type":"ListItem","position":1,"name":"Home","item":"https:\/\/tajkertesz.com\/"},{"@type":"ListItem","position":2,"name":"Kezd\u0151lap","item":"https:\/\/tajkertesz.com\/"},{"@type":"ListItem","position":3,"name":"Liriodendron tulipifera &#8211; Tulip\u00e1nfa"}]},{"@type":"WebSite","@id":"https:\/\/tajkertesz.com\/#website","url":"https:\/\/tajkertesz.com\/","name":"T\u00e1j-Kert\u00e9sz 84 Kft.","description":"Kert\u00e9szeti kis- \u00e9s nagykeresked\u00e9s, D\u00edszn\u00f6v\u00e9ny web\u00e1ruh\u00e1z orsz\u00e1gos h\u00e1zhozsz\u00e1ll\u00edt\u00e1ssal!","publisher":{"@id":"https:\/\/tajkertesz.com\/#organization"},"potentialAction":[{"@type":"SearchAction","target":{"@type":"EntryPoint","urlTemplate":"https:\/\/tajkertesz.com\/?s={search_term_string}"},"query-input":{"@type":"PropertyValueSpecification","valueRequired":true,"valueName":"search_term_string"}}],"inLanguage":"en-US"},{"@type":"Organization","@id":"https:\/\/tajkertesz.com\/#organization","name":"T\u00e1j-Kert\u00e9sz 84 Kft.","url":"https:\/\/tajkertesz.com\/","logo":{"@type":"ImageObject","inLanguage":"en-US","@id":"https:\/\/tajkertesz.com\/#\/schema\/logo\/image\/","url":"https:\/\/tajkertesz.com\/wp-content\/uploads\/2018\/02\/logo-2-e1518678052539.png","contentUrl":"https:\/\/tajkertesz.com\/wp-content\/uploads\/2018\/02\/logo-2-e1518678052539.png","width":81,"height":140,"caption":"T\u00e1j-Kert\u00e9sz 84 Kft."},"image":{"@id":"https:\/\/tajkertesz.com\/#\/schema\/logo\/image\/"},"sameAs":["https:\/\/www.facebook.com\/Tajkertesz\/"]}]}},"_links":{"self":[{"href":"https:\/\/tajkertesz.com\/en_US\/wp-json\/wp\/v2\/product\/2132","targetHints":{"allow":["GET"]}}],"collection":[{"href":"https:\/\/tajkertesz.com\/en_US\/wp-json\/wp\/v2\/product"}],"about":[{"href":"https:\/\/tajkertesz.com\/en_US\/wp-json\/wp\/v2\/types\/product"}],"wp:featuredmedia":[{"embeddable":true,"href":"https:\/\/tajkertesz.com\/en_US\/wp-json\/wp\/v2\/media\/2107"}],"wp:attachment":[{"href":"https:\/\/tajkertesz.com\/en_US\/wp-json\/wp\/v2\/media?parent=2132"}],"wp:term":[{"taxonomy":"product_brand","embeddable":true,"href":"https:\/\/tajkertesz.com\/en_US\/wp-json\/wp\/v2\/product_brand?post=2132"},{"taxonomy":"product_cat","embeddable":true,"href":"https:\/\/tajkertesz.com\/en_US\/wp-json\/wp\/v2\/product_cat?post=2132"},{"taxonomy":"product_tag","embeddable":true,"href":"https:\/\/tajkertesz.com\/en_US\/wp-json\/wp\/v2\/product_tag?post=2132"}],"curies":[{"name":"wp","href":"https:\/\/api.w.org\/{rel}","templated":true}]}}