{"id":21325,"date":"2024-10-10T10:52:56","date_gmt":"2024-10-10T10:52:56","guid":{"rendered":"https:\/\/tajkertesz.com\/?post_type=product&#038;p=21325"},"modified":"2026-03-18T15:25:08","modified_gmt":"2026-03-18T15:25:08","slug":"asimina-triloba-indianbanan-pawpaw","status":"publish","type":"product","link":"https:\/\/tajkertesz.com\/en_US\/product\/asimina-triloba-indianbanan-pawpaw\/","title":{"rendered":"Asimina triloba &#8211; Indi\u00e1nban\u00e1n"},"content":{"rendered":"<h1>Asimina triloba &#8211; Indi\u00e1nban\u00e1n<\/h1>\n<p>Az Asimina triloba &#8211; Indi\u00e1nban\u00e1n egy k\u00fcl\u00f6nleges gy\u00fcm\u00f6lcsterm\u0151 n\u00f6v\u00e9ny, amely \u00c9szak-Amerik\u00e1b\u00f3l sz\u00e1rmazik.<\/p>\n<p>Ez a n\u00f6v\u00e9ny k\u00fcl\u00f6n\u00f6sen \u00e9rdekes, mert j\u00f3l t\u0171ri a hideget, haz\u00e1nkban teljesen t\u00e9l\u00e1ll\u00f3nak bizonyult. Az indi\u00e1n ban\u00e1n gy\u00fcm\u00f6lcse nagy, z\u00f6ld vagy s\u00e1rg\u00e1sbarna h\u00e9j\u00fa, \u00e9s bel\u00fcl s\u00e1rga vagy narancss\u00e1rga h\u00fas\u00fa, amely \u00e9des \u00e9s kr\u00e9mes \u00e1llag\u00fa. A\u00a0 legnagyobb ehet\u0151 \u0151shonos amerikai gy\u00fcm\u00f6lcs. A k\u00fcl\u00f6nleges megjelen\u00e9s\u0171 gy\u00fcm\u00f6lcs s\u00falya kb. 150 gramm \u00e9s hossza 10 cm k\u00f6r\u00fcli. A term\u00e9s hossz\u00fak\u00e1s, kiss\u00e9 szab\u00e1lytalan alak\u00fa \u00e9s enyh\u00e9n \u00edvelt, k\u00edv\u00fclr\u0151l s\u00e1rg\u00e1s-z\u00f6ld h\u00e9j fedi, a gy\u00fcm\u00f6lcsh\u00fas s\u00e1rg\u00e1s sz\u00edn\u0171.<\/p>\n<p>A Pawpaw Magyarorsz\u00e1gon eddig egy viszonylag ismeretlen gy\u00fcm\u00f6lcsterm\u0151 n\u00f6v\u00e9ny.<\/p>\n<p>Haz\u00e1nk teljes ter\u00fclet\u00e9n sikerrel termeszthet\u0151, kit\u0171n\u0151en b\u00edrja az itthoni t\u00e9li id\u0151j\u00e1r\u00e1st is, melyet al\u00e1t\u00e1masztanak a Magyarorsz\u00e1g s\u00edkvid\u00e9ki ter\u00fclet\u00e9n a n\u00f6v\u00e9nyr\u0151l k\u00e9sz\u00fclt \u00e9s mell\u00e9kelt fot\u00f3k is.<\/p>\n<p>A kontinent\u00e1lis kl\u00edm\u00e1hoz val\u00f3 alkalmazkod\u00e1sa mellett megjelen\u00e9s\u00e9vel, hangulat\u00e1val \u00e9s gy\u00fcm\u00f6lcs\u00e9nek \u00edz\u00e9vel egzotikus hangulatot \u00e1raszt.<\/p>\n<h4><strong>Term\u00e9se:<\/strong><\/h4>\n<p>Az indi\u00e1n ban\u00e1n gy\u00fcm\u00f6lcse nagy, z\u00f6ld vagy s\u00e1rg\u00e1sbarna h\u00e9j\u00fa, \u00e9s bel\u00fcl s\u00e1rga vagy narancss\u00e1rga h\u00fas\u00fa, amely \u00e9des \u00e9s kr\u00e9mes \u00e1llag\u00fa.<\/p>\n<h4><strong>\u00c1pol\u00e1sa:<\/strong><\/h4>\n<p>Gondoskodni kell a megfelel\u0151 \u00f6nt\u00f6z\u00e9sr\u0151l, ami sz\u00e1raz id\u0151 eset\u00e9n 10-15 liter v\u00edz, heti 3 alkalommal! Az alapos \u00f6nt\u00f6z\u00e9s egyik felt\u00e9tele az \u00fcltet\u00e9skor megfelel\u0151en kialak\u00edtott t\u00e1ny\u00e9r!<\/p>\n<p>A n\u00f6v\u00e9ny gondoz\u00e1sa viszonylag egyszer\u0171, de fontos, hogy fiatal kor\u00e1ban \u00e1rny\u00e9koljuk, mivel \u00e9rz\u00e9keny az er\u0151s naps\u00fct\u00e9sre. Az indi\u00e1n ban\u00e1n j\u00f3l \u00e9rzi mag\u00e1t a magyar \u00e9ghajlaton is, \u00e9s b\u00e1rmelyik kertbe b\u00e1tran \u00fcltethet\u0151.<\/p>\n<p><strong>Talaj:<\/strong>\u00a0A pawpaw-nak a legjobb a m\u00e9ly, term\u00e9keny, nyirkos, de j\u00f3 v\u00edzelvezet\u00e9s\u0171 talaj, mely kiss\u00e9 savas (pH 5-7). Ker\u00fcli a neh\u00e9z, vizes, szikes-l\u00fagos talajt.<\/p>\n<p><strong>\u00d6nt\u00f6z\u00e9s:\u00a0<\/strong>A pawpaw-nak rendszeres \u00f6nt\u00f6z\u00e9sre van sz\u00fcks\u00e9ge a n\u00f6veked\u00e9si id\u0151szakban. A talajt nedvesen kell tartani, de ker\u00fclj\u00fck a pang\u00f3 vizet.<\/p>\n<p>&nbsp;<\/p>\n<p style=\"line-height: 18.0pt; background: white; margin: 0cm 0cm 15.0pt 0cm;\"><b><span style=\"font-family: 'Ubuntu',sans-serif; color: black;\">K\u00e9szlet\u00fcnk napi szinten v\u00e1ltozik, ez\u00e9rt k\u00e9rj\u00fck, \u00e9rdekl\u0151dj\u00f6n szem\u00e9lyesen, telefonon vagy email-en.<br \/>\nA v\u00e1ltoztat\u00e1s jog\u00e1t fenntartjuk!\u00a0<\/span><\/b><\/p>\n<p><a href=\"https:\/\/tajkertesz.com\/\">https:\/\/tajkertesz.com\/<\/a><\/p>\n<p><a href=\"https:\/\/www.facebook.com\/tajkertesz\/\">https:\/\/www.facebook.com\/tajkertesz\/<\/a><\/p>\n<p>Kisz\u00e1ll\u00edt\u00e1s: 200cm-ig \u00e9s 40 kg-ig a sz\u00e1ll\u00edt\u00e1s fut\u00e1rszolg\u00e1lattal t\u00f6rt\u00e9nik.<\/p>\n<p>Szem\u00e9lyes \u00e1tv\u00e9tel nyitvatart\u00e1si id\u0151ben a 17. ker\u00fclet Bakancsos utca 7. sz\u00e1m alatti Kert\u00e9szeti \u00e1rud\u00e1nkban.<\/p>\n<p><em><strong>Kert\u00e9p\u00edt\u0151k \u00e9s viszontelad\u00f3k regisztr\u00e1l\u00e1s ut\u00e1n egyedi kedvezm\u00e9nnyel v\u00e1s\u00e1rolhatnak kert\u00e9szeti kis-\u00e9s nagykeresked\u00e9s\u00fcnkben!<\/strong><\/em><\/p>\n<p>A logisztikai c\u00e9ggel t\u00f6rt\u00e9n\u0151 sz\u00e1ll\u00edt\u00e1s eset\u00e9n a partnereink\u00a0esetleges a\u00a0cs\u00fasz\u00e1sai\u00e9rt nem v\u00e1llalunk felel\u0151ss\u00e9get!<\/p>\n<p><strong>Az \u00e1rak egy darab term\u00e9kre vonatkoznak.<\/strong><\/p>\n<p><strong>J\u00f3 tudni!<\/strong><\/p>\n<p>K\u00e9pek-elt\u00e9r\u00e9sek:<\/p>\n<p>A n\u00f6v\u00e9nyekr\u0151l felt\u00f6lt\u00f6tt k\u00e9pek illusztr\u00e1ci\u00f3k. N\u00f6v\u00e9nyekn\u00e9l el\u0151fordulhatnak minim\u00e1lis elt\u00e9r\u00e9sek a k\u00e9peken szerepl\u0151 n\u00f6v\u00e9nyek \u00e9s az \u00e1tvett n\u00f6v\u00e9nyek k\u00f6z\u00f6tt, mivel minden n\u00f6v\u00e9ny egyedi.<\/p>\n<p>N\u00f6v\u00e9nyek sz\u00e1ll\u00edt\u00e1sa:<\/p>\n<p>A megrendelt n\u00f6v\u00e9nyeket igyeksz\u00fcnk a lehet\u0151 legbiztons\u00e1gosabban egyes\u00e9vel csomagolni, azonban a sz\u00e1ll\u00edt\u00e1s sor\u00e1n m\u00e9g ennek ellen\u00e9re is\u00a0bek\u00f6vetkezhetnek apr\u00f3bb s\u00e9r\u00fcl\u00e9sek (lev\u00e9l- vagy vir\u00e1ghull\u00e1s).<br \/>\nN\u00f6v\u00e9ny rendel\u00e9s eset\u00e9n k\u00e9rj\u00fck a k\u00e9zbes\u00edt\u00e9st k\u00f6vet\u0151en a lehet\u0151 leghamarabb bonts\u00e1k ki a csomagot.<\/p>\n<p>&nbsp;<\/p>","protected":false},"excerpt":{"rendered":"<p>Asimina triloba (Indi\u00e1n ban\u00e1n paw-paw)<\/p>\n<p>A pawpaw lombhullat\u00f3, \u00e1ltal\u00e1ban keskeny k\u00fap alak\u00fa koron\u00e1t nevel\u0151 3,5-6 m magasra n\u00f6v\u0151 gy\u00fcm\u00f6lcsterm\u0151 mediterr\u00e1n fa.<\/p>\n<p><strong>M\u00e9ret<\/strong>: 20-30 cm<\/p>\n<p><strong>Kisz\u00e1ll\u00edt\u00e1s<\/strong>: 4-7 munkanap<\/p>","protected":false},"featured_media":21328,"template":"","meta":{"_et_pb_use_builder":"","_et_pb_old_content":"","_et_gb_content_width":""},"product_brand":[],"product_cat":[5357],"product_tag":[5356,22,5355,5664],"class_list":{"0":"post-21325","1":"product","2":"type-product","3":"status-publish","4":"has-post-thumbnail","6":"product_cat-mediterran-gyumolcsuk","7":"product_tag-asimina","8":"product_tag-gyumolcs","9":"product_tag-indianbanan","10":"product_tag-pawpaw","12":"first","13":"outofstock","14":"shipping-taxable","15":"product-type-simple"},"yoast_head":"<!-- This site is optimized with the Yoast SEO plugin v27.5 - https:\/\/yoast.com\/product\/yoast-seo-wordpress\/ -->\n<title>Asimina triloba - Indi\u00e1nban\u00e1n - T\u00e1jkert\u00e9sz<\/title>\n<meta name=\"description\" content=\"Asimina triloba\/Indi\u00e1nban\u00e1n\/Pawpaw. A pawpaw lombhullat\u00f3, \u00e1ltal\u00e1ban keskeny k\u00fap alak\u00fa koron\u00e1t nevel\u0151 3,5-6 m magasra n\u00f6v\u0151 gy\u00fcm\u00f6lcsterm\u0151 fa.\" \/>\n<meta name=\"robots\" content=\"index, follow, max-snippet:-1, max-image-preview:large, max-video-preview:-1\" \/>\n<link rel=\"canonical\" href=\"https:\/\/tajkertesz.com\/en_US\/product\/asimina-triloba-indianbanan-pawpaw\/\" \/>\n<meta property=\"og:locale\" content=\"en_US\" \/>\n<meta property=\"og:type\" content=\"article\" \/>\n<meta property=\"og:title\" content=\"Asimina triloba\/Indi\u00e1nban\u00e1n\" \/>\n<meta property=\"og:description\" content=\"Asimina triloba\/Indi\u00e1nban\u00e1n\" \/>\n<meta property=\"og:url\" content=\"https:\/\/tajkertesz.com\/en_US\/product\/asimina-triloba-indianbanan-pawpaw\/\" \/>\n<meta property=\"og:site_name\" content=\"T\u00e1jkert\u00e9sz\" \/>\n<meta property=\"article:publisher\" content=\"https:\/\/www.facebook.com\/Tajkertesz\/\" \/>\n<meta property=\"article:modified_time\" content=\"2026-03-18T15:25:08+00:00\" \/>\n<meta property=\"og:image\" content=\"https:\/\/tajkertesz.com\/wp-content\/uploads\/2024\/10\/IMG_20180604_160138.jpg\" \/>\n\t<meta property=\"og:image:width\" content=\"1024\" \/>\n\t<meta property=\"og:image:height\" content=\"929\" \/>\n\t<meta property=\"og:image:type\" content=\"image\/jpeg\" \/>\n<meta name=\"twitter:card\" content=\"summary_large_image\" \/>\n<meta name=\"twitter:label1\" content=\"Est. reading time\" \/>\n\t<meta name=\"twitter:data1\" content=\"3 minutes\" \/>\n<script type=\"application\/ld+json\" class=\"yoast-schema-graph\">{\"@context\":\"https:\\\/\\\/schema.org\",\"@graph\":[{\"@type\":\"WebPage\",\"@id\":\"https:\\\/\\\/tajkertesz.com\\\/termek\\\/asimina-triloba-indianbanan-pawpaw\\\/\",\"url\":\"https:\\\/\\\/tajkertesz.com\\\/termek\\\/asimina-triloba-indianbanan-pawpaw\\\/\",\"name\":\"Asimina triloba - Indi\u00e1nban\u00e1n - T\u00e1jkert\u00e9sz\",\"isPartOf\":{\"@id\":\"https:\\\/\\\/tajkertesz.com\\\/#website\"},\"primaryImageOfPage\":{\"@id\":\"https:\\\/\\\/tajkertesz.com\\\/termek\\\/asimina-triloba-indianbanan-pawpaw\\\/#primaryimage\"},\"image\":{\"@id\":\"https:\\\/\\\/tajkertesz.com\\\/termek\\\/asimina-triloba-indianbanan-pawpaw\\\/#primaryimage\"},\"thumbnailUrl\":\"https:\\\/\\\/tajkertesz.com\\\/wp-content\\\/uploads\\\/2024\\\/10\\\/20241010_110505-1-scaled.jpg\",\"datePublished\":\"2024-10-10T10:52:56+00:00\",\"dateModified\":\"2026-03-18T15:25:08+00:00\",\"description\":\"Asimina triloba\\\/Indi\u00e1nban\u00e1n\\\/Pawpaw. A pawpaw lombhullat\u00f3, \u00e1ltal\u00e1ban keskeny k\u00fap alak\u00fa koron\u00e1t nevel\u0151 3,5-6 m magasra n\u00f6v\u0151 gy\u00fcm\u00f6lcsterm\u0151 fa.\",\"breadcrumb\":{\"@id\":\"https:\\\/\\\/tajkertesz.com\\\/termek\\\/asimina-triloba-indianbanan-pawpaw\\\/#breadcrumb\"},\"inLanguage\":\"en-US\",\"potentialAction\":[{\"@type\":\"ReadAction\",\"target\":[\"https:\\\/\\\/tajkertesz.com\\\/termek\\\/asimina-triloba-indianbanan-pawpaw\\\/\"]}]},{\"@type\":\"ImageObject\",\"inLanguage\":\"en-US\",\"@id\":\"https:\\\/\\\/tajkertesz.com\\\/termek\\\/asimina-triloba-indianbanan-pawpaw\\\/#primaryimage\",\"url\":\"https:\\\/\\\/tajkertesz.com\\\/wp-content\\\/uploads\\\/2024\\\/10\\\/20241010_110505-1-scaled.jpg\",\"contentUrl\":\"https:\\\/\\\/tajkertesz.com\\\/wp-content\\\/uploads\\\/2024\\\/10\\\/20241010_110505-1-scaled.jpg\",\"width\":1154,\"height\":2560,\"caption\":\"Asimina triloba\\\/Indi\u00e1nban\u00e1n\\\/Pawpaw\"},{\"@type\":\"BreadcrumbList\",\"@id\":\"https:\\\/\\\/tajkertesz.com\\\/termek\\\/asimina-triloba-indianbanan-pawpaw\\\/#breadcrumb\",\"itemListElement\":[{\"@type\":\"ListItem\",\"position\":1,\"name\":\"Home\",\"item\":\"https:\\\/\\\/tajkertesz.com\\\/\"},{\"@type\":\"ListItem\",\"position\":2,\"name\":\"Kezd\u0151lap\",\"item\":\"https:\\\/\\\/tajkertesz.com\\\/\"},{\"@type\":\"ListItem\",\"position\":3,\"name\":\"Asimina triloba &#8211; Indi\u00e1nban\u00e1n\"}]},{\"@type\":\"WebSite\",\"@id\":\"https:\\\/\\\/tajkertesz.com\\\/#website\",\"url\":\"https:\\\/\\\/tajkertesz.com\\\/\",\"name\":\"T\u00e1j-Kert\u00e9sz 84 Kft.\",\"description\":\"Kert\u00e9szeti kis- \u00e9s nagykeresked\u00e9s, D\u00edszn\u00f6v\u00e9ny web\u00e1ruh\u00e1z orsz\u00e1gos h\u00e1zhozsz\u00e1ll\u00edt\u00e1ssal!\",\"publisher\":{\"@id\":\"https:\\\/\\\/tajkertesz.com\\\/#organization\"},\"potentialAction\":[{\"@type\":\"SearchAction\",\"target\":{\"@type\":\"EntryPoint\",\"urlTemplate\":\"https:\\\/\\\/tajkertesz.com\\\/?s={search_term_string}\"},\"query-input\":{\"@type\":\"PropertyValueSpecification\",\"valueRequired\":true,\"valueName\":\"search_term_string\"}}],\"inLanguage\":\"en-US\"},{\"@type\":\"Organization\",\"@id\":\"https:\\\/\\\/tajkertesz.com\\\/#organization\",\"name\":\"T\u00e1j-Kert\u00e9sz 84 Kft.\",\"url\":\"https:\\\/\\\/tajkertesz.com\\\/\",\"logo\":{\"@type\":\"ImageObject\",\"inLanguage\":\"en-US\",\"@id\":\"https:\\\/\\\/tajkertesz.com\\\/#\\\/schema\\\/logo\\\/image\\\/\",\"url\":\"https:\\\/\\\/tajkertesz.com\\\/wp-content\\\/uploads\\\/2018\\\/02\\\/logo-2-e1518678052539.png\",\"contentUrl\":\"https:\\\/\\\/tajkertesz.com\\\/wp-content\\\/uploads\\\/2018\\\/02\\\/logo-2-e1518678052539.png\",\"width\":81,\"height\":140,\"caption\":\"T\u00e1j-Kert\u00e9sz 84 Kft.\"},\"image\":{\"@id\":\"https:\\\/\\\/tajkertesz.com\\\/#\\\/schema\\\/logo\\\/image\\\/\"},\"sameAs\":[\"https:\\\/\\\/www.facebook.com\\\/Tajkertesz\\\/\"]}]}<\/script>\n<!-- \/ Yoast SEO plugin. -->","yoast_head_json":{"title":"Asimina triloba - Indi\u00e1nban\u00e1n - T\u00e1jkert\u00e9sz","description":"Asimina triloba\/Indi\u00e1nban\u00e1n\/Pawpaw. A pawpaw lombhullat\u00f3, \u00e1ltal\u00e1ban keskeny k\u00fap alak\u00fa koron\u00e1t nevel\u0151 3,5-6 m magasra n\u00f6v\u0151 gy\u00fcm\u00f6lcsterm\u0151 fa.","robots":{"index":"index","follow":"follow","max-snippet":"max-snippet:-1","max-image-preview":"max-image-preview:large","max-video-preview":"max-video-preview:-1"},"canonical":"https:\/\/tajkertesz.com\/en_US\/product\/asimina-triloba-indianbanan-pawpaw\/","og_locale":"en_US","og_type":"article","og_title":"Asimina triloba\/Indi\u00e1nban\u00e1n","og_description":"Asimina triloba\/Indi\u00e1nban\u00e1n","og_url":"https:\/\/tajkertesz.com\/en_US\/product\/asimina-triloba-indianbanan-pawpaw\/","og_site_name":"T\u00e1jkert\u00e9sz","article_publisher":"https:\/\/www.facebook.com\/Tajkertesz\/","article_modified_time":"2026-03-18T15:25:08+00:00","og_image":[{"width":1024,"height":929,"url":"https:\/\/tajkertesz.com\/wp-content\/uploads\/2024\/10\/IMG_20180604_160138.jpg","type":"image\/jpeg"}],"twitter_card":"summary_large_image","twitter_misc":{"Est. reading time":"3 minutes"},"schema":{"@context":"https:\/\/schema.org","@graph":[{"@type":"WebPage","@id":"https:\/\/tajkertesz.com\/termek\/asimina-triloba-indianbanan-pawpaw\/","url":"https:\/\/tajkertesz.com\/termek\/asimina-triloba-indianbanan-pawpaw\/","name":"Asimina triloba - Indi\u00e1nban\u00e1n - T\u00e1jkert\u00e9sz","isPartOf":{"@id":"https:\/\/tajkertesz.com\/#website"},"primaryImageOfPage":{"@id":"https:\/\/tajkertesz.com\/termek\/asimina-triloba-indianbanan-pawpaw\/#primaryimage"},"image":{"@id":"https:\/\/tajkertesz.com\/termek\/asimina-triloba-indianbanan-pawpaw\/#primaryimage"},"thumbnailUrl":"https:\/\/tajkertesz.com\/wp-content\/uploads\/2024\/10\/20241010_110505-1-scaled.jpg","datePublished":"2024-10-10T10:52:56+00:00","dateModified":"2026-03-18T15:25:08+00:00","description":"Asimina triloba\/Indi\u00e1nban\u00e1n\/Pawpaw. A pawpaw lombhullat\u00f3, \u00e1ltal\u00e1ban keskeny k\u00fap alak\u00fa koron\u00e1t nevel\u0151 3,5-6 m magasra n\u00f6v\u0151 gy\u00fcm\u00f6lcsterm\u0151 fa.","breadcrumb":{"@id":"https:\/\/tajkertesz.com\/termek\/asimina-triloba-indianbanan-pawpaw\/#breadcrumb"},"inLanguage":"en-US","potentialAction":[{"@type":"ReadAction","target":["https:\/\/tajkertesz.com\/termek\/asimina-triloba-indianbanan-pawpaw\/"]}]},{"@type":"ImageObject","inLanguage":"en-US","@id":"https:\/\/tajkertesz.com\/termek\/asimina-triloba-indianbanan-pawpaw\/#primaryimage","url":"https:\/\/tajkertesz.com\/wp-content\/uploads\/2024\/10\/20241010_110505-1-scaled.jpg","contentUrl":"https:\/\/tajkertesz.com\/wp-content\/uploads\/2024\/10\/20241010_110505-1-scaled.jpg","width":1154,"height":2560,"caption":"Asimina triloba\/Indi\u00e1nban\u00e1n\/Pawpaw"},{"@type":"BreadcrumbList","@id":"https:\/\/tajkertesz.com\/termek\/asimina-triloba-indianbanan-pawpaw\/#breadcrumb","itemListElement":[{"@type":"ListItem","position":1,"name":"Home","item":"https:\/\/tajkertesz.com\/"},{"@type":"ListItem","position":2,"name":"Kezd\u0151lap","item":"https:\/\/tajkertesz.com\/"},{"@type":"ListItem","position":3,"name":"Asimina triloba &#8211; Indi\u00e1nban\u00e1n"}]},{"@type":"WebSite","@id":"https:\/\/tajkertesz.com\/#website","url":"https:\/\/tajkertesz.com\/","name":"T\u00e1j-Kert\u00e9sz 84 Kft.","description":"Kert\u00e9szeti kis- \u00e9s nagykeresked\u00e9s, D\u00edszn\u00f6v\u00e9ny web\u00e1ruh\u00e1z orsz\u00e1gos h\u00e1zhozsz\u00e1ll\u00edt\u00e1ssal!","publisher":{"@id":"https:\/\/tajkertesz.com\/#organization"},"potentialAction":[{"@type":"SearchAction","target":{"@type":"EntryPoint","urlTemplate":"https:\/\/tajkertesz.com\/?s={search_term_string}"},"query-input":{"@type":"PropertyValueSpecification","valueRequired":true,"valueName":"search_term_string"}}],"inLanguage":"en-US"},{"@type":"Organization","@id":"https:\/\/tajkertesz.com\/#organization","name":"T\u00e1j-Kert\u00e9sz 84 Kft.","url":"https:\/\/tajkertesz.com\/","logo":{"@type":"ImageObject","inLanguage":"en-US","@id":"https:\/\/tajkertesz.com\/#\/schema\/logo\/image\/","url":"https:\/\/tajkertesz.com\/wp-content\/uploads\/2018\/02\/logo-2-e1518678052539.png","contentUrl":"https:\/\/tajkertesz.com\/wp-content\/uploads\/2018\/02\/logo-2-e1518678052539.png","width":81,"height":140,"caption":"T\u00e1j-Kert\u00e9sz 84 Kft."},"image":{"@id":"https:\/\/tajkertesz.com\/#\/schema\/logo\/image\/"},"sameAs":["https:\/\/www.facebook.com\/Tajkertesz\/"]}]}},"_links":{"self":[{"href":"https:\/\/tajkertesz.com\/en_US\/wp-json\/wp\/v2\/product\/21325","targetHints":{"allow":["GET"]}}],"collection":[{"href":"https:\/\/tajkertesz.com\/en_US\/wp-json\/wp\/v2\/product"}],"about":[{"href":"https:\/\/tajkertesz.com\/en_US\/wp-json\/wp\/v2\/types\/product"}],"wp:featuredmedia":[{"embeddable":true,"href":"https:\/\/tajkertesz.com\/en_US\/wp-json\/wp\/v2\/media\/21328"}],"wp:attachment":[{"href":"https:\/\/tajkertesz.com\/en_US\/wp-json\/wp\/v2\/media?parent=21325"}],"wp:term":[{"taxonomy":"product_brand","embeddable":true,"href":"https:\/\/tajkertesz.com\/en_US\/wp-json\/wp\/v2\/product_brand?post=21325"},{"taxonomy":"product_cat","embeddable":true,"href":"https:\/\/tajkertesz.com\/en_US\/wp-json\/wp\/v2\/product_cat?post=21325"},{"taxonomy":"product_tag","embeddable":true,"href":"https:\/\/tajkertesz.com\/en_US\/wp-json\/wp\/v2\/product_tag?post=21325"}],"curies":[{"name":"wp","href":"https:\/\/api.w.org\/{rel}","templated":true}]}}