{"id":21336,"date":"2024-10-12T09:55:07","date_gmt":"2024-10-12T09:55:07","guid":{"rendered":"https:\/\/tajkertesz.com\/?post_type=product&#038;p=21336"},"modified":"2026-02-12T15:09:05","modified_gmt":"2026-02-12T15:09:05","slug":"abelia-x-grandiflora-nagyviragu-tarnicslonc","status":"publish","type":"product","link":"https:\/\/tajkertesz.com\/en_US\/product\/abelia-x-grandiflora-nagyviragu-tarnicslonc\/","title":{"rendered":"Abelia x grandiflora &#8211; Nagyvir\u00e1g\u00fa t\u00e1rnicslonc"},"content":{"rendered":"<h3>Abelia x grandiflora &#8211; Nagyvir\u00e1g\u00fa t\u00e1rnicslonc<\/h3>\n<p>Az Abelia x grandiflora &#8211; Nagyvir\u00e1g\u00fa t\u00e1rnicslonc egy hibrid eredet\u0171, f\u00e9l\u00f6r\u00f6kz\u00f6ld cserje, amely rendk\u00edv\u00fcl dekorat\u00edv megjelen\u00e9s\u00e9vel \u00e9s hosszan tart\u00f3 vir\u00e1gz\u00e1s\u00e1val t\u0171nik ki. \u00cdvesen lehajl\u00f3 \u00e1grendszer\u0171, kompakt habitus\u00fa n\u00f6v\u00e9ny, amely 1,5-2 m\u00e9ter magasra n\u0151 meg.<\/p>\n<h2>Abelia x grandiflora jellemz\u0151i<\/h2>\n<p>Lombozat: Levelei ov\u00e1lisak, s\u00f6t\u00e9tz\u00f6ldek \u00e9s f\u00e9nyesek, \u0151sszel gyakran bronzos vagy b\u00edboros \u00e1rnyalatot \u00f6ltenek. L\u00e9teznek tarka level\u0171 v\u00e1ltozatai is, mint p\u00e9ld\u00e1ul a \u2018Kaleidoscope\u2019, amely k\u00fcl\u00f6nleges sz\u00ednfoltot ad a kertnek.<\/p>\n<p>Vir\u00e1gz\u00e1s: A nagyvir\u00e1g\u00fa t\u00e1rnicslonc k\u00fcl\u00f6nleges \u00e9rt\u00e9k\u00e9t a ny\u00e1r v\u00e9g\u00e9n \u00e9s \u0151sszel ny\u00edl\u00f3, halv\u00e1ny r\u00f3zsasz\u00edn vagy feh\u00e9r, t\u00f6lcs\u00e9res vir\u00e1gai adj\u00e1k, amelyek enyh\u00e9n \u00e9des illatot \u00e1rasztanak. A vir\u00e1gz\u00e1s j\u00faliust\u00f3l eg\u00e9szen okt\u00f3berig tart, \u00edgy hossz\u00fa ideig d\u00edsz\u00edti a kertet.<\/p>\n<h3>A nagyvir\u00e1g\u00fa t\u00e1rnicslonc gondoz\u00e1sa<\/h3>\n<p>F\u00e9nyig\u00e9ny: Napos vagy f\u00e9l\u00e1rny\u00e9kos helyet kedvel.<br \/>\nTalaj: J\u00f3 v\u00edzelvezet\u00e9s\u0171, t\u00e1panyagban gazdag talajban fejl\u0151dik a legszebben. A talaj legyen enyh\u00e9n savany\u00fa vagy semleges.<br \/>\n\u00d6nt\u00f6z\u00e9s: K\u00f6zepes v\u00edzig\u00e9ny\u0171, a talajt folyamatosan enyh\u00e9n nyirkosan kell tartani.<br \/>\nMetsz\u00e9s: Tavasszal \u00e9rdemes visszametszeni a s\u00e9r\u00fclt vagy elhalt \u00e1gakat. 3-4 \u00e9vente er\u0151s metsz\u00e9ssel fiatal\u00edthat\u00f3.<br \/>\nFagy\u00e9rz\u00e9kenys\u00e9g: N\u00e9mileg fagy\u00e9rz\u00e9keny, ez\u00e9rt olyan helyre \u00fcltess\u00fck, ahol a t\u00e9li fagyos szelekt\u0151l v\u00e9dve van. T\u00e9len el\u0151fordulhat, hogy visszafagy, de tavasszal t\u0151b\u0151l \u00fajra kihajt.<\/p>\n<p>Szapor\u00edt\u00e1s: Z\u00f6lddugv\u00e1nnyal kora ny\u00e1ron, illetve f\u00e9lf\u00e1s dugv\u00e1nnyal a k\u00e9s\u0151 ny\u00e1r folyam\u00e1n szapor\u00edthat\u00f3.<\/p>\n<p>Ez a cserje kiv\u00e1l\u00f3 v\u00e1laszt\u00e1s el\u0151kertekbe, ny\u00edratlan s\u00f6v\u00e9nynek, vagy ak\u00e1r szoliter n\u00f6v\u00e9nyk\u00e9nt is.<\/p>\n<p><strong>K\u00e9szlet\u00fcnk napi szinten v\u00e1ltozik, ez\u00e9rt k\u00e9rj\u00fck, \u00e9rdekl\u0151dj\u00f6n szem\u00e9lyesen, telefonon vagy email-en.<br \/>\nA v\u00e1ltoztat\u00e1s jog\u00e1t fenntartjuk!\u00a0<\/strong><\/p>\n<p><a href=\"https:\/\/tajkertesz.com\/\">https:\/\/tajkertesz.com\/<\/a><\/p>\n<p><a href=\"https:\/\/www.facebook.com\/tajkertesz\/\">https:\/\/www.facebook.com\/tajkertesz\/<\/a><\/p>\n<p>Kisz\u00e1ll\u00edt\u00e1s: 200cm-ig \u00e9s 40 kg-ig a sz\u00e1ll\u00edt\u00e1s fut\u00e1rszolg\u00e1lattal t\u00f6rt\u00e9nik.<\/p>\n<p>Szem\u00e9lyes \u00e1tv\u00e9tel nyitvatart\u00e1si id\u0151ben a 17. ker\u00fclet Bakancsos utca 7. sz\u00e1m alatti Kert\u00e9szeti \u00e1rud\u00e1nkban.<\/p>\n<p>A n\u00f6v\u00e9nyekr\u0151l felt\u00f6lt\u00f6tt k\u00e9pek illusztr\u00e1ci\u00f3k. N\u00f6v\u00e9nyekn\u00e9l el\u0151fordulhatnak minim\u00e1lis elt\u00e9r\u00e9sek a k\u00e9peken szerepl\u0151 n\u00f6v\u00e9nyek \u00e9s az \u00e1tvett n\u00f6v\u00e9nyek k\u00f6z\u00f6tt, mivel minden n\u00f6v\u00e9ny egyedi.<\/p>\n<p>N\u00f6v\u00e9nyek sz\u00e1ll\u00edt\u00e1sa:<\/p>\n<p>A megrendelt n\u00f6v\u00e9nyeket igyeksz\u00fcnk a lehet\u0151 legbiztons\u00e1gosabban csomagolni, azonban a sz\u00e1ll\u00edt\u00e1s sor\u00e1n m\u00e9g ennek ellen\u00e9re is bek\u00f6vetkezhetnek apr\u00f3bb s\u00e9r\u00fcl\u00e9sek (lev\u00e9l- vagy vir\u00e1ghull\u00e1s).<br \/>\nN\u00f6v\u00e9nyrendel\u00e9s eset\u00e9n, k\u00e9rj\u00fck a lehet\u0151 leghamarabb bonts\u00e1k ki a csomagot.<\/p>\n<p>Abban az esetben, ha a megrendelt n\u00f6v\u00e9ny\u00a0a sz\u00e1ll\u00edt\u00e1st k\u00f6vet\u0151en\u00a0nem megfelel\u0151 gondoz\u00e1sban r\u00e9szes\u00fcl \u00e9s ebb\u0151l kifoly\u00f3lag\u00a0k\u00e1rosodik,\u00a0elpusztul, felel\u0151ss\u00e9get sajnos nem tudunk v\u00e1llalni.<\/p>\n<p>V\u00e1s\u00e1rl\u00e1st\u00f3l val\u00f3 el\u00e1ll\u00e1s \u00e9l\u0151 n\u00f6v\u00e9ny v\u00e1s\u00e1rl\u00e1sa eset\u00e9n:<\/p>\n<p>Az \u00e1ltal\u00e1nos 14 napos el\u00e1ll\u00e1s lehet\u0151s\u00e9ge \u00e9l\u0151 n\u00f6v\u00e9nyekre nem vonatkozik. V\u00e1s\u00e1rl\u00e1st\u00f3l val\u00f3 el\u00e1ll\u00e1sra, visszak\u00fcld\u00e9sre nincs lehet\u0151s\u00e9g.\u00a0(17\/1999. (II. 5.) Korm. rendelet 5c pontja)<\/p>\n<p><strong>K\u00e9rj\u00fck fentiek figyelembev\u00e9tel\u00e9t n\u00f6v\u00e9ny rendel\u00e9se sor\u00e1n!<\/strong><\/p>","protected":false},"excerpt":{"rendered":"<p>1,5-2 m magas f\u00e9l\u00f6r\u00f6kz\u00f6ld cserje. \u00cdvesen sz\u00e9thajl\u00f3 \u00e1grendszer\u0171, rendk\u00edv\u00fcl l\u00e1tv\u00e1nyos melyet \u00e9lm\u00e9nyt illatos vir\u00e1gai tov\u00e1bb emelnek.<\/p>","protected":false},"featured_media":21337,"template":"","meta":{"_et_pb_use_builder":"","_et_pb_old_content":"","_et_gb_content_width":""},"product_brand":[],"product_cat":[27],"product_tag":[223,224,5358],"class_list":{"0":"post-21336","1":"product","2":"type-product","3":"status-publish","4":"has-post-thumbnail","6":"product_cat-cserjek","7":"product_tag-abelia-grandiflora","8":"product_tag-nagyviragu-tarnicslonc","9":"product_tag-tarnicslonc","11":"first","12":"outofstock","13":"shipping-taxable","14":"purchasable","15":"product-type-simple"},"yoast_head":"<!-- This site is optimized with the Yoast SEO plugin v27.3 - https:\/\/yoast.com\/product\/yoast-seo-wordpress\/ -->\n<title>Abelia x grandiflora - Nagyvir\u00e1g\u00fa t\u00e1rnicslonc - T\u00e1jkert\u00e9sz<\/title>\n<meta name=\"description\" content=\"Abelia x grandiflora-Nagyvir\u00e1g\u00fa t\u00e1rnicslonc. 1,5-2 m magas f\u00e9l\u00f6r\u00f6kz\u00f6ld cserje. \u00cdvesen sz\u00e9thajl\u00f3 \u00e1grendszer\u0171, rendk\u00edv\u00fcl l\u00e1tv\u00e1nyos melyet \u00e9lm\u00e9nyt illatos...\" \/>\n<meta name=\"robots\" content=\"index, follow, max-snippet:-1, max-image-preview:large, max-video-preview:-1\" \/>\n<link rel=\"canonical\" href=\"https:\/\/tajkertesz.com\/en_US\/product\/abelia-x-grandiflora-nagyviragu-tarnicslonc\/\" \/>\n<meta property=\"og:locale\" content=\"en_US\" \/>\n<meta property=\"og:type\" content=\"article\" \/>\n<meta property=\"og:title\" content=\"Abelia x grandiflora - Nagyvir\u00e1g\u00fa t\u00e1rnicslonc - T\u00e1jkert\u00e9sz\" \/>\n<meta property=\"og:description\" content=\"Abelia x grandiflora-Nagyvir\u00e1g\u00fa t\u00e1rnicslonc. 1,5-2 m magas f\u00e9l\u00f6r\u00f6kz\u00f6ld cserje. \u00cdvesen sz\u00e9thajl\u00f3 \u00e1grendszer\u0171, rendk\u00edv\u00fcl l\u00e1tv\u00e1nyos melyet \u00e9lm\u00e9nyt illatos...\" \/>\n<meta property=\"og:url\" content=\"https:\/\/tajkertesz.com\/en_US\/product\/abelia-x-grandiflora-nagyviragu-tarnicslonc\/\" \/>\n<meta property=\"og:site_name\" content=\"T\u00e1jkert\u00e9sz\" \/>\n<meta property=\"article:publisher\" content=\"https:\/\/www.facebook.com\/Tajkertesz\/\" \/>\n<meta property=\"article:modified_time\" content=\"2026-02-12T15:09:05+00:00\" \/>\n<meta property=\"og:image\" content=\"https:\/\/tajkertesz.com\/wp-content\/uploads\/2020\/02\/20241010_141743-1-scaled.jpg\" \/>\n\t<meta property=\"og:image:width\" content=\"1154\" \/>\n\t<meta property=\"og:image:height\" content=\"2560\" \/>\n\t<meta property=\"og:image:type\" content=\"image\/jpeg\" \/>\n<meta name=\"twitter:card\" content=\"summary_large_image\" \/>\n<meta name=\"twitter:label1\" content=\"Est. reading time\" \/>\n\t<meta name=\"twitter:data1\" content=\"3 minutes\" \/>\n<script type=\"application\/ld+json\" class=\"yoast-schema-graph\">{\"@context\":\"https:\\\/\\\/schema.org\",\"@graph\":[{\"@type\":\"WebPage\",\"@id\":\"https:\\\/\\\/tajkertesz.com\\\/termek\\\/abelia-x-grandiflora-nagyviragu-tarnicslonc\\\/\",\"url\":\"https:\\\/\\\/tajkertesz.com\\\/termek\\\/abelia-x-grandiflora-nagyviragu-tarnicslonc\\\/\",\"name\":\"Abelia x grandiflora - Nagyvir\u00e1g\u00fa t\u00e1rnicslonc - T\u00e1jkert\u00e9sz\",\"isPartOf\":{\"@id\":\"https:\\\/\\\/tajkertesz.com\\\/#website\"},\"primaryImageOfPage\":{\"@id\":\"https:\\\/\\\/tajkertesz.com\\\/termek\\\/abelia-x-grandiflora-nagyviragu-tarnicslonc\\\/#primaryimage\"},\"image\":{\"@id\":\"https:\\\/\\\/tajkertesz.com\\\/termek\\\/abelia-x-grandiflora-nagyviragu-tarnicslonc\\\/#primaryimage\"},\"thumbnailUrl\":\"https:\\\/\\\/tajkertesz.com\\\/wp-content\\\/uploads\\\/2020\\\/02\\\/20241010_141743-1-scaled.jpg\",\"datePublished\":\"2024-10-12T09:55:07+00:00\",\"dateModified\":\"2026-02-12T15:09:05+00:00\",\"description\":\"Abelia x grandiflora-Nagyvir\u00e1g\u00fa t\u00e1rnicslonc. 1,5-2 m magas f\u00e9l\u00f6r\u00f6kz\u00f6ld cserje. \u00cdvesen sz\u00e9thajl\u00f3 \u00e1grendszer\u0171, rendk\u00edv\u00fcl l\u00e1tv\u00e1nyos melyet \u00e9lm\u00e9nyt illatos...\",\"breadcrumb\":{\"@id\":\"https:\\\/\\\/tajkertesz.com\\\/termek\\\/abelia-x-grandiflora-nagyviragu-tarnicslonc\\\/#breadcrumb\"},\"inLanguage\":\"en-US\",\"potentialAction\":[{\"@type\":\"ReadAction\",\"target\":[\"https:\\\/\\\/tajkertesz.com\\\/termek\\\/abelia-x-grandiflora-nagyviragu-tarnicslonc\\\/\"]}]},{\"@type\":\"ImageObject\",\"inLanguage\":\"en-US\",\"@id\":\"https:\\\/\\\/tajkertesz.com\\\/termek\\\/abelia-x-grandiflora-nagyviragu-tarnicslonc\\\/#primaryimage\",\"url\":\"https:\\\/\\\/tajkertesz.com\\\/wp-content\\\/uploads\\\/2020\\\/02\\\/20241010_141743-1-scaled.jpg\",\"contentUrl\":\"https:\\\/\\\/tajkertesz.com\\\/wp-content\\\/uploads\\\/2020\\\/02\\\/20241010_141743-1-scaled.jpg\",\"width\":1154,\"height\":2560,\"caption\":\"Abelia x grandiflora - Nagyvir\u00e1g\u00fa t\u00e1rnicslonc\"},{\"@type\":\"BreadcrumbList\",\"@id\":\"https:\\\/\\\/tajkertesz.com\\\/termek\\\/abelia-x-grandiflora-nagyviragu-tarnicslonc\\\/#breadcrumb\",\"itemListElement\":[{\"@type\":\"ListItem\",\"position\":1,\"name\":\"Home\",\"item\":\"https:\\\/\\\/tajkertesz.com\\\/\"},{\"@type\":\"ListItem\",\"position\":2,\"name\":\"Kezd\u0151lap\",\"item\":\"https:\\\/\\\/tajkertesz.com\\\/\"},{\"@type\":\"ListItem\",\"position\":3,\"name\":\"Abelia x grandiflora &#8211; Nagyvir\u00e1g\u00fa t\u00e1rnicslonc\"}]},{\"@type\":\"WebSite\",\"@id\":\"https:\\\/\\\/tajkertesz.com\\\/#website\",\"url\":\"https:\\\/\\\/tajkertesz.com\\\/\",\"name\":\"T\u00e1j-Kert\u00e9sz 84 Kft.\",\"description\":\"Kert\u00e9szeti kis- \u00e9s nagykeresked\u00e9s, D\u00edszn\u00f6v\u00e9ny web\u00e1ruh\u00e1z orsz\u00e1gos h\u00e1zhozsz\u00e1ll\u00edt\u00e1ssal!\",\"publisher\":{\"@id\":\"https:\\\/\\\/tajkertesz.com\\\/#organization\"},\"potentialAction\":[{\"@type\":\"SearchAction\",\"target\":{\"@type\":\"EntryPoint\",\"urlTemplate\":\"https:\\\/\\\/tajkertesz.com\\\/?s={search_term_string}\"},\"query-input\":{\"@type\":\"PropertyValueSpecification\",\"valueRequired\":true,\"valueName\":\"search_term_string\"}}],\"inLanguage\":\"en-US\"},{\"@type\":\"Organization\",\"@id\":\"https:\\\/\\\/tajkertesz.com\\\/#organization\",\"name\":\"T\u00e1j-Kert\u00e9sz 84 Kft.\",\"url\":\"https:\\\/\\\/tajkertesz.com\\\/\",\"logo\":{\"@type\":\"ImageObject\",\"inLanguage\":\"en-US\",\"@id\":\"https:\\\/\\\/tajkertesz.com\\\/#\\\/schema\\\/logo\\\/image\\\/\",\"url\":\"https:\\\/\\\/tajkertesz.com\\\/wp-content\\\/uploads\\\/2018\\\/02\\\/logo-2-e1518678052539.png\",\"contentUrl\":\"https:\\\/\\\/tajkertesz.com\\\/wp-content\\\/uploads\\\/2018\\\/02\\\/logo-2-e1518678052539.png\",\"width\":81,\"height\":140,\"caption\":\"T\u00e1j-Kert\u00e9sz 84 Kft.\"},\"image\":{\"@id\":\"https:\\\/\\\/tajkertesz.com\\\/#\\\/schema\\\/logo\\\/image\\\/\"},\"sameAs\":[\"https:\\\/\\\/www.facebook.com\\\/Tajkertesz\\\/\"]}]}<\/script>\n<!-- \/ Yoast SEO plugin. -->","yoast_head_json":{"title":"Abelia x grandiflora - Nagyvir\u00e1g\u00fa t\u00e1rnicslonc - T\u00e1jkert\u00e9sz","description":"Abelia x grandiflora-Nagyvir\u00e1g\u00fa t\u00e1rnicslonc. 1,5-2 m magas f\u00e9l\u00f6r\u00f6kz\u00f6ld cserje. \u00cdvesen sz\u00e9thajl\u00f3 \u00e1grendszer\u0171, rendk\u00edv\u00fcl l\u00e1tv\u00e1nyos melyet \u00e9lm\u00e9nyt illatos...","robots":{"index":"index","follow":"follow","max-snippet":"max-snippet:-1","max-image-preview":"max-image-preview:large","max-video-preview":"max-video-preview:-1"},"canonical":"https:\/\/tajkertesz.com\/en_US\/product\/abelia-x-grandiflora-nagyviragu-tarnicslonc\/","og_locale":"en_US","og_type":"article","og_title":"Abelia x grandiflora - Nagyvir\u00e1g\u00fa t\u00e1rnicslonc - T\u00e1jkert\u00e9sz","og_description":"Abelia x grandiflora-Nagyvir\u00e1g\u00fa t\u00e1rnicslonc. 1,5-2 m magas f\u00e9l\u00f6r\u00f6kz\u00f6ld cserje. \u00cdvesen sz\u00e9thajl\u00f3 \u00e1grendszer\u0171, rendk\u00edv\u00fcl l\u00e1tv\u00e1nyos melyet \u00e9lm\u00e9nyt illatos...","og_url":"https:\/\/tajkertesz.com\/en_US\/product\/abelia-x-grandiflora-nagyviragu-tarnicslonc\/","og_site_name":"T\u00e1jkert\u00e9sz","article_publisher":"https:\/\/www.facebook.com\/Tajkertesz\/","article_modified_time":"2026-02-12T15:09:05+00:00","og_image":[{"width":1154,"height":2560,"url":"https:\/\/tajkertesz.com\/wp-content\/uploads\/2020\/02\/20241010_141743-1-scaled.jpg","type":"image\/jpeg"}],"twitter_card":"summary_large_image","twitter_misc":{"Est. reading time":"3 minutes"},"schema":{"@context":"https:\/\/schema.org","@graph":[{"@type":"WebPage","@id":"https:\/\/tajkertesz.com\/termek\/abelia-x-grandiflora-nagyviragu-tarnicslonc\/","url":"https:\/\/tajkertesz.com\/termek\/abelia-x-grandiflora-nagyviragu-tarnicslonc\/","name":"Abelia x grandiflora - Nagyvir\u00e1g\u00fa t\u00e1rnicslonc - T\u00e1jkert\u00e9sz","isPartOf":{"@id":"https:\/\/tajkertesz.com\/#website"},"primaryImageOfPage":{"@id":"https:\/\/tajkertesz.com\/termek\/abelia-x-grandiflora-nagyviragu-tarnicslonc\/#primaryimage"},"image":{"@id":"https:\/\/tajkertesz.com\/termek\/abelia-x-grandiflora-nagyviragu-tarnicslonc\/#primaryimage"},"thumbnailUrl":"https:\/\/tajkertesz.com\/wp-content\/uploads\/2020\/02\/20241010_141743-1-scaled.jpg","datePublished":"2024-10-12T09:55:07+00:00","dateModified":"2026-02-12T15:09:05+00:00","description":"Abelia x grandiflora-Nagyvir\u00e1g\u00fa t\u00e1rnicslonc. 1,5-2 m magas f\u00e9l\u00f6r\u00f6kz\u00f6ld cserje. \u00cdvesen sz\u00e9thajl\u00f3 \u00e1grendszer\u0171, rendk\u00edv\u00fcl l\u00e1tv\u00e1nyos melyet \u00e9lm\u00e9nyt illatos...","breadcrumb":{"@id":"https:\/\/tajkertesz.com\/termek\/abelia-x-grandiflora-nagyviragu-tarnicslonc\/#breadcrumb"},"inLanguage":"en-US","potentialAction":[{"@type":"ReadAction","target":["https:\/\/tajkertesz.com\/termek\/abelia-x-grandiflora-nagyviragu-tarnicslonc\/"]}]},{"@type":"ImageObject","inLanguage":"en-US","@id":"https:\/\/tajkertesz.com\/termek\/abelia-x-grandiflora-nagyviragu-tarnicslonc\/#primaryimage","url":"https:\/\/tajkertesz.com\/wp-content\/uploads\/2020\/02\/20241010_141743-1-scaled.jpg","contentUrl":"https:\/\/tajkertesz.com\/wp-content\/uploads\/2020\/02\/20241010_141743-1-scaled.jpg","width":1154,"height":2560,"caption":"Abelia x grandiflora - Nagyvir\u00e1g\u00fa t\u00e1rnicslonc"},{"@type":"BreadcrumbList","@id":"https:\/\/tajkertesz.com\/termek\/abelia-x-grandiflora-nagyviragu-tarnicslonc\/#breadcrumb","itemListElement":[{"@type":"ListItem","position":1,"name":"Home","item":"https:\/\/tajkertesz.com\/"},{"@type":"ListItem","position":2,"name":"Kezd\u0151lap","item":"https:\/\/tajkertesz.com\/"},{"@type":"ListItem","position":3,"name":"Abelia x grandiflora &#8211; Nagyvir\u00e1g\u00fa t\u00e1rnicslonc"}]},{"@type":"WebSite","@id":"https:\/\/tajkertesz.com\/#website","url":"https:\/\/tajkertesz.com\/","name":"T\u00e1j-Kert\u00e9sz 84 Kft.","description":"Kert\u00e9szeti kis- \u00e9s nagykeresked\u00e9s, D\u00edszn\u00f6v\u00e9ny web\u00e1ruh\u00e1z orsz\u00e1gos h\u00e1zhozsz\u00e1ll\u00edt\u00e1ssal!","publisher":{"@id":"https:\/\/tajkertesz.com\/#organization"},"potentialAction":[{"@type":"SearchAction","target":{"@type":"EntryPoint","urlTemplate":"https:\/\/tajkertesz.com\/?s={search_term_string}"},"query-input":{"@type":"PropertyValueSpecification","valueRequired":true,"valueName":"search_term_string"}}],"inLanguage":"en-US"},{"@type":"Organization","@id":"https:\/\/tajkertesz.com\/#organization","name":"T\u00e1j-Kert\u00e9sz 84 Kft.","url":"https:\/\/tajkertesz.com\/","logo":{"@type":"ImageObject","inLanguage":"en-US","@id":"https:\/\/tajkertesz.com\/#\/schema\/logo\/image\/","url":"https:\/\/tajkertesz.com\/wp-content\/uploads\/2018\/02\/logo-2-e1518678052539.png","contentUrl":"https:\/\/tajkertesz.com\/wp-content\/uploads\/2018\/02\/logo-2-e1518678052539.png","width":81,"height":140,"caption":"T\u00e1j-Kert\u00e9sz 84 Kft."},"image":{"@id":"https:\/\/tajkertesz.com\/#\/schema\/logo\/image\/"},"sameAs":["https:\/\/www.facebook.com\/Tajkertesz\/"]}]}},"_links":{"self":[{"href":"https:\/\/tajkertesz.com\/en_US\/wp-json\/wp\/v2\/product\/21336","targetHints":{"allow":["GET"]}}],"collection":[{"href":"https:\/\/tajkertesz.com\/en_US\/wp-json\/wp\/v2\/product"}],"about":[{"href":"https:\/\/tajkertesz.com\/en_US\/wp-json\/wp\/v2\/types\/product"}],"wp:featuredmedia":[{"embeddable":true,"href":"https:\/\/tajkertesz.com\/en_US\/wp-json\/wp\/v2\/media\/21337"}],"wp:attachment":[{"href":"https:\/\/tajkertesz.com\/en_US\/wp-json\/wp\/v2\/media?parent=21336"}],"wp:term":[{"taxonomy":"product_brand","embeddable":true,"href":"https:\/\/tajkertesz.com\/en_US\/wp-json\/wp\/v2\/product_brand?post=21336"},{"taxonomy":"product_cat","embeddable":true,"href":"https:\/\/tajkertesz.com\/en_US\/wp-json\/wp\/v2\/product_cat?post=21336"},{"taxonomy":"product_tag","embeddable":true,"href":"https:\/\/tajkertesz.com\/en_US\/wp-json\/wp\/v2\/product_tag?post=21336"}],"curies":[{"name":"wp","href":"https:\/\/api.w.org\/{rel}","templated":true}]}}