{"id":21437,"date":"2024-10-25T11:17:09","date_gmt":"2024-10-25T11:17:09","guid":{"rendered":"https:\/\/tajkertesz.com\/?post_type=product&#038;p=21437"},"modified":"2026-02-12T15:07:46","modified_gmt":"2026-02-12T15:07:46","slug":"vilagito-teherauto","status":"publish","type":"product","link":"https:\/\/tajkertesz.com\/en_US\/product\/vilagito-teherauto\/","title":{"rendered":"Vil\u00e1g\u00edt\u00f3 teheraut\u00f3 25-16-16"},"content":{"rendered":"<h3 class=\"product-details__title mb-4\">Vil\u00e1g\u00edt\u00f3 teheraut\u00f3 25-16-16<\/h3>\n<p>A Vil\u00e1g\u00edt\u00f3 teheraut\u00f3 25-16-16 elengedhetetlen kell\u00e9ke a kar\u00e1csonyi dekor\u00e1ci\u00f3dnak.<\/p>\n<div>\n<p>N\u00e1lunk mindent beszerezhetsz a kar\u00e1csonyi el\u0151k\u00e9sz\u00fcletekhez \u2013 d\u00edszg\u00f6mb\u00f6ket, gyerty\u00e1kat, man\u00f3kat, adventi koszor\u00fakat, \u00e9g\u0151sorokat\u2026<\/p>\n<p>A term\u00e9k bekapcsol\u00e1s\u00e1t k\u00f6vet\u0151en ism\u00e9tl\u0151d\u0151 id\u0151z\u00edt\u00e9s funkci\u00f3kkal rendelkezik (6 \u00f3ra bekapcsolva, 18 \u00f3ra kikapcsolva), \u00edgy nem kell agg\u00f3dnia a f\u00e9nyek kikapcsol\u00e1sa miatt. A t\u00e1pell\u00e1t\u00e1shoz 2 x 1,5 V (AAA) elem sz\u00fcks\u00e9ges, amely nem tartoz\u00e9k.<\/p>\n<p>&nbsp;<\/p>\n<div dir=\"auto\">V\u00e1s\u00e1rold meg webshopunk<\/div>\n<div dir=\"auto\">k\u00edn\u00e1lat\u00e1b\u00f3l, ak\u00e1r orsz\u00e1gos<\/div>\n<div dir=\"auto\">h\u00e1zhozsz\u00e1ll\u00edt\u00e1ssal:\u00a0<span class=\"x3nfvp2 x1j61x8r x1fcty0u xdj266r xhhsvwb xat24cr xgzva0m xxymvpz xlup9mm x1kky2od\"><img loading=\"lazy\" decoding=\"async\" class=\"xz74otr\" src=\"https:\/\/static.xx.fbcdn.net\/images\/emoji.php\/v9\/t16\/1\/16\/1f69a.png\" alt=\"\ud83d\ude9a\" width=\"16\" height=\"16\" \/><\/span><span class=\"x3nfvp2 x1j61x8r x1fcty0u xdj266r xhhsvwb xat24cr xgzva0m xxymvpz xlup9mm x1kky2od\"><img loading=\"lazy\" decoding=\"async\" class=\"xz74otr\" src=\"https:\/\/static.xx.fbcdn.net\/images\/emoji.php\/v9\/t33\/1\/16\/2705.png\" alt=\"\u2705\" width=\"16\" height=\"16\" \/><\/span><\/div>\n<div dir=\"auto\"><\/div>\n<p style=\"line-height: 18.0pt; background: white; margin: 0cm 0cm 15.0pt 0cm;\"><b><span style=\"font-family: 'Ubuntu',sans-serif; color: black;\">A v\u00e1ltoztat\u00e1s jog\u00e1t fenntartjuk!\u00a0<\/span><\/b><\/p>\n<p><a href=\"https:\/\/tajkertesz.com\/\">https:\/\/tajkertesz.com\/<\/a><\/p>\n<p><a href=\"https:\/\/www.facebook.com\/tajkertesz\/\">https:\/\/www.facebook.com\/tajkertesz\/<\/a><\/p>\n<div>\n<div>\n<p>Kisz\u00e1ll\u00edt\u00e1s: 200cm-ig \u00a0\u00e9s 40 kg-ig a sz\u00e1ll\u00edt\u00e1s fut\u00e1rszolg\u00e1lattal \u00a0t\u00f6rt\u00e9nik.<\/p>\n<p>Szem\u00e9lyes \u00e1tv\u00e9tel nyitvatart\u00e1si id\u0151ben a 17. ker\u00fclet Bakancsos utca 7. sz\u00e1m alatti Kert\u00e9szeti \u00e1rud\u00e1ban.<\/p>\n<\/div>\n<div>\n<h6>Szem\u00e9lyes \u00e1tv\u00e9tellel tudjuk garant\u00e1lni a term\u00e9k \u00e9ps\u00e9g\u00e9t, sajnos a fut\u00e1rszolg\u00e1lattal t\u00f6rt\u00e9n\u0151 sz\u00e1ll\u00edt\u00e1s eset\u00e9n keletkezett k\u00e1rok\u00e9rt felel\u0151ss\u00e9get nem tudunk v\u00e1llalni.<\/h6>\n<div>\n<div>\n<div>\n<div><span style=\"color: #ffffff;\">\u00fcnnep eredet\u00e9r\u0151l. Mit jelent az, hogy kar\u00e1csony? Mi\u00e9rt \u00fcnnepelj\u00fck J\u00e9zus sz\u00fclet\u00e9s\u00e9t egy feny\u0151f\u00e1val, amit feld\u00edsz\u00edt\u00fcnk? Hogyan kapcsol\u00f3dik kar\u00e1csonyi id\u0151szakhoz a hal, n\u00e1lunk magyarokn\u00e1l a m\u00e1kos guba \u00e9s t\u00f6lt\u00f6tt k\u00e1poszta? Mi magyarok mi\u00e9rt \u00fcnnepl\u00fcnk m\u00e1r december 24-\u00e9n, amikor kar\u00e1csony csak december 25. \u00e9s 26.?A kar\u00e1csony, a kar\u00e1csonyfa \u00e9s a kar\u00e1csony sz\u00f3 t\u00f6rt\u00e9nete. A kar\u00e1csony sz\u00f3 eredete \u00e9s t\u00f6rt\u00e9nete. A magyar nyelvet sokf\u00e9le hat\u00e1s \u00e9rte az elm\u00falt \u00e9vsz\u00e1zadok sor\u00e1n. Sokf\u00e9le sz\u00f3 \u00e9rkezett sokf\u00e9le nyelvb\u0151l, amelyeket ma is haszn\u00e1lunk \u00e9s a kar\u00e1csony sz\u00f3 t\u00f6rt\u00e9nete is egy m\u00e1sik nyelvb\u0151l indul. A kar\u00e1csony sz\u00f3, amely imm\u00e1r a magyar nyelvben J\u00e9zus sz\u00fclet\u00e9s\u00e9nek \u00fcnnep\u00e9t jelenti, eredetileg egy szl\u00e1v sz\u00f3b\u00f3l m\u00f3dosult. A szl\u00e1v eredet\u0171 kar\u00e1csony sz\u00f3, a Kra\u010dun, Krac\u00edn vagy Karachun szavakb\u00f3l alakult ki, ami az \u00daj Magyar\u00a0<a style=\"color: #ffffff;\" title=\"\u00daj Magyar Etimol\u00f3giai Sz\u00f3t\u00e1r\" href=\"https:\/\/uesz.nytud.hu\/\" target=\"_blank\" rel=\"noopener\">Etimol\u00f3giai sz\u00f3t\u00e1r szerint<\/a>\u00a0felt\u00e9telezhet\u0151en D\u00e9l-Szl\u00e1v, bolg\u00e1r j\u00f6vev\u00e9nysz\u00f3. Az eml\u00edtett D\u00e9l-Szl\u00e1v szavak a t\u00e9li napfordul\u00f3 \u00fcnnepet jelentik, \u00edgy k\u00f6zvetlen\u00fcl kapcsol\u00f3dnak ehhez az id\u0151szakhoz \u00e9s a legval\u00f3sz\u00edn\u0171bb, hogy val\u00f3ban ezekb\u0151l a szavakb\u00f3l alakult ki maga a kar\u00e1csony sz\u00f3.\u00a0Nyelvt\u00f6rt\u00e9neti forr\u00e1sok szerint a magyar nyelvbe a keleti ortodox kereszt\u00e9ny egyh\u00e1z \u00e1ltal ker\u00fclt, ahol m\u00e1r kor\u00e1bban is haszn\u00e1latosak voltak ezek a szavak. A kar\u00e1csony t\u00f6rt\u00e9nete J\u00e9zus Krisztus sz\u00fclet\u00e9s\u00e9nek t\u00f6rt\u00e9nete \u00e9s id\u0151pontja. Tudtad, hogy a kar\u00e1csony nem egyid\u0151s a kereszt\u00e9nys\u00e9ggel?\u00a0<\/span><\/div>\n<\/div>\n<div><\/div>\n<\/div>\n<\/div>\n<p>&nbsp;<\/p>\n<\/div>\n<\/div>\n<\/div>","protected":false},"excerpt":{"rendered":"<p>A\u00a0Vil\u00e1g\u00edt\u00f3 teheraut\u00f3 25-16-16\u00a0elengedhetetlen kell\u00e9ke a kar\u00e1csonyi dekor\u00e1ci\u00f3dnak.<\/p>\n<div>\n<p>N\u00e1lunk mindent beszerezhetsz a kar\u00e1csonyi el\u0151k\u00e9sz\u00fcletekhez \u2013 d\u00edszg\u00f6mb\u00f6ket, gyerty\u00e1kat, man\u00f3kat, adventi koszor\u00fakat, \u00e9g\u0151sorokat\u2026<\/p>\n<p>2 darab AAA-s elemmel m\u0171k\u00f6dik mely nem tartoz\u00e9ka\u00a0 a term\u00e9knek.<\/p>\n<\/div>\n<p>N\u00e1lunk mindent beszerezhetsz a kar\u00e1csonyi el\u0151k\u00e9sz\u00fcletekhez \u2013 d\u00edszg\u00f6mb\u00f6ket, gyerty\u00e1kat, man\u00f3kat, adventi koszor\u00fakat, \u00e9g\u0151sorokat\u2026<\/p>\n<div dir=\"auto\">V\u00e1s\u00e1rold meg webshopunk<\/div>\n<div dir=\"auto\">k\u00edn\u00e1lat\u00e1b\u00f3l, ak\u00e1r orsz\u00e1gos<\/div>\n<div dir=\"auto\">h\u00e1zhozsz\u00e1ll\u00edt\u00e1ssal:\u00a0<span class=\"x3nfvp2 x1j61x8r x1fcty0u xdj266r xhhsvwb xat24cr xgzva0m xxymvpz xlup9mm x1kky2od\"><img loading=\"lazy\" decoding=\"async\" class=\"xz74otr\" src=\"https:\/\/static.xx.fbcdn.net\/images\/emoji.php\/v9\/t16\/1\/16\/1f69a.png\" alt=\"\ud83d\ude9a\" width=\"16\" height=\"16\" \/><\/span><span class=\"x3nfvp2 x1j61x8r x1fcty0u xdj266r xhhsvwb xat24cr xgzva0m xxymvpz xlup9mm x1kky2od\"><img loading=\"lazy\" decoding=\"async\" class=\"xz74otr\" src=\"https:\/\/static.xx.fbcdn.net\/images\/emoji.php\/v9\/t33\/1\/16\/2705.png\" alt=\"\u2705\" width=\"16\" height=\"16\" \/><\/span><\/div>","protected":false},"featured_media":22125,"template":"","meta":{"_et_pb_use_builder":"","_et_pb_old_content":"","_et_gb_content_width":""},"product_brand":[],"product_cat":[4035],"product_tag":[5592,1682,4652],"class_list":{"0":"post-21437","1":"product","2":"type-product","3":"status-publish","4":"has-post-thumbnail","6":"product_cat-led-es-karacsonyi-fenyfuzerek","7":"product_tag-auto","8":"product_tag-belteri","9":"product_tag-led","11":"first","12":"instock","13":"shipping-taxable","14":"purchasable","15":"product-type-simple"},"yoast_head":"<!-- This site is optimized with the Yoast SEO plugin v27.4 - https:\/\/yoast.com\/product\/yoast-seo-wordpress\/ -->\n<title>Vil\u00e1g\u00edt\u00f3 teheraut\u00f3 25-16-16 - T\u00e1jkert\u00e9sz<\/title>\n<meta name=\"description\" content=\"A Vil\u00e1g\u00edt\u00f3 teheraut\u00f3 elengedhetetlen kell\u00e9ke a kar\u00e1csonyi dekor\u00e1ci\u00f3dnak.\u00a0M\u00e9rete: 11*5*5 cm. N\u00e1lunk mindent beszerezhetsz a kar\u00e1csonyi el\u0151k\u00e9sz\u00fcletekhez.\" \/>\n<meta name=\"robots\" content=\"index, follow, max-snippet:-1, max-image-preview:large, max-video-preview:-1\" \/>\n<link rel=\"canonical\" href=\"https:\/\/tajkertesz.com\/en_US\/product\/vilagito-teherauto\/\" \/>\n<meta property=\"og:locale\" content=\"en_US\" \/>\n<meta property=\"og:type\" content=\"article\" \/>\n<meta property=\"og:title\" content=\"Vil\u00e1g\u00edt\u00f3 teheraut\u00f3 25-16-16 - T\u00e1jkert\u00e9sz\" \/>\n<meta property=\"og:description\" content=\"A Vil\u00e1g\u00edt\u00f3 teheraut\u00f3 elengedhetetlen kell\u00e9ke a kar\u00e1csonyi dekor\u00e1ci\u00f3dnak.\u00a0M\u00e9rete: 11*5*5 cm. N\u00e1lunk mindent beszerezhetsz a kar\u00e1csonyi el\u0151k\u00e9sz\u00fcletekhez.\" \/>\n<meta property=\"og:url\" content=\"https:\/\/tajkertesz.com\/en_US\/product\/vilagito-teherauto\/\" \/>\n<meta property=\"og:site_name\" content=\"T\u00e1jkert\u00e9sz\" \/>\n<meta property=\"article:publisher\" content=\"https:\/\/www.facebook.com\/Tajkertesz\/\" \/>\n<meta property=\"article:modified_time\" content=\"2026-02-12T15:07:46+00:00\" \/>\n<meta property=\"og:image\" content=\"https:\/\/tajkertesz.com\/wp-content\/uploads\/2024\/10\/25-16-16.jpg\" \/>\n\t<meta property=\"og:image:width\" content=\"934\" \/>\n\t<meta property=\"og:image:height\" content=\"934\" \/>\n\t<meta property=\"og:image:type\" content=\"image\/jpeg\" \/>\n<meta name=\"twitter:card\" content=\"summary_large_image\" \/>\n<meta name=\"twitter:label1\" content=\"Est. reading time\" \/>\n\t<meta name=\"twitter:data1\" content=\"3 minutes\" \/>\n<script type=\"application\/ld+json\" class=\"yoast-schema-graph\">{\"@context\":\"https:\\\/\\\/schema.org\",\"@graph\":[{\"@type\":\"WebPage\",\"@id\":\"https:\\\/\\\/tajkertesz.com\\\/termek\\\/vilagito-teherauto\\\/\",\"url\":\"https:\\\/\\\/tajkertesz.com\\\/termek\\\/vilagito-teherauto\\\/\",\"name\":\"Vil\u00e1g\u00edt\u00f3 teheraut\u00f3 25-16-16 - T\u00e1jkert\u00e9sz\",\"isPartOf\":{\"@id\":\"https:\\\/\\\/tajkertesz.com\\\/#website\"},\"primaryImageOfPage\":{\"@id\":\"https:\\\/\\\/tajkertesz.com\\\/termek\\\/vilagito-teherauto\\\/#primaryimage\"},\"image\":{\"@id\":\"https:\\\/\\\/tajkertesz.com\\\/termek\\\/vilagito-teherauto\\\/#primaryimage\"},\"thumbnailUrl\":\"https:\\\/\\\/tajkertesz.com\\\/wp-content\\\/uploads\\\/2024\\\/10\\\/25-16-16.jpg\",\"datePublished\":\"2024-10-25T11:17:09+00:00\",\"dateModified\":\"2026-02-12T15:07:46+00:00\",\"description\":\"A Vil\u00e1g\u00edt\u00f3 teheraut\u00f3 elengedhetetlen kell\u00e9ke a kar\u00e1csonyi dekor\u00e1ci\u00f3dnak.\u00a0M\u00e9rete: 11*5*5 cm. N\u00e1lunk mindent beszerezhetsz a kar\u00e1csonyi el\u0151k\u00e9sz\u00fcletekhez.\",\"breadcrumb\":{\"@id\":\"https:\\\/\\\/tajkertesz.com\\\/termek\\\/vilagito-teherauto\\\/#breadcrumb\"},\"inLanguage\":\"en-US\",\"potentialAction\":[{\"@type\":\"ReadAction\",\"target\":[\"https:\\\/\\\/tajkertesz.com\\\/termek\\\/vilagito-teherauto\\\/\"]}]},{\"@type\":\"ImageObject\",\"inLanguage\":\"en-US\",\"@id\":\"https:\\\/\\\/tajkertesz.com\\\/termek\\\/vilagito-teherauto\\\/#primaryimage\",\"url\":\"https:\\\/\\\/tajkertesz.com\\\/wp-content\\\/uploads\\\/2024\\\/10\\\/25-16-16.jpg\",\"contentUrl\":\"https:\\\/\\\/tajkertesz.com\\\/wp-content\\\/uploads\\\/2024\\\/10\\\/25-16-16.jpg\",\"width\":934,\"height\":934},{\"@type\":\"BreadcrumbList\",\"@id\":\"https:\\\/\\\/tajkertesz.com\\\/termek\\\/vilagito-teherauto\\\/#breadcrumb\",\"itemListElement\":[{\"@type\":\"ListItem\",\"position\":1,\"name\":\"Home\",\"item\":\"https:\\\/\\\/tajkertesz.com\\\/\"},{\"@type\":\"ListItem\",\"position\":2,\"name\":\"Kezd\u0151lap\",\"item\":\"https:\\\/\\\/tajkertesz.com\\\/\"},{\"@type\":\"ListItem\",\"position\":3,\"name\":\"Vil\u00e1g\u00edt\u00f3 teheraut\u00f3 25-16-16\"}]},{\"@type\":\"WebSite\",\"@id\":\"https:\\\/\\\/tajkertesz.com\\\/#website\",\"url\":\"https:\\\/\\\/tajkertesz.com\\\/\",\"name\":\"T\u00e1j-Kert\u00e9sz 84 Kft.\",\"description\":\"Kert\u00e9szeti kis- \u00e9s nagykeresked\u00e9s, D\u00edszn\u00f6v\u00e9ny web\u00e1ruh\u00e1z orsz\u00e1gos h\u00e1zhozsz\u00e1ll\u00edt\u00e1ssal!\",\"publisher\":{\"@id\":\"https:\\\/\\\/tajkertesz.com\\\/#organization\"},\"potentialAction\":[{\"@type\":\"SearchAction\",\"target\":{\"@type\":\"EntryPoint\",\"urlTemplate\":\"https:\\\/\\\/tajkertesz.com\\\/?s={search_term_string}\"},\"query-input\":{\"@type\":\"PropertyValueSpecification\",\"valueRequired\":true,\"valueName\":\"search_term_string\"}}],\"inLanguage\":\"en-US\"},{\"@type\":\"Organization\",\"@id\":\"https:\\\/\\\/tajkertesz.com\\\/#organization\",\"name\":\"T\u00e1j-Kert\u00e9sz 84 Kft.\",\"url\":\"https:\\\/\\\/tajkertesz.com\\\/\",\"logo\":{\"@type\":\"ImageObject\",\"inLanguage\":\"en-US\",\"@id\":\"https:\\\/\\\/tajkertesz.com\\\/#\\\/schema\\\/logo\\\/image\\\/\",\"url\":\"https:\\\/\\\/tajkertesz.com\\\/wp-content\\\/uploads\\\/2018\\\/02\\\/logo-2-e1518678052539.png\",\"contentUrl\":\"https:\\\/\\\/tajkertesz.com\\\/wp-content\\\/uploads\\\/2018\\\/02\\\/logo-2-e1518678052539.png\",\"width\":81,\"height\":140,\"caption\":\"T\u00e1j-Kert\u00e9sz 84 Kft.\"},\"image\":{\"@id\":\"https:\\\/\\\/tajkertesz.com\\\/#\\\/schema\\\/logo\\\/image\\\/\"},\"sameAs\":[\"https:\\\/\\\/www.facebook.com\\\/Tajkertesz\\\/\"]}]}<\/script>\n<!-- \/ Yoast SEO plugin. -->","yoast_head_json":{"title":"Vil\u00e1g\u00edt\u00f3 teheraut\u00f3 25-16-16 - T\u00e1jkert\u00e9sz","description":"A Vil\u00e1g\u00edt\u00f3 teheraut\u00f3 elengedhetetlen kell\u00e9ke a kar\u00e1csonyi dekor\u00e1ci\u00f3dnak.\u00a0M\u00e9rete: 11*5*5 cm. N\u00e1lunk mindent beszerezhetsz a kar\u00e1csonyi el\u0151k\u00e9sz\u00fcletekhez.","robots":{"index":"index","follow":"follow","max-snippet":"max-snippet:-1","max-image-preview":"max-image-preview:large","max-video-preview":"max-video-preview:-1"},"canonical":"https:\/\/tajkertesz.com\/en_US\/product\/vilagito-teherauto\/","og_locale":"en_US","og_type":"article","og_title":"Vil\u00e1g\u00edt\u00f3 teheraut\u00f3 25-16-16 - T\u00e1jkert\u00e9sz","og_description":"A Vil\u00e1g\u00edt\u00f3 teheraut\u00f3 elengedhetetlen kell\u00e9ke a kar\u00e1csonyi dekor\u00e1ci\u00f3dnak.\u00a0M\u00e9rete: 11*5*5 cm. N\u00e1lunk mindent beszerezhetsz a kar\u00e1csonyi el\u0151k\u00e9sz\u00fcletekhez.","og_url":"https:\/\/tajkertesz.com\/en_US\/product\/vilagito-teherauto\/","og_site_name":"T\u00e1jkert\u00e9sz","article_publisher":"https:\/\/www.facebook.com\/Tajkertesz\/","article_modified_time":"2026-02-12T15:07:46+00:00","og_image":[{"width":934,"height":934,"url":"https:\/\/tajkertesz.com\/wp-content\/uploads\/2024\/10\/25-16-16.jpg","type":"image\/jpeg"}],"twitter_card":"summary_large_image","twitter_misc":{"Est. reading time":"3 minutes"},"schema":{"@context":"https:\/\/schema.org","@graph":[{"@type":"WebPage","@id":"https:\/\/tajkertesz.com\/termek\/vilagito-teherauto\/","url":"https:\/\/tajkertesz.com\/termek\/vilagito-teherauto\/","name":"Vil\u00e1g\u00edt\u00f3 teheraut\u00f3 25-16-16 - T\u00e1jkert\u00e9sz","isPartOf":{"@id":"https:\/\/tajkertesz.com\/#website"},"primaryImageOfPage":{"@id":"https:\/\/tajkertesz.com\/termek\/vilagito-teherauto\/#primaryimage"},"image":{"@id":"https:\/\/tajkertesz.com\/termek\/vilagito-teherauto\/#primaryimage"},"thumbnailUrl":"https:\/\/tajkertesz.com\/wp-content\/uploads\/2024\/10\/25-16-16.jpg","datePublished":"2024-10-25T11:17:09+00:00","dateModified":"2026-02-12T15:07:46+00:00","description":"A Vil\u00e1g\u00edt\u00f3 teheraut\u00f3 elengedhetetlen kell\u00e9ke a kar\u00e1csonyi dekor\u00e1ci\u00f3dnak.\u00a0M\u00e9rete: 11*5*5 cm. N\u00e1lunk mindent beszerezhetsz a kar\u00e1csonyi el\u0151k\u00e9sz\u00fcletekhez.","breadcrumb":{"@id":"https:\/\/tajkertesz.com\/termek\/vilagito-teherauto\/#breadcrumb"},"inLanguage":"en-US","potentialAction":[{"@type":"ReadAction","target":["https:\/\/tajkertesz.com\/termek\/vilagito-teherauto\/"]}]},{"@type":"ImageObject","inLanguage":"en-US","@id":"https:\/\/tajkertesz.com\/termek\/vilagito-teherauto\/#primaryimage","url":"https:\/\/tajkertesz.com\/wp-content\/uploads\/2024\/10\/25-16-16.jpg","contentUrl":"https:\/\/tajkertesz.com\/wp-content\/uploads\/2024\/10\/25-16-16.jpg","width":934,"height":934},{"@type":"BreadcrumbList","@id":"https:\/\/tajkertesz.com\/termek\/vilagito-teherauto\/#breadcrumb","itemListElement":[{"@type":"ListItem","position":1,"name":"Home","item":"https:\/\/tajkertesz.com\/"},{"@type":"ListItem","position":2,"name":"Kezd\u0151lap","item":"https:\/\/tajkertesz.com\/"},{"@type":"ListItem","position":3,"name":"Vil\u00e1g\u00edt\u00f3 teheraut\u00f3 25-16-16"}]},{"@type":"WebSite","@id":"https:\/\/tajkertesz.com\/#website","url":"https:\/\/tajkertesz.com\/","name":"T\u00e1j-Kert\u00e9sz 84 Kft.","description":"Kert\u00e9szeti kis- \u00e9s nagykeresked\u00e9s, D\u00edszn\u00f6v\u00e9ny web\u00e1ruh\u00e1z orsz\u00e1gos h\u00e1zhozsz\u00e1ll\u00edt\u00e1ssal!","publisher":{"@id":"https:\/\/tajkertesz.com\/#organization"},"potentialAction":[{"@type":"SearchAction","target":{"@type":"EntryPoint","urlTemplate":"https:\/\/tajkertesz.com\/?s={search_term_string}"},"query-input":{"@type":"PropertyValueSpecification","valueRequired":true,"valueName":"search_term_string"}}],"inLanguage":"en-US"},{"@type":"Organization","@id":"https:\/\/tajkertesz.com\/#organization","name":"T\u00e1j-Kert\u00e9sz 84 Kft.","url":"https:\/\/tajkertesz.com\/","logo":{"@type":"ImageObject","inLanguage":"en-US","@id":"https:\/\/tajkertesz.com\/#\/schema\/logo\/image\/","url":"https:\/\/tajkertesz.com\/wp-content\/uploads\/2018\/02\/logo-2-e1518678052539.png","contentUrl":"https:\/\/tajkertesz.com\/wp-content\/uploads\/2018\/02\/logo-2-e1518678052539.png","width":81,"height":140,"caption":"T\u00e1j-Kert\u00e9sz 84 Kft."},"image":{"@id":"https:\/\/tajkertesz.com\/#\/schema\/logo\/image\/"},"sameAs":["https:\/\/www.facebook.com\/Tajkertesz\/"]}]}},"_links":{"self":[{"href":"https:\/\/tajkertesz.com\/en_US\/wp-json\/wp\/v2\/product\/21437","targetHints":{"allow":["GET"]}}],"collection":[{"href":"https:\/\/tajkertesz.com\/en_US\/wp-json\/wp\/v2\/product"}],"about":[{"href":"https:\/\/tajkertesz.com\/en_US\/wp-json\/wp\/v2\/types\/product"}],"wp:featuredmedia":[{"embeddable":true,"href":"https:\/\/tajkertesz.com\/en_US\/wp-json\/wp\/v2\/media\/22125"}],"wp:attachment":[{"href":"https:\/\/tajkertesz.com\/en_US\/wp-json\/wp\/v2\/media?parent=21437"}],"wp:term":[{"taxonomy":"product_brand","embeddable":true,"href":"https:\/\/tajkertesz.com\/en_US\/wp-json\/wp\/v2\/product_brand?post=21437"},{"taxonomy":"product_cat","embeddable":true,"href":"https:\/\/tajkertesz.com\/en_US\/wp-json\/wp\/v2\/product_cat?post=21437"},{"taxonomy":"product_tag","embeddable":true,"href":"https:\/\/tajkertesz.com\/en_US\/wp-json\/wp\/v2\/product_tag?post=21437"}],"curies":[{"name":"wp","href":"https:\/\/api.w.org\/{rel}","templated":true}]}}