{"id":21461,"date":"2024-10-28T13:32:07","date_gmt":"2024-10-28T13:32:07","guid":{"rendered":"https:\/\/tajkertesz.com\/?post_type=product&#038;p=21461"},"modified":"2026-04-28T14:57:46","modified_gmt":"2026-04-28T14:57:46","slug":"vaccinium-corymbosum-duke-magasbokru-afonya","status":"publish","type":"product","link":"https:\/\/tajkertesz.com\/en_US\/product\/vaccinium-corymbosum-duke-magasbokru-afonya\/","title":{"rendered":"Vaccinium corymbosum &#8216;Duke&#8217; &#8211; Magasbokr\u00fa \u00e1fonya"},"content":{"rendered":"<h1>Vaccinium corymbosum &#8216;Duke&#8217; &#8211; Magasbokr\u00fa \u00e1fonya<\/h1>\n<p>A Vaccinium corymbosum &#8216;Duke&#8217; &#8211; Magasbokr\u00fa \u00e1fonya\u00a0egy \u00e9szak-amerikai eredet\u0171, magasbokr\u00fa \u00e1fonyafajta. Ez a fajta k\u00fcl\u00f6n\u00f6sen n\u00e9pszer\u0171 a kereskedelmi termeszt\u00e9sben, mivel nagy hozam\u00fa \u00e9s kiv\u00e1l\u00f3 min\u0151s\u00e9g\u0171 gy\u00fcm\u00f6lcs\u00f6t ad.<\/p>\n<h2>\u00a0Vaccinium corymbosum &#8216;Duke&#8217; jellemz\u0151i<\/h2>\n<p>A Duke \u00e1fonya bokrai k\u00f6zepes m\u00e9ret\u0171ek, \u00e1ltal\u00e1ban 1,5-2 m\u00e9ter magasra n\u0151nek. A n\u00f6v\u00e9nyek er\u0151teljes n\u00f6veked\u00e9s\u0171ek \u00e9s j\u00f3l el\u00e1gaz\u00f3dnak, ami hozz\u00e1j\u00e1rul a b\u0151s\u00e9ges term\u00e9shez. A levelek s\u00f6t\u00e9tz\u00f6ldek, \u0151sszel pedig gy\u00f6ny\u00f6r\u0171 v\u00f6r\u00f6ses \u00e1rnyalatot \u00f6ltenek, ami eszt\u00e9tikai \u00e9rt\u00e9ket is ad a kertben.<\/p>\n<h3>Magasbokr\u00fa \u00e1fonya term\u00e9se<\/h3>\n<p>A Duke \u00e1fonya korai vir\u00e1gz\u00e1s\u00fa fajta, ami azt jelenti, hogy a tavasz elej\u00e9n kezd vir\u00e1gozni. A vir\u00e1gok feh\u00e9rek vagy halv\u00e1ny r\u00f3zsasz\u00edn\u0171ek, \u00e9s f\u00fcrt\u00f6kben jelennek meg. A gy\u00fcm\u00f6lcs\u00f6k nagy m\u00e9ret\u0171ek, k\u00e9k sz\u00edn\u0171ek \u00e9s enyh\u00e9n savanyk\u00e1s \u00edz\u0171ek, ami friss fogyaszt\u00e1sra \u00e9s feldolgoz\u00e1sra egyar\u00e1nt alkalmass\u00e1 teszi \u0151ket. A term\u00e9s \u00e1ltal\u00e1ban j\u00fanius v\u00e9g\u00e9n, j\u00falius elej\u00e9n \u00e9rik be, \u00e9s hossz\u00fa ideig szedhet\u0151.<\/p>\n<h4>Talaj- \u00e9s \u00e9ghajlati ig\u00e9nyek<\/h4>\n<p>A Duke \u00e1fonya a savany\u00fa talajt kedveli, pH-\u00e9rt\u00e9ke 4,5-5,5 k\u00f6z\u00f6tt ide\u00e1lis. A j\u00f3 v\u00edzelvezet\u00e9s\u0171, humuszban gazdag talajokban fejl\u0151dik a legjobban. Az \u00e9ghajlati ig\u00e9nyei k\u00f6z\u00e9 tartozik a hideg t\u00e9l, mivel a n\u00f6v\u00e9nynek sz\u00fcks\u00e9ge van a hideg id\u0151szakra a megfelel\u0151 vir\u00e1gz\u00e1s \u00e9rdek\u00e9ben. Azonban a tavaszi fagyok k\u00e1ros\u00edthatj\u00e1k a korai vir\u00e1gokat, ez\u00e9rt v\u00e9dett helyre \u00e9rdemes \u00fcltetni.<\/p>\n<h4>Gondoz\u00e1s \u00e9s metsz\u00e9s<\/h4>\n<p>A Duke \u00e1fonya gondoz\u00e1sa viszonylag egyszer\u0171. Fontos a rendszeres \u00f6nt\u00f6z\u00e9s, k\u00fcl\u00f6n\u00f6sen a sz\u00e1raz id\u0151szakokban, mivel a n\u00f6v\u00e9ny sek\u00e9ly gy\u00f6k\u00e9rzet\u0171 \u00e9s \u00e9rz\u00e9keny a v\u00edzhi\u00e1nyra. A metsz\u00e9s sor\u00e1n a r\u00e9gi, el\u00f6regedett \u00e1gakat kell elt\u00e1vol\u00edtani, hogy helyet biztos\u00edtsunk az \u00faj hajt\u00e1soknak \u00e9s el\u0151seg\u00edts\u00fck a b\u0151s\u00e9ges term\u00e9st. \u00dcltess\u00fck savany\u00fa f\u00f6ldbe.<\/p>\n<h5>Betegs\u00e9gek \u00e9s k\u00e1rtev\u0151k<\/h5>\n<p>A Duke \u00e1fonya viszonylag ellen\u00e1ll\u00f3 a betegs\u00e9gekkel \u00e9s k\u00e1rtev\u0151kkel szemben, de id\u0151nk\u00e9nt el\u0151fordulhatnak probl\u00e9m\u00e1k, mint p\u00e9ld\u00e1ul a lisztharmat vagy a lev\u00e9ltetvek. A megfelel\u0151 n\u00f6v\u00e9nyv\u00e9delem \u00e9s a j\u00f3 kert\u00e9szeti gyakorlatok seg\u00edthetnek minimaliz\u00e1lni ezeket a probl\u00e9m\u00e1kat.<\/p>\n<p>Jelenlegi term\u00e9k\u00fcnk: 30-35 cm magas, 2 literes kont\u00e9nerben kaphat\u00f3.<\/p>\n<p style=\"line-height: 18.0pt; background: white; margin: 0cm 0cm 15.0pt 0cm;\"><b><span style=\"font-family: 'Ubuntu',serif; color: black;\">K\u00e9szlet\u00fcnk napi szinten v\u00e1ltozik, ez\u00e9rt k\u00e9rj\u00fck, \u00e9rdekl\u0151dj\u00f6n szem\u00e9lyesen, telefonon vagy email-en.<br \/>\nA v\u00e1ltoztat\u00e1s jog\u00e1t fenntartjuk!\u00a0<\/span><\/b><\/p>\n<p>Sz\u00e1ll\u00edt\u00e1s 200 cm \u00e9s 40 kg-ig lehets\u00e9ges, ezen m\u00e9retek felett egyedi egyeztet\u00e9s sz\u00fcks\u00e9ges.<\/p>\n<p><a href=\"https:\/\/tajkertesz.com\/\">https:\/\/tajkertesz.com\/<\/a><\/p>\n<p><a href=\"https:\/\/www.facebook.com\/tajkertesz\">https:\/\/www.facebook.com\/tajkertesz<\/a><\/p>","protected":false},"excerpt":{"rendered":"<h1>Vaccinium corymbosum &#8216;Duke&#8217; &#8211; Magasbokr\u00fa \u00e1fonya<\/h1>\n<p>A Vaccinium corymbosum &#8216;Duke&#8217; &#8211; Magasbokr\u00fa \u00e1fonya\u00a0egy \u00e9szak-amerikai eredet\u0171, magasbokr\u00fa \u00e1fonyafajta. Ez a fajta k\u00fcl\u00f6n\u00f6sen n\u00e9pszer\u0171 a kereskedelmi termeszt\u00e9sben, mivel nagy hozam\u00fa \u00e9s kiv\u00e1l\u00f3 min\u0151s\u00e9g\u0171 gy\u00fcm\u00f6lcs\u00f6t ad.<\/p>\n<p>M\u00e9rete: 20-30 cm magas, 2 literes kont\u00e9nerben kaphat\u00f3.<\/p>","protected":false},"featured_media":21462,"template":"","meta":{"_et_pb_use_builder":"","_et_pb_old_content":"","_et_gb_content_width":""},"product_brand":[],"product_cat":[29,5327],"product_tag":[7069,7366,7362,7367,7364,7365,7363,7368,7369,5378],"class_list":{"0":"post-21461","1":"product","2":"type-product","3":"status-publish","4":"has-post-thumbnail","6":"product_cat-gyumolcsfak-gyumolcstermo-novenyek","7":"product_cat-gyumolcstermok","8":"product_tag-antioxidans-gyumolcs","9":"product_tag-botermo-afonya","10":"product_tag-duke-afonya","11":"product_tag-fagyturo-afonya","12":"product_tag-kerti-afonya","13":"product_tag-korai-afonya","14":"product_tag-magasbokru-afonya","15":"product_tag-savanyu-talaj-noveny","16":"product_tag-szupergyumolcs","17":"product_tag-vaccinium-corymbosum","19":"first","20":"instock","21":"shipping-taxable","22":"purchasable","23":"product-type-simple"},"yoast_head":"<!-- This site is optimized with the Yoast SEO plugin v27.5 - https:\/\/yoast.com\/product\/yoast-seo-wordpress\/ -->\n<title>Vaccinium corymbosum &#039;Duke&#039; - Magasbokr\u00fa \u00e1fonya - T\u00e1jkert\u00e9sz<\/title>\n<meta name=\"description\" content=\"A Vaccinium corymbosum &#039;Duke&#039; - Magasbokr\u00fa \u00e1fonya\u00a0egy \u00e9szak-amerikai eredet\u0171, magasbokr\u00fa \u00e1fonyafajta. Nagy hozam\u00fa \u00e9s kiv\u00e1l\u00f3 min\u0151s\u00e9g\u0171 gy\u00fcm\u00f6lcs\u00f6t ad.\" \/>\n<meta name=\"robots\" content=\"index, follow, max-snippet:-1, max-image-preview:large, max-video-preview:-1\" \/>\n<link rel=\"canonical\" href=\"https:\/\/tajkertesz.com\/en_US\/product\/vaccinium-corymbosum-duke-magasbokru-afonya\/\" \/>\n<meta property=\"og:locale\" content=\"en_US\" \/>\n<meta property=\"og:type\" content=\"article\" \/>\n<meta property=\"og:title\" content=\"Vaccinium corymbosum &#039;Duke&#039; - Magasbokr\u00fa \u00e1fonya - T\u00e1jkert\u00e9sz\" \/>\n<meta property=\"og:description\" content=\"A Vaccinium corymbosum &#039;Duke&#039; - Magasbokr\u00fa \u00e1fonya\u00a0egy \u00e9szak-amerikai eredet\u0171, magasbokr\u00fa \u00e1fonyafajta. Nagy hozam\u00fa \u00e9s kiv\u00e1l\u00f3 min\u0151s\u00e9g\u0171 gy\u00fcm\u00f6lcs\u00f6t ad.\" \/>\n<meta property=\"og:url\" content=\"https:\/\/tajkertesz.com\/en_US\/product\/vaccinium-corymbosum-duke-magasbokru-afonya\/\" \/>\n<meta property=\"og:site_name\" content=\"T\u00e1jkert\u00e9sz\" \/>\n<meta property=\"article:publisher\" content=\"https:\/\/www.facebook.com\/Tajkertesz\/\" \/>\n<meta property=\"article:modified_time\" content=\"2026-04-28T14:57:46+00:00\" \/>\n<meta property=\"og:image\" content=\"https:\/\/tajkertesz.com\/wp-content\/uploads\/2024\/10\/duke_1638_1000x1000.jpg\" \/>\n\t<meta property=\"og:image:width\" content=\"1000\" \/>\n\t<meta property=\"og:image:height\" content=\"1000\" \/>\n\t<meta property=\"og:image:type\" content=\"image\/jpeg\" \/>\n<meta name=\"twitter:card\" content=\"summary_large_image\" \/>\n<meta name=\"twitter:label1\" content=\"Est. reading time\" \/>\n\t<meta name=\"twitter:data1\" content=\"2 minutes\" \/>\n<script type=\"application\/ld+json\" class=\"yoast-schema-graph\">{\"@context\":\"https:\\\/\\\/schema.org\",\"@graph\":[{\"@type\":\"WebPage\",\"@id\":\"https:\\\/\\\/tajkertesz.com\\\/termek\\\/vaccinium-corymbosum-duke-magasbokru-afonya\\\/\",\"url\":\"https:\\\/\\\/tajkertesz.com\\\/termek\\\/vaccinium-corymbosum-duke-magasbokru-afonya\\\/\",\"name\":\"Vaccinium corymbosum 'Duke' - Magasbokr\u00fa \u00e1fonya - T\u00e1jkert\u00e9sz\",\"isPartOf\":{\"@id\":\"https:\\\/\\\/tajkertesz.com\\\/#website\"},\"primaryImageOfPage\":{\"@id\":\"https:\\\/\\\/tajkertesz.com\\\/termek\\\/vaccinium-corymbosum-duke-magasbokru-afonya\\\/#primaryimage\"},\"image\":{\"@id\":\"https:\\\/\\\/tajkertesz.com\\\/termek\\\/vaccinium-corymbosum-duke-magasbokru-afonya\\\/#primaryimage\"},\"thumbnailUrl\":\"https:\\\/\\\/tajkertesz.com\\\/wp-content\\\/uploads\\\/2024\\\/10\\\/duke_1638_1000x1000.jpg\",\"datePublished\":\"2024-10-28T13:32:07+00:00\",\"dateModified\":\"2026-04-28T14:57:46+00:00\",\"description\":\"A Vaccinium corymbosum 'Duke' - Magasbokr\u00fa \u00e1fonya\u00a0egy \u00e9szak-amerikai eredet\u0171, magasbokr\u00fa \u00e1fonyafajta. Nagy hozam\u00fa \u00e9s kiv\u00e1l\u00f3 min\u0151s\u00e9g\u0171 gy\u00fcm\u00f6lcs\u00f6t ad.\",\"breadcrumb\":{\"@id\":\"https:\\\/\\\/tajkertesz.com\\\/termek\\\/vaccinium-corymbosum-duke-magasbokru-afonya\\\/#breadcrumb\"},\"inLanguage\":\"en-US\",\"potentialAction\":[{\"@type\":\"ReadAction\",\"target\":[\"https:\\\/\\\/tajkertesz.com\\\/termek\\\/vaccinium-corymbosum-duke-magasbokru-afonya\\\/\"]}]},{\"@type\":\"ImageObject\",\"inLanguage\":\"en-US\",\"@id\":\"https:\\\/\\\/tajkertesz.com\\\/termek\\\/vaccinium-corymbosum-duke-magasbokru-afonya\\\/#primaryimage\",\"url\":\"https:\\\/\\\/tajkertesz.com\\\/wp-content\\\/uploads\\\/2024\\\/10\\\/duke_1638_1000x1000.jpg\",\"contentUrl\":\"https:\\\/\\\/tajkertesz.com\\\/wp-content\\\/uploads\\\/2024\\\/10\\\/duke_1638_1000x1000.jpg\",\"width\":1000,\"height\":1000,\"caption\":\"Vaccinium corymbosum 'Duke' - Magasbokr\u00fa \u00e1fonya\"},{\"@type\":\"BreadcrumbList\",\"@id\":\"https:\\\/\\\/tajkertesz.com\\\/termek\\\/vaccinium-corymbosum-duke-magasbokru-afonya\\\/#breadcrumb\",\"itemListElement\":[{\"@type\":\"ListItem\",\"position\":1,\"name\":\"Home\",\"item\":\"https:\\\/\\\/tajkertesz.com\\\/\"},{\"@type\":\"ListItem\",\"position\":2,\"name\":\"Kezd\u0151lap\",\"item\":\"https:\\\/\\\/tajkertesz.com\\\/\"},{\"@type\":\"ListItem\",\"position\":3,\"name\":\"Vaccinium corymbosum &#8216;Duke&#8217; &#8211; Magasbokr\u00fa \u00e1fonya\"}]},{\"@type\":\"WebSite\",\"@id\":\"https:\\\/\\\/tajkertesz.com\\\/#website\",\"url\":\"https:\\\/\\\/tajkertesz.com\\\/\",\"name\":\"T\u00e1j-Kert\u00e9sz 84 Kft.\",\"description\":\"Kert\u00e9szeti kis- \u00e9s nagykeresked\u00e9s, D\u00edszn\u00f6v\u00e9ny web\u00e1ruh\u00e1z orsz\u00e1gos h\u00e1zhozsz\u00e1ll\u00edt\u00e1ssal!\",\"publisher\":{\"@id\":\"https:\\\/\\\/tajkertesz.com\\\/#organization\"},\"potentialAction\":[{\"@type\":\"SearchAction\",\"target\":{\"@type\":\"EntryPoint\",\"urlTemplate\":\"https:\\\/\\\/tajkertesz.com\\\/?s={search_term_string}\"},\"query-input\":{\"@type\":\"PropertyValueSpecification\",\"valueRequired\":true,\"valueName\":\"search_term_string\"}}],\"inLanguage\":\"en-US\"},{\"@type\":\"Organization\",\"@id\":\"https:\\\/\\\/tajkertesz.com\\\/#organization\",\"name\":\"T\u00e1j-Kert\u00e9sz 84 Kft.\",\"url\":\"https:\\\/\\\/tajkertesz.com\\\/\",\"logo\":{\"@type\":\"ImageObject\",\"inLanguage\":\"en-US\",\"@id\":\"https:\\\/\\\/tajkertesz.com\\\/#\\\/schema\\\/logo\\\/image\\\/\",\"url\":\"https:\\\/\\\/tajkertesz.com\\\/wp-content\\\/uploads\\\/2018\\\/02\\\/logo-2-e1518678052539.png\",\"contentUrl\":\"https:\\\/\\\/tajkertesz.com\\\/wp-content\\\/uploads\\\/2018\\\/02\\\/logo-2-e1518678052539.png\",\"width\":81,\"height\":140,\"caption\":\"T\u00e1j-Kert\u00e9sz 84 Kft.\"},\"image\":{\"@id\":\"https:\\\/\\\/tajkertesz.com\\\/#\\\/schema\\\/logo\\\/image\\\/\"},\"sameAs\":[\"https:\\\/\\\/www.facebook.com\\\/Tajkertesz\\\/\"]}]}<\/script>\n<!-- \/ Yoast SEO plugin. -->","yoast_head_json":{"title":"Vaccinium corymbosum 'Duke' - Magasbokr\u00fa \u00e1fonya - T\u00e1jkert\u00e9sz","description":"A Vaccinium corymbosum 'Duke' - Magasbokr\u00fa \u00e1fonya\u00a0egy \u00e9szak-amerikai eredet\u0171, magasbokr\u00fa \u00e1fonyafajta. Nagy hozam\u00fa \u00e9s kiv\u00e1l\u00f3 min\u0151s\u00e9g\u0171 gy\u00fcm\u00f6lcs\u00f6t ad.","robots":{"index":"index","follow":"follow","max-snippet":"max-snippet:-1","max-image-preview":"max-image-preview:large","max-video-preview":"max-video-preview:-1"},"canonical":"https:\/\/tajkertesz.com\/en_US\/product\/vaccinium-corymbosum-duke-magasbokru-afonya\/","og_locale":"en_US","og_type":"article","og_title":"Vaccinium corymbosum 'Duke' - Magasbokr\u00fa \u00e1fonya - T\u00e1jkert\u00e9sz","og_description":"A Vaccinium corymbosum 'Duke' - Magasbokr\u00fa \u00e1fonya\u00a0egy \u00e9szak-amerikai eredet\u0171, magasbokr\u00fa \u00e1fonyafajta. Nagy hozam\u00fa \u00e9s kiv\u00e1l\u00f3 min\u0151s\u00e9g\u0171 gy\u00fcm\u00f6lcs\u00f6t ad.","og_url":"https:\/\/tajkertesz.com\/en_US\/product\/vaccinium-corymbosum-duke-magasbokru-afonya\/","og_site_name":"T\u00e1jkert\u00e9sz","article_publisher":"https:\/\/www.facebook.com\/Tajkertesz\/","article_modified_time":"2026-04-28T14:57:46+00:00","og_image":[{"width":1000,"height":1000,"url":"https:\/\/tajkertesz.com\/wp-content\/uploads\/2024\/10\/duke_1638_1000x1000.jpg","type":"image\/jpeg"}],"twitter_card":"summary_large_image","twitter_misc":{"Est. reading time":"2 minutes"},"schema":{"@context":"https:\/\/schema.org","@graph":[{"@type":"WebPage","@id":"https:\/\/tajkertesz.com\/termek\/vaccinium-corymbosum-duke-magasbokru-afonya\/","url":"https:\/\/tajkertesz.com\/termek\/vaccinium-corymbosum-duke-magasbokru-afonya\/","name":"Vaccinium corymbosum 'Duke' - Magasbokr\u00fa \u00e1fonya - T\u00e1jkert\u00e9sz","isPartOf":{"@id":"https:\/\/tajkertesz.com\/#website"},"primaryImageOfPage":{"@id":"https:\/\/tajkertesz.com\/termek\/vaccinium-corymbosum-duke-magasbokru-afonya\/#primaryimage"},"image":{"@id":"https:\/\/tajkertesz.com\/termek\/vaccinium-corymbosum-duke-magasbokru-afonya\/#primaryimage"},"thumbnailUrl":"https:\/\/tajkertesz.com\/wp-content\/uploads\/2024\/10\/duke_1638_1000x1000.jpg","datePublished":"2024-10-28T13:32:07+00:00","dateModified":"2026-04-28T14:57:46+00:00","description":"A Vaccinium corymbosum 'Duke' - Magasbokr\u00fa \u00e1fonya\u00a0egy \u00e9szak-amerikai eredet\u0171, magasbokr\u00fa \u00e1fonyafajta. Nagy hozam\u00fa \u00e9s kiv\u00e1l\u00f3 min\u0151s\u00e9g\u0171 gy\u00fcm\u00f6lcs\u00f6t ad.","breadcrumb":{"@id":"https:\/\/tajkertesz.com\/termek\/vaccinium-corymbosum-duke-magasbokru-afonya\/#breadcrumb"},"inLanguage":"en-US","potentialAction":[{"@type":"ReadAction","target":["https:\/\/tajkertesz.com\/termek\/vaccinium-corymbosum-duke-magasbokru-afonya\/"]}]},{"@type":"ImageObject","inLanguage":"en-US","@id":"https:\/\/tajkertesz.com\/termek\/vaccinium-corymbosum-duke-magasbokru-afonya\/#primaryimage","url":"https:\/\/tajkertesz.com\/wp-content\/uploads\/2024\/10\/duke_1638_1000x1000.jpg","contentUrl":"https:\/\/tajkertesz.com\/wp-content\/uploads\/2024\/10\/duke_1638_1000x1000.jpg","width":1000,"height":1000,"caption":"Vaccinium corymbosum 'Duke' - Magasbokr\u00fa \u00e1fonya"},{"@type":"BreadcrumbList","@id":"https:\/\/tajkertesz.com\/termek\/vaccinium-corymbosum-duke-magasbokru-afonya\/#breadcrumb","itemListElement":[{"@type":"ListItem","position":1,"name":"Home","item":"https:\/\/tajkertesz.com\/"},{"@type":"ListItem","position":2,"name":"Kezd\u0151lap","item":"https:\/\/tajkertesz.com\/"},{"@type":"ListItem","position":3,"name":"Vaccinium corymbosum &#8216;Duke&#8217; &#8211; Magasbokr\u00fa \u00e1fonya"}]},{"@type":"WebSite","@id":"https:\/\/tajkertesz.com\/#website","url":"https:\/\/tajkertesz.com\/","name":"T\u00e1j-Kert\u00e9sz 84 Kft.","description":"Kert\u00e9szeti kis- \u00e9s nagykeresked\u00e9s, D\u00edszn\u00f6v\u00e9ny web\u00e1ruh\u00e1z orsz\u00e1gos h\u00e1zhozsz\u00e1ll\u00edt\u00e1ssal!","publisher":{"@id":"https:\/\/tajkertesz.com\/#organization"},"potentialAction":[{"@type":"SearchAction","target":{"@type":"EntryPoint","urlTemplate":"https:\/\/tajkertesz.com\/?s={search_term_string}"},"query-input":{"@type":"PropertyValueSpecification","valueRequired":true,"valueName":"search_term_string"}}],"inLanguage":"en-US"},{"@type":"Organization","@id":"https:\/\/tajkertesz.com\/#organization","name":"T\u00e1j-Kert\u00e9sz 84 Kft.","url":"https:\/\/tajkertesz.com\/","logo":{"@type":"ImageObject","inLanguage":"en-US","@id":"https:\/\/tajkertesz.com\/#\/schema\/logo\/image\/","url":"https:\/\/tajkertesz.com\/wp-content\/uploads\/2018\/02\/logo-2-e1518678052539.png","contentUrl":"https:\/\/tajkertesz.com\/wp-content\/uploads\/2018\/02\/logo-2-e1518678052539.png","width":81,"height":140,"caption":"T\u00e1j-Kert\u00e9sz 84 Kft."},"image":{"@id":"https:\/\/tajkertesz.com\/#\/schema\/logo\/image\/"},"sameAs":["https:\/\/www.facebook.com\/Tajkertesz\/"]}]}},"_links":{"self":[{"href":"https:\/\/tajkertesz.com\/en_US\/wp-json\/wp\/v2\/product\/21461","targetHints":{"allow":["GET"]}}],"collection":[{"href":"https:\/\/tajkertesz.com\/en_US\/wp-json\/wp\/v2\/product"}],"about":[{"href":"https:\/\/tajkertesz.com\/en_US\/wp-json\/wp\/v2\/types\/product"}],"wp:featuredmedia":[{"embeddable":true,"href":"https:\/\/tajkertesz.com\/en_US\/wp-json\/wp\/v2\/media\/21462"}],"wp:attachment":[{"href":"https:\/\/tajkertesz.com\/en_US\/wp-json\/wp\/v2\/media?parent=21461"}],"wp:term":[{"taxonomy":"product_brand","embeddable":true,"href":"https:\/\/tajkertesz.com\/en_US\/wp-json\/wp\/v2\/product_brand?post=21461"},{"taxonomy":"product_cat","embeddable":true,"href":"https:\/\/tajkertesz.com\/en_US\/wp-json\/wp\/v2\/product_cat?post=21461"},{"taxonomy":"product_tag","embeddable":true,"href":"https:\/\/tajkertesz.com\/en_US\/wp-json\/wp\/v2\/product_tag?post=21461"}],"curies":[{"name":"wp","href":"https:\/\/api.w.org\/{rel}","templated":true}]}}