{"id":21463,"date":"2024-10-28T13:59:56","date_gmt":"2024-10-28T13:59:56","guid":{"rendered":"https:\/\/tajkertesz.com\/?post_type=product&#038;p=21463"},"modified":"2026-02-21T14:12:19","modified_gmt":"2026-02-21T14:12:19","slug":"vaccinium-corymbosum-chandler-kek-afonya-2","status":"publish","type":"product","link":"https:\/\/tajkertesz.com\/en_US\/product\/vaccinium-corymbosum-chandler-kek-afonya-2\/","title":{"rendered":"Vaccinium corymbosum \u2018Chandler\u2019 &#8211; K\u00e9k \u00e1fonya"},"content":{"rendered":"<h1>Vaccinium corymbosum \u2018Chandler\u2019 &#8211; K\u00e9k \u00e1fonya<\/h1>\n<p data-start=\"859\" data-end=\"1120\">A Vaccinium corymbosum \u2018Chandler\u2019 &#8211; K\u00e9k \u00e1fonya\u00a0a vil\u00e1g egyik <strong data-start=\"900\" data-end=\"934\">legnagyobb szem\u0171 \u00e1fonyafajt\u00e1ja<\/strong>, amely m\u00e9lt\u00e1n n\u00e9pszer\u0171 a h\u00e1zikert-tulajdonosok \u00e9s hobbitermeszt\u0151k k\u00f6r\u00e9ben. <strong data-start=\"1010\" data-end=\"1039\">Nagy m\u00e9ret\u0171, l\u00e9d\u00fas bogy\u00f3i<\/strong> 2\u20132,5 cm \u00e1tm\u00e9r\u0151j\u0171ek is lehetnek, arom\u00e1s, \u00e9des-savanyk\u00e1s \u00edz\u00fck rendk\u00edv\u00fcl kellemes.<\/p>\n<p data-start=\"1122\" data-end=\"1269\">A &#8216;Chandler&#8217; bokor <strong data-start=\"1141\" data-end=\"1175\">k\u00f6zepesen er\u0151teljes n\u00f6veked\u00e9s\u0171<\/strong>, <strong data-start=\"1177\" data-end=\"1209\">2 m\u00e9teres magass\u00e1got is el\u00e9r<\/strong>, \u00e9s ide\u00e1lis savany\u00fa talajba, napos vagy f\u00e9l\u00e1rny\u00e9kos helyre.<\/p>\n<hr data-start=\"1271\" data-end=\"1274\" \/>\n<h4 data-start=\"1276\" data-end=\"1298\">\ud83c\udf33 F\u0151bb jellemz\u0151k:<\/h4>\n<ul data-start=\"1300\" data-end=\"1871\">\n<li data-start=\"1300\" data-end=\"1326\">\n<p data-start=\"1302\" data-end=\"1326\"><strong data-start=\"1302\" data-end=\"1317\">Fajta neve:<\/strong> Chandler<\/p>\n<\/li>\n<li data-start=\"1327\" data-end=\"1381\">\n<p data-start=\"1329\" data-end=\"1381\"><strong data-start=\"1329\" data-end=\"1347\">Botanikai n\u00e9v:<\/strong> <em data-start=\"1348\" data-end=\"1381\">Vaccinium corymbosum &#8216;Chandler&#8217;<\/em><\/p>\n<\/li>\n<li data-start=\"1382\" data-end=\"1428\">\n<p data-start=\"1384\" data-end=\"1428\"><strong data-start=\"1384\" data-end=\"1400\">Term\u00e9sm\u00e9ret:<\/strong> Extra nagy, 20\u201325 mm \u00e1tm\u00e9r\u0151<\/p>\n<\/li>\n<li data-start=\"1429\" data-end=\"1501\">\n<p data-start=\"1431\" data-end=\"1501\"><strong data-start=\"1431\" data-end=\"1445\">\u00c9r\u00e9si id\u0151:<\/strong> J\u00falius k\u00f6zepe \u2013 augusztus v\u00e9ge (hossz\u00fa szed\u00e9si id\u0151szak)<\/p>\n<\/li>\n<li data-start=\"1502\" data-end=\"1530\">\n<p data-start=\"1504\" data-end=\"1530\"><strong data-start=\"1504\" data-end=\"1522\">Term\u0151k\u00e9pess\u00e9g:<\/strong> B\u0151term\u0151<\/p>\n<\/li>\n<li data-start=\"1531\" data-end=\"1567\">\n<p data-start=\"1533\" data-end=\"1567\"><strong data-start=\"1533\" data-end=\"1547\">N\u00f6veked\u00e9s:<\/strong> 1,5\u20132 m magas bokor<\/p>\n<\/li>\n<li data-start=\"1568\" data-end=\"1654\">\n<p data-start=\"1570\" data-end=\"1654\"><strong data-start=\"1570\" data-end=\"1588\">Porz\u00e1si ig\u00e9ny:<\/strong> \u00d6nterm\u00e9keny, de m\u00e1s \u00e1fonyafajt\u00e1kkal egy\u00fctt \u00fcltetve b\u0151vebben terem<\/p>\n<\/li>\n<li data-start=\"1655\" data-end=\"1721\">\n<p data-start=\"1657\" data-end=\"1721\"><strong data-start=\"1657\" data-end=\"1674\">Felhaszn\u00e1l\u00e1s:<\/strong> Friss fogyaszt\u00e1s, fagyaszt\u00e1s, lekv\u00e1r, s\u00fctem\u00e9ny<\/p>\n<\/li>\n<li data-start=\"1722\" data-end=\"1775\">\n<p data-start=\"1724\" data-end=\"1775\"><strong data-start=\"1724\" data-end=\"1738\">F\u00e9nyig\u00e9ny:<\/strong> Napos vagy f\u00e9l\u00e1rny\u00e9kos helyet kedvel<\/p>\n<\/li>\n<li data-start=\"1776\" data-end=\"1871\">\n<p data-start=\"1778\" data-end=\"1871\"><strong data-start=\"1778\" data-end=\"1793\">Talajig\u00e9ny:<\/strong> Savany\u00fa pH (4,5\u20135,5), j\u00f3 v\u00edzgazd\u00e1lkod\u00e1s\u00fa f\u00f6ld (pl. t\u0151zeg, feny\u0151k\u00e9reg kever\u00e9k)<\/p>\n<\/li>\n<\/ul>\n<hr data-start=\"1873\" data-end=\"1876\" \/>\n<h4 data-start=\"1878\" data-end=\"1916\">\ud83c\udf31 \u00dcltet\u00e9si \u00e9s gondoz\u00e1si tan\u00e1csok:<\/h4>\n<p data-start=\"1918\" data-end=\"2199\">A Vaccinium &#8216;Chandler&#8217; csak <strong data-start=\"1946\" data-end=\"1966\">savany\u00fa talajban<\/strong> fejl\u0151dik megfelel\u0151en, ez\u00e9rt ha a kerti talaj meszes, kont\u00e9neres vagy magas\u00e1gy\u00e1sos nevel\u00e9s aj\u00e1nlott. \u00dcltet\u00e9skor haszn\u00e1lj <strong data-start=\"2087\" data-end=\"2125\">\u00e1fonya f\u00f6ldet vagy savany\u00fa t\u0151zeget<\/strong>, \u00e9s gondoskodj a <strong data-start=\"2143\" data-end=\"2168\">rendszeres \u00f6nt\u00f6z\u00e9sr\u0151l<\/strong>, k\u00fcl\u00f6n\u00f6sen a ny\u00e1ri id\u0151szakban.<\/p>\n<h4><strong>\ud83d\udd04 K\u00e9szletinform\u00e1ci\u00f3<\/strong><\/h4>\n<p><strong>K\u00e9szlet\u00fcnk napi szinten v\u00e1ltozik, \u00edgy a webshopban szerepl<\/strong><strong>\u0151<\/strong><strong>\u00a0term\u00e9kek el\u00e9rhet<\/strong><strong>\u0151<\/strong><strong>s\u00e9ge nem garant\u00e1lt.<br \/>\n\ud83d\udcde A megrendel\u00e9s el<\/strong><strong>\u0151<\/strong><strong>tt k\u00e9rj\u00fck, \u00e9rdekl<\/strong><strong>\u0151<\/strong><strong>dj\u00f6n szem\u00e9lyesen, telefonon vagy e-mailben!<\/strong><\/p>\n<h4><strong>\u27a1\ufe0f Kapcsolat:<\/strong><\/h4>\n<ul>\n<li><strong>Weboldal:\u00a0<\/strong><a href=\"https:\/\/tajkertesz.com\/\"><strong>tajkertesz.com<\/strong><\/a><\/li>\n<li><strong>Facebook:\u00a0<\/strong><a href=\"https:\/\/www.facebook.com\/tajkertesz\/\"><strong>facebook.com\/tajkertesz<\/strong><\/a><\/li>\n<li><strong>Telefonsz\u00e1m, e-mail: +36\/20-319-3770\u00a0<\/strong><a href=\"mailto:tajkerteszaruda@gmail.com\"><strong>tajkerteszaruda@gmail.com<\/strong><\/a><\/li>\n<\/ul>\n<h4><strong>\ud83d\ude9a Sz\u00e1ll\u00edt\u00e1si inform\u00e1ci\u00f3k<\/strong><\/h4>\n<p><strong>A megrendelt n\u00f6v\u00e9nyek kisz\u00e1ll\u00edt\u00e1sa az al\u00e1bbi felt\u00e9telek mellett t\u00f6rt\u00e9nik:<\/strong><\/p>\n<h4><strong>\ud83d\udce6 Fut\u00e1rszolg\u00e1latos sz\u00e1ll\u00edt\u00e1s<\/strong><\/h4>\n<ul>\n<li><strong>Maxim\u00e1lis m\u00e9ret: 200 cm (hossz\u00fas\u00e1g)<\/strong><\/li>\n<li><strong>Maxim\u00e1lis s\u00faly: 40 kg<\/strong><\/li>\n<li><strong>Az enn\u00e9l kisebb \u00e9s k\u00f6nnyebb csomagokat fut\u00e1rszolg\u00e1lattal k\u00e9zbes\u00edtj\u00fck a lehet<\/strong><strong>\u0151<\/strong><strong>\u00a0legbiztons\u00e1gosabb csomagol\u00e1sban.<\/strong><\/li>\n<\/ul>\n<h4><strong>\ud83d\udefb Szem\u00e9lyes \u00e1tv\u00e9tel<\/strong><\/h4>\n<ul>\n<li><strong>1173 Budapest, Bakancsos utca 7. sz\u00e1m alatt nyitvatart\u00e1si id<\/strong><strong>\u0151<\/strong><strong>ben szem\u00e9lyesen \u00e1tvehet<\/strong><strong>\u0151<\/strong><strong>\u00a0kert\u00e9szeti \u00e1rud\u00e1nkban.<\/strong><\/li>\n<li><strong>K\u00f6lts\u00e9ghat\u00e9kony megold\u00e1s nagyobb, t\u00f6r\u00e9kenyebb vagy t\u00falm\u00e9retes n\u00f6v\u00e9nyek eset\u00e9n.<\/strong><\/li>\n<\/ul>\n<h4><strong>\ud83d\udcde Nagy m\u00e9ret<\/strong><strong>\u0171<\/strong><strong>\u00a0vagy s\u00faly\u00fa n\u00f6v\u00e9nyek eset\u00e9n<\/strong><\/h4>\n<p><strong>Ha a term\u00e9k:<\/strong><\/p>\n<ul>\n<li><strong>meghaladja a 200 cm hossz\u00fas\u00e1got vagy<\/strong><\/li>\n<li><strong>meghaladja a 40 kg s\u00falyt,<\/strong><\/li>\n<\/ul>\n<p><strong>akkor szem\u00e9lyes \u00e1tv\u00e9tellel vagy egyedi, el<\/strong><strong>\u0151<\/strong><strong>re egyeztetett sz\u00e1ll\u00edt\u00e1si felt\u00e9telek mellett t\u00f6rt\u00e9nik.<br \/>\nK\u00e9rj\u00fck, ilyen esetben rendel\u00e9s el<\/strong><strong>\u0151<\/strong><strong>tt vegye fel vel\u00fcnk a kapcsolatot, hogy a lehet<\/strong><strong>\u0151<\/strong><strong>\u00a0legmegfelel<\/strong><strong>\u0151<\/strong><strong>bb sz\u00e1ll\u00edt\u00e1si megold\u00e1st k\u00edn\u00e1lhassuk.<\/strong><\/p>\n<p><strong>\ud83d\udd14 Fontos: A n\u00f6v\u00e9nyeket minden esetben igyeksz\u00fcnk gondosan, egyes\u00e9vel csomagolni, azonban a sz\u00e1ll\u00edt\u00e1s sor\u00e1n kisebb eszt\u00e9tikai s\u00e9r\u00fcl\u00e9sek el<\/strong><strong>\u0151<\/strong><strong>fordulhatnak (pl. lev\u00e9lhull\u00e1s). Ez nem min<\/strong><strong>\u0151<\/strong><strong>s\u00fcl hib\u00e1s teljes\u00edt\u00e9snek.<\/strong><\/p>\n<h4><strong>\ud83d\udcf7 Fontos tudni a k\u00e9pekr<\/strong><strong>\u0151<\/strong><strong>l<\/strong><\/h4>\n<p><strong>A webshopban szerepl<\/strong><strong>\u0151<\/strong><strong>\u00a0k\u00e9pek illusztr\u00e1ci\u00f3k, a n\u00f6v\u00e9nyek term\u00e9szet\u00fckn\u00e9l fogva egyediek, \u00edgy m\u00e9retben, alakban \u00e9s sz\u00ednben minim\u00e1lis elt\u00e9r\u00e9sek el<\/strong><strong>\u0151<\/strong><strong>fordulhatnak a k\u00e9pen l\u00e1that\u00f3 \u00e9s a val\u00f3s p\u00e9ld\u00e1nyok k\u00f6z\u00f6tt.<\/strong><\/p>\n<h4><strong>\ud83e\uddfe \u00c1rak \u00e9s el\u00e1ll\u00e1si jog<\/strong><\/h4>\n<ul>\n<li><strong>Az \u00e1rak egy darab\u00a0n\u00f6v\u00e9nyre vonatkoznak.<\/strong><\/li>\n<li><strong>\u00c9l<\/strong><strong>\u0151<\/strong><strong>\u00a0n\u00f6v\u00e9nyek rendel\u00e9se eset\u00e9n a 14 napos el\u00e1ll\u00e1s joga nem \u00e9rv\u00e9nyes\u00edthet<\/strong><strong>\u0151<\/strong><strong>, mivel azok romland\u00f3, biol\u00f3giailag \u00e9l<\/strong><strong>\u0151<\/strong><strong>\u00a0term\u00e9keknek min<\/strong><strong>\u0151<\/strong><strong>s\u00fclnek.<br \/>\n\ud83d\udd12 (17\/1999. (II. 5.) Korm. rendelet 5. \u00a7 c) pontja alapj\u00e1n)<\/strong><\/li>\n<\/ul>\n<h4><strong>\ud83d\udce6 K\u00e9zbes\u00edt\u00e9s ut\u00e1ni teend<\/strong><strong>\u0151<\/strong><strong>k<\/strong><\/h4>\n<p><strong>A k\u00e9zbes\u00edt\u00e9st k\u00f6vet<\/strong><strong>\u0151<\/strong><strong>en a csomagot azonnal bontsuk ki, \u00e9s a n\u00f6v\u00e9nyt helyezz\u00fck el megfelel<\/strong><strong>\u0151<\/strong><strong>\u00a0k\u00f6rnyezetben.<br \/>\nFontos: ha a n\u00f6v\u00e9ny nem r\u00e9szes\u00fcl megfelel<\/strong><strong>\u0151<\/strong><strong>\u00a0gondoz\u00e1sban \u00e9s ennek k\u00f6vetkezt\u00e9ben k\u00e1rosodik vagy elpusztul, felel<\/strong><strong>\u0151<\/strong><strong>ss\u00e9get nem tudunk v\u00e1llalni.<\/strong><\/p>","protected":false},"excerpt":{"rendered":"<p>Az egyik legnagyobb term\u00e9s\u0171 k\u00e9k \u00e1fonya fajta. Hossz\u00fa sz\u00fcretel\u00e9si id\u0151szak, kiv\u00e1l\u00f3 \u00edz, kont\u00e9nerben is nevelhet\u0151. K\u00f6z\u00e9pk\u00e9s\u0151i \u00e9r\u00e9s\u0171, b\u0151term\u0151 fajta.<\/p>\n<p>M\u00e9rete: 25-35 cm magas, 2 literes kont\u00e9nerben kaphat\u00f3.<\/p>","protected":false},"featured_media":21464,"template":"","meta":{"_et_pb_use_builder":"","_et_pb_old_content":"","_et_gb_content_width":""},"product_brand":[],"product_cat":[29,5327],"product_tag":[7052,7053,7056,7054,7055,3808,7057,7051,1488,7050],"class_list":{"0":"post-21463","1":"product","2":"type-product","3":"status-publish","4":"has-post-thumbnail","6":"product_cat-gyumolcsfak-gyumolcstermo-novenyek","7":"product_cat-gyumolcstermok","8":"product_tag-afonya-bokor","9":"product_tag-afonya-csemete","10":"product_tag-afonya-kontenerben","11":"product_tag-afonya-vasarlas","12":"product_tag-bogyos-gyumolcs","13":"product_tag-kek-afonya","14":"product_tag-nyari-gyumolcs","15":"product_tag-orias-afonya","16":"product_tag-savanyu-talaj","17":"product_tag-vaccinium-chandler","19":"first","20":"instock","21":"shipping-taxable","22":"purchasable","23":"product-type-simple"},"yoast_head":"<!-- This site is optimized with the Yoast SEO plugin v27.5 - https:\/\/yoast.com\/product\/yoast-seo-wordpress\/ -->\n<title>Vaccinium corymbosum \u2018Chandler\u2019 - K\u00e9k \u00e1fonya - T\u00e1jkert\u00e9sz<\/title>\n<meta name=\"description\" content=\"Vaccinium corymbosum \u2018Chandler\u2019 - K\u00e9k \u00e1fonya fajta, amelyet nagy m\u00e9ret\u0171 gy\u00fcm\u00f6lcsei \u00e9miatt kedvelnek. \u00e9s kiv\u00e1l\u00f3 v\u00e1laszt\u00e1s h\u00e1zikerti \u00fcltet\u00e9sre\" \/>\n<meta name=\"robots\" content=\"index, follow, max-snippet:-1, max-image-preview:large, max-video-preview:-1\" \/>\n<link rel=\"canonical\" href=\"https:\/\/tajkertesz.com\/en_US\/product\/vaccinium-corymbosum-chandler-kek-afonya-2\/\" \/>\n<meta property=\"og:locale\" content=\"en_US\" \/>\n<meta property=\"og:type\" content=\"article\" \/>\n<meta property=\"og:title\" content=\"Vaccinium corymbosum \u2018Chandler\u2019 - K\u00e9k \u00e1fonya - T\u00e1jkert\u00e9sz\" \/>\n<meta property=\"og:description\" content=\"Vaccinium corymbosum \u2018Chandler\u2019 - K\u00e9k \u00e1fonya fajta, amelyet nagy m\u00e9ret\u0171 gy\u00fcm\u00f6lcsei \u00e9miatt kedvelnek. \u00e9s kiv\u00e1l\u00f3 v\u00e1laszt\u00e1s h\u00e1zikerti \u00fcltet\u00e9sre\" \/>\n<meta property=\"og:url\" content=\"https:\/\/tajkertesz.com\/en_US\/product\/vaccinium-corymbosum-chandler-kek-afonya-2\/\" \/>\n<meta property=\"og:site_name\" content=\"T\u00e1jkert\u00e9sz\" \/>\n<meta property=\"article:publisher\" content=\"https:\/\/www.facebook.com\/Tajkertesz\/\" \/>\n<meta property=\"article:modified_time\" content=\"2026-02-21T14:12:19+00:00\" \/>\n<meta property=\"og:image\" content=\"https:\/\/tajkertesz.com\/wp-content\/uploads\/2024\/10\/vaccinium_corymbosum_chandler_1s1b4409-3.-pim2-bcm-scaled.jpg\" \/>\n\t<meta property=\"og:image:width\" content=\"1707\" \/>\n\t<meta property=\"og:image:height\" content=\"2560\" \/>\n\t<meta property=\"og:image:type\" content=\"image\/jpeg\" \/>\n<meta name=\"twitter:card\" content=\"summary_large_image\" \/>\n<meta name=\"twitter:label1\" content=\"Est. reading time\" \/>\n\t<meta name=\"twitter:data1\" content=\"3 minutes\" \/>\n<script type=\"application\/ld+json\" class=\"yoast-schema-graph\">{\"@context\":\"https:\\\/\\\/schema.org\",\"@graph\":[{\"@type\":\"WebPage\",\"@id\":\"https:\\\/\\\/tajkertesz.com\\\/termek\\\/vaccinium-corymbosum-chandler-kek-afonya-2\\\/\",\"url\":\"https:\\\/\\\/tajkertesz.com\\\/termek\\\/vaccinium-corymbosum-chandler-kek-afonya-2\\\/\",\"name\":\"Vaccinium corymbosum \u2018Chandler\u2019 - K\u00e9k \u00e1fonya - T\u00e1jkert\u00e9sz\",\"isPartOf\":{\"@id\":\"https:\\\/\\\/tajkertesz.com\\\/#website\"},\"primaryImageOfPage\":{\"@id\":\"https:\\\/\\\/tajkertesz.com\\\/termek\\\/vaccinium-corymbosum-chandler-kek-afonya-2\\\/#primaryimage\"},\"image\":{\"@id\":\"https:\\\/\\\/tajkertesz.com\\\/termek\\\/vaccinium-corymbosum-chandler-kek-afonya-2\\\/#primaryimage\"},\"thumbnailUrl\":\"https:\\\/\\\/tajkertesz.com\\\/wp-content\\\/uploads\\\/2024\\\/10\\\/vaccinium_corymbosum_chandler_1s1b4409-3.-pim2-bcm-scaled.jpg\",\"datePublished\":\"2024-10-28T13:59:56+00:00\",\"dateModified\":\"2026-02-21T14:12:19+00:00\",\"description\":\"Vaccinium corymbosum \u2018Chandler\u2019 - K\u00e9k \u00e1fonya fajta, amelyet nagy m\u00e9ret\u0171 gy\u00fcm\u00f6lcsei \u00e9miatt kedvelnek. \u00e9s kiv\u00e1l\u00f3 v\u00e1laszt\u00e1s h\u00e1zikerti \u00fcltet\u00e9sre\",\"breadcrumb\":{\"@id\":\"https:\\\/\\\/tajkertesz.com\\\/termek\\\/vaccinium-corymbosum-chandler-kek-afonya-2\\\/#breadcrumb\"},\"inLanguage\":\"en-US\",\"potentialAction\":[{\"@type\":\"ReadAction\",\"target\":[\"https:\\\/\\\/tajkertesz.com\\\/termek\\\/vaccinium-corymbosum-chandler-kek-afonya-2\\\/\"]}]},{\"@type\":\"ImageObject\",\"inLanguage\":\"en-US\",\"@id\":\"https:\\\/\\\/tajkertesz.com\\\/termek\\\/vaccinium-corymbosum-chandler-kek-afonya-2\\\/#primaryimage\",\"url\":\"https:\\\/\\\/tajkertesz.com\\\/wp-content\\\/uploads\\\/2024\\\/10\\\/vaccinium_corymbosum_chandler_1s1b4409-3.-pim2-bcm-scaled.jpg\",\"contentUrl\":\"https:\\\/\\\/tajkertesz.com\\\/wp-content\\\/uploads\\\/2024\\\/10\\\/vaccinium_corymbosum_chandler_1s1b4409-3.-pim2-bcm-scaled.jpg\",\"width\":1707,\"height\":2560,\"caption\":\"Vaccinium corymbosum \u2018Chandler\u2019 - K\u00e9k \u00e1fonya\"},{\"@type\":\"BreadcrumbList\",\"@id\":\"https:\\\/\\\/tajkertesz.com\\\/termek\\\/vaccinium-corymbosum-chandler-kek-afonya-2\\\/#breadcrumb\",\"itemListElement\":[{\"@type\":\"ListItem\",\"position\":1,\"name\":\"Home\",\"item\":\"https:\\\/\\\/tajkertesz.com\\\/\"},{\"@type\":\"ListItem\",\"position\":2,\"name\":\"Kezd\u0151lap\",\"item\":\"https:\\\/\\\/tajkertesz.com\\\/\"},{\"@type\":\"ListItem\",\"position\":3,\"name\":\"Vaccinium corymbosum \u2018Chandler\u2019 &#8211; K\u00e9k \u00e1fonya\"}]},{\"@type\":\"WebSite\",\"@id\":\"https:\\\/\\\/tajkertesz.com\\\/#website\",\"url\":\"https:\\\/\\\/tajkertesz.com\\\/\",\"name\":\"T\u00e1j-Kert\u00e9sz 84 Kft.\",\"description\":\"Kert\u00e9szeti kis- \u00e9s nagykeresked\u00e9s, D\u00edszn\u00f6v\u00e9ny web\u00e1ruh\u00e1z orsz\u00e1gos h\u00e1zhozsz\u00e1ll\u00edt\u00e1ssal!\",\"publisher\":{\"@id\":\"https:\\\/\\\/tajkertesz.com\\\/#organization\"},\"potentialAction\":[{\"@type\":\"SearchAction\",\"target\":{\"@type\":\"EntryPoint\",\"urlTemplate\":\"https:\\\/\\\/tajkertesz.com\\\/?s={search_term_string}\"},\"query-input\":{\"@type\":\"PropertyValueSpecification\",\"valueRequired\":true,\"valueName\":\"search_term_string\"}}],\"inLanguage\":\"en-US\"},{\"@type\":\"Organization\",\"@id\":\"https:\\\/\\\/tajkertesz.com\\\/#organization\",\"name\":\"T\u00e1j-Kert\u00e9sz 84 Kft.\",\"url\":\"https:\\\/\\\/tajkertesz.com\\\/\",\"logo\":{\"@type\":\"ImageObject\",\"inLanguage\":\"en-US\",\"@id\":\"https:\\\/\\\/tajkertesz.com\\\/#\\\/schema\\\/logo\\\/image\\\/\",\"url\":\"https:\\\/\\\/tajkertesz.com\\\/wp-content\\\/uploads\\\/2018\\\/02\\\/logo-2-e1518678052539.png\",\"contentUrl\":\"https:\\\/\\\/tajkertesz.com\\\/wp-content\\\/uploads\\\/2018\\\/02\\\/logo-2-e1518678052539.png\",\"width\":81,\"height\":140,\"caption\":\"T\u00e1j-Kert\u00e9sz 84 Kft.\"},\"image\":{\"@id\":\"https:\\\/\\\/tajkertesz.com\\\/#\\\/schema\\\/logo\\\/image\\\/\"},\"sameAs\":[\"https:\\\/\\\/www.facebook.com\\\/Tajkertesz\\\/\"]}]}<\/script>\n<!-- \/ Yoast SEO plugin. -->","yoast_head_json":{"title":"Vaccinium corymbosum \u2018Chandler\u2019 - K\u00e9k \u00e1fonya - T\u00e1jkert\u00e9sz","description":"Vaccinium corymbosum \u2018Chandler\u2019 - K\u00e9k \u00e1fonya fajta, amelyet nagy m\u00e9ret\u0171 gy\u00fcm\u00f6lcsei \u00e9miatt kedvelnek. \u00e9s kiv\u00e1l\u00f3 v\u00e1laszt\u00e1s h\u00e1zikerti \u00fcltet\u00e9sre","robots":{"index":"index","follow":"follow","max-snippet":"max-snippet:-1","max-image-preview":"max-image-preview:large","max-video-preview":"max-video-preview:-1"},"canonical":"https:\/\/tajkertesz.com\/en_US\/product\/vaccinium-corymbosum-chandler-kek-afonya-2\/","og_locale":"en_US","og_type":"article","og_title":"Vaccinium corymbosum \u2018Chandler\u2019 - K\u00e9k \u00e1fonya - T\u00e1jkert\u00e9sz","og_description":"Vaccinium corymbosum \u2018Chandler\u2019 - K\u00e9k \u00e1fonya fajta, amelyet nagy m\u00e9ret\u0171 gy\u00fcm\u00f6lcsei \u00e9miatt kedvelnek. \u00e9s kiv\u00e1l\u00f3 v\u00e1laszt\u00e1s h\u00e1zikerti \u00fcltet\u00e9sre","og_url":"https:\/\/tajkertesz.com\/en_US\/product\/vaccinium-corymbosum-chandler-kek-afonya-2\/","og_site_name":"T\u00e1jkert\u00e9sz","article_publisher":"https:\/\/www.facebook.com\/Tajkertesz\/","article_modified_time":"2026-02-21T14:12:19+00:00","og_image":[{"width":1707,"height":2560,"url":"https:\/\/tajkertesz.com\/wp-content\/uploads\/2024\/10\/vaccinium_corymbosum_chandler_1s1b4409-3.-pim2-bcm-scaled.jpg","type":"image\/jpeg"}],"twitter_card":"summary_large_image","twitter_misc":{"Est. reading time":"3 minutes"},"schema":{"@context":"https:\/\/schema.org","@graph":[{"@type":"WebPage","@id":"https:\/\/tajkertesz.com\/termek\/vaccinium-corymbosum-chandler-kek-afonya-2\/","url":"https:\/\/tajkertesz.com\/termek\/vaccinium-corymbosum-chandler-kek-afonya-2\/","name":"Vaccinium corymbosum \u2018Chandler\u2019 - K\u00e9k \u00e1fonya - T\u00e1jkert\u00e9sz","isPartOf":{"@id":"https:\/\/tajkertesz.com\/#website"},"primaryImageOfPage":{"@id":"https:\/\/tajkertesz.com\/termek\/vaccinium-corymbosum-chandler-kek-afonya-2\/#primaryimage"},"image":{"@id":"https:\/\/tajkertesz.com\/termek\/vaccinium-corymbosum-chandler-kek-afonya-2\/#primaryimage"},"thumbnailUrl":"https:\/\/tajkertesz.com\/wp-content\/uploads\/2024\/10\/vaccinium_corymbosum_chandler_1s1b4409-3.-pim2-bcm-scaled.jpg","datePublished":"2024-10-28T13:59:56+00:00","dateModified":"2026-02-21T14:12:19+00:00","description":"Vaccinium corymbosum \u2018Chandler\u2019 - K\u00e9k \u00e1fonya fajta, amelyet nagy m\u00e9ret\u0171 gy\u00fcm\u00f6lcsei \u00e9miatt kedvelnek. \u00e9s kiv\u00e1l\u00f3 v\u00e1laszt\u00e1s h\u00e1zikerti \u00fcltet\u00e9sre","breadcrumb":{"@id":"https:\/\/tajkertesz.com\/termek\/vaccinium-corymbosum-chandler-kek-afonya-2\/#breadcrumb"},"inLanguage":"en-US","potentialAction":[{"@type":"ReadAction","target":["https:\/\/tajkertesz.com\/termek\/vaccinium-corymbosum-chandler-kek-afonya-2\/"]}]},{"@type":"ImageObject","inLanguage":"en-US","@id":"https:\/\/tajkertesz.com\/termek\/vaccinium-corymbosum-chandler-kek-afonya-2\/#primaryimage","url":"https:\/\/tajkertesz.com\/wp-content\/uploads\/2024\/10\/vaccinium_corymbosum_chandler_1s1b4409-3.-pim2-bcm-scaled.jpg","contentUrl":"https:\/\/tajkertesz.com\/wp-content\/uploads\/2024\/10\/vaccinium_corymbosum_chandler_1s1b4409-3.-pim2-bcm-scaled.jpg","width":1707,"height":2560,"caption":"Vaccinium corymbosum \u2018Chandler\u2019 - K\u00e9k \u00e1fonya"},{"@type":"BreadcrumbList","@id":"https:\/\/tajkertesz.com\/termek\/vaccinium-corymbosum-chandler-kek-afonya-2\/#breadcrumb","itemListElement":[{"@type":"ListItem","position":1,"name":"Home","item":"https:\/\/tajkertesz.com\/"},{"@type":"ListItem","position":2,"name":"Kezd\u0151lap","item":"https:\/\/tajkertesz.com\/"},{"@type":"ListItem","position":3,"name":"Vaccinium corymbosum \u2018Chandler\u2019 &#8211; K\u00e9k \u00e1fonya"}]},{"@type":"WebSite","@id":"https:\/\/tajkertesz.com\/#website","url":"https:\/\/tajkertesz.com\/","name":"T\u00e1j-Kert\u00e9sz 84 Kft.","description":"Kert\u00e9szeti kis- \u00e9s nagykeresked\u00e9s, D\u00edszn\u00f6v\u00e9ny web\u00e1ruh\u00e1z orsz\u00e1gos h\u00e1zhozsz\u00e1ll\u00edt\u00e1ssal!","publisher":{"@id":"https:\/\/tajkertesz.com\/#organization"},"potentialAction":[{"@type":"SearchAction","target":{"@type":"EntryPoint","urlTemplate":"https:\/\/tajkertesz.com\/?s={search_term_string}"},"query-input":{"@type":"PropertyValueSpecification","valueRequired":true,"valueName":"search_term_string"}}],"inLanguage":"en-US"},{"@type":"Organization","@id":"https:\/\/tajkertesz.com\/#organization","name":"T\u00e1j-Kert\u00e9sz 84 Kft.","url":"https:\/\/tajkertesz.com\/","logo":{"@type":"ImageObject","inLanguage":"en-US","@id":"https:\/\/tajkertesz.com\/#\/schema\/logo\/image\/","url":"https:\/\/tajkertesz.com\/wp-content\/uploads\/2018\/02\/logo-2-e1518678052539.png","contentUrl":"https:\/\/tajkertesz.com\/wp-content\/uploads\/2018\/02\/logo-2-e1518678052539.png","width":81,"height":140,"caption":"T\u00e1j-Kert\u00e9sz 84 Kft."},"image":{"@id":"https:\/\/tajkertesz.com\/#\/schema\/logo\/image\/"},"sameAs":["https:\/\/www.facebook.com\/Tajkertesz\/"]}]}},"_links":{"self":[{"href":"https:\/\/tajkertesz.com\/en_US\/wp-json\/wp\/v2\/product\/21463","targetHints":{"allow":["GET"]}}],"collection":[{"href":"https:\/\/tajkertesz.com\/en_US\/wp-json\/wp\/v2\/product"}],"about":[{"href":"https:\/\/tajkertesz.com\/en_US\/wp-json\/wp\/v2\/types\/product"}],"wp:featuredmedia":[{"embeddable":true,"href":"https:\/\/tajkertesz.com\/en_US\/wp-json\/wp\/v2\/media\/21464"}],"wp:attachment":[{"href":"https:\/\/tajkertesz.com\/en_US\/wp-json\/wp\/v2\/media?parent=21463"}],"wp:term":[{"taxonomy":"product_brand","embeddable":true,"href":"https:\/\/tajkertesz.com\/en_US\/wp-json\/wp\/v2\/product_brand?post=21463"},{"taxonomy":"product_cat","embeddable":true,"href":"https:\/\/tajkertesz.com\/en_US\/wp-json\/wp\/v2\/product_cat?post=21463"},{"taxonomy":"product_tag","embeddable":true,"href":"https:\/\/tajkertesz.com\/en_US\/wp-json\/wp\/v2\/product_tag?post=21463"}],"curies":[{"name":"wp","href":"https:\/\/api.w.org\/{rel}","templated":true}]}}