{"id":21473,"date":"2024-10-29T07:57:25","date_gmt":"2024-10-29T07:57:25","guid":{"rendered":"https:\/\/tajkertesz.com\/?post_type=product&#038;p=21473"},"modified":"2026-02-12T15:05:52","modified_gmt":"2026-02-12T15:05:52","slug":"icl-h2pro-aquasmart-talajnedvesito-szer-1-liter","status":"publish","type":"product","link":"https:\/\/tajkertesz.com\/en_US\/product\/icl-h2pro-aquasmart-talajnedvesito-szer-1-liter\/","title":{"rendered":"ICL H2Pro AquaSmart talajnedves\u00edt\u0151 szer 1 liter"},"content":{"rendered":"<h2 class=\"page-head-title product-page-head-title position-relative\">ICL H2Pro AquaSmart talajnedves\u00edt\u0151 szer 1 liter<\/h2>\n<p>ICL H2Pro AquaSmart talajnedves\u00edt\u0151 szer 1 liter<\/p>\n<p>Gyep\u00e1pol\u00e1s<\/p>\n<p>Ennek a term\u00e9knek a seg\u00edts\u00e9g\u00e9vel r\u00f6vid id\u0151 alatt egy eg\u00e9szs\u00e9ges z\u00f6ld gyepet var\u00e1zsolhat az udvarban. ..<\/p>\n<p>Az ICL H2Pro AquaSmart talajnedves\u00edt\u0151 szer egyed\u00fcl\u00e1ll\u00f3 fel\u00fcletakt\u00edv anyagokban gazdag \u00f6sszet\u00e9tel\u00e9nek k\u00f6sz\u00f6nhet\u0151en jav\u00edtja a gyep v\u00edzfelhaszn\u00e1l\u00e1s\u00e1nak hat\u00e9konys\u00e1g\u00e1t a sz\u00e1raz ny\u00e1ri h\u00f3napokban, \u00e9s seg\u00edts\u00e9g\u00e9vel jobban hasznosul az \u00f6nt\u00f6z\u0151v\u00edz vagy a legcsek\u00e9lyebb csapad\u00e9k is.<\/p>\n<p>Az alacsony sz\u00fcks\u00e9ges d\u00f3zisnak k\u00f6sz\u00f6nhet\u0151en kiv\u00e1l\u00f3 \u00e1r-\u00e9rt\u00e9k ar\u00e1ny\u00fa term\u00e9k.<\/p>\n<p>A H2Pro AquaSmart a nedves\u00edt\u0151szer l\u00e9nyege: \u00e1that\u00f3 \u00e9s tart\u00f3s\u00edt\u00f3 hat\u00e1ssal gyorsan hat.<\/p>\n<p>Az ICL H2Pro AquaSmart egyike azoknak a term\u00e9keknek, amelyeket a SMART Turf gyepkezel\u00e9si programokhoz foly\u00e9kony term\u00e9kek felhaszn\u00e1l\u00e1s\u00e1val v\u00e1lasztottak ki.<\/p>\n<p>Az ICL H2Pro AquaSmart megakad\u00e1lyozza a hidrof\u00f3b foltok kialakul\u00e1s\u00e1t, optimaliz\u00e1lja az \u00f6nt\u00f6z\u00e9skezel\u00e9st.<\/p>\n<ul>\n<li><strong>ICL H2Pro TriSmart el\u0151nyei:<\/strong>\n<ul>\n<li>rendk\u00edv\u00fcl hat\u00e9kony, h\u00e1rmas hat\u00e1s\u00fa formula<\/li>\n<li>hat\u00e9konyan alkalmazhat\u00f3 a gyep sz\u00e1raz foltjai ellen<\/li>\n<li>egyenletesen osztja sz\u00e9t a nedvess\u00e9get a talaj fels\u0151 r\u00e9teg\u00e9ben<\/li>\n<li>jelent\u0151sen cs\u00f6kkenti az \u00f6nt\u00f6z\u00e9s sz\u00fcks\u00e9gess\u00e9g\u00e9t, ez\u00e1ltal p\u00e9nzt sp\u00f3rolhatunk meg a haszn\u00e1lat\u00e1val.<\/li>\n<\/ul>\n<\/li>\n<\/ul>\n<p>A legjobb eredm\u00e9ny el\u00e9r\u00e9se \u00e9rdek\u00e9ben haszn\u00e1lja h\u00e1rom-n\u00e9gy alkalommal a ny\u00e1r folyam\u00e1n.<\/p>\n<p><span style=\"color: #000000; font-family: Arial;\"><span style=\"font-size: 13.3333px; background-color: #f0f0f0;\">Hogyan kell haszn\u00e1lni?<\/span><\/span><\/p>\n<div id=\"collapseFive-5\" class=\"accordion-collapse mt-3 how-to-use collapse show\" aria-labelledby=\"heading5\" data-node-item=\"1928\">\n<div class=\"accordion-body\" data-node-item=\"1929\">\n<div class=\"use-container\" data-node-item=\"1930\">\n<div class=\"row\" data-node-item=\"1931\">\n<div class=\"col-xl-6 col-mb-6 col-sm-12 list-block p-0\" data-node-item=\"1932\">\n<div class=\"steps\" data-node-item=\"1933\">\n<div class=\"step\" data-node-item=\"1934\">\n<div class=\"ball\" data-node-item=\"1935\">1 A legjobb eredm\u00e9ny el\u00e9r\u00e9se \u00e9rdek\u00e9ben alkalmazza 3 vagy 4 alkalommal tavasszal\/ny\u00e1ron, m\u00e1rciust\u00f3l okt\u00f3berig<\/div>\n<\/div>\n<div class=\"step\" data-node-item=\"1937\">\n<div class=\"ball\" data-node-item=\"1938\">2 M\u00e1s foly\u00e9kony term\u00e9kekkel egy\u00fctt haszn\u00e1lhat\u00f3<\/div>\n<\/div>\n<div class=\"step\" data-node-item=\"1940\">\n<div class=\"ball\" data-node-item=\"1941\">3 Sz\u00e1raz helyen t\u00e1roland\u00f3<\/div>\n<\/div>\n<div class=\"step\" data-node-item=\"1943\">\n<div class=\"ball\" data-node-item=\"1944\">4 Mindig szorosan z\u00e1rja le a r\u00e9szben haszn\u00e1lt tart\u00e1lyokat<\/div>\n<\/div>\n<div class=\"step\" data-node-item=\"1946\">\n<div class=\"ball\" data-node-item=\"1947\">5 Tov\u00e1bbi inform\u00e1ci\u00f3\u00e9rt forduljon a m\u0171szaki tan\u00e1csad\u00f3 szolg\u00e1lathoz<\/div>\n<\/div>\n<\/div>\n<\/div>\n<\/div>\n<\/div>\n<\/div>\n<\/div>\n<h3>H\u00e1zikerti felhaszn\u00e1l\u00e1s:<\/h3>\n<p>Javasolt d\u00f3zis: 5-10 l\/hekt\u00e1r<\/p>\n<p class=\"recommended-h2 mt-4 mb-3\" data-node-item=\"1950\">Aj\u00e1nlott felhaszn\u00e1l\u00e1si id\u0151: m\u00e1rciust\u00f3l okt\u00f3berig<\/p>\n<h3 data-node-item=\"1950\">Funkci\u00f3k:<\/h3>\n<ul class=\"acordion-list\" data-node-item=\"1902\">\n<li data-node-item=\"1903\">\n<p class=\"char product-characteristics\" data-node-item=\"1904\"><span class=\"name\" data-node-item=\"1905\">Adag<\/span><span class=\"product-characteristic-value\" data-node-item=\"1906\"><span data-node-item=\"1907\">5 l\/ha (egyenl\u0151 0,5 ml\/m-rel)<\/span><sup data-node-item=\"1908\">2<\/sup>)<\/span><\/p>\n<\/li>\n<li data-node-item=\"1909\">\n<p class=\"char product-characteristics\" data-node-item=\"1910\"><span class=\"name\" data-node-item=\"1911\">Csomagol\u00e1s<\/span><span class=\"product-characteristic-value\" data-node-item=\"1912\">5 l-es tart\u00e1ly &#8211; 1 l-es palack<\/span><\/p>\n<\/li>\n<li data-node-item=\"1913\">\n<p class=\"char product-characteristics\" data-node-item=\"1914\"><span class=\"name\" data-node-item=\"1915\"><span data-node-item=\"1916\">Lefedetts\u00e9g m<\/span><sup data-node-item=\"1917\"><span data-node-item=\"1918\">2<\/span><\/sup><\/span><span class=\"product-characteristic-value\" data-node-item=\"1920\">Tart\u00e1ly: 10 000<\/span><\/p>\n<\/li>\n<li data-node-item=\"1921\">\n<p class=\"char product-characteristics\" data-node-item=\"1922\"><span class=\"product-characteristic-value\" data-node-item=\"1924\">Palack: 2,000<\/span><\/p>\n<\/li>\n<\/ul>\n<p>&nbsp;<\/p>\n<p style=\"line-height: 18.0pt; background: white; margin: 0cm 0cm 15.0pt 0cm;\"><b><span style=\"font-family: 'Ubuntu',sans-serif; color: black;\">K\u00e9szlet\u00fcnk napi szinten v\u00e1ltozik, ez\u00e9rt k\u00e9rj\u00fck, \u00e9rdekl\u0151dj\u00f6n szem\u00e9lyesen, telefonon vagy email-en.<br \/>\nA v\u00e1ltoztat\u00e1s jog\u00e1t fenntartjuk!\u00a0<\/span><\/b><\/p>\n<p><a href=\"https:\/\/tajkertesz.com\/\">https:\/\/tajkertesz.com\/<\/a><\/p>\n<p><a href=\"https:\/\/www.facebook.com\/tajkertesz\/\">https:\/\/www.facebook.com\/tajkertesz\/<\/a><\/p>\n<p>Kisz\u00e1ll\u00edt\u00e1s: 200cm-ig \u00e9s 40 kg-ig a sz\u00e1ll\u00edt\u00e1s fut\u00e1rszolg\u00e1lattal t\u00f6rt\u00e9nik.<\/p>\n<p>Szem\u00e9lyes \u00e1tv\u00e9tel nyitvatart\u00e1si id\u0151ben a 17. ker\u00fclet Bakancsos utca 7. sz\u00e1m alatti Kert\u00e9szeti \u00e1rud\u00e1nkban.<\/p>\n<p>Kert\u00e9p\u00edt\u0151k \u00e9s viszontelad\u00f3k regisztr\u00e1l\u00e1s ut\u00e1n egyedi kedvezm\u00e9nnyel v\u00e1s\u00e1rolhatnak kert\u00e9szeti kis-\u00e9s nagykeresked\u00e9s\u00fcnkben.<\/p>","protected":false},"excerpt":{"rendered":"<p>A H2Pro AquaSmart pr\u00e9mium min\u0151s\u00e9g\u0171 talajnedves\u00edt\u0151 szerrel \u00fajult er\u0151vel jav\u00edthatja a gyep v\u00edzgazd\u00e1lkod\u00e1s\u00e1t.<\/p>\n<p>Megakad\u00e1lyozza a hidrof\u00f3b foltok kialakul\u00e1s\u00e1t, optimaliz\u00e1lja az \u00f6nt\u00f6z\u00e9skezel\u00e9st<\/p>","protected":false},"featured_media":21474,"template":"","meta":{"_et_pb_use_builder":"","_et_pb_old_content":"","_et_gb_content_width":""},"product_brand":[],"product_cat":[35],"product_tag":[5381,5127,4021,5383,5382],"class_list":{"0":"post-21473","1":"product","2":"type-product","3":"status-publish","4":"has-post-thumbnail","6":"product_cat-tragyak","7":"product_tag-aqua-smart","8":"product_tag-gyepapolas","9":"product_tag-icl","10":"product_tag-talajapolas","11":"product_tag-talajnedvesito","13":"first","14":"instock","15":"shipping-taxable","16":"purchasable","17":"product-type-simple"},"yoast_head":"<!-- This site is optimized with the Yoast SEO plugin v27.3 - https:\/\/yoast.com\/product\/yoast-seo-wordpress\/ -->\n<title>ICL H2Pro AquaSmart talajnedves\u00edt\u0151 szer 1 liter - T\u00e1jkert\u00e9sz<\/title>\n<meta name=\"description\" content=\"ICL H2Pro AquaSmart talajnedves\u00edt\u0151 szer 1 liter. Pr\u00e9mium min\u0151s\u00e9g\u0171 talajnedves\u00edt\u0151 szerrel \u00fajult er\u0151vel jav\u00edthatja a gyep v\u00edzgazd\u00e1lkod\u00e1s\u00e1t.\" \/>\n<meta name=\"robots\" content=\"index, follow, max-snippet:-1, max-image-preview:large, max-video-preview:-1\" \/>\n<link rel=\"canonical\" href=\"https:\/\/tajkertesz.com\/en_US\/product\/icl-h2pro-aquasmart-talajnedvesito-szer-1-liter\/\" \/>\n<meta property=\"og:locale\" content=\"en_US\" \/>\n<meta property=\"og:type\" content=\"article\" \/>\n<meta property=\"og:title\" content=\"ICL H2Pro AquaSmart talajnedves\u00edt\u0151 szer 1 liter - T\u00e1jkert\u00e9sz\" \/>\n<meta property=\"og:description\" content=\"ICL H2Pro AquaSmart talajnedves\u00edt\u0151 szer 1 liter. Pr\u00e9mium min\u0151s\u00e9g\u0171 talajnedves\u00edt\u0151 szerrel \u00fajult er\u0151vel jav\u00edthatja a gyep v\u00edzgazd\u00e1lkod\u00e1s\u00e1t.\" \/>\n<meta property=\"og:url\" content=\"https:\/\/tajkertesz.com\/en_US\/product\/icl-h2pro-aquasmart-talajnedvesito-szer-1-liter\/\" \/>\n<meta property=\"og:site_name\" content=\"T\u00e1jkert\u00e9sz\" \/>\n<meta property=\"article:publisher\" content=\"https:\/\/www.facebook.com\/Tajkertesz\/\" \/>\n<meta property=\"article:modified_time\" content=\"2026-02-12T15:05:52+00:00\" \/>\n<meta property=\"og:image\" content=\"https:\/\/tajkertesz.com\/wp-content\/uploads\/2024\/10\/png300x392_AquaSmart_.webp\" \/>\n\t<meta property=\"og:image:width\" content=\"300\" \/>\n\t<meta property=\"og:image:height\" content=\"392\" \/>\n\t<meta property=\"og:image:type\" content=\"image\/webp\" \/>\n<meta name=\"twitter:card\" content=\"summary_large_image\" \/>\n<meta name=\"twitter:label1\" content=\"Est. reading time\" \/>\n\t<meta name=\"twitter:data1\" content=\"2 minutes\" \/>\n<script type=\"application\/ld+json\" class=\"yoast-schema-graph\">{\"@context\":\"https:\\\/\\\/schema.org\",\"@graph\":[{\"@type\":\"WebPage\",\"@id\":\"https:\\\/\\\/tajkertesz.com\\\/termek\\\/icl-h2pro-aquasmart-talajnedvesito-szer-1-liter\\\/\",\"url\":\"https:\\\/\\\/tajkertesz.com\\\/termek\\\/icl-h2pro-aquasmart-talajnedvesito-szer-1-liter\\\/\",\"name\":\"ICL H2Pro AquaSmart talajnedves\u00edt\u0151 szer 1 liter - T\u00e1jkert\u00e9sz\",\"isPartOf\":{\"@id\":\"https:\\\/\\\/tajkertesz.com\\\/#website\"},\"primaryImageOfPage\":{\"@id\":\"https:\\\/\\\/tajkertesz.com\\\/termek\\\/icl-h2pro-aquasmart-talajnedvesito-szer-1-liter\\\/#primaryimage\"},\"image\":{\"@id\":\"https:\\\/\\\/tajkertesz.com\\\/termek\\\/icl-h2pro-aquasmart-talajnedvesito-szer-1-liter\\\/#primaryimage\"},\"thumbnailUrl\":\"https:\\\/\\\/tajkertesz.com\\\/wp-content\\\/uploads\\\/2024\\\/10\\\/png300x392_AquaSmart_.webp\",\"datePublished\":\"2024-10-29T07:57:25+00:00\",\"dateModified\":\"2026-02-12T15:05:52+00:00\",\"description\":\"ICL H2Pro AquaSmart talajnedves\u00edt\u0151 szer 1 liter. Pr\u00e9mium min\u0151s\u00e9g\u0171 talajnedves\u00edt\u0151 szerrel \u00fajult er\u0151vel jav\u00edthatja a gyep v\u00edzgazd\u00e1lkod\u00e1s\u00e1t.\",\"breadcrumb\":{\"@id\":\"https:\\\/\\\/tajkertesz.com\\\/termek\\\/icl-h2pro-aquasmart-talajnedvesito-szer-1-liter\\\/#breadcrumb\"},\"inLanguage\":\"en-US\",\"potentialAction\":[{\"@type\":\"ReadAction\",\"target\":[\"https:\\\/\\\/tajkertesz.com\\\/termek\\\/icl-h2pro-aquasmart-talajnedvesito-szer-1-liter\\\/\"]}]},{\"@type\":\"ImageObject\",\"inLanguage\":\"en-US\",\"@id\":\"https:\\\/\\\/tajkertesz.com\\\/termek\\\/icl-h2pro-aquasmart-talajnedvesito-szer-1-liter\\\/#primaryimage\",\"url\":\"https:\\\/\\\/tajkertesz.com\\\/wp-content\\\/uploads\\\/2024\\\/10\\\/png300x392_AquaSmart_.webp\",\"contentUrl\":\"https:\\\/\\\/tajkertesz.com\\\/wp-content\\\/uploads\\\/2024\\\/10\\\/png300x392_AquaSmart_.webp\",\"width\":300,\"height\":392,\"caption\":\"H2Pro AquaSmart talajnedves\u00edt\u0151 szer 1 liter\"},{\"@type\":\"BreadcrumbList\",\"@id\":\"https:\\\/\\\/tajkertesz.com\\\/termek\\\/icl-h2pro-aquasmart-talajnedvesito-szer-1-liter\\\/#breadcrumb\",\"itemListElement\":[{\"@type\":\"ListItem\",\"position\":1,\"name\":\"Home\",\"item\":\"https:\\\/\\\/tajkertesz.com\\\/\"},{\"@type\":\"ListItem\",\"position\":2,\"name\":\"Kezd\u0151lap\",\"item\":\"https:\\\/\\\/tajkertesz.com\\\/\"},{\"@type\":\"ListItem\",\"position\":3,\"name\":\"ICL H2Pro AquaSmart talajnedves\u00edt\u0151 szer 1 liter\"}]},{\"@type\":\"WebSite\",\"@id\":\"https:\\\/\\\/tajkertesz.com\\\/#website\",\"url\":\"https:\\\/\\\/tajkertesz.com\\\/\",\"name\":\"T\u00e1j-Kert\u00e9sz 84 Kft.\",\"description\":\"Kert\u00e9szeti kis- \u00e9s nagykeresked\u00e9s, D\u00edszn\u00f6v\u00e9ny web\u00e1ruh\u00e1z orsz\u00e1gos h\u00e1zhozsz\u00e1ll\u00edt\u00e1ssal!\",\"publisher\":{\"@id\":\"https:\\\/\\\/tajkertesz.com\\\/#organization\"},\"potentialAction\":[{\"@type\":\"SearchAction\",\"target\":{\"@type\":\"EntryPoint\",\"urlTemplate\":\"https:\\\/\\\/tajkertesz.com\\\/?s={search_term_string}\"},\"query-input\":{\"@type\":\"PropertyValueSpecification\",\"valueRequired\":true,\"valueName\":\"search_term_string\"}}],\"inLanguage\":\"en-US\"},{\"@type\":\"Organization\",\"@id\":\"https:\\\/\\\/tajkertesz.com\\\/#organization\",\"name\":\"T\u00e1j-Kert\u00e9sz 84 Kft.\",\"url\":\"https:\\\/\\\/tajkertesz.com\\\/\",\"logo\":{\"@type\":\"ImageObject\",\"inLanguage\":\"en-US\",\"@id\":\"https:\\\/\\\/tajkertesz.com\\\/#\\\/schema\\\/logo\\\/image\\\/\",\"url\":\"https:\\\/\\\/tajkertesz.com\\\/wp-content\\\/uploads\\\/2018\\\/02\\\/logo-2-e1518678052539.png\",\"contentUrl\":\"https:\\\/\\\/tajkertesz.com\\\/wp-content\\\/uploads\\\/2018\\\/02\\\/logo-2-e1518678052539.png\",\"width\":81,\"height\":140,\"caption\":\"T\u00e1j-Kert\u00e9sz 84 Kft.\"},\"image\":{\"@id\":\"https:\\\/\\\/tajkertesz.com\\\/#\\\/schema\\\/logo\\\/image\\\/\"},\"sameAs\":[\"https:\\\/\\\/www.facebook.com\\\/Tajkertesz\\\/\"]}]}<\/script>\n<!-- \/ Yoast SEO plugin. -->","yoast_head_json":{"title":"ICL H2Pro AquaSmart talajnedves\u00edt\u0151 szer 1 liter - T\u00e1jkert\u00e9sz","description":"ICL H2Pro AquaSmart talajnedves\u00edt\u0151 szer 1 liter. Pr\u00e9mium min\u0151s\u00e9g\u0171 talajnedves\u00edt\u0151 szerrel \u00fajult er\u0151vel jav\u00edthatja a gyep v\u00edzgazd\u00e1lkod\u00e1s\u00e1t.","robots":{"index":"index","follow":"follow","max-snippet":"max-snippet:-1","max-image-preview":"max-image-preview:large","max-video-preview":"max-video-preview:-1"},"canonical":"https:\/\/tajkertesz.com\/en_US\/product\/icl-h2pro-aquasmart-talajnedvesito-szer-1-liter\/","og_locale":"en_US","og_type":"article","og_title":"ICL H2Pro AquaSmart talajnedves\u00edt\u0151 szer 1 liter - T\u00e1jkert\u00e9sz","og_description":"ICL H2Pro AquaSmart talajnedves\u00edt\u0151 szer 1 liter. Pr\u00e9mium min\u0151s\u00e9g\u0171 talajnedves\u00edt\u0151 szerrel \u00fajult er\u0151vel jav\u00edthatja a gyep v\u00edzgazd\u00e1lkod\u00e1s\u00e1t.","og_url":"https:\/\/tajkertesz.com\/en_US\/product\/icl-h2pro-aquasmart-talajnedvesito-szer-1-liter\/","og_site_name":"T\u00e1jkert\u00e9sz","article_publisher":"https:\/\/www.facebook.com\/Tajkertesz\/","article_modified_time":"2026-02-12T15:05:52+00:00","og_image":[{"width":300,"height":392,"url":"https:\/\/tajkertesz.com\/wp-content\/uploads\/2024\/10\/png300x392_AquaSmart_.webp","type":"image\/webp"}],"twitter_card":"summary_large_image","twitter_misc":{"Est. reading time":"2 minutes"},"schema":{"@context":"https:\/\/schema.org","@graph":[{"@type":"WebPage","@id":"https:\/\/tajkertesz.com\/termek\/icl-h2pro-aquasmart-talajnedvesito-szer-1-liter\/","url":"https:\/\/tajkertesz.com\/termek\/icl-h2pro-aquasmart-talajnedvesito-szer-1-liter\/","name":"ICL H2Pro AquaSmart talajnedves\u00edt\u0151 szer 1 liter - T\u00e1jkert\u00e9sz","isPartOf":{"@id":"https:\/\/tajkertesz.com\/#website"},"primaryImageOfPage":{"@id":"https:\/\/tajkertesz.com\/termek\/icl-h2pro-aquasmart-talajnedvesito-szer-1-liter\/#primaryimage"},"image":{"@id":"https:\/\/tajkertesz.com\/termek\/icl-h2pro-aquasmart-talajnedvesito-szer-1-liter\/#primaryimage"},"thumbnailUrl":"https:\/\/tajkertesz.com\/wp-content\/uploads\/2024\/10\/png300x392_AquaSmart_.webp","datePublished":"2024-10-29T07:57:25+00:00","dateModified":"2026-02-12T15:05:52+00:00","description":"ICL H2Pro AquaSmart talajnedves\u00edt\u0151 szer 1 liter. Pr\u00e9mium min\u0151s\u00e9g\u0171 talajnedves\u00edt\u0151 szerrel \u00fajult er\u0151vel jav\u00edthatja a gyep v\u00edzgazd\u00e1lkod\u00e1s\u00e1t.","breadcrumb":{"@id":"https:\/\/tajkertesz.com\/termek\/icl-h2pro-aquasmart-talajnedvesito-szer-1-liter\/#breadcrumb"},"inLanguage":"en-US","potentialAction":[{"@type":"ReadAction","target":["https:\/\/tajkertesz.com\/termek\/icl-h2pro-aquasmart-talajnedvesito-szer-1-liter\/"]}]},{"@type":"ImageObject","inLanguage":"en-US","@id":"https:\/\/tajkertesz.com\/termek\/icl-h2pro-aquasmart-talajnedvesito-szer-1-liter\/#primaryimage","url":"https:\/\/tajkertesz.com\/wp-content\/uploads\/2024\/10\/png300x392_AquaSmart_.webp","contentUrl":"https:\/\/tajkertesz.com\/wp-content\/uploads\/2024\/10\/png300x392_AquaSmart_.webp","width":300,"height":392,"caption":"H2Pro AquaSmart talajnedves\u00edt\u0151 szer 1 liter"},{"@type":"BreadcrumbList","@id":"https:\/\/tajkertesz.com\/termek\/icl-h2pro-aquasmart-talajnedvesito-szer-1-liter\/#breadcrumb","itemListElement":[{"@type":"ListItem","position":1,"name":"Home","item":"https:\/\/tajkertesz.com\/"},{"@type":"ListItem","position":2,"name":"Kezd\u0151lap","item":"https:\/\/tajkertesz.com\/"},{"@type":"ListItem","position":3,"name":"ICL H2Pro AquaSmart talajnedves\u00edt\u0151 szer 1 liter"}]},{"@type":"WebSite","@id":"https:\/\/tajkertesz.com\/#website","url":"https:\/\/tajkertesz.com\/","name":"T\u00e1j-Kert\u00e9sz 84 Kft.","description":"Kert\u00e9szeti kis- \u00e9s nagykeresked\u00e9s, D\u00edszn\u00f6v\u00e9ny web\u00e1ruh\u00e1z orsz\u00e1gos h\u00e1zhozsz\u00e1ll\u00edt\u00e1ssal!","publisher":{"@id":"https:\/\/tajkertesz.com\/#organization"},"potentialAction":[{"@type":"SearchAction","target":{"@type":"EntryPoint","urlTemplate":"https:\/\/tajkertesz.com\/?s={search_term_string}"},"query-input":{"@type":"PropertyValueSpecification","valueRequired":true,"valueName":"search_term_string"}}],"inLanguage":"en-US"},{"@type":"Organization","@id":"https:\/\/tajkertesz.com\/#organization","name":"T\u00e1j-Kert\u00e9sz 84 Kft.","url":"https:\/\/tajkertesz.com\/","logo":{"@type":"ImageObject","inLanguage":"en-US","@id":"https:\/\/tajkertesz.com\/#\/schema\/logo\/image\/","url":"https:\/\/tajkertesz.com\/wp-content\/uploads\/2018\/02\/logo-2-e1518678052539.png","contentUrl":"https:\/\/tajkertesz.com\/wp-content\/uploads\/2018\/02\/logo-2-e1518678052539.png","width":81,"height":140,"caption":"T\u00e1j-Kert\u00e9sz 84 Kft."},"image":{"@id":"https:\/\/tajkertesz.com\/#\/schema\/logo\/image\/"},"sameAs":["https:\/\/www.facebook.com\/Tajkertesz\/"]}]}},"_links":{"self":[{"href":"https:\/\/tajkertesz.com\/en_US\/wp-json\/wp\/v2\/product\/21473","targetHints":{"allow":["GET"]}}],"collection":[{"href":"https:\/\/tajkertesz.com\/en_US\/wp-json\/wp\/v2\/product"}],"about":[{"href":"https:\/\/tajkertesz.com\/en_US\/wp-json\/wp\/v2\/types\/product"}],"wp:featuredmedia":[{"embeddable":true,"href":"https:\/\/tajkertesz.com\/en_US\/wp-json\/wp\/v2\/media\/21474"}],"wp:attachment":[{"href":"https:\/\/tajkertesz.com\/en_US\/wp-json\/wp\/v2\/media?parent=21473"}],"wp:term":[{"taxonomy":"product_brand","embeddable":true,"href":"https:\/\/tajkertesz.com\/en_US\/wp-json\/wp\/v2\/product_brand?post=21473"},{"taxonomy":"product_cat","embeddable":true,"href":"https:\/\/tajkertesz.com\/en_US\/wp-json\/wp\/v2\/product_cat?post=21473"},{"taxonomy":"product_tag","embeddable":true,"href":"https:\/\/tajkertesz.com\/en_US\/wp-json\/wp\/v2\/product_tag?post=21473"}],"curies":[{"name":"wp","href":"https:\/\/api.w.org\/{rel}","templated":true}]}}