{"id":21494,"date":"2024-10-30T14:38:09","date_gmt":"2024-10-30T14:38:09","guid":{"rendered":"https:\/\/tajkertesz.com\/?post_type=product&#038;p=21494"},"modified":"2025-03-20T11:34:10","modified_gmt":"2025-03-20T11:34:10","slug":"szabadgyokeru-szolo-oltvanyok-italia-2","status":"publish","type":"product","link":"https:\/\/tajkertesz.com\/en_US\/product\/szabadgyokeru-szolo-oltvanyok-italia-2\/","title":{"rendered":"Szabadgy\u00f6ker\u0171 sz\u0151l\u0151 oltv\u00e1nyok It\u00e1lia"},"content":{"rendered":"<h3>Szabadgy\u00f6ker\u0171 sz\u0151l\u0151 oltv\u00e1nyok It\u00e1lia<\/h3>\n<p><span style=\"color: #333333;\">Az Szabadgy\u00f6ker\u0171 sz\u0151l\u0151 oltv\u00e1nyok It\u00e1lia<\/span>\u00a0<span style=\"color: #333333;\">egy nemzetk\u00f6zileg elterjedt, hibrid csemegesz\u0151l\u0151-fajta. <a class=\"new\" style=\"color: #333333;\" title=\"Pirovano (a lap nem l\u00e9tezik)\" href=\"https:\/\/hu.wikipedia.org\/w\/index.php?title=Pirovano&amp;action=edit&amp;redlink=1\">Pirovano<\/a>\u00a0olasz sz\u0151l\u0151nemes\u00edt\u0151,\u00a0<a style=\"color: #333333;\" title=\"1911\" href=\"https:\/\/hu.wikipedia.org\/wiki\/1911\">1911<\/a>-ben a\u00a0<a class=\"mw-redirect\" style=\"color: #333333;\" title=\"Chasselas\" href=\"https:\/\/hu.wikipedia.org\/wiki\/Chasselas\">Chasselas Napoleon<\/a>\u00a0\u00e9s a\u00a0<a style=\"color: #333333;\" title=\"Hamburgi muskot\u00e1ly\" href=\"https:\/\/hu.wikipedia.org\/wiki\/Hamburgi_muskot%C3%A1ly\">hamburgi muskot\u00e1ly<\/a> keresztez\u00e9s\u00e9vel \u00e1ll\u00edtotta el\u0151. Kiemelt term\u0151ter\u00fcleteit a mediterr\u00e1n \u00e9ghajlat\u00fa sz\u0151l\u0151termeszt\u0151 \u00e1llamokban \u2013 els\u0151sorban Olaszorsz\u00e1gban \u2013 tal\u00e1ljuk. F\u0151k\u00e9nt \u00e9tkez\u00e9si sz\u0151l\u0151nek termesztik. \u00a0Vil\u00e1gszerte ismert \u00e9s kedvelt fajta, az egyik legnagyobb mennyis\u00e9gben forgalmazott csemegesz\u0151l\u0151.<\/span><\/p>\n<h2>Az It\u00e1lia csemegesz\u0151l\u0151 jellemz\u0151i<\/h2>\n<p>T\u0151k\u00e9je er\u0151s n\u00f6veked\u00e9s\u0171, a hajt\u00e1sai kiss\u00e9 v\u00edzszintesen n\u00f6vekednek, ez\u00e9rt k\u00f6nnyen r\u00e1illeszthet\u0151k a t\u00e1mrendszerre.<\/p>\n<p>Levelei nagym\u00e9ret\u0171ek, vil\u00e1gosz\u00f6ldek, kiss\u00e9 h\u00f3lyagos fel\u00fclet\u0171, az oldal\u00f6bl\u00f6k sek\u00e9lyek, a lev\u00e9l k\u00f6zepesen merev. Term\u00e9se okt\u00f3ber k\u00f6zep\u00e9n sz\u00fcretelhet\u0151. <span style=\"color: #333333;\">F\u00fcrtje igen sz\u00e9p, nagy, \u00e1tlagosan 28 dkg, laza, gusztusos, \u201eszinte az ide\u00e1lis csemegesz\u0151l\u0151 megjelen\u00e9st testes\u00edti meg\u201d. S\u00e1rg\u00e1sfeh\u00e9r bogy\u00f3i nagyok, ov\u00e1lisak, zamatosan muskot\u00e1lyos \u00edz\u0171ek, h\u00fasosak, ropog\u00f3sak. K\u00e9s\u0151i \u00e9r\u00e9s\u0171 fajta, okt\u00f3ber k\u00f6zep\u00e9n, v\u00e9g\u00e9n \u00e9rik, de j\u00f3 term\u00e9st csak meleg, v\u00e9dett fekv\u00e9s\u0171 d\u0171l\u0151k\u00f6n hoz. Sz\u00e1ll\u00edthat\u00f3s\u00e1ga kiv\u00e1l\u00f3, j\u00f3l eltarthat\u00f3, kifejezetten piacos fajta.<\/span><\/p>\n<p><u>\u00c9r\u00e9sid\u0151<\/u>: Okt\u00f3ber k\u00f6zepe<\/p>\n<p>Megb\u00edzhat\u00f3, rendszeresen \u00e9s b\u0151ven term\u0151 fajta<\/p>\n<h3>Szabadgy\u00f6ker\u0171 sz\u0151l\u0151 oltv\u00e1nyok gondoz\u00e1sa<\/h3>\n<ul>\n<li><strong>Talaj<\/strong>: A\u00a0j\u00f3 v\u00edzelvezet\u00e9s\u0171, t\u00e1panyagban gazdag talajt kedveli. \u00dcltet\u00e9s el\u0151tt \u00e9rdemes a talajt komposzttal vagy szerves tr\u00e1gy\u00e1val jav\u00edtani.<\/li>\n<li><strong>Hely<\/strong>: Napf\u00e9nyes, meleg helyre \u00fcltess\u00fck, ahol a n\u00f6v\u00e9ny elegend\u0151 f\u00e9nyt kap a fotoszint\u00e9zishez \u00e9s a bogy\u00f3k \u00e9r\u00e9s\u00e9hez.<\/li>\n<li><strong>\u00d6nt\u00f6z\u00e9s<\/strong>: A sz\u0151l\u0151nek k\u00fcl\u00f6n\u00f6sen a n\u00f6veked\u00e9si id\u0151szakban van sz\u00fcks\u00e9ge rendszeres \u00f6nt\u00f6z\u00e9sre. a talajlegyen\u00a0 mindig enyh\u00e9n nedves, de ne \u00e1lljon meg a v\u00edz.<\/li>\n<li><strong>T\u00e9li metsz\u00e9s<\/strong>: A sz\u0151l\u0151t t\u00e9len, nyugalmi \u00e1llapotban kell metszeni.<\/li>\n<li><strong>Z\u00f6ldmunk\u00e1k<\/strong>: Ny\u00e1ron v\u00e9gezz\u00fck el a z\u00f6ldmunk\u00e1kat, mint a hajt\u00e1sv\u00e1logat\u00e1s, csonk\u00e1z\u00e1s \u00e9s a f\u00fcrtritk\u00edt\u00e1s, hogy a n\u00f6v\u00e9ny energi\u00e1j\u00e1t a legjobb min\u0151s\u00e9g\u0171 f\u00fcrt\u00f6k \u00e9rlel\u00e9s\u00e9re ford\u00edthassa.<\/li>\n<li><strong>Tr\u00e1gy\u00e1z\u00e1s<\/strong>: Tavasszal \u00e9s \u0151sszel \u00e9rdemes szerves tr\u00e1gy\u00e1t vagy komposztot kijuttatni a n\u00f6v\u00e9ny k\u00f6r\u00e9. A veget\u00e1ci\u00f3s id\u0151szakban nitrog\u00e9nben gazdag m\u0171tr\u00e1gy\u00e1t is haszn\u00e1lhatunk a n\u00f6veked\u00e9s serkent\u00e9s\u00e9re.<\/li>\n<li><strong>Betegs\u00e9gek \u00e9s k\u00e1rtev\u0151k<\/strong>: Ellen\u00e1ll\u00f3 a gomb\u00e1s betegs\u00e9gekkel szemben, de \u00e9rdemes figyelni a lisztharmat \u00e9s a peronoszp\u00f3ra jeleire. Rendszeres permetez\u00e9ssel \u00e9s megfelel\u0151 n\u00f6v\u00e9nyv\u00e9delemmel megel\u0151zhetj\u00fck a fert\u0151z\u00e9seket.<\/li>\n<li><strong>Fagyv\u00e9delem<\/strong>: B\u00e1r a It\u00e1lia sz\u0151l\u0151 fagyt\u0171r\u0151, a fiatal n\u00f6v\u00e9nyeket \u00e9rdemes t\u00e9len takar\u00e1ssal v\u00e9deni a hideg ellen.<\/li>\n<\/ul>\n<p>&nbsp;<\/p>\n<p><strong>K\u00e9szlet\u00fcnk napi szinten v\u00e1ltozik, ez\u00e9rt k\u00e9rj\u00fck, \u00e9rdekl\u0151dj\u00f6n szem\u00e9lyesen, telefonon vagy email-en.<br \/>\nA v\u00e1ltoztat\u00e1s jog\u00e1t fenntartjuk!\u00a0<\/strong><\/p>\n<p><a href=\"https:\/\/tajkertesz.com\/\">https:\/\/tajkertesz.com\/<\/a><\/p>\n<p><a href=\"https:\/\/www.facebook.com\/tajkertesz\/\">https:\/\/www.facebook.com\/tajkertesz\/<\/a><\/p>\n<p>Kisz\u00e1ll\u00edt\u00e1s: 200cm-ig \u00a0\u00e9s 40 kg-ig a sz\u00e1ll\u00edt\u00e1s fut\u00e1rszolg\u00e1lattal \u00a0t\u00f6rt\u00e9nik.<\/p>\n<p>Szem\u00e9lyes \u00e1tv\u00e9tel nyitvatart\u00e1si id\u0151ben a 17. ker\u00fclet Bakancsos utca 7. sz\u00e1m alatti Kert\u00e9szeti \u00e1rud\u00e1nkban.<\/p>\n<p>&nbsp;<\/p>\n<p>&nbsp;<\/p>\n<p style=\"line-height: 18.0pt; background: white; margin: 0cm 0cm 15.0pt 0cm;\"><b><span style=\"font-family: 'Ubuntu',serif; color: black;\">K\u00e9szlet\u00fcnk napi szinten v\u00e1ltozik, ez\u00e9rt k\u00e9rj\u00fck, \u00e9rdekl\u0151dj\u00f6n szem\u00e9lyesen, telefonon vagy email-en.<br \/>\nA v\u00e1ltoztat\u00e1s jog\u00e1t fenntartjuk!\u00a0<\/span><\/b><\/p>\n<p><a href=\"https:\/\/tajkertesz.com\/\">https:\/\/tajkertesz.com\/<\/a><\/p>\n<p><a href=\"https:\/\/www.facebook.com\/tajkertesz\">https:\/\/www.facebook.com\/tajkertesz<\/a><\/p>\n<p>&nbsp;<\/p>","protected":false},"excerpt":{"rendered":"<p>Szabadgy\u00f6ker\u0171\u00a0sz\u0151l\u0151 oltv\u00e1nyok It\u00e1lia<\/p>\n<p>A Kont\u00e9neres sz\u0151l\u0151 oltv\u00e1nyok It\u00e1lia igen k\u00e9s\u0151i \u00e9r\u00e9s\u0171,\u00a0 az eg\u00e9sz vil\u00e1gon ismert \u00e9s j\u00f3 h\u00edr\u0171 <em>csemegesz\u0151l\u0151<\/em>.<br \/>\nOkt\u00f3ber k\u00f6zep\u00e9re \u00e9rik be, f\u00fcrtje nagy,kb: 300 g s\u00faly\u00fa. S\u00e1rg\u00e1sfeh\u00e9r bogy\u00f3i nagyok, h\u00fasosak, muskot\u00e1lyos \u00edz\u0171ek, ez\u00e9rt sokak kedvence.<\/p>\n<p>Meleg fekv\u00e9st kedvel, a sz\u00e1razs\u00e1got elviseli.\u00a0Lehet\u0151leg v\u00e9dett, napos helyre \u00fcltess\u00fck. \u00c1ltal\u00e1ban okt\u00f3ber k\u00f6zep\u00e9t\u0151l fogyaszthat\u00f3.<\/p>\n<p>&nbsp;<\/p>","protected":false},"featured_media":2439,"template":"","meta":{"_et_pb_use_builder":"","_et_pb_old_content":"","_et_gb_content_width":""},"product_brand":[],"product_cat":[823,3785],"product_tag":[829,480,822,825],"class_list":{"0":"post-21494","1":"product","2":"type-product","3":"status-publish","4":"has-post-thumbnail","6":"product_cat-szolok","7":"product_cat-uj-termekek","8":"product_tag-italia","9":"product_tag-oltvanyok","10":"product_tag-szabadgyokeru","11":"product_tag-szolo","13":"first","14":"outofstock","15":"shipping-taxable","16":"product-type-simple"},"yoast_head":"<!-- This site is optimized with the Yoast SEO plugin v27.3 - https:\/\/yoast.com\/product\/yoast-seo-wordpress\/ -->\n<title>Szabadgy\u00f6ker\u0171 sz\u0151l\u0151 oltv\u00e1nyok It\u00e1lia - T\u00e1jkert\u00e9sz<\/title>\n<meta name=\"description\" content=\"A Szabadgy\u00f6ker\u0171 sz\u0151l\u0151 oltv\u00e1nyok It\u00e1lia igen k\u00e9s\u0151i \u00e9r\u00e9s\u0171, j\u00f3 h\u00edr\u0171 csemegesz\u0151l\u0151. F\u00fcrtje igen sz\u00e9p, nagy, \u00e1tlagosan 28 dkg, laza, gusztusos.\" \/>\n<meta name=\"robots\" content=\"index, follow, max-snippet:-1, max-image-preview:large, max-video-preview:-1\" \/>\n<link rel=\"canonical\" href=\"https:\/\/tajkertesz.com\/en_US\/product\/szabadgyokeru-szolo-oltvanyok-italia-2\/\" \/>\n<meta property=\"og:locale\" content=\"en_US\" \/>\n<meta property=\"og:type\" content=\"article\" \/>\n<meta property=\"og:title\" content=\"Szabadgy\u00f6ker\u0171 sz\u0151l\u0151 oltv\u00e1nyok It\u00e1lia - T\u00e1jkert\u00e9sz\" \/>\n<meta property=\"og:description\" content=\"A Szabadgy\u00f6ker\u0171 sz\u0151l\u0151 oltv\u00e1nyok It\u00e1lia igen k\u00e9s\u0151i \u00e9r\u00e9s\u0171, j\u00f3 h\u00edr\u0171 csemegesz\u0151l\u0151. F\u00fcrtje igen sz\u00e9p, nagy, \u00e1tlagosan 28 dkg, laza, gusztusos.\" \/>\n<meta property=\"og:url\" content=\"https:\/\/tajkertesz.com\/en_US\/product\/szabadgyokeru-szolo-oltvanyok-italia-2\/\" \/>\n<meta property=\"og:site_name\" content=\"T\u00e1jkert\u00e9sz\" \/>\n<meta property=\"article:publisher\" content=\"https:\/\/www.facebook.com\/Tajkertesz\/\" \/>\n<meta property=\"article:modified_time\" content=\"2025-03-20T11:34:10+00:00\" \/>\n<meta property=\"og:image\" content=\"https:\/\/tajkertesz.com\/wp-content\/uploads\/2020\/10\/Italia.jpg\" \/>\n\t<meta property=\"og:image:width\" content=\"208\" \/>\n\t<meta property=\"og:image:height\" content=\"235\" \/>\n\t<meta property=\"og:image:type\" content=\"image\/jpeg\" \/>\n<meta name=\"twitter:card\" content=\"summary_large_image\" \/>\n<meta name=\"twitter:label1\" content=\"Est. reading time\" \/>\n\t<meta name=\"twitter:data1\" content=\"3 minutes\" \/>\n<script type=\"application\/ld+json\" class=\"yoast-schema-graph\">{\"@context\":\"https:\\\/\\\/schema.org\",\"@graph\":[{\"@type\":\"WebPage\",\"@id\":\"https:\\\/\\\/tajkertesz.com\\\/termek\\\/szabadgyokeru-szolo-oltvanyok-italia-2\\\/\",\"url\":\"https:\\\/\\\/tajkertesz.com\\\/termek\\\/szabadgyokeru-szolo-oltvanyok-italia-2\\\/\",\"name\":\"Szabadgy\u00f6ker\u0171 sz\u0151l\u0151 oltv\u00e1nyok It\u00e1lia - T\u00e1jkert\u00e9sz\",\"isPartOf\":{\"@id\":\"https:\\\/\\\/tajkertesz.com\\\/#website\"},\"primaryImageOfPage\":{\"@id\":\"https:\\\/\\\/tajkertesz.com\\\/termek\\\/szabadgyokeru-szolo-oltvanyok-italia-2\\\/#primaryimage\"},\"image\":{\"@id\":\"https:\\\/\\\/tajkertesz.com\\\/termek\\\/szabadgyokeru-szolo-oltvanyok-italia-2\\\/#primaryimage\"},\"thumbnailUrl\":\"https:\\\/\\\/tajkertesz.com\\\/wp-content\\\/uploads\\\/2020\\\/10\\\/Italia.jpg\",\"datePublished\":\"2024-10-30T14:38:09+00:00\",\"dateModified\":\"2025-03-20T11:34:10+00:00\",\"description\":\"A Szabadgy\u00f6ker\u0171 sz\u0151l\u0151 oltv\u00e1nyok It\u00e1lia igen k\u00e9s\u0151i \u00e9r\u00e9s\u0171, j\u00f3 h\u00edr\u0171 csemegesz\u0151l\u0151. F\u00fcrtje igen sz\u00e9p, nagy, \u00e1tlagosan 28 dkg, laza, gusztusos.\",\"breadcrumb\":{\"@id\":\"https:\\\/\\\/tajkertesz.com\\\/termek\\\/szabadgyokeru-szolo-oltvanyok-italia-2\\\/#breadcrumb\"},\"inLanguage\":\"en-US\",\"potentialAction\":[{\"@type\":\"ReadAction\",\"target\":[\"https:\\\/\\\/tajkertesz.com\\\/termek\\\/szabadgyokeru-szolo-oltvanyok-italia-2\\\/\"]}]},{\"@type\":\"ImageObject\",\"inLanguage\":\"en-US\",\"@id\":\"https:\\\/\\\/tajkertesz.com\\\/termek\\\/szabadgyokeru-szolo-oltvanyok-italia-2\\\/#primaryimage\",\"url\":\"https:\\\/\\\/tajkertesz.com\\\/wp-content\\\/uploads\\\/2020\\\/10\\\/Italia.jpg\",\"contentUrl\":\"https:\\\/\\\/tajkertesz.com\\\/wp-content\\\/uploads\\\/2020\\\/10\\\/Italia.jpg\",\"width\":208,\"height\":235,\"caption\":\"Szabadgy\u00f6ker\u0171 sz\u0151l\u0151 oltv\u00e1nyok It\u00e1lia\"},{\"@type\":\"BreadcrumbList\",\"@id\":\"https:\\\/\\\/tajkertesz.com\\\/termek\\\/szabadgyokeru-szolo-oltvanyok-italia-2\\\/#breadcrumb\",\"itemListElement\":[{\"@type\":\"ListItem\",\"position\":1,\"name\":\"Home\",\"item\":\"https:\\\/\\\/tajkertesz.com\\\/\"},{\"@type\":\"ListItem\",\"position\":2,\"name\":\"Kezd\u0151lap\",\"item\":\"https:\\\/\\\/tajkertesz.com\\\/\"},{\"@type\":\"ListItem\",\"position\":3,\"name\":\"Szabadgy\u00f6ker\u0171 sz\u0151l\u0151 oltv\u00e1nyok It\u00e1lia\"}]},{\"@type\":\"WebSite\",\"@id\":\"https:\\\/\\\/tajkertesz.com\\\/#website\",\"url\":\"https:\\\/\\\/tajkertesz.com\\\/\",\"name\":\"T\u00e1j-Kert\u00e9sz 84 Kft.\",\"description\":\"Kert\u00e9szeti kis- \u00e9s nagykeresked\u00e9s, D\u00edszn\u00f6v\u00e9ny web\u00e1ruh\u00e1z orsz\u00e1gos h\u00e1zhozsz\u00e1ll\u00edt\u00e1ssal!\",\"publisher\":{\"@id\":\"https:\\\/\\\/tajkertesz.com\\\/#organization\"},\"potentialAction\":[{\"@type\":\"SearchAction\",\"target\":{\"@type\":\"EntryPoint\",\"urlTemplate\":\"https:\\\/\\\/tajkertesz.com\\\/?s={search_term_string}\"},\"query-input\":{\"@type\":\"PropertyValueSpecification\",\"valueRequired\":true,\"valueName\":\"search_term_string\"}}],\"inLanguage\":\"en-US\"},{\"@type\":\"Organization\",\"@id\":\"https:\\\/\\\/tajkertesz.com\\\/#organization\",\"name\":\"T\u00e1j-Kert\u00e9sz 84 Kft.\",\"url\":\"https:\\\/\\\/tajkertesz.com\\\/\",\"logo\":{\"@type\":\"ImageObject\",\"inLanguage\":\"en-US\",\"@id\":\"https:\\\/\\\/tajkertesz.com\\\/#\\\/schema\\\/logo\\\/image\\\/\",\"url\":\"https:\\\/\\\/tajkertesz.com\\\/wp-content\\\/uploads\\\/2018\\\/02\\\/logo-2-e1518678052539.png\",\"contentUrl\":\"https:\\\/\\\/tajkertesz.com\\\/wp-content\\\/uploads\\\/2018\\\/02\\\/logo-2-e1518678052539.png\",\"width\":81,\"height\":140,\"caption\":\"T\u00e1j-Kert\u00e9sz 84 Kft.\"},\"image\":{\"@id\":\"https:\\\/\\\/tajkertesz.com\\\/#\\\/schema\\\/logo\\\/image\\\/\"},\"sameAs\":[\"https:\\\/\\\/www.facebook.com\\\/Tajkertesz\\\/\"]}]}<\/script>\n<!-- \/ Yoast SEO plugin. -->","yoast_head_json":{"title":"Szabadgy\u00f6ker\u0171 sz\u0151l\u0151 oltv\u00e1nyok It\u00e1lia - T\u00e1jkert\u00e9sz","description":"A Szabadgy\u00f6ker\u0171 sz\u0151l\u0151 oltv\u00e1nyok It\u00e1lia igen k\u00e9s\u0151i \u00e9r\u00e9s\u0171, j\u00f3 h\u00edr\u0171 csemegesz\u0151l\u0151. F\u00fcrtje igen sz\u00e9p, nagy, \u00e1tlagosan 28 dkg, laza, gusztusos.","robots":{"index":"index","follow":"follow","max-snippet":"max-snippet:-1","max-image-preview":"max-image-preview:large","max-video-preview":"max-video-preview:-1"},"canonical":"https:\/\/tajkertesz.com\/en_US\/product\/szabadgyokeru-szolo-oltvanyok-italia-2\/","og_locale":"en_US","og_type":"article","og_title":"Szabadgy\u00f6ker\u0171 sz\u0151l\u0151 oltv\u00e1nyok It\u00e1lia - T\u00e1jkert\u00e9sz","og_description":"A Szabadgy\u00f6ker\u0171 sz\u0151l\u0151 oltv\u00e1nyok It\u00e1lia igen k\u00e9s\u0151i \u00e9r\u00e9s\u0171, j\u00f3 h\u00edr\u0171 csemegesz\u0151l\u0151. F\u00fcrtje igen sz\u00e9p, nagy, \u00e1tlagosan 28 dkg, laza, gusztusos.","og_url":"https:\/\/tajkertesz.com\/en_US\/product\/szabadgyokeru-szolo-oltvanyok-italia-2\/","og_site_name":"T\u00e1jkert\u00e9sz","article_publisher":"https:\/\/www.facebook.com\/Tajkertesz\/","article_modified_time":"2025-03-20T11:34:10+00:00","og_image":[{"width":208,"height":235,"url":"https:\/\/tajkertesz.com\/wp-content\/uploads\/2020\/10\/Italia.jpg","type":"image\/jpeg"}],"twitter_card":"summary_large_image","twitter_misc":{"Est. reading time":"3 minutes"},"schema":{"@context":"https:\/\/schema.org","@graph":[{"@type":"WebPage","@id":"https:\/\/tajkertesz.com\/termek\/szabadgyokeru-szolo-oltvanyok-italia-2\/","url":"https:\/\/tajkertesz.com\/termek\/szabadgyokeru-szolo-oltvanyok-italia-2\/","name":"Szabadgy\u00f6ker\u0171 sz\u0151l\u0151 oltv\u00e1nyok It\u00e1lia - T\u00e1jkert\u00e9sz","isPartOf":{"@id":"https:\/\/tajkertesz.com\/#website"},"primaryImageOfPage":{"@id":"https:\/\/tajkertesz.com\/termek\/szabadgyokeru-szolo-oltvanyok-italia-2\/#primaryimage"},"image":{"@id":"https:\/\/tajkertesz.com\/termek\/szabadgyokeru-szolo-oltvanyok-italia-2\/#primaryimage"},"thumbnailUrl":"https:\/\/tajkertesz.com\/wp-content\/uploads\/2020\/10\/Italia.jpg","datePublished":"2024-10-30T14:38:09+00:00","dateModified":"2025-03-20T11:34:10+00:00","description":"A Szabadgy\u00f6ker\u0171 sz\u0151l\u0151 oltv\u00e1nyok It\u00e1lia igen k\u00e9s\u0151i \u00e9r\u00e9s\u0171, j\u00f3 h\u00edr\u0171 csemegesz\u0151l\u0151. F\u00fcrtje igen sz\u00e9p, nagy, \u00e1tlagosan 28 dkg, laza, gusztusos.","breadcrumb":{"@id":"https:\/\/tajkertesz.com\/termek\/szabadgyokeru-szolo-oltvanyok-italia-2\/#breadcrumb"},"inLanguage":"en-US","potentialAction":[{"@type":"ReadAction","target":["https:\/\/tajkertesz.com\/termek\/szabadgyokeru-szolo-oltvanyok-italia-2\/"]}]},{"@type":"ImageObject","inLanguage":"en-US","@id":"https:\/\/tajkertesz.com\/termek\/szabadgyokeru-szolo-oltvanyok-italia-2\/#primaryimage","url":"https:\/\/tajkertesz.com\/wp-content\/uploads\/2020\/10\/Italia.jpg","contentUrl":"https:\/\/tajkertesz.com\/wp-content\/uploads\/2020\/10\/Italia.jpg","width":208,"height":235,"caption":"Szabadgy\u00f6ker\u0171 sz\u0151l\u0151 oltv\u00e1nyok It\u00e1lia"},{"@type":"BreadcrumbList","@id":"https:\/\/tajkertesz.com\/termek\/szabadgyokeru-szolo-oltvanyok-italia-2\/#breadcrumb","itemListElement":[{"@type":"ListItem","position":1,"name":"Home","item":"https:\/\/tajkertesz.com\/"},{"@type":"ListItem","position":2,"name":"Kezd\u0151lap","item":"https:\/\/tajkertesz.com\/"},{"@type":"ListItem","position":3,"name":"Szabadgy\u00f6ker\u0171 sz\u0151l\u0151 oltv\u00e1nyok It\u00e1lia"}]},{"@type":"WebSite","@id":"https:\/\/tajkertesz.com\/#website","url":"https:\/\/tajkertesz.com\/","name":"T\u00e1j-Kert\u00e9sz 84 Kft.","description":"Kert\u00e9szeti kis- \u00e9s nagykeresked\u00e9s, D\u00edszn\u00f6v\u00e9ny web\u00e1ruh\u00e1z orsz\u00e1gos h\u00e1zhozsz\u00e1ll\u00edt\u00e1ssal!","publisher":{"@id":"https:\/\/tajkertesz.com\/#organization"},"potentialAction":[{"@type":"SearchAction","target":{"@type":"EntryPoint","urlTemplate":"https:\/\/tajkertesz.com\/?s={search_term_string}"},"query-input":{"@type":"PropertyValueSpecification","valueRequired":true,"valueName":"search_term_string"}}],"inLanguage":"en-US"},{"@type":"Organization","@id":"https:\/\/tajkertesz.com\/#organization","name":"T\u00e1j-Kert\u00e9sz 84 Kft.","url":"https:\/\/tajkertesz.com\/","logo":{"@type":"ImageObject","inLanguage":"en-US","@id":"https:\/\/tajkertesz.com\/#\/schema\/logo\/image\/","url":"https:\/\/tajkertesz.com\/wp-content\/uploads\/2018\/02\/logo-2-e1518678052539.png","contentUrl":"https:\/\/tajkertesz.com\/wp-content\/uploads\/2018\/02\/logo-2-e1518678052539.png","width":81,"height":140,"caption":"T\u00e1j-Kert\u00e9sz 84 Kft."},"image":{"@id":"https:\/\/tajkertesz.com\/#\/schema\/logo\/image\/"},"sameAs":["https:\/\/www.facebook.com\/Tajkertesz\/"]}]}},"_links":{"self":[{"href":"https:\/\/tajkertesz.com\/en_US\/wp-json\/wp\/v2\/product\/21494","targetHints":{"allow":["GET"]}}],"collection":[{"href":"https:\/\/tajkertesz.com\/en_US\/wp-json\/wp\/v2\/product"}],"about":[{"href":"https:\/\/tajkertesz.com\/en_US\/wp-json\/wp\/v2\/types\/product"}],"wp:featuredmedia":[{"embeddable":true,"href":"https:\/\/tajkertesz.com\/en_US\/wp-json\/wp\/v2\/media\/2439"}],"wp:attachment":[{"href":"https:\/\/tajkertesz.com\/en_US\/wp-json\/wp\/v2\/media?parent=21494"}],"wp:term":[{"taxonomy":"product_brand","embeddable":true,"href":"https:\/\/tajkertesz.com\/en_US\/wp-json\/wp\/v2\/product_brand?post=21494"},{"taxonomy":"product_cat","embeddable":true,"href":"https:\/\/tajkertesz.com\/en_US\/wp-json\/wp\/v2\/product_cat?post=21494"},{"taxonomy":"product_tag","embeddable":true,"href":"https:\/\/tajkertesz.com\/en_US\/wp-json\/wp\/v2\/product_tag?post=21494"}],"curies":[{"name":"wp","href":"https:\/\/api.w.org\/{rel}","templated":true}]}}