{"id":2150,"date":"2020-09-25T12:21:52","date_gmt":"2020-09-25T12:21:52","guid":{"rendered":"https:\/\/tajkertesz.com\/?post_type=product&#038;p=2150"},"modified":"2025-01-28T12:19:19","modified_gmt":"2025-01-28T12:19:19","slug":"agrecol-eper-tap-12-kg","status":"publish","type":"product","link":"https:\/\/tajkertesz.com\/en_US\/product\/agrecol-eper-tap-12-kg\/","title":{"rendered":"Agrecol eper t\u00e1p 1,2 kg f\u00f6ldieperhez"},"content":{"rendered":"<h3>Agrecol eper t\u00e1p 1,2 kg f\u00f6ldieperhez<\/h3>\n<p>Agrecol eper t\u00e1p 1,2 kg f\u00f6ldieperhez<\/p>\n<p>Kiv\u00e1l\u00f3 min\u0151s\u00e9g\u0171 granul\u00e1lt, term\u00e9szetes alap\u00fa n\u00f6v\u00e9nyt\u00e1p eper, erdei szam\u00f3ca, ribizli \u00e9s m\u00e1lna tr\u00e1gy\u00e1z\u00e1s\u00e1ra.<\/p>\n<p>A t\u00e1p szisztematikus haszn\u00e1lata eg\u00e9szs\u00e9ges \u00e9s \u00edzletes gy\u00fcm\u00f6lcs\u00f6t biztos\u00edt.<br \/>\nAz olyan \u00f6sszetev\u0151knek k\u00f6sz\u00f6nhet\u0151en, mint a nitrog\u00e9n, foszfor, k\u00e1lium \u00e9s magn\u00e9zium, sok t\u00e1panyag \u00e9s vitamin szintetiz\u00e1l\u00f3dik a gy\u00fcm\u00f6lcsben.<\/p>\n<p>A megfelel\u0151en t\u00e1pl\u00e1lt n\u00f6v\u00e9nyek ellen\u00e1ll\u00f3bbak a betegs\u00e9gekkel, \u00e9s a sz\u00e9ls\u0151s\u00e9ges id\u0151j\u00e1r\u00e1si k\u00f6r\u00fclm\u00e9nyekkel szemben egyar\u00e1nt, mint pl.: sz\u00e1razs\u00e1g \u00e9s alacsony h\u0151m\u00e9rs\u00e9klet. A n\u00f6v\u00e9nyt\u00e1p a bejuttatott szerves anyagoknak k\u00f6sz\u00f6nhet\u0151en jav\u00edtja a talaj fizikai \u00e9s biol\u00f3giai tulajdons\u00e1gait. Megfelel\u0151 felt\u00e9teleket teremt a n\u00f6v\u00e9nyek n\u00f6veked\u00e9s\u00e9hez \u00e9s fejl\u0151d\u00e9s\u00e9hez, aminek<br \/>\nk\u00f6sz\u00f6nhet\u0151en magas term\u00e9shozamot \u00e9r\u00fcnk el.<\/p>\n<p>A szerves tr\u00e1gy\u00e1k haszn\u00e1lata megfelel\u0151 t\u00e1panyagszintet biztos\u00edt a talajban \u00e9s jav\u00edtja annak szerkezet\u00e9t.<\/p>\n<p><em>Felhaszn\u00e1l\u00e1si javaslat: 50 g\/1 m<sup>2 <\/sup>(1,5 mar\u00e9k)<\/em><\/p>\n<p><em>\u00c9vente h\u00e1romszor m\u00e1rciust\u00f3l j\u00faliusig haszn\u00e1lhatjuk. <\/em><em>Veget\u00e1ci\u00f3s id\u0151szakban 30-40 g\/10 t\u0151<\/em><\/p>\n<p><em>1,2 kg megk\u00f6zel\u00edt\u0151leg\u00a0 240 db n\u00f6v\u00e9nyhez elegend\u0151.\u00a0<\/em><em>Kisz\u00f3r\u00e1s ut\u00e1n \u00f6nt\u00f6zz\u00fck be alaposan.\u00a0<\/em><\/p>\n<p><em>Gyermekekt\u0151l elz\u00e1rva tartand\u00f3 M\u00e9regjelz\u00e9s n\u00e9lk\u00fcli k\u00e9sz\u00edtm\u00e9ny.<\/em><\/p>\n<p><em>EK m\u0171tr\u00e1gya<\/em><\/p>\n<p><strong><em>\u00a0 \u00d6sszet\u00e9tel<\/em><\/strong><em>:N 15, P<sub>2<\/sub>O<sub>5<\/sub> 6 ,K<sub>2<\/sub>O 11 %<\/em><em>\u00a0 Mikroelemek: B 0,04%,<\/em><\/p>\n<p><em>\u00a0 Cu 0,1%,\u00a0 Fe 0,2%,\u00a0 Mn 0,17%, Mo 0,01%, Zn 0,035%<\/em><\/p>\n<p><em>\u00a0K\u00f6zeg\u00e9szs\u00e9g\u00fcgyi szempontb\u00f3l nem vesz\u00e9lyes.<\/em><\/p>\n<p><em>Eredeti z\u00e1rt csomagol\u00e1sban sz\u00e1raz, napf\u00e9nyt\u0151l v\u00e9dett,<\/em><\/p>\n<p><em>fagymentes helyen a csomagol\u00e1son jelzett id\u0151pontig eltarthat\u00f3.<\/em><\/p>\n<p><em>Helytelen haszn\u00e1lat\u00e9rt felel\u0151ss\u00e9get nem v\u00e1llalunk!<\/em><\/p>\n<p><em>Sz\u00e1rmaz\u00e1si hely: PL,\u00a0 Forgalmaz\u00f3: T\u00e1j-Kert\u00e9sz 84\u00a0<\/em><\/p>\n<p><a href=\"https:\/\/tajkertesz.com\/wp-content\/uploads\/2021\/05\/Agrecol-bizt.adatl_..pdf\">Agrecol bizt.adatl.<\/a><\/p>\n<p style=\"line-height: 18.0pt; background: white; margin: 0cm 0cm 15.0pt 0cm;\"><b><span style=\"font-family: 'Ubuntu',sans-serif; color: black;\">K\u00e9szlet\u00fcnk napi szinten v\u00e1ltozik, ez\u00e9rt k\u00e9rj\u00fck, \u00e9rdekl\u0151dj\u00f6n szem\u00e9lyesen, telefonon vagy email-en.<br \/>\nA v\u00e1ltoztat\u00e1s jog\u00e1t fenntartjuk!\u00a0<\/span><\/b><\/p>\n<p><a href=\"https:\/\/tajkertesz.com\/\">https:\/\/tajkertesz.com\/<\/a><\/p>\n<p><a href=\"https:\/\/www.facebook.com\/tajkertesz\/\">https:\/\/www.facebook.com\/tajkertesz\/<\/a><\/p>\n<p>Kisz\u00e1ll\u00edt\u00e1s: 200cm-ig \u00e9s 40 kg-ig a sz\u00e1ll\u00edt\u00e1s fut\u00e1rszolg\u00e1lattal t\u00f6rt\u00e9nik.<\/p>\n<p>Szem\u00e9lyes \u00e1tv\u00e9tel nyitvatart\u00e1si id\u0151ben a 17. ker\u00fclet Bakancsos utca 7. sz\u00e1m alatti Kert\u00e9szeti \u00e1rud\u00e1nkban.<\/p>\n<h5>Kert\u00e9p\u00edt\u0151k \u00e9s viszontelad\u00f3k regisztr\u00e1l\u00e1s ut\u00e1n egyedi kedvezm\u00e9nnyel v\u00e1s\u00e1rolhatnak kert\u00e9szeti kis-\u00e9s nagykeresked\u00e9s\u00fcnkben.<\/h5>\n<p>A logisztikai c\u00e9ggel t\u00f6rt\u00e9n\u0151 sz\u00e1ll\u00edt\u00e1s eset\u00e9n a partnereink\u00a0esetleges a\u00a0cs\u00fasz\u00e1sai\u00e9rt nem v\u00e1llalunk felel\u0151ss\u00e9get!<\/p>\n<p><strong>Az \u00e1rak egy darab term\u00e9kre vonatkoznak.<\/strong><\/p>\n<p><span style=\"color: #ffffff;\">A<\/span><\/p>","protected":false},"excerpt":{"rendered":"<p>Agrecol , Eper t\u00e1p 1,2 kg<\/p>\n<div id=\"bodyContent\" class=\"mw-body-content\">\n<div id=\"mw-content-text\" class=\"mw-content-ltr\" dir=\"ltr\" lang=\"hu\">\n<div id=\"bodyContent\" class=\"mw-body-content\">\n<div id=\"mw-content-text\" class=\"mw-content-ltr\" dir=\"ltr\" lang=\"hu\">\n<p><b>K\u00e9szlet\u00fcnk napi szinten v\u00e1ltozik, ez\u00e9rt k\u00e9rj\u00fck, \u00e9rdekl\u0151dj\u00f6n szem\u00e9lyesen, telefonon vagy email-en.<\/b><\/p>\n<p>Term\u00e9keinket szem\u00e9lyesen is \u00e1tveheti a h\u00e9t minden napj\u00e1n nyitvatart\u00e1si id\u0151ben!<\/p>\n<p>Kisz\u00e1ll\u00edt\u00e1s: 200 cm \u00e9s 40 kg-ig a sz\u00e1ll\u00edt\u00e1s fut\u00e1rszolg\u00e1lattal t\u00f6rt\u00e9nik.<\/p>\n<\/div>\n<\/div>\n<\/div>\n<\/div>\n<p><b>A v\u00e1ltoztat\u00e1s jog\u00e1t fenntartjuk!\u00a0<\/b><\/p>\n<p><em>Felhaszn\u00e1l\u00e1si javaslat: 50 g\/1 m<sup>2 <\/sup>(1,5 mar\u00e9k)<\/em><\/p>\n<p><em>\u00c9vente h\u00e1romszor m\u00e1rciust\u00f3l j\u00faliusig haszn\u00e1lhatjuk. <\/em><\/p>","protected":false},"featured_media":2151,"template":"","meta":{"_et_pb_use_builder":"","_et_pb_old_content":"","_et_gb_content_width":""},"product_brand":[],"product_cat":[1419],"product_tag":[537,690,693,692,697],"class_list":{"0":"post-2150","1":"product","2":"type-product","3":"status-publish","4":"has-post-thumbnail","6":"product_cat-agrecol-mutragyak-gyumolcstermo-novenyekre","7":"product_tag-agrecol","8":"product_tag-eper","9":"product_tag-eper-tap","10":"product_tag-epertap","11":"product_tag-foldieper","13":"first","14":"instock","15":"shipping-taxable","16":"purchasable","17":"product-type-simple"},"yoast_head":"<!-- This site is optimized with the Yoast SEO plugin v27.3 - https:\/\/yoast.com\/product\/yoast-seo-wordpress\/ -->\n<title>Agrecol eper t\u00e1p 1,2 kg f\u00f6ldieperhez - T\u00e1jkert\u00e9sz<\/title>\n<meta name=\"description\" content=\"Agrecol , Eper t\u00e1p 1,2 kgFelhaszn\u00e1l\u00e1si javaslat: 50 g\/1 m2 (1,5 mar\u00e9k)\u00c9vente h\u00e1romszor m\u00e1rciust\u00f3l j\u00faliusig haszn\u00e1lhatjuk.\" \/>\n<meta name=\"robots\" content=\"index, follow, max-snippet:-1, max-image-preview:large, max-video-preview:-1\" \/>\n<link rel=\"canonical\" href=\"https:\/\/tajkertesz.com\/en_US\/product\/agrecol-eper-tap-12-kg\/\" \/>\n<meta property=\"og:locale\" content=\"en_US\" \/>\n<meta property=\"og:type\" content=\"article\" \/>\n<meta property=\"og:title\" content=\"Agrecol eper t\u00e1p 1,2 kg f\u00f6ldieperhez - T\u00e1jkert\u00e9sz\" \/>\n<meta property=\"og:description\" content=\"Agrecol , Eper t\u00e1p 1,2 kgFelhaszn\u00e1l\u00e1si javaslat: 50 g\/1 m2 (1,5 mar\u00e9k)\u00c9vente h\u00e1romszor m\u00e1rciust\u00f3l j\u00faliusig haszn\u00e1lhatjuk.\" \/>\n<meta property=\"og:url\" content=\"https:\/\/tajkertesz.com\/en_US\/product\/agrecol-eper-tap-12-kg\/\" \/>\n<meta property=\"og:site_name\" content=\"T\u00e1jkert\u00e9sz\" \/>\n<meta property=\"article:publisher\" content=\"https:\/\/www.facebook.com\/Tajkertesz\/\" \/>\n<meta property=\"article:modified_time\" content=\"2025-01-28T12:19:19+00:00\" \/>\n<meta property=\"og:image\" content=\"https:\/\/tajkertesz.com\/wp-content\/uploads\/2020\/09\/truskawki-12kg.png\" \/>\n\t<meta property=\"og:image:width\" content=\"370\" \/>\n\t<meta property=\"og:image:height\" content=\"481\" \/>\n\t<meta property=\"og:image:type\" content=\"image\/png\" \/>\n<meta name=\"twitter:card\" content=\"summary_large_image\" \/>\n<meta name=\"twitter:label1\" content=\"Est. reading time\" \/>\n\t<meta name=\"twitter:data1\" content=\"2 minutes\" \/>\n<script type=\"application\/ld+json\" class=\"yoast-schema-graph\">{\"@context\":\"https:\\\/\\\/schema.org\",\"@graph\":[{\"@type\":\"WebPage\",\"@id\":\"https:\\\/\\\/tajkertesz.com\\\/termek\\\/agrecol-eper-tap-12-kg\\\/\",\"url\":\"https:\\\/\\\/tajkertesz.com\\\/termek\\\/agrecol-eper-tap-12-kg\\\/\",\"name\":\"Agrecol eper t\u00e1p 1,2 kg f\u00f6ldieperhez - T\u00e1jkert\u00e9sz\",\"isPartOf\":{\"@id\":\"https:\\\/\\\/tajkertesz.com\\\/#website\"},\"primaryImageOfPage\":{\"@id\":\"https:\\\/\\\/tajkertesz.com\\\/termek\\\/agrecol-eper-tap-12-kg\\\/#primaryimage\"},\"image\":{\"@id\":\"https:\\\/\\\/tajkertesz.com\\\/termek\\\/agrecol-eper-tap-12-kg\\\/#primaryimage\"},\"thumbnailUrl\":\"https:\\\/\\\/tajkertesz.com\\\/wp-content\\\/uploads\\\/2020\\\/09\\\/truskawki-12kg.png\",\"datePublished\":\"2020-09-25T12:21:52+00:00\",\"dateModified\":\"2025-01-28T12:19:19+00:00\",\"description\":\"Agrecol , Eper t\u00e1p 1,2 kgFelhaszn\u00e1l\u00e1si javaslat: 50 g\\\/1 m2 (1,5 mar\u00e9k)\u00c9vente h\u00e1romszor m\u00e1rciust\u00f3l j\u00faliusig haszn\u00e1lhatjuk.\",\"breadcrumb\":{\"@id\":\"https:\\\/\\\/tajkertesz.com\\\/termek\\\/agrecol-eper-tap-12-kg\\\/#breadcrumb\"},\"inLanguage\":\"en-US\",\"potentialAction\":[{\"@type\":\"ReadAction\",\"target\":[\"https:\\\/\\\/tajkertesz.com\\\/termek\\\/agrecol-eper-tap-12-kg\\\/\"]}]},{\"@type\":\"ImageObject\",\"inLanguage\":\"en-US\",\"@id\":\"https:\\\/\\\/tajkertesz.com\\\/termek\\\/agrecol-eper-tap-12-kg\\\/#primaryimage\",\"url\":\"https:\\\/\\\/tajkertesz.com\\\/wp-content\\\/uploads\\\/2020\\\/09\\\/truskawki-12kg.png\",\"contentUrl\":\"https:\\\/\\\/tajkertesz.com\\\/wp-content\\\/uploads\\\/2020\\\/09\\\/truskawki-12kg.png\",\"width\":370,\"height\":481,\"caption\":\"Agrecol eper t\u00e1p 1,2 kg f\u00f6ldieperhez\"},{\"@type\":\"BreadcrumbList\",\"@id\":\"https:\\\/\\\/tajkertesz.com\\\/termek\\\/agrecol-eper-tap-12-kg\\\/#breadcrumb\",\"itemListElement\":[{\"@type\":\"ListItem\",\"position\":1,\"name\":\"Home\",\"item\":\"https:\\\/\\\/tajkertesz.com\\\/\"},{\"@type\":\"ListItem\",\"position\":2,\"name\":\"Kezd\u0151lap\",\"item\":\"https:\\\/\\\/tajkertesz.com\\\/\"},{\"@type\":\"ListItem\",\"position\":3,\"name\":\"Agrecol eper t\u00e1p 1,2 kg f\u00f6ldieperhez\"}]},{\"@type\":\"WebSite\",\"@id\":\"https:\\\/\\\/tajkertesz.com\\\/#website\",\"url\":\"https:\\\/\\\/tajkertesz.com\\\/\",\"name\":\"T\u00e1j-Kert\u00e9sz 84 Kft.\",\"description\":\"Kert\u00e9szeti kis- \u00e9s nagykeresked\u00e9s, D\u00edszn\u00f6v\u00e9ny web\u00e1ruh\u00e1z orsz\u00e1gos h\u00e1zhozsz\u00e1ll\u00edt\u00e1ssal!\",\"publisher\":{\"@id\":\"https:\\\/\\\/tajkertesz.com\\\/#organization\"},\"potentialAction\":[{\"@type\":\"SearchAction\",\"target\":{\"@type\":\"EntryPoint\",\"urlTemplate\":\"https:\\\/\\\/tajkertesz.com\\\/?s={search_term_string}\"},\"query-input\":{\"@type\":\"PropertyValueSpecification\",\"valueRequired\":true,\"valueName\":\"search_term_string\"}}],\"inLanguage\":\"en-US\"},{\"@type\":\"Organization\",\"@id\":\"https:\\\/\\\/tajkertesz.com\\\/#organization\",\"name\":\"T\u00e1j-Kert\u00e9sz 84 Kft.\",\"url\":\"https:\\\/\\\/tajkertesz.com\\\/\",\"logo\":{\"@type\":\"ImageObject\",\"inLanguage\":\"en-US\",\"@id\":\"https:\\\/\\\/tajkertesz.com\\\/#\\\/schema\\\/logo\\\/image\\\/\",\"url\":\"https:\\\/\\\/tajkertesz.com\\\/wp-content\\\/uploads\\\/2018\\\/02\\\/logo-2-e1518678052539.png\",\"contentUrl\":\"https:\\\/\\\/tajkertesz.com\\\/wp-content\\\/uploads\\\/2018\\\/02\\\/logo-2-e1518678052539.png\",\"width\":81,\"height\":140,\"caption\":\"T\u00e1j-Kert\u00e9sz 84 Kft.\"},\"image\":{\"@id\":\"https:\\\/\\\/tajkertesz.com\\\/#\\\/schema\\\/logo\\\/image\\\/\"},\"sameAs\":[\"https:\\\/\\\/www.facebook.com\\\/Tajkertesz\\\/\"]}]}<\/script>\n<!-- \/ Yoast SEO plugin. -->","yoast_head_json":{"title":"Agrecol eper t\u00e1p 1,2 kg f\u00f6ldieperhez - T\u00e1jkert\u00e9sz","description":"Agrecol , Eper t\u00e1p 1,2 kgFelhaszn\u00e1l\u00e1si javaslat: 50 g\/1 m2 (1,5 mar\u00e9k)\u00c9vente h\u00e1romszor m\u00e1rciust\u00f3l j\u00faliusig haszn\u00e1lhatjuk.","robots":{"index":"index","follow":"follow","max-snippet":"max-snippet:-1","max-image-preview":"max-image-preview:large","max-video-preview":"max-video-preview:-1"},"canonical":"https:\/\/tajkertesz.com\/en_US\/product\/agrecol-eper-tap-12-kg\/","og_locale":"en_US","og_type":"article","og_title":"Agrecol eper t\u00e1p 1,2 kg f\u00f6ldieperhez - T\u00e1jkert\u00e9sz","og_description":"Agrecol , Eper t\u00e1p 1,2 kgFelhaszn\u00e1l\u00e1si javaslat: 50 g\/1 m2 (1,5 mar\u00e9k)\u00c9vente h\u00e1romszor m\u00e1rciust\u00f3l j\u00faliusig haszn\u00e1lhatjuk.","og_url":"https:\/\/tajkertesz.com\/en_US\/product\/agrecol-eper-tap-12-kg\/","og_site_name":"T\u00e1jkert\u00e9sz","article_publisher":"https:\/\/www.facebook.com\/Tajkertesz\/","article_modified_time":"2025-01-28T12:19:19+00:00","og_image":[{"width":370,"height":481,"url":"https:\/\/tajkertesz.com\/wp-content\/uploads\/2020\/09\/truskawki-12kg.png","type":"image\/png"}],"twitter_card":"summary_large_image","twitter_misc":{"Est. reading time":"2 minutes"},"schema":{"@context":"https:\/\/schema.org","@graph":[{"@type":"WebPage","@id":"https:\/\/tajkertesz.com\/termek\/agrecol-eper-tap-12-kg\/","url":"https:\/\/tajkertesz.com\/termek\/agrecol-eper-tap-12-kg\/","name":"Agrecol eper t\u00e1p 1,2 kg f\u00f6ldieperhez - T\u00e1jkert\u00e9sz","isPartOf":{"@id":"https:\/\/tajkertesz.com\/#website"},"primaryImageOfPage":{"@id":"https:\/\/tajkertesz.com\/termek\/agrecol-eper-tap-12-kg\/#primaryimage"},"image":{"@id":"https:\/\/tajkertesz.com\/termek\/agrecol-eper-tap-12-kg\/#primaryimage"},"thumbnailUrl":"https:\/\/tajkertesz.com\/wp-content\/uploads\/2020\/09\/truskawki-12kg.png","datePublished":"2020-09-25T12:21:52+00:00","dateModified":"2025-01-28T12:19:19+00:00","description":"Agrecol , Eper t\u00e1p 1,2 kgFelhaszn\u00e1l\u00e1si javaslat: 50 g\/1 m2 (1,5 mar\u00e9k)\u00c9vente h\u00e1romszor m\u00e1rciust\u00f3l j\u00faliusig haszn\u00e1lhatjuk.","breadcrumb":{"@id":"https:\/\/tajkertesz.com\/termek\/agrecol-eper-tap-12-kg\/#breadcrumb"},"inLanguage":"en-US","potentialAction":[{"@type":"ReadAction","target":["https:\/\/tajkertesz.com\/termek\/agrecol-eper-tap-12-kg\/"]}]},{"@type":"ImageObject","inLanguage":"en-US","@id":"https:\/\/tajkertesz.com\/termek\/agrecol-eper-tap-12-kg\/#primaryimage","url":"https:\/\/tajkertesz.com\/wp-content\/uploads\/2020\/09\/truskawki-12kg.png","contentUrl":"https:\/\/tajkertesz.com\/wp-content\/uploads\/2020\/09\/truskawki-12kg.png","width":370,"height":481,"caption":"Agrecol eper t\u00e1p 1,2 kg f\u00f6ldieperhez"},{"@type":"BreadcrumbList","@id":"https:\/\/tajkertesz.com\/termek\/agrecol-eper-tap-12-kg\/#breadcrumb","itemListElement":[{"@type":"ListItem","position":1,"name":"Home","item":"https:\/\/tajkertesz.com\/"},{"@type":"ListItem","position":2,"name":"Kezd\u0151lap","item":"https:\/\/tajkertesz.com\/"},{"@type":"ListItem","position":3,"name":"Agrecol eper t\u00e1p 1,2 kg f\u00f6ldieperhez"}]},{"@type":"WebSite","@id":"https:\/\/tajkertesz.com\/#website","url":"https:\/\/tajkertesz.com\/","name":"T\u00e1j-Kert\u00e9sz 84 Kft.","description":"Kert\u00e9szeti kis- \u00e9s nagykeresked\u00e9s, D\u00edszn\u00f6v\u00e9ny web\u00e1ruh\u00e1z orsz\u00e1gos h\u00e1zhozsz\u00e1ll\u00edt\u00e1ssal!","publisher":{"@id":"https:\/\/tajkertesz.com\/#organization"},"potentialAction":[{"@type":"SearchAction","target":{"@type":"EntryPoint","urlTemplate":"https:\/\/tajkertesz.com\/?s={search_term_string}"},"query-input":{"@type":"PropertyValueSpecification","valueRequired":true,"valueName":"search_term_string"}}],"inLanguage":"en-US"},{"@type":"Organization","@id":"https:\/\/tajkertesz.com\/#organization","name":"T\u00e1j-Kert\u00e9sz 84 Kft.","url":"https:\/\/tajkertesz.com\/","logo":{"@type":"ImageObject","inLanguage":"en-US","@id":"https:\/\/tajkertesz.com\/#\/schema\/logo\/image\/","url":"https:\/\/tajkertesz.com\/wp-content\/uploads\/2018\/02\/logo-2-e1518678052539.png","contentUrl":"https:\/\/tajkertesz.com\/wp-content\/uploads\/2018\/02\/logo-2-e1518678052539.png","width":81,"height":140,"caption":"T\u00e1j-Kert\u00e9sz 84 Kft."},"image":{"@id":"https:\/\/tajkertesz.com\/#\/schema\/logo\/image\/"},"sameAs":["https:\/\/www.facebook.com\/Tajkertesz\/"]}]}},"_links":{"self":[{"href":"https:\/\/tajkertesz.com\/en_US\/wp-json\/wp\/v2\/product\/2150","targetHints":{"allow":["GET"]}}],"collection":[{"href":"https:\/\/tajkertesz.com\/en_US\/wp-json\/wp\/v2\/product"}],"about":[{"href":"https:\/\/tajkertesz.com\/en_US\/wp-json\/wp\/v2\/types\/product"}],"wp:featuredmedia":[{"embeddable":true,"href":"https:\/\/tajkertesz.com\/en_US\/wp-json\/wp\/v2\/media\/2151"}],"wp:attachment":[{"href":"https:\/\/tajkertesz.com\/en_US\/wp-json\/wp\/v2\/media?parent=2150"}],"wp:term":[{"taxonomy":"product_brand","embeddable":true,"href":"https:\/\/tajkertesz.com\/en_US\/wp-json\/wp\/v2\/product_brand?post=2150"},{"taxonomy":"product_cat","embeddable":true,"href":"https:\/\/tajkertesz.com\/en_US\/wp-json\/wp\/v2\/product_cat?post=2150"},{"taxonomy":"product_tag","embeddable":true,"href":"https:\/\/tajkertesz.com\/en_US\/wp-json\/wp\/v2\/product_tag?post=2150"}],"curies":[{"name":"wp","href":"https:\/\/api.w.org\/{rel}","templated":true}]}}