{"id":21503,"date":"2024-11-03T11:47:21","date_gmt":"2024-11-03T11:47:21","guid":{"rendered":"https:\/\/tajkertesz.com\/?post_type=product&#038;p=21503"},"modified":"2026-04-28T09:53:20","modified_gmt":"2026-04-28T09:53:20","slug":"szabadgyokeru-szolo-oltvanyok-attila","status":"publish","type":"product","link":"https:\/\/tajkertesz.com\/en_US\/product\/szabadgyokeru-szolo-oltvanyok-attila\/","title":{"rendered":"Szabadgy\u00f6ker\u0171 sz\u0151l\u0151 oltv\u00e1nyok Attila"},"content":{"rendered":"<h1>Szabadgy\u00f6ker\u0171 sz\u0151l\u0151 oltv\u00e1nyok Attila<\/h1>\n<p>A Szabadgy\u00f6ker\u0171 sz\u0151l\u0151 oltv\u00e1nyok Attila fajta\u00a0egy magyar csemegesz\u0151l\u0151fajta, amelyet Kocsis P\u00e1l nemes\u00edtett 1917-ben. Eredetileg a\u00a0<strong>Rosa menna di vacca<\/strong>\u00a0\u00e9s a\u00a0<strong>Mathi\u00e1sz J\u00e1nosn\u00e9 muskot\u00e1ly<\/strong>\u00a0keresztez\u00e9s\u00e9b\u0151l sz\u00e1rmazik. Az Attila sz\u0151l\u0151fajta kor\u00e1bbi nevei k\u00f6z\u00e9 tartozik a\u00a0<strong>Lord Rothermere<\/strong>\u00a0\u00e9s a\u00a0<strong>Ropog\u00f3s muskot\u00e1ly<\/strong>.<\/p>\n<h2>Az Attila sz\u0151l\u0151 oltv\u00e1ny jellemz\u0151i<\/h2>\n<p><strong>\u00c9r\u00e9si id\u0151: Szeptember k\u00f6zepe-v\u00e9ge<\/strong><\/p>\n<p>A fajta er\u0151s n\u00f6veked\u00e9si er\u00e9llyel rendelkezik, kev\u00e9s vessz\u0151t nevel, de azok er\u0151sek \u00e9s kiss\u00e9 v\u00edzszintes n\u00f6veked\u00e9s\u0171ek, \u00edgy k\u00f6nnyen a t\u00e1mrendszerre illeszthet\u0151k.<\/p>\n<p>Levelei k\u00f6z\u00e9pnagyok, 5 kar\u00e9j\u00faak, nem zs\u00edros tapint\u00e1s\u00faak, merevek. A lev\u00e9lfon\u00e1k gyapjas. Term\u00e9se k\u00f6r\u00fclbel\u00fcl 200 gramm t\u00f6meget \u00e9r el, v\u00e1llas, k\u00f6zepesen t\u00f6m\u00f6tt.<\/p>\n<p>F\u00fcrtjei nagyok, mutat\u00f3sak, k\u00f6zepesen t\u00f6m\u00f6ttek vagy laz\u00e1k, gyakran v\u00e1llasak. A bogy\u00f3k s\u00e1rg\u00e1s-z\u00f6ld sz\u00edn\u0171ek, kiss\u00e9 hamvas fel\u00fclet\u0171, h\u00e9ja v\u00e9kony, h\u00fasa \u00e9des, roppan\u00f3,\u00a0 enyh\u00e9n muskot\u00e1lyos \u00edz\u0171, ami k\u00fcl\u00f6nleges zamatot k\u00f6lcs\u00f6n\u00f6z nekik.<\/p>\n<p>A bogy\u00f3k reped\u00e9sre nem hajlamosak, ez\u00e1ltal j\u00f3l sz\u00e1ll\u00edthat\u00f3k, rothad\u00e1sra kev\u00e9sb\u00e9 hajlamosak.<\/p>\n<h3>A szabadgy\u00f6ker\u0171 sz\u0151l\u0151 oltv\u00e1nyok gondoz\u00e1sa<\/h3>\n<p>A sz\u0151l\u0151 termeszt\u00e9se sor\u00e1n fontos a megfelel\u0151 talaj \u00e9s kl\u00edma biztos\u00edt\u00e1sa. Az Attila sz\u0151l\u0151 a napos, meleg helyeket kedveli, ahol a talaj j\u00f3 v\u00edzelvezet\u00e9s\u0171 \u00e9s t\u00e1panyagban gazdag. A megfelel\u0151 metsz\u00e9s \u00e9s n\u00f6v\u00e9nyv\u00e9delem szint\u00e9n elengedhetetlen a j\u00f3 term\u00e9s el\u00e9r\u00e9s\u00e9hez.<\/p>\n<p>Az Attila sz\u0151l\u0151fajta nemcsak \u00edzletes gy\u00fcm\u00f6lcs\u00f6t ad, hanem eszt\u00e9tikai \u00e9rt\u00e9ke is jelent\u0151s. A nagy, v\u00e1llas f\u00fcrt\u00f6k \u00e9s a sz\u00e9p sz\u00edn\u0171 bogy\u00f3k d\u00edsz\u00edtik a sz\u0151l\u0151lugasokat \u00e9s a kerteket.<\/p>\n<p><strong>Jelen term\u00e9k\u00fcnk szabadgy\u00f6ker\u0171 kiszerel\u00e9s\u0171 , \u00edgy a n\u00f6v\u00e9nyt nedvesen tart\u00f3 k\u00f6zeggel k\u00fcldj\u00fck , \u00e9s javasoljuk mihamarabbi el\u00fcltet\u00e9s\u00e9t.<\/strong><\/p>\n<p>Az \u00fcltet\u00e9shez haszn\u00e1ljon marhatr\u00e1gy\u00e1t, vagy\u00a0 Agrecol t\u00e1pot.<\/p>\n<p>A telep\u00edt\u00e9shez optim\u00e1lis id\u0151pont is okt\u00f3ber 20. ut\u00e1n kezd\u0151dik, \u00e9s tart eg\u00e9szen addig, am\u00edg a talaj \u00e1t nem fagy, \u00edgy ak\u00e1r -enyhe id\u0151 eset\u00e9n- decemberben is \u00fcltethet.<\/p>\n<p>Teh\u00e1t \u00d6n nem marad le semmir\u0151l, s\u0151t a legjobb id\u0151pontban tudja el\u00fcltetni a nyugalmi \u00e1llapotban l\u00e9v\u0151 gy\u00fcm\u00f6lcsterm\u0151ket, \u00edgy biztos\u00edtva a legjobb ered\u00e9st.<\/p>\n<p><strong>K\u00e9szlet\u00fcnk napi szinten v\u00e1ltozik, ez\u00e9rt k\u00e9rj\u00fck, \u00e9rdekl\u0151dj\u00f6n szem\u00e9lyesen, telefonon vagy email-en.<br \/>\nA v\u00e1ltoztat\u00e1s jog\u00e1t fenntartjuk!\u00a0<\/strong><\/p>\n<p><a href=\"https:\/\/tajkertesz.com\/\">https:\/\/tajkertesz.com\/<\/a><\/p>\n<p><a href=\"https:\/\/www.facebook.com\/tajkertesz\/\">https:\/\/www.facebook.com\/tajkertesz\/<\/a><\/p>\n<p>Kisz\u00e1ll\u00edt\u00e1s: 200cm-ig \u00a0\u00e9s 40 kg-ig a sz\u00e1ll\u00edt\u00e1s fut\u00e1rszolg\u00e1lattal \u00a0t\u00f6rt\u00e9nik.<\/p>\n<p>Szem\u00e9lyes \u00e1tv\u00e9tel nyitvatart\u00e1si id\u0151ben a 17. ker\u00fclet Bakancsos utca 7. sz\u00e1m alatti Kert\u00e9szeti \u00e1rud\u00e1nkban.<\/p>\n<h6><\/h6>","protected":false},"excerpt":{"rendered":"<p>Szabadgy\u00f6ker\u0171 sz\u0151l\u0151 oltv\u00e1nyok Attila A Szabadgy\u00f6ker\u0171 sz\u0151l\u0151 oltv\u00e1nyok Attila fajta\u00a0egy magyar csemegesz\u0151l\u0151fajta, amelyet Kocsis P\u00e1l nemes\u00edtett 1917-ben. Eredetileg a\u00a0Rosa menna di vacca\u00a0\u00e9s a\u00a0Mathi\u00e1sz J\u00e1nosn\u00e9 muskot\u00e1ly\u00a0keresztez\u00e9s\u00e9b\u0151l sz\u00e1rmazik. Az Attila sz\u0151l\u0151fajta kor\u00e1bbi nevei k\u00f6z\u00e9 tartozik a\u00a0Lord Rothermere\u00a0\u00e9s a\u00a0Ropog\u00f3s muskot\u00e1ly. Az Attila sz\u0151l\u0151 oltv\u00e1ny jellemz\u0151i \u00c9r\u00e9si id\u0151: Szeptember k\u00f6zepe-v\u00e9ge A fajta er\u0151s n\u00f6veked\u00e9si er\u00e9llyel rendelkezik, kev\u00e9s vessz\u0151t nevel, [&hellip;]<\/p>\n","protected":false},"featured_media":21562,"template":"","meta":{"_et_pb_use_builder":"","_et_pb_old_content":"","_et_gb_content_width":""},"product_brand":[],"product_cat":[7412],"product_tag":[7371,7370,7374,834,7373,7372],"class_list":{"0":"post-21503","1":"product","2":"type-product","3":"status-publish","4":"has-post-thumbnail","6":"product_cat-szabadgyokeru-szolok","7":"product_tag-attila-csemegeszolo","8":"product_tag-attila-szolo-oltvany","9":"product_tag-magyar-csemegeszolo-fajta","10":"product_tag-szabadgyokeru-szolo","11":"product_tag-szolo-telepites","12":"product_tag-szolooltvany-rendeles","14":"first","15":"outofstock","16":"shipping-taxable","17":"product-type-simple"},"yoast_head":"<!-- This site is optimized with the Yoast SEO plugin v27.5 - https:\/\/yoast.com\/product\/yoast-seo-wordpress\/ -->\n<title>Szabadgy\u00f6ker\u0171 sz\u0151l\u0151 oltv\u00e1nyok Attila - T\u00e1jkert\u00e9sz<\/title>\n<meta name=\"description\" content=\"Szabadgy\u00f6ker\u0171 sz\u0151l\u0151 oltv\u00e1nyok Attila F\u00fcrtjei nagyok, k\u00f6zepesen t\u00f6m\u00f6ttek, gyakran v\u00e1llasak. A bogy\u00f3k s\u00e1rg\u00e1s-z\u00f6ld sz\u00edn\u0171ek, h\u00e9ja v\u00e9kony, h\u00fasa \u00e9des, roppan\u00f3\" \/>\n<meta name=\"robots\" content=\"index, follow, max-snippet:-1, max-image-preview:large, max-video-preview:-1\" \/>\n<link rel=\"canonical\" href=\"https:\/\/tajkertesz.com\/en_US\/product\/szabadgyokeru-szolo-oltvanyok-attila\/\" \/>\n<meta property=\"og:locale\" content=\"en_US\" \/>\n<meta property=\"og:type\" content=\"article\" \/>\n<meta property=\"og:title\" content=\"Szabadgy\u00f6ker\u0171 sz\u0151l\u0151 oltv\u00e1nyok Attila - T\u00e1jkert\u00e9sz\" \/>\n<meta property=\"og:description\" content=\"Szabadgy\u00f6ker\u0171 sz\u0151l\u0151 oltv\u00e1nyok Attila F\u00fcrtjei nagyok, k\u00f6zepesen t\u00f6m\u00f6ttek, gyakran v\u00e1llasak. A bogy\u00f3k s\u00e1rg\u00e1s-z\u00f6ld sz\u00edn\u0171ek, h\u00e9ja v\u00e9kony, h\u00fasa \u00e9des, roppan\u00f3\" \/>\n<meta property=\"og:url\" content=\"https:\/\/tajkertesz.com\/en_US\/product\/szabadgyokeru-szolo-oltvanyok-attila\/\" \/>\n<meta property=\"og:site_name\" content=\"T\u00e1jkert\u00e9sz\" \/>\n<meta property=\"article:publisher\" content=\"https:\/\/www.facebook.com\/Tajkertesz\/\" \/>\n<meta property=\"article:modified_time\" content=\"2026-04-28T09:53:20+00:00\" \/>\n<meta property=\"og:image\" content=\"https:\/\/tajkertesz.com\/wp-content\/uploads\/2024\/10\/attila-szolo.jpg\" \/>\n\t<meta property=\"og:image:width\" content=\"300\" \/>\n\t<meta property=\"og:image:height\" content=\"300\" \/>\n\t<meta property=\"og:image:type\" content=\"image\/jpeg\" \/>\n<meta name=\"twitter:card\" content=\"summary_large_image\" \/>\n<meta name=\"twitter:label1\" content=\"Est. reading time\" \/>\n\t<meta name=\"twitter:data1\" content=\"2 minutes\" \/>\n<script type=\"application\/ld+json\" class=\"yoast-schema-graph\">{\"@context\":\"https:\\\/\\\/schema.org\",\"@graph\":[{\"@type\":\"WebPage\",\"@id\":\"https:\\\/\\\/tajkertesz.com\\\/termek\\\/szabadgyokeru-szolo-oltvanyok-attila\\\/\",\"url\":\"https:\\\/\\\/tajkertesz.com\\\/termek\\\/szabadgyokeru-szolo-oltvanyok-attila\\\/\",\"name\":\"Szabadgy\u00f6ker\u0171 sz\u0151l\u0151 oltv\u00e1nyok Attila - T\u00e1jkert\u00e9sz\",\"isPartOf\":{\"@id\":\"https:\\\/\\\/tajkertesz.com\\\/#website\"},\"primaryImageOfPage\":{\"@id\":\"https:\\\/\\\/tajkertesz.com\\\/termek\\\/szabadgyokeru-szolo-oltvanyok-attila\\\/#primaryimage\"},\"image\":{\"@id\":\"https:\\\/\\\/tajkertesz.com\\\/termek\\\/szabadgyokeru-szolo-oltvanyok-attila\\\/#primaryimage\"},\"thumbnailUrl\":\"https:\\\/\\\/tajkertesz.com\\\/wp-content\\\/uploads\\\/2024\\\/10\\\/attila-szolo.jpg\",\"datePublished\":\"2024-11-03T11:47:21+00:00\",\"dateModified\":\"2026-04-28T09:53:20+00:00\",\"description\":\"Szabadgy\u00f6ker\u0171 sz\u0151l\u0151 oltv\u00e1nyok Attila F\u00fcrtjei nagyok, k\u00f6zepesen t\u00f6m\u00f6ttek, gyakran v\u00e1llasak. A bogy\u00f3k s\u00e1rg\u00e1s-z\u00f6ld sz\u00edn\u0171ek, h\u00e9ja v\u00e9kony, h\u00fasa \u00e9des, roppan\u00f3\",\"breadcrumb\":{\"@id\":\"https:\\\/\\\/tajkertesz.com\\\/termek\\\/szabadgyokeru-szolo-oltvanyok-attila\\\/#breadcrumb\"},\"inLanguage\":\"en-US\",\"potentialAction\":[{\"@type\":\"ReadAction\",\"target\":[\"https:\\\/\\\/tajkertesz.com\\\/termek\\\/szabadgyokeru-szolo-oltvanyok-attila\\\/\"]}]},{\"@type\":\"ImageObject\",\"inLanguage\":\"en-US\",\"@id\":\"https:\\\/\\\/tajkertesz.com\\\/termek\\\/szabadgyokeru-szolo-oltvanyok-attila\\\/#primaryimage\",\"url\":\"https:\\\/\\\/tajkertesz.com\\\/wp-content\\\/uploads\\\/2024\\\/10\\\/attila-szolo.jpg\",\"contentUrl\":\"https:\\\/\\\/tajkertesz.com\\\/wp-content\\\/uploads\\\/2024\\\/10\\\/attila-szolo.jpg\",\"width\":300,\"height\":300,\"caption\":\"Szabadgy\u00f6ker\u0171 sz\u0151l\u0151 oltv\u00e1nyok Attila\"},{\"@type\":\"BreadcrumbList\",\"@id\":\"https:\\\/\\\/tajkertesz.com\\\/termek\\\/szabadgyokeru-szolo-oltvanyok-attila\\\/#breadcrumb\",\"itemListElement\":[{\"@type\":\"ListItem\",\"position\":1,\"name\":\"Home\",\"item\":\"https:\\\/\\\/tajkertesz.com\\\/\"},{\"@type\":\"ListItem\",\"position\":2,\"name\":\"Kezd\u0151lap\",\"item\":\"https:\\\/\\\/tajkertesz.com\\\/\"},{\"@type\":\"ListItem\",\"position\":3,\"name\":\"Szabadgy\u00f6ker\u0171 sz\u0151l\u0151 oltv\u00e1nyok Attila\"}]},{\"@type\":\"WebSite\",\"@id\":\"https:\\\/\\\/tajkertesz.com\\\/#website\",\"url\":\"https:\\\/\\\/tajkertesz.com\\\/\",\"name\":\"T\u00e1j-Kert\u00e9sz 84 Kft.\",\"description\":\"Kert\u00e9szeti kis- \u00e9s nagykeresked\u00e9s, D\u00edszn\u00f6v\u00e9ny web\u00e1ruh\u00e1z orsz\u00e1gos h\u00e1zhozsz\u00e1ll\u00edt\u00e1ssal!\",\"publisher\":{\"@id\":\"https:\\\/\\\/tajkertesz.com\\\/#organization\"},\"potentialAction\":[{\"@type\":\"SearchAction\",\"target\":{\"@type\":\"EntryPoint\",\"urlTemplate\":\"https:\\\/\\\/tajkertesz.com\\\/?s={search_term_string}\"},\"query-input\":{\"@type\":\"PropertyValueSpecification\",\"valueRequired\":true,\"valueName\":\"search_term_string\"}}],\"inLanguage\":\"en-US\"},{\"@type\":\"Organization\",\"@id\":\"https:\\\/\\\/tajkertesz.com\\\/#organization\",\"name\":\"T\u00e1j-Kert\u00e9sz 84 Kft.\",\"url\":\"https:\\\/\\\/tajkertesz.com\\\/\",\"logo\":{\"@type\":\"ImageObject\",\"inLanguage\":\"en-US\",\"@id\":\"https:\\\/\\\/tajkertesz.com\\\/#\\\/schema\\\/logo\\\/image\\\/\",\"url\":\"https:\\\/\\\/tajkertesz.com\\\/wp-content\\\/uploads\\\/2018\\\/02\\\/logo-2-e1518678052539.png\",\"contentUrl\":\"https:\\\/\\\/tajkertesz.com\\\/wp-content\\\/uploads\\\/2018\\\/02\\\/logo-2-e1518678052539.png\",\"width\":81,\"height\":140,\"caption\":\"T\u00e1j-Kert\u00e9sz 84 Kft.\"},\"image\":{\"@id\":\"https:\\\/\\\/tajkertesz.com\\\/#\\\/schema\\\/logo\\\/image\\\/\"},\"sameAs\":[\"https:\\\/\\\/www.facebook.com\\\/Tajkertesz\\\/\"]}]}<\/script>\n<!-- \/ Yoast SEO plugin. -->","yoast_head_json":{"title":"Szabadgy\u00f6ker\u0171 sz\u0151l\u0151 oltv\u00e1nyok Attila - T\u00e1jkert\u00e9sz","description":"Szabadgy\u00f6ker\u0171 sz\u0151l\u0151 oltv\u00e1nyok Attila F\u00fcrtjei nagyok, k\u00f6zepesen t\u00f6m\u00f6ttek, gyakran v\u00e1llasak. A bogy\u00f3k s\u00e1rg\u00e1s-z\u00f6ld sz\u00edn\u0171ek, h\u00e9ja v\u00e9kony, h\u00fasa \u00e9des, roppan\u00f3","robots":{"index":"index","follow":"follow","max-snippet":"max-snippet:-1","max-image-preview":"max-image-preview:large","max-video-preview":"max-video-preview:-1"},"canonical":"https:\/\/tajkertesz.com\/en_US\/product\/szabadgyokeru-szolo-oltvanyok-attila\/","og_locale":"en_US","og_type":"article","og_title":"Szabadgy\u00f6ker\u0171 sz\u0151l\u0151 oltv\u00e1nyok Attila - T\u00e1jkert\u00e9sz","og_description":"Szabadgy\u00f6ker\u0171 sz\u0151l\u0151 oltv\u00e1nyok Attila F\u00fcrtjei nagyok, k\u00f6zepesen t\u00f6m\u00f6ttek, gyakran v\u00e1llasak. A bogy\u00f3k s\u00e1rg\u00e1s-z\u00f6ld sz\u00edn\u0171ek, h\u00e9ja v\u00e9kony, h\u00fasa \u00e9des, roppan\u00f3","og_url":"https:\/\/tajkertesz.com\/en_US\/product\/szabadgyokeru-szolo-oltvanyok-attila\/","og_site_name":"T\u00e1jkert\u00e9sz","article_publisher":"https:\/\/www.facebook.com\/Tajkertesz\/","article_modified_time":"2026-04-28T09:53:20+00:00","og_image":[{"width":300,"height":300,"url":"https:\/\/tajkertesz.com\/wp-content\/uploads\/2024\/10\/attila-szolo.jpg","type":"image\/jpeg"}],"twitter_card":"summary_large_image","twitter_misc":{"Est. reading time":"2 minutes"},"schema":{"@context":"https:\/\/schema.org","@graph":[{"@type":"WebPage","@id":"https:\/\/tajkertesz.com\/termek\/szabadgyokeru-szolo-oltvanyok-attila\/","url":"https:\/\/tajkertesz.com\/termek\/szabadgyokeru-szolo-oltvanyok-attila\/","name":"Szabadgy\u00f6ker\u0171 sz\u0151l\u0151 oltv\u00e1nyok Attila - T\u00e1jkert\u00e9sz","isPartOf":{"@id":"https:\/\/tajkertesz.com\/#website"},"primaryImageOfPage":{"@id":"https:\/\/tajkertesz.com\/termek\/szabadgyokeru-szolo-oltvanyok-attila\/#primaryimage"},"image":{"@id":"https:\/\/tajkertesz.com\/termek\/szabadgyokeru-szolo-oltvanyok-attila\/#primaryimage"},"thumbnailUrl":"https:\/\/tajkertesz.com\/wp-content\/uploads\/2024\/10\/attila-szolo.jpg","datePublished":"2024-11-03T11:47:21+00:00","dateModified":"2026-04-28T09:53:20+00:00","description":"Szabadgy\u00f6ker\u0171 sz\u0151l\u0151 oltv\u00e1nyok Attila F\u00fcrtjei nagyok, k\u00f6zepesen t\u00f6m\u00f6ttek, gyakran v\u00e1llasak. A bogy\u00f3k s\u00e1rg\u00e1s-z\u00f6ld sz\u00edn\u0171ek, h\u00e9ja v\u00e9kony, h\u00fasa \u00e9des, roppan\u00f3","breadcrumb":{"@id":"https:\/\/tajkertesz.com\/termek\/szabadgyokeru-szolo-oltvanyok-attila\/#breadcrumb"},"inLanguage":"en-US","potentialAction":[{"@type":"ReadAction","target":["https:\/\/tajkertesz.com\/termek\/szabadgyokeru-szolo-oltvanyok-attila\/"]}]},{"@type":"ImageObject","inLanguage":"en-US","@id":"https:\/\/tajkertesz.com\/termek\/szabadgyokeru-szolo-oltvanyok-attila\/#primaryimage","url":"https:\/\/tajkertesz.com\/wp-content\/uploads\/2024\/10\/attila-szolo.jpg","contentUrl":"https:\/\/tajkertesz.com\/wp-content\/uploads\/2024\/10\/attila-szolo.jpg","width":300,"height":300,"caption":"Szabadgy\u00f6ker\u0171 sz\u0151l\u0151 oltv\u00e1nyok Attila"},{"@type":"BreadcrumbList","@id":"https:\/\/tajkertesz.com\/termek\/szabadgyokeru-szolo-oltvanyok-attila\/#breadcrumb","itemListElement":[{"@type":"ListItem","position":1,"name":"Home","item":"https:\/\/tajkertesz.com\/"},{"@type":"ListItem","position":2,"name":"Kezd\u0151lap","item":"https:\/\/tajkertesz.com\/"},{"@type":"ListItem","position":3,"name":"Szabadgy\u00f6ker\u0171 sz\u0151l\u0151 oltv\u00e1nyok Attila"}]},{"@type":"WebSite","@id":"https:\/\/tajkertesz.com\/#website","url":"https:\/\/tajkertesz.com\/","name":"T\u00e1j-Kert\u00e9sz 84 Kft.","description":"Kert\u00e9szeti kis- \u00e9s nagykeresked\u00e9s, D\u00edszn\u00f6v\u00e9ny web\u00e1ruh\u00e1z orsz\u00e1gos h\u00e1zhozsz\u00e1ll\u00edt\u00e1ssal!","publisher":{"@id":"https:\/\/tajkertesz.com\/#organization"},"potentialAction":[{"@type":"SearchAction","target":{"@type":"EntryPoint","urlTemplate":"https:\/\/tajkertesz.com\/?s={search_term_string}"},"query-input":{"@type":"PropertyValueSpecification","valueRequired":true,"valueName":"search_term_string"}}],"inLanguage":"en-US"},{"@type":"Organization","@id":"https:\/\/tajkertesz.com\/#organization","name":"T\u00e1j-Kert\u00e9sz 84 Kft.","url":"https:\/\/tajkertesz.com\/","logo":{"@type":"ImageObject","inLanguage":"en-US","@id":"https:\/\/tajkertesz.com\/#\/schema\/logo\/image\/","url":"https:\/\/tajkertesz.com\/wp-content\/uploads\/2018\/02\/logo-2-e1518678052539.png","contentUrl":"https:\/\/tajkertesz.com\/wp-content\/uploads\/2018\/02\/logo-2-e1518678052539.png","width":81,"height":140,"caption":"T\u00e1j-Kert\u00e9sz 84 Kft."},"image":{"@id":"https:\/\/tajkertesz.com\/#\/schema\/logo\/image\/"},"sameAs":["https:\/\/www.facebook.com\/Tajkertesz\/"]}]}},"_links":{"self":[{"href":"https:\/\/tajkertesz.com\/en_US\/wp-json\/wp\/v2\/product\/21503","targetHints":{"allow":["GET"]}}],"collection":[{"href":"https:\/\/tajkertesz.com\/en_US\/wp-json\/wp\/v2\/product"}],"about":[{"href":"https:\/\/tajkertesz.com\/en_US\/wp-json\/wp\/v2\/types\/product"}],"wp:featuredmedia":[{"embeddable":true,"href":"https:\/\/tajkertesz.com\/en_US\/wp-json\/wp\/v2\/media\/21562"}],"wp:attachment":[{"href":"https:\/\/tajkertesz.com\/en_US\/wp-json\/wp\/v2\/media?parent=21503"}],"wp:term":[{"taxonomy":"product_brand","embeddable":true,"href":"https:\/\/tajkertesz.com\/en_US\/wp-json\/wp\/v2\/product_brand?post=21503"},{"taxonomy":"product_cat","embeddable":true,"href":"https:\/\/tajkertesz.com\/en_US\/wp-json\/wp\/v2\/product_cat?post=21503"},{"taxonomy":"product_tag","embeddable":true,"href":"https:\/\/tajkertesz.com\/en_US\/wp-json\/wp\/v2\/product_tag?post=21503"}],"curies":[{"name":"wp","href":"https:\/\/api.w.org\/{rel}","templated":true}]}}