{"id":21539,"date":"2024-11-02T14:34:18","date_gmt":"2024-11-02T14:34:18","guid":{"rendered":"https:\/\/tajkertesz.com\/?post_type=product&#038;p=21539"},"modified":"2025-04-01T14:02:54","modified_gmt":"2025-04-01T14:02:54","slug":"althann-ringlo-szilvafa-szabadgyokeres","status":"publish","type":"product","link":"https:\/\/tajkertesz.com\/en_US\/product\/althann-ringlo-szilvafa-szabadgyokeres\/","title":{"rendered":"Althann ringl\u00f3 szilvafa szabadgy\u00f6keres"},"content":{"rendered":"<h1>Althann ringl\u00f3 szilvafa szabadgy\u00f6keres<\/h1>\n<p>Az Althann ringl\u00f3 szilvafa szabadgy\u00f6keres fajt\u00e1t Csehorsz\u00e1gban, Svojsic\u00e9ben Marie-Joseph Althann gr\u00f3f birtok\u00e1n szelekt\u00e1lta Jan Prochazka kert\u00e9sz 1850-60 k\u00f6z\u00f6tt, a \u2019Z\u00f6ld ringl\u00f3\u2019 magoncai k\u00f6z\u00fcl.<\/p>\n<p>Igaza lett, ma m\u00e1r szinte az eg\u00e9sz vil\u00e1gon termesztik, haz\u00e1nkban pedig a legelterjedtebb \u00e9s legkedveltebb ringl\u00f3fajta.<\/p>\n<h2>Althann ringl\u00f3 szilvafa jellemz\u0151i<\/h2>\n<p>F\u00e1ja er\u0151s n\u00f6veked\u00e9s\u0171, fiatalon felfel\u00e9 t\u00f6r\u0151 \u00e1grendszer\u0171, majd a term\u0151re fordul\u00e1s ut\u00e1n ink\u00e1bb sz\u00e9tter\u00fcl\u0151, kev\u00e9sb\u00e9 el\u00e1gaz\u00f3d\u00f3, nagy vagy k\u00f6z\u00e9pnagy koron\u00e1t nevel. Vessz\u0151i barn\u00e1spiros-lil\u00e1s sz\u00edn\u0171ek, k\u00f6zepesen vastagok, f\u00f6lfel\u00e9 elv\u00e9konyod\u00f3k, merevek. Levele s\u00f6t\u00e9tz\u00f6ld, f\u00e9nyes, nagy, vastag, sz\u00e9les, a ny\u00e9l fel\u00e9 hegyes, a cs\u00facs fel\u00e9 lekerek\u00edtett, h\u00f3lyagos, kanalas, fodrozott sz\u00e9l\u0171, dupl\u00e1n \u00e9s tomp\u00e1n fogazott. Vir\u00e1ga nagy.<\/p>\n<p>Kor\u00e1n term\u0151re fordul, rendszeresen \u00e9s j\u00f3l terem. <strong>\u00d6nmedd\u0151<\/strong>.<\/p>\n<p>Pollenad\u00f3k: Ageni, Besztercei, Cacanska rodna, Cacanska lepotica, Debreceni muskot\u00e1ly, President, Sermina, Stanley, Z\u00f6ld ringl\u00f3.<\/p>\n<p>\u00c9r\u00e9si ideje: Augusztus k\u00f6zepe<\/p>\n<p>Gy\u00fcm\u00f6lcse nagy (kb. 38,5 mm hossz\u00fa, 39,6 mm sz\u00e9les, 35-40 g), g\u00f6mb alak\u00fa, k\u00e9t v\u00e9g\u00e9n kiss\u00e9 lap\u00edtott. Sek\u00e9ly, de j\u00f3l l\u00e1that\u00f3 varrata \u00e1ltal\u00e1ban szimmetrikusan osztja a gy\u00fcm\u00f6lcs\u00f6t. H\u00e9ja er\u0151sen hamvas, z\u00f6ldess\u00e1rga alapon r\u00f3zsasz\u00ednes lila, teljesen \u00e9retten s\u00f6t\u00e9tbord\u00f3val mosott. H\u00fasa narancss\u00e1rga, kem\u00e9ny, l\u00e9d\u00fas, kellemesen \u00e9des-savas, f\u0171szeres, \u00edzletes. Magvav\u00e1l\u00f3.<\/p>\n<p>Friss fogyaszt\u00e1sra \u00e9s\u00a0konyhai feldolgoz\u00e1sra (lekv\u00e1r, bef\u0151tt, s\u00fctem\u00e9nyek) egyar\u00e1nt\u00a0alkalmas.<\/p>\n<h3>A szilvafa gondoz\u00e1sa<\/h3>\n<p>J\u00f3 v\u00edz- \u00e9s leveg\u0151gazd\u00e1lkod\u00e1s\u00fa, humuszban- \u00e9s t\u00e1panyagban gazdag, nyirkos, m\u00e9ly r\u00e9teg\u0171, k\u00f6z\u00e9pk\u00f6t\u00f6tt talaj ide\u00e1lis a sz\u00e1m\u00e1ra, de nem t\u00e1maszt nagy ig\u00e9nyeket a talajjal szemben, ugyanakkor a szikes talajt nem szereti. Gazdag, j\u00f3 min\u0151s\u00e9g\u0171 term\u00e9st megfelel\u0151en el\u0151k\u00e9sz\u00edtett talajban fog nevelni.<\/p>\n<p><u>K<\/u>\u00f6zepes f\u00e9nyig\u00e9ny\u0171 , enyhe \u00e1rny\u00e9kol\u00e1st elvisel, de ez a term\u00e9smennyis\u00e9get kedvez\u0151tlen\u00fcl befoly\u00e1solja. A t\u00e9li hideget j\u00f3l t\u0171ri \u00e9s a korai fagyok is ritk\u00e1n k\u00e1ros\u00edtj\u00e1k.<\/p>\n<p>k\u00f6zepes v\u00edzig\u00e9ny\u0171, kb. \u00e9vi 600 mm egyenletes eloszl\u00e1s\u00fa csapad\u00e9k eset\u00e9n fejl\u0151dik j\u00f3l, ez\u00e9rt hossz\u00fa, asz\u00e1lyos id\u0151szakokban rendszeresen \u00f6nt\u00f6zz\u00fck. Tart\u00f3s csapad\u00e9khi\u00e1ny eset\u00e9n gy\u00fcm\u00f6lcseit ledobja.<\/p>\n<p><u>F<\/u>ontos az \u00fcltet\u00e9si hely j\u00f3 megv\u00e1laszt\u00e1sa, ami lehet\u0151leg hideg szelekt\u0151l v\u00e9dett, meleg fekv\u00e9s\u0171 legyen. Telep\u00edt\u00e9s el\u0151tt a talajt m\u00e9lyen munk\u00e1ljuk meg, juttassunk ki szerves anyagot, ha sz\u00fcks\u00e9ges fadar\u00e1l\u00e9kot is haszn\u00e1ljunk.<\/p>\n<p>A rendszeres tr\u00e1gy\u00e1z\u00e1st megh\u00e1l\u00e1lja.<\/p>\n<p><strong>K\u00e9szlet\u00fcnk napi szinten v\u00e1ltozik, ez\u00e9rt k\u00e9rj\u00fck, \u00e9rdekl\u0151dj\u00f6n szem\u00e9lyesen, telefonon vagy email-en.<br \/>\nA v\u00e1ltoztat\u00e1s jog\u00e1t fenntartjuk!\u00a0<\/strong><\/p>\n<p><a href=\"https:\/\/tajkertesz.com\/\">https:\/\/tajkertesz.com\/<\/a><\/p>\n<p><a href=\"https:\/\/www.facebook.com\/tajkertesz\/\">https:\/\/www.facebook.com\/tajkertesz\/<\/a><\/p>\n<p>Kisz\u00e1ll\u00edt\u00e1s: 200cm-ig \u00a0\u00e9s 40 kg-ig a sz\u00e1ll\u00edt\u00e1s fut\u00e1rszolg\u00e1lattal \u00a0t\u00f6rt\u00e9nik.<\/p>\n<p>Szem\u00e9lyes \u00e1tv\u00e9tel nyitvatart\u00e1si id\u0151ben a 17. ker\u00fclet Bakancsos utca 7. sz\u00e1m alatti Kert\u00e9szeti \u00e1rud\u00e1nkban.<\/p>","protected":false},"excerpt":{"rendered":"<p>Althann ringl\u00f3 szilvafa szabadgy\u00f6keres Az Althann ringl\u00f3 szilvafa szabadgy\u00f6keres fajt\u00e1t Csehorsz\u00e1gban, Svojsic\u00e9ben Marie-Joseph Althann gr\u00f3f birtok\u00e1n szelekt\u00e1lta Jan Prochazka kert\u00e9sz 1850-60 k\u00f6z\u00f6tt, a \u2019Z\u00f6ld ringl\u00f3\u2019 magoncai k\u00f6z\u00fcl. Igaza lett, ma m\u00e1r szinte az eg\u00e9sz vil\u00e1gon termesztik, haz\u00e1nkban pedig a legelterjedtebb \u00e9s legkedveltebb ringl\u00f3fajta. Althann ringl\u00f3 szilvafa jellemz\u0151i F\u00e1ja er\u0151s n\u00f6veked\u00e9s\u0171, fiatalon felfel\u00e9 t\u00f6r\u0151 \u00e1grendszer\u0171, majd [&hellip;]<\/p>\n","protected":false},"featured_media":21541,"template":"","meta":{"_et_pb_use_builder":"","_et_pb_old_content":"","_et_gb_content_width":""},"product_brand":[],"product_cat":[5394],"product_tag":[3083,5428,1427,5397,5420],"class_list":{"0":"post-21539","1":"product","2":"type-product","3":"status-publish","4":"has-post-thumbnail","6":"product_cat-szabadgyokeru-gyumolcsfak","7":"product_tag-althann-ringlo-szilva-szabadgyokeres","8":"product_tag-althann-ringlo","9":"product_tag-gyumolcsfa","10":"product_tag-szabadgyokeres","11":"product_tag-szilva","13":"first","14":"outofstock","15":"shipping-taxable","16":"product-type-simple"},"yoast_head":"<!-- This site is optimized with the Yoast SEO plugin v27.3 - https:\/\/yoast.com\/product\/yoast-seo-wordpress\/ -->\n<title>Althann ringl\u00f3 szilvafa szabadgy\u00f6keres - T\u00e1jkert\u00e9sz<\/title>\n<meta name=\"description\" content=\"Althann ringl\u00f3 szilvafa szabadgy\u00f6keres \u00a0kor\u00e1n term\u0151re fordul, rendszeresen \u00e9s j\u00f3l terem.\u00a0\u00d6nmedd\u0151. ugusztus k\u00f6zep\u00e9n \u00e9rik. Gy\u00fcm\u00f6lcs nagy, g\u00f6mb alak\u00fa.\" \/>\n<meta name=\"robots\" content=\"index, follow, max-snippet:-1, max-image-preview:large, max-video-preview:-1\" \/>\n<link rel=\"canonical\" href=\"https:\/\/tajkertesz.com\/en_US\/product\/althann-ringlo-szilvafa-szabadgyokeres\/\" \/>\n<meta property=\"og:locale\" content=\"en_US\" \/>\n<meta property=\"og:type\" content=\"article\" \/>\n<meta property=\"og:title\" content=\"Althann ringl\u00f3 szilvafa szabadgy\u00f6keres - T\u00e1jkert\u00e9sz\" \/>\n<meta property=\"og:description\" content=\"Althann ringl\u00f3 szilvafa szabadgy\u00f6keres \u00a0kor\u00e1n term\u0151re fordul, rendszeresen \u00e9s j\u00f3l terem.\u00a0\u00d6nmedd\u0151. ugusztus k\u00f6zep\u00e9n \u00e9rik. Gy\u00fcm\u00f6lcs nagy, g\u00f6mb alak\u00fa.\" \/>\n<meta property=\"og:url\" content=\"https:\/\/tajkertesz.com\/en_US\/product\/althann-ringlo-szilvafa-szabadgyokeres\/\" \/>\n<meta property=\"og:site_name\" content=\"T\u00e1jkert\u00e9sz\" \/>\n<meta property=\"article:publisher\" content=\"https:\/\/www.facebook.com\/Tajkertesz\/\" \/>\n<meta property=\"article:modified_time\" content=\"2025-04-01T14:02:54+00:00\" \/>\n<meta property=\"og:image\" content=\"https:\/\/tajkertesz.com\/wp-content\/uploads\/2024\/11\/prunus_domestica_althan_ringlo_konteneres_szilva_1.jpg\" \/>\n\t<meta property=\"og:image:width\" content=\"900\" \/>\n\t<meta property=\"og:image:height\" content=\"900\" \/>\n\t<meta property=\"og:image:type\" content=\"image\/jpeg\" \/>\n<meta name=\"twitter:card\" content=\"summary_large_image\" \/>\n<meta name=\"twitter:label1\" content=\"Est. reading time\" \/>\n\t<meta name=\"twitter:data1\" content=\"3 minutes\" \/>\n<script type=\"application\/ld+json\" class=\"yoast-schema-graph\">{\"@context\":\"https:\\\/\\\/schema.org\",\"@graph\":[{\"@type\":\"WebPage\",\"@id\":\"https:\\\/\\\/tajkertesz.com\\\/termek\\\/althann-ringlo-szilvafa-szabadgyokeres\\\/\",\"url\":\"https:\\\/\\\/tajkertesz.com\\\/termek\\\/althann-ringlo-szilvafa-szabadgyokeres\\\/\",\"name\":\"Althann ringl\u00f3 szilvafa szabadgy\u00f6keres - T\u00e1jkert\u00e9sz\",\"isPartOf\":{\"@id\":\"https:\\\/\\\/tajkertesz.com\\\/#website\"},\"primaryImageOfPage\":{\"@id\":\"https:\\\/\\\/tajkertesz.com\\\/termek\\\/althann-ringlo-szilvafa-szabadgyokeres\\\/#primaryimage\"},\"image\":{\"@id\":\"https:\\\/\\\/tajkertesz.com\\\/termek\\\/althann-ringlo-szilvafa-szabadgyokeres\\\/#primaryimage\"},\"thumbnailUrl\":\"https:\\\/\\\/tajkertesz.com\\\/wp-content\\\/uploads\\\/2024\\\/11\\\/prunus_domestica_althan_ringlo_konteneres_szilva_1.jpg\",\"datePublished\":\"2024-11-02T14:34:18+00:00\",\"dateModified\":\"2025-04-01T14:02:54+00:00\",\"description\":\"Althann ringl\u00f3 szilvafa szabadgy\u00f6keres \u00a0kor\u00e1n term\u0151re fordul, rendszeresen \u00e9s j\u00f3l terem.\u00a0\u00d6nmedd\u0151. ugusztus k\u00f6zep\u00e9n \u00e9rik. Gy\u00fcm\u00f6lcs nagy, g\u00f6mb alak\u00fa.\",\"breadcrumb\":{\"@id\":\"https:\\\/\\\/tajkertesz.com\\\/termek\\\/althann-ringlo-szilvafa-szabadgyokeres\\\/#breadcrumb\"},\"inLanguage\":\"en-US\",\"potentialAction\":[{\"@type\":\"ReadAction\",\"target\":[\"https:\\\/\\\/tajkertesz.com\\\/termek\\\/althann-ringlo-szilvafa-szabadgyokeres\\\/\"]}]},{\"@type\":\"ImageObject\",\"inLanguage\":\"en-US\",\"@id\":\"https:\\\/\\\/tajkertesz.com\\\/termek\\\/althann-ringlo-szilvafa-szabadgyokeres\\\/#primaryimage\",\"url\":\"https:\\\/\\\/tajkertesz.com\\\/wp-content\\\/uploads\\\/2024\\\/11\\\/prunus_domestica_althan_ringlo_konteneres_szilva_1.jpg\",\"contentUrl\":\"https:\\\/\\\/tajkertesz.com\\\/wp-content\\\/uploads\\\/2024\\\/11\\\/prunus_domestica_althan_ringlo_konteneres_szilva_1.jpg\",\"width\":900,\"height\":900,\"caption\":\"Althann ringl\u00f3 szilvafa szabadgy\u00f6keres\"},{\"@type\":\"BreadcrumbList\",\"@id\":\"https:\\\/\\\/tajkertesz.com\\\/termek\\\/althann-ringlo-szilvafa-szabadgyokeres\\\/#breadcrumb\",\"itemListElement\":[{\"@type\":\"ListItem\",\"position\":1,\"name\":\"Home\",\"item\":\"https:\\\/\\\/tajkertesz.com\\\/\"},{\"@type\":\"ListItem\",\"position\":2,\"name\":\"Kezd\u0151lap\",\"item\":\"https:\\\/\\\/tajkertesz.com\\\/\"},{\"@type\":\"ListItem\",\"position\":3,\"name\":\"Althann ringl\u00f3 szilvafa szabadgy\u00f6keres\"}]},{\"@type\":\"WebSite\",\"@id\":\"https:\\\/\\\/tajkertesz.com\\\/#website\",\"url\":\"https:\\\/\\\/tajkertesz.com\\\/\",\"name\":\"T\u00e1j-Kert\u00e9sz 84 Kft.\",\"description\":\"Kert\u00e9szeti kis- \u00e9s nagykeresked\u00e9s, D\u00edszn\u00f6v\u00e9ny web\u00e1ruh\u00e1z orsz\u00e1gos h\u00e1zhozsz\u00e1ll\u00edt\u00e1ssal!\",\"publisher\":{\"@id\":\"https:\\\/\\\/tajkertesz.com\\\/#organization\"},\"potentialAction\":[{\"@type\":\"SearchAction\",\"target\":{\"@type\":\"EntryPoint\",\"urlTemplate\":\"https:\\\/\\\/tajkertesz.com\\\/?s={search_term_string}\"},\"query-input\":{\"@type\":\"PropertyValueSpecification\",\"valueRequired\":true,\"valueName\":\"search_term_string\"}}],\"inLanguage\":\"en-US\"},{\"@type\":\"Organization\",\"@id\":\"https:\\\/\\\/tajkertesz.com\\\/#organization\",\"name\":\"T\u00e1j-Kert\u00e9sz 84 Kft.\",\"url\":\"https:\\\/\\\/tajkertesz.com\\\/\",\"logo\":{\"@type\":\"ImageObject\",\"inLanguage\":\"en-US\",\"@id\":\"https:\\\/\\\/tajkertesz.com\\\/#\\\/schema\\\/logo\\\/image\\\/\",\"url\":\"https:\\\/\\\/tajkertesz.com\\\/wp-content\\\/uploads\\\/2018\\\/02\\\/logo-2-e1518678052539.png\",\"contentUrl\":\"https:\\\/\\\/tajkertesz.com\\\/wp-content\\\/uploads\\\/2018\\\/02\\\/logo-2-e1518678052539.png\",\"width\":81,\"height\":140,\"caption\":\"T\u00e1j-Kert\u00e9sz 84 Kft.\"},\"image\":{\"@id\":\"https:\\\/\\\/tajkertesz.com\\\/#\\\/schema\\\/logo\\\/image\\\/\"},\"sameAs\":[\"https:\\\/\\\/www.facebook.com\\\/Tajkertesz\\\/\"]}]}<\/script>\n<!-- \/ Yoast SEO plugin. -->","yoast_head_json":{"title":"Althann ringl\u00f3 szilvafa szabadgy\u00f6keres - T\u00e1jkert\u00e9sz","description":"Althann ringl\u00f3 szilvafa szabadgy\u00f6keres \u00a0kor\u00e1n term\u0151re fordul, rendszeresen \u00e9s j\u00f3l terem.\u00a0\u00d6nmedd\u0151. ugusztus k\u00f6zep\u00e9n \u00e9rik. Gy\u00fcm\u00f6lcs nagy, g\u00f6mb alak\u00fa.","robots":{"index":"index","follow":"follow","max-snippet":"max-snippet:-1","max-image-preview":"max-image-preview:large","max-video-preview":"max-video-preview:-1"},"canonical":"https:\/\/tajkertesz.com\/en_US\/product\/althann-ringlo-szilvafa-szabadgyokeres\/","og_locale":"en_US","og_type":"article","og_title":"Althann ringl\u00f3 szilvafa szabadgy\u00f6keres - T\u00e1jkert\u00e9sz","og_description":"Althann ringl\u00f3 szilvafa szabadgy\u00f6keres \u00a0kor\u00e1n term\u0151re fordul, rendszeresen \u00e9s j\u00f3l terem.\u00a0\u00d6nmedd\u0151. ugusztus k\u00f6zep\u00e9n \u00e9rik. Gy\u00fcm\u00f6lcs nagy, g\u00f6mb alak\u00fa.","og_url":"https:\/\/tajkertesz.com\/en_US\/product\/althann-ringlo-szilvafa-szabadgyokeres\/","og_site_name":"T\u00e1jkert\u00e9sz","article_publisher":"https:\/\/www.facebook.com\/Tajkertesz\/","article_modified_time":"2025-04-01T14:02:54+00:00","og_image":[{"width":900,"height":900,"url":"https:\/\/tajkertesz.com\/wp-content\/uploads\/2024\/11\/prunus_domestica_althan_ringlo_konteneres_szilva_1.jpg","type":"image\/jpeg"}],"twitter_card":"summary_large_image","twitter_misc":{"Est. reading time":"3 minutes"},"schema":{"@context":"https:\/\/schema.org","@graph":[{"@type":"WebPage","@id":"https:\/\/tajkertesz.com\/termek\/althann-ringlo-szilvafa-szabadgyokeres\/","url":"https:\/\/tajkertesz.com\/termek\/althann-ringlo-szilvafa-szabadgyokeres\/","name":"Althann ringl\u00f3 szilvafa szabadgy\u00f6keres - T\u00e1jkert\u00e9sz","isPartOf":{"@id":"https:\/\/tajkertesz.com\/#website"},"primaryImageOfPage":{"@id":"https:\/\/tajkertesz.com\/termek\/althann-ringlo-szilvafa-szabadgyokeres\/#primaryimage"},"image":{"@id":"https:\/\/tajkertesz.com\/termek\/althann-ringlo-szilvafa-szabadgyokeres\/#primaryimage"},"thumbnailUrl":"https:\/\/tajkertesz.com\/wp-content\/uploads\/2024\/11\/prunus_domestica_althan_ringlo_konteneres_szilva_1.jpg","datePublished":"2024-11-02T14:34:18+00:00","dateModified":"2025-04-01T14:02:54+00:00","description":"Althann ringl\u00f3 szilvafa szabadgy\u00f6keres \u00a0kor\u00e1n term\u0151re fordul, rendszeresen \u00e9s j\u00f3l terem.\u00a0\u00d6nmedd\u0151. ugusztus k\u00f6zep\u00e9n \u00e9rik. Gy\u00fcm\u00f6lcs nagy, g\u00f6mb alak\u00fa.","breadcrumb":{"@id":"https:\/\/tajkertesz.com\/termek\/althann-ringlo-szilvafa-szabadgyokeres\/#breadcrumb"},"inLanguage":"en-US","potentialAction":[{"@type":"ReadAction","target":["https:\/\/tajkertesz.com\/termek\/althann-ringlo-szilvafa-szabadgyokeres\/"]}]},{"@type":"ImageObject","inLanguage":"en-US","@id":"https:\/\/tajkertesz.com\/termek\/althann-ringlo-szilvafa-szabadgyokeres\/#primaryimage","url":"https:\/\/tajkertesz.com\/wp-content\/uploads\/2024\/11\/prunus_domestica_althan_ringlo_konteneres_szilva_1.jpg","contentUrl":"https:\/\/tajkertesz.com\/wp-content\/uploads\/2024\/11\/prunus_domestica_althan_ringlo_konteneres_szilva_1.jpg","width":900,"height":900,"caption":"Althann ringl\u00f3 szilvafa szabadgy\u00f6keres"},{"@type":"BreadcrumbList","@id":"https:\/\/tajkertesz.com\/termek\/althann-ringlo-szilvafa-szabadgyokeres\/#breadcrumb","itemListElement":[{"@type":"ListItem","position":1,"name":"Home","item":"https:\/\/tajkertesz.com\/"},{"@type":"ListItem","position":2,"name":"Kezd\u0151lap","item":"https:\/\/tajkertesz.com\/"},{"@type":"ListItem","position":3,"name":"Althann ringl\u00f3 szilvafa szabadgy\u00f6keres"}]},{"@type":"WebSite","@id":"https:\/\/tajkertesz.com\/#website","url":"https:\/\/tajkertesz.com\/","name":"T\u00e1j-Kert\u00e9sz 84 Kft.","description":"Kert\u00e9szeti kis- \u00e9s nagykeresked\u00e9s, D\u00edszn\u00f6v\u00e9ny web\u00e1ruh\u00e1z orsz\u00e1gos h\u00e1zhozsz\u00e1ll\u00edt\u00e1ssal!","publisher":{"@id":"https:\/\/tajkertesz.com\/#organization"},"potentialAction":[{"@type":"SearchAction","target":{"@type":"EntryPoint","urlTemplate":"https:\/\/tajkertesz.com\/?s={search_term_string}"},"query-input":{"@type":"PropertyValueSpecification","valueRequired":true,"valueName":"search_term_string"}}],"inLanguage":"en-US"},{"@type":"Organization","@id":"https:\/\/tajkertesz.com\/#organization","name":"T\u00e1j-Kert\u00e9sz 84 Kft.","url":"https:\/\/tajkertesz.com\/","logo":{"@type":"ImageObject","inLanguage":"en-US","@id":"https:\/\/tajkertesz.com\/#\/schema\/logo\/image\/","url":"https:\/\/tajkertesz.com\/wp-content\/uploads\/2018\/02\/logo-2-e1518678052539.png","contentUrl":"https:\/\/tajkertesz.com\/wp-content\/uploads\/2018\/02\/logo-2-e1518678052539.png","width":81,"height":140,"caption":"T\u00e1j-Kert\u00e9sz 84 Kft."},"image":{"@id":"https:\/\/tajkertesz.com\/#\/schema\/logo\/image\/"},"sameAs":["https:\/\/www.facebook.com\/Tajkertesz\/"]}]}},"_links":{"self":[{"href":"https:\/\/tajkertesz.com\/en_US\/wp-json\/wp\/v2\/product\/21539","targetHints":{"allow":["GET"]}}],"collection":[{"href":"https:\/\/tajkertesz.com\/en_US\/wp-json\/wp\/v2\/product"}],"about":[{"href":"https:\/\/tajkertesz.com\/en_US\/wp-json\/wp\/v2\/types\/product"}],"wp:featuredmedia":[{"embeddable":true,"href":"https:\/\/tajkertesz.com\/en_US\/wp-json\/wp\/v2\/media\/21541"}],"wp:attachment":[{"href":"https:\/\/tajkertesz.com\/en_US\/wp-json\/wp\/v2\/media?parent=21539"}],"wp:term":[{"taxonomy":"product_brand","embeddable":true,"href":"https:\/\/tajkertesz.com\/en_US\/wp-json\/wp\/v2\/product_brand?post=21539"},{"taxonomy":"product_cat","embeddable":true,"href":"https:\/\/tajkertesz.com\/en_US\/wp-json\/wp\/v2\/product_cat?post=21539"},{"taxonomy":"product_tag","embeddable":true,"href":"https:\/\/tajkertesz.com\/en_US\/wp-json\/wp\/v2\/product_tag?post=21539"}],"curies":[{"name":"wp","href":"https:\/\/api.w.org\/{rel}","templated":true}]}}