{"id":21582,"date":"2024-11-05T14:45:53","date_gmt":"2024-11-05T14:45:53","guid":{"rendered":"https:\/\/tajkertesz.com\/?post_type=product&#038;p=21582"},"modified":"2025-03-31T11:23:50","modified_gmt":"2025-03-31T11:23:50","slug":"chilipaprika-habanero-csokoladebarna-20-szem","status":"publish","type":"product","link":"https:\/\/tajkertesz.com\/en_US\/product\/chilipaprika-habanero-csokoladebarna-20-szem\/","title":{"rendered":"Chilipaprika, Habanero csokol\u00e1d\u00e9barna 20 szem"},"content":{"rendered":"<p>Chilipaprika, Habanero csokol\u00e1d\u00e9barna 20 szem<\/p>\n<p>A Chilipaprika, Habanero csokol\u00e1d\u00e9 20 szem rendk\u00edv\u00fcl magas kapszaicin tartalm\u00fa paprikafajta. 70 cm magasra n\u0151. Bogy\u00f3i lampion form\u00e1j\u00faak, v\u00e9konyh\u00fas\u00faak, z\u00f6ldb\u0151l barn\u00e1s sz\u00edn\u0171re \u00e9rnek. \u00cdze rendk\u00edv\u00fcl cs\u00edp\u0151s, arom\u00e1s. Szabadf\u00f6ldi- \u00e9s \u00fcvegh\u00e1zi nevel\u00e9sre aj\u00e1nlott. Lassan fejl\u0151dik, ez\u00e9rt meleg \u00e9s napos helyre van sz\u00fcks\u00e9ge. T\u00e9lire vigy\u00fck meleg helyre \u00e9s teleltess\u00fck \u00e1t. Frissen sal\u00e1t\u00e1ba, vagy sz\u00e1r\u00edtva fogyasszuk.<\/p>\n<p style=\"line-height: 18.0pt; background: white; margin: 0cm 0cm 15.0pt 0cm;\"><b><span style=\"font-family: 'Ubuntu',sans-serif; color: black;\">K\u00e9szlet\u00fcnk napi szinten v\u00e1ltozik, ez\u00e9rt k\u00e9rj\u00fck, \u00e9rdekl\u0151dj\u00f6n szem\u00e9lyesen, telefonon vagy email-en.<br \/>\nA v\u00e1ltoztat\u00e1s jog\u00e1t fenntartjuk!\u00a0<\/span><\/b><\/p>\n<p><a href=\"https:\/\/tajkertesz.com\/\">https:\/\/tajkertesz.com\/<\/a><\/p>\n<p><a href=\"https:\/\/www.facebook.com\/tajkertesz\/\">https:\/\/www.facebook.com\/tajkertesz\/<\/a><\/p>\n<p>Kisz\u00e1ll\u00edt\u00e1s: 200cm-ig \u00e9s 40 kg-ig a sz\u00e1ll\u00edt\u00e1s fut\u00e1rszolg\u00e1lattal t\u00f6rt\u00e9nik.<\/p>\n<p>Szem\u00e9lyes \u00e1tv\u00e9tel nyitvatart\u00e1si id\u0151ben a 17. ker\u00fclet Bakancsos utca 7. sz\u00e1m alatti Kert\u00e9szeti \u00e1rud\u00e1nkban.<\/p>\n<p>&nbsp;<\/p>","protected":false},"excerpt":{"rendered":"<p>A Chilipaprika, Habanero csokol\u00e1d\u00e9 20 szem rendk\u00edv\u00fcl magas kapszaicin tartalm\u00fa paprikafajta. 70 cm magasra n\u0151. Bogy\u00f3i lampion form\u00e1j\u00faak, v\u00e9konyh\u00fas\u00faak, z\u00f6ldb\u0151l barn\u00e1s sz\u00edn\u0171re \u00e9rnek. \u00cdze rendk\u00edv\u00fcl cs\u00edp\u0151s, arom\u00e1s. Szabadf\u00f6ldi- \u00e9s \u00fcvegh\u00e1zi nevel\u00e9sre aj\u00e1nlott. Lassan fejl\u0151dik, ez\u00e9rt meleg \u00e9s napos helyre van sz\u00fcks\u00e9ge. T\u00e9lire vigy\u00fck meleg helyre \u00e9s teleltess\u00fck \u00e1t. Frissen sal\u00e1t\u00e1ba, vagy sz\u00e1r\u00edtva fogyasszuk.<\/p>","protected":false},"featured_media":21584,"template":"","meta":{"_et_pb_use_builder":"","_et_pb_old_content":"","_et_gb_content_width":""},"product_brand":[],"product_cat":[4148],"product_tag":[5436,5435,5434,5437],"class_list":{"0":"post-21582","1":"product","2":"type-product","3":"status-publish","4":"has-post-thumbnail","6":"product_cat-kulonleges-delikatesz-vetomagok","7":"product_tag-20szem","8":"product_tag-csokoladebarna","9":"product_tag-habanero","10":"product_tag-kertimag","12":"first","13":"instock","14":"shipping-taxable","15":"purchasable","16":"product-type-simple"},"yoast_head":"<!-- This site is optimized with the Yoast SEO plugin v27.4 - https:\/\/yoast.com\/product\/yoast-seo-wordpress\/ -->\n<title>Chilipaprika, Habanero csokol\u00e1d\u00e9barna 20 szem - T\u00e1jkert\u00e9sz<\/title>\n<meta name=\"description\" content=\"A Chilipaprika, Habanero csokol\u00e1d\u00e9 20 szem rendk\u00edv\u00fcl magas kapszaicin tartalm\u00fa paprikafajta. 70 cm magasra n\u0151. \u00cdze rendk\u00edv\u00fcl cs\u00edp\u0151s, arom\u00e1s.\" \/>\n<meta name=\"robots\" content=\"index, follow, max-snippet:-1, max-image-preview:large, max-video-preview:-1\" \/>\n<link rel=\"canonical\" href=\"https:\/\/tajkertesz.com\/en_US\/product\/chilipaprika-habanero-csokoladebarna-20-szem\/\" \/>\n<meta property=\"og:locale\" content=\"en_US\" \/>\n<meta property=\"og:type\" content=\"article\" \/>\n<meta property=\"og:title\" content=\"Chilipaprika, Habanero csokol\u00e1d\u00e9barna 20 szem - T\u00e1jkert\u00e9sz\" \/>\n<meta property=\"og:description\" content=\"A Chilipaprika, Habanero csokol\u00e1d\u00e9 20 szem rendk\u00edv\u00fcl magas kapszaicin tartalm\u00fa paprikafajta. 70 cm magasra n\u0151. \u00cdze rendk\u00edv\u00fcl cs\u00edp\u0151s, arom\u00e1s.\" \/>\n<meta property=\"og:url\" content=\"https:\/\/tajkertesz.com\/en_US\/product\/chilipaprika-habanero-csokoladebarna-20-szem\/\" \/>\n<meta property=\"og:site_name\" content=\"T\u00e1jkert\u00e9sz\" \/>\n<meta property=\"article:publisher\" content=\"https:\/\/www.facebook.com\/Tajkertesz\/\" \/>\n<meta property=\"article:modified_time\" content=\"2025-03-31T11:23:50+00:00\" \/>\n<meta property=\"og:image\" content=\"https:\/\/tajkertesz.com\/wp-content\/uploads\/2024\/11\/chili.jpg\" \/>\n\t<meta property=\"og:image:width\" content=\"934\" \/>\n\t<meta property=\"og:image:height\" content=\"934\" \/>\n\t<meta property=\"og:image:type\" content=\"image\/jpeg\" \/>\n<meta name=\"twitter:card\" content=\"summary_large_image\" \/>\n<meta name=\"twitter:label1\" content=\"Est. reading time\" \/>\n\t<meta name=\"twitter:data1\" content=\"1 minute\" \/>\n<script type=\"application\/ld+json\" class=\"yoast-schema-graph\">{\"@context\":\"https:\\\/\\\/schema.org\",\"@graph\":[{\"@type\":\"WebPage\",\"@id\":\"https:\\\/\\\/tajkertesz.com\\\/termek\\\/chilipaprika-habanero-csokoladebarna-20-szem\\\/\",\"url\":\"https:\\\/\\\/tajkertesz.com\\\/termek\\\/chilipaprika-habanero-csokoladebarna-20-szem\\\/\",\"name\":\"Chilipaprika, Habanero csokol\u00e1d\u00e9barna 20 szem - T\u00e1jkert\u00e9sz\",\"isPartOf\":{\"@id\":\"https:\\\/\\\/tajkertesz.com\\\/#website\"},\"primaryImageOfPage\":{\"@id\":\"https:\\\/\\\/tajkertesz.com\\\/termek\\\/chilipaprika-habanero-csokoladebarna-20-szem\\\/#primaryimage\"},\"image\":{\"@id\":\"https:\\\/\\\/tajkertesz.com\\\/termek\\\/chilipaprika-habanero-csokoladebarna-20-szem\\\/#primaryimage\"},\"thumbnailUrl\":\"https:\\\/\\\/tajkertesz.com\\\/wp-content\\\/uploads\\\/2024\\\/11\\\/chili.jpg\",\"datePublished\":\"2024-11-05T14:45:53+00:00\",\"dateModified\":\"2025-03-31T11:23:50+00:00\",\"description\":\"A Chilipaprika, Habanero csokol\u00e1d\u00e9 20 szem rendk\u00edv\u00fcl magas kapszaicin tartalm\u00fa paprikafajta. 70 cm magasra n\u0151. \u00cdze rendk\u00edv\u00fcl cs\u00edp\u0151s, arom\u00e1s.\",\"breadcrumb\":{\"@id\":\"https:\\\/\\\/tajkertesz.com\\\/termek\\\/chilipaprika-habanero-csokoladebarna-20-szem\\\/#breadcrumb\"},\"inLanguage\":\"en-US\",\"potentialAction\":[{\"@type\":\"ReadAction\",\"target\":[\"https:\\\/\\\/tajkertesz.com\\\/termek\\\/chilipaprika-habanero-csokoladebarna-20-szem\\\/\"]}]},{\"@type\":\"ImageObject\",\"inLanguage\":\"en-US\",\"@id\":\"https:\\\/\\\/tajkertesz.com\\\/termek\\\/chilipaprika-habanero-csokoladebarna-20-szem\\\/#primaryimage\",\"url\":\"https:\\\/\\\/tajkertesz.com\\\/wp-content\\\/uploads\\\/2024\\\/11\\\/chili.jpg\",\"contentUrl\":\"https:\\\/\\\/tajkertesz.com\\\/wp-content\\\/uploads\\\/2024\\\/11\\\/chili.jpg\",\"width\":934,\"height\":934},{\"@type\":\"BreadcrumbList\",\"@id\":\"https:\\\/\\\/tajkertesz.com\\\/termek\\\/chilipaprika-habanero-csokoladebarna-20-szem\\\/#breadcrumb\",\"itemListElement\":[{\"@type\":\"ListItem\",\"position\":1,\"name\":\"Home\",\"item\":\"https:\\\/\\\/tajkertesz.com\\\/\"},{\"@type\":\"ListItem\",\"position\":2,\"name\":\"Kezd\u0151lap\",\"item\":\"https:\\\/\\\/tajkertesz.com\\\/\"},{\"@type\":\"ListItem\",\"position\":3,\"name\":\"Chilipaprika, Habanero csokol\u00e1d\u00e9barna 20 szem\"}]},{\"@type\":\"WebSite\",\"@id\":\"https:\\\/\\\/tajkertesz.com\\\/#website\",\"url\":\"https:\\\/\\\/tajkertesz.com\\\/\",\"name\":\"T\u00e1j-Kert\u00e9sz 84 Kft.\",\"description\":\"Kert\u00e9szeti kis- \u00e9s nagykeresked\u00e9s, D\u00edszn\u00f6v\u00e9ny web\u00e1ruh\u00e1z orsz\u00e1gos h\u00e1zhozsz\u00e1ll\u00edt\u00e1ssal!\",\"publisher\":{\"@id\":\"https:\\\/\\\/tajkertesz.com\\\/#organization\"},\"potentialAction\":[{\"@type\":\"SearchAction\",\"target\":{\"@type\":\"EntryPoint\",\"urlTemplate\":\"https:\\\/\\\/tajkertesz.com\\\/?s={search_term_string}\"},\"query-input\":{\"@type\":\"PropertyValueSpecification\",\"valueRequired\":true,\"valueName\":\"search_term_string\"}}],\"inLanguage\":\"en-US\"},{\"@type\":\"Organization\",\"@id\":\"https:\\\/\\\/tajkertesz.com\\\/#organization\",\"name\":\"T\u00e1j-Kert\u00e9sz 84 Kft.\",\"url\":\"https:\\\/\\\/tajkertesz.com\\\/\",\"logo\":{\"@type\":\"ImageObject\",\"inLanguage\":\"en-US\",\"@id\":\"https:\\\/\\\/tajkertesz.com\\\/#\\\/schema\\\/logo\\\/image\\\/\",\"url\":\"https:\\\/\\\/tajkertesz.com\\\/wp-content\\\/uploads\\\/2018\\\/02\\\/logo-2-e1518678052539.png\",\"contentUrl\":\"https:\\\/\\\/tajkertesz.com\\\/wp-content\\\/uploads\\\/2018\\\/02\\\/logo-2-e1518678052539.png\",\"width\":81,\"height\":140,\"caption\":\"T\u00e1j-Kert\u00e9sz 84 Kft.\"},\"image\":{\"@id\":\"https:\\\/\\\/tajkertesz.com\\\/#\\\/schema\\\/logo\\\/image\\\/\"},\"sameAs\":[\"https:\\\/\\\/www.facebook.com\\\/Tajkertesz\\\/\"]}]}<\/script>\n<!-- \/ Yoast SEO plugin. -->","yoast_head_json":{"title":"Chilipaprika, Habanero csokol\u00e1d\u00e9barna 20 szem - T\u00e1jkert\u00e9sz","description":"A Chilipaprika, Habanero csokol\u00e1d\u00e9 20 szem rendk\u00edv\u00fcl magas kapszaicin tartalm\u00fa paprikafajta. 70 cm magasra n\u0151. \u00cdze rendk\u00edv\u00fcl cs\u00edp\u0151s, arom\u00e1s.","robots":{"index":"index","follow":"follow","max-snippet":"max-snippet:-1","max-image-preview":"max-image-preview:large","max-video-preview":"max-video-preview:-1"},"canonical":"https:\/\/tajkertesz.com\/en_US\/product\/chilipaprika-habanero-csokoladebarna-20-szem\/","og_locale":"en_US","og_type":"article","og_title":"Chilipaprika, Habanero csokol\u00e1d\u00e9barna 20 szem - T\u00e1jkert\u00e9sz","og_description":"A Chilipaprika, Habanero csokol\u00e1d\u00e9 20 szem rendk\u00edv\u00fcl magas kapszaicin tartalm\u00fa paprikafajta. 70 cm magasra n\u0151. \u00cdze rendk\u00edv\u00fcl cs\u00edp\u0151s, arom\u00e1s.","og_url":"https:\/\/tajkertesz.com\/en_US\/product\/chilipaprika-habanero-csokoladebarna-20-szem\/","og_site_name":"T\u00e1jkert\u00e9sz","article_publisher":"https:\/\/www.facebook.com\/Tajkertesz\/","article_modified_time":"2025-03-31T11:23:50+00:00","og_image":[{"width":934,"height":934,"url":"https:\/\/tajkertesz.com\/wp-content\/uploads\/2024\/11\/chili.jpg","type":"image\/jpeg"}],"twitter_card":"summary_large_image","twitter_misc":{"Est. reading time":"1 minute"},"schema":{"@context":"https:\/\/schema.org","@graph":[{"@type":"WebPage","@id":"https:\/\/tajkertesz.com\/termek\/chilipaprika-habanero-csokoladebarna-20-szem\/","url":"https:\/\/tajkertesz.com\/termek\/chilipaprika-habanero-csokoladebarna-20-szem\/","name":"Chilipaprika, Habanero csokol\u00e1d\u00e9barna 20 szem - T\u00e1jkert\u00e9sz","isPartOf":{"@id":"https:\/\/tajkertesz.com\/#website"},"primaryImageOfPage":{"@id":"https:\/\/tajkertesz.com\/termek\/chilipaprika-habanero-csokoladebarna-20-szem\/#primaryimage"},"image":{"@id":"https:\/\/tajkertesz.com\/termek\/chilipaprika-habanero-csokoladebarna-20-szem\/#primaryimage"},"thumbnailUrl":"https:\/\/tajkertesz.com\/wp-content\/uploads\/2024\/11\/chili.jpg","datePublished":"2024-11-05T14:45:53+00:00","dateModified":"2025-03-31T11:23:50+00:00","description":"A Chilipaprika, Habanero csokol\u00e1d\u00e9 20 szem rendk\u00edv\u00fcl magas kapszaicin tartalm\u00fa paprikafajta. 70 cm magasra n\u0151. \u00cdze rendk\u00edv\u00fcl cs\u00edp\u0151s, arom\u00e1s.","breadcrumb":{"@id":"https:\/\/tajkertesz.com\/termek\/chilipaprika-habanero-csokoladebarna-20-szem\/#breadcrumb"},"inLanguage":"en-US","potentialAction":[{"@type":"ReadAction","target":["https:\/\/tajkertesz.com\/termek\/chilipaprika-habanero-csokoladebarna-20-szem\/"]}]},{"@type":"ImageObject","inLanguage":"en-US","@id":"https:\/\/tajkertesz.com\/termek\/chilipaprika-habanero-csokoladebarna-20-szem\/#primaryimage","url":"https:\/\/tajkertesz.com\/wp-content\/uploads\/2024\/11\/chili.jpg","contentUrl":"https:\/\/tajkertesz.com\/wp-content\/uploads\/2024\/11\/chili.jpg","width":934,"height":934},{"@type":"BreadcrumbList","@id":"https:\/\/tajkertesz.com\/termek\/chilipaprika-habanero-csokoladebarna-20-szem\/#breadcrumb","itemListElement":[{"@type":"ListItem","position":1,"name":"Home","item":"https:\/\/tajkertesz.com\/"},{"@type":"ListItem","position":2,"name":"Kezd\u0151lap","item":"https:\/\/tajkertesz.com\/"},{"@type":"ListItem","position":3,"name":"Chilipaprika, Habanero csokol\u00e1d\u00e9barna 20 szem"}]},{"@type":"WebSite","@id":"https:\/\/tajkertesz.com\/#website","url":"https:\/\/tajkertesz.com\/","name":"T\u00e1j-Kert\u00e9sz 84 Kft.","description":"Kert\u00e9szeti kis- \u00e9s nagykeresked\u00e9s, D\u00edszn\u00f6v\u00e9ny web\u00e1ruh\u00e1z orsz\u00e1gos h\u00e1zhozsz\u00e1ll\u00edt\u00e1ssal!","publisher":{"@id":"https:\/\/tajkertesz.com\/#organization"},"potentialAction":[{"@type":"SearchAction","target":{"@type":"EntryPoint","urlTemplate":"https:\/\/tajkertesz.com\/?s={search_term_string}"},"query-input":{"@type":"PropertyValueSpecification","valueRequired":true,"valueName":"search_term_string"}}],"inLanguage":"en-US"},{"@type":"Organization","@id":"https:\/\/tajkertesz.com\/#organization","name":"T\u00e1j-Kert\u00e9sz 84 Kft.","url":"https:\/\/tajkertesz.com\/","logo":{"@type":"ImageObject","inLanguage":"en-US","@id":"https:\/\/tajkertesz.com\/#\/schema\/logo\/image\/","url":"https:\/\/tajkertesz.com\/wp-content\/uploads\/2018\/02\/logo-2-e1518678052539.png","contentUrl":"https:\/\/tajkertesz.com\/wp-content\/uploads\/2018\/02\/logo-2-e1518678052539.png","width":81,"height":140,"caption":"T\u00e1j-Kert\u00e9sz 84 Kft."},"image":{"@id":"https:\/\/tajkertesz.com\/#\/schema\/logo\/image\/"},"sameAs":["https:\/\/www.facebook.com\/Tajkertesz\/"]}]}},"_links":{"self":[{"href":"https:\/\/tajkertesz.com\/en_US\/wp-json\/wp\/v2\/product\/21582","targetHints":{"allow":["GET"]}}],"collection":[{"href":"https:\/\/tajkertesz.com\/en_US\/wp-json\/wp\/v2\/product"}],"about":[{"href":"https:\/\/tajkertesz.com\/en_US\/wp-json\/wp\/v2\/types\/product"}],"wp:featuredmedia":[{"embeddable":true,"href":"https:\/\/tajkertesz.com\/en_US\/wp-json\/wp\/v2\/media\/21584"}],"wp:attachment":[{"href":"https:\/\/tajkertesz.com\/en_US\/wp-json\/wp\/v2\/media?parent=21582"}],"wp:term":[{"taxonomy":"product_brand","embeddable":true,"href":"https:\/\/tajkertesz.com\/en_US\/wp-json\/wp\/v2\/product_brand?post=21582"},{"taxonomy":"product_cat","embeddable":true,"href":"https:\/\/tajkertesz.com\/en_US\/wp-json\/wp\/v2\/product_cat?post=21582"},{"taxonomy":"product_tag","embeddable":true,"href":"https:\/\/tajkertesz.com\/en_US\/wp-json\/wp\/v2\/product_tag?post=21582"}],"curies":[{"name":"wp","href":"https:\/\/api.w.org\/{rel}","templated":true}]}}