{"id":21609,"date":"2024-11-07T12:52:15","date_gmt":"2024-11-07T12:52:15","guid":{"rendered":"https:\/\/tajkertesz.com\/?post_type=product&#038;p=21609"},"modified":"2025-04-01T14:02:02","modified_gmt":"2025-04-01T14:02:02","slug":"szabadgyokeru-szolo-oltvanyok-zalagyongye","status":"publish","type":"product","link":"https:\/\/tajkertesz.com\/en_US\/product\/szabadgyokeru-szolo-oltvanyok-zalagyongye\/","title":{"rendered":"Szabadgy\u00f6ker\u0171 sz\u0151l\u0151 oltv\u00e1nyok Zalagy\u00f6ngye"},"content":{"rendered":"<h1>Szabadgy\u00f6ker\u0171 sz\u0151l\u0151 oltv\u00e1nyok Zalagy\u00f6ngye<\/h1>\n<p>A Szabadgy\u00f6ker\u0171 sz\u0151l\u0151 oltv\u00e1nyok Zalagy\u00f6ngye csemegesz\u0151l\u0151t Csizmazia J\u00f3zsef \u00e9s Bereznai L\u00e1szl\u00f3 \u00e1ll\u00edtotta el\u0151 az Eger 2 (Seyve-Villard 12375 \u00e9s a Csabagy\u00f6ngye fajt\u00e1k keresztez\u00e9s\u00e9vel.1970-ben nyert \u00e1llami elismer\u00e9st. J\u00f3 tulajdons\u00e1gai miatt a vil\u00e1g t\u00f6bb sz\u0151l\u0151term\u0151 t\u00e1j\u00e1ra elker\u00fclt. N\u00e1lunk is n\u00e9pszer\u0171 termesztett sz\u0151l\u0151fajta. Az Etyek-Budai borvid\u00e9k, Szeksz\u00e1rdi borvid\u00e9k kieg\u00e9sz\u00edt\u0151 vagy \u00fcltetv\u00e9nyes fajt\u00e1ja, a Kuns\u00e1gi borvid\u00e9ken elterjedt fajta. A h\u00e1zi kertek kedvence.<\/p>\n<h2>A Zalagy\u00f6ngye jellemz\u0151i<\/h2>\n<p>\u00c9r\u00e9si ideje Szeptember v\u00e9ge<\/p>\n<p>Levele sz\u00fcrk\u00e9sz\u00f6ld kiter\u00fclt, alig tagolt, aszimmetrikus fel\u00e9p\u00edt\u00e9s\u0171.\u00a0 \u00a0B\u0151term\u0151, viszonylag fagyt\u0171r\u0151, de a sz\u00e1razs\u00e1got nem b\u00edrja.<\/p>\n<p>A Zalagy\u00f6ngye er\u0151s n\u00f6veked\u00e9s\u0171, vessz\u0151i hossz\u00faak, hossz\u00fa \u00edzk\u00f6z\u0171ek. A levelek k\u00f6z\u00e9pnagyok, kerekdedek.<\/p>\n<p>F\u00fcrtjei nagyok, k\u00f6zepesen t\u00f6m\u00f6ttek, form\u00e1jukat tekintve v\u00e1llasak, \u00e1gasak. A bogy\u00f3k k\u00f6z\u00e9pnagyok, kiss\u00e9 megny\u00falt g\u00f6mb alak\u00faak, s\u00e1rg\u00e1sz\u00f6ld sz\u00edn\u0171ek, a napos oldalon rozsd\u00e1s bevonattal. A h\u00e9j v\u00e9kony, de sz\u00edv\u00f3s, a gy\u00fcm\u00f6lcsh\u00fas l\u00e9d\u00fas, roppan\u00f3, kellemes muskot\u00e1lyos \u00edz\u0171.<\/p>\n<p>Bogy\u00f3i nem hajlamosak rothad\u00e1sra. A fajta peronoszp\u00f3r\u00e1val szemben ellen\u00e1ll\u00f3, lisztharmatra pedig fog\u00e9kony. Nem csup\u00e1n csemegesz\u0151l\u0151, de finom, muskot\u00e1lyos \u00edz\u0171 bor k\u00e9sz\u00edthet\u0151 bel\u0151le.<\/p>\n<h3>Szabadgy\u00f6ker\u0171 sz\u0151l\u0151 oltv\u00e1nyok gondoz\u00e1sa<\/h3>\n<ul>\n<li><strong>Talaj<\/strong>: A\u00a0j\u00f3 v\u00edzelvezet\u00e9s\u0171, t\u00e1panyagban gazdag talajt kedveli. \u00dcltet\u00e9s el\u0151tt \u00e9rdemes a talajt komposzttal vagy szerves tr\u00e1gy\u00e1val jav\u00edtani.<\/li>\n<li><strong>Hely<\/strong>: Napf\u00e9nyes, meleg helyre \u00fcltess\u00fck, ahol a n\u00f6v\u00e9ny elegend\u0151 f\u00e9nyt kap a fotoszint\u00e9zishez \u00e9s a bogy\u00f3k \u00e9r\u00e9s\u00e9hez.<\/li>\n<li><strong>\u00d6nt\u00f6z\u00e9s<\/strong>: A sz\u0151l\u0151nek k\u00fcl\u00f6n\u00f6sen a n\u00f6veked\u00e9si id\u0151szakban van sz\u00fcks\u00e9ge rendszeres \u00f6nt\u00f6z\u00e9sre. a talajlegyen\u00a0 mindig enyh\u00e9n nedves, de ne \u00e1lljon meg a v\u00edz.<\/li>\n<li><strong>T\u00e9li metsz\u00e9s<\/strong>: A sz\u0151l\u0151t t\u00e9len, nyugalmi \u00e1llapotban kell metszeni.<\/li>\n<li><strong>Z\u00f6ldmunk\u00e1k<\/strong>: Ny\u00e1ron v\u00e9gezz\u00fck el a z\u00f6ldmunk\u00e1kat, mint a hajt\u00e1sv\u00e1logat\u00e1s, csonk\u00e1z\u00e1s \u00e9s a f\u00fcrtritk\u00edt\u00e1s, hogy a n\u00f6v\u00e9ny energi\u00e1j\u00e1t a legjobb min\u0151s\u00e9g\u0171 f\u00fcrt\u00f6k \u00e9rlel\u00e9s\u00e9re ford\u00edthassa.<\/li>\n<li><strong>Tr\u00e1gy\u00e1z\u00e1s<\/strong>: Tavasszal \u00e9s \u0151sszel \u00e9rdemes szerves tr\u00e1gy\u00e1t vagy komposztot kijuttatni a n\u00f6v\u00e9ny k\u00f6r\u00e9. A veget\u00e1ci\u00f3s id\u0151szakban nitrog\u00e9nben gazdag m\u0171tr\u00e1gy\u00e1t is haszn\u00e1lhatunk a n\u00f6veked\u00e9s serkent\u00e9s\u00e9re.<\/li>\n<li><strong>Betegs\u00e9gek \u00e9s k\u00e1rtev\u0151k<\/strong>: Ellen\u00e1ll\u00f3 a gomb\u00e1s betegs\u00e9gekkel szemben, de \u00e9rdemes figyelni a lisztharmat \u00e9s a peronoszp\u00f3ra jeleire. Rendszeres permetez\u00e9ssel \u00e9s megfelel\u0151 n\u00f6v\u00e9nyv\u00e9delemmel megel\u0151zhetj\u00fck a fert\u0151z\u00e9seket.<\/li>\n<li><strong>Fagyv\u00e9delem<\/strong>: B\u00e1r a Zalagy\u00f6ngye fagyt\u0171r\u0151, a fiatal n\u00f6v\u00e9nyeket \u00e9rdemes t\u00e9len takar\u00e1ssal v\u00e9deni a hideg ellen.<\/li>\n<\/ul>\n<p>&nbsp;<\/p>\n<p>Az \u00fcltet\u00e9shez\u00a0 haszn\u00e1ljon marhatr\u00e1gy\u00e1t\u00a0 , vagy az Agrecol t\u00e1pot.<\/p>\n<p>&nbsp;<\/p>\n<p><strong>K\u00e9szlet\u00fcnk napi szinten v\u00e1ltozik, ez\u00e9rt k\u00e9rj\u00fck, \u00e9rdekl\u0151dj\u00f6n szem\u00e9lyesen, telefonon vagy email-en.<br \/>\nA v\u00e1ltoztat\u00e1s jog\u00e1t fenntartjuk!\u00a0<\/strong><\/p>\n<p><a href=\"https:\/\/tajkertesz.com\/\">https:\/\/tajkertesz.com\/<\/a><\/p>\n<p><a href=\"https:\/\/www.facebook.com\/tajkertesz\/\">https:\/\/www.facebook.com\/tajkertesz\/<\/a><\/p>\n<p>Kisz\u00e1ll\u00edt\u00e1s: 200cm-ig \u00a0\u00e9s 40 kg-ig a sz\u00e1ll\u00edt\u00e1s fut\u00e1rszolg\u00e1lattal \u00a0t\u00f6rt\u00e9nik.<\/p>\n<p>Szem\u00e9lyes \u00e1tv\u00e9tel nyitvatart\u00e1si id\u0151ben a 17. ker\u00fclet Bakancsos utca 7. sz\u00e1m alatti Kert\u00e9szeti \u00e1rud\u00e1nkban.<\/p>\n<p>&nbsp;<\/p>","protected":false},"excerpt":{"rendered":"<p>Szabadgy\u00f6ker\u0171 sz\u0151l\u0151 oltv\u00e1nyok Zalagy\u00f6ngye A Szabadgy\u00f6ker\u0171 sz\u0151l\u0151 oltv\u00e1nyok Zalagy\u00f6ngye csemegesz\u0151l\u0151t Csizmazia J\u00f3zsef \u00e9s Bereznai L\u00e1szl\u00f3 \u00e1ll\u00edtotta el\u0151 az Eger 2 (Seyve-Villard 12375 \u00e9s a Csabagy\u00f6ngye fajt\u00e1k keresztez\u00e9s\u00e9vel.1970-ben nyert \u00e1llami elismer\u00e9st. J\u00f3 tulajdons\u00e1gai miatt a vil\u00e1g t\u00f6bb sz\u0151l\u0151term\u0151 t\u00e1j\u00e1ra elker\u00fclt. N\u00e1lunk is n\u00e9pszer\u0171 termesztett sz\u0151l\u0151fajta. Az Etyek-Budai borvid\u00e9k, Szeksz\u00e1rdi borvid\u00e9k kieg\u00e9sz\u00edt\u0151 vagy \u00fcltetv\u00e9nyes fajt\u00e1ja, a Kuns\u00e1gi [&hellip;]<\/p>\n","protected":false},"featured_media":21610,"template":"","meta":{"_et_pb_use_builder":"","_et_pb_old_content":"","_et_gb_content_width":""},"product_brand":[],"product_cat":[823],"product_tag":[],"class_list":{"0":"post-21609","1":"product","2":"type-product","3":"status-publish","4":"has-post-thumbnail","6":"product_cat-szolok","8":"first","9":"outofstock","10":"shipping-taxable","11":"product-type-simple"},"yoast_head":"<!-- This site is optimized with the Yoast SEO plugin v27.3 - https:\/\/yoast.com\/product\/yoast-seo-wordpress\/ -->\n<title>Szabadgy\u00f6ker\u0171 sz\u0151l\u0151 oltv\u00e1nyok Zalagy\u00f6ngye - T\u00e1jkert\u00e9sz<\/title>\n<meta name=\"description\" content=\"Szabadgy\u00f6ker\u0171 sz\u0151l\u0151 oltv\u00e1nyok Zalagy\u00f6ngye Bogy\u00f3i nem hajlamosak rothad\u00e1sra. A fajta peronoszp\u00f3r\u00e1val szemben ellen\u00e1ll\u00f3, lisztharmatra pedig fog\u00e9kony.\" \/>\n<meta name=\"robots\" content=\"index, follow, max-snippet:-1, max-image-preview:large, max-video-preview:-1\" \/>\n<link rel=\"canonical\" href=\"https:\/\/tajkertesz.com\/en_US\/product\/szabadgyokeru-szolo-oltvanyok-zalagyongye\/\" \/>\n<meta property=\"og:locale\" content=\"en_US\" \/>\n<meta property=\"og:type\" content=\"article\" \/>\n<meta property=\"og:title\" content=\"Szabadgy\u00f6ker\u0171 sz\u0151l\u0151 oltv\u00e1nyok Zalagy\u00f6ngye - T\u00e1jkert\u00e9sz\" \/>\n<meta property=\"og:description\" content=\"Szabadgy\u00f6ker\u0171 sz\u0151l\u0151 oltv\u00e1nyok Zalagy\u00f6ngye Bogy\u00f3i nem hajlamosak rothad\u00e1sra. A fajta peronoszp\u00f3r\u00e1val szemben ellen\u00e1ll\u00f3, lisztharmatra pedig fog\u00e9kony.\" \/>\n<meta property=\"og:url\" content=\"https:\/\/tajkertesz.com\/en_US\/product\/szabadgyokeru-szolo-oltvanyok-zalagyongye\/\" \/>\n<meta property=\"og:site_name\" content=\"T\u00e1jkert\u00e9sz\" \/>\n<meta property=\"article:publisher\" content=\"https:\/\/www.facebook.com\/Tajkertesz\/\" \/>\n<meta property=\"article:modified_time\" content=\"2025-04-01T14:02:02+00:00\" \/>\n<meta property=\"og:image\" content=\"https:\/\/tajkertesz.com\/wp-content\/uploads\/2024\/11\/zalagyongye.png\" \/>\n\t<meta property=\"og:image:width\" content=\"387\" \/>\n\t<meta property=\"og:image:height\" content=\"562\" \/>\n\t<meta property=\"og:image:type\" content=\"image\/png\" \/>\n<meta name=\"twitter:card\" content=\"summary_large_image\" \/>\n<meta name=\"twitter:label1\" content=\"Est. reading time\" \/>\n\t<meta name=\"twitter:data1\" content=\"3 minutes\" \/>\n<script type=\"application\/ld+json\" class=\"yoast-schema-graph\">{\"@context\":\"https:\\\/\\\/schema.org\",\"@graph\":[{\"@type\":\"WebPage\",\"@id\":\"https:\\\/\\\/tajkertesz.com\\\/termek\\\/szabadgyokeru-szolo-oltvanyok-zalagyongye\\\/\",\"url\":\"https:\\\/\\\/tajkertesz.com\\\/termek\\\/szabadgyokeru-szolo-oltvanyok-zalagyongye\\\/\",\"name\":\"Szabadgy\u00f6ker\u0171 sz\u0151l\u0151 oltv\u00e1nyok Zalagy\u00f6ngye - T\u00e1jkert\u00e9sz\",\"isPartOf\":{\"@id\":\"https:\\\/\\\/tajkertesz.com\\\/#website\"},\"primaryImageOfPage\":{\"@id\":\"https:\\\/\\\/tajkertesz.com\\\/termek\\\/szabadgyokeru-szolo-oltvanyok-zalagyongye\\\/#primaryimage\"},\"image\":{\"@id\":\"https:\\\/\\\/tajkertesz.com\\\/termek\\\/szabadgyokeru-szolo-oltvanyok-zalagyongye\\\/#primaryimage\"},\"thumbnailUrl\":\"https:\\\/\\\/tajkertesz.com\\\/wp-content\\\/uploads\\\/2024\\\/11\\\/zalagyongye.png\",\"datePublished\":\"2024-11-07T12:52:15+00:00\",\"dateModified\":\"2025-04-01T14:02:02+00:00\",\"description\":\"Szabadgy\u00f6ker\u0171 sz\u0151l\u0151 oltv\u00e1nyok Zalagy\u00f6ngye Bogy\u00f3i nem hajlamosak rothad\u00e1sra. A fajta peronoszp\u00f3r\u00e1val szemben ellen\u00e1ll\u00f3, lisztharmatra pedig fog\u00e9kony.\",\"breadcrumb\":{\"@id\":\"https:\\\/\\\/tajkertesz.com\\\/termek\\\/szabadgyokeru-szolo-oltvanyok-zalagyongye\\\/#breadcrumb\"},\"inLanguage\":\"en-US\",\"potentialAction\":[{\"@type\":\"ReadAction\",\"target\":[\"https:\\\/\\\/tajkertesz.com\\\/termek\\\/szabadgyokeru-szolo-oltvanyok-zalagyongye\\\/\"]}]},{\"@type\":\"ImageObject\",\"inLanguage\":\"en-US\",\"@id\":\"https:\\\/\\\/tajkertesz.com\\\/termek\\\/szabadgyokeru-szolo-oltvanyok-zalagyongye\\\/#primaryimage\",\"url\":\"https:\\\/\\\/tajkertesz.com\\\/wp-content\\\/uploads\\\/2024\\\/11\\\/zalagyongye.png\",\"contentUrl\":\"https:\\\/\\\/tajkertesz.com\\\/wp-content\\\/uploads\\\/2024\\\/11\\\/zalagyongye.png\",\"width\":387,\"height\":562,\"caption\":\"Szabadgy\u00f6ker\u0171 sz\u0151l\u0151 oltv\u00e1nyok Zalagy\u00f6ngye\"},{\"@type\":\"BreadcrumbList\",\"@id\":\"https:\\\/\\\/tajkertesz.com\\\/termek\\\/szabadgyokeru-szolo-oltvanyok-zalagyongye\\\/#breadcrumb\",\"itemListElement\":[{\"@type\":\"ListItem\",\"position\":1,\"name\":\"Home\",\"item\":\"https:\\\/\\\/tajkertesz.com\\\/\"},{\"@type\":\"ListItem\",\"position\":2,\"name\":\"Kezd\u0151lap\",\"item\":\"https:\\\/\\\/tajkertesz.com\\\/\"},{\"@type\":\"ListItem\",\"position\":3,\"name\":\"Szabadgy\u00f6ker\u0171 sz\u0151l\u0151 oltv\u00e1nyok Zalagy\u00f6ngye\"}]},{\"@type\":\"WebSite\",\"@id\":\"https:\\\/\\\/tajkertesz.com\\\/#website\",\"url\":\"https:\\\/\\\/tajkertesz.com\\\/\",\"name\":\"T\u00e1j-Kert\u00e9sz 84 Kft.\",\"description\":\"Kert\u00e9szeti kis- \u00e9s nagykeresked\u00e9s, D\u00edszn\u00f6v\u00e9ny web\u00e1ruh\u00e1z orsz\u00e1gos h\u00e1zhozsz\u00e1ll\u00edt\u00e1ssal!\",\"publisher\":{\"@id\":\"https:\\\/\\\/tajkertesz.com\\\/#organization\"},\"potentialAction\":[{\"@type\":\"SearchAction\",\"target\":{\"@type\":\"EntryPoint\",\"urlTemplate\":\"https:\\\/\\\/tajkertesz.com\\\/?s={search_term_string}\"},\"query-input\":{\"@type\":\"PropertyValueSpecification\",\"valueRequired\":true,\"valueName\":\"search_term_string\"}}],\"inLanguage\":\"en-US\"},{\"@type\":\"Organization\",\"@id\":\"https:\\\/\\\/tajkertesz.com\\\/#organization\",\"name\":\"T\u00e1j-Kert\u00e9sz 84 Kft.\",\"url\":\"https:\\\/\\\/tajkertesz.com\\\/\",\"logo\":{\"@type\":\"ImageObject\",\"inLanguage\":\"en-US\",\"@id\":\"https:\\\/\\\/tajkertesz.com\\\/#\\\/schema\\\/logo\\\/image\\\/\",\"url\":\"https:\\\/\\\/tajkertesz.com\\\/wp-content\\\/uploads\\\/2018\\\/02\\\/logo-2-e1518678052539.png\",\"contentUrl\":\"https:\\\/\\\/tajkertesz.com\\\/wp-content\\\/uploads\\\/2018\\\/02\\\/logo-2-e1518678052539.png\",\"width\":81,\"height\":140,\"caption\":\"T\u00e1j-Kert\u00e9sz 84 Kft.\"},\"image\":{\"@id\":\"https:\\\/\\\/tajkertesz.com\\\/#\\\/schema\\\/logo\\\/image\\\/\"},\"sameAs\":[\"https:\\\/\\\/www.facebook.com\\\/Tajkertesz\\\/\"]}]}<\/script>\n<!-- \/ Yoast SEO plugin. -->","yoast_head_json":{"title":"Szabadgy\u00f6ker\u0171 sz\u0151l\u0151 oltv\u00e1nyok Zalagy\u00f6ngye - T\u00e1jkert\u00e9sz","description":"Szabadgy\u00f6ker\u0171 sz\u0151l\u0151 oltv\u00e1nyok Zalagy\u00f6ngye Bogy\u00f3i nem hajlamosak rothad\u00e1sra. A fajta peronoszp\u00f3r\u00e1val szemben ellen\u00e1ll\u00f3, lisztharmatra pedig fog\u00e9kony.","robots":{"index":"index","follow":"follow","max-snippet":"max-snippet:-1","max-image-preview":"max-image-preview:large","max-video-preview":"max-video-preview:-1"},"canonical":"https:\/\/tajkertesz.com\/en_US\/product\/szabadgyokeru-szolo-oltvanyok-zalagyongye\/","og_locale":"en_US","og_type":"article","og_title":"Szabadgy\u00f6ker\u0171 sz\u0151l\u0151 oltv\u00e1nyok Zalagy\u00f6ngye - T\u00e1jkert\u00e9sz","og_description":"Szabadgy\u00f6ker\u0171 sz\u0151l\u0151 oltv\u00e1nyok Zalagy\u00f6ngye Bogy\u00f3i nem hajlamosak rothad\u00e1sra. A fajta peronoszp\u00f3r\u00e1val szemben ellen\u00e1ll\u00f3, lisztharmatra pedig fog\u00e9kony.","og_url":"https:\/\/tajkertesz.com\/en_US\/product\/szabadgyokeru-szolo-oltvanyok-zalagyongye\/","og_site_name":"T\u00e1jkert\u00e9sz","article_publisher":"https:\/\/www.facebook.com\/Tajkertesz\/","article_modified_time":"2025-04-01T14:02:02+00:00","og_image":[{"width":387,"height":562,"url":"https:\/\/tajkertesz.com\/wp-content\/uploads\/2024\/11\/zalagyongye.png","type":"image\/png"}],"twitter_card":"summary_large_image","twitter_misc":{"Est. reading time":"3 minutes"},"schema":{"@context":"https:\/\/schema.org","@graph":[{"@type":"WebPage","@id":"https:\/\/tajkertesz.com\/termek\/szabadgyokeru-szolo-oltvanyok-zalagyongye\/","url":"https:\/\/tajkertesz.com\/termek\/szabadgyokeru-szolo-oltvanyok-zalagyongye\/","name":"Szabadgy\u00f6ker\u0171 sz\u0151l\u0151 oltv\u00e1nyok Zalagy\u00f6ngye - T\u00e1jkert\u00e9sz","isPartOf":{"@id":"https:\/\/tajkertesz.com\/#website"},"primaryImageOfPage":{"@id":"https:\/\/tajkertesz.com\/termek\/szabadgyokeru-szolo-oltvanyok-zalagyongye\/#primaryimage"},"image":{"@id":"https:\/\/tajkertesz.com\/termek\/szabadgyokeru-szolo-oltvanyok-zalagyongye\/#primaryimage"},"thumbnailUrl":"https:\/\/tajkertesz.com\/wp-content\/uploads\/2024\/11\/zalagyongye.png","datePublished":"2024-11-07T12:52:15+00:00","dateModified":"2025-04-01T14:02:02+00:00","description":"Szabadgy\u00f6ker\u0171 sz\u0151l\u0151 oltv\u00e1nyok Zalagy\u00f6ngye Bogy\u00f3i nem hajlamosak rothad\u00e1sra. A fajta peronoszp\u00f3r\u00e1val szemben ellen\u00e1ll\u00f3, lisztharmatra pedig fog\u00e9kony.","breadcrumb":{"@id":"https:\/\/tajkertesz.com\/termek\/szabadgyokeru-szolo-oltvanyok-zalagyongye\/#breadcrumb"},"inLanguage":"en-US","potentialAction":[{"@type":"ReadAction","target":["https:\/\/tajkertesz.com\/termek\/szabadgyokeru-szolo-oltvanyok-zalagyongye\/"]}]},{"@type":"ImageObject","inLanguage":"en-US","@id":"https:\/\/tajkertesz.com\/termek\/szabadgyokeru-szolo-oltvanyok-zalagyongye\/#primaryimage","url":"https:\/\/tajkertesz.com\/wp-content\/uploads\/2024\/11\/zalagyongye.png","contentUrl":"https:\/\/tajkertesz.com\/wp-content\/uploads\/2024\/11\/zalagyongye.png","width":387,"height":562,"caption":"Szabadgy\u00f6ker\u0171 sz\u0151l\u0151 oltv\u00e1nyok Zalagy\u00f6ngye"},{"@type":"BreadcrumbList","@id":"https:\/\/tajkertesz.com\/termek\/szabadgyokeru-szolo-oltvanyok-zalagyongye\/#breadcrumb","itemListElement":[{"@type":"ListItem","position":1,"name":"Home","item":"https:\/\/tajkertesz.com\/"},{"@type":"ListItem","position":2,"name":"Kezd\u0151lap","item":"https:\/\/tajkertesz.com\/"},{"@type":"ListItem","position":3,"name":"Szabadgy\u00f6ker\u0171 sz\u0151l\u0151 oltv\u00e1nyok Zalagy\u00f6ngye"}]},{"@type":"WebSite","@id":"https:\/\/tajkertesz.com\/#website","url":"https:\/\/tajkertesz.com\/","name":"T\u00e1j-Kert\u00e9sz 84 Kft.","description":"Kert\u00e9szeti kis- \u00e9s nagykeresked\u00e9s, D\u00edszn\u00f6v\u00e9ny web\u00e1ruh\u00e1z orsz\u00e1gos h\u00e1zhozsz\u00e1ll\u00edt\u00e1ssal!","publisher":{"@id":"https:\/\/tajkertesz.com\/#organization"},"potentialAction":[{"@type":"SearchAction","target":{"@type":"EntryPoint","urlTemplate":"https:\/\/tajkertesz.com\/?s={search_term_string}"},"query-input":{"@type":"PropertyValueSpecification","valueRequired":true,"valueName":"search_term_string"}}],"inLanguage":"en-US"},{"@type":"Organization","@id":"https:\/\/tajkertesz.com\/#organization","name":"T\u00e1j-Kert\u00e9sz 84 Kft.","url":"https:\/\/tajkertesz.com\/","logo":{"@type":"ImageObject","inLanguage":"en-US","@id":"https:\/\/tajkertesz.com\/#\/schema\/logo\/image\/","url":"https:\/\/tajkertesz.com\/wp-content\/uploads\/2018\/02\/logo-2-e1518678052539.png","contentUrl":"https:\/\/tajkertesz.com\/wp-content\/uploads\/2018\/02\/logo-2-e1518678052539.png","width":81,"height":140,"caption":"T\u00e1j-Kert\u00e9sz 84 Kft."},"image":{"@id":"https:\/\/tajkertesz.com\/#\/schema\/logo\/image\/"},"sameAs":["https:\/\/www.facebook.com\/Tajkertesz\/"]}]}},"_links":{"self":[{"href":"https:\/\/tajkertesz.com\/en_US\/wp-json\/wp\/v2\/product\/21609","targetHints":{"allow":["GET"]}}],"collection":[{"href":"https:\/\/tajkertesz.com\/en_US\/wp-json\/wp\/v2\/product"}],"about":[{"href":"https:\/\/tajkertesz.com\/en_US\/wp-json\/wp\/v2\/types\/product"}],"wp:featuredmedia":[{"embeddable":true,"href":"https:\/\/tajkertesz.com\/en_US\/wp-json\/wp\/v2\/media\/21610"}],"wp:attachment":[{"href":"https:\/\/tajkertesz.com\/en_US\/wp-json\/wp\/v2\/media?parent=21609"}],"wp:term":[{"taxonomy":"product_brand","embeddable":true,"href":"https:\/\/tajkertesz.com\/en_US\/wp-json\/wp\/v2\/product_brand?post=21609"},{"taxonomy":"product_cat","embeddable":true,"href":"https:\/\/tajkertesz.com\/en_US\/wp-json\/wp\/v2\/product_cat?post=21609"},{"taxonomy":"product_tag","embeddable":true,"href":"https:\/\/tajkertesz.com\/en_US\/wp-json\/wp\/v2\/product_tag?post=21609"}],"curies":[{"name":"wp","href":"https:\/\/api.w.org\/{rel}","templated":true}]}}