{"id":21623,"date":"2024-11-08T10:26:06","date_gmt":"2024-11-08T10:26:06","guid":{"rendered":"https:\/\/tajkertesz.com\/?post_type=product&#038;p=21623"},"modified":"2024-11-08T10:26:06","modified_gmt":"2024-11-08T10:26:06","slug":"nordmann-fenyoag-koteg","status":"publish","type":"product","link":"https:\/\/tajkertesz.com\/en_US\/product\/nordmann-fenyoag-koteg\/","title":{"rendered":"Nordmann feny\u0151\u00e1g \/ k\u00f6teg"},"content":{"rendered":"<h1>Nordmann feny\u0151\u00e1g \/ k\u00f6teg<\/h1>\n<p>A Nordmann feny\u0151\u00e1g \/ k\u00f6teg m\u00e9lt\u00f3s\u00e1gteljes, roppant dekorat\u00edv \u00f6r\u00f6kz\u00f6ld, mely b\u00e1rmely szob\u00e1nak tart\u00f3s kar\u00e1csonyi d\u00edsze lehet.<\/p>\n<h2>Nordmann feny\u0151\u00e1g \/ k\u00f6teg felhaszn\u00e1l\u00e1sa<\/h2>\n<p>Az \u00e1ltal\u00e1nos v\u00e9leked\u00e9s szerint b\u00e1rmely egy\u00e9b kar\u00e1csonyi feny\u0151n\u00e9l szebb, eleg\u00e1nsabb, \u00e9s d\u00edszesebb.<\/p>\n<p>Tart\u00f3ss\u00e1ga \u00e1tlagon fel\u00fcli, t\u0171leveleit nagyon sok\u00e1ig megtartja, hossz\u00fa hetekig a szoba d\u00edsze lehet.<\/p>\n<p>T\u0171levelei nem sz\u00far\u00f3sak, \u00edgy kisgyermekes csal\u00e1doknak a lehet\u0151 legjobb, legbiztons\u00e1gosabb v\u00e1laszt\u00e1s.<\/p>\n<p>A nordmann v\u00e1gott feny\u0151 jelenleg a legdivatosabb, legexkluz\u00edvabb kar\u00e1csonyi feny\u0151.<\/p>\n<p>Illata k\u00fcl\u00f6nleges, ugyanakkor visszafogott, \u00edgy nem nyomja el a t\u00f6bbi jellegzetes kar\u00e1csonyi illatot a lak\u00e1sban.<\/p>\n<p>A nordmann feny\u0151, m\u00e1s n\u00e9ven kauk\u00e1zusi jegenyefeny\u0151 egy vil\u00e1gszinten elterjedt d\u00edszn\u00f6v\u00e9ny. Sz\u00e1rmaz\u00e1s\u00e1t tekintve nem Normandi\u00e1ban, hanem a Kauk\u00e1zus t\u00e9rs\u00e9g\u00e9ben \u0151shonos, meg\u00e9l Azerbajdzs\u00e1nban, T\u00f6r\u00f6korsz\u00e1gban, a Fekete-tenger partvid\u00e9k\u00e9n, illetve az oroszorsz\u00e1gi Krasznodar t\u00e9rs\u00e9g\u00e9ben is.\u00a0 A kauk\u00e1zusi jegenyefeny\u0151 a term\u00e9szetben el\u00e9ri a 20-30 m\u00e9teres magass\u00e1got is (a kar\u00e1csonyf\u00e1nak sz\u00e1nt darabokat eg\u00e9sz fiatalon kiv\u00e1gj\u00e1k), t\u0171levelei s\u00f6t\u00e9tz\u00f6ld sz\u00ednben pomp\u00e1znak, f\u00e9nyesek, term\u00e9se pikkelyes toboz. Kar\u00e1csonyi hangulata miatt gyakran \u00f6sszekeverik j\u00f3val kisebb rokon\u00e1val, a cukors\u00fcvegfeny\u0151vel.<\/p>\n<h3>Kar\u00e1csonyra mi\u00e9rt nordmann feny\u0151\u00e1g?<\/h3>\n<p>Megjelen\u00e9se a legeleg\u00e1nsabb, a legnemesebb, mindemellett a nordmann feny\u0151 a tart\u00f3ss\u00e1g\u00e1r\u00f3l is h\u00edres, ugyanis a kiv\u00e1g\u00e1s ut\u00e1n ak\u00e1r heteken kereszt\u00fcl sz\u00e9p marad, levelei nem peregnek. Divatos, exkluz\u00edv hat\u00e1st ny\u00fajt kar\u00e1csonyra, illetve t\u0171levelei sem olyan sz\u00far\u00f3sak, mint p\u00e9ld\u00e1ul az ez\u00fcstfeny\u0151\u00e9, \u00e9ppen ez\u00e9rt a kisgyerekes csal\u00e1dok nagyon kedvelik. Tov\u00e1bbi el\u0151nye a Nordmann jegenyefeny\u0151nek, hogy kar\u00e1csonyra a fa felejthetetlen feny\u0151illata, ami \u201cmegf\u0171szerezi&#8221; az egy\u00e9bk\u00e9nt is csillog\u00e1ssal, illatokkal teli \u00fcnnepi hangulatot.<\/p>\n<p>Nordmann, normann, vagy normand? Gyakran keverj\u00fck ezeket az elnevez\u00e9seket, azonban mindegyik hib\u00e1s kifejez\u00e9s ugyan\u00fagy a nordmann feny\u0151 megnevez\u00e9s\u00e9re vonatkozik. Az igazs\u00e1g azonban az, hogy a nordmann feny\u0151 Alexander von Nordmann finn term\u00e9szettud\u00f3sr\u00f3l kapta a nev\u00e9t, \u00edgy a \u201cnordmann feny\u0151&#8221; elnevez\u00e9s a helyes.<\/p>\n<p>A kauk\u00e1zusi jegenyefeny\u0151 egy tipikus \u00e9szaki hangulat\u00fa n\u00f6v\u00e9ny.<\/p>\n<p><strong>\u00e9szlet\u00fcnk napi szinten v\u00e1ltozik, ez\u00e9rt k\u00e9rj\u00fck, \u00e9rdekl\u0151dj\u00f6n szem\u00e9lyesen, telefonon vagy email-en.<br \/>\nA v\u00e1ltoztat\u00e1s jog\u00e1t fenntartjuk!\u00a0<\/strong><\/p>\n<p><a href=\"https:\/\/tajkertesz.com\/\">https:\/\/tajkertesz.com\/<\/a><\/p>\n<p><a href=\"https:\/\/www.facebook.com\/tajkertesz\/\">https:\/\/www.facebook.com\/tajkertesz\/<\/a><\/p>\n<p>Kisz\u00e1ll\u00edt\u00e1s: 200cm-ig \u00a0\u00e9s 40 kg-ig a sz\u00e1ll\u00edt\u00e1s fut\u00e1rszolg\u00e1lattal \u00a0t\u00f6rt\u00e9nik.<\/p>\n<p>Szem\u00e9lyes \u00e1tv\u00e9tel nyitvatart\u00e1si id\u0151ben a 17. ker\u00fclet Bakancsos utca 7. sz\u00e1m alatti Kert\u00e9szeti \u00e1rud\u00e1nkban.<\/p>","protected":false},"excerpt":{"rendered":"<h1>Nordmann feny\u0151\u00e1g \/ k\u00f6teg<\/h1>\n<p>A Nordmann feny\u0151\u00e1g \/ k\u00f6teg m\u00e9lt\u00f3s\u00e1gteljes, roppant dekorat\u00edv \u00f6r\u00f6kz\u00f6ld, mely b\u00e1rmely szob\u00e1nak tart\u00f3s kar\u00e1csonyi d\u00edsze lehet.<\/p>\n<h2>Nordmann feny\u0151\u00e1g \/ k\u00f6teg felhaszn\u00e1l\u00e1sa<\/h2>\n<p>Az \u00e1ltal\u00e1nos v\u00e9leked\u00e9s szerint b\u00e1rmely egy\u00e9b kar\u00e1csonyi feny\u0151n\u00e9l szebb, eleg\u00e1nsabb, \u00e9s d\u00edszesebb.<\/p>\n<p>Tart\u00f3ss\u00e1ga \u00e1tlagon fel\u00fcli, t\u0171leveleit nagyon sok\u00e1ig megtartja, hossz\u00fa hetekig a szoba d\u00edsze lehet.<\/p>\n<p>T\u0171levelei nem sz\u00far\u00f3sak, \u00edgy kisgyermekes csal\u00e1doknak a lehet\u0151 legjobb, legbiztons\u00e1gosabb v\u00e1laszt\u00e1s.<\/p>\n<p>A nordmann v\u00e1gott feny\u0151 jelenleg a legdivatosabb, legexkluz\u00edvabb kar\u00e1csonyi feny\u0151.<\/p>\n<p>Illata k\u00fcl\u00f6nleges, ugyanakkor visszafogott, \u00edgy nem nyomja el a t\u00f6bbi jellegzetes kar\u00e1csonyi illatot a lak\u00e1sban.<\/p>","protected":false},"featured_media":21624,"template":"","meta":{"_et_pb_use_builder":"","_et_pb_old_content":"","_et_gb_content_width":""},"product_brand":[],"product_cat":[4448,1115,4032],"product_tag":[5446],"class_list":{"0":"post-21623","1":"product","2":"type-product","3":"status-publish","4":"has-post-thumbnail","6":"product_cat-grincsfak","7":"product_cat-grincsfak-karacsonyi-dekoraciok","8":"product_cat-nordmannfenyok","9":"product_tag-nordann-fenyo-ag","11":"first","12":"instock","13":"shipping-taxable","14":"purchasable","15":"product-type-simple"},"yoast_head":"<!-- This site is optimized with the Yoast SEO plugin v27.4 - https:\/\/yoast.com\/product\/yoast-seo-wordpress\/ -->\n<title>Nordmann feny\u0151\u00e1g \/ k\u00f6teg - T\u00e1jkert\u00e9sz<\/title>\n<meta name=\"description\" content=\"Nordmann feny\u0151\u00e1g \/ k\u00f6teg M\u00e9lt\u00f3s\u00e1gteljes, roppant dekorat\u00edv \u00f6r\u00f6kz\u00f6ld, mely b\u00e1rmely szob\u00e1nak tart\u00f3s kar\u00e1csonyi d\u00edsze,\u00a0b\u00e1rmely egy\u00e9b kar\u00e1csonyi feny\u0151n\u00e9l szebb\" \/>\n<meta name=\"robots\" content=\"index, follow, max-snippet:-1, max-image-preview:large, max-video-preview:-1\" \/>\n<link rel=\"canonical\" href=\"https:\/\/tajkertesz.com\/en_US\/product\/nordmann-fenyoag-koteg\/\" \/>\n<meta property=\"og:locale\" content=\"en_US\" \/>\n<meta property=\"og:type\" content=\"article\" \/>\n<meta property=\"og:title\" content=\"Nordmann feny\u0151\u00e1g \/ k\u00f6teg - T\u00e1jkert\u00e9sz\" \/>\n<meta property=\"og:description\" content=\"Nordmann feny\u0151\u00e1g \/ k\u00f6teg M\u00e9lt\u00f3s\u00e1gteljes, roppant dekorat\u00edv \u00f6r\u00f6kz\u00f6ld, mely b\u00e1rmely szob\u00e1nak tart\u00f3s kar\u00e1csonyi d\u00edsze,\u00a0b\u00e1rmely egy\u00e9b kar\u00e1csonyi feny\u0151n\u00e9l szebb\" \/>\n<meta property=\"og:url\" content=\"https:\/\/tajkertesz.com\/en_US\/product\/nordmann-fenyoag-koteg\/\" \/>\n<meta property=\"og:site_name\" content=\"T\u00e1jkert\u00e9sz\" \/>\n<meta property=\"article:publisher\" content=\"https:\/\/www.facebook.com\/Tajkertesz\/\" \/>\n<meta property=\"og:image\" content=\"https:\/\/tajkertesz.com\/wp-content\/uploads\/2024\/11\/465796093_974319054711169_2436089173762168982_n.jpg\" \/>\n\t<meta property=\"og:image:width\" content=\"2048\" \/>\n\t<meta property=\"og:image:height\" content=\"923\" \/>\n\t<meta property=\"og:image:type\" content=\"image\/jpeg\" \/>\n<meta name=\"twitter:card\" content=\"summary_large_image\" \/>\n<meta name=\"twitter:label1\" content=\"Est. reading time\" \/>\n\t<meta name=\"twitter:data1\" content=\"2 minutes\" \/>\n<script type=\"application\/ld+json\" class=\"yoast-schema-graph\">{\"@context\":\"https:\\\/\\\/schema.org\",\"@graph\":[{\"@type\":\"WebPage\",\"@id\":\"https:\\\/\\\/tajkertesz.com\\\/termek\\\/nordmann-fenyoag-koteg\\\/\",\"url\":\"https:\\\/\\\/tajkertesz.com\\\/termek\\\/nordmann-fenyoag-koteg\\\/\",\"name\":\"Nordmann feny\u0151\u00e1g \\\/ k\u00f6teg - T\u00e1jkert\u00e9sz\",\"isPartOf\":{\"@id\":\"https:\\\/\\\/tajkertesz.com\\\/#website\"},\"primaryImageOfPage\":{\"@id\":\"https:\\\/\\\/tajkertesz.com\\\/termek\\\/nordmann-fenyoag-koteg\\\/#primaryimage\"},\"image\":{\"@id\":\"https:\\\/\\\/tajkertesz.com\\\/termek\\\/nordmann-fenyoag-koteg\\\/#primaryimage\"},\"thumbnailUrl\":\"https:\\\/\\\/tajkertesz.com\\\/wp-content\\\/uploads\\\/2024\\\/11\\\/465796093_974319054711169_2436089173762168982_n.jpg\",\"datePublished\":\"2024-11-08T10:26:06+00:00\",\"description\":\"Nordmann feny\u0151\u00e1g \\\/ k\u00f6teg M\u00e9lt\u00f3s\u00e1gteljes, roppant dekorat\u00edv \u00f6r\u00f6kz\u00f6ld, mely b\u00e1rmely szob\u00e1nak tart\u00f3s kar\u00e1csonyi d\u00edsze,\u00a0b\u00e1rmely egy\u00e9b kar\u00e1csonyi feny\u0151n\u00e9l szebb\",\"breadcrumb\":{\"@id\":\"https:\\\/\\\/tajkertesz.com\\\/termek\\\/nordmann-fenyoag-koteg\\\/#breadcrumb\"},\"inLanguage\":\"en-US\",\"potentialAction\":[{\"@type\":\"ReadAction\",\"target\":[\"https:\\\/\\\/tajkertesz.com\\\/termek\\\/nordmann-fenyoag-koteg\\\/\"]}]},{\"@type\":\"ImageObject\",\"inLanguage\":\"en-US\",\"@id\":\"https:\\\/\\\/tajkertesz.com\\\/termek\\\/nordmann-fenyoag-koteg\\\/#primaryimage\",\"url\":\"https:\\\/\\\/tajkertesz.com\\\/wp-content\\\/uploads\\\/2024\\\/11\\\/465796093_974319054711169_2436089173762168982_n.jpg\",\"contentUrl\":\"https:\\\/\\\/tajkertesz.com\\\/wp-content\\\/uploads\\\/2024\\\/11\\\/465796093_974319054711169_2436089173762168982_n.jpg\",\"width\":2048,\"height\":923,\"caption\":\"Nordmann feny\u0151\u00e1g \\\/ k\u00f6teg\"},{\"@type\":\"BreadcrumbList\",\"@id\":\"https:\\\/\\\/tajkertesz.com\\\/termek\\\/nordmann-fenyoag-koteg\\\/#breadcrumb\",\"itemListElement\":[{\"@type\":\"ListItem\",\"position\":1,\"name\":\"Home\",\"item\":\"https:\\\/\\\/tajkertesz.com\\\/\"},{\"@type\":\"ListItem\",\"position\":2,\"name\":\"Kezd\u0151lap\",\"item\":\"https:\\\/\\\/tajkertesz.com\\\/\"},{\"@type\":\"ListItem\",\"position\":3,\"name\":\"Nordmann feny\u0151\u00e1g \\\/ k\u00f6teg\"}]},{\"@type\":\"WebSite\",\"@id\":\"https:\\\/\\\/tajkertesz.com\\\/#website\",\"url\":\"https:\\\/\\\/tajkertesz.com\\\/\",\"name\":\"T\u00e1j-Kert\u00e9sz 84 Kft.\",\"description\":\"Kert\u00e9szeti kis- \u00e9s nagykeresked\u00e9s, D\u00edszn\u00f6v\u00e9ny web\u00e1ruh\u00e1z orsz\u00e1gos h\u00e1zhozsz\u00e1ll\u00edt\u00e1ssal!\",\"publisher\":{\"@id\":\"https:\\\/\\\/tajkertesz.com\\\/#organization\"},\"potentialAction\":[{\"@type\":\"SearchAction\",\"target\":{\"@type\":\"EntryPoint\",\"urlTemplate\":\"https:\\\/\\\/tajkertesz.com\\\/?s={search_term_string}\"},\"query-input\":{\"@type\":\"PropertyValueSpecification\",\"valueRequired\":true,\"valueName\":\"search_term_string\"}}],\"inLanguage\":\"en-US\"},{\"@type\":\"Organization\",\"@id\":\"https:\\\/\\\/tajkertesz.com\\\/#organization\",\"name\":\"T\u00e1j-Kert\u00e9sz 84 Kft.\",\"url\":\"https:\\\/\\\/tajkertesz.com\\\/\",\"logo\":{\"@type\":\"ImageObject\",\"inLanguage\":\"en-US\",\"@id\":\"https:\\\/\\\/tajkertesz.com\\\/#\\\/schema\\\/logo\\\/image\\\/\",\"url\":\"https:\\\/\\\/tajkertesz.com\\\/wp-content\\\/uploads\\\/2018\\\/02\\\/logo-2-e1518678052539.png\",\"contentUrl\":\"https:\\\/\\\/tajkertesz.com\\\/wp-content\\\/uploads\\\/2018\\\/02\\\/logo-2-e1518678052539.png\",\"width\":81,\"height\":140,\"caption\":\"T\u00e1j-Kert\u00e9sz 84 Kft.\"},\"image\":{\"@id\":\"https:\\\/\\\/tajkertesz.com\\\/#\\\/schema\\\/logo\\\/image\\\/\"},\"sameAs\":[\"https:\\\/\\\/www.facebook.com\\\/Tajkertesz\\\/\"]}]}<\/script>\n<!-- \/ Yoast SEO plugin. -->","yoast_head_json":{"title":"Nordmann feny\u0151\u00e1g \/ k\u00f6teg - T\u00e1jkert\u00e9sz","description":"Nordmann feny\u0151\u00e1g \/ k\u00f6teg M\u00e9lt\u00f3s\u00e1gteljes, roppant dekorat\u00edv \u00f6r\u00f6kz\u00f6ld, mely b\u00e1rmely szob\u00e1nak tart\u00f3s kar\u00e1csonyi d\u00edsze,\u00a0b\u00e1rmely egy\u00e9b kar\u00e1csonyi feny\u0151n\u00e9l szebb","robots":{"index":"index","follow":"follow","max-snippet":"max-snippet:-1","max-image-preview":"max-image-preview:large","max-video-preview":"max-video-preview:-1"},"canonical":"https:\/\/tajkertesz.com\/en_US\/product\/nordmann-fenyoag-koteg\/","og_locale":"en_US","og_type":"article","og_title":"Nordmann feny\u0151\u00e1g \/ k\u00f6teg - T\u00e1jkert\u00e9sz","og_description":"Nordmann feny\u0151\u00e1g \/ k\u00f6teg M\u00e9lt\u00f3s\u00e1gteljes, roppant dekorat\u00edv \u00f6r\u00f6kz\u00f6ld, mely b\u00e1rmely szob\u00e1nak tart\u00f3s kar\u00e1csonyi d\u00edsze,\u00a0b\u00e1rmely egy\u00e9b kar\u00e1csonyi feny\u0151n\u00e9l szebb","og_url":"https:\/\/tajkertesz.com\/en_US\/product\/nordmann-fenyoag-koteg\/","og_site_name":"T\u00e1jkert\u00e9sz","article_publisher":"https:\/\/www.facebook.com\/Tajkertesz\/","og_image":[{"width":2048,"height":923,"url":"https:\/\/tajkertesz.com\/wp-content\/uploads\/2024\/11\/465796093_974319054711169_2436089173762168982_n.jpg","type":"image\/jpeg"}],"twitter_card":"summary_large_image","twitter_misc":{"Est. reading time":"2 minutes"},"schema":{"@context":"https:\/\/schema.org","@graph":[{"@type":"WebPage","@id":"https:\/\/tajkertesz.com\/termek\/nordmann-fenyoag-koteg\/","url":"https:\/\/tajkertesz.com\/termek\/nordmann-fenyoag-koteg\/","name":"Nordmann feny\u0151\u00e1g \/ k\u00f6teg - T\u00e1jkert\u00e9sz","isPartOf":{"@id":"https:\/\/tajkertesz.com\/#website"},"primaryImageOfPage":{"@id":"https:\/\/tajkertesz.com\/termek\/nordmann-fenyoag-koteg\/#primaryimage"},"image":{"@id":"https:\/\/tajkertesz.com\/termek\/nordmann-fenyoag-koteg\/#primaryimage"},"thumbnailUrl":"https:\/\/tajkertesz.com\/wp-content\/uploads\/2024\/11\/465796093_974319054711169_2436089173762168982_n.jpg","datePublished":"2024-11-08T10:26:06+00:00","description":"Nordmann feny\u0151\u00e1g \/ k\u00f6teg M\u00e9lt\u00f3s\u00e1gteljes, roppant dekorat\u00edv \u00f6r\u00f6kz\u00f6ld, mely b\u00e1rmely szob\u00e1nak tart\u00f3s kar\u00e1csonyi d\u00edsze,\u00a0b\u00e1rmely egy\u00e9b kar\u00e1csonyi feny\u0151n\u00e9l szebb","breadcrumb":{"@id":"https:\/\/tajkertesz.com\/termek\/nordmann-fenyoag-koteg\/#breadcrumb"},"inLanguage":"en-US","potentialAction":[{"@type":"ReadAction","target":["https:\/\/tajkertesz.com\/termek\/nordmann-fenyoag-koteg\/"]}]},{"@type":"ImageObject","inLanguage":"en-US","@id":"https:\/\/tajkertesz.com\/termek\/nordmann-fenyoag-koteg\/#primaryimage","url":"https:\/\/tajkertesz.com\/wp-content\/uploads\/2024\/11\/465796093_974319054711169_2436089173762168982_n.jpg","contentUrl":"https:\/\/tajkertesz.com\/wp-content\/uploads\/2024\/11\/465796093_974319054711169_2436089173762168982_n.jpg","width":2048,"height":923,"caption":"Nordmann feny\u0151\u00e1g \/ k\u00f6teg"},{"@type":"BreadcrumbList","@id":"https:\/\/tajkertesz.com\/termek\/nordmann-fenyoag-koteg\/#breadcrumb","itemListElement":[{"@type":"ListItem","position":1,"name":"Home","item":"https:\/\/tajkertesz.com\/"},{"@type":"ListItem","position":2,"name":"Kezd\u0151lap","item":"https:\/\/tajkertesz.com\/"},{"@type":"ListItem","position":3,"name":"Nordmann feny\u0151\u00e1g \/ k\u00f6teg"}]},{"@type":"WebSite","@id":"https:\/\/tajkertesz.com\/#website","url":"https:\/\/tajkertesz.com\/","name":"T\u00e1j-Kert\u00e9sz 84 Kft.","description":"Kert\u00e9szeti kis- \u00e9s nagykeresked\u00e9s, D\u00edszn\u00f6v\u00e9ny web\u00e1ruh\u00e1z orsz\u00e1gos h\u00e1zhozsz\u00e1ll\u00edt\u00e1ssal!","publisher":{"@id":"https:\/\/tajkertesz.com\/#organization"},"potentialAction":[{"@type":"SearchAction","target":{"@type":"EntryPoint","urlTemplate":"https:\/\/tajkertesz.com\/?s={search_term_string}"},"query-input":{"@type":"PropertyValueSpecification","valueRequired":true,"valueName":"search_term_string"}}],"inLanguage":"en-US"},{"@type":"Organization","@id":"https:\/\/tajkertesz.com\/#organization","name":"T\u00e1j-Kert\u00e9sz 84 Kft.","url":"https:\/\/tajkertesz.com\/","logo":{"@type":"ImageObject","inLanguage":"en-US","@id":"https:\/\/tajkertesz.com\/#\/schema\/logo\/image\/","url":"https:\/\/tajkertesz.com\/wp-content\/uploads\/2018\/02\/logo-2-e1518678052539.png","contentUrl":"https:\/\/tajkertesz.com\/wp-content\/uploads\/2018\/02\/logo-2-e1518678052539.png","width":81,"height":140,"caption":"T\u00e1j-Kert\u00e9sz 84 Kft."},"image":{"@id":"https:\/\/tajkertesz.com\/#\/schema\/logo\/image\/"},"sameAs":["https:\/\/www.facebook.com\/Tajkertesz\/"]}]}},"_links":{"self":[{"href":"https:\/\/tajkertesz.com\/en_US\/wp-json\/wp\/v2\/product\/21623","targetHints":{"allow":["GET"]}}],"collection":[{"href":"https:\/\/tajkertesz.com\/en_US\/wp-json\/wp\/v2\/product"}],"about":[{"href":"https:\/\/tajkertesz.com\/en_US\/wp-json\/wp\/v2\/types\/product"}],"wp:featuredmedia":[{"embeddable":true,"href":"https:\/\/tajkertesz.com\/en_US\/wp-json\/wp\/v2\/media\/21624"}],"wp:attachment":[{"href":"https:\/\/tajkertesz.com\/en_US\/wp-json\/wp\/v2\/media?parent=21623"}],"wp:term":[{"taxonomy":"product_brand","embeddable":true,"href":"https:\/\/tajkertesz.com\/en_US\/wp-json\/wp\/v2\/product_brand?post=21623"},{"taxonomy":"product_cat","embeddable":true,"href":"https:\/\/tajkertesz.com\/en_US\/wp-json\/wp\/v2\/product_cat?post=21623"},{"taxonomy":"product_tag","embeddable":true,"href":"https:\/\/tajkertesz.com\/en_US\/wp-json\/wp\/v2\/product_tag?post=21623"}],"curies":[{"name":"wp","href":"https:\/\/api.w.org\/{rel}","templated":true}]}}