{"id":21637,"date":"2024-11-11T15:23:07","date_gmt":"2024-11-11T15:23:07","guid":{"rendered":"https:\/\/tajkertesz.com\/?post_type=product&#038;p=21637"},"modified":"2024-11-12T08:50:14","modified_gmt":"2024-11-12T08:50:14","slug":"prunus-serrulata-royal-burgundy-voros-levelu-diszcseresznye-2","status":"publish","type":"product","link":"https:\/\/tajkertesz.com\/en_US\/product\/prunus-serrulata-royal-burgundy-voros-levelu-diszcseresznye-2\/","title":{"rendered":"Prunus serrulata &#8216;Royal Burgundy&#8217;- V\u00f6r\u00f6s level\u0171 d\u00edszcseresznye"},"content":{"rendered":"<h1>Prunus serrulata &#8216;Royal Burgundy&#8217;- V\u00f6r\u00f6s level\u0171 d\u00edszcseresznye<\/h1>\n<p>A Prunus serrulata &#8216;Royal Burgundy&#8217;- V\u00f6r\u00f6s level\u0171 d\u00edszcseresznye\u00a0 egy rendk\u00edv\u00fcl mutat\u00f3s, lombhullat\u00f3 fa, bord\u00f3 levelelei \u00e9s a telt vir\u00e1gai miatt.<\/p>\n<h2>Prunus serrulata &#8216;Royal Burgundy&#8217; jellemz\u0151i<\/h2>\n<p>T\u00f6lcs\u00e9r v\u00e1za korona form\u00e1j\u00e1r\u00f3l k\u00f6nnyen felismerhet\u0151, 6-8 m magas d\u00edszfa. Levelei eg\u00e9sz \u00e9vben lil\u00e1sv\u00f6r\u00f6sek, \u0151sszel bronzos ibolya vagy b\u00edborsz\u00edn\u0171ek. \u00c1prilis v\u00e9g\u00e9n, m\u00e1jus elej\u00e9n bontja s\u00f6t\u00e9t r\u00f3zsasz\u00edn, t\u00f6mvetelt vir\u00e1gait, amelyek \u00e9l\u00e9nk kontrasztot alkotnak a levelek sz\u00edn\u00e9vel. Vir\u00e1ga a \u00a0Kansan-n\u00e1l enyh\u00e9n s\u00f6t\u00e9tebb v\u00f6r\u00f6sl\u0151 r\u00f3zsasz\u00edn.<\/p>\n<h3>V\u00f6r\u00f6s level\u0171 d\u00edszcseresznye gondoz\u00e1sa<\/h3>\n<p>J\u00f3 szerkezet\u0171, t\u00e1panyagban gazdag, j\u00f3 v\u00edzelvezet\u00e9s\u0171 talajt kedvel. Mint a jap\u00e1n d\u00edszcsereszny\u00e9k, a pang\u00f3 vizet nem t\u0171ri.<\/p>\n<p>K\u00f6zepes f\u00e9nyig\u00e9ny\u0171 n\u00f6v\u00e9ny, de a legjobban napos vagy f\u00e9l\u00e1rny\u00e9kos helyen \u00e9rzi mag\u00e1t.<br \/>\nAz optim\u00e1lis \u00fcltet\u00e9si id\u0151pont tavasz (m\u00e1rcius-\u00e1prilis) vagy \u0151sz (okt\u00f3ber-november) m\u00e9g a fagyok el\u0151tt.<br \/>\nK\u00f6zepes v\u00edzig\u00e9ny\u0171. Az els\u0151 \u00e9vben rendszeres \u00f6nt\u00f6z\u00e9st ig\u00e9nyel, k\u00e9s\u0151bb viszonylag j\u00f3l t\u0171ri a sz\u00e1razs\u00e1got is.<br \/>\nA vir\u00e1gz\u00e1s ut\u00e1n \u00e9rdemes metszeni, hogy elt\u00e1vol\u00edtsuk az elhalt vagy s\u00e9r\u00fclt r\u00e9szeket.<br \/>\n\u00c9rz\u00e9keny lehet lev\u00e9ltetvekre, pajzstetvekre, tak\u00e1csatk\u00e1kra \u00e9s lombr\u00e1g\u00f3 herny\u00f3kra. A megfelel\u0151 gondoz\u00e1s \u00e9s a j\u00f3 kond\u00edci\u00f3 seg\u00edt megel\u0151zni a betegs\u00e9geket.<\/p>\n<p>N\u00e9ha \u00e9rdemes komposzttal vagy komposzt\u00e1lt marhatr\u00e1gy\u00e1val felt\u00f6lteni a talajt a gy\u00f6k\u00e9rz\u00f3na felett.<\/p>\n<h4>Felhaszn\u00e1l\u00e1sa:<\/h4>\n<p>Szoliterk\u00e9nt, sor- \u00e9s parkfak\u00e9nt is \u00fcltethet\u0151, vir\u00e1gz\u00e1sa \u00e9s lombozata miatt k\u00fcl\u00f6n\u00f6sen kedvelt.<\/p>\n<p>J\u00f3l t\u00e1rs\u00edthat\u00f3 m\u00e1s d\u00edszn\u00f6v\u00e9nyekkel, p\u00e9ld\u00e1ul h\u00f3lyagvessz\u0151vel, vir\u00e1glonccal, cserj\u00e9s hortenzi\u00e1val \u00e9s teahibrid r\u00f3zs\u00e1val.<\/p>\n<p>Ez a fa nemcsak a kert d\u00edsze lehet, hanem a jap\u00e1n kult\u00fara egyik szimb\u00f3luma is, amely minden tavasszal leny\u0171g\u00f6z\u0151 l\u00e1tv\u00e1nyt ny\u00fajt vir\u00e1gz\u00e1s\u00e1val.<\/p>\n<p>Felhaszn\u00e1l\u00e1sa igen sz\u00e9lesk\u00f6r\u0171 rendk\u00edv\u00fcl \u00e9l\u00e9nk sz\u00ednez\u0151d\u00e9se r\u00e9v\u00e9n kiv\u00e1l\u00f3 szoliterfa.<\/p>\n<p>H\u00e1zi kerti felhaszn\u00e1l\u00e1sra javasolt de csod\u00e1latos\u00a0 sorf\u00e1nak is.<\/p>\n<p><b>Felhaszn\u00e1l\u00e1s:<\/b>\u00a0Kertbe, parkba, utc\u00e1ra nagy d\u00edsz\u00e9rt\u00e9ket ad\u00f3 sorf\u00e1nak alkalmas.<\/p>\n<p>Jelen term\u00e9k\u00fcnk\u00a0 40literes kont\u00e9nerben kaphat\u00f3 melynek t\u00f6rzsmagass\u00e1ga\u00a0 220 cm \u00e9s 6\/8-10-es t\u00f6rzs ker\u00fclettel.<\/p>\n<p><strong>M\u00e9ret\u00e9n\u00e9l fogva postai \u00faton nem sz\u00e1ll\u00edthat\u00f3.<\/strong><\/p>\n<p><strong>K\u00e9szlet\u00fcnk napi szinten v\u00e1ltozik, ez\u00e9rt k\u00e9rj\u00fck, \u00e9rdekl\u0151dj\u00f6n szem\u00e9lyesen, telefonon vagy email-en.<br \/>\nA v\u00e1ltoztat\u00e1s jog\u00e1t fenntartjuk!\u00a0<\/strong><\/p>\n<p><a href=\"https:\/\/tajkertesz.com\/\">https:\/\/tajkertesz.com\/<\/a><\/p>\n<p><a href=\"https:\/\/www.facebook.com\/tajkertesz\/\">https:\/\/www.facebook.com\/tajkertesz\/<\/a><\/p>\n<p>Kisz\u00e1ll\u00edt\u00e1s: 200cm-ig \u00a0\u00e9s 40 kg-ig a sz\u00e1ll\u00edt\u00e1s fut\u00e1rszolg\u00e1lattal \u00a0t\u00f6rt\u00e9nik.<\/p>\n<p>Szem\u00e9lyes \u00e1tv\u00e9tel nyitvatart\u00e1si id\u0151ben a 17. ker\u00fclet Bakancsos utca 7. sz\u00e1m alatti Kert\u00e9szeti \u00e1rud\u00e1nkban.<\/p>","protected":false},"excerpt":{"rendered":"<p>A Prunus serrulata &#8216;Royal Burgundy&#8217;\u00a0 nagyon mutat\u00f3s , v\u00f6r\u00f6s levelelei \u00e9s a telt vir\u00e1gai\u00a0 miatt&#8230;<\/p>\n<div id=\"bodyContent\" class=\"mw-body-content\">\n<div id=\"mw-content-text\" class=\"mw-content-ltr\" dir=\"ltr\" lang=\"hu\">\n<div id=\"bodyContent\" class=\"mw-body-content\">\n<div id=\"mw-content-text\" class=\"mw-content-ltr\" dir=\"ltr\" lang=\"hu\">\n<p><b>K\u00e9szlet\u00fcnk napi szinten v\u00e1ltozik, ez\u00e9rt k\u00e9rj\u00fck, \u00e9rdekl\u0151dj\u00f6n szem\u00e9lyesen, telefonon vagy email-en.<\/b><\/p>\n<p>Term\u00e9keinket szem\u00e9lyesen is \u00e1tveheti a h\u00e9t minden napj\u00e1n nyitvatart\u00e1si id\u0151ben!<\/p>\n<p>Kisz\u00e1ll\u00edt\u00e1s: 200 cm \u00e9s 40 kg-ig a sz\u00e1ll\u00edt\u00e1s fut\u00e1rszolg\u00e1lattal t\u00f6rt\u00e9nik.<\/p>\n<\/div>\n<\/div>\n<\/div>\n<\/div>\n<p><b>A v\u00e1ltoztat\u00e1s jog\u00e1t fenntartjuk!\u00a0<\/b><\/p>\n<p>&nbsp;<\/p>","protected":false},"featured_media":961,"template":"","meta":{"_et_pb_use_builder":"","_et_pb_old_content":"","_et_gb_content_width":""},"product_brand":[],"product_cat":[28],"product_tag":[134,135,136,137],"class_list":{"0":"post-21637","1":"product","2":"type-product","3":"status-publish","4":"has-post-thumbnail","6":"product_cat-diszfak","7":"product_tag-diszcseresznye","8":"product_tag-prunus-serrulata-royal-burgundy","9":"product_tag-voros-levelu","10":"product_tag-voros-levelu-diszcseresznye","12":"first","13":"outofstock","14":"shipping-taxable","15":"purchasable","16":"product-type-simple"},"yoast_head":"<!-- This site is optimized with the Yoast SEO plugin v27.3 - https:\/\/yoast.com\/product\/yoast-seo-wordpress\/ -->\n<title>Prunus serrulata &#039;Royal Burgundy&#039;- V\u00f6r\u00f6s level\u0171 d\u00edszcseresznye - T\u00e1jkert\u00e9sz<\/title>\n<meta name=\"description\" content=\"A Prunus serrulata &#039;Royal Burgundy&#039;\u00a0 nagyon mutat\u00f3s\u00a0 d\u00edszfa , v\u00f6r\u00f6s levelelei \u00e9s a telt vir\u00e1gai\u00a0 miatt.Felhaszn\u00e1l\u00e1sa igen sz\u00e9lesk\u00f6r\u0171.\" \/>\n<meta name=\"robots\" content=\"index, follow, max-snippet:-1, max-image-preview:large, max-video-preview:-1\" \/>\n<link rel=\"canonical\" href=\"https:\/\/tajkertesz.com\/en_US\/product\/prunus-serrulata-royal-burgundy-voros-levelu-diszcseresznye-2\/\" \/>\n<meta property=\"og:locale\" content=\"en_US\" \/>\n<meta property=\"og:type\" content=\"article\" \/>\n<meta property=\"og:title\" content=\"Prunus serrulata &#039;Royal Burgundy&#039;- V\u00f6r\u00f6s level\u0171 d\u00edszcseresznye - T\u00e1jkert\u00e9sz\" \/>\n<meta property=\"og:description\" content=\"A Prunus serrulata &#039;Royal Burgundy&#039;\u00a0 nagyon mutat\u00f3s\u00a0 d\u00edszfa , v\u00f6r\u00f6s levelelei \u00e9s a telt vir\u00e1gai\u00a0 miatt.Felhaszn\u00e1l\u00e1sa igen sz\u00e9lesk\u00f6r\u0171.\" \/>\n<meta property=\"og:url\" content=\"https:\/\/tajkertesz.com\/en_US\/product\/prunus-serrulata-royal-burgundy-voros-levelu-diszcseresznye-2\/\" \/>\n<meta property=\"og:site_name\" content=\"T\u00e1jkert\u00e9sz\" \/>\n<meta property=\"article:publisher\" content=\"https:\/\/www.facebook.com\/Tajkertesz\/\" \/>\n<meta property=\"article:modified_time\" content=\"2024-11-12T08:50:14+00:00\" \/>\n<meta property=\"og:image\" content=\"https:\/\/tajkertesz.com\/wp-content\/uploads\/2020\/02\/V\u00f6r\u00f6s-level\u0171-d\u00edszcseresznye-2.jpg\" \/>\n\t<meta property=\"og:image:width\" content=\"850\" \/>\n\t<meta property=\"og:image:height\" content=\"637\" \/>\n\t<meta property=\"og:image:type\" content=\"image\/jpeg\" \/>\n<meta name=\"twitter:card\" content=\"summary_large_image\" \/>\n<meta name=\"twitter:label1\" content=\"Est. reading time\" \/>\n\t<meta name=\"twitter:data1\" content=\"2 minutes\" \/>\n<script type=\"application\/ld+json\" class=\"yoast-schema-graph\">{\"@context\":\"https:\\\/\\\/schema.org\",\"@graph\":[{\"@type\":\"WebPage\",\"@id\":\"https:\\\/\\\/tajkertesz.com\\\/termek\\\/prunus-serrulata-royal-burgundy-voros-levelu-diszcseresznye-2\\\/\",\"url\":\"https:\\\/\\\/tajkertesz.com\\\/termek\\\/prunus-serrulata-royal-burgundy-voros-levelu-diszcseresznye-2\\\/\",\"name\":\"Prunus serrulata 'Royal Burgundy'- V\u00f6r\u00f6s level\u0171 d\u00edszcseresznye - T\u00e1jkert\u00e9sz\",\"isPartOf\":{\"@id\":\"https:\\\/\\\/tajkertesz.com\\\/#website\"},\"primaryImageOfPage\":{\"@id\":\"https:\\\/\\\/tajkertesz.com\\\/termek\\\/prunus-serrulata-royal-burgundy-voros-levelu-diszcseresznye-2\\\/#primaryimage\"},\"image\":{\"@id\":\"https:\\\/\\\/tajkertesz.com\\\/termek\\\/prunus-serrulata-royal-burgundy-voros-levelu-diszcseresznye-2\\\/#primaryimage\"},\"thumbnailUrl\":\"https:\\\/\\\/tajkertesz.com\\\/wp-content\\\/uploads\\\/2020\\\/02\\\/V\u00f6r\u00f6s-level\u0171-d\u00edszcseresznye-2.jpg\",\"datePublished\":\"2024-11-11T15:23:07+00:00\",\"dateModified\":\"2024-11-12T08:50:14+00:00\",\"description\":\"A Prunus serrulata 'Royal Burgundy'\u00a0 nagyon mutat\u00f3s\u00a0 d\u00edszfa , v\u00f6r\u00f6s levelelei \u00e9s a telt vir\u00e1gai\u00a0 miatt.Felhaszn\u00e1l\u00e1sa igen sz\u00e9lesk\u00f6r\u0171.\",\"breadcrumb\":{\"@id\":\"https:\\\/\\\/tajkertesz.com\\\/termek\\\/prunus-serrulata-royal-burgundy-voros-levelu-diszcseresznye-2\\\/#breadcrumb\"},\"inLanguage\":\"en-US\",\"potentialAction\":[{\"@type\":\"ReadAction\",\"target\":[\"https:\\\/\\\/tajkertesz.com\\\/termek\\\/prunus-serrulata-royal-burgundy-voros-levelu-diszcseresznye-2\\\/\"]}]},{\"@type\":\"ImageObject\",\"inLanguage\":\"en-US\",\"@id\":\"https:\\\/\\\/tajkertesz.com\\\/termek\\\/prunus-serrulata-royal-burgundy-voros-levelu-diszcseresznye-2\\\/#primaryimage\",\"url\":\"https:\\\/\\\/tajkertesz.com\\\/wp-content\\\/uploads\\\/2020\\\/02\\\/V\u00f6r\u00f6s-level\u0171-d\u00edszcseresznye-2.jpg\",\"contentUrl\":\"https:\\\/\\\/tajkertesz.com\\\/wp-content\\\/uploads\\\/2020\\\/02\\\/V\u00f6r\u00f6s-level\u0171-d\u00edszcseresznye-2.jpg\",\"width\":850,\"height\":637,\"caption\":\"Prunus serrulata 'Royal Burgundy'- V\u00f6r\u00f6s level\u0171 d\u00edszcseresznye\"},{\"@type\":\"BreadcrumbList\",\"@id\":\"https:\\\/\\\/tajkertesz.com\\\/termek\\\/prunus-serrulata-royal-burgundy-voros-levelu-diszcseresznye-2\\\/#breadcrumb\",\"itemListElement\":[{\"@type\":\"ListItem\",\"position\":1,\"name\":\"Home\",\"item\":\"https:\\\/\\\/tajkertesz.com\\\/\"},{\"@type\":\"ListItem\",\"position\":2,\"name\":\"Kezd\u0151lap\",\"item\":\"https:\\\/\\\/tajkertesz.com\\\/\"},{\"@type\":\"ListItem\",\"position\":3,\"name\":\"Prunus serrulata &#8216;Royal Burgundy&#8217;- V\u00f6r\u00f6s level\u0171 d\u00edszcseresznye\"}]},{\"@type\":\"WebSite\",\"@id\":\"https:\\\/\\\/tajkertesz.com\\\/#website\",\"url\":\"https:\\\/\\\/tajkertesz.com\\\/\",\"name\":\"T\u00e1j-Kert\u00e9sz 84 Kft.\",\"description\":\"Kert\u00e9szeti kis- \u00e9s nagykeresked\u00e9s, D\u00edszn\u00f6v\u00e9ny web\u00e1ruh\u00e1z orsz\u00e1gos h\u00e1zhozsz\u00e1ll\u00edt\u00e1ssal!\",\"publisher\":{\"@id\":\"https:\\\/\\\/tajkertesz.com\\\/#organization\"},\"potentialAction\":[{\"@type\":\"SearchAction\",\"target\":{\"@type\":\"EntryPoint\",\"urlTemplate\":\"https:\\\/\\\/tajkertesz.com\\\/?s={search_term_string}\"},\"query-input\":{\"@type\":\"PropertyValueSpecification\",\"valueRequired\":true,\"valueName\":\"search_term_string\"}}],\"inLanguage\":\"en-US\"},{\"@type\":\"Organization\",\"@id\":\"https:\\\/\\\/tajkertesz.com\\\/#organization\",\"name\":\"T\u00e1j-Kert\u00e9sz 84 Kft.\",\"url\":\"https:\\\/\\\/tajkertesz.com\\\/\",\"logo\":{\"@type\":\"ImageObject\",\"inLanguage\":\"en-US\",\"@id\":\"https:\\\/\\\/tajkertesz.com\\\/#\\\/schema\\\/logo\\\/image\\\/\",\"url\":\"https:\\\/\\\/tajkertesz.com\\\/wp-content\\\/uploads\\\/2018\\\/02\\\/logo-2-e1518678052539.png\",\"contentUrl\":\"https:\\\/\\\/tajkertesz.com\\\/wp-content\\\/uploads\\\/2018\\\/02\\\/logo-2-e1518678052539.png\",\"width\":81,\"height\":140,\"caption\":\"T\u00e1j-Kert\u00e9sz 84 Kft.\"},\"image\":{\"@id\":\"https:\\\/\\\/tajkertesz.com\\\/#\\\/schema\\\/logo\\\/image\\\/\"},\"sameAs\":[\"https:\\\/\\\/www.facebook.com\\\/Tajkertesz\\\/\"]}]}<\/script>\n<!-- \/ Yoast SEO plugin. -->","yoast_head_json":{"title":"Prunus serrulata 'Royal Burgundy'- V\u00f6r\u00f6s level\u0171 d\u00edszcseresznye - T\u00e1jkert\u00e9sz","description":"A Prunus serrulata 'Royal Burgundy'\u00a0 nagyon mutat\u00f3s\u00a0 d\u00edszfa , v\u00f6r\u00f6s levelelei \u00e9s a telt vir\u00e1gai\u00a0 miatt.Felhaszn\u00e1l\u00e1sa igen sz\u00e9lesk\u00f6r\u0171.","robots":{"index":"index","follow":"follow","max-snippet":"max-snippet:-1","max-image-preview":"max-image-preview:large","max-video-preview":"max-video-preview:-1"},"canonical":"https:\/\/tajkertesz.com\/en_US\/product\/prunus-serrulata-royal-burgundy-voros-levelu-diszcseresznye-2\/","og_locale":"en_US","og_type":"article","og_title":"Prunus serrulata 'Royal Burgundy'- V\u00f6r\u00f6s level\u0171 d\u00edszcseresznye - T\u00e1jkert\u00e9sz","og_description":"A Prunus serrulata 'Royal Burgundy'\u00a0 nagyon mutat\u00f3s\u00a0 d\u00edszfa , v\u00f6r\u00f6s levelelei \u00e9s a telt vir\u00e1gai\u00a0 miatt.Felhaszn\u00e1l\u00e1sa igen sz\u00e9lesk\u00f6r\u0171.","og_url":"https:\/\/tajkertesz.com\/en_US\/product\/prunus-serrulata-royal-burgundy-voros-levelu-diszcseresznye-2\/","og_site_name":"T\u00e1jkert\u00e9sz","article_publisher":"https:\/\/www.facebook.com\/Tajkertesz\/","article_modified_time":"2024-11-12T08:50:14+00:00","og_image":[{"width":850,"height":637,"url":"https:\/\/tajkertesz.com\/wp-content\/uploads\/2020\/02\/V\u00f6r\u00f6s-level\u0171-d\u00edszcseresznye-2.jpg","type":"image\/jpeg"}],"twitter_card":"summary_large_image","twitter_misc":{"Est. reading time":"2 minutes"},"schema":{"@context":"https:\/\/schema.org","@graph":[{"@type":"WebPage","@id":"https:\/\/tajkertesz.com\/termek\/prunus-serrulata-royal-burgundy-voros-levelu-diszcseresznye-2\/","url":"https:\/\/tajkertesz.com\/termek\/prunus-serrulata-royal-burgundy-voros-levelu-diszcseresznye-2\/","name":"Prunus serrulata 'Royal Burgundy'- V\u00f6r\u00f6s level\u0171 d\u00edszcseresznye - T\u00e1jkert\u00e9sz","isPartOf":{"@id":"https:\/\/tajkertesz.com\/#website"},"primaryImageOfPage":{"@id":"https:\/\/tajkertesz.com\/termek\/prunus-serrulata-royal-burgundy-voros-levelu-diszcseresznye-2\/#primaryimage"},"image":{"@id":"https:\/\/tajkertesz.com\/termek\/prunus-serrulata-royal-burgundy-voros-levelu-diszcseresznye-2\/#primaryimage"},"thumbnailUrl":"https:\/\/tajkertesz.com\/wp-content\/uploads\/2020\/02\/V\u00f6r\u00f6s-level\u0171-d\u00edszcseresznye-2.jpg","datePublished":"2024-11-11T15:23:07+00:00","dateModified":"2024-11-12T08:50:14+00:00","description":"A Prunus serrulata 'Royal Burgundy'\u00a0 nagyon mutat\u00f3s\u00a0 d\u00edszfa , v\u00f6r\u00f6s levelelei \u00e9s a telt vir\u00e1gai\u00a0 miatt.Felhaszn\u00e1l\u00e1sa igen sz\u00e9lesk\u00f6r\u0171.","breadcrumb":{"@id":"https:\/\/tajkertesz.com\/termek\/prunus-serrulata-royal-burgundy-voros-levelu-diszcseresznye-2\/#breadcrumb"},"inLanguage":"en-US","potentialAction":[{"@type":"ReadAction","target":["https:\/\/tajkertesz.com\/termek\/prunus-serrulata-royal-burgundy-voros-levelu-diszcseresznye-2\/"]}]},{"@type":"ImageObject","inLanguage":"en-US","@id":"https:\/\/tajkertesz.com\/termek\/prunus-serrulata-royal-burgundy-voros-levelu-diszcseresznye-2\/#primaryimage","url":"https:\/\/tajkertesz.com\/wp-content\/uploads\/2020\/02\/V\u00f6r\u00f6s-level\u0171-d\u00edszcseresznye-2.jpg","contentUrl":"https:\/\/tajkertesz.com\/wp-content\/uploads\/2020\/02\/V\u00f6r\u00f6s-level\u0171-d\u00edszcseresznye-2.jpg","width":850,"height":637,"caption":"Prunus serrulata 'Royal Burgundy'- V\u00f6r\u00f6s level\u0171 d\u00edszcseresznye"},{"@type":"BreadcrumbList","@id":"https:\/\/tajkertesz.com\/termek\/prunus-serrulata-royal-burgundy-voros-levelu-diszcseresznye-2\/#breadcrumb","itemListElement":[{"@type":"ListItem","position":1,"name":"Home","item":"https:\/\/tajkertesz.com\/"},{"@type":"ListItem","position":2,"name":"Kezd\u0151lap","item":"https:\/\/tajkertesz.com\/"},{"@type":"ListItem","position":3,"name":"Prunus serrulata &#8216;Royal Burgundy&#8217;- V\u00f6r\u00f6s level\u0171 d\u00edszcseresznye"}]},{"@type":"WebSite","@id":"https:\/\/tajkertesz.com\/#website","url":"https:\/\/tajkertesz.com\/","name":"T\u00e1j-Kert\u00e9sz 84 Kft.","description":"Kert\u00e9szeti kis- \u00e9s nagykeresked\u00e9s, D\u00edszn\u00f6v\u00e9ny web\u00e1ruh\u00e1z orsz\u00e1gos h\u00e1zhozsz\u00e1ll\u00edt\u00e1ssal!","publisher":{"@id":"https:\/\/tajkertesz.com\/#organization"},"potentialAction":[{"@type":"SearchAction","target":{"@type":"EntryPoint","urlTemplate":"https:\/\/tajkertesz.com\/?s={search_term_string}"},"query-input":{"@type":"PropertyValueSpecification","valueRequired":true,"valueName":"search_term_string"}}],"inLanguage":"en-US"},{"@type":"Organization","@id":"https:\/\/tajkertesz.com\/#organization","name":"T\u00e1j-Kert\u00e9sz 84 Kft.","url":"https:\/\/tajkertesz.com\/","logo":{"@type":"ImageObject","inLanguage":"en-US","@id":"https:\/\/tajkertesz.com\/#\/schema\/logo\/image\/","url":"https:\/\/tajkertesz.com\/wp-content\/uploads\/2018\/02\/logo-2-e1518678052539.png","contentUrl":"https:\/\/tajkertesz.com\/wp-content\/uploads\/2018\/02\/logo-2-e1518678052539.png","width":81,"height":140,"caption":"T\u00e1j-Kert\u00e9sz 84 Kft."},"image":{"@id":"https:\/\/tajkertesz.com\/#\/schema\/logo\/image\/"},"sameAs":["https:\/\/www.facebook.com\/Tajkertesz\/"]}]}},"_links":{"self":[{"href":"https:\/\/tajkertesz.com\/en_US\/wp-json\/wp\/v2\/product\/21637","targetHints":{"allow":["GET"]}}],"collection":[{"href":"https:\/\/tajkertesz.com\/en_US\/wp-json\/wp\/v2\/product"}],"about":[{"href":"https:\/\/tajkertesz.com\/en_US\/wp-json\/wp\/v2\/types\/product"}],"wp:featuredmedia":[{"embeddable":true,"href":"https:\/\/tajkertesz.com\/en_US\/wp-json\/wp\/v2\/media\/961"}],"wp:attachment":[{"href":"https:\/\/tajkertesz.com\/en_US\/wp-json\/wp\/v2\/media?parent=21637"}],"wp:term":[{"taxonomy":"product_brand","embeddable":true,"href":"https:\/\/tajkertesz.com\/en_US\/wp-json\/wp\/v2\/product_brand?post=21637"},{"taxonomy":"product_cat","embeddable":true,"href":"https:\/\/tajkertesz.com\/en_US\/wp-json\/wp\/v2\/product_cat?post=21637"},{"taxonomy":"product_tag","embeddable":true,"href":"https:\/\/tajkertesz.com\/en_US\/wp-json\/wp\/v2\/product_tag?post=21637"}],"curies":[{"name":"wp","href":"https:\/\/api.w.org\/{rel}","templated":true}]}}