{"id":2164,"date":"2020-09-25T12:36:59","date_gmt":"2020-09-25T12:36:59","guid":{"rendered":"https:\/\/tajkertesz.com\/?post_type=product&#038;p=2164"},"modified":"2025-09-22T13:06:02","modified_gmt":"2025-09-22T13:06:02","slug":"acer-platanoides-crimson-king-verjuhar-2","status":"publish","type":"product","link":"https:\/\/tajkertesz.com\/en_US\/product\/acer-platanoides-crimson-king-verjuhar-2\/","title":{"rendered":"Acer platanoides &#8216;Crimson King&#8217; &#8211; V\u00e9rjuhar"},"content":{"rendered":"<h1>Acer platanoides &#8216;Crimson King&#8217; &#8211; V\u00e9rjuhar<\/h1>\n<p><b>Acer platanoides &#8216;Crimson King&#8217; ,V\u00e9rjuhar 15-20m magas, k\u00fap alak\u00fa koron\u00e1j\u00fa fa, levele v\u00f6r\u00f6s, tavaszt\u00f3l-\u0151szig sz\u00e9p sz\u00ednhat\u00e1st ad<\/b><\/p>\n<p><b>N\u00f6veked\u00e9s, alak:<\/b> V\u00e9rjuhar, bord\u00f3 level\u0171 juhar, g\u00f6mb\u00f6lyded, sz\u00e9les, k\u00fap alak\u00fa koron\u00e1j\u00fa d\u00edszfa, mely 14-18 m magass\u00e1gra is megn\u0151.<br \/>\n<b>Lev\u00e9l:\u00a0<\/b>Kihajt\u00e1skor sz\u00e9les, r\u00e1ncos fel\u00fclet\u0171 levelei, s\u00f6t\u00e9tbarn\u00e1s sz\u00edn\u0171ek, melyek 10-15 cm nagys\u00e1g\u00faak. K\u00e9s\u0151bb f\u00e9nytelen, feket\u00e9s-v\u00f6r\u00f6ss\u00e9 v\u00e1lnak. V\u00f6r\u00f6s, sz\u00e9p s\u00e1rga porz\u00f3j\u00fa, vir\u00e1gai vannak.<br \/>\n<b>Vir\u00e1g:<\/b> V\u00f6r\u00f6s, sz\u00e9p s\u00e1rga porz\u00f3j\u00fa, vir\u00e1gai vannak.<br \/>\n<b>Term\u0151hely<\/b>:Talajra nem \u00e9rz\u00e9keny , pang\u00f3 vizet nem szereti.<br \/>\n<b>Felhaszn\u00e1l\u00e1s:<\/b> Szoliternek vagy parkf\u00e1nak alkalmas.<\/p>\n<h4>A n\u00f6v\u00e9ny m\u00e9rete: 200\/250 cm magas, 9,5 literes kont\u00e9nerben kaphat\u00f3\u00a0 4\/6 -os m\u00e9retben<\/h4>\n<h4><span style=\"color: #ff0000;\">M\u00e9ret\u00e9n\u00e9l fogva GLS fut\u00e1rszolg\u00e1lattal a term\u00e9k k\u00fcld\u00e9se nem\u00a0 megoldhat\u00f3!<\/span><\/h4>\n<h4><strong>\ud83d\udd04 K\u00e9szletinform\u00e1ci\u00f3<\/strong><\/h4>\n<p><strong>K\u00e9szlet\u00fcnk napi szinten v\u00e1ltozik, \u00edgy a webshopban szerepl<\/strong><strong>\u0151<\/strong><strong>\u00a0term\u00e9kek el\u00e9rhet<\/strong><strong>\u0151<\/strong><strong>s\u00e9ge nem garant\u00e1lt.<br \/>\n\ud83d\udcde A megrendel\u00e9s el<\/strong><strong>\u0151<\/strong><strong>tt k\u00e9rj\u00fck, \u00e9rdekl<\/strong><strong>\u0151<\/strong><strong>dj\u00f6n szem\u00e9lyesen, telefonon vagy e-mailben!<\/strong><\/p>\n<h4><strong>\u27a1\ufe0f Kapcsolat:<\/strong><\/h4>\n<ul>\n<li><strong>Weboldal:\u00a0<\/strong><a href=\"https:\/\/tajkertesz.com\/\"><strong>tajkertesz.com<\/strong><\/a><\/li>\n<li><strong>Facebook:\u00a0<\/strong><a href=\"https:\/\/www.facebook.com\/tajkertesz\/\"><strong>facebook.com\/tajkertesz<\/strong><\/a><\/li>\n<li><strong>Telefonsz\u00e1m, e-mail: +36\/20-319-3770\u00a0<\/strong><a href=\"mailto:tajkerteszaruda@gmail.com\"><strong>tajkerteszaruda@gmail.com<\/strong><\/a><\/li>\n<\/ul>\n<h4><strong>\ud83d\ude9a Sz\u00e1ll\u00edt\u00e1si inform\u00e1ci\u00f3k<\/strong><\/h4>\n<p><strong>A megrendelt n\u00f6v\u00e9nyek kisz\u00e1ll\u00edt\u00e1sa az al\u00e1bbi felt\u00e9telek mellett t\u00f6rt\u00e9nik:<\/strong><\/p>\n<h4><strong>\ud83d\udce6 Fut\u00e1rszolg\u00e1latos sz\u00e1ll\u00edt\u00e1s<\/strong><\/h4>\n<ul>\n<li><strong>Maxim\u00e1lis m\u00e9ret: 200 cm (hossz\u00fas\u00e1g)<\/strong><\/li>\n<li><strong>Maxim\u00e1lis s\u00faly: 40 kg<\/strong><\/li>\n<li><strong>Az enn\u00e9l kisebb \u00e9s k\u00f6nnyebb csomagokat fut\u00e1rszolg\u00e1lattal k\u00e9zbes\u00edtj\u00fck a lehet<\/strong><strong>\u0151<\/strong><strong>\u00a0legbiztons\u00e1gosabb csomagol\u00e1sban.<\/strong><\/li>\n<\/ul>\n<h4><strong>\ud83d\udefb Szem\u00e9lyes \u00e1tv\u00e9tel<\/strong><\/h4>\n<ul>\n<li><strong>1173 Budapest, Bakancsos utca 7. sz\u00e1m alatt nyitvatart\u00e1si id<\/strong><strong>\u0151<\/strong><strong>ben szem\u00e9lyesen \u00e1tvehet<\/strong><strong>\u0151<\/strong><strong>\u00a0kert\u00e9szeti \u00e1rud\u00e1nkban.<\/strong><\/li>\n<li><strong>K\u00f6lts\u00e9ghat\u00e9kony megold\u00e1s nagyobb, t\u00f6r\u00e9kenyebb vagy t\u00falm\u00e9retes n\u00f6v\u00e9nyek eset\u00e9n.<\/strong><\/li>\n<\/ul>\n<h4><strong>\ud83d\udcde Nagy m\u00e9ret<\/strong><strong>\u0171<\/strong><strong>\u00a0vagy s\u00faly\u00fa n\u00f6v\u00e9nyek eset\u00e9n<\/strong><\/h4>\n<p><strong>Ha a term\u00e9k:<\/strong><\/p>\n<ul>\n<li><strong>meghaladja a 200 cm hossz\u00fas\u00e1got vagy<\/strong><\/li>\n<li><strong>meghaladja a 40 kg s\u00falyt,<\/strong><\/li>\n<\/ul>\n<p><strong>akkor szem\u00e9lyes \u00e1tv\u00e9tellel vagy egyedi, el<\/strong><strong>\u0151<\/strong><strong>re egyeztetett sz\u00e1ll\u00edt\u00e1si felt\u00e9telek mellett t\u00f6rt\u00e9nik.<br \/>\nK\u00e9rj\u00fck, ilyen esetben rendel\u00e9s el<\/strong><strong>\u0151<\/strong><strong>tt vegye fel vel\u00fcnk a kapcsolatot, hogy a lehet<\/strong><strong>\u0151<\/strong><strong>\u00a0legmegfelel<\/strong><strong>\u0151<\/strong><strong>bb sz\u00e1ll\u00edt\u00e1si megold\u00e1st k\u00edn\u00e1lhassuk.<\/strong><\/p>\n<p><strong>\ud83d\udd14 Fontos: A n\u00f6v\u00e9nyeket minden esetben igyeksz\u00fcnk gondosan, egyes\u00e9vel csomagolni, azonban a sz\u00e1ll\u00edt\u00e1s sor\u00e1n kisebb eszt\u00e9tikai s\u00e9r\u00fcl\u00e9sek el<\/strong><strong>\u0151<\/strong><strong>fordulhatnak (pl. lev\u00e9lhull\u00e1s). Ez nem min<\/strong><strong>\u0151<\/strong><strong>s\u00fcl hib\u00e1s teljes\u00edt\u00e9snek.<\/strong><\/p>\n<h4><strong>\ud83d\udcf7 Fontos tudni a k\u00e9pekr<\/strong><strong>\u0151<\/strong><strong>l<\/strong><\/h4>\n<p><strong>A webshopban szerepl<\/strong><strong>\u0151<\/strong><strong>\u00a0k\u00e9pek illusztr\u00e1ci\u00f3k, a n\u00f6v\u00e9nyek term\u00e9szet\u00fckn\u00e9l fogva egyediek, \u00edgy m\u00e9retben, alakban \u00e9s sz\u00ednben minim\u00e1lis elt\u00e9r\u00e9sek el<\/strong><strong>\u0151<\/strong><strong>fordulhatnak a k\u00e9pen l\u00e1that\u00f3 \u00e9s a val\u00f3s p\u00e9ld\u00e1nyok k\u00f6z\u00f6tt.<\/strong><\/p>\n<h4><strong>\ud83e\uddfe \u00c1rak \u00e9s el\u00e1ll\u00e1si jog<\/strong><\/h4>\n<ul>\n<li><strong>Az \u00e1rak egy darab\u00a0n\u00f6v\u00e9nyre vonatkoznak.<\/strong><\/li>\n<li><strong>\u00c9l<\/strong><strong>\u0151<\/strong><strong>\u00a0n\u00f6v\u00e9nyek rendel\u00e9se eset\u00e9n a 14 napos el\u00e1ll\u00e1s joga nem \u00e9rv\u00e9nyes\u00edthet<\/strong><strong>\u0151<\/strong><strong>, mivel azok romland\u00f3, biol\u00f3giailag \u00e9l<\/strong><strong>\u0151<\/strong><strong>\u00a0term\u00e9keknek min<\/strong><strong>\u0151<\/strong><strong>s\u00fclnek.<br \/>\n\ud83d\udd12 (17\/1999. (II. 5.) Korm. rendelet 5. \u00a7 c) pontja alapj\u00e1n)<\/strong><\/li>\n<\/ul>\n<h4><strong>\ud83d\udce6 K\u00e9zbes\u00edt\u00e9s ut\u00e1ni teend<\/strong><strong>\u0151<\/strong><strong>k<\/strong><\/h4>\n<p><strong>A k\u00e9zbes\u00edt\u00e9st k\u00f6vet<\/strong><strong>\u0151<\/strong><strong>en a csomagot azonnal bontsuk ki, \u00e9s a n\u00f6v\u00e9nyt helyezz\u00fck el megfelel<\/strong><strong>\u0151<\/strong><strong>\u00a0k\u00f6rnyezetben.<br \/>\nFontos: ha a n\u00f6v\u00e9ny nem r\u00e9szes\u00fcl megfelel<\/strong><strong>\u0151<\/strong><strong>\u00a0gondoz\u00e1sban \u00e9s ennek k\u00f6vetkezt\u00e9ben k\u00e1rosodik vagy elpusztul, felel<\/strong><strong>\u0151<\/strong><strong>ss\u00e9get nem tudunk v\u00e1llalni.<\/strong><\/p>","protected":false},"excerpt":{"rendered":"<p>L\u00e1tv\u00e1nyos, s\u00f6t\u00e9tbord\u00f3 lombsz\u00edn\u0171 juharfa, mely eg\u00e9sz szezonban d\u00edsz\u00edti a kertet. Er\u0151teljes n\u00f6veked\u00e9s\u0171, v\u00e1rost\u0171r\u0151, ide\u00e1lis sorf\u00e1nak \u00e9s parkf\u00e1nak is.<\/p>\n<h4>A n\u00f6v\u00e9ny m\u00e9rete: 200\/250 cm magas, 9,5 literes kont\u00e9nerben kaphat\u00f3\u00a0 4\/6 -os m\u00e9retben<\/h4>\n<h4><span style=\"color: #ff0000;\">M\u00e9ret\u00e9n\u00e9l fogva GLS fut\u00e1rszolg\u00e1lattal a term\u00e9k k\u00fcld\u00e9se nem\u00a0 megoldhat\u00f3!<\/span><\/h4>","protected":false},"featured_media":0,"template":"","meta":{"_et_pb_use_builder":"","_et_pb_old_content":"","_et_gb_content_width":""},"product_brand":[],"product_cat":[28],"product_tag":[204,33,47,205],"class_list":{"0":"post-2164","1":"product","2":"type-product","3":"status-publish","5":"product_cat-diszfak","6":"product_tag-acer-platanoides-crimson-king","7":"product_tag-diszfa","8":"product_tag-juhar","9":"product_tag-verjuhar","11":"first","12":"outofstock","13":"shipping-taxable","14":"purchasable","15":"product-type-simple"},"yoast_head":"<!-- This site is optimized with the Yoast SEO plugin v27.3 - https:\/\/yoast.com\/product\/yoast-seo-wordpress\/ -->\n<title>Acer platanoides &#039;Crimson King&#039; - V\u00e9rjuhar - T\u00e1jkert\u00e9sz<\/title>\n<meta name=\"description\" content=\"Acer platanoides &#039;Crimson King&#039; ,V\u00e9rjuhar 15-20m magas, k\u00fap alak\u00fa koron\u00e1j\u00fa fa, levele v\u00f6r\u00f6s, tavaszt\u00f3l-\u0151szig sz\u00e9p sz\u00ednhat\u00e1st ad.\" \/>\n<meta name=\"robots\" content=\"index, follow, max-snippet:-1, max-image-preview:large, max-video-preview:-1\" \/>\n<link rel=\"canonical\" href=\"https:\/\/tajkertesz.com\/en_US\/product\/acer-platanoides-crimson-king-verjuhar-2\/\" \/>\n<meta property=\"og:locale\" content=\"en_US\" \/>\n<meta property=\"og:type\" content=\"article\" \/>\n<meta property=\"og:title\" content=\"Acer platanoides &#039;Crimson King&#039; - V\u00e9rjuhar - T\u00e1jkert\u00e9sz\" \/>\n<meta property=\"og:description\" content=\"Acer platanoides &#039;Crimson King&#039; ,V\u00e9rjuhar 15-20m magas, k\u00fap alak\u00fa koron\u00e1j\u00fa fa, levele v\u00f6r\u00f6s, tavaszt\u00f3l-\u0151szig sz\u00e9p sz\u00ednhat\u00e1st ad.\" \/>\n<meta property=\"og:url\" content=\"https:\/\/tajkertesz.com\/en_US\/product\/acer-platanoides-crimson-king-verjuhar-2\/\" \/>\n<meta property=\"og:site_name\" content=\"T\u00e1jkert\u00e9sz\" \/>\n<meta property=\"article:publisher\" content=\"https:\/\/www.facebook.com\/Tajkertesz\/\" \/>\n<meta property=\"article:modified_time\" content=\"2025-09-22T13:06:02+00:00\" \/>\n<meta property=\"og:image\" content=\"https:\/\/tajkertesz.com\/wp-content\/uploads\/2020\/02\/Acer-platanoides-krimson-king.jpg\" \/>\n\t<meta property=\"og:image:width\" content=\"266\" \/>\n\t<meta property=\"og:image:height\" content=\"190\" \/>\n\t<meta property=\"og:image:type\" content=\"image\/jpeg\" \/>\n<meta name=\"twitter:card\" content=\"summary_large_image\" \/>\n<meta name=\"twitter:label1\" content=\"Est. reading time\" \/>\n\t<meta name=\"twitter:data1\" content=\"3 minutes\" \/>\n<script type=\"application\/ld+json\" class=\"yoast-schema-graph\">{\"@context\":\"https:\\\/\\\/schema.org\",\"@graph\":[{\"@type\":\"WebPage\",\"@id\":\"https:\\\/\\\/tajkertesz.com\\\/termek\\\/acer-platanoides-crimson-king-verjuhar-2\\\/\",\"url\":\"https:\\\/\\\/tajkertesz.com\\\/termek\\\/acer-platanoides-crimson-king-verjuhar-2\\\/\",\"name\":\"Acer platanoides 'Crimson King' - V\u00e9rjuhar - T\u00e1jkert\u00e9sz\",\"isPartOf\":{\"@id\":\"https:\\\/\\\/tajkertesz.com\\\/#website\"},\"datePublished\":\"2020-09-25T12:36:59+00:00\",\"dateModified\":\"2025-09-22T13:06:02+00:00\",\"description\":\"Acer platanoides 'Crimson King' ,V\u00e9rjuhar 15-20m magas, k\u00fap alak\u00fa koron\u00e1j\u00fa fa, levele v\u00f6r\u00f6s, tavaszt\u00f3l-\u0151szig sz\u00e9p sz\u00ednhat\u00e1st ad.\",\"breadcrumb\":{\"@id\":\"https:\\\/\\\/tajkertesz.com\\\/termek\\\/acer-platanoides-crimson-king-verjuhar-2\\\/#breadcrumb\"},\"inLanguage\":\"en-US\",\"potentialAction\":[{\"@type\":\"ReadAction\",\"target\":[\"https:\\\/\\\/tajkertesz.com\\\/termek\\\/acer-platanoides-crimson-king-verjuhar-2\\\/\"]}]},{\"@type\":\"BreadcrumbList\",\"@id\":\"https:\\\/\\\/tajkertesz.com\\\/termek\\\/acer-platanoides-crimson-king-verjuhar-2\\\/#breadcrumb\",\"itemListElement\":[{\"@type\":\"ListItem\",\"position\":1,\"name\":\"Home\",\"item\":\"https:\\\/\\\/tajkertesz.com\\\/\"},{\"@type\":\"ListItem\",\"position\":2,\"name\":\"Kezd\u0151lap\",\"item\":\"https:\\\/\\\/tajkertesz.com\\\/\"},{\"@type\":\"ListItem\",\"position\":3,\"name\":\"Acer platanoides &#8216;Crimson King&#8217; &#8211; V\u00e9rjuhar\"}]},{\"@type\":\"WebSite\",\"@id\":\"https:\\\/\\\/tajkertesz.com\\\/#website\",\"url\":\"https:\\\/\\\/tajkertesz.com\\\/\",\"name\":\"T\u00e1j-Kert\u00e9sz 84 Kft.\",\"description\":\"Kert\u00e9szeti kis- \u00e9s nagykeresked\u00e9s, D\u00edszn\u00f6v\u00e9ny web\u00e1ruh\u00e1z orsz\u00e1gos h\u00e1zhozsz\u00e1ll\u00edt\u00e1ssal!\",\"publisher\":{\"@id\":\"https:\\\/\\\/tajkertesz.com\\\/#organization\"},\"potentialAction\":[{\"@type\":\"SearchAction\",\"target\":{\"@type\":\"EntryPoint\",\"urlTemplate\":\"https:\\\/\\\/tajkertesz.com\\\/?s={search_term_string}\"},\"query-input\":{\"@type\":\"PropertyValueSpecification\",\"valueRequired\":true,\"valueName\":\"search_term_string\"}}],\"inLanguage\":\"en-US\"},{\"@type\":\"Organization\",\"@id\":\"https:\\\/\\\/tajkertesz.com\\\/#organization\",\"name\":\"T\u00e1j-Kert\u00e9sz 84 Kft.\",\"url\":\"https:\\\/\\\/tajkertesz.com\\\/\",\"logo\":{\"@type\":\"ImageObject\",\"inLanguage\":\"en-US\",\"@id\":\"https:\\\/\\\/tajkertesz.com\\\/#\\\/schema\\\/logo\\\/image\\\/\",\"url\":\"https:\\\/\\\/tajkertesz.com\\\/wp-content\\\/uploads\\\/2018\\\/02\\\/logo-2-e1518678052539.png\",\"contentUrl\":\"https:\\\/\\\/tajkertesz.com\\\/wp-content\\\/uploads\\\/2018\\\/02\\\/logo-2-e1518678052539.png\",\"width\":81,\"height\":140,\"caption\":\"T\u00e1j-Kert\u00e9sz 84 Kft.\"},\"image\":{\"@id\":\"https:\\\/\\\/tajkertesz.com\\\/#\\\/schema\\\/logo\\\/image\\\/\"},\"sameAs\":[\"https:\\\/\\\/www.facebook.com\\\/Tajkertesz\\\/\"]}]}<\/script>\n<!-- \/ Yoast SEO plugin. -->","yoast_head_json":{"title":"Acer platanoides 'Crimson King' - V\u00e9rjuhar - T\u00e1jkert\u00e9sz","description":"Acer platanoides 'Crimson King' ,V\u00e9rjuhar 15-20m magas, k\u00fap alak\u00fa koron\u00e1j\u00fa fa, levele v\u00f6r\u00f6s, tavaszt\u00f3l-\u0151szig sz\u00e9p sz\u00ednhat\u00e1st ad.","robots":{"index":"index","follow":"follow","max-snippet":"max-snippet:-1","max-image-preview":"max-image-preview:large","max-video-preview":"max-video-preview:-1"},"canonical":"https:\/\/tajkertesz.com\/en_US\/product\/acer-platanoides-crimson-king-verjuhar-2\/","og_locale":"en_US","og_type":"article","og_title":"Acer platanoides 'Crimson King' - V\u00e9rjuhar - T\u00e1jkert\u00e9sz","og_description":"Acer platanoides 'Crimson King' ,V\u00e9rjuhar 15-20m magas, k\u00fap alak\u00fa koron\u00e1j\u00fa fa, levele v\u00f6r\u00f6s, tavaszt\u00f3l-\u0151szig sz\u00e9p sz\u00ednhat\u00e1st ad.","og_url":"https:\/\/tajkertesz.com\/en_US\/product\/acer-platanoides-crimson-king-verjuhar-2\/","og_site_name":"T\u00e1jkert\u00e9sz","article_publisher":"https:\/\/www.facebook.com\/Tajkertesz\/","article_modified_time":"2025-09-22T13:06:02+00:00","og_image":[{"width":266,"height":190,"url":"https:\/\/tajkertesz.com\/wp-content\/uploads\/2020\/02\/Acer-platanoides-krimson-king.jpg","type":"image\/jpeg"}],"twitter_card":"summary_large_image","twitter_misc":{"Est. reading time":"3 minutes"},"schema":{"@context":"https:\/\/schema.org","@graph":[{"@type":"WebPage","@id":"https:\/\/tajkertesz.com\/termek\/acer-platanoides-crimson-king-verjuhar-2\/","url":"https:\/\/tajkertesz.com\/termek\/acer-platanoides-crimson-king-verjuhar-2\/","name":"Acer platanoides 'Crimson King' - V\u00e9rjuhar - T\u00e1jkert\u00e9sz","isPartOf":{"@id":"https:\/\/tajkertesz.com\/#website"},"datePublished":"2020-09-25T12:36:59+00:00","dateModified":"2025-09-22T13:06:02+00:00","description":"Acer platanoides 'Crimson King' ,V\u00e9rjuhar 15-20m magas, k\u00fap alak\u00fa koron\u00e1j\u00fa fa, levele v\u00f6r\u00f6s, tavaszt\u00f3l-\u0151szig sz\u00e9p sz\u00ednhat\u00e1st ad.","breadcrumb":{"@id":"https:\/\/tajkertesz.com\/termek\/acer-platanoides-crimson-king-verjuhar-2\/#breadcrumb"},"inLanguage":"en-US","potentialAction":[{"@type":"ReadAction","target":["https:\/\/tajkertesz.com\/termek\/acer-platanoides-crimson-king-verjuhar-2\/"]}]},{"@type":"BreadcrumbList","@id":"https:\/\/tajkertesz.com\/termek\/acer-platanoides-crimson-king-verjuhar-2\/#breadcrumb","itemListElement":[{"@type":"ListItem","position":1,"name":"Home","item":"https:\/\/tajkertesz.com\/"},{"@type":"ListItem","position":2,"name":"Kezd\u0151lap","item":"https:\/\/tajkertesz.com\/"},{"@type":"ListItem","position":3,"name":"Acer platanoides &#8216;Crimson King&#8217; &#8211; V\u00e9rjuhar"}]},{"@type":"WebSite","@id":"https:\/\/tajkertesz.com\/#website","url":"https:\/\/tajkertesz.com\/","name":"T\u00e1j-Kert\u00e9sz 84 Kft.","description":"Kert\u00e9szeti kis- \u00e9s nagykeresked\u00e9s, D\u00edszn\u00f6v\u00e9ny web\u00e1ruh\u00e1z orsz\u00e1gos h\u00e1zhozsz\u00e1ll\u00edt\u00e1ssal!","publisher":{"@id":"https:\/\/tajkertesz.com\/#organization"},"potentialAction":[{"@type":"SearchAction","target":{"@type":"EntryPoint","urlTemplate":"https:\/\/tajkertesz.com\/?s={search_term_string}"},"query-input":{"@type":"PropertyValueSpecification","valueRequired":true,"valueName":"search_term_string"}}],"inLanguage":"en-US"},{"@type":"Organization","@id":"https:\/\/tajkertesz.com\/#organization","name":"T\u00e1j-Kert\u00e9sz 84 Kft.","url":"https:\/\/tajkertesz.com\/","logo":{"@type":"ImageObject","inLanguage":"en-US","@id":"https:\/\/tajkertesz.com\/#\/schema\/logo\/image\/","url":"https:\/\/tajkertesz.com\/wp-content\/uploads\/2018\/02\/logo-2-e1518678052539.png","contentUrl":"https:\/\/tajkertesz.com\/wp-content\/uploads\/2018\/02\/logo-2-e1518678052539.png","width":81,"height":140,"caption":"T\u00e1j-Kert\u00e9sz 84 Kft."},"image":{"@id":"https:\/\/tajkertesz.com\/#\/schema\/logo\/image\/"},"sameAs":["https:\/\/www.facebook.com\/Tajkertesz\/"]}]}},"_links":{"self":[{"href":"https:\/\/tajkertesz.com\/en_US\/wp-json\/wp\/v2\/product\/2164","targetHints":{"allow":["GET"]}}],"collection":[{"href":"https:\/\/tajkertesz.com\/en_US\/wp-json\/wp\/v2\/product"}],"about":[{"href":"https:\/\/tajkertesz.com\/en_US\/wp-json\/wp\/v2\/types\/product"}],"wp:attachment":[{"href":"https:\/\/tajkertesz.com\/en_US\/wp-json\/wp\/v2\/media?parent=2164"}],"wp:term":[{"taxonomy":"product_brand","embeddable":true,"href":"https:\/\/tajkertesz.com\/en_US\/wp-json\/wp\/v2\/product_brand?post=2164"},{"taxonomy":"product_cat","embeddable":true,"href":"https:\/\/tajkertesz.com\/en_US\/wp-json\/wp\/v2\/product_cat?post=2164"},{"taxonomy":"product_tag","embeddable":true,"href":"https:\/\/tajkertesz.com\/en_US\/wp-json\/wp\/v2\/product_tag?post=2164"}],"curies":[{"name":"wp","href":"https:\/\/api.w.org\/{rel}","templated":true}]}}