{"id":21674,"date":"2024-11-13T07:24:38","date_gmt":"2024-11-13T07:24:38","guid":{"rendered":"https:\/\/tajkertesz.com\/?post_type=product&#038;p=21674"},"modified":"2026-02-24T13:18:24","modified_gmt":"2026-02-24T13:18:24","slug":"ilex-mutsagara-nellie-r-stevens-torzses-magyal-2","status":"publish","type":"product","link":"https:\/\/tajkertesz.com\/en_US\/product\/ilex-mutsagara-nellie-r-stevens-torzses-magyal-2\/","title":{"rendered":"Ilex mutsagara &#8216;Nellie R. Stevens&#8217; &#8211; T\u00f6rzses magyal"},"content":{"rendered":"<h1>Ilex mutsagara &#8216;Nellie R. Stevens&#8217; &#8211; T\u00f6rzses magyal<\/h1>\n<p>Az Ilex mutsagara &#8216;Nellie R. Stevens&#8217; &#8211; T\u00f6rzses magyal egy n\u00e9pszer\u0171 \u00f6r\u00f6kz\u00f6ld d\u00edszcserje, amelyet gyakran \u00fcltetnek kertekbe \u00e9s parkokba. Ez a n\u00f6v\u00e9ny k\u00fcl\u00f6n\u00f6sen kedvelt a s\u00f6t\u00e9tz\u00f6ld, f\u00e9nyes levelei \u00e9s a piros bogy\u00f3i miatt, amelyek az \u0151szi \u00e9s t\u00e9li h\u00f3napokban d\u00edsz\u00edtik a kertet.<\/p>\n<h2>Ilex mutsagara &#8216;Nellie R. Stevens&#8217; jellemz\u0151i<\/h2>\n<p>Gyorsan n\u00f6v\u0151 n\u00f6v\u00e9ny, amely ak\u00e1r 5-6 m\u00e9teres magass\u00e1got is el\u00e9rhet. Form\u00e1ja sz\u00e9lesen k\u00fapos vagy ov\u00e1lis, \u00e9s s\u0171r\u0171 \u00e1grendszerrel rendelkezik. A levelek ov\u00e1lis-toj\u00e1sdad alak\u00faak, enyh\u00e9n fogazott sz\u00e9l\u0171ek, \u00e9s b\u0151rszer\u0171ek, ami k\u00fcl\u00f6nleges text\u00far\u00e1t ad a n\u00f6v\u00e9nynek.<\/p>\n<p>A magyal vir\u00e1gai kicsik \u00e9s feh\u00e9rek, \u00e9s tavasszal, \u00e1ltal\u00e1ban m\u00e1jusban ny\u00edlnak. B\u00e1r a vir\u00e1gok nem t\u00fal felt\u0171n\u0151ek, a k\u00e9s\u0151bb megjelen\u0151 piros bogy\u00f3k nagyon dekorat\u00edvak. Ezek a bogy\u00f3k \u0151sszel \u00e9rnek be, \u00e9s eg\u00e9sz t\u00e9len a n\u00f6v\u00e9nyen maradnak, vonzva a madarakat \u00e9s m\u00e1s vadon \u00e9l\u0151 \u00e1llatokat.<\/p>\n<h3>T\u00f6rzses magyal gondoz\u00e1sa<\/h3>\n<p>Az Ilex mutsagara &#8216;Nellie R. Stevens&#8217; viszonylag ig\u00e9nytelen n\u00f6v\u00e9ny, amely j\u00f3l t\u0171ri a v\u00e1rosi k\u00f6rnyezetet \u00e9s a szennyezett leveg\u0151t. F\u00e9nyig\u00e9nye k\u00f6zepes, napos vagy f\u00e9l\u00e1rny\u00e9kos helyet kedvel. V\u00edzig\u00e9nye k\u00f6zepes, de a j\u00f3 v\u00edzelvezet\u00e9s\u0171 talajt r\u00e9szes\u00edti el\u0151nyben. A n\u00f6v\u00e9ny fagyt\u0171r\u0151, \u00edgy a hidegebb \u00e9ghajlatokon is j\u00f3l \u00e9rzi mag\u00e1t.<\/p>\n<p>A magyal egyszer\u0171en gondozhat\u00f3 n\u00f6v\u00e9ny. Metsz\u00e9ssel form\u00e1zhat\u00f3, \u00e9s s\u0171r\u0171bb\u00e9 tehet\u0151, ami k\u00fcl\u00f6n\u00f6sen fontos, ha s\u00f6v\u00e9nyk\u00e9nt szeretn\u00e9nk haszn\u00e1lni. Az \u00e9ves t\u00e1panyag-ut\u00e1np\u00f3tl\u00e1s seg\u00edt meg\u0151rizni a n\u00f6v\u00e9ny eg\u00e9szs\u00e9g\u00e9t \u00e9s sz\u00e9ps\u00e9g\u00e9t. A p\u00e1raig\u00e9nyes n\u00f6v\u00e9nyek k\u00f6z\u00e9 tartozik, \u00edgy \u00f6nt\u00f6z\u00e9ssel biztos\u00edthatjuk sz\u00e1m\u00e1ra a megfelel\u0151 p\u00e1ratartalmat.<\/p>\n<p>A t\u00f6rzses magyal eg\u00e9sz \u00e9vben sz\u00e9p l\u00e1tv\u00e1nyt ny\u00fajt. Tavasszal a feh\u00e9r vir\u00e1gok, ny\u00e1ron a s\u00f6t\u00e9tz\u00f6ld levelek, \u0151sszel \u00e9s t\u00e9len pedig a piros bogy\u00f3k d\u00edsz\u00edtik a kertet. A n\u00f6v\u00e9ny levelei \u00e9s bogy\u00f3i k\u00fcl\u00f6n\u00f6sen j\u00f3l mutatnak a kar\u00e1csonyi dekor\u00e1ci\u00f3kban is.<\/p>\n<h4>Felhaszn\u00e1l\u00e1sa<\/h4>\n<p>Ez a n\u00f6v\u00e9ny ide\u00e1lis v\u00e1laszt\u00e1s s\u00f6v\u00e9nynek, szoliternek vagy csoportosan \u00fcltetve is. K\u00fcl\u00f6n\u00f6sen j\u00f3l mutat a bej\u00e1ratok mellett vagy a kert k\u00f6zponti r\u00e9sz\u00e9n, ahol teljes sz\u00e9ps\u00e9g\u00e9ben \u00e9rv\u00e9nyes\u00fclhet.<\/p>\n<p>\u00d6sszess\u00e9g\u00e9ben a Ilex mutchagara \u2018Nellie R. Stevens\u2019 egy sokoldal\u00fa \u00e9s gy\u00f6ny\u00f6r\u0171 n\u00f6v\u00e9ny, amely b\u00e1rmely kert \u00e9ke lehet.<\/p>\n<p>Jelenlegi term\u00e9k\u00fcnk\u00a0 80 cm magas 5 literes kont\u00e9nerben<\/p>\n<p style=\"line-height: 18.0pt; background: white; margin: 0cm 0cm 15.0pt 0cm;\"><b><span style=\"font-family: 'Ubuntu',serif; color: black;\">K\u00e9szlet\u00fcnk napi szinten v\u00e1ltozik, ez\u00e9rt k\u00e9rj\u00fck, \u00e9rdekl\u0151dj\u00f6n szem\u00e9lyesen, telefonon vagy email-en.<br \/>\nA v\u00e1ltoztat\u00e1s jog\u00e1t fenntartjuk!\u00a0<\/span><\/b><\/p>\n<p>Sz\u00e1ll\u00edt\u00e1s 200 cm \u00e9s 40 kg-ig fut\u00e1rszolg\u00e1lattal lehets\u00e9ges, ezen m\u00e9retek felett egyedi sz\u00e1ll\u00edt\u00e1s megbesz\u00e9l\u00e9se sz\u00fcks\u00e9ges.<\/p>\n<p><a href=\"https:\/\/tajkertesz.com\/\">https:\/\/tajkertesz.com\/<\/a><\/p>\n<p><a href=\"https:\/\/www.facebook.com\/tajkertesz\">https:\/\/www.facebook.com\/tajkertesz<\/a><\/p>\n<p><span style=\"color: #ffffff;\"><strong>\u00a0<\/strong><\/span><\/p>\n<p>A logisztikai c\u00e9ggel t\u00f6rt\u00e9n\u0151 sz\u00e1ll\u00edt\u00e1s eset\u00e9n a partnereink\u00a0esetleges a\u00a0cs\u00fasz\u00e1sai\u00e9rt nem v\u00e1llalunk felel\u0151ss\u00e9get!<\/p>\n<p><strong>Az \u00e1rak egy darab term\u00e9kre vonatkoznak.<\/strong><\/p>\n<p>&nbsp;<\/p>","protected":false},"excerpt":{"rendered":"<p>T\u00f6rzsre oltott \u00f6r\u00f6kz\u00f6ld magyal<\/p>\n<p>4-8 m magasra n\u0151v\u0151 \u00f6r\u00f6kz\u00f6ld cserje. \u0150sszel \u00e9r\u0151 term\u00e9se piros. S\u00f6t\u00e9tz\u00f6ld levelei kev\u00e9sb\u00e9 sz\u00far\u00f3sak. Napos, vagy f\u00e9l\u00e1rny\u00e9kos helyen \u00e9rzi j\u00f3l mag\u00e1t. Ny\u00edrhat\u00f3 forman\u00f6v\u00e9nynek vagy s\u00f6v\u00e9nynek is.<\/p>\n<p>Kb. 60 cm -es t\u00f6rzsre oltva<\/p>\n<p>Korona \u00e1tm\u00e9r\u0151je kb.20\/30cm<\/p>\n<p>Kont\u00e9ner m\u00e9rete: 7L<\/p>","protected":false},"featured_media":21675,"template":"","meta":{"_et_pb_use_builder":"","_et_pb_old_content":"","_et_gb_content_width":""},"product_brand":[],"product_cat":[26],"product_tag":[803,5456,4371,24],"class_list":{"0":"post-21674","1":"product","2":"type-product","3":"status-publish","4":"has-post-thumbnail","6":"product_cat-orokzold-novenyek","7":"product_tag-ilex","8":"product_tag-ilex-mutsagara-nellie-r-stevens-torzses-magyal","9":"product_tag-magyal","10":"product_tag-orokzold","12":"first","13":"instock","14":"shipping-taxable","15":"purchasable","16":"product-type-simple"},"yoast_head":"<!-- This site is optimized with the Yoast SEO plugin v27.3 - https:\/\/yoast.com\/product\/yoast-seo-wordpress\/ -->\n<title>Ilex mutsagara &#039;Nellie R. Stevens&#039; - T\u00f6rzses magyal - T\u00e1jkert\u00e9sz<\/title>\n<meta name=\"description\" content=\"Ilex mutsagara &#039;Nellie R. Stevens&#039; - T\u00f6rzses magyal dekorat\u00edv \u00f6r\u00f6kz\u00f6ld d\u00edszn\u00f6v\u00e9ny mely fantasztikusan d\u00edsz\u00edt a t\u00e9li id\u0151szakban is\" \/>\n<meta name=\"robots\" content=\"index, follow, max-snippet:-1, max-image-preview:large, max-video-preview:-1\" \/>\n<link rel=\"canonical\" href=\"https:\/\/tajkertesz.com\/en_US\/product\/ilex-mutsagara-nellie-r-stevens-torzses-magyal-2\/\" \/>\n<meta property=\"og:locale\" content=\"en_US\" \/>\n<meta property=\"og:type\" content=\"article\" \/>\n<meta property=\"og:title\" content=\"Ilex mutsagara &#039;Nellie R. Stevens&#039; - T\u00f6rzses magyal - T\u00e1jkert\u00e9sz\" \/>\n<meta property=\"og:description\" content=\"Ilex mutsagara &#039;Nellie R. Stevens&#039; - T\u00f6rzses magyal dekorat\u00edv \u00f6r\u00f6kz\u00f6ld d\u00edszn\u00f6v\u00e9ny mely fantasztikusan d\u00edsz\u00edt a t\u00e9li id\u0151szakban is\" \/>\n<meta property=\"og:url\" content=\"https:\/\/tajkertesz.com\/en_US\/product\/ilex-mutsagara-nellie-r-stevens-torzses-magyal-2\/\" \/>\n<meta property=\"og:site_name\" content=\"T\u00e1jkert\u00e9sz\" \/>\n<meta property=\"article:publisher\" content=\"https:\/\/www.facebook.com\/Tajkertesz\/\" \/>\n<meta property=\"article:modified_time\" content=\"2026-02-24T13:18:24+00:00\" \/>\n<meta property=\"og:image\" content=\"https:\/\/tajkertesz.com\/wp-content\/uploads\/2024\/11\/20241113_075100-1-scaled-e1731483326997.jpg\" \/>\n\t<meta property=\"og:image:width\" content=\"1152\" \/>\n\t<meta property=\"og:image:height\" content=\"2043\" \/>\n\t<meta property=\"og:image:type\" content=\"image\/jpeg\" \/>\n<meta name=\"twitter:card\" content=\"summary_large_image\" \/>\n<meta name=\"twitter:label1\" content=\"Est. reading time\" \/>\n\t<meta name=\"twitter:data1\" content=\"3 minutes\" \/>\n<script type=\"application\/ld+json\" class=\"yoast-schema-graph\">{\"@context\":\"https:\\\/\\\/schema.org\",\"@graph\":[{\"@type\":\"WebPage\",\"@id\":\"https:\\\/\\\/tajkertesz.com\\\/termek\\\/ilex-mutsagara-nellie-r-stevens-torzses-magyal-2\\\/\",\"url\":\"https:\\\/\\\/tajkertesz.com\\\/termek\\\/ilex-mutsagara-nellie-r-stevens-torzses-magyal-2\\\/\",\"name\":\"Ilex mutsagara 'Nellie R. Stevens' - T\u00f6rzses magyal - T\u00e1jkert\u00e9sz\",\"isPartOf\":{\"@id\":\"https:\\\/\\\/tajkertesz.com\\\/#website\"},\"primaryImageOfPage\":{\"@id\":\"https:\\\/\\\/tajkertesz.com\\\/termek\\\/ilex-mutsagara-nellie-r-stevens-torzses-magyal-2\\\/#primaryimage\"},\"image\":{\"@id\":\"https:\\\/\\\/tajkertesz.com\\\/termek\\\/ilex-mutsagara-nellie-r-stevens-torzses-magyal-2\\\/#primaryimage\"},\"thumbnailUrl\":\"https:\\\/\\\/tajkertesz.com\\\/wp-content\\\/uploads\\\/2024\\\/11\\\/20241113_075100-1-scaled-e1731483326997.jpg\",\"datePublished\":\"2024-11-13T07:24:38+00:00\",\"dateModified\":\"2026-02-24T13:18:24+00:00\",\"description\":\"Ilex mutsagara 'Nellie R. Stevens' - T\u00f6rzses magyal dekorat\u00edv \u00f6r\u00f6kz\u00f6ld d\u00edszn\u00f6v\u00e9ny mely fantasztikusan d\u00edsz\u00edt a t\u00e9li id\u0151szakban is\",\"breadcrumb\":{\"@id\":\"https:\\\/\\\/tajkertesz.com\\\/termek\\\/ilex-mutsagara-nellie-r-stevens-torzses-magyal-2\\\/#breadcrumb\"},\"inLanguage\":\"en-US\",\"potentialAction\":[{\"@type\":\"ReadAction\",\"target\":[\"https:\\\/\\\/tajkertesz.com\\\/termek\\\/ilex-mutsagara-nellie-r-stevens-torzses-magyal-2\\\/\"]}]},{\"@type\":\"ImageObject\",\"inLanguage\":\"en-US\",\"@id\":\"https:\\\/\\\/tajkertesz.com\\\/termek\\\/ilex-mutsagara-nellie-r-stevens-torzses-magyal-2\\\/#primaryimage\",\"url\":\"https:\\\/\\\/tajkertesz.com\\\/wp-content\\\/uploads\\\/2024\\\/11\\\/20241113_075100-1-scaled-e1731483326997.jpg\",\"contentUrl\":\"https:\\\/\\\/tajkertesz.com\\\/wp-content\\\/uploads\\\/2024\\\/11\\\/20241113_075100-1-scaled-e1731483326997.jpg\",\"width\":1152,\"height\":2043,\"caption\":\"Ilex mutsagara 'Nellie R. Stevens' - T\u00f6rzses magyal\"},{\"@type\":\"BreadcrumbList\",\"@id\":\"https:\\\/\\\/tajkertesz.com\\\/termek\\\/ilex-mutsagara-nellie-r-stevens-torzses-magyal-2\\\/#breadcrumb\",\"itemListElement\":[{\"@type\":\"ListItem\",\"position\":1,\"name\":\"Home\",\"item\":\"https:\\\/\\\/tajkertesz.com\\\/\"},{\"@type\":\"ListItem\",\"position\":2,\"name\":\"Kezd\u0151lap\",\"item\":\"https:\\\/\\\/tajkertesz.com\\\/\"},{\"@type\":\"ListItem\",\"position\":3,\"name\":\"Ilex mutsagara &#8216;Nellie R. Stevens&#8217; &#8211; T\u00f6rzses magyal\"}]},{\"@type\":\"WebSite\",\"@id\":\"https:\\\/\\\/tajkertesz.com\\\/#website\",\"url\":\"https:\\\/\\\/tajkertesz.com\\\/\",\"name\":\"T\u00e1j-Kert\u00e9sz 84 Kft.\",\"description\":\"Kert\u00e9szeti kis- \u00e9s nagykeresked\u00e9s, D\u00edszn\u00f6v\u00e9ny web\u00e1ruh\u00e1z orsz\u00e1gos h\u00e1zhozsz\u00e1ll\u00edt\u00e1ssal!\",\"publisher\":{\"@id\":\"https:\\\/\\\/tajkertesz.com\\\/#organization\"},\"potentialAction\":[{\"@type\":\"SearchAction\",\"target\":{\"@type\":\"EntryPoint\",\"urlTemplate\":\"https:\\\/\\\/tajkertesz.com\\\/?s={search_term_string}\"},\"query-input\":{\"@type\":\"PropertyValueSpecification\",\"valueRequired\":true,\"valueName\":\"search_term_string\"}}],\"inLanguage\":\"en-US\"},{\"@type\":\"Organization\",\"@id\":\"https:\\\/\\\/tajkertesz.com\\\/#organization\",\"name\":\"T\u00e1j-Kert\u00e9sz 84 Kft.\",\"url\":\"https:\\\/\\\/tajkertesz.com\\\/\",\"logo\":{\"@type\":\"ImageObject\",\"inLanguage\":\"en-US\",\"@id\":\"https:\\\/\\\/tajkertesz.com\\\/#\\\/schema\\\/logo\\\/image\\\/\",\"url\":\"https:\\\/\\\/tajkertesz.com\\\/wp-content\\\/uploads\\\/2018\\\/02\\\/logo-2-e1518678052539.png\",\"contentUrl\":\"https:\\\/\\\/tajkertesz.com\\\/wp-content\\\/uploads\\\/2018\\\/02\\\/logo-2-e1518678052539.png\",\"width\":81,\"height\":140,\"caption\":\"T\u00e1j-Kert\u00e9sz 84 Kft.\"},\"image\":{\"@id\":\"https:\\\/\\\/tajkertesz.com\\\/#\\\/schema\\\/logo\\\/image\\\/\"},\"sameAs\":[\"https:\\\/\\\/www.facebook.com\\\/Tajkertesz\\\/\"]}]}<\/script>\n<!-- \/ Yoast SEO plugin. -->","yoast_head_json":{"title":"Ilex mutsagara 'Nellie R. Stevens' - T\u00f6rzses magyal - T\u00e1jkert\u00e9sz","description":"Ilex mutsagara 'Nellie R. Stevens' - T\u00f6rzses magyal dekorat\u00edv \u00f6r\u00f6kz\u00f6ld d\u00edszn\u00f6v\u00e9ny mely fantasztikusan d\u00edsz\u00edt a t\u00e9li id\u0151szakban is","robots":{"index":"index","follow":"follow","max-snippet":"max-snippet:-1","max-image-preview":"max-image-preview:large","max-video-preview":"max-video-preview:-1"},"canonical":"https:\/\/tajkertesz.com\/en_US\/product\/ilex-mutsagara-nellie-r-stevens-torzses-magyal-2\/","og_locale":"en_US","og_type":"article","og_title":"Ilex mutsagara 'Nellie R. Stevens' - T\u00f6rzses magyal - T\u00e1jkert\u00e9sz","og_description":"Ilex mutsagara 'Nellie R. Stevens' - T\u00f6rzses magyal dekorat\u00edv \u00f6r\u00f6kz\u00f6ld d\u00edszn\u00f6v\u00e9ny mely fantasztikusan d\u00edsz\u00edt a t\u00e9li id\u0151szakban is","og_url":"https:\/\/tajkertesz.com\/en_US\/product\/ilex-mutsagara-nellie-r-stevens-torzses-magyal-2\/","og_site_name":"T\u00e1jkert\u00e9sz","article_publisher":"https:\/\/www.facebook.com\/Tajkertesz\/","article_modified_time":"2026-02-24T13:18:24+00:00","og_image":[{"width":1152,"height":2043,"url":"https:\/\/tajkertesz.com\/wp-content\/uploads\/2024\/11\/20241113_075100-1-scaled-e1731483326997.jpg","type":"image\/jpeg"}],"twitter_card":"summary_large_image","twitter_misc":{"Est. reading time":"3 minutes"},"schema":{"@context":"https:\/\/schema.org","@graph":[{"@type":"WebPage","@id":"https:\/\/tajkertesz.com\/termek\/ilex-mutsagara-nellie-r-stevens-torzses-magyal-2\/","url":"https:\/\/tajkertesz.com\/termek\/ilex-mutsagara-nellie-r-stevens-torzses-magyal-2\/","name":"Ilex mutsagara 'Nellie R. Stevens' - T\u00f6rzses magyal - T\u00e1jkert\u00e9sz","isPartOf":{"@id":"https:\/\/tajkertesz.com\/#website"},"primaryImageOfPage":{"@id":"https:\/\/tajkertesz.com\/termek\/ilex-mutsagara-nellie-r-stevens-torzses-magyal-2\/#primaryimage"},"image":{"@id":"https:\/\/tajkertesz.com\/termek\/ilex-mutsagara-nellie-r-stevens-torzses-magyal-2\/#primaryimage"},"thumbnailUrl":"https:\/\/tajkertesz.com\/wp-content\/uploads\/2024\/11\/20241113_075100-1-scaled-e1731483326997.jpg","datePublished":"2024-11-13T07:24:38+00:00","dateModified":"2026-02-24T13:18:24+00:00","description":"Ilex mutsagara 'Nellie R. Stevens' - T\u00f6rzses magyal dekorat\u00edv \u00f6r\u00f6kz\u00f6ld d\u00edszn\u00f6v\u00e9ny mely fantasztikusan d\u00edsz\u00edt a t\u00e9li id\u0151szakban is","breadcrumb":{"@id":"https:\/\/tajkertesz.com\/termek\/ilex-mutsagara-nellie-r-stevens-torzses-magyal-2\/#breadcrumb"},"inLanguage":"en-US","potentialAction":[{"@type":"ReadAction","target":["https:\/\/tajkertesz.com\/termek\/ilex-mutsagara-nellie-r-stevens-torzses-magyal-2\/"]}]},{"@type":"ImageObject","inLanguage":"en-US","@id":"https:\/\/tajkertesz.com\/termek\/ilex-mutsagara-nellie-r-stevens-torzses-magyal-2\/#primaryimage","url":"https:\/\/tajkertesz.com\/wp-content\/uploads\/2024\/11\/20241113_075100-1-scaled-e1731483326997.jpg","contentUrl":"https:\/\/tajkertesz.com\/wp-content\/uploads\/2024\/11\/20241113_075100-1-scaled-e1731483326997.jpg","width":1152,"height":2043,"caption":"Ilex mutsagara 'Nellie R. Stevens' - T\u00f6rzses magyal"},{"@type":"BreadcrumbList","@id":"https:\/\/tajkertesz.com\/termek\/ilex-mutsagara-nellie-r-stevens-torzses-magyal-2\/#breadcrumb","itemListElement":[{"@type":"ListItem","position":1,"name":"Home","item":"https:\/\/tajkertesz.com\/"},{"@type":"ListItem","position":2,"name":"Kezd\u0151lap","item":"https:\/\/tajkertesz.com\/"},{"@type":"ListItem","position":3,"name":"Ilex mutsagara &#8216;Nellie R. Stevens&#8217; &#8211; T\u00f6rzses magyal"}]},{"@type":"WebSite","@id":"https:\/\/tajkertesz.com\/#website","url":"https:\/\/tajkertesz.com\/","name":"T\u00e1j-Kert\u00e9sz 84 Kft.","description":"Kert\u00e9szeti kis- \u00e9s nagykeresked\u00e9s, D\u00edszn\u00f6v\u00e9ny web\u00e1ruh\u00e1z orsz\u00e1gos h\u00e1zhozsz\u00e1ll\u00edt\u00e1ssal!","publisher":{"@id":"https:\/\/tajkertesz.com\/#organization"},"potentialAction":[{"@type":"SearchAction","target":{"@type":"EntryPoint","urlTemplate":"https:\/\/tajkertesz.com\/?s={search_term_string}"},"query-input":{"@type":"PropertyValueSpecification","valueRequired":true,"valueName":"search_term_string"}}],"inLanguage":"en-US"},{"@type":"Organization","@id":"https:\/\/tajkertesz.com\/#organization","name":"T\u00e1j-Kert\u00e9sz 84 Kft.","url":"https:\/\/tajkertesz.com\/","logo":{"@type":"ImageObject","inLanguage":"en-US","@id":"https:\/\/tajkertesz.com\/#\/schema\/logo\/image\/","url":"https:\/\/tajkertesz.com\/wp-content\/uploads\/2018\/02\/logo-2-e1518678052539.png","contentUrl":"https:\/\/tajkertesz.com\/wp-content\/uploads\/2018\/02\/logo-2-e1518678052539.png","width":81,"height":140,"caption":"T\u00e1j-Kert\u00e9sz 84 Kft."},"image":{"@id":"https:\/\/tajkertesz.com\/#\/schema\/logo\/image\/"},"sameAs":["https:\/\/www.facebook.com\/Tajkertesz\/"]}]}},"_links":{"self":[{"href":"https:\/\/tajkertesz.com\/en_US\/wp-json\/wp\/v2\/product\/21674","targetHints":{"allow":["GET"]}}],"collection":[{"href":"https:\/\/tajkertesz.com\/en_US\/wp-json\/wp\/v2\/product"}],"about":[{"href":"https:\/\/tajkertesz.com\/en_US\/wp-json\/wp\/v2\/types\/product"}],"wp:featuredmedia":[{"embeddable":true,"href":"https:\/\/tajkertesz.com\/en_US\/wp-json\/wp\/v2\/media\/21675"}],"wp:attachment":[{"href":"https:\/\/tajkertesz.com\/en_US\/wp-json\/wp\/v2\/media?parent=21674"}],"wp:term":[{"taxonomy":"product_brand","embeddable":true,"href":"https:\/\/tajkertesz.com\/en_US\/wp-json\/wp\/v2\/product_brand?post=21674"},{"taxonomy":"product_cat","embeddable":true,"href":"https:\/\/tajkertesz.com\/en_US\/wp-json\/wp\/v2\/product_cat?post=21674"},{"taxonomy":"product_tag","embeddable":true,"href":"https:\/\/tajkertesz.com\/en_US\/wp-json\/wp\/v2\/product_tag?post=21674"}],"curies":[{"name":"wp","href":"https:\/\/api.w.org\/{rel}","templated":true}]}}