{"id":21720,"date":"2024-11-19T10:24:39","date_gmt":"2024-11-19T10:24:39","guid":{"rendered":"https:\/\/tajkertesz.com\/?post_type=product&#038;p=21720"},"modified":"2026-02-12T15:00:12","modified_gmt":"2026-02-12T15:00:12","slug":"utcai-lampas-vilagito-havazo-zenelo-feher","status":"publish","type":"product","link":"https:\/\/tajkertesz.com\/en_US\/product\/utcai-lampas-vilagito-havazo-zenelo-feher\/","title":{"rendered":"Utcai l\u00e1mp\u00e1s vil\u00e1g\u00edt\u00f3, havaz\u00f3, zen\u00e9l\u0151 feh\u00e9r"},"content":{"rendered":"<h3>Utcai l\u00e1mp\u00e1s vil\u00e1g\u00edt\u00f3, havaz\u00f3, zen\u00e9l\u0151 feh\u00e9r<\/h3>\n<p>Utcai l\u00e1mp\u00e1s vil\u00e1g\u00edt\u00f3, havaz\u00f3, zen\u00e9l\u0151 feh\u00e9r<\/p>\n<p>Ez a kar\u00e1csonyi klasszikus vintage st\u00edlus a m\u00falt hangulat\u00e1t \u00f6tv\u00f6zi a j\u00f6v\u0151 LED technol\u00f3gi\u00e1j\u00e1val.<\/p>\n<p>Fedezd fel az \u00faj utcai l\u00e1mp\u00e1s vil\u00e1g\u00edt\u00f3t, ami nemcsak hogy vil\u00e1g\u00edt, de havazik \u00e9s zen\u00e9l is!<\/p>\n<p>Aj\u00e1nljuk azon v\u00e1s\u00e1rl\u00f3inknak, akik egyedi dekor\u00e1ci\u00f3t keresnek kar\u00e1csonyra.<\/p>\n<p>Ez a var\u00e1zslatos elektromos l\u00e1mpa t\u00f6k\u00e9letes dekor\u00e1ci\u00f3ja lehet b\u00e1rmelyik kertnek vagy terasznak<\/p>\n<p>A m\u0171anyagb\u00f3l k\u00e9sz\u00fclt, 184cm magas l\u00e1mpa feh\u00e9r sz\u00edn\u00e9vel igaz\u00e1n figyelemfelkelt\u0151 \u00e9s inspir\u00e1l\u00f3 l\u00e1tv\u00e1nyt ny\u00fajt.<\/p>\n<p>Ez a k\u00fcl\u00f6nleges l\u00e1mpa nemcsak hogy hangulatos vil\u00e1g\u00edt\u00e1st biztos\u00edt, de havaz\u00f3 \u00e9s zen\u00e9l\u0151 funkci\u00f3ja r\u00e9v\u00e9n igazi \u00e9lm\u00e9nny\u00e9 var\u00e1zsolja az esti \u00f3r\u00e1kat.<\/p>\n<p>A v\u00e1ltozatos funkci\u00f3knak k\u00f6sz\u00f6nhet\u0151en mindig \u00faj \u00e9s izgalmas \u00e9lm\u00e9nyt ny\u00fajt, \u00edgy sosem fogsz unatkozni vele.<\/p>\n<p>D\u00edsz\u00edtse fel otthon\u00e1t vagy kertj\u00e9t ezzel a fantasztikus kar\u00e1csonyi kandell\u00e1berrel. R\u00e9szletes kidolgoz\u00e1s\u00fa, \u00e9s tart\u00f3s anyagb\u00f3l k\u00e9sz\u00fclt.<\/p>\n<h4>A kar\u00e1csonyi d\u00edszek sokf\u00e9le c\u00e9lt szolg\u00e1lnak, \u00e9s hozz\u00e1j\u00e1rulnak az \u00fcnnepi hangulathoz. \u00cdme n\u00e9h\u00e1ny p\u00e9lda:<\/h4>\n<p>Hangulat teremt\u00e9se: A f\u00e9nyek, sz\u00ednek \u00e9s k\u00fcl\u00f6nf\u00e9le d\u00edszek seg\u00edtenek megteremteni a kar\u00e1csonyi hangulatot, ami melegs\u00e9get \u00e9s \u00f6r\u00f6m\u00f6t hoz az otthonokba.<\/p>\n<p>Hagyom\u00e1nyok \u00e1pol\u00e1sa: A d\u00edsz\u00edt\u00e9s r\u00e9sze a kar\u00e1csonyi hagyom\u00e1nyoknak, \u00e9s sok csal\u00e1d sz\u00e1m\u00e1ra fontos ritu\u00e1l\u00e9, amely \u00f6sszek\u00f6ti a gener\u00e1ci\u00f3kat.<\/p>\n<p>Kreativit\u00e1s kifejez\u00e9se: A d\u00edsz\u00edt\u00e9s lehet\u0151s\u00e9get ad arra, hogy kifejezd a kreativit\u00e1sodat \u00e9s egyedi st\u00edlusodat.<\/p>\n<p>K\u00f6z\u00f6ss\u00e9gi \u00e9lm\u00e9ny: A k\u00f6z\u00f6s d\u00edsz\u00edt\u00e9s \u00f6sszehozza a csal\u00e1dtagokat \u00e9s bar\u00e1tokat, er\u0151s\u00edtve a k\u00f6z\u00f6ss\u00e9gi k\u00f6tel\u00e9keket.<\/p>\n<p>A Havaz\u00f3 l\u00e1mp\u00e1s m\u00e9rete miatt lehet\u0151s\u00e9gek t\u00e1rh\u00e1z\u00e1t adja a kezedbe a kar\u00e1csonyi lakberendez\u00e9s v\u00e1ltozatos \u00e9s kompromisszumok n\u00e9lk\u00fcli kialak\u00edt\u00e1s\u00e1hoz.<\/p>\n<ul>\n<li>Nagy m\u00e9ret<\/li>\n<li>IP44 Adapterrel<\/li>\n<li>Havaz\u00f3, zen\u00e9l\u0151 funkci\u00f3<\/li>\n<\/ul>\n<h5>Kar\u00e1csonyi dekor\u00e1ci\u00f3, kar\u00e1csonyi d\u00edsz.<\/h5>\n<p>XL Utcai l\u00e1mp\u00e1s vil\u00e1g\u00edt\u00f3, havaz\u00f3, zen\u00e9l\u0151 220V m\u0171anyag 184cm feh\u00e9r kedvez\u0151 \u00e1ron, biztons\u00e1gos csomagol\u00e1ssal, gyors sz\u00e1ll\u00edt\u00e1ssal.<\/p>\n<p><strong><em>Anyaga<\/em><\/strong>: m\u0171anyag<\/p>\n<p><em><strong>Sz\u00edne:<\/strong><\/em> Feh\u00e9r<\/p>\n<p><strong><em>M\u00e9rete:<\/em><\/strong> 184x35x25cm<\/p>\n<p><em><strong>Sz\u00e1ll\u00edt\u00e1si id\u0151<\/strong><\/em>: 4-5munkanap<\/p>\n<p style=\"line-height: 18.0pt; background: white; margin: 0cm 0cm 15.0pt 0cm;\"><b><span style=\"font-family: 'Ubuntu',sans-serif; color: black;\">K\u00e9szlet\u00fcnk napi szinten v\u00e1ltozik, ez\u00e9rt k\u00e9rj\u00fck, \u00e9rdekl\u0151dj\u00f6n szem\u00e9lyesen, telefonon vagy email-en.<br \/>\nA v\u00e1ltoztat\u00e1s jog\u00e1t fenntartjuk!\u00a0<\/span><\/b><\/p>\n<p><a href=\"https:\/\/tajkertesz.com\/\">https:\/\/tajkertesz.com\/<\/a><\/p>\n<p><a href=\"https:\/\/www.facebook.com\/tajkertesz\/\">https:\/\/www.facebook.com\/tajkertesz\/<\/a><\/p>\n<p>Kisz\u00e1ll\u00edt\u00e1s: 200cm-ig \u00e9s 40 kg-ig a sz\u00e1ll\u00edt\u00e1s fut\u00e1rszolg\u00e1lattal t\u00f6rt\u00e9nik.<\/p>\n<p>Szem\u00e9lyes \u00e1tv\u00e9tel nyitvatart\u00e1si id\u0151ben a 17. ker\u00fclet Bakancsos utca 7. sz\u00e1m alatti Kert\u00e9szeti \u00e1rud\u00e1nkban.<\/p>\n<p>Kert\u00e9p\u00edt\u0151k \u00e9s viszontelad\u00f3k regisztr\u00e1l\u00e1s ut\u00e1n egyedi kedvezm\u00e9nnyel v\u00e1s\u00e1rolhatnak kert\u00e9szeti kis-\u00e9s nagykeresked\u00e9s\u00fcnkben.<\/p>\n<p>&nbsp;<\/p>","protected":false},"excerpt":{"rendered":"<p>D\u00edsz\u00edtse fel otthon\u00e1t vagy kertj\u00e9t ezzel a fantasztikus kar\u00e1csonyi kandell\u00e1berrel. R\u00e9szletes kidolgoz\u00e1s\u00fa, \u00e9s tart\u00f3s anyagb\u00f3l k\u00e9sz\u00fclt.<\/p>","protected":false},"featured_media":21724,"template":"","meta":{"_et_pb_use_builder":"","_et_pb_old_content":"","_et_gb_content_width":""},"product_brand":[],"product_cat":[4034],"product_tag":[4475,4481,5459,1116],"class_list":{"0":"post-21720","1":"product","2":"type-product","3":"status-publish","4":"has-post-thumbnail","6":"product_cat-karacsonyi-diszek-dekorok","7":"product_tag-dekor","8":"product_tag-disz","9":"product_tag-kandellaber","10":"product_tag-karacsony","12":"first","13":"outofstock","14":"shipping-taxable","15":"purchasable","16":"product-type-simple"},"yoast_head":"<!-- This site is optimized with the Yoast SEO plugin v27.4 - https:\/\/yoast.com\/product\/yoast-seo-wordpress\/ -->\n<title>Utcai l\u00e1mp\u00e1s vil\u00e1g\u00edt\u00f3, havaz\u00f3, zen\u00e9l\u0151 feh\u00e9r - T\u00e1jkert\u00e9sz<\/title>\n<meta name=\"description\" content=\"Utcai l\u00e1mp\u00e1s vil\u00e1g\u00edt\u00f3, havaz\u00f3, zen\u00e9l\u0151 feh\u00e9r 184cm, kar\u00e1csonyi LED figur\u00e1val. Kar\u00e1csonyi dekor\u00e1ci\u00f3k, d\u00edszek, kell\u00e9kek. Ez a var\u00e1zslatos elektromos l\u00e1mpa\" \/>\n<meta name=\"robots\" content=\"index, follow, max-snippet:-1, max-image-preview:large, max-video-preview:-1\" \/>\n<link rel=\"canonical\" href=\"https:\/\/tajkertesz.com\/en_US\/product\/utcai-lampas-vilagito-havazo-zenelo-feher\/\" \/>\n<meta property=\"og:locale\" content=\"en_US\" \/>\n<meta property=\"og:type\" content=\"article\" \/>\n<meta property=\"og:title\" content=\"Utcai l\u00e1mp\u00e1s vil\u00e1g\u00edt\u00f3, havaz\u00f3, zen\u00e9l\u0151 feh\u00e9r - T\u00e1jkert\u00e9sz\" \/>\n<meta property=\"og:description\" content=\"Utcai l\u00e1mp\u00e1s vil\u00e1g\u00edt\u00f3, havaz\u00f3, zen\u00e9l\u0151 feh\u00e9r 184cm, kar\u00e1csonyi LED figur\u00e1val. Kar\u00e1csonyi dekor\u00e1ci\u00f3k, d\u00edszek, kell\u00e9kek. Ez a var\u00e1zslatos elektromos l\u00e1mpa\" \/>\n<meta property=\"og:url\" content=\"https:\/\/tajkertesz.com\/en_US\/product\/utcai-lampas-vilagito-havazo-zenelo-feher\/\" \/>\n<meta property=\"og:site_name\" content=\"T\u00e1jkert\u00e9sz\" \/>\n<meta property=\"article:publisher\" content=\"https:\/\/www.facebook.com\/Tajkertesz\/\" \/>\n<meta property=\"article:modified_time\" content=\"2026-02-12T15:00:12+00:00\" \/>\n<meta property=\"og:image\" content=\"https:\/\/tajkertesz.com\/wp-content\/uploads\/2024\/11\/467280051_982305853912489_8349346907727313007_n-1.jpg\" \/>\n\t<meta property=\"og:image:width\" content=\"923\" \/>\n\t<meta property=\"og:image:height\" content=\"2048\" \/>\n\t<meta property=\"og:image:type\" content=\"image\/jpeg\" \/>\n<meta name=\"twitter:card\" content=\"summary_large_image\" \/>\n<meta name=\"twitter:label1\" content=\"Est. reading time\" \/>\n\t<meta name=\"twitter:data1\" content=\"2 minutes\" \/>\n<script type=\"application\/ld+json\" class=\"yoast-schema-graph\">{\"@context\":\"https:\\\/\\\/schema.org\",\"@graph\":[{\"@type\":\"WebPage\",\"@id\":\"https:\\\/\\\/tajkertesz.com\\\/termek\\\/utcai-lampas-vilagito-havazo-zenelo-feher\\\/\",\"url\":\"https:\\\/\\\/tajkertesz.com\\\/termek\\\/utcai-lampas-vilagito-havazo-zenelo-feher\\\/\",\"name\":\"Utcai l\u00e1mp\u00e1s vil\u00e1g\u00edt\u00f3, havaz\u00f3, zen\u00e9l\u0151 feh\u00e9r - T\u00e1jkert\u00e9sz\",\"isPartOf\":{\"@id\":\"https:\\\/\\\/tajkertesz.com\\\/#website\"},\"primaryImageOfPage\":{\"@id\":\"https:\\\/\\\/tajkertesz.com\\\/termek\\\/utcai-lampas-vilagito-havazo-zenelo-feher\\\/#primaryimage\"},\"image\":{\"@id\":\"https:\\\/\\\/tajkertesz.com\\\/termek\\\/utcai-lampas-vilagito-havazo-zenelo-feher\\\/#primaryimage\"},\"thumbnailUrl\":\"https:\\\/\\\/tajkertesz.com\\\/wp-content\\\/uploads\\\/2024\\\/11\\\/467280051_982305853912489_8349346907727313007_n-1.jpg\",\"datePublished\":\"2024-11-19T10:24:39+00:00\",\"dateModified\":\"2026-02-12T15:00:12+00:00\",\"description\":\"Utcai l\u00e1mp\u00e1s vil\u00e1g\u00edt\u00f3, havaz\u00f3, zen\u00e9l\u0151 feh\u00e9r 184cm, kar\u00e1csonyi LED figur\u00e1val. Kar\u00e1csonyi dekor\u00e1ci\u00f3k, d\u00edszek, kell\u00e9kek. Ez a var\u00e1zslatos elektromos l\u00e1mpa\",\"breadcrumb\":{\"@id\":\"https:\\\/\\\/tajkertesz.com\\\/termek\\\/utcai-lampas-vilagito-havazo-zenelo-feher\\\/#breadcrumb\"},\"inLanguage\":\"en-US\",\"potentialAction\":[{\"@type\":\"ReadAction\",\"target\":[\"https:\\\/\\\/tajkertesz.com\\\/termek\\\/utcai-lampas-vilagito-havazo-zenelo-feher\\\/\"]}]},{\"@type\":\"ImageObject\",\"inLanguage\":\"en-US\",\"@id\":\"https:\\\/\\\/tajkertesz.com\\\/termek\\\/utcai-lampas-vilagito-havazo-zenelo-feher\\\/#primaryimage\",\"url\":\"https:\\\/\\\/tajkertesz.com\\\/wp-content\\\/uploads\\\/2024\\\/11\\\/467280051_982305853912489_8349346907727313007_n-1.jpg\",\"contentUrl\":\"https:\\\/\\\/tajkertesz.com\\\/wp-content\\\/uploads\\\/2024\\\/11\\\/467280051_982305853912489_8349346907727313007_n-1.jpg\",\"width\":923,\"height\":2048,\"caption\":\"Utcai l\u00e1mp\u00e1s vil\u00e1g\u00edt\u00f3, havaz\u00f3, zen\u00e9l\u0151 feh\u00e9r\"},{\"@type\":\"BreadcrumbList\",\"@id\":\"https:\\\/\\\/tajkertesz.com\\\/termek\\\/utcai-lampas-vilagito-havazo-zenelo-feher\\\/#breadcrumb\",\"itemListElement\":[{\"@type\":\"ListItem\",\"position\":1,\"name\":\"Home\",\"item\":\"https:\\\/\\\/tajkertesz.com\\\/\"},{\"@type\":\"ListItem\",\"position\":2,\"name\":\"Kezd\u0151lap\",\"item\":\"https:\\\/\\\/tajkertesz.com\\\/\"},{\"@type\":\"ListItem\",\"position\":3,\"name\":\"Utcai l\u00e1mp\u00e1s vil\u00e1g\u00edt\u00f3, havaz\u00f3, zen\u00e9l\u0151 feh\u00e9r\"}]},{\"@type\":\"WebSite\",\"@id\":\"https:\\\/\\\/tajkertesz.com\\\/#website\",\"url\":\"https:\\\/\\\/tajkertesz.com\\\/\",\"name\":\"T\u00e1j-Kert\u00e9sz 84 Kft.\",\"description\":\"Kert\u00e9szeti kis- \u00e9s nagykeresked\u00e9s, D\u00edszn\u00f6v\u00e9ny web\u00e1ruh\u00e1z orsz\u00e1gos h\u00e1zhozsz\u00e1ll\u00edt\u00e1ssal!\",\"publisher\":{\"@id\":\"https:\\\/\\\/tajkertesz.com\\\/#organization\"},\"potentialAction\":[{\"@type\":\"SearchAction\",\"target\":{\"@type\":\"EntryPoint\",\"urlTemplate\":\"https:\\\/\\\/tajkertesz.com\\\/?s={search_term_string}\"},\"query-input\":{\"@type\":\"PropertyValueSpecification\",\"valueRequired\":true,\"valueName\":\"search_term_string\"}}],\"inLanguage\":\"en-US\"},{\"@type\":\"Organization\",\"@id\":\"https:\\\/\\\/tajkertesz.com\\\/#organization\",\"name\":\"T\u00e1j-Kert\u00e9sz 84 Kft.\",\"url\":\"https:\\\/\\\/tajkertesz.com\\\/\",\"logo\":{\"@type\":\"ImageObject\",\"inLanguage\":\"en-US\",\"@id\":\"https:\\\/\\\/tajkertesz.com\\\/#\\\/schema\\\/logo\\\/image\\\/\",\"url\":\"https:\\\/\\\/tajkertesz.com\\\/wp-content\\\/uploads\\\/2018\\\/02\\\/logo-2-e1518678052539.png\",\"contentUrl\":\"https:\\\/\\\/tajkertesz.com\\\/wp-content\\\/uploads\\\/2018\\\/02\\\/logo-2-e1518678052539.png\",\"width\":81,\"height\":140,\"caption\":\"T\u00e1j-Kert\u00e9sz 84 Kft.\"},\"image\":{\"@id\":\"https:\\\/\\\/tajkertesz.com\\\/#\\\/schema\\\/logo\\\/image\\\/\"},\"sameAs\":[\"https:\\\/\\\/www.facebook.com\\\/Tajkertesz\\\/\"]}]}<\/script>\n<!-- \/ Yoast SEO plugin. -->","yoast_head_json":{"title":"Utcai l\u00e1mp\u00e1s vil\u00e1g\u00edt\u00f3, havaz\u00f3, zen\u00e9l\u0151 feh\u00e9r - T\u00e1jkert\u00e9sz","description":"Utcai l\u00e1mp\u00e1s vil\u00e1g\u00edt\u00f3, havaz\u00f3, zen\u00e9l\u0151 feh\u00e9r 184cm, kar\u00e1csonyi LED figur\u00e1val. Kar\u00e1csonyi dekor\u00e1ci\u00f3k, d\u00edszek, kell\u00e9kek. Ez a var\u00e1zslatos elektromos l\u00e1mpa","robots":{"index":"index","follow":"follow","max-snippet":"max-snippet:-1","max-image-preview":"max-image-preview:large","max-video-preview":"max-video-preview:-1"},"canonical":"https:\/\/tajkertesz.com\/en_US\/product\/utcai-lampas-vilagito-havazo-zenelo-feher\/","og_locale":"en_US","og_type":"article","og_title":"Utcai l\u00e1mp\u00e1s vil\u00e1g\u00edt\u00f3, havaz\u00f3, zen\u00e9l\u0151 feh\u00e9r - T\u00e1jkert\u00e9sz","og_description":"Utcai l\u00e1mp\u00e1s vil\u00e1g\u00edt\u00f3, havaz\u00f3, zen\u00e9l\u0151 feh\u00e9r 184cm, kar\u00e1csonyi LED figur\u00e1val. Kar\u00e1csonyi dekor\u00e1ci\u00f3k, d\u00edszek, kell\u00e9kek. Ez a var\u00e1zslatos elektromos l\u00e1mpa","og_url":"https:\/\/tajkertesz.com\/en_US\/product\/utcai-lampas-vilagito-havazo-zenelo-feher\/","og_site_name":"T\u00e1jkert\u00e9sz","article_publisher":"https:\/\/www.facebook.com\/Tajkertesz\/","article_modified_time":"2026-02-12T15:00:12+00:00","og_image":[{"width":923,"height":2048,"url":"https:\/\/tajkertesz.com\/wp-content\/uploads\/2024\/11\/467280051_982305853912489_8349346907727313007_n-1.jpg","type":"image\/jpeg"}],"twitter_card":"summary_large_image","twitter_misc":{"Est. reading time":"2 minutes"},"schema":{"@context":"https:\/\/schema.org","@graph":[{"@type":"WebPage","@id":"https:\/\/tajkertesz.com\/termek\/utcai-lampas-vilagito-havazo-zenelo-feher\/","url":"https:\/\/tajkertesz.com\/termek\/utcai-lampas-vilagito-havazo-zenelo-feher\/","name":"Utcai l\u00e1mp\u00e1s vil\u00e1g\u00edt\u00f3, havaz\u00f3, zen\u00e9l\u0151 feh\u00e9r - T\u00e1jkert\u00e9sz","isPartOf":{"@id":"https:\/\/tajkertesz.com\/#website"},"primaryImageOfPage":{"@id":"https:\/\/tajkertesz.com\/termek\/utcai-lampas-vilagito-havazo-zenelo-feher\/#primaryimage"},"image":{"@id":"https:\/\/tajkertesz.com\/termek\/utcai-lampas-vilagito-havazo-zenelo-feher\/#primaryimage"},"thumbnailUrl":"https:\/\/tajkertesz.com\/wp-content\/uploads\/2024\/11\/467280051_982305853912489_8349346907727313007_n-1.jpg","datePublished":"2024-11-19T10:24:39+00:00","dateModified":"2026-02-12T15:00:12+00:00","description":"Utcai l\u00e1mp\u00e1s vil\u00e1g\u00edt\u00f3, havaz\u00f3, zen\u00e9l\u0151 feh\u00e9r 184cm, kar\u00e1csonyi LED figur\u00e1val. Kar\u00e1csonyi dekor\u00e1ci\u00f3k, d\u00edszek, kell\u00e9kek. Ez a var\u00e1zslatos elektromos l\u00e1mpa","breadcrumb":{"@id":"https:\/\/tajkertesz.com\/termek\/utcai-lampas-vilagito-havazo-zenelo-feher\/#breadcrumb"},"inLanguage":"en-US","potentialAction":[{"@type":"ReadAction","target":["https:\/\/tajkertesz.com\/termek\/utcai-lampas-vilagito-havazo-zenelo-feher\/"]}]},{"@type":"ImageObject","inLanguage":"en-US","@id":"https:\/\/tajkertesz.com\/termek\/utcai-lampas-vilagito-havazo-zenelo-feher\/#primaryimage","url":"https:\/\/tajkertesz.com\/wp-content\/uploads\/2024\/11\/467280051_982305853912489_8349346907727313007_n-1.jpg","contentUrl":"https:\/\/tajkertesz.com\/wp-content\/uploads\/2024\/11\/467280051_982305853912489_8349346907727313007_n-1.jpg","width":923,"height":2048,"caption":"Utcai l\u00e1mp\u00e1s vil\u00e1g\u00edt\u00f3, havaz\u00f3, zen\u00e9l\u0151 feh\u00e9r"},{"@type":"BreadcrumbList","@id":"https:\/\/tajkertesz.com\/termek\/utcai-lampas-vilagito-havazo-zenelo-feher\/#breadcrumb","itemListElement":[{"@type":"ListItem","position":1,"name":"Home","item":"https:\/\/tajkertesz.com\/"},{"@type":"ListItem","position":2,"name":"Kezd\u0151lap","item":"https:\/\/tajkertesz.com\/"},{"@type":"ListItem","position":3,"name":"Utcai l\u00e1mp\u00e1s vil\u00e1g\u00edt\u00f3, havaz\u00f3, zen\u00e9l\u0151 feh\u00e9r"}]},{"@type":"WebSite","@id":"https:\/\/tajkertesz.com\/#website","url":"https:\/\/tajkertesz.com\/","name":"T\u00e1j-Kert\u00e9sz 84 Kft.","description":"Kert\u00e9szeti kis- \u00e9s nagykeresked\u00e9s, D\u00edszn\u00f6v\u00e9ny web\u00e1ruh\u00e1z orsz\u00e1gos h\u00e1zhozsz\u00e1ll\u00edt\u00e1ssal!","publisher":{"@id":"https:\/\/tajkertesz.com\/#organization"},"potentialAction":[{"@type":"SearchAction","target":{"@type":"EntryPoint","urlTemplate":"https:\/\/tajkertesz.com\/?s={search_term_string}"},"query-input":{"@type":"PropertyValueSpecification","valueRequired":true,"valueName":"search_term_string"}}],"inLanguage":"en-US"},{"@type":"Organization","@id":"https:\/\/tajkertesz.com\/#organization","name":"T\u00e1j-Kert\u00e9sz 84 Kft.","url":"https:\/\/tajkertesz.com\/","logo":{"@type":"ImageObject","inLanguage":"en-US","@id":"https:\/\/tajkertesz.com\/#\/schema\/logo\/image\/","url":"https:\/\/tajkertesz.com\/wp-content\/uploads\/2018\/02\/logo-2-e1518678052539.png","contentUrl":"https:\/\/tajkertesz.com\/wp-content\/uploads\/2018\/02\/logo-2-e1518678052539.png","width":81,"height":140,"caption":"T\u00e1j-Kert\u00e9sz 84 Kft."},"image":{"@id":"https:\/\/tajkertesz.com\/#\/schema\/logo\/image\/"},"sameAs":["https:\/\/www.facebook.com\/Tajkertesz\/"]}]}},"_links":{"self":[{"href":"https:\/\/tajkertesz.com\/en_US\/wp-json\/wp\/v2\/product\/21720","targetHints":{"allow":["GET"]}}],"collection":[{"href":"https:\/\/tajkertesz.com\/en_US\/wp-json\/wp\/v2\/product"}],"about":[{"href":"https:\/\/tajkertesz.com\/en_US\/wp-json\/wp\/v2\/types\/product"}],"wp:featuredmedia":[{"embeddable":true,"href":"https:\/\/tajkertesz.com\/en_US\/wp-json\/wp\/v2\/media\/21724"}],"wp:attachment":[{"href":"https:\/\/tajkertesz.com\/en_US\/wp-json\/wp\/v2\/media?parent=21720"}],"wp:term":[{"taxonomy":"product_brand","embeddable":true,"href":"https:\/\/tajkertesz.com\/en_US\/wp-json\/wp\/v2\/product_brand?post=21720"},{"taxonomy":"product_cat","embeddable":true,"href":"https:\/\/tajkertesz.com\/en_US\/wp-json\/wp\/v2\/product_cat?post=21720"},{"taxonomy":"product_tag","embeddable":true,"href":"https:\/\/tajkertesz.com\/en_US\/wp-json\/wp\/v2\/product_tag?post=21720"}],"curies":[{"name":"wp","href":"https:\/\/api.w.org\/{rel}","templated":true}]}}