{"id":21780,"date":"2024-11-26T10:40:15","date_gmt":"2024-11-26T10:40:15","guid":{"rendered":"https:\/\/tajkertesz.com\/?post_type=product&#038;p=21780"},"modified":"2026-02-24T10:05:31","modified_gmt":"2026-02-24T10:05:31","slug":"biosol-25kg","status":"publish","type":"product","link":"https:\/\/tajkertesz.com\/en_US\/product\/biosol-25kg\/","title":{"rendered":"Biosol Green 25kg"},"content":{"rendered":"<h1>Biosol Green 25kg<\/h1>\n<p>Biosol Green 25kg<\/p>\n<h6>A Biosol Forte-hoz k\u00e9pest magasabb-legal\u00e1bb 95%-os- szervesanyag tartalom!<\/h6>\n<h2>A Biosol Green 25kg A FENNTARTHAT\u00d3 MEZ\u0150GAZDAS\u00c1G SZERVES TR\u00c1GY\u00c1JA.<\/h2>\n<p>AZ EU EL\u0150\u00cdR\u00c1SAI SZERINT A BIOSOL \u00d6KOL\u00d3GIAI GAZD\u00c1LKOD\u00c1SRA ENGED\u00c9LYEZETT. A BIOSOL-T AZ OMRI \u00c9VENTE TESZTELI \u00c9S TAN\u00daS\u00cdTJA.<\/p>\n<p><strong>\u00d6KOL\u00d3GIAI TR\u00c1GY\u00c1Z\u00c1S<\/strong><br \/>\n<strong>AKT\u00cdV TALAJ\u00c9LET<\/strong><br \/>\n<strong>OPTIM\u00c1LIS TERM\u00c9SEK<\/strong><br \/>\n<strong>EG\u00c9SZS\u00c9GES N\u00d6V\u00c9NYEK<\/strong><br \/>\n<strong>EGYSZER\u0170, BIZTONS\u00c1GOS<\/strong><br \/>\n<strong>FELHASZN\u00c1L\u00c1S<\/strong><\/p>\n<h3>\u00d6sszet\u00e9tel:<\/h3>\n<p>SZERVES ANYAG 85%<br \/>\nN-ORG. K\u00d6T\u00d6TT 6-8%<br \/>\nN-V\u00cdZBEN OLD\u00d3DIK MAX. 0,5%<br \/>\nFOSZF\u00c1T (P205) 0,5%<br \/>\nK\u00c1LIUM-OXID (K20) 0,3%<br \/>\nC\/N AR\u00c1NY 6:1<\/p>\n<p>A BIOSOL 25kg HOSSZ\u00da T\u00c1V\u00da SZERVES TR\u00c1GYA. A T\u00c1PANYAGOK T\u00daLNYOM\u00d3R\u00c9SZT A SZERVES ANYAGOKHOZ K\u00d6T\u0150DNEK, \u00c9S A TALAJ \u00c9L\u0150L\u00c9NYEI BOCS\u00c1TJ\u00c1K A N\u00d6V\u00c9NYEK<br \/>\nRENDELKEZ\u00c9S\u00c9RE. EZ AZT JELENTI, HOGY HELYES HASZN\u00c1LAT ESET\u00c9N A TALAJV\u00cdZ NEM<br \/>\nSZENNYEZ\u0150DHET NITR\u00c1TTAL, AMINT AZT AZ INNSBRUCKI EGYETEM MIKROBIOL\u00d3GIAI<br \/>\nINT\u00c9ZETE IS MEGER\u0150S\u00cdTETTE. A NEH\u00c9ZF\u00c9MEK K\u00dcL\u00d6N\u00d6SEN ALACSONY SZINTJE TOV\u00c1BBI \u00d6KOL\u00d3GIAI BIZTONS\u00c1GOT BIZTOS\u00cdT.<\/p>\n<h2>AKT\u00cdV TALAJ\u00c9LET A BIOSOLLAL<\/h2>\n<p>A BIOSOL MAGAS SZERVESANYAG-TARTALM\u00c1NAK K\u00d6SZ\u00d6NHET\u0150EN JAV\u00cdTJA\u00a0 A<br \/>\nTALAJ HUMUSZELL\u00c1T\u00c1S\u00c1T, OPTIMALIZ\u00c1LJA ANNAK BIOL\u00d3GIAI \u00c9S FIZIKAI<br \/>\nTULAJDONS\u00c1GAIT. AZ EREDM\u00c9NY: A TALAJ \u00c9L\u0150L\u00c9NYEINEK INTENZ\u00cdV TEV\u00c9KENYS\u00c9GE<br \/>\nVALAMINT JOBB V\u00cdZT\u00c1ROL\u00c1S \u00c9S V\u00cdZVEZET\u0150K\u00c9PESS\u00c9G, EGY M\u00c1SIK EL\u0150NY: A<br \/>\nN\u00d6V\u00c9NYEK SZ\u00c1M\u00c1RA EL\u0150NY\u00d6S AZ \u00daGYNEVEZETT PRIMING HAT\u00c1S: T\u00d6BB<br \/>\nT\u00c1PANYAG \u00c1LL RENDELKEZ\u00c9SRE, AMELY A TALAJ TARTAL\u00c9KAIB\u00d3L SZABADUL FEL.<\/p>\n<h2>EG\u00c9SZS\u00c9GES, \u00c9LETER\u0150S N\u00d6V\u00c9NYEK<\/h2>\n<p>A BIOSOL ELLEN\u00c1LL\u00d3BB\u00c1 TESZI A N\u00d6V\u00c9NYEKET, \u00c9S A VAKCIN\u00c1Z\u00c1SHOZ HASONL\u00d3AN K\u00c9PES<br \/>\nREZISZTENCI\u00c1T KI\u00c9P\u00cdTENI BIZONYOS K\u00d3ROKOZ\u00d3KKAL SZEMBEN A N\u00d6V\u00c9NYBEN. EZ AZ ESET VOLT T\u00d6BBEK K\u00d6Z\u00d6TT A PARADICSOMBAN KIMUTATHAT\u00d3 A PHYTOPHTHORA INFESTANS GOMBA ELLEN \u00c9S SZIGNIFIK\u00c1NSAN CS\u00d6KKENT A PLASMOPARA VITICOLA FERT\u0150Z\u00c9S A SZ\u0150L\u0150BEN IS.<\/p>\n<h3>A BOISOL EGYSZER\u0170 \u00c9S BIZTONS\u00c1GOS FELHASZN\u00c1L\u00c1SA<\/h3>\n<p>A BIOSOLT A LEGJOBB ALAPANYAGOKB\u00d3L \u00c1LL\u00cdTJ\u00c1K EL\u0150. B\u00cdZHAT A LEGMAGASABB<br \/>\n\u00d6KOL\u00d3GIAI SZABV\u00c1NYOKBAN: A BIOSOL GARANT\u00c1LTAN MENTES A GYOMMAGOKT\u00d3L, NEM<br \/>\nTARTALMAZ \u00c1LLATI EREDET\u0170 \u00d6SSZETEV\u0150KET, HASZN\u00c1LATA EGYSZER\u0170 \u00c9S TELJESEN BIZTONS\u00c1GOS.<\/p>\n<h4>FELHASZN\u00c1L\u00c1SI TER\u00dcLETEK<\/h4>\n<h5>BOGY\u00d3S GY\u00dcM\u00d6LCS\u00d6K<\/h5>\n<p>A BIOSOL ALACSONY S\u00d3TARTALMA \u00c9S A TR\u00c1GY\u00c1Z\u00d3 SZER ALACSONY PH-\u00c9RT\u00c9KE IDE\u00c1LIS A<br \/>\nBOGY\u00d3S GY\u00dcM\u00d6LCS\u00d6KH\u00d6Z &#8211; MINDEN OLYAN N\u00d6V\u00c9NY SZ\u00c1M\u00c1RA, AMELY ENYH\u00c9N SAVANY\u00da TALAJT IG\u00c9NYEL.<\/p>\n<h5>GABONA<\/h5>\n<p>A BIOSOLLAL T\u00d6RT\u00c9N\u0150 K\u00c9S\u0150I TR\u00c1GY\u00c1Z\u00c1S J\u00d3T\u00c9KONY HAT\u00c1SSAL VAN A FEH\u00c9RJETARTALOMRA.<\/p>\n<h4>SZ\u0150L\u0150M\u0170VEL\u00c9S<\/h4>\n<p>A TALAJJAV\u00cdT\u00c1SON, A N\u00d6V\u00c9NYEK MEGER\u0150S\u00cdT\u00c9S\u00c9N \u00c9S A MIN\u0150S\u00c9G JAV\u00cdT\u00c1S\u00c1N VAN A HANGS\u00daLY. A BIOSOL MEGFELEL EZEKNEK A K\u00d6VETELM\u00c9NYEKNEK. AZ \u00daJ TELEP\u00cdT\u00c9S\u0170 SZ\u0150L\u0150\u00dcLTETV\u00c9NYEK IDE\u00c1LIS IND\u00cdT\u00d3 TR\u00c1GY\u00c1Z\u00d3 SZERE.<\/p>\n<p><strong>A BIOSOL 25kg ALKALMAZ\u00c1SA:<\/strong> TELEP\u00cdT\u00c9S EL\u0150TT AMENNYIBEN \u00c1LLATI EREDET\u0170 TR\u00c1GY\u00c1Z\u00d3 SZER KER\u00dcLT \u0150SSZEL BEFORGAT\u00c1SRA, TAVASSZAL A TELEP\u00cdT\u00c9S EL\u0150TT 2-3 H\u00c9TTEL A BIOSOL TR\u00c1GY\u00c1Z\u00d3 SZERT A FEL\u00dcLETRE (FONTOS: CSAK A FEL\u00dcLETRE ) EGYENLETESEN KIJUTTATJUK. CSAPAD\u00c9K HAT\u00c1S\u00c1RA A BIOSOL GRANUL\u00c1TUM PUHA F\u00d6LDSZER\u0170 \u00c1LLAG\u00daV\u00c1 ALAKUL, EKKOR A TELEP\u00cdT\u00c9S GY\u00d6K\u00c9RZ\u00d3NA M\u00c9LYS\u00c9G\u00c9BE BEDOLGOZZUK.<\/p>\n<p>TELEP\u00cdT\u00c9S UT\u00c1N FEJTR\u00c1GY\u00c1Z\u00c1SK\u00c9NT A TALAJ FELSZ\u00cdNRE JUTTATJUK KI A BIOSOL-T MAJD A KEM\u00c9NY GRANUL\u00c1TUM NEDVESS\u00c9G HAT\u00c1S\u00c1RA SZ\u00c9TESIK EZUT\u00c1N SEK\u00c9LYEN BEDOLGOZZUK.<\/p>\n<p>ID\u0150SEBB SZ\u0150L\u0150KBEN A BIOSOL BIZONY\u00cdTOTTAN N\u00d6VELI A F\u00dcRT\u00d6K NAGYS\u00c1G\u00c1T \u00c9S A BOGY\u00d3KBAN A CUKORTARTALOM N\u00d6VEKED\u00c9S\u00c9T. A TALAJBAN LEK\u00d6T\u00d6D\u00d6TT TR\u00c1GY\u00c1Z\u00d3 SZEREKET FELSZABAD\u00cdTJA. A MAGYARORSZ\u00c1GI TALAJOK VIZSG\u00c1LATAKOR PROF. SOLLAR A B\u00c9CSI EGYETEM PROFESSZORA MEG\u00c1LLAP\u00cdTOTTA, HOGY A TALAJOK<\/p>\n<p>T\u00d6BB \u00c9VTIZEDRE ELEGEND\u0150 T\u00c1PANYAGOT TARTALMAZNAK K\u00d6T\u00d6TT \u00c1LLAPOTBAN.<\/p>\n<h4>GY\u00dcM\u00d6LCS<\/h4>\n<p>\u00daJ TELEP\u00cdT\u00c9SEKN\u00c9L \u00dcLTET\u00c9SKOR A SOROKBAN FELSZ\u00cdNRE KISZ\u00d3R\u00c1SSAL ADAGOLHAT\u00d3. A FIATAL N\u00d6V\u00c9NYEKET K\u00c9S\u0150 \u0150SSZEL VAGY KORA TAVASSZAL AK\u00c1R 900 KG\/HA BIOSOL-<br \/>\nLAL TR\u00c1GY\u00c1ZZUK. ID\u0150SEBB \u00dcLTETV\u00c9NYEKN\u00c9L A TR\u00c1GY\u00c1Z\u00d3 SZER MENNYIS\u00c9GE CS\u00d6KKENTHET\u0150 A HOZAMT\u00d3L F\u00dcGG\u0150EN.<\/p>\n<h4>PARADICSOM<\/h4>\n<p>A M\u00c1S TR\u00c1GY\u00c1Z\u00d3 SZEREKHEZ HASONL\u00cdTVA A BIOSOL-OS V\u00c1LTOZAT HOZTA\u00a0 A LEGNAGYOBB TERM\u00c9ST. EZ EGYR\u00c9SZT A HASONL\u00d3 TR\u00c1GY\u00c1Z\u00d3 SZEREKHEZ K\u00c9PEST GYORSABB NITROG\u00c9N MINERALIZ\u00c1CI\u00d3NAK, M\u00c1SR\u00c9SZT AZ ER\u0150SEBB GY\u00d6K\u00c9RK\u00c9PZ\u0150D\u00c9SNEK K\u00d6SZ\u00d6NHET\u0150.<\/p>\n<h4>SPEN\u00d3T<\/h4>\n<p>A KORAI Z\u00d6LDS\u00c9G ESET\u00c9BEN A N\u00d6V\u00c9NY T\u00c1PL\u00c1L\u00c1SA NAGYON FONTOS. A TR\u00c1GY\u00c1Z\u00d3SZER<br \/>\nT\u00c1PANYAGAINAK MINERALIZ\u00c1CI\u00d3J\u00c1T A HIDEG TALAJ LASS\u00cdTJA. R\u00c1AD\u00c1SUL A SPEN\u00d3T AZON Z\u00d6LDS\u00c9GEK K\u00d6Z\u00c9 TARTOZIK, AMELYEK NITROG\u00c9NFELV\u00c9TELE MAGAS. EGY M\u00c1SIK POZIT\u00cdV SZEMPONT: A BIOSOLLAL TR\u00c1GY\u00c1ZOTT K\u00cdS\u00c9RLETI PARCELL\u00c1BAN L\u00c9V\u0150 SPEN\u00d3TN\u00d6V\u00c9NYEK NITR\u00c1T TARTALMA A LEGALACSONYABB.<\/p>\n<h4>CSOMAGOL\u00c1S:<\/h4>\n<p>A BIOSOL STANDARD GRANUL\u00c1TUMK\u00c9NT (2-4 MM) KER\u00dcL FORGALOMBA. NAGYOBB<br \/>\nMENNYIS\u00c9G RENDEL\u00c9SE ESET\u00c9N K\u00c9R\u00c9SRE M\u00c1S GRANUL\u00c1TUM NAGYS\u00c1G IS EL\u00c9RHET\u0150.<\/p>\n<h4>CSOMAGOL\u00c1SI M\u00c9RETEK:<\/h4>\n<p>25 KG-OS M\u0170ANYAG CS\u0150ZACSK\u00d3K, 1000 KG-OS EGYS\u00c9GEKBEN RAKLAPOZVA<\/p>\n<p>500 VAGY 1000 KG-OS BIG BAGS CSOMAGOL\u00c1S<\/p>\n<h5>GY\u00c1RT\u00c1S \u00c9S MIN\u0150S\u00c9G<\/h5>\n<p>A TERM\u00c9SZETES M\u00d3DJA A KIV\u00c1L\u00d3 MIN\u0150S\u00c9G\u0170, J\u00d3 TERM\u00c9SNEK A BIOSOL A GOMB\u00c1K BIOMASSZ\u00c1JA R\u00c9V\u00c9N BIOL\u00d3GIAI EGYENS\u00daLYBA HOZZA A TALAJT \u00c9S A N\u00d6V\u00c9NYEKET. A BIOSOL TR\u00c1GY\u00c1Z\u00d3SZERT KUNDLBAN \u00c1LL\u00cdTJ\u00c1K EL\u0150. GOMBA BIOMASSZA A LEGTISZT\u00c1BB FORM\u00c1J\u00c1BAN A BIOSOL 100%-BAN TISZTA SZERVES GOMBA MIC\u00c9LIUMB\u00d3L \u00c1LL, \u00c9S 2-6 MM SZEMCSEM\u00c9RET\u0170RE GRANUL\u00c1LJ\u00c1K.<\/p>\n<p style=\"line-height: 18.0pt; background: white; margin: 0cm 0cm 15.0pt 0cm;\"><b><span style=\"font-family: 'Ubuntu',sans-serif; color: black;\">K\u00e9szlet\u00fcnk napi szinten v\u00e1ltozik, ez\u00e9rt k\u00e9rj\u00fck, \u00e9rdekl\u0151dj\u00f6n szem\u00e9lyesen, telefonon vagy email-en.<br \/>\nA v\u00e1ltoztat\u00e1s jog\u00e1t fenntartjuk!\u00a0<\/span><\/b><\/p>\n<p><a href=\"https:\/\/tajkertesz.com\/\">https:\/\/tajkertesz.com\/<\/a><\/p>\n<p><a href=\"https:\/\/www.facebook.com\/tajkertesz\/\">https:\/\/www.facebook.com\/tajkertesz\/<\/a><\/p>\n<h4>Kisz\u00e1ll\u00edt\u00e1s: 200cm-ig \u00e9s 40 kg-ig a sz\u00e1ll\u00edt\u00e1s fut\u00e1rszolg\u00e1lattal t\u00f6rt\u00e9nik.<\/h4>\n<h3>40kg feletti rendel\u00e9s eset\u00e9n egyedi sz\u00e1ll\u00edt\u00e1si k\u00f6lts\u00e9get adunk!<\/h3>\n<p>Szem\u00e9lyes \u00e1tv\u00e9tel nyitvatart\u00e1si id\u0151ben a 17. ker\u00fclet Bakancsos utca 7. sz\u00e1m alatti Kert\u00e9szeti \u00e1rud\u00e1nkban.<\/p>\n<p>Kert\u00e9p\u00edt\u0151k \u00e9s viszontelad\u00f3k regisztr\u00e1l\u00e1s ut\u00e1n egyedi kedvezm\u00e9nnyel v\u00e1s\u00e1rolhatnak kert\u00e9szeti kis-\u00e9s nagykeresked\u00e9s\u00fcnkben.<\/p>\n<p>&nbsp;<\/p>","protected":false},"excerpt":{"rendered":"<p>A Biosol Forte-hoz k\u00e9pest magasabb-legal\u00e1bb 95%-os- szervesanyag tartalom!<\/p>\n<p>A BIOSOL MAGAS SZERVESANYAG-TARTALM\u00c1NAK K\u00d6SZ\u00d6NHET\u0150EN JAV\u00cdTJA A<br \/>\nTALAJ HUMUSZELL\u00c1T\u00c1S\u00c1T, OPTIMALIZ\u00c1LJA ANNAK BIOL\u00d3GIAI \u00c9S FIZIKAI<br \/>\nTULAJDONS\u00c1GAIT. AZ EREDM\u00c9NY: A TALAJ \u00c9L\u0150L\u00c9NYEINEK INTENZ\u00cdV TEV\u00c9KENYS\u00c9GE<br \/>\nVALAMINT JOBB V\u00cdZT\u00c1ROL\u00c1S \u00c9S V\u00cdZVEZET\u0150K\u00c9PESS\u00c9G, EGY M\u00c1SIK EL\u0150NY: A<br \/>\nN\u00d6V\u00c9NYEK SZ\u00c1M\u00c1RA EL\u0150NY\u00d6S AZ \u00daGYNEVEZETT PRIMING HAT\u00c1S: T\u00d6BB<br \/>\nT\u00c1PANYAG \u00c1LL RENDELKEZ\u00c9SRE, AMELY A TALAJ TARTAL\u00c9KAIB\u00d3L SZABADUL FEL.<\/p>","protected":false},"featured_media":21781,"template":"","meta":{"_et_pb_use_builder":"","_et_pb_old_content":"","_et_gb_content_width":""},"product_brand":[],"product_cat":[35],"product_tag":[3929,5473],"class_list":{"0":"post-21780","1":"product","2":"type-product","3":"status-publish","4":"has-post-thumbnail","6":"product_cat-tragyak","7":"product_tag-biosol","8":"product_tag-biosol-25kg","10":"first","11":"instock","12":"sale","13":"shipping-taxable","14":"purchasable","15":"product-type-simple"},"yoast_head":"<!-- This site is optimized with the Yoast SEO plugin v27.5 - https:\/\/yoast.com\/product\/yoast-seo-wordpress\/ -->\n<title>Biosol Green 25kg - T\u00e1jkert\u00e9sz<\/title>\n<meta name=\"description\" content=\"Biosol Green 25kg A FENNTARTHAT\u00d3MEZ\u0150GAZDAS\u00c1G SZERVESTR\u00c1GY\u00c1JA. A BIOSOLT A LEGJOBB ALAPANYAGOKB\u00d3L \u00c1LL\u00cdTJ\u00c1K EL\u0150. EGYSZER\u0170 \u00c9S BIZTONS\u00c1GOSFELHASZN\u00c1L\u00c1S\" \/>\n<meta name=\"robots\" content=\"index, follow, max-snippet:-1, max-image-preview:large, max-video-preview:-1\" \/>\n<link rel=\"canonical\" href=\"https:\/\/tajkertesz.com\/en_US\/product\/biosol-25kg\/\" \/>\n<meta property=\"og:locale\" content=\"en_US\" \/>\n<meta property=\"og:type\" content=\"article\" \/>\n<meta property=\"og:title\" content=\"Biosol Green 25kg - T\u00e1jkert\u00e9sz\" \/>\n<meta property=\"og:description\" content=\"Biosol Green 25kg A FENNTARTHAT\u00d3MEZ\u0150GAZDAS\u00c1G SZERVESTR\u00c1GY\u00c1JA. A BIOSOLT A LEGJOBB ALAPANYAGOKB\u00d3L \u00c1LL\u00cdTJ\u00c1K EL\u0150. EGYSZER\u0170 \u00c9S BIZTONS\u00c1GOSFELHASZN\u00c1L\u00c1S\" \/>\n<meta property=\"og:url\" content=\"https:\/\/tajkertesz.com\/en_US\/product\/biosol-25kg\/\" \/>\n<meta property=\"og:site_name\" content=\"T\u00e1jkert\u00e9sz\" \/>\n<meta property=\"article:publisher\" content=\"https:\/\/www.facebook.com\/Tajkertesz\/\" \/>\n<meta property=\"article:modified_time\" content=\"2026-02-24T10:05:31+00:00\" \/>\n<meta property=\"og:image\" content=\"https:\/\/tajkertesz.com\/wp-content\/uploads\/2024\/11\/biosol-8-1-1-25kg.jpg\" \/>\n\t<meta property=\"og:image:width\" content=\"458\" \/>\n\t<meta property=\"og:image:height\" content=\"636\" \/>\n\t<meta property=\"og:image:type\" content=\"image\/jpeg\" \/>\n<meta name=\"twitter:card\" content=\"summary_large_image\" \/>\n<meta name=\"twitter:label1\" content=\"Est. reading time\" \/>\n\t<meta name=\"twitter:data1\" content=\"4 minutes\" \/>\n<script type=\"application\/ld+json\" class=\"yoast-schema-graph\">{\"@context\":\"https:\\\/\\\/schema.org\",\"@graph\":[{\"@type\":\"WebPage\",\"@id\":\"https:\\\/\\\/tajkertesz.com\\\/termek\\\/biosol-25kg\\\/\",\"url\":\"https:\\\/\\\/tajkertesz.com\\\/termek\\\/biosol-25kg\\\/\",\"name\":\"Biosol Green 25kg - T\u00e1jkert\u00e9sz\",\"isPartOf\":{\"@id\":\"https:\\\/\\\/tajkertesz.com\\\/#website\"},\"primaryImageOfPage\":{\"@id\":\"https:\\\/\\\/tajkertesz.com\\\/termek\\\/biosol-25kg\\\/#primaryimage\"},\"image\":{\"@id\":\"https:\\\/\\\/tajkertesz.com\\\/termek\\\/biosol-25kg\\\/#primaryimage\"},\"thumbnailUrl\":\"https:\\\/\\\/tajkertesz.com\\\/wp-content\\\/uploads\\\/2024\\\/11\\\/biosol-8-1-1-25kg.jpg\",\"datePublished\":\"2024-11-26T10:40:15+00:00\",\"dateModified\":\"2026-02-24T10:05:31+00:00\",\"description\":\"Biosol Green 25kg A FENNTARTHAT\u00d3MEZ\u0150GAZDAS\u00c1G SZERVESTR\u00c1GY\u00c1JA. A BIOSOLT A LEGJOBB ALAPANYAGOKB\u00d3L \u00c1LL\u00cdTJ\u00c1K EL\u0150. EGYSZER\u0170 \u00c9S BIZTONS\u00c1GOSFELHASZN\u00c1L\u00c1S\",\"breadcrumb\":{\"@id\":\"https:\\\/\\\/tajkertesz.com\\\/termek\\\/biosol-25kg\\\/#breadcrumb\"},\"inLanguage\":\"en-US\",\"potentialAction\":[{\"@type\":\"ReadAction\",\"target\":[\"https:\\\/\\\/tajkertesz.com\\\/termek\\\/biosol-25kg\\\/\"]}]},{\"@type\":\"ImageObject\",\"inLanguage\":\"en-US\",\"@id\":\"https:\\\/\\\/tajkertesz.com\\\/termek\\\/biosol-25kg\\\/#primaryimage\",\"url\":\"https:\\\/\\\/tajkertesz.com\\\/wp-content\\\/uploads\\\/2024\\\/11\\\/biosol-8-1-1-25kg.jpg\",\"contentUrl\":\"https:\\\/\\\/tajkertesz.com\\\/wp-content\\\/uploads\\\/2024\\\/11\\\/biosol-8-1-1-25kg.jpg\",\"width\":458,\"height\":636,\"caption\":\"Biosol Green 25kg\"},{\"@type\":\"BreadcrumbList\",\"@id\":\"https:\\\/\\\/tajkertesz.com\\\/termek\\\/biosol-25kg\\\/#breadcrumb\",\"itemListElement\":[{\"@type\":\"ListItem\",\"position\":1,\"name\":\"Home\",\"item\":\"https:\\\/\\\/tajkertesz.com\\\/\"},{\"@type\":\"ListItem\",\"position\":2,\"name\":\"Kezd\u0151lap\",\"item\":\"https:\\\/\\\/tajkertesz.com\\\/\"},{\"@type\":\"ListItem\",\"position\":3,\"name\":\"Biosol Green 25kg\"}]},{\"@type\":\"WebSite\",\"@id\":\"https:\\\/\\\/tajkertesz.com\\\/#website\",\"url\":\"https:\\\/\\\/tajkertesz.com\\\/\",\"name\":\"T\u00e1j-Kert\u00e9sz 84 Kft.\",\"description\":\"Kert\u00e9szeti kis- \u00e9s nagykeresked\u00e9s, D\u00edszn\u00f6v\u00e9ny web\u00e1ruh\u00e1z orsz\u00e1gos h\u00e1zhozsz\u00e1ll\u00edt\u00e1ssal!\",\"publisher\":{\"@id\":\"https:\\\/\\\/tajkertesz.com\\\/#organization\"},\"potentialAction\":[{\"@type\":\"SearchAction\",\"target\":{\"@type\":\"EntryPoint\",\"urlTemplate\":\"https:\\\/\\\/tajkertesz.com\\\/?s={search_term_string}\"},\"query-input\":{\"@type\":\"PropertyValueSpecification\",\"valueRequired\":true,\"valueName\":\"search_term_string\"}}],\"inLanguage\":\"en-US\"},{\"@type\":\"Organization\",\"@id\":\"https:\\\/\\\/tajkertesz.com\\\/#organization\",\"name\":\"T\u00e1j-Kert\u00e9sz 84 Kft.\",\"url\":\"https:\\\/\\\/tajkertesz.com\\\/\",\"logo\":{\"@type\":\"ImageObject\",\"inLanguage\":\"en-US\",\"@id\":\"https:\\\/\\\/tajkertesz.com\\\/#\\\/schema\\\/logo\\\/image\\\/\",\"url\":\"https:\\\/\\\/tajkertesz.com\\\/wp-content\\\/uploads\\\/2018\\\/02\\\/logo-2-e1518678052539.png\",\"contentUrl\":\"https:\\\/\\\/tajkertesz.com\\\/wp-content\\\/uploads\\\/2018\\\/02\\\/logo-2-e1518678052539.png\",\"width\":81,\"height\":140,\"caption\":\"T\u00e1j-Kert\u00e9sz 84 Kft.\"},\"image\":{\"@id\":\"https:\\\/\\\/tajkertesz.com\\\/#\\\/schema\\\/logo\\\/image\\\/\"},\"sameAs\":[\"https:\\\/\\\/www.facebook.com\\\/Tajkertesz\\\/\"]}]}<\/script>\n<!-- \/ Yoast SEO plugin. -->","yoast_head_json":{"title":"Biosol Green 25kg - T\u00e1jkert\u00e9sz","description":"Biosol Green 25kg A FENNTARTHAT\u00d3MEZ\u0150GAZDAS\u00c1G SZERVESTR\u00c1GY\u00c1JA. A BIOSOLT A LEGJOBB ALAPANYAGOKB\u00d3L \u00c1LL\u00cdTJ\u00c1K EL\u0150. EGYSZER\u0170 \u00c9S BIZTONS\u00c1GOSFELHASZN\u00c1L\u00c1S","robots":{"index":"index","follow":"follow","max-snippet":"max-snippet:-1","max-image-preview":"max-image-preview:large","max-video-preview":"max-video-preview:-1"},"canonical":"https:\/\/tajkertesz.com\/en_US\/product\/biosol-25kg\/","og_locale":"en_US","og_type":"article","og_title":"Biosol Green 25kg - T\u00e1jkert\u00e9sz","og_description":"Biosol Green 25kg A FENNTARTHAT\u00d3MEZ\u0150GAZDAS\u00c1G SZERVESTR\u00c1GY\u00c1JA. A BIOSOLT A LEGJOBB ALAPANYAGOKB\u00d3L \u00c1LL\u00cdTJ\u00c1K EL\u0150. EGYSZER\u0170 \u00c9S BIZTONS\u00c1GOSFELHASZN\u00c1L\u00c1S","og_url":"https:\/\/tajkertesz.com\/en_US\/product\/biosol-25kg\/","og_site_name":"T\u00e1jkert\u00e9sz","article_publisher":"https:\/\/www.facebook.com\/Tajkertesz\/","article_modified_time":"2026-02-24T10:05:31+00:00","og_image":[{"width":458,"height":636,"url":"https:\/\/tajkertesz.com\/wp-content\/uploads\/2024\/11\/biosol-8-1-1-25kg.jpg","type":"image\/jpeg"}],"twitter_card":"summary_large_image","twitter_misc":{"Est. reading time":"4 minutes"},"schema":{"@context":"https:\/\/schema.org","@graph":[{"@type":"WebPage","@id":"https:\/\/tajkertesz.com\/termek\/biosol-25kg\/","url":"https:\/\/tajkertesz.com\/termek\/biosol-25kg\/","name":"Biosol Green 25kg - T\u00e1jkert\u00e9sz","isPartOf":{"@id":"https:\/\/tajkertesz.com\/#website"},"primaryImageOfPage":{"@id":"https:\/\/tajkertesz.com\/termek\/biosol-25kg\/#primaryimage"},"image":{"@id":"https:\/\/tajkertesz.com\/termek\/biosol-25kg\/#primaryimage"},"thumbnailUrl":"https:\/\/tajkertesz.com\/wp-content\/uploads\/2024\/11\/biosol-8-1-1-25kg.jpg","datePublished":"2024-11-26T10:40:15+00:00","dateModified":"2026-02-24T10:05:31+00:00","description":"Biosol Green 25kg A FENNTARTHAT\u00d3MEZ\u0150GAZDAS\u00c1G SZERVESTR\u00c1GY\u00c1JA. A BIOSOLT A LEGJOBB ALAPANYAGOKB\u00d3L \u00c1LL\u00cdTJ\u00c1K EL\u0150. EGYSZER\u0170 \u00c9S BIZTONS\u00c1GOSFELHASZN\u00c1L\u00c1S","breadcrumb":{"@id":"https:\/\/tajkertesz.com\/termek\/biosol-25kg\/#breadcrumb"},"inLanguage":"en-US","potentialAction":[{"@type":"ReadAction","target":["https:\/\/tajkertesz.com\/termek\/biosol-25kg\/"]}]},{"@type":"ImageObject","inLanguage":"en-US","@id":"https:\/\/tajkertesz.com\/termek\/biosol-25kg\/#primaryimage","url":"https:\/\/tajkertesz.com\/wp-content\/uploads\/2024\/11\/biosol-8-1-1-25kg.jpg","contentUrl":"https:\/\/tajkertesz.com\/wp-content\/uploads\/2024\/11\/biosol-8-1-1-25kg.jpg","width":458,"height":636,"caption":"Biosol Green 25kg"},{"@type":"BreadcrumbList","@id":"https:\/\/tajkertesz.com\/termek\/biosol-25kg\/#breadcrumb","itemListElement":[{"@type":"ListItem","position":1,"name":"Home","item":"https:\/\/tajkertesz.com\/"},{"@type":"ListItem","position":2,"name":"Kezd\u0151lap","item":"https:\/\/tajkertesz.com\/"},{"@type":"ListItem","position":3,"name":"Biosol Green 25kg"}]},{"@type":"WebSite","@id":"https:\/\/tajkertesz.com\/#website","url":"https:\/\/tajkertesz.com\/","name":"T\u00e1j-Kert\u00e9sz 84 Kft.","description":"Kert\u00e9szeti kis- \u00e9s nagykeresked\u00e9s, D\u00edszn\u00f6v\u00e9ny web\u00e1ruh\u00e1z orsz\u00e1gos h\u00e1zhozsz\u00e1ll\u00edt\u00e1ssal!","publisher":{"@id":"https:\/\/tajkertesz.com\/#organization"},"potentialAction":[{"@type":"SearchAction","target":{"@type":"EntryPoint","urlTemplate":"https:\/\/tajkertesz.com\/?s={search_term_string}"},"query-input":{"@type":"PropertyValueSpecification","valueRequired":true,"valueName":"search_term_string"}}],"inLanguage":"en-US"},{"@type":"Organization","@id":"https:\/\/tajkertesz.com\/#organization","name":"T\u00e1j-Kert\u00e9sz 84 Kft.","url":"https:\/\/tajkertesz.com\/","logo":{"@type":"ImageObject","inLanguage":"en-US","@id":"https:\/\/tajkertesz.com\/#\/schema\/logo\/image\/","url":"https:\/\/tajkertesz.com\/wp-content\/uploads\/2018\/02\/logo-2-e1518678052539.png","contentUrl":"https:\/\/tajkertesz.com\/wp-content\/uploads\/2018\/02\/logo-2-e1518678052539.png","width":81,"height":140,"caption":"T\u00e1j-Kert\u00e9sz 84 Kft."},"image":{"@id":"https:\/\/tajkertesz.com\/#\/schema\/logo\/image\/"},"sameAs":["https:\/\/www.facebook.com\/Tajkertesz\/"]}]}},"_links":{"self":[{"href":"https:\/\/tajkertesz.com\/en_US\/wp-json\/wp\/v2\/product\/21780","targetHints":{"allow":["GET"]}}],"collection":[{"href":"https:\/\/tajkertesz.com\/en_US\/wp-json\/wp\/v2\/product"}],"about":[{"href":"https:\/\/tajkertesz.com\/en_US\/wp-json\/wp\/v2\/types\/product"}],"wp:featuredmedia":[{"embeddable":true,"href":"https:\/\/tajkertesz.com\/en_US\/wp-json\/wp\/v2\/media\/21781"}],"wp:attachment":[{"href":"https:\/\/tajkertesz.com\/en_US\/wp-json\/wp\/v2\/media?parent=21780"}],"wp:term":[{"taxonomy":"product_brand","embeddable":true,"href":"https:\/\/tajkertesz.com\/en_US\/wp-json\/wp\/v2\/product_brand?post=21780"},{"taxonomy":"product_cat","embeddable":true,"href":"https:\/\/tajkertesz.com\/en_US\/wp-json\/wp\/v2\/product_cat?post=21780"},{"taxonomy":"product_tag","embeddable":true,"href":"https:\/\/tajkertesz.com\/en_US\/wp-json\/wp\/v2\/product_tag?post=21780"}],"curies":[{"name":"wp","href":"https:\/\/api.w.org\/{rel}","templated":true}]}}