{"id":21792,"date":"2024-11-27T07:37:09","date_gmt":"2024-11-27T07:37:09","guid":{"rendered":"https:\/\/tajkertesz.com\/?post_type=product&#038;p=21792"},"modified":"2026-03-17T15:35:14","modified_gmt":"2026-03-17T15:35:14","slug":"fuji-alma","status":"publish","type":"product","link":"https:\/\/tajkertesz.com\/en_US\/product\/fuji-alma\/","title":{"rendered":"&#8216;Fuji&#8217; alma"},"content":{"rendered":"<h1>&#8216;Fuji&#8217; alma<\/h1>\n<p>A &#8216;Fuji&#8217; alma a &#8216;Ralls Janet&#8217; \u00e9s a &#8216;Red Delicious&#8217; fajt\u00e1k hibridje, melyet Jap\u00e1nban kereszteztek. A nemzetk\u00f6zi piacra 1962-ben vezett\u00e9k be. Jap\u00e1n f\u0151 almafajt\u00e1ja, de termesztik az USA-ban, Braz\u00edli\u00e1ban, \u00daj-Z\u00e9landon \u00e9s K\u00edn\u00e1ban is. Ez ut\u00f3bbi jelenleg a vil\u00e1g els\u0151 sz\u00e1m\u00fa almatermeszt\u0151 orsz\u00e1ga, ahol a &#8216;Fuji&#8217;-nak az alm\u00e1k k\u00f6z\u00f6tt 70%-os a r\u00e9szesed\u00e9si ar\u00e1nya. Eur\u00f3p\u00e1ban is egyre elterjedtebb\u00e9 v\u00e1lt az ut\u00f3bbi id\u0151ben.<\/p>\n<h2>A &#8216;Fuji&#8217; jellemz\u0151i<\/h2>\n<p>F\u00e1ja kezdetben er\u0151sebb n\u0151veked\u00e9s\u0171, majd amikor term\u0151re fordul m\u00e9rs\u00e9kl\u0151dik a n\u00f6veked\u00e9si er\u00e9je. Term\u0151r\u00e9szeit z\u00f6mmel a korona k\u00fcls\u0151 pal\u00e1stj\u00e1n fejleszti ki. Kor\u00e1n term\u0151re fordul, b\u0151term\u0151, de term\u00e9singadoz\u00e1sra hajlamos.<\/p>\n<p>Gy\u00fcm\u00f6lcse nagy vagy k\u00f6z\u00e9pnagy m\u00e9ret\u0171. Alakja megny\u00falt, csaknem hengeres. Az alapfajta gy\u00fcm\u00f6lcs\u00e9n a s\u00e1rg\u00e1s-z\u00f6ldes alapsz\u00edn\u0171 fel\u00fcletnek legfeljebb a fel\u00e9t mosott vagy enyh\u00e9n cs\u00edkozott vil\u00e1gosabb r\u00f3zsasz\u00edn vagy s\u00f6t\u00e9tebb narancs-, karmazsin- illetve barn\u00e1spiros fed\u0151sz\u00edn bor\u00edtja.<\/p>\n<p>A &#8216;Fuji&#8217; h\u00fasa\u00a0 kem\u00e9ny, ropog\u00f3s, igen b\u0151lev\u0171, sz\u00edne feh\u00e9res. Kit\u0171n\u0151 m\u00e9z\u00e9des \u00edz\u00e9t enyhe sav teszi harmonikuss\u00e1. \u00cdze ugyanakkor nem igaz\u00e1n jellegzetes. \u00cdze m\u00e9g jobb\u00e1 v\u00e1lik, ha j\u00f3 term\u0151helyre van \u00fcltetve.<\/p>\n<p>Igen k\u00e9sei \u00e9r\u00e9s\u0171, okt\u00f3ber k\u00f6zep\u00e9n-v\u00e9g\u00e9n, a Granny Smith ut\u00e1n egy h\u00e9ttel lehet szedni, \u00e9s decembert\u0151l eg\u00e9szen m\u00e1jusig (min\u0151s\u00e9gveszt\u00e9s n\u00e9lk\u00fcl) fogyaszthat\u00f3.<\/p>\n<p>&nbsp;<\/p>\n<h3>A &#8216;Fuji&#8217; alma gondoz\u00e1sa<\/h3>\n<p>T\u00e9li \u00e9s k\u00e9s\u0151 tavaszi fagyk\u00e1rok nem k\u00e1ros\u00edtj\u00e1k. Gy\u00fcm\u00f6lcshull\u00e1s sem jellemz\u0151 r\u00e1.<\/p>\n<p>Lisztharmatra \u00e9s a v\u00e9rtet\u0171 k\u00e1ros\u00edt\u00e1s\u00e1ra kiss\u00e9 fog\u00e9kony. A t\u0171zelhal\u00e1sra nagyon \u00e9rz\u00e9keny.<\/p>\n<p>\u00d6nmedd\u0151, ez\u00e9rt porz\u00f3fajta alkalmaz\u00e1sa sz\u00fcks\u00e9ges. J\u00f3 porz\u00f3fajt\u00e1i a Gala, a Golden-kl\u00f3nok, Granny Smith, Red Delicious, Redsphough \u00e9s a Pink Lady\u2122 cv. &#8216;Cripp&#8217;s Pink&#8217;.<\/p>\n<p>Talajban nem v\u00e1logat\u00f3s, azonban fontos hogy a talaj j\u00f3 v\u00edz- \u00e9s leveg\u0151gazd\u00e1lkod\u00e1s\u00fa legyen. Fontos a rendszeres t\u00e1panyagut\u00e1np\u00f3tl\u00e1s.<\/p>\n<p>Napos helyen \u00e9rzi igaz\u00e1n j\u00f3l mag\u00e1t, h\u0151ig\u00e9nye k\u00f6zepes, a sz\u00e9ls\u0151s\u00e9ges h\u0151m\u00e9rs\u00e9kletet nem toler\u00e1lja.<\/p>\n<p>V\u00edzig\u00e9nye magas, a hossz\u00fa, asz\u00e1lyos id\u0151szakokban sz\u00fcks\u00e9ges a v\u00edzut\u00e1np\u00f3tl\u00e1s. Ilyenkor \u00e9rdemes heti 1-2 alkalmommal alaposan meg\u00f6nt\u00f6zni.<\/p>\n<p>&nbsp;<\/p>\n<p><b>K\u00e9szlet\u00fcnk napi szinten v\u00e1ltozik, ez\u00e9rt k\u00e9rj\u00fck, \u00e9rdekl\u0151dj\u00f6n szem\u00e9lyesen, telefonon vagy email-en.<\/b><\/p>\n<p><b>A v\u00e1ltoztat\u00e1s jog\u00e1t fenntartjuk!\u00a0<\/b><\/p>\n<p><a href=\"https:\/\/tajkertesz.com\/\">https:\/\/tajkertesz.com\/<\/a><\/p>\n<p><a href=\"https:\/\/www.facebook.com\/tajkertesz\">https:\/\/www.facebook.com\/tajkertesz<\/a><\/p>\n<p>Sz\u00e1ll\u00edt\u00e1s 200 cm \u00e9s 40 kg-ig lehets\u00e9ges fut\u00e1rszolg\u00e1lattal , egy\u00e9b m\u00e9ret eset\u00e9n egyedi sz\u00e1ll\u00edt\u00e1si felt\u00e9tel egyeztet\u00e9se sz\u00fcks\u00e9ges.<\/p>\n<p>Szem\u00e9lyes \u00e1tv\u00e9tel nyitvatart\u00e1si id\u0151ben a 17. ker\u00fclet Bakancsos utca 7. sz\u00e1m alatti Kert\u00e9szeti \u00e1rud\u00e1ban.<\/p>","protected":false},"excerpt":{"rendered":"<p>M\u00e9rete: 9,5 literes cser\u00e9pben, 150\/200 cm magass\u00e1ggal kaphat\u00f3.<\/p>","protected":false},"featured_media":21793,"template":"","meta":{"_et_pb_use_builder":"","_et_pb_old_content":"","_et_gb_content_width":""},"product_brand":[],"product_cat":[5290],"product_tag":[4359,5404,5476,107,5477],"class_list":{"0":"post-21792","1":"product","2":"type-product","3":"status-publish","4":"has-post-thumbnail","6":"product_cat-alma","7":"product_tag-alma","8":"product_tag-almafa","9":"product_tag-fuji","10":"product_tag-malus","11":"product_tag-malus-domestica","13":"first","14":"instock","15":"shipping-taxable","16":"purchasable","17":"product-type-simple"},"yoast_head":"<!-- This site is optimized with the Yoast SEO plugin v27.5 - https:\/\/yoast.com\/product\/yoast-seo-wordpress\/ -->\n<title>&#039;Fuji&#039; alma - T\u00e1jkert\u00e9sz<\/title>\n<meta name=\"description\" content=\"A &#039;Fuji&#039; alma Gy\u00fcm\u00f6lcse nagy vagy k\u00f6z\u00e9pnagy m\u00e9ret\u0171. Alakja megny\u00falt, csaknem hengeres. Az alapfajta gy\u00fcm\u00f6lcs\u00e9n a s\u00e1rg\u00e1s-z\u00f6ldes alapsz\u00edn\u0171 fel\u00fclet\u0171.\" \/>\n<meta name=\"robots\" content=\"index, follow, max-snippet:-1, max-image-preview:large, max-video-preview:-1\" \/>\n<link rel=\"canonical\" href=\"https:\/\/tajkertesz.com\/en_US\/product\/fuji-alma\/\" \/>\n<meta property=\"og:locale\" content=\"en_US\" \/>\n<meta property=\"og:type\" content=\"article\" \/>\n<meta property=\"og:title\" content=\"&#039;Fuji&#039; alma - T\u00e1jkert\u00e9sz\" \/>\n<meta property=\"og:description\" content=\"A &#039;Fuji&#039; alma Gy\u00fcm\u00f6lcse nagy vagy k\u00f6z\u00e9pnagy m\u00e9ret\u0171. Alakja megny\u00falt, csaknem hengeres. Az alapfajta gy\u00fcm\u00f6lcs\u00e9n a s\u00e1rg\u00e1s-z\u00f6ldes alapsz\u00edn\u0171 fel\u00fclet\u0171.\" \/>\n<meta property=\"og:url\" content=\"https:\/\/tajkertesz.com\/en_US\/product\/fuji-alma\/\" \/>\n<meta property=\"og:site_name\" content=\"T\u00e1jkert\u00e9sz\" \/>\n<meta property=\"article:publisher\" content=\"https:\/\/www.facebook.com\/Tajkertesz\/\" \/>\n<meta property=\"article:modified_time\" content=\"2026-03-17T15:35:14+00:00\" \/>\n<meta property=\"og:image\" content=\"https:\/\/tajkertesz.com\/wp-content\/uploads\/2024\/11\/fuji-alma.jpg\" \/>\n\t<meta property=\"og:image:width\" content=\"489\" \/>\n\t<meta property=\"og:image:height\" content=\"550\" \/>\n\t<meta property=\"og:image:type\" content=\"image\/jpeg\" \/>\n<meta name=\"twitter:card\" content=\"summary_large_image\" \/>\n<meta name=\"twitter:label1\" content=\"Est. reading time\" \/>\n\t<meta name=\"twitter:data1\" content=\"2 minutes\" \/>\n<script type=\"application\/ld+json\" class=\"yoast-schema-graph\">{\"@context\":\"https:\\\/\\\/schema.org\",\"@graph\":[{\"@type\":\"WebPage\",\"@id\":\"https:\\\/\\\/tajkertesz.com\\\/termek\\\/fuji-alma\\\/\",\"url\":\"https:\\\/\\\/tajkertesz.com\\\/termek\\\/fuji-alma\\\/\",\"name\":\"'Fuji' alma - T\u00e1jkert\u00e9sz\",\"isPartOf\":{\"@id\":\"https:\\\/\\\/tajkertesz.com\\\/#website\"},\"primaryImageOfPage\":{\"@id\":\"https:\\\/\\\/tajkertesz.com\\\/termek\\\/fuji-alma\\\/#primaryimage\"},\"image\":{\"@id\":\"https:\\\/\\\/tajkertesz.com\\\/termek\\\/fuji-alma\\\/#primaryimage\"},\"thumbnailUrl\":\"https:\\\/\\\/tajkertesz.com\\\/wp-content\\\/uploads\\\/2024\\\/11\\\/fuji-alma.jpg\",\"datePublished\":\"2024-11-27T07:37:09+00:00\",\"dateModified\":\"2026-03-17T15:35:14+00:00\",\"description\":\"A 'Fuji' alma Gy\u00fcm\u00f6lcse nagy vagy k\u00f6z\u00e9pnagy m\u00e9ret\u0171. Alakja megny\u00falt, csaknem hengeres. Az alapfajta gy\u00fcm\u00f6lcs\u00e9n a s\u00e1rg\u00e1s-z\u00f6ldes alapsz\u00edn\u0171 fel\u00fclet\u0171.\",\"breadcrumb\":{\"@id\":\"https:\\\/\\\/tajkertesz.com\\\/termek\\\/fuji-alma\\\/#breadcrumb\"},\"inLanguage\":\"en-US\",\"potentialAction\":[{\"@type\":\"ReadAction\",\"target\":[\"https:\\\/\\\/tajkertesz.com\\\/termek\\\/fuji-alma\\\/\"]}]},{\"@type\":\"ImageObject\",\"inLanguage\":\"en-US\",\"@id\":\"https:\\\/\\\/tajkertesz.com\\\/termek\\\/fuji-alma\\\/#primaryimage\",\"url\":\"https:\\\/\\\/tajkertesz.com\\\/wp-content\\\/uploads\\\/2024\\\/11\\\/fuji-alma.jpg\",\"contentUrl\":\"https:\\\/\\\/tajkertesz.com\\\/wp-content\\\/uploads\\\/2024\\\/11\\\/fuji-alma.jpg\",\"width\":489,\"height\":550,\"caption\":\"'Fuji' alma\"},{\"@type\":\"BreadcrumbList\",\"@id\":\"https:\\\/\\\/tajkertesz.com\\\/termek\\\/fuji-alma\\\/#breadcrumb\",\"itemListElement\":[{\"@type\":\"ListItem\",\"position\":1,\"name\":\"Home\",\"item\":\"https:\\\/\\\/tajkertesz.com\\\/\"},{\"@type\":\"ListItem\",\"position\":2,\"name\":\"Kezd\u0151lap\",\"item\":\"https:\\\/\\\/tajkertesz.com\\\/\"},{\"@type\":\"ListItem\",\"position\":3,\"name\":\"&#8216;Fuji&#8217; alma\"}]},{\"@type\":\"WebSite\",\"@id\":\"https:\\\/\\\/tajkertesz.com\\\/#website\",\"url\":\"https:\\\/\\\/tajkertesz.com\\\/\",\"name\":\"T\u00e1j-Kert\u00e9sz 84 Kft.\",\"description\":\"Kert\u00e9szeti kis- \u00e9s nagykeresked\u00e9s, D\u00edszn\u00f6v\u00e9ny web\u00e1ruh\u00e1z orsz\u00e1gos h\u00e1zhozsz\u00e1ll\u00edt\u00e1ssal!\",\"publisher\":{\"@id\":\"https:\\\/\\\/tajkertesz.com\\\/#organization\"},\"potentialAction\":[{\"@type\":\"SearchAction\",\"target\":{\"@type\":\"EntryPoint\",\"urlTemplate\":\"https:\\\/\\\/tajkertesz.com\\\/?s={search_term_string}\"},\"query-input\":{\"@type\":\"PropertyValueSpecification\",\"valueRequired\":true,\"valueName\":\"search_term_string\"}}],\"inLanguage\":\"en-US\"},{\"@type\":\"Organization\",\"@id\":\"https:\\\/\\\/tajkertesz.com\\\/#organization\",\"name\":\"T\u00e1j-Kert\u00e9sz 84 Kft.\",\"url\":\"https:\\\/\\\/tajkertesz.com\\\/\",\"logo\":{\"@type\":\"ImageObject\",\"inLanguage\":\"en-US\",\"@id\":\"https:\\\/\\\/tajkertesz.com\\\/#\\\/schema\\\/logo\\\/image\\\/\",\"url\":\"https:\\\/\\\/tajkertesz.com\\\/wp-content\\\/uploads\\\/2018\\\/02\\\/logo-2-e1518678052539.png\",\"contentUrl\":\"https:\\\/\\\/tajkertesz.com\\\/wp-content\\\/uploads\\\/2018\\\/02\\\/logo-2-e1518678052539.png\",\"width\":81,\"height\":140,\"caption\":\"T\u00e1j-Kert\u00e9sz 84 Kft.\"},\"image\":{\"@id\":\"https:\\\/\\\/tajkertesz.com\\\/#\\\/schema\\\/logo\\\/image\\\/\"},\"sameAs\":[\"https:\\\/\\\/www.facebook.com\\\/Tajkertesz\\\/\"]}]}<\/script>\n<!-- \/ Yoast SEO plugin. -->","yoast_head_json":{"title":"'Fuji' alma - T\u00e1jkert\u00e9sz","description":"A 'Fuji' alma Gy\u00fcm\u00f6lcse nagy vagy k\u00f6z\u00e9pnagy m\u00e9ret\u0171. Alakja megny\u00falt, csaknem hengeres. Az alapfajta gy\u00fcm\u00f6lcs\u00e9n a s\u00e1rg\u00e1s-z\u00f6ldes alapsz\u00edn\u0171 fel\u00fclet\u0171.","robots":{"index":"index","follow":"follow","max-snippet":"max-snippet:-1","max-image-preview":"max-image-preview:large","max-video-preview":"max-video-preview:-1"},"canonical":"https:\/\/tajkertesz.com\/en_US\/product\/fuji-alma\/","og_locale":"en_US","og_type":"article","og_title":"'Fuji' alma - T\u00e1jkert\u00e9sz","og_description":"A 'Fuji' alma Gy\u00fcm\u00f6lcse nagy vagy k\u00f6z\u00e9pnagy m\u00e9ret\u0171. Alakja megny\u00falt, csaknem hengeres. Az alapfajta gy\u00fcm\u00f6lcs\u00e9n a s\u00e1rg\u00e1s-z\u00f6ldes alapsz\u00edn\u0171 fel\u00fclet\u0171.","og_url":"https:\/\/tajkertesz.com\/en_US\/product\/fuji-alma\/","og_site_name":"T\u00e1jkert\u00e9sz","article_publisher":"https:\/\/www.facebook.com\/Tajkertesz\/","article_modified_time":"2026-03-17T15:35:14+00:00","og_image":[{"width":489,"height":550,"url":"https:\/\/tajkertesz.com\/wp-content\/uploads\/2024\/11\/fuji-alma.jpg","type":"image\/jpeg"}],"twitter_card":"summary_large_image","twitter_misc":{"Est. reading time":"2 minutes"},"schema":{"@context":"https:\/\/schema.org","@graph":[{"@type":"WebPage","@id":"https:\/\/tajkertesz.com\/termek\/fuji-alma\/","url":"https:\/\/tajkertesz.com\/termek\/fuji-alma\/","name":"'Fuji' alma - T\u00e1jkert\u00e9sz","isPartOf":{"@id":"https:\/\/tajkertesz.com\/#website"},"primaryImageOfPage":{"@id":"https:\/\/tajkertesz.com\/termek\/fuji-alma\/#primaryimage"},"image":{"@id":"https:\/\/tajkertesz.com\/termek\/fuji-alma\/#primaryimage"},"thumbnailUrl":"https:\/\/tajkertesz.com\/wp-content\/uploads\/2024\/11\/fuji-alma.jpg","datePublished":"2024-11-27T07:37:09+00:00","dateModified":"2026-03-17T15:35:14+00:00","description":"A 'Fuji' alma Gy\u00fcm\u00f6lcse nagy vagy k\u00f6z\u00e9pnagy m\u00e9ret\u0171. Alakja megny\u00falt, csaknem hengeres. Az alapfajta gy\u00fcm\u00f6lcs\u00e9n a s\u00e1rg\u00e1s-z\u00f6ldes alapsz\u00edn\u0171 fel\u00fclet\u0171.","breadcrumb":{"@id":"https:\/\/tajkertesz.com\/termek\/fuji-alma\/#breadcrumb"},"inLanguage":"en-US","potentialAction":[{"@type":"ReadAction","target":["https:\/\/tajkertesz.com\/termek\/fuji-alma\/"]}]},{"@type":"ImageObject","inLanguage":"en-US","@id":"https:\/\/tajkertesz.com\/termek\/fuji-alma\/#primaryimage","url":"https:\/\/tajkertesz.com\/wp-content\/uploads\/2024\/11\/fuji-alma.jpg","contentUrl":"https:\/\/tajkertesz.com\/wp-content\/uploads\/2024\/11\/fuji-alma.jpg","width":489,"height":550,"caption":"'Fuji' alma"},{"@type":"BreadcrumbList","@id":"https:\/\/tajkertesz.com\/termek\/fuji-alma\/#breadcrumb","itemListElement":[{"@type":"ListItem","position":1,"name":"Home","item":"https:\/\/tajkertesz.com\/"},{"@type":"ListItem","position":2,"name":"Kezd\u0151lap","item":"https:\/\/tajkertesz.com\/"},{"@type":"ListItem","position":3,"name":"&#8216;Fuji&#8217; alma"}]},{"@type":"WebSite","@id":"https:\/\/tajkertesz.com\/#website","url":"https:\/\/tajkertesz.com\/","name":"T\u00e1j-Kert\u00e9sz 84 Kft.","description":"Kert\u00e9szeti kis- \u00e9s nagykeresked\u00e9s, D\u00edszn\u00f6v\u00e9ny web\u00e1ruh\u00e1z orsz\u00e1gos h\u00e1zhozsz\u00e1ll\u00edt\u00e1ssal!","publisher":{"@id":"https:\/\/tajkertesz.com\/#organization"},"potentialAction":[{"@type":"SearchAction","target":{"@type":"EntryPoint","urlTemplate":"https:\/\/tajkertesz.com\/?s={search_term_string}"},"query-input":{"@type":"PropertyValueSpecification","valueRequired":true,"valueName":"search_term_string"}}],"inLanguage":"en-US"},{"@type":"Organization","@id":"https:\/\/tajkertesz.com\/#organization","name":"T\u00e1j-Kert\u00e9sz 84 Kft.","url":"https:\/\/tajkertesz.com\/","logo":{"@type":"ImageObject","inLanguage":"en-US","@id":"https:\/\/tajkertesz.com\/#\/schema\/logo\/image\/","url":"https:\/\/tajkertesz.com\/wp-content\/uploads\/2018\/02\/logo-2-e1518678052539.png","contentUrl":"https:\/\/tajkertesz.com\/wp-content\/uploads\/2018\/02\/logo-2-e1518678052539.png","width":81,"height":140,"caption":"T\u00e1j-Kert\u00e9sz 84 Kft."},"image":{"@id":"https:\/\/tajkertesz.com\/#\/schema\/logo\/image\/"},"sameAs":["https:\/\/www.facebook.com\/Tajkertesz\/"]}]}},"_links":{"self":[{"href":"https:\/\/tajkertesz.com\/en_US\/wp-json\/wp\/v2\/product\/21792","targetHints":{"allow":["GET"]}}],"collection":[{"href":"https:\/\/tajkertesz.com\/en_US\/wp-json\/wp\/v2\/product"}],"about":[{"href":"https:\/\/tajkertesz.com\/en_US\/wp-json\/wp\/v2\/types\/product"}],"wp:featuredmedia":[{"embeddable":true,"href":"https:\/\/tajkertesz.com\/en_US\/wp-json\/wp\/v2\/media\/21793"}],"wp:attachment":[{"href":"https:\/\/tajkertesz.com\/en_US\/wp-json\/wp\/v2\/media?parent=21792"}],"wp:term":[{"taxonomy":"product_brand","embeddable":true,"href":"https:\/\/tajkertesz.com\/en_US\/wp-json\/wp\/v2\/product_brand?post=21792"},{"taxonomy":"product_cat","embeddable":true,"href":"https:\/\/tajkertesz.com\/en_US\/wp-json\/wp\/v2\/product_cat?post=21792"},{"taxonomy":"product_tag","embeddable":true,"href":"https:\/\/tajkertesz.com\/en_US\/wp-json\/wp\/v2\/product_tag?post=21792"}],"curies":[{"name":"wp","href":"https:\/\/api.w.org\/{rel}","templated":true}]}}