{"id":21797,"date":"2024-11-27T09:15:01","date_gmt":"2024-11-27T09:15:01","guid":{"rendered":"https:\/\/tajkertesz.com\/?post_type=product&#038;p=21797"},"modified":"2025-03-04T14:54:33","modified_gmt":"2025-03-04T14:54:33","slug":"skimmia-japonica-temptation-japan-derbaber-2","status":"publish","type":"product","link":"https:\/\/tajkertesz.com\/en_US\/product\/skimmia-japonica-temptation-japan-derbaber-2\/","title":{"rendered":"Skimmia Japonica Temptation &#8211; Jap\u00e1n d\u00e9rbab\u00e9r"},"content":{"rendered":"<h2 class=\"LC20lb MBeuO DKV0Md\">Skimmia Japonica Temptation &#8211; Jap\u00e1n d\u00e9rbab\u00e9r<\/h2>\n<p>Skimmia Japonica Temptation &#8211; Jap\u00e1n d\u00e9rbab\u00e9r<\/p>\n<p><span style=\"text-decoration: underline;\">Kont\u00e9neres eg\u00e9sz \u00e9vben \u00fcltethet\u0151 \u00f6r\u00f6kz\u00f6ld cserje.<\/span><\/p>\n<p>\u00d6nterm\u00e9keny kompakt, igen lassan n\u00f6v\u0151 \u00f6r\u00f6kz\u00f6ld cserje. B\u00edbor vir\u00e1gr\u00fcgyeit \u0151sszel hozza, majd tavasszal ny\u00edlnak ki feh\u00e9r, illatos vir\u00e1gai. Levele k\u00e9kesz\u00f6ld, feh\u00e9r sz\u00e9llel. Savany\u00fa talajba \u00fcltess\u00fck.<\/p>\n<p>Ez egy n\u0151ivar\u00fa d\u00e9rbab\u00e9r fajta, amikor a feh\u00e9r d\u00e9rbab\u00e9r vir\u00e1gai megterm\u00e9keny\u00fclnek, augusztus \u00e9s szeptember k\u00f6z\u00f6tt kis, \u00e9l\u00e9nkpiros bogy\u00f3kat hoznak&#8230;<\/p>\n<p>Vir\u00e1gz\u00e1s ut\u00e1n f\u00e9nyes z\u00f6ld bogy\u00f3k fejl\u0151dnek, amelyek \u00e9l\u00e9nkre, \u00e9l\u00e9nkv\u00f6r\u00f6sre \u00e9rnek \u00e9s eg\u00e9sz t\u00e9len tartanak. Ez az \u00f6r\u00f6kz\u00f6ld cserje ide\u00e1lis kont\u00e9nerekben vagy szabadf\u00f6ldbe val\u00f3 termeszt\u00e9sre, \u00e9s a legjobb, ha teljes vagy r\u00e9szleges \u00e1rny\u00e9kban termesztik.<\/p>\n<p class=\"LC20lb MBeuO DKV0Md\">Skimmia Japonica Temptation &#8211; Jap\u00e1n d\u00e9rbab\u00e9r sz\u00ednt ad a kertnek, amikor a legt\u00f6bb n\u00f6v\u00e9ny m\u00e9g alv\u00f3 \u00e1llapotban van<\/p>\n<div class=\"col-md-8\">\n<div class=\"product-tabs tabs-accordion\">\n<div class=\"tab-targets\">\n<div class=\"tab-target active\">\n<div class=\"tab-target-content prose\">Szereti a nedves, term\u00e9keny talajt, a napot vagy a r\u00e9szleges \u00e1rny\u00e9kot.<\/div>\n<\/div>\n<\/div>\n<\/div>\n<\/div>\n<div class=\"col-md-4\">\n<div class=\"shop-usps vertical\">\n<div class=\"shop-usp-wrapper\">\n<div class=\"d-flex align-items-center\">\n<div class=\"icon flex-shrink-0\"><\/div>\n<\/div>\n<\/div>\n<\/div>\n<\/div>\n<ul>\n<li>Vonz\u00f3 a m\u00e9hek \u00e9s a pillang\u00f3k sz\u00e1m\u00e1ra<\/li>\n<li>K\u00f6nnyen termeszthet\u0151<\/li>\n<li>Illatos vir\u00e1gok<\/li>\n<li>Alacsony karbantart\u00e1si ig\u00e9ny<\/li>\n<li>Magass\u00e1g 100cm<\/li>\n<\/ul>\n<h2>Rendelje meg most, hogy \u00e9lvezze ezt a sokoldal\u00fa sz\u00ednes \u00e9s hideg\u00e1ll\u00f3 cserj\u00e9t a saj\u00e1t kertj\u00e9ben!<\/h2>\n<div dir=\"auto\">1173. Budapest Bakancsos utca 7.<\/div>\n<div dir=\"auto\">Kert\u00e9szeti kis\u2013 \u00e9s nagykeresked\u00e9s<\/div>\n<div dir=\"auto\"><\/div>\n<div dir=\"auto\">\n<div><strong>K\u00e9szlet\u00fcnk napi szinten v\u00e1ltozik, ez\u00e9rt k\u00e9rj\u00fck, \u00e9rdekl\u0151dj\u00f6n szem\u00e9lyesen, telefonon vagy email-en.<\/strong><\/div>\n<div>\n<p><strong>A v\u00e1ltoztat\u00e1s jog\u00e1t fenntartjuk!\u00a0<\/strong><\/p>\n<p><a href=\"https:\/\/tajkertesz.com\/\">https:\/\/tajkertesz.com\/<\/a><\/p>\n<p><a href=\"https:\/\/www.facebook.com\/tajkertesz\/\">https:\/\/www.facebook.com\/tajkertesz\/<\/a><\/p>\n<p>Kisz\u00e1ll\u00edt\u00e1s: 200cm-ig \u00a0\u00e9s 40 kg-ig a sz\u00e1ll\u00edt\u00e1s fut\u00e1rszolg\u00e1lattal \u00a0t\u00f6rt\u00e9nik.<\/p>\n<p>Szem\u00e9lyes \u00e1tv\u00e9tel nyitvatart\u00e1si id\u0151ben a 17. ker\u00fclet Bakancsos utca 7. sz\u00e1m alatti Kert\u00e9szeti \u00e1rud\u00e1ban.<\/p>\n<\/div>\n<\/div>\n<p>&nbsp;<\/p>\n<p class=\"LC20lb MBeuO DKV0Md\"><span style=\"color: #ffffff;\">Skimmia Japonica Temptation &#8211; Jap\u00e1n d\u00e9rbab\u00e9r <span style=\"text-decoration: underline;\">Kont\u00e9neres eg\u00e9sz \u00e9vben \u00fcltethet\u0151 \u00f6r\u00f6kz\u00f6ld cserje. <\/span>\u00d6nterm\u00e9keny kompakt, igen lassan n\u00f6v\u0151 \u00f6r\u00f6kz\u00f6ld cserje. B\u00edbor vir\u00e1gr\u00fcgyeit \u0151sszel hozza, majd tavasszal ny\u00edlnak ki feh\u00e9r, illatos vir\u00e1gai. Levele k\u00e9kesz\u00f6ld, feh\u00e9r sz\u00e9llel. Savany\u00fa talajba \u00fcltess\u00fck. Ez egy n\u0151ivar\u00fa d\u00e9rbab\u00e9r fajta, amikor a feh\u00e9r d\u00e9rbab\u00e9r vir\u00e1gai megterm\u00e9keny\u00fclnek, augusztus \u00e9s szeptember k\u00f6z\u00f6tt kis, \u00e9l\u00e9nkpiros bogy\u00f3kat hoznak&#8230; Vir\u00e1gz\u00e1s ut\u00e1n f\u00e9nyes z\u00f6ld bogy\u00f3k fejl\u0151dnek, amelyek \u00e9l\u00e9nkre, \u00e9l\u00e9nkv\u00f6r\u00f6sre \u00e9rnek \u00e9s eg\u00e9sz t\u00e9len tartanak. Ez az \u00f6r\u00f6kz\u00f6ld cserje ide\u00e1lis kont\u00e9nerekben vagy szabadf\u00f6ldbe val\u00f3 termeszt\u00e9sre, \u00e9s a legjobb, ha teljes vagy r\u00e9szleges \u00e1rny\u00e9kban termesztik.\u00a0 Skimmia Japonica Temptation &#8211; Jap\u00e1n d\u00e9rbab\u00e9r sz\u00ednt ad a kertnek, amikor a legt\u00f6bb n\u00f6v\u00e9ny m\u00e9g alv\u00f3 \u00e1llapotban vanSzereti a nedves, term\u00e9keny talajt, a napot vagy a r\u00e9szleges \u00e1rny\u00e9kot.<\/span><\/p>\n<p><span style=\"color: #ffffff;\">Vonz\u00f3 a m\u00e9hek \u00e9s a pillang\u00f3k sz\u00e1m\u00e1ra<\/span><\/p>\n<p><span style=\"color: #ffffff;\">K\u00f6nnyen termeszthet\u0151<\/span><\/p>\n<p><span style=\"color: #ffffff;\">Illatos vir\u00e1gok<\/span><\/p>\n<p><span style=\"color: #ffffff;\">Alacsony karbantart\u00e1si ig\u00e9ny<\/span><\/p>\n<p><span style=\"color: #ffffff;\">Magass\u00e1g 100cm<\/span><\/p>","protected":false},"excerpt":{"rendered":"<p>Kont\u00e9neres \u00f6r\u00f6kz\u00f6ld cserje.<\/p>\n<p>Magass\u00e1ga 35\/40cm<\/p>\n<p>5L-es kont\u00e9nerben<\/p>\n<p>Ez egy n\u0151ivar\u00fa d\u00e9rbab\u00e9r fajta, amikor a feh\u00e9r d\u00e9rbab\u00e9r vir\u00e1gai megterm\u00e9keny\u00fclnek, augusztus \u00e9s szeptember k\u00f6z\u00f6tt kis, \u00e9l\u00e9nkpiros bogy\u00f3kat hoznak&#8230;<\/p>\n<div id=\"bodyContent\" class=\"mw-body-content\">\n<div id=\"mw-content-text\" class=\"mw-content-ltr\" dir=\"ltr\" lang=\"hu\">\n<div id=\"bodyContent\" class=\"mw-body-content\">\n<div id=\"mw-content-text\" class=\"mw-content-ltr\" dir=\"ltr\" lang=\"hu\">\n<p><b>K\u00e9szlet\u00fcnk napi szinten v\u00e1ltozik, ez\u00e9rt k\u00e9rj\u00fck, \u00e9rdekl\u0151dj\u00f6n szem\u00e9lyesen, telefonon vagy email-en.<\/b><\/p>\n<p>Term\u00e9keinket szem\u00e9lyesen is \u00e1tveheti a h\u00e9t minden napj\u00e1n nyitvatart\u00e1si id\u0151ben!<\/p>\n<p>Kisz\u00e1ll\u00edt\u00e1s: 200 cm \u00e9s 40 kg-ig a sz\u00e1ll\u00edt\u00e1s fut\u00e1rszolg\u00e1lattal t\u00f6rt\u00e9nik.<\/p>\n<\/div>\n<\/div>\n<\/div>\n<\/div>\n<p><b>A v\u00e1ltoztat\u00e1s jog\u00e1t fenntartjuk!\u00a0<\/b><\/p>\n<p>&nbsp;<\/p>","protected":false},"featured_media":21798,"template":"","meta":{"_et_pb_use_builder":"","_et_pb_old_content":"","_et_gb_content_width":""},"product_brand":[],"product_cat":[27],"product_tag":[73,4446,4405],"class_list":{"0":"post-21797","1":"product","2":"type-product","3":"status-publish","4":"has-post-thumbnail","6":"product_cat-cserjek","7":"product_tag-cserje","8":"product_tag-derbaber","9":"product_tag-skimmia","11":"first","12":"outofstock","13":"shipping-taxable","14":"purchasable","15":"product-type-simple"},"yoast_head":"<!-- This site is optimized with the Yoast SEO plugin v27.4 - https:\/\/yoast.com\/product\/yoast-seo-wordpress\/ -->\n<title>Skimmia Japonica Temptation - Jap\u00e1n d\u00e9rbab\u00e9r - T\u00e1jkert\u00e9sz<\/title>\n<meta name=\"description\" content=\"Skimmia Japonica Temptation - Jap\u00e1n d\u00e9rbab\u00e9r. N\u0151ivar\u00fa d\u00e9rbab\u00e9r fajta, amikor a feh\u00e9r d\u00e9rbab\u00e9r vir\u00e1gai megterm\u00e9keny\u00fclnek kis, \u00e9l\u00e9nkpiros bogy\u00f3kat hoznak...\" \/>\n<meta name=\"robots\" content=\"index, follow, max-snippet:-1, max-image-preview:large, max-video-preview:-1\" \/>\n<link rel=\"canonical\" href=\"https:\/\/tajkertesz.com\/en_US\/product\/skimmia-japonica-temptation-japan-derbaber-2\/\" \/>\n<meta property=\"og:locale\" content=\"en_US\" \/>\n<meta property=\"og:type\" content=\"article\" \/>\n<meta property=\"og:title\" content=\"Skimmia Japonica Temptation - Jap\u00e1n d\u00e9rbab\u00e9r - T\u00e1jkert\u00e9sz\" \/>\n<meta property=\"og:description\" content=\"Skimmia Japonica Temptation - Jap\u00e1n d\u00e9rbab\u00e9r. N\u0151ivar\u00fa d\u00e9rbab\u00e9r fajta, amikor a feh\u00e9r d\u00e9rbab\u00e9r vir\u00e1gai megterm\u00e9keny\u00fclnek kis, \u00e9l\u00e9nkpiros bogy\u00f3kat hoznak...\" \/>\n<meta property=\"og:url\" content=\"https:\/\/tajkertesz.com\/en_US\/product\/skimmia-japonica-temptation-japan-derbaber-2\/\" \/>\n<meta property=\"og:site_name\" content=\"T\u00e1jkert\u00e9sz\" \/>\n<meta property=\"article:publisher\" content=\"https:\/\/www.facebook.com\/Tajkertesz\/\" \/>\n<meta property=\"article:modified_time\" content=\"2025-03-04T14:54:33+00:00\" \/>\n<meta property=\"og:image\" content=\"https:\/\/tajkertesz.com\/wp-content\/uploads\/2024\/11\/20241127_103809-1-scaled-e1732700774906.jpg\" \/>\n\t<meta property=\"og:image:width\" content=\"1152\" \/>\n\t<meta property=\"og:image:height\" content=\"1600\" \/>\n\t<meta property=\"og:image:type\" content=\"image\/jpeg\" \/>\n<meta name=\"twitter:card\" content=\"summary_large_image\" \/>\n<meta name=\"twitter:label1\" content=\"Est. reading time\" \/>\n\t<meta name=\"twitter:data1\" content=\"3 minutes\" \/>\n<script type=\"application\/ld+json\" class=\"yoast-schema-graph\">{\"@context\":\"https:\\\/\\\/schema.org\",\"@graph\":[{\"@type\":\"WebPage\",\"@id\":\"https:\\\/\\\/tajkertesz.com\\\/termek\\\/skimmia-japonica-temptation-japan-derbaber-2\\\/\",\"url\":\"https:\\\/\\\/tajkertesz.com\\\/termek\\\/skimmia-japonica-temptation-japan-derbaber-2\\\/\",\"name\":\"Skimmia Japonica Temptation - Jap\u00e1n d\u00e9rbab\u00e9r - T\u00e1jkert\u00e9sz\",\"isPartOf\":{\"@id\":\"https:\\\/\\\/tajkertesz.com\\\/#website\"},\"primaryImageOfPage\":{\"@id\":\"https:\\\/\\\/tajkertesz.com\\\/termek\\\/skimmia-japonica-temptation-japan-derbaber-2\\\/#primaryimage\"},\"image\":{\"@id\":\"https:\\\/\\\/tajkertesz.com\\\/termek\\\/skimmia-japonica-temptation-japan-derbaber-2\\\/#primaryimage\"},\"thumbnailUrl\":\"https:\\\/\\\/tajkertesz.com\\\/wp-content\\\/uploads\\\/2024\\\/11\\\/20241127_103809-1-scaled-e1732700774906.jpg\",\"datePublished\":\"2024-11-27T09:15:01+00:00\",\"dateModified\":\"2025-03-04T14:54:33+00:00\",\"description\":\"Skimmia Japonica Temptation - Jap\u00e1n d\u00e9rbab\u00e9r. N\u0151ivar\u00fa d\u00e9rbab\u00e9r fajta, amikor a feh\u00e9r d\u00e9rbab\u00e9r vir\u00e1gai megterm\u00e9keny\u00fclnek kis, \u00e9l\u00e9nkpiros bogy\u00f3kat hoznak...\",\"breadcrumb\":{\"@id\":\"https:\\\/\\\/tajkertesz.com\\\/termek\\\/skimmia-japonica-temptation-japan-derbaber-2\\\/#breadcrumb\"},\"inLanguage\":\"en-US\",\"potentialAction\":[{\"@type\":\"ReadAction\",\"target\":[\"https:\\\/\\\/tajkertesz.com\\\/termek\\\/skimmia-japonica-temptation-japan-derbaber-2\\\/\"]}]},{\"@type\":\"ImageObject\",\"inLanguage\":\"en-US\",\"@id\":\"https:\\\/\\\/tajkertesz.com\\\/termek\\\/skimmia-japonica-temptation-japan-derbaber-2\\\/#primaryimage\",\"url\":\"https:\\\/\\\/tajkertesz.com\\\/wp-content\\\/uploads\\\/2024\\\/11\\\/20241127_103809-1-scaled-e1732700774906.jpg\",\"contentUrl\":\"https:\\\/\\\/tajkertesz.com\\\/wp-content\\\/uploads\\\/2024\\\/11\\\/20241127_103809-1-scaled-e1732700774906.jpg\",\"width\":1152,\"height\":1600,\"caption\":\"Skimmia Japonica Temptation - Jap\u00e1n d\u00e9rbab\u00e9r\"},{\"@type\":\"BreadcrumbList\",\"@id\":\"https:\\\/\\\/tajkertesz.com\\\/termek\\\/skimmia-japonica-temptation-japan-derbaber-2\\\/#breadcrumb\",\"itemListElement\":[{\"@type\":\"ListItem\",\"position\":1,\"name\":\"Home\",\"item\":\"https:\\\/\\\/tajkertesz.com\\\/\"},{\"@type\":\"ListItem\",\"position\":2,\"name\":\"Kezd\u0151lap\",\"item\":\"https:\\\/\\\/tajkertesz.com\\\/\"},{\"@type\":\"ListItem\",\"position\":3,\"name\":\"Skimmia Japonica Temptation &#8211; Jap\u00e1n d\u00e9rbab\u00e9r\"}]},{\"@type\":\"WebSite\",\"@id\":\"https:\\\/\\\/tajkertesz.com\\\/#website\",\"url\":\"https:\\\/\\\/tajkertesz.com\\\/\",\"name\":\"T\u00e1j-Kert\u00e9sz 84 Kft.\",\"description\":\"Kert\u00e9szeti kis- \u00e9s nagykeresked\u00e9s, D\u00edszn\u00f6v\u00e9ny web\u00e1ruh\u00e1z orsz\u00e1gos h\u00e1zhozsz\u00e1ll\u00edt\u00e1ssal!\",\"publisher\":{\"@id\":\"https:\\\/\\\/tajkertesz.com\\\/#organization\"},\"potentialAction\":[{\"@type\":\"SearchAction\",\"target\":{\"@type\":\"EntryPoint\",\"urlTemplate\":\"https:\\\/\\\/tajkertesz.com\\\/?s={search_term_string}\"},\"query-input\":{\"@type\":\"PropertyValueSpecification\",\"valueRequired\":true,\"valueName\":\"search_term_string\"}}],\"inLanguage\":\"en-US\"},{\"@type\":\"Organization\",\"@id\":\"https:\\\/\\\/tajkertesz.com\\\/#organization\",\"name\":\"T\u00e1j-Kert\u00e9sz 84 Kft.\",\"url\":\"https:\\\/\\\/tajkertesz.com\\\/\",\"logo\":{\"@type\":\"ImageObject\",\"inLanguage\":\"en-US\",\"@id\":\"https:\\\/\\\/tajkertesz.com\\\/#\\\/schema\\\/logo\\\/image\\\/\",\"url\":\"https:\\\/\\\/tajkertesz.com\\\/wp-content\\\/uploads\\\/2018\\\/02\\\/logo-2-e1518678052539.png\",\"contentUrl\":\"https:\\\/\\\/tajkertesz.com\\\/wp-content\\\/uploads\\\/2018\\\/02\\\/logo-2-e1518678052539.png\",\"width\":81,\"height\":140,\"caption\":\"T\u00e1j-Kert\u00e9sz 84 Kft.\"},\"image\":{\"@id\":\"https:\\\/\\\/tajkertesz.com\\\/#\\\/schema\\\/logo\\\/image\\\/\"},\"sameAs\":[\"https:\\\/\\\/www.facebook.com\\\/Tajkertesz\\\/\"]}]}<\/script>\n<!-- \/ Yoast SEO plugin. -->","yoast_head_json":{"title":"Skimmia Japonica Temptation - Jap\u00e1n d\u00e9rbab\u00e9r - T\u00e1jkert\u00e9sz","description":"Skimmia Japonica Temptation - Jap\u00e1n d\u00e9rbab\u00e9r. N\u0151ivar\u00fa d\u00e9rbab\u00e9r fajta, amikor a feh\u00e9r d\u00e9rbab\u00e9r vir\u00e1gai megterm\u00e9keny\u00fclnek kis, \u00e9l\u00e9nkpiros bogy\u00f3kat hoznak...","robots":{"index":"index","follow":"follow","max-snippet":"max-snippet:-1","max-image-preview":"max-image-preview:large","max-video-preview":"max-video-preview:-1"},"canonical":"https:\/\/tajkertesz.com\/en_US\/product\/skimmia-japonica-temptation-japan-derbaber-2\/","og_locale":"en_US","og_type":"article","og_title":"Skimmia Japonica Temptation - Jap\u00e1n d\u00e9rbab\u00e9r - T\u00e1jkert\u00e9sz","og_description":"Skimmia Japonica Temptation - Jap\u00e1n d\u00e9rbab\u00e9r. N\u0151ivar\u00fa d\u00e9rbab\u00e9r fajta, amikor a feh\u00e9r d\u00e9rbab\u00e9r vir\u00e1gai megterm\u00e9keny\u00fclnek kis, \u00e9l\u00e9nkpiros bogy\u00f3kat hoznak...","og_url":"https:\/\/tajkertesz.com\/en_US\/product\/skimmia-japonica-temptation-japan-derbaber-2\/","og_site_name":"T\u00e1jkert\u00e9sz","article_publisher":"https:\/\/www.facebook.com\/Tajkertesz\/","article_modified_time":"2025-03-04T14:54:33+00:00","og_image":[{"width":1152,"height":1600,"url":"https:\/\/tajkertesz.com\/wp-content\/uploads\/2024\/11\/20241127_103809-1-scaled-e1732700774906.jpg","type":"image\/jpeg"}],"twitter_card":"summary_large_image","twitter_misc":{"Est. reading time":"3 minutes"},"schema":{"@context":"https:\/\/schema.org","@graph":[{"@type":"WebPage","@id":"https:\/\/tajkertesz.com\/termek\/skimmia-japonica-temptation-japan-derbaber-2\/","url":"https:\/\/tajkertesz.com\/termek\/skimmia-japonica-temptation-japan-derbaber-2\/","name":"Skimmia Japonica Temptation - Jap\u00e1n d\u00e9rbab\u00e9r - T\u00e1jkert\u00e9sz","isPartOf":{"@id":"https:\/\/tajkertesz.com\/#website"},"primaryImageOfPage":{"@id":"https:\/\/tajkertesz.com\/termek\/skimmia-japonica-temptation-japan-derbaber-2\/#primaryimage"},"image":{"@id":"https:\/\/tajkertesz.com\/termek\/skimmia-japonica-temptation-japan-derbaber-2\/#primaryimage"},"thumbnailUrl":"https:\/\/tajkertesz.com\/wp-content\/uploads\/2024\/11\/20241127_103809-1-scaled-e1732700774906.jpg","datePublished":"2024-11-27T09:15:01+00:00","dateModified":"2025-03-04T14:54:33+00:00","description":"Skimmia Japonica Temptation - Jap\u00e1n d\u00e9rbab\u00e9r. N\u0151ivar\u00fa d\u00e9rbab\u00e9r fajta, amikor a feh\u00e9r d\u00e9rbab\u00e9r vir\u00e1gai megterm\u00e9keny\u00fclnek kis, \u00e9l\u00e9nkpiros bogy\u00f3kat hoznak...","breadcrumb":{"@id":"https:\/\/tajkertesz.com\/termek\/skimmia-japonica-temptation-japan-derbaber-2\/#breadcrumb"},"inLanguage":"en-US","potentialAction":[{"@type":"ReadAction","target":["https:\/\/tajkertesz.com\/termek\/skimmia-japonica-temptation-japan-derbaber-2\/"]}]},{"@type":"ImageObject","inLanguage":"en-US","@id":"https:\/\/tajkertesz.com\/termek\/skimmia-japonica-temptation-japan-derbaber-2\/#primaryimage","url":"https:\/\/tajkertesz.com\/wp-content\/uploads\/2024\/11\/20241127_103809-1-scaled-e1732700774906.jpg","contentUrl":"https:\/\/tajkertesz.com\/wp-content\/uploads\/2024\/11\/20241127_103809-1-scaled-e1732700774906.jpg","width":1152,"height":1600,"caption":"Skimmia Japonica Temptation - Jap\u00e1n d\u00e9rbab\u00e9r"},{"@type":"BreadcrumbList","@id":"https:\/\/tajkertesz.com\/termek\/skimmia-japonica-temptation-japan-derbaber-2\/#breadcrumb","itemListElement":[{"@type":"ListItem","position":1,"name":"Home","item":"https:\/\/tajkertesz.com\/"},{"@type":"ListItem","position":2,"name":"Kezd\u0151lap","item":"https:\/\/tajkertesz.com\/"},{"@type":"ListItem","position":3,"name":"Skimmia Japonica Temptation &#8211; Jap\u00e1n d\u00e9rbab\u00e9r"}]},{"@type":"WebSite","@id":"https:\/\/tajkertesz.com\/#website","url":"https:\/\/tajkertesz.com\/","name":"T\u00e1j-Kert\u00e9sz 84 Kft.","description":"Kert\u00e9szeti kis- \u00e9s nagykeresked\u00e9s, D\u00edszn\u00f6v\u00e9ny web\u00e1ruh\u00e1z orsz\u00e1gos h\u00e1zhozsz\u00e1ll\u00edt\u00e1ssal!","publisher":{"@id":"https:\/\/tajkertesz.com\/#organization"},"potentialAction":[{"@type":"SearchAction","target":{"@type":"EntryPoint","urlTemplate":"https:\/\/tajkertesz.com\/?s={search_term_string}"},"query-input":{"@type":"PropertyValueSpecification","valueRequired":true,"valueName":"search_term_string"}}],"inLanguage":"en-US"},{"@type":"Organization","@id":"https:\/\/tajkertesz.com\/#organization","name":"T\u00e1j-Kert\u00e9sz 84 Kft.","url":"https:\/\/tajkertesz.com\/","logo":{"@type":"ImageObject","inLanguage":"en-US","@id":"https:\/\/tajkertesz.com\/#\/schema\/logo\/image\/","url":"https:\/\/tajkertesz.com\/wp-content\/uploads\/2018\/02\/logo-2-e1518678052539.png","contentUrl":"https:\/\/tajkertesz.com\/wp-content\/uploads\/2018\/02\/logo-2-e1518678052539.png","width":81,"height":140,"caption":"T\u00e1j-Kert\u00e9sz 84 Kft."},"image":{"@id":"https:\/\/tajkertesz.com\/#\/schema\/logo\/image\/"},"sameAs":["https:\/\/www.facebook.com\/Tajkertesz\/"]}]}},"_links":{"self":[{"href":"https:\/\/tajkertesz.com\/en_US\/wp-json\/wp\/v2\/product\/21797","targetHints":{"allow":["GET"]}}],"collection":[{"href":"https:\/\/tajkertesz.com\/en_US\/wp-json\/wp\/v2\/product"}],"about":[{"href":"https:\/\/tajkertesz.com\/en_US\/wp-json\/wp\/v2\/types\/product"}],"wp:featuredmedia":[{"embeddable":true,"href":"https:\/\/tajkertesz.com\/en_US\/wp-json\/wp\/v2\/media\/21798"}],"wp:attachment":[{"href":"https:\/\/tajkertesz.com\/en_US\/wp-json\/wp\/v2\/media?parent=21797"}],"wp:term":[{"taxonomy":"product_brand","embeddable":true,"href":"https:\/\/tajkertesz.com\/en_US\/wp-json\/wp\/v2\/product_brand?post=21797"},{"taxonomy":"product_cat","embeddable":true,"href":"https:\/\/tajkertesz.com\/en_US\/wp-json\/wp\/v2\/product_cat?post=21797"},{"taxonomy":"product_tag","embeddable":true,"href":"https:\/\/tajkertesz.com\/en_US\/wp-json\/wp\/v2\/product_tag?post=21797"}],"curies":[{"name":"wp","href":"https:\/\/api.w.org\/{rel}","templated":true}]}}