{"id":2181,"date":"2020-09-29T13:38:20","date_gmt":"2020-09-29T13:38:20","guid":{"rendered":"https:\/\/tajkertesz.com\/?post_type=product&#038;p=2181"},"modified":"2024-09-10T12:54:27","modified_gmt":"2024-09-10T12:54:27","slug":"agrecol-oszi-gyeptragya-5kg","status":"publish","type":"product","link":"https:\/\/tajkertesz.com\/en_US\/product\/agrecol-oszi-gyeptragya-5kg\/","title":{"rendered":"Agrecol  \u0150szi gyeptr\u00e1gya  5kg\u00a0\u00a0"},"content":{"rendered":"<p>Agrecol \u0150szi gyeptr\u00e1gya\u00a0 5kg<\/p>\n<p><em>\u00a0Az Agrecol <strong>\u0150szi gyeptr\u00e1gya 5\u00a0 kg -os kiszerel\u00e9sben\u00a0 250 m<sup>2<\/sup>\u00a0 f\u0171fel\u00fcletre elegend\u0151..\u00a0 \u00a0 \u00a0<\/strong><\/em><\/p>\n<p>A sz\u00e9p z\u00f6ldfel\u00fclet alapvet\u0151 eleme a v\u00edz! De m\u00e9g ez kev\u00e9s a sz\u00e9p gyephez.<\/p>\n<p>A gyep fenntart\u00e1s fontos r\u00e9sze a t\u00e1panyag ut\u00e1np\u00f3tl\u00e1s, \u00e9s rendszeres f\u0171ny\u00edr\u00e1s.<\/p>\n<p>Ehhez aj\u00e1nljuk AGRECOL term\u00e9kcsal\u00e1d \u0150szi gyeptr\u00e1gy\u00e1j\u00e1t!<em><strong>\u00a0 \u00a0 \u00a0 \u00a0 \u00a0 \u00a0 \u00a0 \u00a0 \u00a0 \u00a0 \u00a0 \u00a0 \u00a0 \u00a0 \u00a0 \u00a0 \u00a0 \u00a0 \u00a0 \u00a0 \u00a0 \u00a0\u00a0<\/strong><\/em><\/p>\n<p><em>\u00d6sszet\u00e9tel: P<sub>2<\/sub>O<sub>2<\/sub> 8%, K <sub>2<\/sub>O 30%,<\/em><\/p>\n<p><em>Felhaszn\u00e1l\u00e1si javaslat: 20 g\/1 m<sup>2<\/sup> 5 kg 250 m<sup>2<\/sup>\u00a0 f\u0171fel\u00fcletre elegend\u0151.<\/em><\/p>\n<p><em>A magas k\u00e1lium tartalom biztos\u00edtja a\u00a0 gyep fel\u00fcletek t\u00e9li <\/em><em>k\u00f6r\u00fclm\u00e9nyekhez val\u00f3 alkalmazkod\u00e1s\u00e1t.<\/em><\/p>\n<p><em>Kisz\u00f3r\u00e1sa ut\u00e1n b\u0151s\u00e9gesen be kell \u00f6nt\u00f6zni.\u00a0<\/em><\/p>\n<p><em>Alkalmaz\u00e1sa augusztust\u00f3l a\u00a0 fagyokig javasolt.<\/em><em>\u00a0<\/em><\/p>\n<p><em>Gyermekekt\u0151l elz\u00e1rva tartand\u00f3. M\u00e9regjelz\u00e9s n\u00e9lk\u00fcli k\u00e9sz\u00edtm\u00e9ny.<\/em><\/p>\n<p><em>\u00a0K\u00f6zeg\u00e9szs\u00e9g\u00fcgyi szempontb\u00f3l nem vesz\u00e9lyes.<\/em><\/p>\n<p><em>Eredeti z\u00e1rt csomagol\u00e1sban sz\u00e1raz, napf\u00e9nyt\u0151l v\u00e9dett,\u00a0<\/em><em>\u00a0fagymentes helyen a csomagol\u00e1son jelzett id\u0151pontig eltarthat\u00f3.<\/em><\/p>\n<p><em>Helytelen haszn\u00e1lat\u00e9rt felel\u0151ss\u00e9get nem v\u00e1llalunk !<\/em><\/p>\n<p><em>Sz\u00e1rmaz\u00e1si hely: PL,\u00a0 \u00a0EK m\u0171tr\u00e1gya (238)<\/em><\/p>\n<p><em>\u00a0Forgalmaz\u00f3: T\u00e1j-Kert\u00e9sz 84 Kft\u00a0\u00a0\u00a0\u00a0\u00a0 \u00a0\u00a0\u00a0\u00a0\u00a0 <strong>www.tajkertesz.hu<\/strong><\/em><\/p>\n<p><a href=\"https:\/\/tajkertesz.com\/\">https:\/\/tajkertesz.com\/<\/a><\/p>\n<p><a href=\"https:\/\/hu.wikipedia.org\/wiki\/Gyep\">https:\/\/hu.wikipedia.org\/wiki\/Gyep<\/a><\/p>\n<p><a href=\"https:\/\/tajkertesz.com\/wp-content\/uploads\/2021\/05\/Agrecol-bizt.adatl_..pdf\">Agrecol bizt.adatl.<\/a><\/p>\n<h6><span id=\"A_gyep_karbantart\u00e1sa_\u00e9s_\u00e1pol\u00e1sa\" class=\"mw-headline\" style=\"color: #ffffff;\">A gyep karbantart\u00e1sa \u00e9s \u00e1pol\u00e1sa<\/span><\/h6>\n<h6><span style=\"color: #ffffff;\">A gyep l\u00e9trehoz\u00e1s\u00e1nak \u00e9s gondoz\u00e1s\u00e1nak m\u00f3dja mindig az adott kl\u00edm\u00e1nak, talajnak \u00e9s a gyep t\u00edpus\u00e1nak megfelel\u0151en v\u00e1ltozik.<\/span><\/h6>\n<h6><span style=\"color: #ffffff;\"><span id=\".C3.9Cltet.C3.A9s_.C3.A9s_vet.C3.A9s\"><\/span><span id=\"\u00dcltet\u00e9s_\u00e9s_vet\u00e9s\" class=\"mw-headline\">\u00dcltet\u00e9s \u00e9s vet\u00e9s<\/span><\/span><\/h6>\n<h6><span style=\"color: #ffffff;\">A gyepet \u00e1ltal\u00e1ban tavasszal \u00e9s kora ny\u00e1ron \u00e9s kora \u0151sszel telep\u00edtik, amikor a talaj melegebb, a leveg\u0151 pedig 15-20 Celsius-fok k\u00f6r\u00fcli. A telep\u00edt\u00e9s t\u00f6rt\u00e9nhet gyept\u00e9gl\u00e1k vagy gyepsz\u0151nyeg elhelyez\u00e9s\u00e9vel vagy f\u0171magvet\u00e9ssel, mely m\u00f3dszer a legolcs\u00f3bbak k\u00f6z\u00e9 tartozik, \u00e1m t\u00f6bb id\u0151t vesz ig\u00e9nybe, mire kialakul az igazi \u00f6sszef\u00fcgg\u0151 gyep. A gyepsz\u0151nyeg lefektet\u00e9s\u00e9vel gyakorlatilag \u201ek\u00e9sz\u201d gyepet kapunk, ez m\u00e9rs\u00e9kelt \u00e9ghajlaton szinte b\u00e1rmely \u00e9vszakban elv\u00e9gezhet\u0151, kiv\u00e9ve a forr\u00f3 nyarat. Ez a m\u00f3dszer ugyanakkor dr\u00e1g\u00e1bb, \u00e9s eleinte komolyan oda figyel\u00e9st ig\u00e9nyel az \u00f6nt\u00f6z\u00e9se.<\/span><\/h6>\n<h6><span style=\"color: #ffffff;\">A f\u0171mag elvet\u00e9s\u00e9re els\u0151sorban a tavaszi (m\u00e1rcius v\u00e9ge) \u00e9s \u0151szi (szeptember) id\u0151szak a legalkalmasabb, mivel az id\u0151j\u00e1r\u00e1s ilyenkor viszonylag m\u00e9rs\u00e9kelt, csapad\u00e9kos, a talaj nedvess\u00e9gtartalma is megfelel\u0151, \u00edgy a k\u00f6r\u00fclm\u00e9nyek ide\u00e1lisak a cs\u00edr\u00e1z\u00e1shoz.<\/span><\/h6>\n<h6><span style=\"color: #ffffff;\"><span id=\"Vegyszerek_.C3.A9s_m.C5.B1tr.C3.A1gy.C3.A1k\"><\/span><span id=\"Vegyszerek_\u00e9s_m\u0171tr\u00e1gy\u00e1k\" class=\"mw-headline\">Vegyszerek \u00e9s m\u0171tr\u00e1gy\u00e1k<\/span><\/span><\/h6>\n<h6><span style=\"color: #ffffff;\">A piacon k\u00fcl\u00f6nf\u00e9le szerves \u00e9s szervetlen\u00a0<a style=\"color: #ffffff;\" title=\"M\u0171tr\u00e1gy\u00e1z\u00e1s\" href=\"https:\/\/hu.wikipedia.org\/wiki\/M%C5%B1tr%C3%A1gy%C3%A1z%C3%A1s\">m\u0171tr\u00e1gy\u00e1k<\/a>, illetve biol\u00f3giai \u00e9s k\u00e9miai\u00a0<a class=\"mw-redirect\" style=\"color: #ffffff;\" title=\"Gyomirt\u00f3\" href=\"https:\/\/hu.wikipedia.org\/wiki\/Gyomirt%C3%B3\">gyomirt\u00f3<\/a>\u00a0szerek, rovarirt\u00f3 szerek \u00e9s gomba\u00f6l\u0151k \u00e1llnak rendelkez\u00e9sre. Ezek haszn\u00e1lat\u00e1t helyenk\u00e9nt a gyepre, a kert \u00f6kosziszt\u00e9m\u00e1j\u00e1ra, illetve a t\u00e1gabb k\u00f6rnyezetre gyakorolt hat\u00e1saik miatt korl\u00e1tozhatj\u00e1k.<sup id=\"cite_ref-7\" class=\"reference\"><a style=\"color: #ffffff;\" href=\"https:\/\/hu.wikipedia.org\/wiki\/Gyep#cite_note-7\">[7]<\/a><\/sup><sup id=\"cite_ref-globeont_8-0\" class=\"reference\"><a style=\"color: #ffffff;\" href=\"https:\/\/hu.wikipedia.org\/wiki\/Gyep#cite_note-globeont-8\">[8]<\/a><\/sup><\/span><\/h6>\n<h6><span style=\"color: #ffffff;\">A p\u00e1zsitf\u00fcvek \u00e1llapota a\u00a0<a style=\"color: #ffffff;\" title=\"Nitrog\u00e9n\" href=\"https:\/\/hu.wikipedia.org\/wiki\/Nitrog%C3%A9n\">nitrog\u00e9n<\/a>,\u00a0<a style=\"color: #ffffff;\" title=\"Foszfor\" href=\"https:\/\/hu.wikipedia.org\/wiki\/Foszfor\">foszfor<\/a>\u00a0\u00e9s\u00a0<a style=\"color: #ffffff;\" title=\"K\u00e1lium\" href=\"https:\/\/hu.wikipedia.org\/wiki\/K%C3%A1lium\">k\u00e1lium<\/a>\u00a0megfelel\u0151 adagol\u00e1s\u00e1val tarhat\u00f3 fenn, ennek \u00e9rdek\u00e9ben \u00e9vente 3-4 alkalommal \u00e9rdemes gyeptr\u00e1gy\u00e1z\u00e1st v\u00e9gezni.<\/span><\/h6>\n<h6><span style=\"color: #ffffff;\">A k\u00fcl\u00f6nf\u00e9le t\u00e1panyagok hasznos\u00edt\u00e1s\u00e1nak lehet\u0151s\u00e9geit az id\u0151j\u00e1r\u00e1s, a\u00a0<a style=\"color: #ffffff;\" title=\"Csapad\u00e9k\" href=\"https:\/\/hu.wikipedia.org\/wiki\/Csapad%C3%A9k\">csapad\u00e9k<\/a>, a talajt\u00e9nyez\u0151k nagym\u00e9rt\u00e9kben meghat\u00e1rozz\u00e1k, ez\u00e9rt nincs olyan ide\u00e1lis szerves vagy szervetlen m\u0171tr\u00e1gya, amely ide\u00e1lisan alkalmazhat\u00f3 minden gyept\u00edpus eset\u00e9ben, minden \u00f6kosziszt\u00e9m\u00e1ban.<\/span><\/h6>\n<h6><\/h6>\n","protected":false},"excerpt":{"rendered":"<div id=\"bodyContent\" class=\"mw-body-content\">\n<div id=\"mw-content-text\" class=\"mw-content-ltr\" dir=\"ltr\" lang=\"hu\">\n<div id=\"bodyContent\" class=\"mw-body-content\">\n<div id=\"mw-content-text\" class=\"mw-content-ltr\" dir=\"ltr\" lang=\"hu\">\n<p><b>K\u00e9szlet\u00fcnk napi szinten v\u00e1ltozik, ez\u00e9rt k\u00e9rj\u00fck, \u00e9rdekl\u0151dj\u00f6n szem\u00e9lyesen, telefonon vagy email-en.<\/b><\/p>\n<p>Term\u00e9keinket szem\u00e9lyesen is \u00e1tveheti a h\u00e9t minden napj\u00e1n nyitvatart\u00e1si id\u0151ben!<\/p>\n<p>Kisz\u00e1ll\u00edt\u00e1s: 200 cm \u00e9s 40 kg-is a sz\u00e1ll\u00edt\u00e1s fut\u00e1rszolg\u00e1lattal t\u00f6rt\u00e9nik.<\/p>\n<\/div>\n<\/div>\n<\/div>\n<\/div>\n<p><b>A v\u00e1ltoztat\u00e1s jog\u00e1t fenntartjuk!\u00a0<\/b><\/p>\n<p><em>\u00a0Az Agrecol <strong>\u0150szi gyeptr\u00e1gya\u00a0 5\u00a0 kg -os kiszerel\u00e9sben 250 m<sup>2<\/sup>\u00a0 f\u0171fel\u00fcletre elegend\u0151..\u00a0 \u00a0 \u00a0<\/strong><\/em><\/p>\n<p>A sz\u00e9p z\u00f6ldfel\u00fclet alapvet\u0151 eleme a v\u00edz! De m\u00e9g ez kev\u00e9s a sz\u00e9p gyephez.<\/p>\n<p>A gyep fenntart\u00e1s fontos r\u00e9sze a t\u00e1panyag ut\u00e1np\u00f3tl\u00e1s, \u00e9s rendszeres f\u0171ny\u00edr\u00e1s.<\/p>\n<p>Ehhez aj\u00e1nljuk AGRECOL term\u00e9kcsal\u00e1d \u0150szi gyeptr\u00e1gy\u00e1j\u00e1t!<em><strong>\u00a0 \u00a0<\/strong><\/em><\/p>","protected":false},"featured_media":2186,"template":"","meta":{"_et_pb_use_builder":"","_et_pb_old_content":"","_et_gb_content_width":""},"product_brand":[],"product_cat":[1416],"product_tag":[703,537,699,698],"class_list":{"0":"post-2181","1":"product","2":"type-product","3":"status-publish","4":"has-post-thumbnail","6":"product_cat-agrecol-oszi-mutragyak","7":"product_tag-5kg","8":"product_tag-agrecol","9":"product_tag-gyeptragya","10":"product_tag-oszi","12":"first","13":"outofstock","14":"shipping-taxable","15":"product-type-simple"},"yoast_head":"<!-- This site is optimized with the Yoast SEO plugin v27.3 - https:\/\/yoast.com\/product\/yoast-seo-wordpress\/ -->\n<title>Agrecol \u0150szi gyeptr\u00e1gya 5kg\u00a0\u00a0 - T\u00e1jkert\u00e9sz<\/title>\n<meta name=\"description\" content=\"A sz\u00e9p gyep alapvet\u0151 eleme a v\u00edz \u00e9s a t\u00e1panyagut\u00e1np\u00f3tl\u00e1s. Ehhez aj\u00e1nljuk AGRECOL term\u00e9kcsal\u00e1d \u0150szi gyeptr\u00e1gy\u00e1j\u00e1t! Agrecol \u0150szi gyeptr\u00e1gya\" \/>\n<meta name=\"robots\" content=\"index, follow, max-snippet:-1, max-image-preview:large, max-video-preview:-1\" \/>\n<link rel=\"canonical\" href=\"https:\/\/tajkertesz.com\/en_US\/product\/agrecol-oszi-gyeptragya-5kg\/\" \/>\n<meta property=\"og:locale\" content=\"en_US\" \/>\n<meta property=\"og:type\" content=\"article\" \/>\n<meta property=\"og:title\" content=\"Agrecol \u0150szi gyeptr\u00e1gya 5kg\u00a0\u00a0 - T\u00e1jkert\u00e9sz\" \/>\n<meta property=\"og:description\" content=\"A sz\u00e9p gyep alapvet\u0151 eleme a v\u00edz \u00e9s a t\u00e1panyagut\u00e1np\u00f3tl\u00e1s. Ehhez aj\u00e1nljuk AGRECOL term\u00e9kcsal\u00e1d \u0150szi gyeptr\u00e1gy\u00e1j\u00e1t! Agrecol \u0150szi gyeptr\u00e1gya\" \/>\n<meta property=\"og:url\" content=\"https:\/\/tajkertesz.com\/en_US\/product\/agrecol-oszi-gyeptragya-5kg\/\" \/>\n<meta property=\"og:site_name\" content=\"T\u00e1jkert\u00e9sz\" \/>\n<meta property=\"article:publisher\" content=\"https:\/\/www.facebook.com\/Tajkertesz\/\" \/>\n<meta property=\"article:modified_time\" content=\"2024-09-10T12:54:27+00:00\" \/>\n<meta property=\"og:image\" content=\"https:\/\/tajkertesz.com\/wp-content\/uploads\/2020\/09\/Agrecol-oszi-gyep-5-kg.jpg\" \/>\n\t<meta property=\"og:image:width\" content=\"567\" \/>\n\t<meta property=\"og:image:height\" content=\"548\" \/>\n\t<meta property=\"og:image:type\" content=\"image\/jpeg\" \/>\n<meta name=\"twitter:card\" content=\"summary_large_image\" \/>\n<meta name=\"twitter:label1\" content=\"Est. reading time\" \/>\n\t<meta name=\"twitter:data1\" content=\"2 minutes\" \/>\n<script type=\"application\/ld+json\" class=\"yoast-schema-graph\">{\"@context\":\"https:\\\/\\\/schema.org\",\"@graph\":[{\"@type\":\"WebPage\",\"@id\":\"https:\\\/\\\/tajkertesz.com\\\/termek\\\/agrecol-oszi-gyeptragya-5kg\\\/\",\"url\":\"https:\\\/\\\/tajkertesz.com\\\/termek\\\/agrecol-oszi-gyeptragya-5kg\\\/\",\"name\":\"Agrecol \u0150szi gyeptr\u00e1gya 5kg\u00a0\u00a0 - T\u00e1jkert\u00e9sz\",\"isPartOf\":{\"@id\":\"https:\\\/\\\/tajkertesz.com\\\/#website\"},\"primaryImageOfPage\":{\"@id\":\"https:\\\/\\\/tajkertesz.com\\\/termek\\\/agrecol-oszi-gyeptragya-5kg\\\/#primaryimage\"},\"image\":{\"@id\":\"https:\\\/\\\/tajkertesz.com\\\/termek\\\/agrecol-oszi-gyeptragya-5kg\\\/#primaryimage\"},\"thumbnailUrl\":\"https:\\\/\\\/tajkertesz.com\\\/wp-content\\\/uploads\\\/2020\\\/09\\\/Agrecol-oszi-gyep-5-kg.jpg\",\"datePublished\":\"2020-09-29T13:38:20+00:00\",\"dateModified\":\"2024-09-10T12:54:27+00:00\",\"description\":\"A sz\u00e9p gyep alapvet\u0151 eleme a v\u00edz \u00e9s a t\u00e1panyagut\u00e1np\u00f3tl\u00e1s. Ehhez aj\u00e1nljuk AGRECOL term\u00e9kcsal\u00e1d \u0150szi gyeptr\u00e1gy\u00e1j\u00e1t! Agrecol \u0150szi gyeptr\u00e1gya\",\"breadcrumb\":{\"@id\":\"https:\\\/\\\/tajkertesz.com\\\/termek\\\/agrecol-oszi-gyeptragya-5kg\\\/#breadcrumb\"},\"inLanguage\":\"en-US\",\"potentialAction\":[{\"@type\":\"ReadAction\",\"target\":[\"https:\\\/\\\/tajkertesz.com\\\/termek\\\/agrecol-oszi-gyeptragya-5kg\\\/\"]}]},{\"@type\":\"ImageObject\",\"inLanguage\":\"en-US\",\"@id\":\"https:\\\/\\\/tajkertesz.com\\\/termek\\\/agrecol-oszi-gyeptragya-5kg\\\/#primaryimage\",\"url\":\"https:\\\/\\\/tajkertesz.com\\\/wp-content\\\/uploads\\\/2020\\\/09\\\/Agrecol-oszi-gyep-5-kg.jpg\",\"contentUrl\":\"https:\\\/\\\/tajkertesz.com\\\/wp-content\\\/uploads\\\/2020\\\/09\\\/Agrecol-oszi-gyep-5-kg.jpg\",\"width\":567,\"height\":548},{\"@type\":\"BreadcrumbList\",\"@id\":\"https:\\\/\\\/tajkertesz.com\\\/termek\\\/agrecol-oszi-gyeptragya-5kg\\\/#breadcrumb\",\"itemListElement\":[{\"@type\":\"ListItem\",\"position\":1,\"name\":\"Home\",\"item\":\"https:\\\/\\\/tajkertesz.com\\\/\"},{\"@type\":\"ListItem\",\"position\":2,\"name\":\"Kezd\u0151lap\",\"item\":\"https:\\\/\\\/tajkertesz.com\\\/\"},{\"@type\":\"ListItem\",\"position\":3,\"name\":\"Agrecol \u0150szi gyeptr\u00e1gya 5kg\u00a0\u00a0\"}]},{\"@type\":\"WebSite\",\"@id\":\"https:\\\/\\\/tajkertesz.com\\\/#website\",\"url\":\"https:\\\/\\\/tajkertesz.com\\\/\",\"name\":\"T\u00e1j-Kert\u00e9sz 84 Kft.\",\"description\":\"Kert\u00e9szeti kis- \u00e9s nagykeresked\u00e9s, D\u00edszn\u00f6v\u00e9ny web\u00e1ruh\u00e1z orsz\u00e1gos h\u00e1zhozsz\u00e1ll\u00edt\u00e1ssal!\",\"publisher\":{\"@id\":\"https:\\\/\\\/tajkertesz.com\\\/#organization\"},\"potentialAction\":[{\"@type\":\"SearchAction\",\"target\":{\"@type\":\"EntryPoint\",\"urlTemplate\":\"https:\\\/\\\/tajkertesz.com\\\/?s={search_term_string}\"},\"query-input\":{\"@type\":\"PropertyValueSpecification\",\"valueRequired\":true,\"valueName\":\"search_term_string\"}}],\"inLanguage\":\"en-US\"},{\"@type\":\"Organization\",\"@id\":\"https:\\\/\\\/tajkertesz.com\\\/#organization\",\"name\":\"T\u00e1j-Kert\u00e9sz 84 Kft.\",\"url\":\"https:\\\/\\\/tajkertesz.com\\\/\",\"logo\":{\"@type\":\"ImageObject\",\"inLanguage\":\"en-US\",\"@id\":\"https:\\\/\\\/tajkertesz.com\\\/#\\\/schema\\\/logo\\\/image\\\/\",\"url\":\"https:\\\/\\\/tajkertesz.com\\\/wp-content\\\/uploads\\\/2018\\\/02\\\/logo-2-e1518678052539.png\",\"contentUrl\":\"https:\\\/\\\/tajkertesz.com\\\/wp-content\\\/uploads\\\/2018\\\/02\\\/logo-2-e1518678052539.png\",\"width\":81,\"height\":140,\"caption\":\"T\u00e1j-Kert\u00e9sz 84 Kft.\"},\"image\":{\"@id\":\"https:\\\/\\\/tajkertesz.com\\\/#\\\/schema\\\/logo\\\/image\\\/\"},\"sameAs\":[\"https:\\\/\\\/www.facebook.com\\\/Tajkertesz\\\/\"]}]}<\/script>\n<!-- \/ Yoast SEO plugin. -->","yoast_head_json":{"title":"Agrecol \u0150szi gyeptr\u00e1gya 5kg\u00a0\u00a0 - T\u00e1jkert\u00e9sz","description":"A sz\u00e9p gyep alapvet\u0151 eleme a v\u00edz \u00e9s a t\u00e1panyagut\u00e1np\u00f3tl\u00e1s. Ehhez aj\u00e1nljuk AGRECOL term\u00e9kcsal\u00e1d \u0150szi gyeptr\u00e1gy\u00e1j\u00e1t! Agrecol \u0150szi gyeptr\u00e1gya","robots":{"index":"index","follow":"follow","max-snippet":"max-snippet:-1","max-image-preview":"max-image-preview:large","max-video-preview":"max-video-preview:-1"},"canonical":"https:\/\/tajkertesz.com\/en_US\/product\/agrecol-oszi-gyeptragya-5kg\/","og_locale":"en_US","og_type":"article","og_title":"Agrecol \u0150szi gyeptr\u00e1gya 5kg\u00a0\u00a0 - T\u00e1jkert\u00e9sz","og_description":"A sz\u00e9p gyep alapvet\u0151 eleme a v\u00edz \u00e9s a t\u00e1panyagut\u00e1np\u00f3tl\u00e1s. Ehhez aj\u00e1nljuk AGRECOL term\u00e9kcsal\u00e1d \u0150szi gyeptr\u00e1gy\u00e1j\u00e1t! Agrecol \u0150szi gyeptr\u00e1gya","og_url":"https:\/\/tajkertesz.com\/en_US\/product\/agrecol-oszi-gyeptragya-5kg\/","og_site_name":"T\u00e1jkert\u00e9sz","article_publisher":"https:\/\/www.facebook.com\/Tajkertesz\/","article_modified_time":"2024-09-10T12:54:27+00:00","og_image":[{"width":567,"height":548,"url":"https:\/\/tajkertesz.com\/wp-content\/uploads\/2020\/09\/Agrecol-oszi-gyep-5-kg.jpg","type":"image\/jpeg"}],"twitter_card":"summary_large_image","twitter_misc":{"Est. reading time":"2 minutes"},"schema":{"@context":"https:\/\/schema.org","@graph":[{"@type":"WebPage","@id":"https:\/\/tajkertesz.com\/termek\/agrecol-oszi-gyeptragya-5kg\/","url":"https:\/\/tajkertesz.com\/termek\/agrecol-oszi-gyeptragya-5kg\/","name":"Agrecol \u0150szi gyeptr\u00e1gya 5kg\u00a0\u00a0 - T\u00e1jkert\u00e9sz","isPartOf":{"@id":"https:\/\/tajkertesz.com\/#website"},"primaryImageOfPage":{"@id":"https:\/\/tajkertesz.com\/termek\/agrecol-oszi-gyeptragya-5kg\/#primaryimage"},"image":{"@id":"https:\/\/tajkertesz.com\/termek\/agrecol-oszi-gyeptragya-5kg\/#primaryimage"},"thumbnailUrl":"https:\/\/tajkertesz.com\/wp-content\/uploads\/2020\/09\/Agrecol-oszi-gyep-5-kg.jpg","datePublished":"2020-09-29T13:38:20+00:00","dateModified":"2024-09-10T12:54:27+00:00","description":"A sz\u00e9p gyep alapvet\u0151 eleme a v\u00edz \u00e9s a t\u00e1panyagut\u00e1np\u00f3tl\u00e1s. Ehhez aj\u00e1nljuk AGRECOL term\u00e9kcsal\u00e1d \u0150szi gyeptr\u00e1gy\u00e1j\u00e1t! Agrecol \u0150szi gyeptr\u00e1gya","breadcrumb":{"@id":"https:\/\/tajkertesz.com\/termek\/agrecol-oszi-gyeptragya-5kg\/#breadcrumb"},"inLanguage":"en-US","potentialAction":[{"@type":"ReadAction","target":["https:\/\/tajkertesz.com\/termek\/agrecol-oszi-gyeptragya-5kg\/"]}]},{"@type":"ImageObject","inLanguage":"en-US","@id":"https:\/\/tajkertesz.com\/termek\/agrecol-oszi-gyeptragya-5kg\/#primaryimage","url":"https:\/\/tajkertesz.com\/wp-content\/uploads\/2020\/09\/Agrecol-oszi-gyep-5-kg.jpg","contentUrl":"https:\/\/tajkertesz.com\/wp-content\/uploads\/2020\/09\/Agrecol-oszi-gyep-5-kg.jpg","width":567,"height":548},{"@type":"BreadcrumbList","@id":"https:\/\/tajkertesz.com\/termek\/agrecol-oszi-gyeptragya-5kg\/#breadcrumb","itemListElement":[{"@type":"ListItem","position":1,"name":"Home","item":"https:\/\/tajkertesz.com\/"},{"@type":"ListItem","position":2,"name":"Kezd\u0151lap","item":"https:\/\/tajkertesz.com\/"},{"@type":"ListItem","position":3,"name":"Agrecol \u0150szi gyeptr\u00e1gya 5kg\u00a0\u00a0"}]},{"@type":"WebSite","@id":"https:\/\/tajkertesz.com\/#website","url":"https:\/\/tajkertesz.com\/","name":"T\u00e1j-Kert\u00e9sz 84 Kft.","description":"Kert\u00e9szeti kis- \u00e9s nagykeresked\u00e9s, D\u00edszn\u00f6v\u00e9ny web\u00e1ruh\u00e1z orsz\u00e1gos h\u00e1zhozsz\u00e1ll\u00edt\u00e1ssal!","publisher":{"@id":"https:\/\/tajkertesz.com\/#organization"},"potentialAction":[{"@type":"SearchAction","target":{"@type":"EntryPoint","urlTemplate":"https:\/\/tajkertesz.com\/?s={search_term_string}"},"query-input":{"@type":"PropertyValueSpecification","valueRequired":true,"valueName":"search_term_string"}}],"inLanguage":"en-US"},{"@type":"Organization","@id":"https:\/\/tajkertesz.com\/#organization","name":"T\u00e1j-Kert\u00e9sz 84 Kft.","url":"https:\/\/tajkertesz.com\/","logo":{"@type":"ImageObject","inLanguage":"en-US","@id":"https:\/\/tajkertesz.com\/#\/schema\/logo\/image\/","url":"https:\/\/tajkertesz.com\/wp-content\/uploads\/2018\/02\/logo-2-e1518678052539.png","contentUrl":"https:\/\/tajkertesz.com\/wp-content\/uploads\/2018\/02\/logo-2-e1518678052539.png","width":81,"height":140,"caption":"T\u00e1j-Kert\u00e9sz 84 Kft."},"image":{"@id":"https:\/\/tajkertesz.com\/#\/schema\/logo\/image\/"},"sameAs":["https:\/\/www.facebook.com\/Tajkertesz\/"]}]}},"_links":{"self":[{"href":"https:\/\/tajkertesz.com\/en_US\/wp-json\/wp\/v2\/product\/2181","targetHints":{"allow":["GET"]}}],"collection":[{"href":"https:\/\/tajkertesz.com\/en_US\/wp-json\/wp\/v2\/product"}],"about":[{"href":"https:\/\/tajkertesz.com\/en_US\/wp-json\/wp\/v2\/types\/product"}],"wp:featuredmedia":[{"embeddable":true,"href":"https:\/\/tajkertesz.com\/en_US\/wp-json\/wp\/v2\/media\/2186"}],"wp:attachment":[{"href":"https:\/\/tajkertesz.com\/en_US\/wp-json\/wp\/v2\/media?parent=2181"}],"wp:term":[{"taxonomy":"product_brand","embeddable":true,"href":"https:\/\/tajkertesz.com\/en_US\/wp-json\/wp\/v2\/product_brand?post=2181"},{"taxonomy":"product_cat","embeddable":true,"href":"https:\/\/tajkertesz.com\/en_US\/wp-json\/wp\/v2\/product_cat?post=2181"},{"taxonomy":"product_tag","embeddable":true,"href":"https:\/\/tajkertesz.com\/en_US\/wp-json\/wp\/v2\/product_tag?post=2181"}],"curies":[{"name":"wp","href":"https:\/\/api.w.org\/{rel}","templated":true}]}}