{"id":21836,"date":"2024-11-28T12:15:48","date_gmt":"2024-11-28T12:15:48","guid":{"rendered":"https:\/\/tajkertesz.com\/?post_type=product&#038;p=21836"},"modified":"2025-04-30T13:26:17","modified_gmt":"2025-04-30T13:26:17","slug":"ginkgo-biloba-mariken-torpe-gomb-pafranyfenyo-2","status":"publish","type":"product","link":"https:\/\/tajkertesz.com\/en_US\/product\/ginkgo-biloba-mariken-torpe-gomb-pafranyfenyo-2\/","title":{"rendered":"Ginkgo biloba &#8216;Mariken&#8217; &#8211; T\u00f6rpe g\u00f6mb p\u00e1fr\u00e1nyfeny\u0151"},"content":{"rendered":"<h1 class=\"tit\">Ginkgo biloba &#8216;Mariken&#8217; &#8211; T\u00f6rpe g\u00f6mb p\u00e1fr\u00e1nyfeny\u0151<\/h1>\n<p class=\"tit\">Ginkgo biloba &#8216;Mariken&#8217; &#8211; T\u00f6rpe g\u00f6mb p\u00e1fr\u00e1nyfeny\u0151\u00a0alacsony vagy magas t\u00f6rzs\u0171 bonsai hat\u00e1s\u00fa oltv\u00e1nyk\u00fcl\u00f6nlegess\u00e9g. Szab\u00e1lytalan s\u0171r\u0171 g\u00f6mbkoron\u00e1j\u00fa lombhullat\u00f3 fa. Kifejlett koronam\u00e9rete 1-1,5 m k\u00f6r\u00fcl van. A p\u00e1fr\u00e1nyfeny\u0151t sokf\u00e9lek\u00e9ppen fel lehet haszn\u00e1lni sz\u00edv\u00f3ss\u00e1ga, sz\u00e9p k\u00fclseje, \u00e9s gy\u00f3gyhat\u00e1sa miatt. A p\u00e1fr\u00e1nyfeny\u0151 kedveli a f\u00e9lnedves talajt \u00e9s a sok f\u00e9nyt. J\u00f3l \u00e9l a puha, j\u00f3 v\u00edzelvezet\u00e9s\u0171, homokos f\u00f6ldben. De nem t\u00fal v\u00e1logat\u00f3s a talaj t\u00edpus\u00e1t illet\u0151en, megfelel neki a l\u00fagos \u00e9s savas talaj egyar\u00e1nt. Levelei legyez\u0151 alak\u00faak, k\u00f6z\u00e9pen behas\u00edtottak.<\/p>\n<p>Eg\u00e9sz \u00e9vben \u00fcltethet\u0151 kont\u00e9neres t\u00f6rzsre oltott d\u00edszfa.<\/p>\n<p>Jelen term\u00e9k\u00fcnk: t\u00f6rzsmagass\u00e1ga 180cm<\/p>\n<p>T\u00f6rzsm\u00e9rete: 6\/8cm<\/p>\n<p>Kont\u00e9ner m\u00e9rete: 25L.<\/p>\n<p style=\"line-height: 18.0pt; background: white; margin: 0cm 0cm 15.0pt 0cm;\"><span style=\"font-family: Ubuntu, serif; color: black;\">El\u00e9rhet\u0151 t\u00f6bbf\u00e9le m\u00e9retben \u00e9s \u00e1rban.<\/span><\/p>\n<p style=\"line-height: 18.0pt; background: white; margin: 0cm 0cm 15.0pt 0cm;\"><b><span style=\"font-family: 'Ubuntu',serif; color: black;\">K\u00e9szlet\u00fcnk napi szinten v\u00e1ltozik, ez\u00e9rt k\u00e9rj\u00fck, \u00e9rdekl\u0151dj\u00f6n szem\u00e9lyesen, telefonon vagy email-en.<br \/>\nA v\u00e1ltoztat\u00e1s jog\u00e1t fenntartjuk!\u00a0<\/span><\/b><\/p>\n<p><a href=\"https:\/\/tajkertesz.com\/\">https:\/\/tajkertesz.com\/<\/a><\/p>\n<p><a href=\"https:\/\/www.facebook.com\/tajkertesz\">https:\/\/www.facebook.com\/tajkertesz<\/a><\/p>\n<p><img loading=\"lazy\" decoding=\"async\" class=\"alignnone size-medium wp-image-17319\" src=\"https:\/\/tajkertesz.com\/wp-content\/uploads\/2023\/10\/20231026_134657-1-154x300.jpg\" alt=\"\" width=\"154\" height=\"300\" srcset=\"https:\/\/tajkertesz.com\/wp-content\/uploads\/2023\/10\/20231026_134657-1-154x300.jpg 154w, https:\/\/tajkertesz.com\/wp-content\/uploads\/2023\/10\/20231026_134657-1-527x1024.jpg 527w, https:\/\/tajkertesz.com\/wp-content\/uploads\/2023\/10\/20231026_134657-1-768x1492.jpg 768w, https:\/\/tajkertesz.com\/wp-content\/uploads\/2023\/10\/20231026_134657-1-791x1536.jpg 791w, https:\/\/tajkertesz.com\/wp-content\/uploads\/2023\/10\/20231026_134657-1-1054x2048.jpg 1054w, https:\/\/tajkertesz.com\/wp-content\/uploads\/2023\/10\/20231026_134657-1-6x12.jpg 6w, https:\/\/tajkertesz.com\/wp-content\/uploads\/2023\/10\/20231026_134657-1-600x1166.jpg 600w, https:\/\/tajkertesz.com\/wp-content\/uploads\/2023\/10\/20231026_134657-1-64x124.jpg 64w, https:\/\/tajkertesz.com\/wp-content\/uploads\/2023\/10\/20231026_134657-1-scaled.jpg 1318w\" sizes=\"(max-width: 154px) 100vw, 154px\" \/><\/p>\n<p style=\"line-height: 18.0pt; background: white; margin: 0cm 0cm 15.0pt 0cm;\"><b><span style=\"font-family: 'Ubuntu',sans-serif; color: black;\">K\u00e9szlet\u00fcnk napi szinten v\u00e1ltozik, ez\u00e9rt k\u00e9rj\u00fck, \u00e9rdekl\u0151dj\u00f6n szem\u00e9lyesen, telefonon vagy email-en.<br \/>\nA v\u00e1ltoztat\u00e1s jog\u00e1t fenntartjuk!\u00a0<\/span><\/b><\/p>\n<p><a href=\"https:\/\/tajkertesz.com\/\">https:\/\/tajkertesz.com\/<\/a><\/p>\n<p><a href=\"https:\/\/www.facebook.com\/tajkertesz\/\">https:\/\/www.facebook.com\/tajkertesz\/<\/a><\/p>\n<p>Kisz\u00e1ll\u00edt\u00e1s: 200cm-ig \u00e9s 40 kg-ig a sz\u00e1ll\u00edt\u00e1s fut\u00e1rszolg\u00e1lattal t\u00f6rt\u00e9nik.<\/p>\n<p>Szem\u00e9lyes \u00e1tv\u00e9tel nyitvatart\u00e1si id\u0151ben a 17. ker\u00fclet Bakancsos utca 7. sz\u00e1m alatti Kert\u00e9szeti \u00e1rud\u00e1nkban.<\/p>\n<p>Kert\u00e9p\u00edt\u0151k \u00e9s viszontelad\u00f3k regisztr\u00e1l\u00e1s ut\u00e1n egyedi kedvezm\u00e9nnyel v\u00e1s\u00e1rolhatnak kert\u00e9szeti kis-\u00e9s nagykeresked\u00e9s\u00fcnkben.<\/p>\n<p>A logisztikai c\u00e9ggel t\u00f6rt\u00e9n\u0151 sz\u00e1ll\u00edt\u00e1s eset\u00e9n a partnereink\u00a0esetleges a\u00a0cs\u00fasz\u00e1sai\u00e9rt nem v\u00e1llalunk felel\u0151ss\u00e9get!<\/p>\n<p><strong>Az \u00e1rak egy darab term\u00e9kre vonatkoznak.<\/strong><\/p>\n<p><strong>J\u00f3 tudni!<\/strong><\/p>\n<p>K\u00e9pek-elt\u00e9r\u00e9sek:<\/p>\n<p>A n\u00f6v\u00e9nyekr\u0151l felt\u00f6lt\u00f6tt k\u00e9pek illusztr\u00e1ci\u00f3k. N\u00f6v\u00e9nyekn\u00e9l el\u0151fordulhatnak minim\u00e1lis elt\u00e9r\u00e9sek a k\u00e9peken szerepl\u0151 n\u00f6v\u00e9nyek \u00e9s az \u00e1tvett n\u00f6v\u00e9nyek k\u00f6z\u00f6tt, mivel minden n\u00f6v\u00e9ny egyedi.<\/p>\n<p>N\u00f6v\u00e9nyek sz\u00e1ll\u00edt\u00e1sa:<\/p>\n<p>A megrendelt n\u00f6v\u00e9nyeket igyeksz\u00fcnk a lehet\u0151 legbiztons\u00e1gosabban egyes\u00e9vel csomagolni, azonban a sz\u00e1ll\u00edt\u00e1s sor\u00e1n m\u00e9g ennek ellen\u00e9re is\u00a0bek\u00f6vetkezhetnek apr\u00f3bb s\u00e9r\u00fcl\u00e9sek (lev\u00e9l- vagy vir\u00e1ghull\u00e1s).<br \/>\nN\u00f6v\u00e9ny rendel\u00e9s eset\u00e9n k\u00e9rj\u00fck a k\u00e9zbes\u00edt\u00e9st k\u00f6vet\u0151en a lehet\u0151 leghamarabb bonts\u00e1k ki a csomagot.<\/p>\n<p><span style=\"color: #ffffff;\">\u00c1prilisban vir\u00e1gzik. Az 1-3\u00a0vir\u00e1gb\u00f3l \u00e1ll\u00f3 f\u00fcrt\u00f6k a sz\u00e1rcsom\u00f3kb\u00f3l ered\u0151 r\u00f6vidke hajt\u00e1sok cs\u00facs\u00e1n n\u0151nek. A vir\u00e1gok kicsik, nem felt\u0171n\u0151ek. A kocs\u00e1ny \u00e9s a harang alak\u00fa vacok sz\u0151r\u00f6s vagy mirigysz\u0151r\u00f6s. A cs\u00e9szelevelek visszahajl\u00f3ak, k\u00edv\u00fcl z\u00f6ldek, <\/span><\/p>","protected":false},"excerpt":{"rendered":"<p>Ginkgo biloba &#8216;Mariken&#8217; &#8211; T\u00f6rpe g\u00f6mb p\u00e1fr\u00e1nyfeny\u0151<\/p>\n<p>Alacsony vagy magas t\u00f6rzs\u0171 bonsai hat\u00e1s\u00fa oltv\u00e1nyk\u00fcl\u00f6nlegess\u00e9g. Szab\u00e1lytalan s\u0171r\u0171 g\u00f6mbkoron\u00e1j\u00fa lombhullat\u00f3 fa,\u00a0levelei \u0151sszel citroms\u00e1rg\u00e1v\u00e1 sz\u00ednez\u0151dnek&#8230;<\/p>\n<p>Jelen term\u00e9k\u00fcnk:<\/p>\n<p>T\u00f6rzsmagass\u00e1ga 180cm<\/p>\n<p>T\u00f6rzsm\u00e9rete: 6\/8cm<\/p>\n<p>Kont\u00e9ner m\u00e9rete25L.<\/p>\n<h3><span style=\"color: #ff6600;\"><strong>A term\u00e9k csak GLs- XXL-el szolg\u00e1ltat\u00e1ssal sz\u00e1ll\u00edthat\u00f3!<\/strong><\/span><\/h3>\n<div id=\"bodyContent\" class=\"mw-body-content\">\n<div id=\"mw-content-text\" class=\"mw-content-ltr\" dir=\"ltr\" lang=\"hu\">\n<div id=\"bodyContent\" class=\"mw-body-content\">\n<div id=\"mw-content-text\" class=\"mw-content-ltr\" dir=\"ltr\" lang=\"hu\">\n<p><b>K\u00e9szlet\u00fcnk napi szinten v\u00e1ltozik, ez\u00e9rt k\u00e9rj\u00fck, \u00e9rdekl\u0151dj\u00f6n szem\u00e9lyesen, telefonon vagy email-en.<\/b><\/p>\n<p>Term\u00e9keinket szem\u00e9lyesen is \u00e1tveheti a h\u00e9t minden napj\u00e1n nyitvatart\u00e1si id\u0151ben!<\/p>\n<p>Kisz\u00e1ll\u00edt\u00e1s: 200 cm \u00e9s 40 kg-ig a sz\u00e1ll\u00edt\u00e1s fut\u00e1rszolg\u00e1lattal t\u00f6rt\u00e9nik.<\/p>\n<\/div>\n<\/div>\n<\/div>\n<\/div>\n<p><b>A v\u00e1ltoztat\u00e1s jog\u00e1t fenntartjuk!\u00a0<\/b><\/p>\n<p>&nbsp;<\/p>","protected":false},"featured_media":17324,"template":"","meta":{"_et_pb_use_builder":"","_et_pb_old_content":"","_et_gb_content_width":""},"product_brand":[],"product_cat":[28],"product_tag":[1625,1624,1623],"class_list":{"0":"post-21836","1":"product","2":"type-product","3":"status-publish","4":"has-post-thumbnail","6":"product_cat-diszfak","7":"product_tag-ginkgo-biloba-mariken","8":"product_tag-gomb","9":"product_tag-pafranyfenyo-torpe","11":"first","12":"instock","13":"shipping-taxable","14":"purchasable","15":"product-type-simple"},"yoast_head":"<!-- This site is optimized with the Yoast SEO plugin v27.3 - https:\/\/yoast.com\/product\/yoast-seo-wordpress\/ -->\n<title>Ginkgo biloba &#039;Mariken&#039; - T\u00f6rpe g\u00f6mb p\u00e1fr\u00e1nyfeny\u0151 - T\u00e1jkert\u00e9sz<\/title>\n<meta name=\"description\" content=\"Ginkgo biloba &#039;Mariken&#039; - T\u00f6rpe g\u00f6mb p\u00e1fr\u00e1nyfeny\u0151 alacsony vagy magas t\u00f6rzs\u0171 bonsai hat\u00e1s\u00fa oltv\u00e1nyk\u00fcl\u00f6nlegess\u00e9g. Szab\u00e1lytalan s\u0171r\u0171\" \/>\n<meta name=\"robots\" content=\"index, follow, max-snippet:-1, max-image-preview:large, max-video-preview:-1\" \/>\n<link rel=\"canonical\" href=\"https:\/\/tajkertesz.com\/en_US\/product\/ginkgo-biloba-mariken-torpe-gomb-pafranyfenyo-2\/\" \/>\n<meta property=\"og:locale\" content=\"en_US\" \/>\n<meta property=\"og:type\" content=\"article\" \/>\n<meta property=\"og:title\" content=\"https:\/\/www.facebook.com\/tajkertesz\/\" \/>\n<meta property=\"og:description\" content=\"P\u00e1fr\u00e1nyfeny\u0151 t\u00f6rpe, g\u00f6mb , Ginkgo biloba &#039;Mariken&#039;Alacsony vagy magas t\u00f6rzs\u0171 bonsai hat\u00e1s\u00fa oltv\u00e1nyk\u00fcl\u00f6nlegess\u00e9g. Szab\u00e1lytalan s\u0171r\u0171 g\u00f6mbkoron\u00e1j\u00fa lombhullat\u00f3 fa,\u00a0levelei \u0151sszel citroms\u00e1rg\u00e1v\u00e1 sz\u00ednez\u0151dnek...\" \/>\n<meta property=\"og:url\" content=\"https:\/\/tajkertesz.com\/en_US\/product\/ginkgo-biloba-mariken-torpe-gomb-pafranyfenyo-2\/\" \/>\n<meta property=\"og:site_name\" content=\"T\u00e1jkert\u00e9sz\" \/>\n<meta property=\"article:publisher\" content=\"https:\/\/www.facebook.com\/Tajkertesz\/\" \/>\n<meta property=\"article:modified_time\" content=\"2025-04-30T13:26:17+00:00\" \/>\n<meta property=\"og:image\" content=\"https:\/\/tajkertesz.com\/wp-content\/uploads\/2023\/10\/20231026_134510-1-scaled.jpg\" \/>\n\t<meta property=\"og:image:width\" content=\"2009\" \/>\n\t<meta property=\"og:image:height\" content=\"1080\" \/>\n\t<meta property=\"og:image:type\" content=\"image\/jpeg\" \/>\n<meta name=\"twitter:card\" content=\"summary_large_image\" \/>\n<meta name=\"twitter:label1\" content=\"Est. reading time\" \/>\n\t<meta name=\"twitter:data1\" content=\"2 minutes\" \/>\n<script type=\"application\/ld+json\" class=\"yoast-schema-graph\">{\"@context\":\"https:\\\/\\\/schema.org\",\"@graph\":[{\"@type\":\"WebPage\",\"@id\":\"https:\\\/\\\/tajkertesz.com\\\/termek\\\/ginkgo-biloba-mariken-torpe-gomb-pafranyfenyo-2\\\/\",\"url\":\"https:\\\/\\\/tajkertesz.com\\\/termek\\\/ginkgo-biloba-mariken-torpe-gomb-pafranyfenyo-2\\\/\",\"name\":\"Ginkgo biloba 'Mariken' - T\u00f6rpe g\u00f6mb p\u00e1fr\u00e1nyfeny\u0151 - T\u00e1jkert\u00e9sz\",\"isPartOf\":{\"@id\":\"https:\\\/\\\/tajkertesz.com\\\/#website\"},\"primaryImageOfPage\":{\"@id\":\"https:\\\/\\\/tajkertesz.com\\\/termek\\\/ginkgo-biloba-mariken-torpe-gomb-pafranyfenyo-2\\\/#primaryimage\"},\"image\":{\"@id\":\"https:\\\/\\\/tajkertesz.com\\\/termek\\\/ginkgo-biloba-mariken-torpe-gomb-pafranyfenyo-2\\\/#primaryimage\"},\"thumbnailUrl\":\"https:\\\/\\\/tajkertesz.com\\\/wp-content\\\/uploads\\\/2023\\\/10\\\/20231026_134442-1-scaled.jpg\",\"datePublished\":\"2024-11-28T12:15:48+00:00\",\"dateModified\":\"2025-04-30T13:26:17+00:00\",\"description\":\"Ginkgo biloba 'Mariken' - T\u00f6rpe g\u00f6mb p\u00e1fr\u00e1nyfeny\u0151 alacsony vagy magas t\u00f6rzs\u0171 bonsai hat\u00e1s\u00fa oltv\u00e1nyk\u00fcl\u00f6nlegess\u00e9g. Szab\u00e1lytalan s\u0171r\u0171\",\"breadcrumb\":{\"@id\":\"https:\\\/\\\/tajkertesz.com\\\/termek\\\/ginkgo-biloba-mariken-torpe-gomb-pafranyfenyo-2\\\/#breadcrumb\"},\"inLanguage\":\"en-US\",\"potentialAction\":[{\"@type\":\"ReadAction\",\"target\":[\"https:\\\/\\\/tajkertesz.com\\\/termek\\\/ginkgo-biloba-mariken-torpe-gomb-pafranyfenyo-2\\\/\"]}]},{\"@type\":\"ImageObject\",\"inLanguage\":\"en-US\",\"@id\":\"https:\\\/\\\/tajkertesz.com\\\/termek\\\/ginkgo-biloba-mariken-torpe-gomb-pafranyfenyo-2\\\/#primaryimage\",\"url\":\"https:\\\/\\\/tajkertesz.com\\\/wp-content\\\/uploads\\\/2023\\\/10\\\/20231026_134442-1-scaled.jpg\",\"contentUrl\":\"https:\\\/\\\/tajkertesz.com\\\/wp-content\\\/uploads\\\/2023\\\/10\\\/20231026_134442-1-scaled.jpg\",\"width\":1425,\"height\":2560,\"caption\":\"Ginkgo biloba 'Mariken' - T\u00f6rpe g\u00f6mb p\u00e1fr\u00e1nyfeny\u0151\"},{\"@type\":\"BreadcrumbList\",\"@id\":\"https:\\\/\\\/tajkertesz.com\\\/termek\\\/ginkgo-biloba-mariken-torpe-gomb-pafranyfenyo-2\\\/#breadcrumb\",\"itemListElement\":[{\"@type\":\"ListItem\",\"position\":1,\"name\":\"Home\",\"item\":\"https:\\\/\\\/tajkertesz.com\\\/\"},{\"@type\":\"ListItem\",\"position\":2,\"name\":\"Kezd\u0151lap\",\"item\":\"https:\\\/\\\/tajkertesz.com\\\/\"},{\"@type\":\"ListItem\",\"position\":3,\"name\":\"Ginkgo biloba &#8216;Mariken&#8217; &#8211; T\u00f6rpe g\u00f6mb p\u00e1fr\u00e1nyfeny\u0151\"}]},{\"@type\":\"WebSite\",\"@id\":\"https:\\\/\\\/tajkertesz.com\\\/#website\",\"url\":\"https:\\\/\\\/tajkertesz.com\\\/\",\"name\":\"T\u00e1j-Kert\u00e9sz 84 Kft.\",\"description\":\"Kert\u00e9szeti kis- \u00e9s nagykeresked\u00e9s, D\u00edszn\u00f6v\u00e9ny web\u00e1ruh\u00e1z orsz\u00e1gos h\u00e1zhozsz\u00e1ll\u00edt\u00e1ssal!\",\"publisher\":{\"@id\":\"https:\\\/\\\/tajkertesz.com\\\/#organization\"},\"potentialAction\":[{\"@type\":\"SearchAction\",\"target\":{\"@type\":\"EntryPoint\",\"urlTemplate\":\"https:\\\/\\\/tajkertesz.com\\\/?s={search_term_string}\"},\"query-input\":{\"@type\":\"PropertyValueSpecification\",\"valueRequired\":true,\"valueName\":\"search_term_string\"}}],\"inLanguage\":\"en-US\"},{\"@type\":\"Organization\",\"@id\":\"https:\\\/\\\/tajkertesz.com\\\/#organization\",\"name\":\"T\u00e1j-Kert\u00e9sz 84 Kft.\",\"url\":\"https:\\\/\\\/tajkertesz.com\\\/\",\"logo\":{\"@type\":\"ImageObject\",\"inLanguage\":\"en-US\",\"@id\":\"https:\\\/\\\/tajkertesz.com\\\/#\\\/schema\\\/logo\\\/image\\\/\",\"url\":\"https:\\\/\\\/tajkertesz.com\\\/wp-content\\\/uploads\\\/2018\\\/02\\\/logo-2-e1518678052539.png\",\"contentUrl\":\"https:\\\/\\\/tajkertesz.com\\\/wp-content\\\/uploads\\\/2018\\\/02\\\/logo-2-e1518678052539.png\",\"width\":81,\"height\":140,\"caption\":\"T\u00e1j-Kert\u00e9sz 84 Kft.\"},\"image\":{\"@id\":\"https:\\\/\\\/tajkertesz.com\\\/#\\\/schema\\\/logo\\\/image\\\/\"},\"sameAs\":[\"https:\\\/\\\/www.facebook.com\\\/Tajkertesz\\\/\"]}]}<\/script>\n<!-- \/ Yoast SEO plugin. -->","yoast_head_json":{"title":"Ginkgo biloba 'Mariken' - T\u00f6rpe g\u00f6mb p\u00e1fr\u00e1nyfeny\u0151 - T\u00e1jkert\u00e9sz","description":"Ginkgo biloba 'Mariken' - T\u00f6rpe g\u00f6mb p\u00e1fr\u00e1nyfeny\u0151 alacsony vagy magas t\u00f6rzs\u0171 bonsai hat\u00e1s\u00fa oltv\u00e1nyk\u00fcl\u00f6nlegess\u00e9g. Szab\u00e1lytalan s\u0171r\u0171","robots":{"index":"index","follow":"follow","max-snippet":"max-snippet:-1","max-image-preview":"max-image-preview:large","max-video-preview":"max-video-preview:-1"},"canonical":"https:\/\/tajkertesz.com\/en_US\/product\/ginkgo-biloba-mariken-torpe-gomb-pafranyfenyo-2\/","og_locale":"en_US","og_type":"article","og_title":"https:\/\/www.facebook.com\/tajkertesz\/","og_description":"P\u00e1fr\u00e1nyfeny\u0151 t\u00f6rpe, g\u00f6mb , Ginkgo biloba 'Mariken'Alacsony vagy magas t\u00f6rzs\u0171 bonsai hat\u00e1s\u00fa oltv\u00e1nyk\u00fcl\u00f6nlegess\u00e9g. Szab\u00e1lytalan s\u0171r\u0171 g\u00f6mbkoron\u00e1j\u00fa lombhullat\u00f3 fa,\u00a0levelei \u0151sszel citroms\u00e1rg\u00e1v\u00e1 sz\u00ednez\u0151dnek...","og_url":"https:\/\/tajkertesz.com\/en_US\/product\/ginkgo-biloba-mariken-torpe-gomb-pafranyfenyo-2\/","og_site_name":"T\u00e1jkert\u00e9sz","article_publisher":"https:\/\/www.facebook.com\/Tajkertesz\/","article_modified_time":"2025-04-30T13:26:17+00:00","og_image":[{"width":2009,"height":1080,"url":"https:\/\/tajkertesz.com\/wp-content\/uploads\/2023\/10\/20231026_134510-1-scaled.jpg","type":"image\/jpeg"}],"twitter_card":"summary_large_image","twitter_misc":{"Est. reading time":"2 minutes"},"schema":{"@context":"https:\/\/schema.org","@graph":[{"@type":"WebPage","@id":"https:\/\/tajkertesz.com\/termek\/ginkgo-biloba-mariken-torpe-gomb-pafranyfenyo-2\/","url":"https:\/\/tajkertesz.com\/termek\/ginkgo-biloba-mariken-torpe-gomb-pafranyfenyo-2\/","name":"Ginkgo biloba 'Mariken' - T\u00f6rpe g\u00f6mb p\u00e1fr\u00e1nyfeny\u0151 - T\u00e1jkert\u00e9sz","isPartOf":{"@id":"https:\/\/tajkertesz.com\/#website"},"primaryImageOfPage":{"@id":"https:\/\/tajkertesz.com\/termek\/ginkgo-biloba-mariken-torpe-gomb-pafranyfenyo-2\/#primaryimage"},"image":{"@id":"https:\/\/tajkertesz.com\/termek\/ginkgo-biloba-mariken-torpe-gomb-pafranyfenyo-2\/#primaryimage"},"thumbnailUrl":"https:\/\/tajkertesz.com\/wp-content\/uploads\/2023\/10\/20231026_134442-1-scaled.jpg","datePublished":"2024-11-28T12:15:48+00:00","dateModified":"2025-04-30T13:26:17+00:00","description":"Ginkgo biloba 'Mariken' - T\u00f6rpe g\u00f6mb p\u00e1fr\u00e1nyfeny\u0151 alacsony vagy magas t\u00f6rzs\u0171 bonsai hat\u00e1s\u00fa oltv\u00e1nyk\u00fcl\u00f6nlegess\u00e9g. Szab\u00e1lytalan s\u0171r\u0171","breadcrumb":{"@id":"https:\/\/tajkertesz.com\/termek\/ginkgo-biloba-mariken-torpe-gomb-pafranyfenyo-2\/#breadcrumb"},"inLanguage":"en-US","potentialAction":[{"@type":"ReadAction","target":["https:\/\/tajkertesz.com\/termek\/ginkgo-biloba-mariken-torpe-gomb-pafranyfenyo-2\/"]}]},{"@type":"ImageObject","inLanguage":"en-US","@id":"https:\/\/tajkertesz.com\/termek\/ginkgo-biloba-mariken-torpe-gomb-pafranyfenyo-2\/#primaryimage","url":"https:\/\/tajkertesz.com\/wp-content\/uploads\/2023\/10\/20231026_134442-1-scaled.jpg","contentUrl":"https:\/\/tajkertesz.com\/wp-content\/uploads\/2023\/10\/20231026_134442-1-scaled.jpg","width":1425,"height":2560,"caption":"Ginkgo biloba 'Mariken' - T\u00f6rpe g\u00f6mb p\u00e1fr\u00e1nyfeny\u0151"},{"@type":"BreadcrumbList","@id":"https:\/\/tajkertesz.com\/termek\/ginkgo-biloba-mariken-torpe-gomb-pafranyfenyo-2\/#breadcrumb","itemListElement":[{"@type":"ListItem","position":1,"name":"Home","item":"https:\/\/tajkertesz.com\/"},{"@type":"ListItem","position":2,"name":"Kezd\u0151lap","item":"https:\/\/tajkertesz.com\/"},{"@type":"ListItem","position":3,"name":"Ginkgo biloba &#8216;Mariken&#8217; &#8211; T\u00f6rpe g\u00f6mb p\u00e1fr\u00e1nyfeny\u0151"}]},{"@type":"WebSite","@id":"https:\/\/tajkertesz.com\/#website","url":"https:\/\/tajkertesz.com\/","name":"T\u00e1j-Kert\u00e9sz 84 Kft.","description":"Kert\u00e9szeti kis- \u00e9s nagykeresked\u00e9s, D\u00edszn\u00f6v\u00e9ny web\u00e1ruh\u00e1z orsz\u00e1gos h\u00e1zhozsz\u00e1ll\u00edt\u00e1ssal!","publisher":{"@id":"https:\/\/tajkertesz.com\/#organization"},"potentialAction":[{"@type":"SearchAction","target":{"@type":"EntryPoint","urlTemplate":"https:\/\/tajkertesz.com\/?s={search_term_string}"},"query-input":{"@type":"PropertyValueSpecification","valueRequired":true,"valueName":"search_term_string"}}],"inLanguage":"en-US"},{"@type":"Organization","@id":"https:\/\/tajkertesz.com\/#organization","name":"T\u00e1j-Kert\u00e9sz 84 Kft.","url":"https:\/\/tajkertesz.com\/","logo":{"@type":"ImageObject","inLanguage":"en-US","@id":"https:\/\/tajkertesz.com\/#\/schema\/logo\/image\/","url":"https:\/\/tajkertesz.com\/wp-content\/uploads\/2018\/02\/logo-2-e1518678052539.png","contentUrl":"https:\/\/tajkertesz.com\/wp-content\/uploads\/2018\/02\/logo-2-e1518678052539.png","width":81,"height":140,"caption":"T\u00e1j-Kert\u00e9sz 84 Kft."},"image":{"@id":"https:\/\/tajkertesz.com\/#\/schema\/logo\/image\/"},"sameAs":["https:\/\/www.facebook.com\/Tajkertesz\/"]}]}},"_links":{"self":[{"href":"https:\/\/tajkertesz.com\/en_US\/wp-json\/wp\/v2\/product\/21836","targetHints":{"allow":["GET"]}}],"collection":[{"href":"https:\/\/tajkertesz.com\/en_US\/wp-json\/wp\/v2\/product"}],"about":[{"href":"https:\/\/tajkertesz.com\/en_US\/wp-json\/wp\/v2\/types\/product"}],"wp:featuredmedia":[{"embeddable":true,"href":"https:\/\/tajkertesz.com\/en_US\/wp-json\/wp\/v2\/media\/17324"}],"wp:attachment":[{"href":"https:\/\/tajkertesz.com\/en_US\/wp-json\/wp\/v2\/media?parent=21836"}],"wp:term":[{"taxonomy":"product_brand","embeddable":true,"href":"https:\/\/tajkertesz.com\/en_US\/wp-json\/wp\/v2\/product_brand?post=21836"},{"taxonomy":"product_cat","embeddable":true,"href":"https:\/\/tajkertesz.com\/en_US\/wp-json\/wp\/v2\/product_cat?post=21836"},{"taxonomy":"product_tag","embeddable":true,"href":"https:\/\/tajkertesz.com\/en_US\/wp-json\/wp\/v2\/product_tag?post=21836"}],"curies":[{"name":"wp","href":"https:\/\/api.w.org\/{rel}","templated":true}]}}