{"id":21866,"date":"2024-12-03T07:31:12","date_gmt":"2024-12-03T07:31:12","guid":{"rendered":"https:\/\/tajkertesz.com\/?post_type=product&#038;p=21866"},"modified":"2026-02-24T10:17:07","modified_gmt":"2026-02-24T10:17:07","slug":"corokia-cotoneaster-drothalos-cserje","status":"publish","type":"product","link":"https:\/\/tajkertesz.com\/en_US\/product\/corokia-cotoneaster-drothalos-cserje\/","title":{"rendered":"Corokia cotoneaster &#8211; Dr\u00f3th\u00e1l\u00f3s cserje"},"content":{"rendered":"<h1>Corokia cotoneaster &#8211; Dr\u00f3th\u00e1l\u00f3s cserje<\/h1>\n<p>A\u00a0<em>Corokia Cotoneaster &#8211; Dr\u00f3th\u00e1l\u00f3s cserje<\/em> egy kis \u00f6r\u00f6kz\u00f6ld cserje, ami \u00daj-Z\u00e9landr\u00f3l sz\u00e1rmazik. Ez a lass\u00fa n\u00f6veked\u00e9s\u0171 n\u00f6v\u00e9ny j\u00f3l b\u00edrja a sz\u00e1razs\u00e1got, egyed\u00fcl\u00e1ll\u00f3 \u00e9s exotikus megjelen\u00e9se miatt egyre elterjedtebb.<\/p>\n<p>N\u00f6v\u00e9ny m\u00e9rete: 25\/30 cm<\/p>\n<p>Cser\u00e9p m\u00e9rete 11cm<\/p>\n<p>A Corokia cotoneaster, magyarul cikkcakk cserje, egy k\u00fcl\u00f6nleges megjelen\u00e9s\u0171, \u00f6r\u00f6kz\u00f6ld cserje. Nev\u00e9t a hajt\u00e1sainak jellegzetes cikkcakk alakj\u00e1r\u00f3l kapta.<\/p>\n<p><strong>F\u0151bb jellemz\u0151i:<\/strong><\/p>\n<p><strong>Habitus:<\/strong> Fel\u00e1ll\u00f3 hajt\u00e1srendszer\u0171, v\u00e9gleges magass\u00e1ga 2-2,5 m\u00e9ter.<br \/>\n<strong>Levelek:<\/strong> Ez\u00fcst\u00f6s, kerek levelei vannak, amelyek nem t\u00fal s\u0171r\u0171n helyezkednek el.<\/p>\n<p><strong>Vir\u00e1gok:<\/strong> Tavasszal hozza s\u00e1rga vir\u00e1gait, amelyekb\u0151l k\u00e9s\u0151bb \u00e9l\u00e9nkpiros term\u00e9sek fejl\u0151dnek.<br \/>\n<strong>Talajig\u00e9ny:<\/strong> Laza szerkezet\u0171, j\u00f3 v\u00edz\u00e1tereszt\u0151 k\u00e9pess\u00e9g\u0171, t\u00e1panyagban gazdag talajt ig\u00e9nyel.<br \/>\n<strong>F\u00e9nyig\u00e9ny:<\/strong> K\u00f6zepes f\u00e9nyig\u00e9ny\u0171, napon \u00e9s f\u00e9l\u00e1rny\u00e9kban is j\u00f3l fejl\u0151dik.<\/p>\n<p>Ez a n\u00f6v\u00e9ny k\u00fcl\u00f6nleges hat\u00e1st ny\u00fajt a kertben, \u00e9s ak\u00e1r szoliterk\u00e9nt, ak\u00e1r t\u00e1rs\u00edt\u00e1sban is elhelyezhet\u0151<\/p>\n<p><strong>A Corokia cotoneaster gondoz\u00e1sa viszonylag egyszer\u0171, de n\u00e9h\u00e1ny fontos szempontot \u00e9rdemes figyelembe venni:<\/strong><\/p>\n<p><strong>\u00d6nt\u00f6z\u00e9s:<\/strong> K\u00f6zepes v\u00edzig\u00e9ny\u0171 n\u00f6v\u00e9ny, amely rendszeres \u00f6nt\u00f6z\u00e9st ig\u00e9nyel, de az asz\u00e1lyt is j\u00f3l t\u0171ri. Fontos, hogy a talaj 70-80%-ban kisz\u00e1radjon az \u00f6nt\u00f6z\u00e9sek k\u00f6z\u00f6tt, mivel \u00e9rz\u00e9keny a t\u00fal nedves talajra \u00e9s a pang\u00f3 v\u00edzre.<\/p>\n<p><strong>H\u0151m\u00e9rs\u00e9klet:<\/strong> Fagy\u00e9rz\u00e9keny n\u00f6v\u00e9ny, ez\u00e9rt a t\u00e9li h\u00f3napokra \u00e9rdemes felk\u00e9sz\u00edteni, p\u00e9ld\u00e1ul vastag mulcsr\u00e9teggel v\u00e9deni a gy\u00f6kereit.<\/p>\n<p><strong>Metsz\u00e9s:<\/strong> Nem ig\u00e9nyel rendszeres metsz\u00e9st, de ha sz\u00fcks\u00e9ges, a vir\u00e1gz\u00e1s ut\u00e1n lehet metszeni.<\/p>\n<p><strong>T\u00e1panyag:<\/strong> Akt\u00edv n\u00f6veked\u00e9si id\u0151szakban havonta egyszer \u00e9rdemes foly\u00e9kony m\u0171tr\u00e1gy\u00e1val t\u00e1panyaggal ell\u00e1tni.<\/p>\n<p style=\"line-height: 18.0pt; background: white; margin: 0cm 0cm 15.0pt 0cm;\"><b><span style=\"font-family: 'Ubuntu',sans-serif; color: black;\">K\u00e9szlet\u00fcnk napi szinten v\u00e1ltozik, ez\u00e9rt k\u00e9rj\u00fck, \u00e9rdekl\u0151dj\u00f6n szem\u00e9lyesen, telefonon vagy email-en.<br \/>\nA v\u00e1ltoztat\u00e1s jog\u00e1t fenntartjuk!\u00a0<\/span><\/b><\/p>\n<p><a href=\"https:\/\/tajkertesz.com\/\">https:\/\/tajkertesz.com\/<\/a><\/p>\n<p><a href=\"https:\/\/www.facebook.com\/tajkertesz\/\">https:\/\/www.facebook.com\/tajkertesz\/<\/a><\/p>\n<p>Kisz\u00e1ll\u00edt\u00e1s: 200cm-ig \u00e9s 40 kg-ig a sz\u00e1ll\u00edt\u00e1s fut\u00e1rszolg\u00e1lattal t\u00f6rt\u00e9nik.<\/p>\n<p>Szem\u00e9lyes \u00e1tv\u00e9tel nyitvatart\u00e1si id\u0151ben a 17. ker\u00fclet Bakancsos utca 7. sz\u00e1m alatti Kert\u00e9szeti \u00e1rud\u00e1nkban.<\/p>\n<p>Kert\u00e9p\u00edt\u0151k \u00e9s viszontelad\u00f3k regisztr\u00e1l\u00e1s ut\u00e1n egyedi kedvezm\u00e9nnyel v\u00e1s\u00e1rolhatnak kert\u00e9szeti kis-\u00e9s nagykeresked\u00e9s\u00fcnkben.<\/p>\n<p>A logisztikai c\u00e9ggel t\u00f6rt\u00e9n\u0151 sz\u00e1ll\u00edt\u00e1s eset\u00e9n a partnereink\u00a0esetleges a\u00a0cs\u00fasz\u00e1sai\u00e9rt nem v\u00e1llalunk felel\u0151ss\u00e9get!<\/p>\n<p><strong>Az \u00e1rak egy darab term\u00e9kre vonatkoznak.<\/strong><\/p>\n<p><strong>J\u00f3 tudni!<\/strong><\/p>\n<h6>K\u00e9pek-elt\u00e9r\u00e9sek:<\/h6>\n<p>A n\u00f6v\u00e9nyekr\u0151l felt\u00f6lt\u00f6tt k\u00e9pek illusztr\u00e1ci\u00f3k. N\u00f6v\u00e9nyekn\u00e9l el\u0151fordulhatnak minim\u00e1lis elt\u00e9r\u00e9sek a k\u00e9peken szerepl\u0151 n\u00f6v\u00e9nyek \u00e9s az \u00e1tvett n\u00f6v\u00e9nyek k\u00f6z\u00f6tt, mivel minden n\u00f6v\u00e9ny egyedi.<\/p>\n<h6>N\u00f6v\u00e9nyek sz\u00e1ll\u00edt\u00e1sa:<\/h6>\n<p>A megrendelt n\u00f6v\u00e9nyeket igyeksz\u00fcnk a lehet\u0151 legbiztons\u00e1gosabban egyes\u00e9vel csomagolni, azonban a sz\u00e1ll\u00edt\u00e1s sor\u00e1n m\u00e9g ennek ellen\u00e9re is\u00a0bek\u00f6vetkezhetnek apr\u00f3bb s\u00e9r\u00fcl\u00e9sek (lev\u00e9l- vagy vir\u00e1ghull\u00e1s).<br \/>\nN\u00f6v\u00e9ny rendel\u00e9s eset\u00e9n k\u00e9rj\u00fck a k\u00e9zbes\u00edt\u00e9st k\u00f6vet\u0151en a lehet\u0151 leghamarabb bonts\u00e1k ki a csomagot.<\/p>\n<p>Abban az esetben, ha a megrendelt n\u00f6v\u00e9ny\u00a0a sz\u00e1ll\u00edt\u00e1st k\u00f6vet\u0151en\u00a0nem megfelel\u0151 gondoz\u00e1sban r\u00e9szes\u00fcl \u00e9s ebb\u0151l kifoly\u00f3lag\u00a0k\u00e1rosodik,\u00a0elpusztul, felel\u0151ss\u00e9get sajnos nem tudunk v\u00e1llalni.<\/p>\n<p>V\u00e1s\u00e1rl\u00e1st\u00f3l val\u00f3 el\u00e1ll\u00e1s \u00e9l\u0151 n\u00f6v\u00e9ny v\u00e1s\u00e1rl\u00e1sa eset\u00e9n:<\/p>\n<p>Az \u00e1ltal\u00e1nos 14 napos el\u00e1ll\u00e1s lehet\u0151s\u00e9ge \u00e9l\u0151 n\u00f6v\u00e9nyekre nem vonatkozik. V\u00e1s\u00e1rl\u00e1st\u00f3l val\u00f3 el\u00e1ll\u00e1sra, visszak\u00fcld\u00e9sre nincs lehet\u0151s\u00e9g.\u00a0(17\/1999. (II. 5.) Korm. rendelet 5c pontja)<\/p>\n<p><strong>K\u00e9rj\u00fck fentiek figyelembev\u00e9tel\u00e9t n\u00f6v\u00e9ny rendel\u00e9se sor\u00e1n!<\/strong><\/p>\n<p>&nbsp;<\/p>","protected":false},"excerpt":{"rendered":"<p>A\u00a0<em>Corokia Cotoneaster &#8211; dr\u00f3th\u00e1l\u00f3s cserje<\/em> egy kis \u00f6r\u00f6kz\u00f6ld cserje, ami \u00daj-Z\u00e9landr\u00f3l sz\u00e1rmazik. Ez a lass\u00fa n\u00f6veked\u00e9s\u0171 n\u00f6v\u00e9ny j\u00f3l b\u00edrja a sz\u00e1razs\u00e1got, egyed\u00fcl\u00e1ll\u00f3 \u00e9s exotikus megjelen\u00e9se miatt egyre elterjedtebb.<\/p>\n<p>N\u00f6v\u00e9ny m\u00e9rete: 25\/30cm<\/p>\n<p>Cser\u00e9p m\u00e9rete 11cm<\/p>","protected":false},"featured_media":22566,"template":"","meta":{"_et_pb_use_builder":"","_et_pb_old_content":"","_et_gb_content_width":""},"product_brand":[],"product_cat":[2523],"product_tag":[5496,5508,73,5495],"class_list":{"0":"post-21866","1":"product","2":"type-product","3":"status-publish","4":"has-post-thumbnail","6":"product_cat-szobanovenyek","7":"product_tag-cikkcakkcserje","8":"product_tag-corokia-cotoneaster","9":"product_tag-cserje","10":"product_tag-drothalos-cserje","12":"first","13":"instock","14":"shipping-taxable","15":"purchasable","16":"product-type-simple"},"yoast_head":"<!-- This site is optimized with the Yoast SEO plugin v27.4 - https:\/\/yoast.com\/product\/yoast-seo-wordpress\/ -->\n<title>Corokia cotoneaster - Dr\u00f3th\u00e1l\u00f3s cserje - T\u00e1jkert\u00e9sz<\/title>\n<meta name=\"description\" content=\"Corokia cotoneaster - Dr\u00f3th\u00e1l\u00f3s cserje. Ez a lass\u00fa n\u00f6veked\u00e9s\u0171 n\u00f6v\u00e9ny j\u00f3l b\u00edrja a sz\u00e1razs\u00e1got, egyed\u00fcl\u00e1ll\u00f3 \u00e9s exotikus megjelen\u00e9se miatt egyre elterjedtebb.\" \/>\n<meta name=\"robots\" content=\"index, follow, max-snippet:-1, max-image-preview:large, max-video-preview:-1\" \/>\n<link rel=\"canonical\" href=\"https:\/\/tajkertesz.com\/en_US\/product\/corokia-cotoneaster-drothalos-cserje\/\" \/>\n<meta property=\"og:locale\" content=\"en_US\" \/>\n<meta property=\"og:type\" content=\"article\" \/>\n<meta property=\"og:title\" content=\"Corokia cotoneaster - Dr\u00f3th\u00e1l\u00f3s cserje - T\u00e1jkert\u00e9sz\" \/>\n<meta property=\"og:description\" content=\"Corokia cotoneaster - Dr\u00f3th\u00e1l\u00f3s cserje. Ez a lass\u00fa n\u00f6veked\u00e9s\u0171 n\u00f6v\u00e9ny j\u00f3l b\u00edrja a sz\u00e1razs\u00e1got, egyed\u00fcl\u00e1ll\u00f3 \u00e9s exotikus megjelen\u00e9se miatt egyre elterjedtebb.\" \/>\n<meta property=\"og:url\" content=\"https:\/\/tajkertesz.com\/en_US\/product\/corokia-cotoneaster-drothalos-cserje\/\" \/>\n<meta property=\"og:site_name\" content=\"T\u00e1jkert\u00e9sz\" \/>\n<meta property=\"article:publisher\" content=\"https:\/\/www.facebook.com\/Tajkertesz\/\" \/>\n<meta property=\"article:modified_time\" content=\"2026-02-24T10:17:07+00:00\" \/>\n<meta property=\"og:image\" content=\"https:\/\/tajkertesz.com\/wp-content\/uploads\/2024\/12\/20250301_150353-1-scaled.jpg\" \/>\n\t<meta property=\"og:image:width\" content=\"1442\" \/>\n\t<meta property=\"og:image:height\" content=\"2560\" \/>\n\t<meta property=\"og:image:type\" content=\"image\/jpeg\" \/>\n<meta name=\"twitter:card\" content=\"summary_large_image\" \/>\n<meta name=\"twitter:label1\" content=\"Est. reading time\" \/>\n\t<meta name=\"twitter:data1\" content=\"3 minutes\" \/>\n<script type=\"application\/ld+json\" class=\"yoast-schema-graph\">{\"@context\":\"https:\\\/\\\/schema.org\",\"@graph\":[{\"@type\":\"WebPage\",\"@id\":\"https:\\\/\\\/tajkertesz.com\\\/termek\\\/corokia-cotoneaster-drothalos-cserje\\\/\",\"url\":\"https:\\\/\\\/tajkertesz.com\\\/termek\\\/corokia-cotoneaster-drothalos-cserje\\\/\",\"name\":\"Corokia cotoneaster - Dr\u00f3th\u00e1l\u00f3s cserje - T\u00e1jkert\u00e9sz\",\"isPartOf\":{\"@id\":\"https:\\\/\\\/tajkertesz.com\\\/#website\"},\"primaryImageOfPage\":{\"@id\":\"https:\\\/\\\/tajkertesz.com\\\/termek\\\/corokia-cotoneaster-drothalos-cserje\\\/#primaryimage\"},\"image\":{\"@id\":\"https:\\\/\\\/tajkertesz.com\\\/termek\\\/corokia-cotoneaster-drothalos-cserje\\\/#primaryimage\"},\"thumbnailUrl\":\"https:\\\/\\\/tajkertesz.com\\\/wp-content\\\/uploads\\\/2024\\\/12\\\/20250301_150353-1-scaled.jpg\",\"datePublished\":\"2024-12-03T07:31:12+00:00\",\"dateModified\":\"2026-02-24T10:17:07+00:00\",\"description\":\"Corokia cotoneaster - Dr\u00f3th\u00e1l\u00f3s cserje. Ez a lass\u00fa n\u00f6veked\u00e9s\u0171 n\u00f6v\u00e9ny j\u00f3l b\u00edrja a sz\u00e1razs\u00e1got, egyed\u00fcl\u00e1ll\u00f3 \u00e9s exotikus megjelen\u00e9se miatt egyre elterjedtebb.\",\"breadcrumb\":{\"@id\":\"https:\\\/\\\/tajkertesz.com\\\/termek\\\/corokia-cotoneaster-drothalos-cserje\\\/#breadcrumb\"},\"inLanguage\":\"en-US\",\"potentialAction\":[{\"@type\":\"ReadAction\",\"target\":[\"https:\\\/\\\/tajkertesz.com\\\/termek\\\/corokia-cotoneaster-drothalos-cserje\\\/\"]}]},{\"@type\":\"ImageObject\",\"inLanguage\":\"en-US\",\"@id\":\"https:\\\/\\\/tajkertesz.com\\\/termek\\\/corokia-cotoneaster-drothalos-cserje\\\/#primaryimage\",\"url\":\"https:\\\/\\\/tajkertesz.com\\\/wp-content\\\/uploads\\\/2024\\\/12\\\/20250301_150353-1-scaled.jpg\",\"contentUrl\":\"https:\\\/\\\/tajkertesz.com\\\/wp-content\\\/uploads\\\/2024\\\/12\\\/20250301_150353-1-scaled.jpg\",\"width\":1442,\"height\":2560,\"caption\":\"Corokia cotoneaster - Dr\u00f3th\u00e1l\u00f3s cserje\"},{\"@type\":\"BreadcrumbList\",\"@id\":\"https:\\\/\\\/tajkertesz.com\\\/termek\\\/corokia-cotoneaster-drothalos-cserje\\\/#breadcrumb\",\"itemListElement\":[{\"@type\":\"ListItem\",\"position\":1,\"name\":\"Home\",\"item\":\"https:\\\/\\\/tajkertesz.com\\\/\"},{\"@type\":\"ListItem\",\"position\":2,\"name\":\"Kezd\u0151lap\",\"item\":\"https:\\\/\\\/tajkertesz.com\\\/\"},{\"@type\":\"ListItem\",\"position\":3,\"name\":\"Corokia cotoneaster &#8211; Dr\u00f3th\u00e1l\u00f3s cserje\"}]},{\"@type\":\"WebSite\",\"@id\":\"https:\\\/\\\/tajkertesz.com\\\/#website\",\"url\":\"https:\\\/\\\/tajkertesz.com\\\/\",\"name\":\"T\u00e1j-Kert\u00e9sz 84 Kft.\",\"description\":\"Kert\u00e9szeti kis- \u00e9s nagykeresked\u00e9s, D\u00edszn\u00f6v\u00e9ny web\u00e1ruh\u00e1z orsz\u00e1gos h\u00e1zhozsz\u00e1ll\u00edt\u00e1ssal!\",\"publisher\":{\"@id\":\"https:\\\/\\\/tajkertesz.com\\\/#organization\"},\"potentialAction\":[{\"@type\":\"SearchAction\",\"target\":{\"@type\":\"EntryPoint\",\"urlTemplate\":\"https:\\\/\\\/tajkertesz.com\\\/?s={search_term_string}\"},\"query-input\":{\"@type\":\"PropertyValueSpecification\",\"valueRequired\":true,\"valueName\":\"search_term_string\"}}],\"inLanguage\":\"en-US\"},{\"@type\":\"Organization\",\"@id\":\"https:\\\/\\\/tajkertesz.com\\\/#organization\",\"name\":\"T\u00e1j-Kert\u00e9sz 84 Kft.\",\"url\":\"https:\\\/\\\/tajkertesz.com\\\/\",\"logo\":{\"@type\":\"ImageObject\",\"inLanguage\":\"en-US\",\"@id\":\"https:\\\/\\\/tajkertesz.com\\\/#\\\/schema\\\/logo\\\/image\\\/\",\"url\":\"https:\\\/\\\/tajkertesz.com\\\/wp-content\\\/uploads\\\/2018\\\/02\\\/logo-2-e1518678052539.png\",\"contentUrl\":\"https:\\\/\\\/tajkertesz.com\\\/wp-content\\\/uploads\\\/2018\\\/02\\\/logo-2-e1518678052539.png\",\"width\":81,\"height\":140,\"caption\":\"T\u00e1j-Kert\u00e9sz 84 Kft.\"},\"image\":{\"@id\":\"https:\\\/\\\/tajkertesz.com\\\/#\\\/schema\\\/logo\\\/image\\\/\"},\"sameAs\":[\"https:\\\/\\\/www.facebook.com\\\/Tajkertesz\\\/\"]}]}<\/script>\n<!-- \/ Yoast SEO plugin. -->","yoast_head_json":{"title":"Corokia cotoneaster - Dr\u00f3th\u00e1l\u00f3s cserje - T\u00e1jkert\u00e9sz","description":"Corokia cotoneaster - Dr\u00f3th\u00e1l\u00f3s cserje. Ez a lass\u00fa n\u00f6veked\u00e9s\u0171 n\u00f6v\u00e9ny j\u00f3l b\u00edrja a sz\u00e1razs\u00e1got, egyed\u00fcl\u00e1ll\u00f3 \u00e9s exotikus megjelen\u00e9se miatt egyre elterjedtebb.","robots":{"index":"index","follow":"follow","max-snippet":"max-snippet:-1","max-image-preview":"max-image-preview:large","max-video-preview":"max-video-preview:-1"},"canonical":"https:\/\/tajkertesz.com\/en_US\/product\/corokia-cotoneaster-drothalos-cserje\/","og_locale":"en_US","og_type":"article","og_title":"Corokia cotoneaster - Dr\u00f3th\u00e1l\u00f3s cserje - T\u00e1jkert\u00e9sz","og_description":"Corokia cotoneaster - Dr\u00f3th\u00e1l\u00f3s cserje. Ez a lass\u00fa n\u00f6veked\u00e9s\u0171 n\u00f6v\u00e9ny j\u00f3l b\u00edrja a sz\u00e1razs\u00e1got, egyed\u00fcl\u00e1ll\u00f3 \u00e9s exotikus megjelen\u00e9se miatt egyre elterjedtebb.","og_url":"https:\/\/tajkertesz.com\/en_US\/product\/corokia-cotoneaster-drothalos-cserje\/","og_site_name":"T\u00e1jkert\u00e9sz","article_publisher":"https:\/\/www.facebook.com\/Tajkertesz\/","article_modified_time":"2026-02-24T10:17:07+00:00","og_image":[{"width":1442,"height":2560,"url":"https:\/\/tajkertesz.com\/wp-content\/uploads\/2024\/12\/20250301_150353-1-scaled.jpg","type":"image\/jpeg"}],"twitter_card":"summary_large_image","twitter_misc":{"Est. reading time":"3 minutes"},"schema":{"@context":"https:\/\/schema.org","@graph":[{"@type":"WebPage","@id":"https:\/\/tajkertesz.com\/termek\/corokia-cotoneaster-drothalos-cserje\/","url":"https:\/\/tajkertesz.com\/termek\/corokia-cotoneaster-drothalos-cserje\/","name":"Corokia cotoneaster - Dr\u00f3th\u00e1l\u00f3s cserje - T\u00e1jkert\u00e9sz","isPartOf":{"@id":"https:\/\/tajkertesz.com\/#website"},"primaryImageOfPage":{"@id":"https:\/\/tajkertesz.com\/termek\/corokia-cotoneaster-drothalos-cserje\/#primaryimage"},"image":{"@id":"https:\/\/tajkertesz.com\/termek\/corokia-cotoneaster-drothalos-cserje\/#primaryimage"},"thumbnailUrl":"https:\/\/tajkertesz.com\/wp-content\/uploads\/2024\/12\/20250301_150353-1-scaled.jpg","datePublished":"2024-12-03T07:31:12+00:00","dateModified":"2026-02-24T10:17:07+00:00","description":"Corokia cotoneaster - Dr\u00f3th\u00e1l\u00f3s cserje. Ez a lass\u00fa n\u00f6veked\u00e9s\u0171 n\u00f6v\u00e9ny j\u00f3l b\u00edrja a sz\u00e1razs\u00e1got, egyed\u00fcl\u00e1ll\u00f3 \u00e9s exotikus megjelen\u00e9se miatt egyre elterjedtebb.","breadcrumb":{"@id":"https:\/\/tajkertesz.com\/termek\/corokia-cotoneaster-drothalos-cserje\/#breadcrumb"},"inLanguage":"en-US","potentialAction":[{"@type":"ReadAction","target":["https:\/\/tajkertesz.com\/termek\/corokia-cotoneaster-drothalos-cserje\/"]}]},{"@type":"ImageObject","inLanguage":"en-US","@id":"https:\/\/tajkertesz.com\/termek\/corokia-cotoneaster-drothalos-cserje\/#primaryimage","url":"https:\/\/tajkertesz.com\/wp-content\/uploads\/2024\/12\/20250301_150353-1-scaled.jpg","contentUrl":"https:\/\/tajkertesz.com\/wp-content\/uploads\/2024\/12\/20250301_150353-1-scaled.jpg","width":1442,"height":2560,"caption":"Corokia cotoneaster - Dr\u00f3th\u00e1l\u00f3s cserje"},{"@type":"BreadcrumbList","@id":"https:\/\/tajkertesz.com\/termek\/corokia-cotoneaster-drothalos-cserje\/#breadcrumb","itemListElement":[{"@type":"ListItem","position":1,"name":"Home","item":"https:\/\/tajkertesz.com\/"},{"@type":"ListItem","position":2,"name":"Kezd\u0151lap","item":"https:\/\/tajkertesz.com\/"},{"@type":"ListItem","position":3,"name":"Corokia cotoneaster &#8211; Dr\u00f3th\u00e1l\u00f3s cserje"}]},{"@type":"WebSite","@id":"https:\/\/tajkertesz.com\/#website","url":"https:\/\/tajkertesz.com\/","name":"T\u00e1j-Kert\u00e9sz 84 Kft.","description":"Kert\u00e9szeti kis- \u00e9s nagykeresked\u00e9s, D\u00edszn\u00f6v\u00e9ny web\u00e1ruh\u00e1z orsz\u00e1gos h\u00e1zhozsz\u00e1ll\u00edt\u00e1ssal!","publisher":{"@id":"https:\/\/tajkertesz.com\/#organization"},"potentialAction":[{"@type":"SearchAction","target":{"@type":"EntryPoint","urlTemplate":"https:\/\/tajkertesz.com\/?s={search_term_string}"},"query-input":{"@type":"PropertyValueSpecification","valueRequired":true,"valueName":"search_term_string"}}],"inLanguage":"en-US"},{"@type":"Organization","@id":"https:\/\/tajkertesz.com\/#organization","name":"T\u00e1j-Kert\u00e9sz 84 Kft.","url":"https:\/\/tajkertesz.com\/","logo":{"@type":"ImageObject","inLanguage":"en-US","@id":"https:\/\/tajkertesz.com\/#\/schema\/logo\/image\/","url":"https:\/\/tajkertesz.com\/wp-content\/uploads\/2018\/02\/logo-2-e1518678052539.png","contentUrl":"https:\/\/tajkertesz.com\/wp-content\/uploads\/2018\/02\/logo-2-e1518678052539.png","width":81,"height":140,"caption":"T\u00e1j-Kert\u00e9sz 84 Kft."},"image":{"@id":"https:\/\/tajkertesz.com\/#\/schema\/logo\/image\/"},"sameAs":["https:\/\/www.facebook.com\/Tajkertesz\/"]}]}},"_links":{"self":[{"href":"https:\/\/tajkertesz.com\/en_US\/wp-json\/wp\/v2\/product\/21866","targetHints":{"allow":["GET"]}}],"collection":[{"href":"https:\/\/tajkertesz.com\/en_US\/wp-json\/wp\/v2\/product"}],"about":[{"href":"https:\/\/tajkertesz.com\/en_US\/wp-json\/wp\/v2\/types\/product"}],"wp:featuredmedia":[{"embeddable":true,"href":"https:\/\/tajkertesz.com\/en_US\/wp-json\/wp\/v2\/media\/22566"}],"wp:attachment":[{"href":"https:\/\/tajkertesz.com\/en_US\/wp-json\/wp\/v2\/media?parent=21866"}],"wp:term":[{"taxonomy":"product_brand","embeddable":true,"href":"https:\/\/tajkertesz.com\/en_US\/wp-json\/wp\/v2\/product_brand?post=21866"},{"taxonomy":"product_cat","embeddable":true,"href":"https:\/\/tajkertesz.com\/en_US\/wp-json\/wp\/v2\/product_cat?post=21866"},{"taxonomy":"product_tag","embeddable":true,"href":"https:\/\/tajkertesz.com\/en_US\/wp-json\/wp\/v2\/product_tag?post=21866"}],"curies":[{"name":"wp","href":"https:\/\/api.w.org\/{rel}","templated":true}]}}