{"id":21889,"date":"2024-12-06T12:05:21","date_gmt":"2024-12-06T12:05:21","guid":{"rendered":"https:\/\/tajkertesz.com\/?post_type=product&#038;p=21889"},"modified":"2025-12-13T10:11:09","modified_gmt":"2025-12-13T10:11:09","slug":"abies-koreocarpa-discus-hibrid-jegenyefenyo","status":"publish","type":"product","link":"https:\/\/tajkertesz.com\/en_US\/product\/abies-koreocarpa-discus-hibrid-jegenyefenyo\/","title":{"rendered":"Abies koreocarpa &#8216;Discus&#8217; &#8211; Hibrid jegenyefeny\u0151"},"content":{"rendered":"<h1>Abies koreocarpa &#8216;Discus&#8217; &#8211; Hibrid jegenyefeny\u0151<\/h1>\n<p>Az Abies koreocarpa &#8216;Discus&#8217; &#8211; Hibrid jegenyefeny\u0151 egy hibrid feny\u0151, amely az\u00a0<strong>Abies koreana<\/strong>\u00a0(koreai jegenyefeny\u0151) \u00e9s az\u00a0<strong>Abies lasiocarpa<\/strong> (szubalpin jegenyefeny\u0151) keresztez\u00e9s\u00e9b\u0151l sz\u00e1rmazik.<\/p>\n<p>Ez a fajta k\u00fcl\u00f6n\u00f6sen dekorat\u00edv \u00e9s \u00e9rdekes megjelen\u00e9s\u0171.<\/p>\n<p>M\u00e9rete: 30-40\u00a0 cm magas + a f\u00f6ldlabda<\/p>\n<h2>Abies koreocarpa &#8216;Discus&#8217; jellemz\u0151i<\/h2>\n<p>S\u00f6t\u00e9tz\u00f6ld, f\u00e9nyes t\u0171levelei vannak, amelyek spir\u00e1lisan helyezkednek el az \u00e1gakon.<\/p>\n<p>Sz\u00e9les, kompakt n\u00f6veked\u00e9s\u0171 fa, amely s\u0171r\u0171, szab\u00e1lyos koron\u00e1t k\u00e9pez.<\/p>\n<p>Lass\u00fa n\u00f6veked\u00e9s\u0171 \u00e9vente k\u00f6r\u00fclbel\u00fcl 30 cm-t n\u0151, \u00e9s 15 \u00e9v alatt el\u00e9rheti a 3 m\u00e9teres magass\u00e1got \u00e9s az 1 m\u00e9teres sz\u00e9less\u00e9get.<\/p>\n<h3>A Hibrid jegenyefeny\u0151 gondoz\u00e1sa<\/h3>\n<h4>K\u00f6rnyezeti Ig\u00e9nyek<\/h4>\n<p>Ez a fajta feny\u0151 teljes napf\u00e9nyt ig\u00e9nyel, \u00e9s j\u00f3l \u00e9rzi mag\u00e1t k\u00f6zepesen nedves, j\u00f3l v\u00edzelvezetett talajban. A talaj pH-ja lehet savas vagy semleges. Fontos, hogy a talaj ne legyen t\u00fal nedves, mert a t\u00falzott nedvess\u00e9g k\u00e1ros\u00edthatja a gy\u00f6kereket.<\/p>\n<p>\u00dcltet\u00e9s ut\u00e1n\u00a0 az els\u0151 \u00e9vben rendszeresen \u00f6nt\u00f6zz\u00fck, ezzel el\u0151seg\u00edtj\u00fck, hogy a gy\u00f6kerek j\u00f3l meger\u0151s\u00f6djenek. K\u00e9s\u0151bb csak sz\u00e1raz id\u0151szakokban sz\u00fcks\u00e9ges \u00f6nt\u00f6zni.<\/p>\n<p>Metszeni nem sz\u00fcks\u00e9ges.<\/p>\n<p>Tavasszal gondoskodjuk a megfelel\u0151 t\u00e1panyag ut\u00e1np\u00f3tl\u00e1sr\u00f3l, a n\u00f6v\u00e9ny t\u00f6ve k\u00f6r\u00e9 sz\u00f3rjunk szerves marhatr\u00e1gya granul\u00e1tomot, vagy lassan old\u00f3d\u00f3 m\u0171tr\u00e1gy\u00e1t, hogy t\u00e1mogassuk a n\u00f6v\u00e9ny eg\u00e9szs\u00e9ges fejl\u0151d\u00e9s\u00e9t.<\/p>\n<p>Ellen\u00e1ll\u00f3 a legt\u00f6bb k\u00e1rtev\u0151vel \u00e9s betegs\u00e9ggel szemben, de figyelj\u00fcnk a lev\u00e9ltetvekre \u00e9s a feny\u0151rozsd\u00e1ra.<\/p>\n<p>Ha sz\u00fcks\u00e9ges, haszn\u00e1ljunk megfelel\u0151 n\u00f6v\u00e9nyv\u00e9d\u0151 szereket.<\/p>\n<p>Felhaszn\u00e1l\u00e1sa<\/p>\n<p>Ez a fajta feny\u0151 kiv\u00e1l\u00f3 v\u00e1laszt\u00e1s szoliter n\u00f6v\u00e9nyk\u00e9nt, de csoportosan \u00fcltetve is j\u00f3l mutat<\/p>\n<p>Gyakran haszn\u00e1lj\u00e1k sziklakertekben, cser\u00e9pben vagy alacsony s\u00f6v\u00e9nyk\u00e9nt<\/p>\n<p>A t\u00e9li id\u0151szakban k\u00fcl\u00f6n\u00f6sen sz\u00e9p l\u00e1tv\u00e1nyt ny\u00fajt s\u00f6t\u00e9tz\u00f6ld t\u0171leveleivel<\/p>\n<h4>\u00d6sszegz\u00e9s<\/h4>\n<p>Az Abies koreocarpa &#8216;Diskus&#8217; egy gy\u00f6ny\u00f6r\u0171 \u00e9s k\u00f6nnyen gondozhat\u00f3 hibrid feny\u0151, amely b\u00e1rmely kert d\u00edsze lehet. Lass\u00fa n\u00f6veked\u00e9se \u00e9s kompakt m\u00e9rete miatt kisebb kertekbe is ide\u00e1lis v\u00e1laszt\u00e1s. Ha megfelel\u0151en gondozzuk, hossz\u00fa \u00e9vekig gy\u00f6ny\u00f6rk\u00f6dhet\u00fcnk benne.<\/p>\n<p>&nbsp;<\/p>\n<div id=\"bodyContent\" class=\"mw-body-content\">\n<div id=\"mw-content-text\" class=\"mw-content-ltr\" dir=\"ltr\" lang=\"hu\">\n<div id=\"bodyContent\" class=\"mw-body-content\">\n<div id=\"mw-content-text\" class=\"mw-content-ltr\" dir=\"ltr\" lang=\"hu\">\n<p>&nbsp;<\/p>\n<p>Term\u00e9keinket szem\u00e9lyesen is \u00e1tveheti a h\u00e9t minden napj\u00e1n nyitvatart\u00e1si id\u0151ben!<\/p>\n<\/div>\n<\/div>\n<\/div>\n<\/div>\n<p><strong>K\u00e9szlet\u00fcnk napi szinten v\u00e1ltozik, ez\u00e9rt k\u00e9rj\u00fck, \u00e9rdekl\u0151dj\u00f6n szem\u00e9lyesen, telefonon vagy email-en.<br \/>\nA v\u00e1ltoztat\u00e1s jog\u00e1t fenntartjuk!\u00a0<\/strong><\/p>\n<p><a href=\"https:\/\/tajkertesz.com\/\">https:\/\/tajkertesz.com\/<\/a><\/p>\n<p><a href=\"https:\/\/www.facebook.com\/tajkertesz\/\">https:\/\/www.facebook.com\/tajkertesz\/<\/a><\/p>\n<p>Kisz\u00e1ll\u00edt\u00e1s: 200cm-ig \u00a0\u00e9s 40 kg-ig a sz\u00e1ll\u00edt\u00e1s fut\u00e1rszolg\u00e1lattal \u00a0t\u00f6rt\u00e9nik.<\/p>\n<p>Szem\u00e9lyes \u00e1tv\u00e9tel nyitvatart\u00e1si id\u0151ben a 17. ker\u00fclet Bakancsos utca 7. sz\u00e1m alatti Kert\u00e9szeti \u00e1rud\u00e1ban<\/p>","protected":false},"excerpt":{"rendered":"<p>Abies koreocarpa &#8216;Discus&#8217; &#8211; Hibrid jegenyefeny\u0151<\/p>\n<p>Jelenlegi term\u00e9k\u00fcnk 30\/40 cm magas + f\u00f6ldlabda<\/p>","protected":false},"featured_media":21890,"template":"","meta":{"_et_pb_use_builder":"","_et_pb_old_content":"","_et_gb_content_width":""},"product_brand":[],"product_cat":[4078],"product_tag":[5505,5506,5504,5507],"class_list":{"0":"post-21889","1":"product","2":"type-product","3":"status-publish","4":"has-post-thumbnail","6":"product_cat-egyeb-fenyofekek","7":"product_tag-abies","8":"product_tag-abies-koreocarpa","9":"product_tag-abies-koreocarpa-discus-hibrid-jegenyefenyo","10":"product_tag-jegenyefenyo","12":"first","13":"instock","14":"shipping-taxable","15":"purchasable","16":"product-type-simple"},"yoast_head":"<!-- This site is optimized with the Yoast SEO plugin v27.5 - https:\/\/yoast.com\/product\/yoast-seo-wordpress\/ -->\n<title>Abies koreocarpa &#039;Discus&#039; - Hibrid jegenyefeny\u0151 - T\u00e1jkert\u00e9sz<\/title>\n<meta name=\"description\" content=\"Abies koreocarpa &#039;Discus&#039; - Hibrid jegenyefeny\u0151 Lass\u00fa n\u00f6veked\u00e9s\u0171 \u00e9vente k\u00f6r\u00fclbel\u00fcl 30 cm-t n\u0151, \u00e9s 15 \u00e9v alatt el\u00e9rheti a 3 m\u00e9teres magass\u00e1got.\" \/>\n<meta name=\"robots\" content=\"index, follow, max-snippet:-1, max-image-preview:large, max-video-preview:-1\" \/>\n<link rel=\"canonical\" href=\"https:\/\/tajkertesz.com\/en_US\/product\/abies-koreocarpa-discus-hibrid-jegenyefenyo\/\" \/>\n<meta property=\"og:locale\" content=\"en_US\" \/>\n<meta property=\"og:type\" content=\"article\" \/>\n<meta property=\"og:title\" content=\"Abies koreocarpa &#039;Discus&#039; - Hibrid jegenyefeny\u0151 - T\u00e1jkert\u00e9sz\" \/>\n<meta property=\"og:description\" content=\"Abies koreocarpa &#039;Discus&#039; - Hibrid jegenyefeny\u0151 Lass\u00fa n\u00f6veked\u00e9s\u0171 \u00e9vente k\u00f6r\u00fclbel\u00fcl 30 cm-t n\u0151, \u00e9s 15 \u00e9v alatt el\u00e9rheti a 3 m\u00e9teres magass\u00e1got.\" \/>\n<meta property=\"og:url\" content=\"https:\/\/tajkertesz.com\/en_US\/product\/abies-koreocarpa-discus-hibrid-jegenyefenyo\/\" \/>\n<meta property=\"og:site_name\" content=\"T\u00e1jkert\u00e9sz\" \/>\n<meta property=\"article:publisher\" content=\"https:\/\/www.facebook.com\/Tajkertesz\/\" \/>\n<meta property=\"article:modified_time\" content=\"2025-12-13T10:11:09+00:00\" \/>\n<meta property=\"og:image\" content=\"https:\/\/tajkertesz.com\/wp-content\/uploads\/2024\/12\/20241206_121527-scaled.jpg\" \/>\n\t<meta property=\"og:image:width\" content=\"2560\" \/>\n\t<meta property=\"og:image:height\" content=\"2560\" \/>\n\t<meta property=\"og:image:type\" content=\"image\/jpeg\" \/>\n<meta name=\"twitter:card\" content=\"summary_large_image\" \/>\n<meta name=\"twitter:label1\" content=\"Est. reading time\" \/>\n\t<meta name=\"twitter:data1\" content=\"2 minutes\" \/>\n<script type=\"application\/ld+json\" class=\"yoast-schema-graph\">{\"@context\":\"https:\\\/\\\/schema.org\",\"@graph\":[{\"@type\":\"WebPage\",\"@id\":\"https:\\\/\\\/tajkertesz.com\\\/termek\\\/abies-koreocarpa-discus-hibrid-jegenyefenyo\\\/\",\"url\":\"https:\\\/\\\/tajkertesz.com\\\/termek\\\/abies-koreocarpa-discus-hibrid-jegenyefenyo\\\/\",\"name\":\"Abies koreocarpa 'Discus' - Hibrid jegenyefeny\u0151 - T\u00e1jkert\u00e9sz\",\"isPartOf\":{\"@id\":\"https:\\\/\\\/tajkertesz.com\\\/#website\"},\"primaryImageOfPage\":{\"@id\":\"https:\\\/\\\/tajkertesz.com\\\/termek\\\/abies-koreocarpa-discus-hibrid-jegenyefenyo\\\/#primaryimage\"},\"image\":{\"@id\":\"https:\\\/\\\/tajkertesz.com\\\/termek\\\/abies-koreocarpa-discus-hibrid-jegenyefenyo\\\/#primaryimage\"},\"thumbnailUrl\":\"https:\\\/\\\/tajkertesz.com\\\/wp-content\\\/uploads\\\/2024\\\/12\\\/20241206_121527-scaled.jpg\",\"datePublished\":\"2024-12-06T12:05:21+00:00\",\"dateModified\":\"2025-12-13T10:11:09+00:00\",\"description\":\"Abies koreocarpa 'Discus' - Hibrid jegenyefeny\u0151 Lass\u00fa n\u00f6veked\u00e9s\u0171 \u00e9vente k\u00f6r\u00fclbel\u00fcl 30 cm-t n\u0151, \u00e9s 15 \u00e9v alatt el\u00e9rheti a 3 m\u00e9teres magass\u00e1got.\",\"breadcrumb\":{\"@id\":\"https:\\\/\\\/tajkertesz.com\\\/termek\\\/abies-koreocarpa-discus-hibrid-jegenyefenyo\\\/#breadcrumb\"},\"inLanguage\":\"en-US\",\"potentialAction\":[{\"@type\":\"ReadAction\",\"target\":[\"https:\\\/\\\/tajkertesz.com\\\/termek\\\/abies-koreocarpa-discus-hibrid-jegenyefenyo\\\/\"]}]},{\"@type\":\"ImageObject\",\"inLanguage\":\"en-US\",\"@id\":\"https:\\\/\\\/tajkertesz.com\\\/termek\\\/abies-koreocarpa-discus-hibrid-jegenyefenyo\\\/#primaryimage\",\"url\":\"https:\\\/\\\/tajkertesz.com\\\/wp-content\\\/uploads\\\/2024\\\/12\\\/20241206_121527-scaled.jpg\",\"contentUrl\":\"https:\\\/\\\/tajkertesz.com\\\/wp-content\\\/uploads\\\/2024\\\/12\\\/20241206_121527-scaled.jpg\",\"width\":2560,\"height\":2560,\"caption\":\"Abies koreocarpa 'Discus' - Hibrid jegenyefeny\u0151\"},{\"@type\":\"BreadcrumbList\",\"@id\":\"https:\\\/\\\/tajkertesz.com\\\/termek\\\/abies-koreocarpa-discus-hibrid-jegenyefenyo\\\/#breadcrumb\",\"itemListElement\":[{\"@type\":\"ListItem\",\"position\":1,\"name\":\"Home\",\"item\":\"https:\\\/\\\/tajkertesz.com\\\/\"},{\"@type\":\"ListItem\",\"position\":2,\"name\":\"Kezd\u0151lap\",\"item\":\"https:\\\/\\\/tajkertesz.com\\\/\"},{\"@type\":\"ListItem\",\"position\":3,\"name\":\"Abies koreocarpa &#8216;Discus&#8217; &#8211; Hibrid jegenyefeny\u0151\"}]},{\"@type\":\"WebSite\",\"@id\":\"https:\\\/\\\/tajkertesz.com\\\/#website\",\"url\":\"https:\\\/\\\/tajkertesz.com\\\/\",\"name\":\"T\u00e1j-Kert\u00e9sz 84 Kft.\",\"description\":\"Kert\u00e9szeti kis- \u00e9s nagykeresked\u00e9s, D\u00edszn\u00f6v\u00e9ny web\u00e1ruh\u00e1z orsz\u00e1gos h\u00e1zhozsz\u00e1ll\u00edt\u00e1ssal!\",\"publisher\":{\"@id\":\"https:\\\/\\\/tajkertesz.com\\\/#organization\"},\"potentialAction\":[{\"@type\":\"SearchAction\",\"target\":{\"@type\":\"EntryPoint\",\"urlTemplate\":\"https:\\\/\\\/tajkertesz.com\\\/?s={search_term_string}\"},\"query-input\":{\"@type\":\"PropertyValueSpecification\",\"valueRequired\":true,\"valueName\":\"search_term_string\"}}],\"inLanguage\":\"en-US\"},{\"@type\":\"Organization\",\"@id\":\"https:\\\/\\\/tajkertesz.com\\\/#organization\",\"name\":\"T\u00e1j-Kert\u00e9sz 84 Kft.\",\"url\":\"https:\\\/\\\/tajkertesz.com\\\/\",\"logo\":{\"@type\":\"ImageObject\",\"inLanguage\":\"en-US\",\"@id\":\"https:\\\/\\\/tajkertesz.com\\\/#\\\/schema\\\/logo\\\/image\\\/\",\"url\":\"https:\\\/\\\/tajkertesz.com\\\/wp-content\\\/uploads\\\/2018\\\/02\\\/logo-2-e1518678052539.png\",\"contentUrl\":\"https:\\\/\\\/tajkertesz.com\\\/wp-content\\\/uploads\\\/2018\\\/02\\\/logo-2-e1518678052539.png\",\"width\":81,\"height\":140,\"caption\":\"T\u00e1j-Kert\u00e9sz 84 Kft.\"},\"image\":{\"@id\":\"https:\\\/\\\/tajkertesz.com\\\/#\\\/schema\\\/logo\\\/image\\\/\"},\"sameAs\":[\"https:\\\/\\\/www.facebook.com\\\/Tajkertesz\\\/\"]}]}<\/script>\n<!-- \/ Yoast SEO plugin. -->","yoast_head_json":{"title":"Abies koreocarpa 'Discus' - Hibrid jegenyefeny\u0151 - T\u00e1jkert\u00e9sz","description":"Abies koreocarpa 'Discus' - Hibrid jegenyefeny\u0151 Lass\u00fa n\u00f6veked\u00e9s\u0171 \u00e9vente k\u00f6r\u00fclbel\u00fcl 30 cm-t n\u0151, \u00e9s 15 \u00e9v alatt el\u00e9rheti a 3 m\u00e9teres magass\u00e1got.","robots":{"index":"index","follow":"follow","max-snippet":"max-snippet:-1","max-image-preview":"max-image-preview:large","max-video-preview":"max-video-preview:-1"},"canonical":"https:\/\/tajkertesz.com\/en_US\/product\/abies-koreocarpa-discus-hibrid-jegenyefenyo\/","og_locale":"en_US","og_type":"article","og_title":"Abies koreocarpa 'Discus' - Hibrid jegenyefeny\u0151 - T\u00e1jkert\u00e9sz","og_description":"Abies koreocarpa 'Discus' - Hibrid jegenyefeny\u0151 Lass\u00fa n\u00f6veked\u00e9s\u0171 \u00e9vente k\u00f6r\u00fclbel\u00fcl 30 cm-t n\u0151, \u00e9s 15 \u00e9v alatt el\u00e9rheti a 3 m\u00e9teres magass\u00e1got.","og_url":"https:\/\/tajkertesz.com\/en_US\/product\/abies-koreocarpa-discus-hibrid-jegenyefenyo\/","og_site_name":"T\u00e1jkert\u00e9sz","article_publisher":"https:\/\/www.facebook.com\/Tajkertesz\/","article_modified_time":"2025-12-13T10:11:09+00:00","og_image":[{"width":2560,"height":2560,"url":"https:\/\/tajkertesz.com\/wp-content\/uploads\/2024\/12\/20241206_121527-scaled.jpg","type":"image\/jpeg"}],"twitter_card":"summary_large_image","twitter_misc":{"Est. reading time":"2 minutes"},"schema":{"@context":"https:\/\/schema.org","@graph":[{"@type":"WebPage","@id":"https:\/\/tajkertesz.com\/termek\/abies-koreocarpa-discus-hibrid-jegenyefenyo\/","url":"https:\/\/tajkertesz.com\/termek\/abies-koreocarpa-discus-hibrid-jegenyefenyo\/","name":"Abies koreocarpa 'Discus' - Hibrid jegenyefeny\u0151 - T\u00e1jkert\u00e9sz","isPartOf":{"@id":"https:\/\/tajkertesz.com\/#website"},"primaryImageOfPage":{"@id":"https:\/\/tajkertesz.com\/termek\/abies-koreocarpa-discus-hibrid-jegenyefenyo\/#primaryimage"},"image":{"@id":"https:\/\/tajkertesz.com\/termek\/abies-koreocarpa-discus-hibrid-jegenyefenyo\/#primaryimage"},"thumbnailUrl":"https:\/\/tajkertesz.com\/wp-content\/uploads\/2024\/12\/20241206_121527-scaled.jpg","datePublished":"2024-12-06T12:05:21+00:00","dateModified":"2025-12-13T10:11:09+00:00","description":"Abies koreocarpa 'Discus' - Hibrid jegenyefeny\u0151 Lass\u00fa n\u00f6veked\u00e9s\u0171 \u00e9vente k\u00f6r\u00fclbel\u00fcl 30 cm-t n\u0151, \u00e9s 15 \u00e9v alatt el\u00e9rheti a 3 m\u00e9teres magass\u00e1got.","breadcrumb":{"@id":"https:\/\/tajkertesz.com\/termek\/abies-koreocarpa-discus-hibrid-jegenyefenyo\/#breadcrumb"},"inLanguage":"en-US","potentialAction":[{"@type":"ReadAction","target":["https:\/\/tajkertesz.com\/termek\/abies-koreocarpa-discus-hibrid-jegenyefenyo\/"]}]},{"@type":"ImageObject","inLanguage":"en-US","@id":"https:\/\/tajkertesz.com\/termek\/abies-koreocarpa-discus-hibrid-jegenyefenyo\/#primaryimage","url":"https:\/\/tajkertesz.com\/wp-content\/uploads\/2024\/12\/20241206_121527-scaled.jpg","contentUrl":"https:\/\/tajkertesz.com\/wp-content\/uploads\/2024\/12\/20241206_121527-scaled.jpg","width":2560,"height":2560,"caption":"Abies koreocarpa 'Discus' - Hibrid jegenyefeny\u0151"},{"@type":"BreadcrumbList","@id":"https:\/\/tajkertesz.com\/termek\/abies-koreocarpa-discus-hibrid-jegenyefenyo\/#breadcrumb","itemListElement":[{"@type":"ListItem","position":1,"name":"Home","item":"https:\/\/tajkertesz.com\/"},{"@type":"ListItem","position":2,"name":"Kezd\u0151lap","item":"https:\/\/tajkertesz.com\/"},{"@type":"ListItem","position":3,"name":"Abies koreocarpa &#8216;Discus&#8217; &#8211; Hibrid jegenyefeny\u0151"}]},{"@type":"WebSite","@id":"https:\/\/tajkertesz.com\/#website","url":"https:\/\/tajkertesz.com\/","name":"T\u00e1j-Kert\u00e9sz 84 Kft.","description":"Kert\u00e9szeti kis- \u00e9s nagykeresked\u00e9s, D\u00edszn\u00f6v\u00e9ny web\u00e1ruh\u00e1z orsz\u00e1gos h\u00e1zhozsz\u00e1ll\u00edt\u00e1ssal!","publisher":{"@id":"https:\/\/tajkertesz.com\/#organization"},"potentialAction":[{"@type":"SearchAction","target":{"@type":"EntryPoint","urlTemplate":"https:\/\/tajkertesz.com\/?s={search_term_string}"},"query-input":{"@type":"PropertyValueSpecification","valueRequired":true,"valueName":"search_term_string"}}],"inLanguage":"en-US"},{"@type":"Organization","@id":"https:\/\/tajkertesz.com\/#organization","name":"T\u00e1j-Kert\u00e9sz 84 Kft.","url":"https:\/\/tajkertesz.com\/","logo":{"@type":"ImageObject","inLanguage":"en-US","@id":"https:\/\/tajkertesz.com\/#\/schema\/logo\/image\/","url":"https:\/\/tajkertesz.com\/wp-content\/uploads\/2018\/02\/logo-2-e1518678052539.png","contentUrl":"https:\/\/tajkertesz.com\/wp-content\/uploads\/2018\/02\/logo-2-e1518678052539.png","width":81,"height":140,"caption":"T\u00e1j-Kert\u00e9sz 84 Kft."},"image":{"@id":"https:\/\/tajkertesz.com\/#\/schema\/logo\/image\/"},"sameAs":["https:\/\/www.facebook.com\/Tajkertesz\/"]}]}},"_links":{"self":[{"href":"https:\/\/tajkertesz.com\/en_US\/wp-json\/wp\/v2\/product\/21889","targetHints":{"allow":["GET"]}}],"collection":[{"href":"https:\/\/tajkertesz.com\/en_US\/wp-json\/wp\/v2\/product"}],"about":[{"href":"https:\/\/tajkertesz.com\/en_US\/wp-json\/wp\/v2\/types\/product"}],"wp:featuredmedia":[{"embeddable":true,"href":"https:\/\/tajkertesz.com\/en_US\/wp-json\/wp\/v2\/media\/21890"}],"wp:attachment":[{"href":"https:\/\/tajkertesz.com\/en_US\/wp-json\/wp\/v2\/media?parent=21889"}],"wp:term":[{"taxonomy":"product_brand","embeddable":true,"href":"https:\/\/tajkertesz.com\/en_US\/wp-json\/wp\/v2\/product_brand?post=21889"},{"taxonomy":"product_cat","embeddable":true,"href":"https:\/\/tajkertesz.com\/en_US\/wp-json\/wp\/v2\/product_cat?post=21889"},{"taxonomy":"product_tag","embeddable":true,"href":"https:\/\/tajkertesz.com\/en_US\/wp-json\/wp\/v2\/product_tag?post=21889"}],"curies":[{"name":"wp","href":"https:\/\/api.w.org\/{rel}","templated":true}]}}