{"id":2192,"date":"2020-10-12T06:13:09","date_gmt":"2020-10-12T06:13:09","guid":{"rendered":"https:\/\/tajkertesz.com\/?post_type=product&#038;p=2192"},"modified":"2024-02-03T13:51:43","modified_gmt":"2024-02-03T13:51:43","slug":"agrecol-oszi-orokzold-mutragya-1-kg","status":"publish","type":"product","link":"https:\/\/tajkertesz.com\/en_US\/product\/agrecol-oszi-orokzold-mutragya-1-kg\/","title":{"rendered":"Agrecol \u0150szi \u00f6r\u00f6kz\u00f6ld m\u0171tr\u00e1gya 1 kg\u00a0 \u00a0 \u00a0"},"content":{"rendered":"<p><strong>Agrecol \u0150szi <\/strong><strong><em>\u00f6r\u00f6kz\u00f6ld m\u0171tr\u00e1gya 1 kg<\/em><\/strong><\/p>\n<p><strong>Az Agrecol \u0150szi <\/strong><strong><em>\u00f6r\u00f6kz\u00f6ld m\u0171tr\u00e1gya\u00a0 magas <\/em><\/strong><strong><em>k\u00e1lium\u00a0 tartalm\u00fa\u00a0 amely lassan old\u00f3dik. Ez\u00e9rt\u00a0 felt\u00e9tlen\u00fcl \u0151sszel kell kisz\u00f3rni, hogy felold\u00f3dva tavaszig eljussanak a talajnak a gy\u00f6k\u00e9rzettel \u00e1tsz\u0151tt m\u00e9lyebb r\u00e9tegeibe!\u00a0 \u00a0 \u00a0 \u00a0 \u00a0 \u00a0 \u00a0 \u00a0 \u00a0 \u00a0 \u00a0 \u00a0 \u00a0 \u00a0 \u00a0 \u00a0 \u00a0 \u00a0 \u00a0 \u00a0 \u00a0\u00a0<\/em><\/strong><\/p>\n<p><em>\u00d6sszet\u00e9tel: S 19 %, Mg O 12 %, K<sub>2<\/sub>O 25%<\/em><\/p>\n<p><em>Alkalmazni\u00a0 augusztust\u00f3l a fagyokig lehets\u00e9ges.\u00a0<\/em><\/p>\n<p><em>Felhaszn\u00e1l\u00e1si javaslat: a n\u00f6v\u00e9ny m\u00e9ret\u00e9t\u0151l f\u00fcgg\u0151en 30-40 g\u00a0<\/em><em>0,5 m 15 g,<\/em><\/p>\n<p><em> 1 m 20-30 g,\u00a0 2 m felett 60 g\/n\u00f6v\u00e9ny.<\/em><\/p>\n<p><em>Kisz\u00f3r\u00e1sa ut\u00e1n alaposan \u00f6nt\u00f6zz\u00fck be.\u00a0 <\/em><em>Gyermekekt\u0151l elz\u00e1rva tartand\u00f3 <\/em><\/p>\n<p><em>M\u00e9regjelz\u00e9s n\u00e9lk\u00fcli k\u00e9sz\u00edtm\u00e9ny.\u00a0<\/em><em>\u00a0K\u00f6zeg\u00e9szs\u00e9g\u00fcgyi szempontb\u00f3l nem vesz\u00e9lyes.<\/em><\/p>\n<p><em>Eredeti z\u00e1rt csomagol\u00e1sban sz\u00e1raz, napf\u00e9nyt\u0151l v\u00e9dett\u00a0<\/em><em>fagymentes helyen a csomagol\u00e1son jelzett id\u0151pontig eltarthat\u00f3.<\/em><\/p>\n<p><em>Helytelen haszn\u00e1lat\u00e9rt felel\u0151ss\u00e9get nem v\u00e1llalunk!<\/em><\/p>\n<p><em>Sz\u00e1rmaz\u00e1si hely: PL\u00a0 EK m\u0171tr\u00e1gya (<strong>610)<\/strong><\/em><\/p>\n<p><em>Forgalmaz\u00f3: T\u00e1j-Kert\u00e9sz 84 Kft\u00a0\u00a0\u00a0 <strong>www.tajkertesz.hu<\/strong><\/em><\/p>\n<p><a href=\"https:\/\/tajkertesz.com\/\">https:\/\/tajkertesz.com\/<\/a><\/p>\n<p><a href=\"https:\/\/hu.wikipedia.org\/wiki\/Tr%C3%A1gya\">https:\/\/hu.wikipedia.org\/wiki\/Tr%C3%A1gya<\/a><\/p>\n<p><a href=\"https:\/\/tajkertesz.com\/wp-content\/uploads\/2021\/05\/Agrecol-bizt.adatl_..pdf\">Agrecol bizt.adatl.<\/a><\/p>\n<h6><span style=\"color: #ffffff;\">A tr\u00e1gy\u00e1kat k\u00fcl\u00f6nb\u00f6z\u0151 szempontok:<\/span><\/h6>\n<h6><span style=\"color: #ffffff;\">hat\u00e1smechanizmusuk,<\/span><\/h6>\n<h6><span style=\"color: #ffffff;\">eredet\u00fck;<\/span><\/h6>\n<h6><span style=\"color: #ffffff;\">k\u00e9miai \u00f6sszet\u00e9tel\u00fck stb.<\/span><\/h6>\n<h6><span style=\"color: #ffffff;\">szerint csoportos\u00edthatjuk.<\/span><\/h6>\n<h6><span style=\"color: #ffffff;\"><span id=\"A_hat.C3.A1s_mechanizmusa_szerint\"><\/span><span id=\"A_hat\u00e1s_mechanizmusa_szerint\" class=\"mw-headline\">A hat\u00e1s mechanizmusa szerint<\/span><\/span><\/h6>\n<h6><span style=\"color: #ffffff;\">A\u00a0<b>k\u00f6zvetlen tr\u00e1gy\u00e1k<\/b>\u00a0szerves, illetve \u00e1sv\u00e1nyi alkot\u00f3i olyan, a talajb\u00f3l nem kell\u0151 mennyis\u00e9gben felvehet\u0151 anyagok, amelyek el\u0151ny\u00f6sen hatnak a termesztett n\u00f6v\u00e9nyek fejl\u0151d\u00e9s\u00e9re. Ezeket k\u00e9t nagy csoportra bontj\u00e1k:<\/span><\/h6>\n<h6><span style=\"color: #ffffff;\">az egyoldal\u00fa tr\u00e1gy\u00e1k hat\u00e1sa puszt\u00e1n k\u00e9miai: ezekb\u0151l a t\u00e1panyagok egyszer\u0171en kiold\u00f3dnak;<\/span><\/h6>\n<h6><span style=\"color: #ffffff;\">a teljes tr\u00e1gy\u00e1k nemcsak t\u00e1panyagot szolg\u00e1ltatnak, de fizikai hat\u00e1suk is kedvez\u0151.<\/span><\/h6>\n<h6><span style=\"color: #ffffff;\">Teljes tr\u00e1gya az ist\u00e1ll\u00f3tr\u00e1gya, a kever\u00e9ktr\u00e1gya, bizonyos esetekben a fek\u00e1lia (emberi \u00fcr\u00fcl\u00e9k) \u00e9s a z\u00f6ldtr\u00e1gya. Az egyoldal\u00fa tr\u00e1gy\u00e1kat a benn\u00fck domin\u00e1ns t\u00e1panyagok szerint nevezz\u00fck meg. F\u0151 t\u00edpusaik a nitrog\u00e9n-, a foszfor- \u00e9s a k\u00e1li-tr\u00e1gya.<\/span><\/h6>\n<h6><span style=\"color: #ffffff;\">A\u00a0<b>k\u00f6zvetett tr\u00e1gy\u00e1k<\/b>\u00a0nem juttatnak a talajba plusz t\u00e1panyagokat, de<\/span><\/h6>\n<h6><span style=\"color: #ffffff;\">vagy el\u0151seg\u00edtik azok kiold\u00f3d\u00e1s\u00e1t (a talajban oldhatatlan, illetve a n\u00f6v\u00e9nyek sz\u00e1m\u00e1ra fel nem vehet\u0151 form\u00e1ban el\u0151fordul\u00f3 t\u00e1panyagokat mobilis, felvehet\u0151 form\u00e1ba alak\u00edtj\u00e1k),<\/span><\/h6>\n<h6><span style=\"color: #ffffff;\">vagy a talaj fizikai tulajdons\u00e1gait, szerkezet\u00e9t befoly\u00e1solj\u00e1k a n\u00f6v\u00e9ny sz\u00e1m\u00e1ra kedvez\u0151en.<\/span><\/h6>\n<h6><span style=\"color: #ffffff;\"><span id=\"K.C3.A9miai_.C3.B6sszet.C3.A9tel.C3.BCk_szerint\"><\/span><span id=\"K\u00e9miai_\u00f6sszet\u00e9tel\u00fck_szerint\" class=\"mw-headline\">K\u00e9miai \u00f6sszet\u00e9tel\u00fck szerint<\/span><\/span><\/h6>\n<h6><span style=\"color: #ffffff;\">A\u00a0<b>szervetlen tr\u00e1gy\u00e1k<\/b>\u00a0(amint ezt nev\u00fck is mutatja) gyakorlatilag nem tartalmaznak szerves anyagokat; a talajb\u00f3l hi\u00e1nyz\u00f3\u00a0<a class=\"new\" style=\"color: #ffffff;\" title=\"T\u00e1pelem (a lap nem l\u00e9tezik)\" href=\"https:\/\/hu.wikipedia.org\/w\/index.php?title=T%C3%A1pelem&amp;action=edit&amp;redlink=1\">t\u00e1pelemeket<\/a>\u00a0szervetlen vegy\u00fcletekkel p\u00f3tolj\u00e1k. K\u00e9t nagy csoportjuk:<\/span><\/h6>\n<h6><span style=\"color: #ffffff;\">a term\u00e9szetes szervetlen tr\u00e1gy\u00e1k olyan k\u0151zetek (pl. m\u00e9szk\u0151, m\u00e1rga) vagy \u00e1sv\u00e1nyok (pl.\u00a0<a style=\"color: #ffffff;\" title=\"Apatit\" href=\"https:\/\/hu.wikipedia.org\/wiki\/Apatit\">apatit<\/a>,\u00a0<a class=\"new\" style=\"color: #ffffff;\" title=\"Foszforit (a lap nem l\u00e9tezik)\" href=\"https:\/\/hu.wikipedia.org\/w\/index.php?title=Foszforit&amp;action=edit&amp;redlink=1\">foszforit<\/a>), amelyek t\u00e1pelemei a talajban a n\u00f6v\u00e9nyek sz\u00e1m\u00e1ra felvehet\u0151 form\u00e1ba alakulnak. Ez a folyamat t\u00f6bbnyire viszonylag lass\u00fa, ez\u00e9rt az ilyen szervetlen tr\u00e1gy\u00e1kb\u00f3l \u00e1ltal\u00e1ban nagyobb mennyis\u00e9get helyeznek ki, viszont az hosszabb id\u0151re ell\u00e1tja a n\u00f6v\u00e9nyeket a r\u00e1 jellemz\u0151 t\u00e1pelemmel (m\u00e9szk\u0151, m\u00e1rga:\u00a0<a style=\"color: #ffffff;\" title=\"Kalcium\" href=\"https:\/\/hu.wikipedia.org\/wiki\/Kalcium\">kalcium<\/a>, apatit, foszforit:\u00a0<a style=\"color: #ffffff;\" title=\"Foszfor\" href=\"https:\/\/hu.wikipedia.org\/wiki\/Foszfor\">foszfor<\/a>\u00a0stb.)<\/span><\/h6>\n<h6><span style=\"color: #ffffff;\">a m\u0171tr\u00e1gy\u00e1k olyan, mesters\u00e9gesen el\u00e1ll\u00edtott \u00e1sv\u00e1nyi s\u00f3k, amelyekb\u0151l a t\u00e1pelemek t\u00f6bbnyire k\u00f6nnyen kiold\u00f3dnak. M\u0171tr\u00e1gy\u00e1kkal els\u0151sorban a h\u00e1rom makrot\u00e1pelem: a\u00a0<a style=\"color: #ffffff;\" title=\"Nitrog\u00e9n\" href=\"https:\/\/hu.wikipedia.org\/wiki\/Nitrog%C3%A9n\">nitrog\u00e9n<\/a>, a\u00a0<a style=\"color: #ffffff;\" title=\"Foszfor\" href=\"https:\/\/hu.wikipedia.org\/wiki\/Foszfor\">foszfor<\/a>\u00a0\u00e9s a\u00a0<a style=\"color: #ffffff;\" title=\"K\u00e1lium\" href=\"https:\/\/hu.wikipedia.org\/wiki\/K%C3%A1lium\">k\u00e1lium<\/a>\u00a0ut\u00e1np\u00f3tl\u00e1s\u00e1t biztos\u00edtj\u00e1k, de egy\u00fattal a gy\u00e1rt\u00e1s mell\u00e9kterm\u00e9keik\u00e9nt fontos\u00a0<a class=\"new\" style=\"color: #ffffff;\" title=\"Mikrot\u00e1pelem (a lap nem l\u00e9tezik)\" href=\"https:\/\/hu.wikipedia.org\/w\/index.php?title=Mikrot%C3%A1pelem&amp;action=edit&amp;redlink=1\">mikrot\u00e1pelemeket<\/a>\u00a0is bejuttatnak vel\u00fck a talajba.<\/span><\/h6>\n<p>&nbsp;<\/p>","protected":false},"excerpt":{"rendered":"<div id=\"bodyContent\" class=\"mw-body-content\">\n<div id=\"mw-content-text\" class=\"mw-content-ltr\" dir=\"ltr\" lang=\"hu\">\n<div id=\"bodyContent\" class=\"mw-body-content\">\n<div id=\"mw-content-text\" class=\"mw-content-ltr\" dir=\"ltr\" lang=\"hu\">\n<p><b>K\u00e9szlet\u00fcnk napi szinten v\u00e1ltozik, ez\u00e9rt k\u00e9rj\u00fck, \u00e9rdekl\u0151dj\u00f6n szem\u00e9lyesen, telefonon vagy email-en.<\/b><\/p>\n<p>Term\u00e9keinket szem\u00e9lyesen is \u00e1tveheti a h\u00e9t minden napj\u00e1n nyitvatart\u00e1si id\u0151ben!<\/p>\n<p>Kisz\u00e1ll\u00edt\u00e1s: 200 cm \u00e9s 40 kg-ig a sz\u00e1ll\u00edt\u00e1s fut\u00e1rszolg\u00e1lattal t\u00f6rt\u00e9nik.<\/p>\n<\/div>\n<\/div>\n<\/div>\n<\/div>\n<p><b>A v\u00e1ltoztat\u00e1s jog\u00e1t fenntartjuk!\u00a0<\/b><\/p>\n<p><strong>Az Agrecol \u0150szi <\/strong><strong><em>\u00f6r\u00f6kz\u00f6ld m\u0171tr\u00e1gya\u00a0 magas <\/em><\/strong><strong><em>k\u00e1lium\u00a0 tartalm\u00fa\u00a0 amely lassan old\u00f3dik. Ez\u00e9rt\u00a0 felt\u00e9tlen\u00fcl \u0151sszel kell kisz\u00f3rni, hogy felold\u00f3dva tavaszig eljussanak a talajnak a gy\u00f6k\u00e9rzettel \u00e1tsz\u0151tt m\u00e9lyebb r\u00e9tegeibe!\u00a0 \u00a0 \u00a0 \u00a0 \u00a0 \u00a0 \u00a0 \u00a0 \u00a0 \u00a0 \u00a0 \u00a0 \u00a0 \u00a0 \u00a0 \u00a0 \u00a0 \u00a0 \u00a0 \u00a0 \u00a0\u00a0<\/em><\/strong><\/p>\n<p><em>\u00d6sszet\u00e9tel: S 19 %, Mg O 12 %, K<sub>2<\/sub>O 25%<\/em><\/p>\n<p><em>Alkalmazni\u00a0 augusztust\u00f3l a fagyokig lehets\u00e9ges.\u00a0<\/em><\/p>\n<p><em>Felhaszn\u00e1l\u00e1si javaslat: a n\u00f6v\u00e9ny m\u00e9ret\u00e9t\u0151l f\u00fcgg\u0151en 30-40 g\u00a0<\/em><em>0,5 m 15 g,<\/em><\/p>\n<p><em> 1 m 20-30 g,\u00a0 2 m felett 60 g\/n\u00f6v\u00e9ny.<\/em><\/p>\n<p><em>Kisz\u00f3r\u00e1sa ut\u00e1n alaposan \u00f6nt\u00f6zz\u00fck be.\u00a0 <\/em><em>Gyermekekt\u0151l elz\u00e1rva tartand\u00f3 <\/em><\/p>\n<p><em>M\u00e9regjelz\u00e9s n\u00e9lk\u00fcli k\u00e9sz\u00edtm\u00e9ny.\u00a0<\/em><em>\u00a0K\u00f6zeg\u00e9szs\u00e9g\u00fcgyi szempontb\u00f3l nem vesz\u00e9lyes.<\/em><\/p>\n<p><em>Eredeti z\u00e1rt csomagol\u00e1sban sz\u00e1raz, napf\u00e9nyt\u0151l v\u00e9dett\u00a0<\/em><em>fagymentes helyen a csomagol\u00e1son jelzett id\u0151pontig eltarthat\u00f3.<\/em><\/p>\n<p><em>Helytelen haszn\u00e1lat\u00e9rt felel\u0151ss\u00e9get nem v\u00e1llalunk!<\/em><\/p>","protected":false},"featured_media":2197,"template":"","meta":{"_et_pb_use_builder":"","_et_pb_old_content":"","_et_gb_content_width":""},"product_brand":[],"product_cat":[1416],"product_tag":[706,537,705,24,698],"class_list":{"0":"post-2192","1":"product","2":"type-product","3":"status-publish","4":"has-post-thumbnail","6":"product_cat-agrecol-oszi-mutragyak","7":"product_tag-1-kg","8":"product_tag-agrecol","9":"product_tag-mutragya","10":"product_tag-orokzold","11":"product_tag-oszi","13":"first","14":"instock","15":"shipping-taxable","16":"purchasable","17":"product-type-simple"},"yoast_head":"<!-- This site is optimized with the Yoast SEO plugin v27.3 - https:\/\/yoast.com\/product\/yoast-seo-wordpress\/ -->\n<title>Agrecol \u0150szi \u00f6r\u00f6kz\u00f6ld m\u0171tr\u00e1gya 1 kg\u00a0 \u00a0 \u00a0 - T\u00e1jkert\u00e9sz<\/title>\n<meta name=\"description\" content=\"Az Agrecol \u0150szi \u00f6r\u00f6kz\u00f6ld m\u0171tr\u00e1gya\u00a0 magas k\u00e1lium\u00a0 tartalm\u00fa. \u0150sszel kell kisz\u00f3rni, hogy tavaszig eljusson a talaj m\u00e9lyebb r\u00e9tegei be is. \u00a0 \u00a0 \u00a0\" \/>\n<meta name=\"robots\" content=\"index, follow, max-snippet:-1, max-image-preview:large, max-video-preview:-1\" \/>\n<link rel=\"canonical\" href=\"https:\/\/tajkertesz.com\/en_US\/product\/agrecol-oszi-orokzold-mutragya-1-kg\/\" \/>\n<meta property=\"og:locale\" content=\"en_US\" \/>\n<meta property=\"og:type\" content=\"article\" \/>\n<meta property=\"og:title\" content=\"Agrecol \u0150szi \u00f6r\u00f6kz\u00f6ld m\u0171tr\u00e1gya 1 kg\u00a0 \u00a0 \u00a0 - T\u00e1jkert\u00e9sz\" \/>\n<meta property=\"og:description\" content=\"Az Agrecol \u0150szi \u00f6r\u00f6kz\u00f6ld m\u0171tr\u00e1gya\u00a0 magas k\u00e1lium\u00a0 tartalm\u00fa. \u0150sszel kell kisz\u00f3rni, hogy tavaszig eljusson a talaj m\u00e9lyebb r\u00e9tegei be is. \u00a0 \u00a0 \u00a0\" \/>\n<meta property=\"og:url\" content=\"https:\/\/tajkertesz.com\/en_US\/product\/agrecol-oszi-orokzold-mutragya-1-kg\/\" \/>\n<meta property=\"og:site_name\" content=\"T\u00e1jkert\u00e9sz\" \/>\n<meta property=\"article:publisher\" content=\"https:\/\/www.facebook.com\/Tajkertesz\/\" \/>\n<meta property=\"article:modified_time\" content=\"2024-02-03T13:51:43+00:00\" \/>\n<meta property=\"og:image\" content=\"https:\/\/tajkertesz.com\/wp-content\/uploads\/2020\/09\/agrecol-oszi-orokzold-1kg.jpg\" \/>\n\t<meta property=\"og:image:width\" content=\"250\" \/>\n\t<meta property=\"og:image:height\" content=\"250\" \/>\n\t<meta property=\"og:image:type\" content=\"image\/jpeg\" \/>\n<meta name=\"twitter:card\" content=\"summary_large_image\" \/>\n<meta name=\"twitter:label1\" content=\"Est. reading time\" \/>\n\t<meta name=\"twitter:data1\" content=\"3 minutes\" \/>\n<script type=\"application\/ld+json\" class=\"yoast-schema-graph\">{\"@context\":\"https:\\\/\\\/schema.org\",\"@graph\":[{\"@type\":\"WebPage\",\"@id\":\"https:\\\/\\\/tajkertesz.com\\\/termek\\\/agrecol-oszi-orokzold-mutragya-1-kg\\\/\",\"url\":\"https:\\\/\\\/tajkertesz.com\\\/termek\\\/agrecol-oszi-orokzold-mutragya-1-kg\\\/\",\"name\":\"Agrecol \u0150szi \u00f6r\u00f6kz\u00f6ld m\u0171tr\u00e1gya 1 kg\u00a0 \u00a0 \u00a0 - T\u00e1jkert\u00e9sz\",\"isPartOf\":{\"@id\":\"https:\\\/\\\/tajkertesz.com\\\/#website\"},\"primaryImageOfPage\":{\"@id\":\"https:\\\/\\\/tajkertesz.com\\\/termek\\\/agrecol-oszi-orokzold-mutragya-1-kg\\\/#primaryimage\"},\"image\":{\"@id\":\"https:\\\/\\\/tajkertesz.com\\\/termek\\\/agrecol-oszi-orokzold-mutragya-1-kg\\\/#primaryimage\"},\"thumbnailUrl\":\"https:\\\/\\\/tajkertesz.com\\\/wp-content\\\/uploads\\\/2020\\\/09\\\/agrecol-oszi-orokzold-1kg.jpg\",\"datePublished\":\"2020-10-12T06:13:09+00:00\",\"dateModified\":\"2024-02-03T13:51:43+00:00\",\"description\":\"Az Agrecol \u0150szi \u00f6r\u00f6kz\u00f6ld m\u0171tr\u00e1gya\u00a0 magas k\u00e1lium\u00a0 tartalm\u00fa. \u0150sszel kell kisz\u00f3rni, hogy tavaszig eljusson a talaj m\u00e9lyebb r\u00e9tegei be is. \u00a0 \u00a0 \u00a0\",\"breadcrumb\":{\"@id\":\"https:\\\/\\\/tajkertesz.com\\\/termek\\\/agrecol-oszi-orokzold-mutragya-1-kg\\\/#breadcrumb\"},\"inLanguage\":\"en-US\",\"potentialAction\":[{\"@type\":\"ReadAction\",\"target\":[\"https:\\\/\\\/tajkertesz.com\\\/termek\\\/agrecol-oszi-orokzold-mutragya-1-kg\\\/\"]}]},{\"@type\":\"ImageObject\",\"inLanguage\":\"en-US\",\"@id\":\"https:\\\/\\\/tajkertesz.com\\\/termek\\\/agrecol-oszi-orokzold-mutragya-1-kg\\\/#primaryimage\",\"url\":\"https:\\\/\\\/tajkertesz.com\\\/wp-content\\\/uploads\\\/2020\\\/09\\\/agrecol-oszi-orokzold-1kg.jpg\",\"contentUrl\":\"https:\\\/\\\/tajkertesz.com\\\/wp-content\\\/uploads\\\/2020\\\/09\\\/agrecol-oszi-orokzold-1kg.jpg\",\"width\":250,\"height\":250},{\"@type\":\"BreadcrumbList\",\"@id\":\"https:\\\/\\\/tajkertesz.com\\\/termek\\\/agrecol-oszi-orokzold-mutragya-1-kg\\\/#breadcrumb\",\"itemListElement\":[{\"@type\":\"ListItem\",\"position\":1,\"name\":\"Home\",\"item\":\"https:\\\/\\\/tajkertesz.com\\\/\"},{\"@type\":\"ListItem\",\"position\":2,\"name\":\"Kezd\u0151lap\",\"item\":\"https:\\\/\\\/tajkertesz.com\\\/\"},{\"@type\":\"ListItem\",\"position\":3,\"name\":\"Agrecol \u0150szi \u00f6r\u00f6kz\u00f6ld m\u0171tr\u00e1gya 1 kg\u00a0 \u00a0 \u00a0\"}]},{\"@type\":\"WebSite\",\"@id\":\"https:\\\/\\\/tajkertesz.com\\\/#website\",\"url\":\"https:\\\/\\\/tajkertesz.com\\\/\",\"name\":\"T\u00e1j-Kert\u00e9sz 84 Kft.\",\"description\":\"Kert\u00e9szeti kis- \u00e9s nagykeresked\u00e9s, D\u00edszn\u00f6v\u00e9ny web\u00e1ruh\u00e1z orsz\u00e1gos h\u00e1zhozsz\u00e1ll\u00edt\u00e1ssal!\",\"publisher\":{\"@id\":\"https:\\\/\\\/tajkertesz.com\\\/#organization\"},\"potentialAction\":[{\"@type\":\"SearchAction\",\"target\":{\"@type\":\"EntryPoint\",\"urlTemplate\":\"https:\\\/\\\/tajkertesz.com\\\/?s={search_term_string}\"},\"query-input\":{\"@type\":\"PropertyValueSpecification\",\"valueRequired\":true,\"valueName\":\"search_term_string\"}}],\"inLanguage\":\"en-US\"},{\"@type\":\"Organization\",\"@id\":\"https:\\\/\\\/tajkertesz.com\\\/#organization\",\"name\":\"T\u00e1j-Kert\u00e9sz 84 Kft.\",\"url\":\"https:\\\/\\\/tajkertesz.com\\\/\",\"logo\":{\"@type\":\"ImageObject\",\"inLanguage\":\"en-US\",\"@id\":\"https:\\\/\\\/tajkertesz.com\\\/#\\\/schema\\\/logo\\\/image\\\/\",\"url\":\"https:\\\/\\\/tajkertesz.com\\\/wp-content\\\/uploads\\\/2018\\\/02\\\/logo-2-e1518678052539.png\",\"contentUrl\":\"https:\\\/\\\/tajkertesz.com\\\/wp-content\\\/uploads\\\/2018\\\/02\\\/logo-2-e1518678052539.png\",\"width\":81,\"height\":140,\"caption\":\"T\u00e1j-Kert\u00e9sz 84 Kft.\"},\"image\":{\"@id\":\"https:\\\/\\\/tajkertesz.com\\\/#\\\/schema\\\/logo\\\/image\\\/\"},\"sameAs\":[\"https:\\\/\\\/www.facebook.com\\\/Tajkertesz\\\/\"]}]}<\/script>\n<!-- \/ Yoast SEO plugin. -->","yoast_head_json":{"title":"Agrecol \u0150szi \u00f6r\u00f6kz\u00f6ld m\u0171tr\u00e1gya 1 kg\u00a0 \u00a0 \u00a0 - T\u00e1jkert\u00e9sz","description":"Az Agrecol \u0150szi \u00f6r\u00f6kz\u00f6ld m\u0171tr\u00e1gya\u00a0 magas k\u00e1lium\u00a0 tartalm\u00fa. \u0150sszel kell kisz\u00f3rni, hogy tavaszig eljusson a talaj m\u00e9lyebb r\u00e9tegei be is. \u00a0 \u00a0 \u00a0","robots":{"index":"index","follow":"follow","max-snippet":"max-snippet:-1","max-image-preview":"max-image-preview:large","max-video-preview":"max-video-preview:-1"},"canonical":"https:\/\/tajkertesz.com\/en_US\/product\/agrecol-oszi-orokzold-mutragya-1-kg\/","og_locale":"en_US","og_type":"article","og_title":"Agrecol \u0150szi \u00f6r\u00f6kz\u00f6ld m\u0171tr\u00e1gya 1 kg\u00a0 \u00a0 \u00a0 - T\u00e1jkert\u00e9sz","og_description":"Az Agrecol \u0150szi \u00f6r\u00f6kz\u00f6ld m\u0171tr\u00e1gya\u00a0 magas k\u00e1lium\u00a0 tartalm\u00fa. \u0150sszel kell kisz\u00f3rni, hogy tavaszig eljusson a talaj m\u00e9lyebb r\u00e9tegei be is. \u00a0 \u00a0 \u00a0","og_url":"https:\/\/tajkertesz.com\/en_US\/product\/agrecol-oszi-orokzold-mutragya-1-kg\/","og_site_name":"T\u00e1jkert\u00e9sz","article_publisher":"https:\/\/www.facebook.com\/Tajkertesz\/","article_modified_time":"2024-02-03T13:51:43+00:00","og_image":[{"width":250,"height":250,"url":"https:\/\/tajkertesz.com\/wp-content\/uploads\/2020\/09\/agrecol-oszi-orokzold-1kg.jpg","type":"image\/jpeg"}],"twitter_card":"summary_large_image","twitter_misc":{"Est. reading time":"3 minutes"},"schema":{"@context":"https:\/\/schema.org","@graph":[{"@type":"WebPage","@id":"https:\/\/tajkertesz.com\/termek\/agrecol-oszi-orokzold-mutragya-1-kg\/","url":"https:\/\/tajkertesz.com\/termek\/agrecol-oszi-orokzold-mutragya-1-kg\/","name":"Agrecol \u0150szi \u00f6r\u00f6kz\u00f6ld m\u0171tr\u00e1gya 1 kg\u00a0 \u00a0 \u00a0 - T\u00e1jkert\u00e9sz","isPartOf":{"@id":"https:\/\/tajkertesz.com\/#website"},"primaryImageOfPage":{"@id":"https:\/\/tajkertesz.com\/termek\/agrecol-oszi-orokzold-mutragya-1-kg\/#primaryimage"},"image":{"@id":"https:\/\/tajkertesz.com\/termek\/agrecol-oszi-orokzold-mutragya-1-kg\/#primaryimage"},"thumbnailUrl":"https:\/\/tajkertesz.com\/wp-content\/uploads\/2020\/09\/agrecol-oszi-orokzold-1kg.jpg","datePublished":"2020-10-12T06:13:09+00:00","dateModified":"2024-02-03T13:51:43+00:00","description":"Az Agrecol \u0150szi \u00f6r\u00f6kz\u00f6ld m\u0171tr\u00e1gya\u00a0 magas k\u00e1lium\u00a0 tartalm\u00fa. \u0150sszel kell kisz\u00f3rni, hogy tavaszig eljusson a talaj m\u00e9lyebb r\u00e9tegei be is. \u00a0 \u00a0 \u00a0","breadcrumb":{"@id":"https:\/\/tajkertesz.com\/termek\/agrecol-oszi-orokzold-mutragya-1-kg\/#breadcrumb"},"inLanguage":"en-US","potentialAction":[{"@type":"ReadAction","target":["https:\/\/tajkertesz.com\/termek\/agrecol-oszi-orokzold-mutragya-1-kg\/"]}]},{"@type":"ImageObject","inLanguage":"en-US","@id":"https:\/\/tajkertesz.com\/termek\/agrecol-oszi-orokzold-mutragya-1-kg\/#primaryimage","url":"https:\/\/tajkertesz.com\/wp-content\/uploads\/2020\/09\/agrecol-oszi-orokzold-1kg.jpg","contentUrl":"https:\/\/tajkertesz.com\/wp-content\/uploads\/2020\/09\/agrecol-oszi-orokzold-1kg.jpg","width":250,"height":250},{"@type":"BreadcrumbList","@id":"https:\/\/tajkertesz.com\/termek\/agrecol-oszi-orokzold-mutragya-1-kg\/#breadcrumb","itemListElement":[{"@type":"ListItem","position":1,"name":"Home","item":"https:\/\/tajkertesz.com\/"},{"@type":"ListItem","position":2,"name":"Kezd\u0151lap","item":"https:\/\/tajkertesz.com\/"},{"@type":"ListItem","position":3,"name":"Agrecol \u0150szi \u00f6r\u00f6kz\u00f6ld m\u0171tr\u00e1gya 1 kg\u00a0 \u00a0 \u00a0"}]},{"@type":"WebSite","@id":"https:\/\/tajkertesz.com\/#website","url":"https:\/\/tajkertesz.com\/","name":"T\u00e1j-Kert\u00e9sz 84 Kft.","description":"Kert\u00e9szeti kis- \u00e9s nagykeresked\u00e9s, D\u00edszn\u00f6v\u00e9ny web\u00e1ruh\u00e1z orsz\u00e1gos h\u00e1zhozsz\u00e1ll\u00edt\u00e1ssal!","publisher":{"@id":"https:\/\/tajkertesz.com\/#organization"},"potentialAction":[{"@type":"SearchAction","target":{"@type":"EntryPoint","urlTemplate":"https:\/\/tajkertesz.com\/?s={search_term_string}"},"query-input":{"@type":"PropertyValueSpecification","valueRequired":true,"valueName":"search_term_string"}}],"inLanguage":"en-US"},{"@type":"Organization","@id":"https:\/\/tajkertesz.com\/#organization","name":"T\u00e1j-Kert\u00e9sz 84 Kft.","url":"https:\/\/tajkertesz.com\/","logo":{"@type":"ImageObject","inLanguage":"en-US","@id":"https:\/\/tajkertesz.com\/#\/schema\/logo\/image\/","url":"https:\/\/tajkertesz.com\/wp-content\/uploads\/2018\/02\/logo-2-e1518678052539.png","contentUrl":"https:\/\/tajkertesz.com\/wp-content\/uploads\/2018\/02\/logo-2-e1518678052539.png","width":81,"height":140,"caption":"T\u00e1j-Kert\u00e9sz 84 Kft."},"image":{"@id":"https:\/\/tajkertesz.com\/#\/schema\/logo\/image\/"},"sameAs":["https:\/\/www.facebook.com\/Tajkertesz\/"]}]}},"_links":{"self":[{"href":"https:\/\/tajkertesz.com\/en_US\/wp-json\/wp\/v2\/product\/2192","targetHints":{"allow":["GET"]}}],"collection":[{"href":"https:\/\/tajkertesz.com\/en_US\/wp-json\/wp\/v2\/product"}],"about":[{"href":"https:\/\/tajkertesz.com\/en_US\/wp-json\/wp\/v2\/types\/product"}],"wp:featuredmedia":[{"embeddable":true,"href":"https:\/\/tajkertesz.com\/en_US\/wp-json\/wp\/v2\/media\/2197"}],"wp:attachment":[{"href":"https:\/\/tajkertesz.com\/en_US\/wp-json\/wp\/v2\/media?parent=2192"}],"wp:term":[{"taxonomy":"product_brand","embeddable":true,"href":"https:\/\/tajkertesz.com\/en_US\/wp-json\/wp\/v2\/product_brand?post=2192"},{"taxonomy":"product_cat","embeddable":true,"href":"https:\/\/tajkertesz.com\/en_US\/wp-json\/wp\/v2\/product_cat?post=2192"},{"taxonomy":"product_tag","embeddable":true,"href":"https:\/\/tajkertesz.com\/en_US\/wp-json\/wp\/v2\/product_tag?post=2192"}],"curies":[{"name":"wp","href":"https:\/\/api.w.org\/{rel}","templated":true}]}}