{"id":22019,"date":"2024-12-18T13:37:50","date_gmt":"2024-12-18T13:37:50","guid":{"rendered":"https:\/\/tajkertesz.com\/?post_type=product&#038;p=22019"},"modified":"2026-02-12T14:38:13","modified_gmt":"2026-02-12T14:38:13","slug":"lopotok-vetomag-2g","status":"publish","type":"product","link":"https:\/\/tajkertesz.com\/en_US\/product\/lopotok-vetomag-2g\/","title":{"rendered":"Lop\u00f3t\u00f6k vet\u0151mag\u00a02g"},"content":{"rendered":"<h1>Lop\u00f3t\u00f6k vet\u0151mag\u00a02g<\/h1>\n<p>A Lop\u00f3t\u00f6k vet\u0151mag\u00a02g (LAGENARIA SICERARIA) k\u00fcl\u00f6nleges alak\u00fa term\u00e9seit lak\u00e1sok d\u00edsz\u00edt\u00e9s\u00e9re \u00e9s sz\u00e1razk\u00f6t\u00e9szeti \u00f6ssze\u00e1ll\u00edt\u00e1sokban haszn\u00e1lj\u00e1k.<\/p>\n<h2>Lop\u00f3t\u00f6k vet\u0151mag jellemz\u0151i<\/h2>\n<p>\u00c1prilis v\u00e9g\u00e9n \u00e1lland\u00f3 hely\u00e9re vetj\u00fck, f\u00e9szkekbe. Lugasok, falak el\u00e9 helyezett r\u00e1csokon magasan felk\u00faszik.<\/p>\n<p>T\u00e1panyagban gazdag talajon d\u00edszlik a legjobban. K\u00f6zepes v\u00edzig\u00e9ny\u0171.<\/p>\n<p>Cs\u00fcng\u0151 term\u00e9sei a n\u00f6v\u00e9nyen is mutat\u00f3sak.<\/p>\n<div>\n<div>Vet\u00e9si id\u0151: \u00e1prilis v\u00e9ge-m\u00e1jus eleje<\/div>\n<\/div>\n<div>\n<div>Term\u00e9s\u00a0 sz\u00edne: z\u00f6ld<\/div>\n<\/div>\n<div>\n<div>N\u00f6v\u00e9ny magass\u00e1ga: 300 cm<\/div>\n<\/div>\n<div>\n<div>Szed\u00e9s ideje: szeptember, janu\u00e1r<\/div>\n<\/div>\n<div>\n<div>Sort\u00e1vols\u00e1g: 200 cm<\/div>\n<\/div>\n<div>\n<div>T\u0151t\u00e1vols\u00e1g: 150 cm<\/div>\n<\/div>\n<div>\n<div>Vet\u00e9sm\u00e9lys\u00e9g: 3 cm<\/div>\n<\/div>\n<div>\n<div>Vet\u0151magig\u00e9ny: 5 g\/10nm<\/div>\n<\/div>\n<div>\u00c1tlagos cs\u00edr\u00e1z\u00e1si id\u0151: 15 nap<\/div>\n<div>\n<div>Optim\u00e1lis cs\u00edr\u00e1z\u00e1si h\u0151m\u00e9rs\u00e9klet: 20 \u00b0C<\/div>\n<\/div>\n<div><\/div>\n<div>\n<h3>Lop\u00f3t\u00f6k felhaszn\u00e1l\u00e1sa<\/h3>\n<\/div>\n<p>&nbsp;<\/p>\n<div>A vet\u0151magok el\u00fcltet\u00e9s\u00e9hez el\u0151sz\u00f6r is alaposan laz\u00edtsuk fel az \u00fcres \u00e1gy\u00e1sok talaj\u00e1t, hogy a gy\u00f6kerek k\u00f6nnyen fejl\u0151dhessenek. Adjunk hozz\u00e1 komposztot vagy szerves tr\u00e1gy\u00e1t a talaj t\u00e1panyagtartalm\u00e1nak n\u00f6vel\u00e9se \u00e9rdek\u00e9ben. Sz\u00f3rjuk el a vet\u0151magokat a talaj felsz\u00edn\u00e9n a csomagol\u00e1son tal\u00e1lhat\u00f3 \u00fcltet\u00e9si t\u00e1vols\u00e1gok \u00e9s m\u00e9lys\u00e9gek betart\u00e1s\u00e1val. Ezut\u00e1n finoman takarjuk be a magokat egy v\u00e9kony r\u00e9teg f\u00f6lddel, \u00e9s \u00f3vatosan \u00f6nt\u00f6zz\u00fck meg a ter\u00fcletet. A cs\u00edr\u00e1z\u00e1s ideje alatt tartsuk a talajt nedvesen, \u00e9s biztos\u00edtsuk a fiatal n\u00f6v\u00e9nyek sz\u00e1m\u00e1ra a megfelel\u0151 f\u00e9nyt \u00e9s v\u00e9delmet a k\u00e1rtev\u0151kkel szemben.<\/div>\n<p>&nbsp;<\/p>\n<div>Id\u0151z\u00edt\u00e9s: A magokat tavasszal, a fagyvesz\u00e9ly elm\u00falt\u00e1val \u00e9rdemes elvetni, amikor a talaj h\u0151m\u00e9rs\u00e9klete el\u00e9ri a 15-20\u00b0C-ot.<br \/>\nTalaj el\u0151k\u00e9sz\u00edt\u00e9se: V\u00e1lassz napos helyet, \u00e9s k\u00e9sz\u00edtsd el\u0151 a talajt. A lop\u00f3t\u00f6k szereti a j\u00f3 v\u00edzelvezet\u00e9s\u0171, t\u00e1panyagban gazdag talajt. Dolgozz bele komposztot vagy \u00e9rett tr\u00e1gy\u00e1t.<br \/>\nMagok el\u0151k\u00e9sz\u00edt\u00e9se: A magokat \u00e9rdemes egy \u00e9jszak\u00e1ra v\u00edzbe \u00e1ztatni, hogy gyorsabban cs\u00edr\u00e1zzanak.<br \/>\nMagok elvet\u00e9se: \u00dcltesd a magokat 2-3 cm m\u00e9lyre, egym\u00e1st\u00f3l kb. 1 m\u00e9ter t\u00e1vols\u00e1gra. Ha sorokba \u00fcltetsz, a sorok k\u00f6z\u00f6tt hagyj 1,5-2 m\u00e9ter t\u00e1vols\u00e1got.<br \/>\n\u00d6nt\u00f6z\u00e9s: Tartsd a talajt egyenletesen nedvesen, de ne \u00e1ztasd el. A magok \u00e1ltal\u00e1ban 7-10 nap alatt cs\u00edr\u00e1znak.<br \/>\nGondoz\u00e1s: Amikor a n\u00f6v\u00e9nyek el\u00e9rik a 10-15 cm magass\u00e1got, ritk\u00edtsd meg \u0151ket, hogy a leger\u0151sebb n\u00f6v\u00e9nyek maradjanak. Rendszeresen gyoml\u00e1lj \u00e9s \u00f6nt\u00f6zz.<\/div>\n<div><\/div>\n<div>\n<div><a href=\"https:\/\/www.facebook.com\/tajkertesz\">https:\/\/www.facebook.com\/tajkertesz<\/a><\/div>\n<div>\n<p><a href=\"https:\/\/tajkertesz.com\/\">https:\/\/tajkertesz.com\/<\/a><\/p>\n<\/div>\n<div id=\"bodyContent\">\n<div id=\"mw-content-text\" dir=\"ltr\" lang=\"hu\">\n<div>\n<p>&nbsp;<\/p>\n<\/div>\n<\/div>\n<\/div>\n<p><strong>K\u00e9szlet\u00fcnk napi szinten v\u00e1ltozik, ez\u00e9rt k\u00e9rj\u00fck, \u00e9rdekl\u0151dj\u00f6n szem\u00e9lyesen, telefonon vagy email-en.<\/strong><br \/>\n<strong>A v\u00e1ltoztat\u00e1s jog\u00e1t fenntartjuk!<\/strong><\/p>\n<p>Kisz\u00e1ll\u00edt\u00e1s: 200cm-ig \u00a0\u00e9s 40 kg-ig a sz\u00e1ll\u00edt\u00e1s fut\u00e1rszolg\u00e1lattal \u00a0t\u00f6rt\u00e9nik.<\/p>\n<p>Szem\u00e9lyes \u00e1tv\u00e9tel nyitvatart\u00e1si id\u0151ben a 17. ker\u00fclet Bakancsos utca 7. sz\u00e1m alatti Kert\u00e9szeti \u00e1rud\u00e1ban<\/p>\n<h6><\/h6>\n<h6><\/h6>\n<\/div>","protected":false},"excerpt":{"rendered":"<h3>Lop\u00f3t\u00f6k vet\u0151mag\u00a02g<\/h3>\n<h3>A\u00a0 Lop\u00f3t\u00f6k vet\u0151mag\u00a0 2g\u00a0 (LAGENARIA SICERARIA) k\u00fcl\u00f6nleges alak\u00fa term\u00e9seit lak\u00e1sok d\u00edsz\u00edt\u00e9s\u00e9re \u00e9s sz\u00e1razk\u00f6t\u00e9szeti \u00f6ssze\u00e1ll\u00edt\u00e1sokban haszn\u00e1lj\u00e1k.<\/h3>\n<h3>\u00c1prilis v\u00e9g\u00e9n \u00e1lland\u00f3 hely\u00e9re vetj\u00fck, f\u00e9szkekbe. Lugasok, falak el\u00e9 helyezett r\u00e1csokon magasan felk\u00faszik.<\/h3>\n<h3>T\u00e1panyagban gazdag talajon d\u00edszlik a legjobban. K\u00f6zepes v\u00edzig\u00e9ny\u0171.<\/h3>\n<h3>Cs\u00fcng\u0151 term\u00e9sei a n\u00f6v\u00e9nyen is mutat\u00f3sak.<\/h3>","protected":false},"featured_media":22020,"template":"","meta":{"_et_pb_use_builder":"","_et_pb_old_content":"","_et_gb_content_width":""},"product_brand":[],"product_cat":[2882],"product_tag":[5565,5573,4115],"class_list":{"0":"post-22019","1":"product","2":"type-product","3":"status-publish","4":"has-post-thumbnail","6":"product_cat-virag-vetomagok","7":"product_tag-lopotok","8":"product_tag-lopotok-vetomag-2g","9":"product_tag-vetomag","11":"first","12":"instock","13":"shipping-taxable","14":"purchasable","15":"product-type-simple"},"yoast_head":"<!-- This site is optimized with the Yoast SEO plugin v27.4 - https:\/\/yoast.com\/product\/yoast-seo-wordpress\/ -->\n<title>Lop\u00f3t\u00f6k vet\u0151mag\u00a02g - T\u00e1jkert\u00e9sz<\/title>\n<meta name=\"description\" content=\"A Lop\u00f3t\u00f6k vet\u0151mag\u00a02g (LAGENARIA SICERARIA) k\u00fcl\u00f6nleges alak\u00fa term\u00e9seit lak\u00e1sok d\u00edsz\u00edt\u00e9s\u00e9re \u00e9s sz\u00e1razk\u00f6t\u00e9szeti \u00f6ssze\u00e1ll\u00edt\u00e1sokban haszn\u00e1lj\u00e1k.\" \/>\n<meta name=\"robots\" content=\"index, follow, max-snippet:-1, max-image-preview:large, max-video-preview:-1\" \/>\n<link rel=\"canonical\" href=\"https:\/\/tajkertesz.com\/en_US\/product\/lopotok-vetomag-2g\/\" \/>\n<meta property=\"og:locale\" content=\"en_US\" \/>\n<meta property=\"og:type\" content=\"article\" \/>\n<meta property=\"og:title\" content=\"Lop\u00f3t\u00f6k vet\u0151mag\u00a02g - T\u00e1jkert\u00e9sz\" \/>\n<meta property=\"og:description\" content=\"A Lop\u00f3t\u00f6k vet\u0151mag\u00a02g (LAGENARIA SICERARIA) k\u00fcl\u00f6nleges alak\u00fa term\u00e9seit lak\u00e1sok d\u00edsz\u00edt\u00e9s\u00e9re \u00e9s sz\u00e1razk\u00f6t\u00e9szeti \u00f6ssze\u00e1ll\u00edt\u00e1sokban haszn\u00e1lj\u00e1k.\" \/>\n<meta property=\"og:url\" content=\"https:\/\/tajkertesz.com\/en_US\/product\/lopotok-vetomag-2g\/\" \/>\n<meta property=\"og:site_name\" content=\"T\u00e1jkert\u00e9sz\" \/>\n<meta property=\"article:publisher\" content=\"https:\/\/www.facebook.com\/Tajkertesz\/\" \/>\n<meta property=\"article:modified_time\" content=\"2026-02-12T14:38:13+00:00\" \/>\n<meta property=\"og:image\" content=\"https:\/\/tajkertesz.com\/wp-content\/uploads\/2024\/12\/Lopotok.jpg\" \/>\n\t<meta property=\"og:image:width\" content=\"934\" \/>\n\t<meta property=\"og:image:height\" content=\"934\" \/>\n\t<meta property=\"og:image:type\" content=\"image\/jpeg\" \/>\n<meta name=\"twitter:card\" content=\"summary_large_image\" \/>\n<meta name=\"twitter:label1\" content=\"Est. reading time\" \/>\n\t<meta name=\"twitter:data1\" content=\"2 minutes\" \/>\n<script type=\"application\/ld+json\" class=\"yoast-schema-graph\">{\"@context\":\"https:\\\/\\\/schema.org\",\"@graph\":[{\"@type\":\"WebPage\",\"@id\":\"https:\\\/\\\/tajkertesz.com\\\/termek\\\/lopotok-vetomag-2g\\\/\",\"url\":\"https:\\\/\\\/tajkertesz.com\\\/termek\\\/lopotok-vetomag-2g\\\/\",\"name\":\"Lop\u00f3t\u00f6k vet\u0151mag\u00a02g - T\u00e1jkert\u00e9sz\",\"isPartOf\":{\"@id\":\"https:\\\/\\\/tajkertesz.com\\\/#website\"},\"primaryImageOfPage\":{\"@id\":\"https:\\\/\\\/tajkertesz.com\\\/termek\\\/lopotok-vetomag-2g\\\/#primaryimage\"},\"image\":{\"@id\":\"https:\\\/\\\/tajkertesz.com\\\/termek\\\/lopotok-vetomag-2g\\\/#primaryimage\"},\"thumbnailUrl\":\"https:\\\/\\\/tajkertesz.com\\\/wp-content\\\/uploads\\\/2024\\\/12\\\/Lopotok.jpg\",\"datePublished\":\"2024-12-18T13:37:50+00:00\",\"dateModified\":\"2026-02-12T14:38:13+00:00\",\"description\":\"A Lop\u00f3t\u00f6k vet\u0151mag\u00a02g (LAGENARIA SICERARIA) k\u00fcl\u00f6nleges alak\u00fa term\u00e9seit lak\u00e1sok d\u00edsz\u00edt\u00e9s\u00e9re \u00e9s sz\u00e1razk\u00f6t\u00e9szeti \u00f6ssze\u00e1ll\u00edt\u00e1sokban haszn\u00e1lj\u00e1k.\",\"breadcrumb\":{\"@id\":\"https:\\\/\\\/tajkertesz.com\\\/termek\\\/lopotok-vetomag-2g\\\/#breadcrumb\"},\"inLanguage\":\"en-US\",\"potentialAction\":[{\"@type\":\"ReadAction\",\"target\":[\"https:\\\/\\\/tajkertesz.com\\\/termek\\\/lopotok-vetomag-2g\\\/\"]}]},{\"@type\":\"ImageObject\",\"inLanguage\":\"en-US\",\"@id\":\"https:\\\/\\\/tajkertesz.com\\\/termek\\\/lopotok-vetomag-2g\\\/#primaryimage\",\"url\":\"https:\\\/\\\/tajkertesz.com\\\/wp-content\\\/uploads\\\/2024\\\/12\\\/Lopotok.jpg\",\"contentUrl\":\"https:\\\/\\\/tajkertesz.com\\\/wp-content\\\/uploads\\\/2024\\\/12\\\/Lopotok.jpg\",\"width\":934,\"height\":934,\"caption\":\"Lop\u00f3t\u00f6k vet\u0151mag\u00a0 2g\"},{\"@type\":\"BreadcrumbList\",\"@id\":\"https:\\\/\\\/tajkertesz.com\\\/termek\\\/lopotok-vetomag-2g\\\/#breadcrumb\",\"itemListElement\":[{\"@type\":\"ListItem\",\"position\":1,\"name\":\"Home\",\"item\":\"https:\\\/\\\/tajkertesz.com\\\/\"},{\"@type\":\"ListItem\",\"position\":2,\"name\":\"Kezd\u0151lap\",\"item\":\"https:\\\/\\\/tajkertesz.com\\\/\"},{\"@type\":\"ListItem\",\"position\":3,\"name\":\"Lop\u00f3t\u00f6k vet\u0151mag\u00a02g\"}]},{\"@type\":\"WebSite\",\"@id\":\"https:\\\/\\\/tajkertesz.com\\\/#website\",\"url\":\"https:\\\/\\\/tajkertesz.com\\\/\",\"name\":\"T\u00e1j-Kert\u00e9sz 84 Kft.\",\"description\":\"Kert\u00e9szeti kis- \u00e9s nagykeresked\u00e9s, D\u00edszn\u00f6v\u00e9ny web\u00e1ruh\u00e1z orsz\u00e1gos h\u00e1zhozsz\u00e1ll\u00edt\u00e1ssal!\",\"publisher\":{\"@id\":\"https:\\\/\\\/tajkertesz.com\\\/#organization\"},\"potentialAction\":[{\"@type\":\"SearchAction\",\"target\":{\"@type\":\"EntryPoint\",\"urlTemplate\":\"https:\\\/\\\/tajkertesz.com\\\/?s={search_term_string}\"},\"query-input\":{\"@type\":\"PropertyValueSpecification\",\"valueRequired\":true,\"valueName\":\"search_term_string\"}}],\"inLanguage\":\"en-US\"},{\"@type\":\"Organization\",\"@id\":\"https:\\\/\\\/tajkertesz.com\\\/#organization\",\"name\":\"T\u00e1j-Kert\u00e9sz 84 Kft.\",\"url\":\"https:\\\/\\\/tajkertesz.com\\\/\",\"logo\":{\"@type\":\"ImageObject\",\"inLanguage\":\"en-US\",\"@id\":\"https:\\\/\\\/tajkertesz.com\\\/#\\\/schema\\\/logo\\\/image\\\/\",\"url\":\"https:\\\/\\\/tajkertesz.com\\\/wp-content\\\/uploads\\\/2018\\\/02\\\/logo-2-e1518678052539.png\",\"contentUrl\":\"https:\\\/\\\/tajkertesz.com\\\/wp-content\\\/uploads\\\/2018\\\/02\\\/logo-2-e1518678052539.png\",\"width\":81,\"height\":140,\"caption\":\"T\u00e1j-Kert\u00e9sz 84 Kft.\"},\"image\":{\"@id\":\"https:\\\/\\\/tajkertesz.com\\\/#\\\/schema\\\/logo\\\/image\\\/\"},\"sameAs\":[\"https:\\\/\\\/www.facebook.com\\\/Tajkertesz\\\/\"]}]}<\/script>\n<!-- \/ Yoast SEO plugin. -->","yoast_head_json":{"title":"Lop\u00f3t\u00f6k vet\u0151mag\u00a02g - T\u00e1jkert\u00e9sz","description":"A Lop\u00f3t\u00f6k vet\u0151mag\u00a02g (LAGENARIA SICERARIA) k\u00fcl\u00f6nleges alak\u00fa term\u00e9seit lak\u00e1sok d\u00edsz\u00edt\u00e9s\u00e9re \u00e9s sz\u00e1razk\u00f6t\u00e9szeti \u00f6ssze\u00e1ll\u00edt\u00e1sokban haszn\u00e1lj\u00e1k.","robots":{"index":"index","follow":"follow","max-snippet":"max-snippet:-1","max-image-preview":"max-image-preview:large","max-video-preview":"max-video-preview:-1"},"canonical":"https:\/\/tajkertesz.com\/en_US\/product\/lopotok-vetomag-2g\/","og_locale":"en_US","og_type":"article","og_title":"Lop\u00f3t\u00f6k vet\u0151mag\u00a02g - T\u00e1jkert\u00e9sz","og_description":"A Lop\u00f3t\u00f6k vet\u0151mag\u00a02g (LAGENARIA SICERARIA) k\u00fcl\u00f6nleges alak\u00fa term\u00e9seit lak\u00e1sok d\u00edsz\u00edt\u00e9s\u00e9re \u00e9s sz\u00e1razk\u00f6t\u00e9szeti \u00f6ssze\u00e1ll\u00edt\u00e1sokban haszn\u00e1lj\u00e1k.","og_url":"https:\/\/tajkertesz.com\/en_US\/product\/lopotok-vetomag-2g\/","og_site_name":"T\u00e1jkert\u00e9sz","article_publisher":"https:\/\/www.facebook.com\/Tajkertesz\/","article_modified_time":"2026-02-12T14:38:13+00:00","og_image":[{"width":934,"height":934,"url":"https:\/\/tajkertesz.com\/wp-content\/uploads\/2024\/12\/Lopotok.jpg","type":"image\/jpeg"}],"twitter_card":"summary_large_image","twitter_misc":{"Est. reading time":"2 minutes"},"schema":{"@context":"https:\/\/schema.org","@graph":[{"@type":"WebPage","@id":"https:\/\/tajkertesz.com\/termek\/lopotok-vetomag-2g\/","url":"https:\/\/tajkertesz.com\/termek\/lopotok-vetomag-2g\/","name":"Lop\u00f3t\u00f6k vet\u0151mag\u00a02g - T\u00e1jkert\u00e9sz","isPartOf":{"@id":"https:\/\/tajkertesz.com\/#website"},"primaryImageOfPage":{"@id":"https:\/\/tajkertesz.com\/termek\/lopotok-vetomag-2g\/#primaryimage"},"image":{"@id":"https:\/\/tajkertesz.com\/termek\/lopotok-vetomag-2g\/#primaryimage"},"thumbnailUrl":"https:\/\/tajkertesz.com\/wp-content\/uploads\/2024\/12\/Lopotok.jpg","datePublished":"2024-12-18T13:37:50+00:00","dateModified":"2026-02-12T14:38:13+00:00","description":"A Lop\u00f3t\u00f6k vet\u0151mag\u00a02g (LAGENARIA SICERARIA) k\u00fcl\u00f6nleges alak\u00fa term\u00e9seit lak\u00e1sok d\u00edsz\u00edt\u00e9s\u00e9re \u00e9s sz\u00e1razk\u00f6t\u00e9szeti \u00f6ssze\u00e1ll\u00edt\u00e1sokban haszn\u00e1lj\u00e1k.","breadcrumb":{"@id":"https:\/\/tajkertesz.com\/termek\/lopotok-vetomag-2g\/#breadcrumb"},"inLanguage":"en-US","potentialAction":[{"@type":"ReadAction","target":["https:\/\/tajkertesz.com\/termek\/lopotok-vetomag-2g\/"]}]},{"@type":"ImageObject","inLanguage":"en-US","@id":"https:\/\/tajkertesz.com\/termek\/lopotok-vetomag-2g\/#primaryimage","url":"https:\/\/tajkertesz.com\/wp-content\/uploads\/2024\/12\/Lopotok.jpg","contentUrl":"https:\/\/tajkertesz.com\/wp-content\/uploads\/2024\/12\/Lopotok.jpg","width":934,"height":934,"caption":"Lop\u00f3t\u00f6k vet\u0151mag\u00a0 2g"},{"@type":"BreadcrumbList","@id":"https:\/\/tajkertesz.com\/termek\/lopotok-vetomag-2g\/#breadcrumb","itemListElement":[{"@type":"ListItem","position":1,"name":"Home","item":"https:\/\/tajkertesz.com\/"},{"@type":"ListItem","position":2,"name":"Kezd\u0151lap","item":"https:\/\/tajkertesz.com\/"},{"@type":"ListItem","position":3,"name":"Lop\u00f3t\u00f6k vet\u0151mag\u00a02g"}]},{"@type":"WebSite","@id":"https:\/\/tajkertesz.com\/#website","url":"https:\/\/tajkertesz.com\/","name":"T\u00e1j-Kert\u00e9sz 84 Kft.","description":"Kert\u00e9szeti kis- \u00e9s nagykeresked\u00e9s, D\u00edszn\u00f6v\u00e9ny web\u00e1ruh\u00e1z orsz\u00e1gos h\u00e1zhozsz\u00e1ll\u00edt\u00e1ssal!","publisher":{"@id":"https:\/\/tajkertesz.com\/#organization"},"potentialAction":[{"@type":"SearchAction","target":{"@type":"EntryPoint","urlTemplate":"https:\/\/tajkertesz.com\/?s={search_term_string}"},"query-input":{"@type":"PropertyValueSpecification","valueRequired":true,"valueName":"search_term_string"}}],"inLanguage":"en-US"},{"@type":"Organization","@id":"https:\/\/tajkertesz.com\/#organization","name":"T\u00e1j-Kert\u00e9sz 84 Kft.","url":"https:\/\/tajkertesz.com\/","logo":{"@type":"ImageObject","inLanguage":"en-US","@id":"https:\/\/tajkertesz.com\/#\/schema\/logo\/image\/","url":"https:\/\/tajkertesz.com\/wp-content\/uploads\/2018\/02\/logo-2-e1518678052539.png","contentUrl":"https:\/\/tajkertesz.com\/wp-content\/uploads\/2018\/02\/logo-2-e1518678052539.png","width":81,"height":140,"caption":"T\u00e1j-Kert\u00e9sz 84 Kft."},"image":{"@id":"https:\/\/tajkertesz.com\/#\/schema\/logo\/image\/"},"sameAs":["https:\/\/www.facebook.com\/Tajkertesz\/"]}]}},"_links":{"self":[{"href":"https:\/\/tajkertesz.com\/en_US\/wp-json\/wp\/v2\/product\/22019","targetHints":{"allow":["GET"]}}],"collection":[{"href":"https:\/\/tajkertesz.com\/en_US\/wp-json\/wp\/v2\/product"}],"about":[{"href":"https:\/\/tajkertesz.com\/en_US\/wp-json\/wp\/v2\/types\/product"}],"wp:featuredmedia":[{"embeddable":true,"href":"https:\/\/tajkertesz.com\/en_US\/wp-json\/wp\/v2\/media\/22020"}],"wp:attachment":[{"href":"https:\/\/tajkertesz.com\/en_US\/wp-json\/wp\/v2\/media?parent=22019"}],"wp:term":[{"taxonomy":"product_brand","embeddable":true,"href":"https:\/\/tajkertesz.com\/en_US\/wp-json\/wp\/v2\/product_brand?post=22019"},{"taxonomy":"product_cat","embeddable":true,"href":"https:\/\/tajkertesz.com\/en_US\/wp-json\/wp\/v2\/product_cat?post=22019"},{"taxonomy":"product_tag","embeddable":true,"href":"https:\/\/tajkertesz.com\/en_US\/wp-json\/wp\/v2\/product_tag?post=22019"}],"curies":[{"name":"wp","href":"https:\/\/api.w.org\/{rel}","templated":true}]}}