{"id":22027,"date":"2024-12-18T14:32:36","date_gmt":"2024-12-18T14:32:36","guid":{"rendered":"https:\/\/tajkertesz.com\/?post_type=product&#038;p=22027"},"modified":"2026-02-12T14:37:53","modified_gmt":"2026-02-12T14:37:53","slug":"kochia-scoparia-nyari-ciprus","status":"publish","type":"product","link":"https:\/\/tajkertesz.com\/en_US\/product\/kochia-scoparia-nyari-ciprus\/","title":{"rendered":"Kochia scoparia &#8211; Ny\u00e1ri ciprus"},"content":{"rendered":"<h1>Kochia scoparia &#8211; Ny\u00e1ri ciprus<\/h1>\n<p>A Kochia scoparia &#8211; Ny\u00e1ri ciprus m\u00e1s n\u00e9ven Bassia scoparia, 80-100 cm magas, f\u00f6lfel\u00e9 t\u00f6r\u0151 n\u00f6veked\u00e9s\u0171, karcs\u00fa bokor. F\u0151leg s\u00f6v\u00e9ny-, \u00e9s ker\u00edt\u00e9sp\u00f3tl\u00f3k\u00e9nt ismert, de \u00e1rny\u00e9kol\u00f3- \u00e9s szoliter-n\u00f6v\u00e9nyk\u00e9nt is hasznos\u00edthat\u00f3. \u0150sszel pirosra sz\u00ednez\u0151dik.<\/p>\n<h2>A Kochia scoparia &#8211; Ny\u00e1ri ciprus jellemz\u0151i<\/h2>\n<p>A\u00a0 ny\u00e1ri ciprus egy egyny\u00e1ri n\u00f6v\u00e9ny, amely az Amaranthaceae csal\u00e1dba tartozik. Eredetileg Eur\u00e1zsi\u00e1b\u00f3l sz\u00e1rmazik, de m\u00e1ra sz\u00e1mos helyen megtal\u00e1lhat\u00f3 \u00c9szak-Amerik\u00e1ban is. A n\u00f6v\u00e9ny jellemz\u0151en 1-2 m\u00e9ter magasra n\u0151, \u00e9s piramis vagy g\u00f6mb alak\u00fa bokrot k\u00e9pez. Levelei egyszer\u0171ek, v\u00e1ltakoz\u00f3 \u00e1ll\u00e1s\u00faak, keskeny l\u00e1ndzs\u00e1sok vagy ov\u00e1lisok, \u00e9s ak\u00e1r 5,5 cm hossz\u00faak is lehetnek.<\/p>\n<p>A Kochia scoparia vir\u00e1gai z\u00f6ldes sz\u00edn\u0171ek, \u00e9s lev\u00e9lszer\u0171 fellevelekb\u0151l \u00e1llnak. A n\u00f6v\u00e9ny term\u00e9se kicsi, ov\u00e1lis, barna vagy fekete magokat tartalmaz. A Kochia scoparia k\u00fcl\u00f6n\u00f6sen j\u00f3l alkalmazkodik sz\u00e1raz \u00e9s f\u00e9lsz\u00e1raz ter\u00fcletekhez, \u00e9s k\u00e9pes t\u00fal\u00e9lni sz\u00e9ls\u0151s\u00e9ges talajviszonyok k\u00f6z\u00f6tt is, bele\u00e9rtve a homokos \u00e9s l\u00fagos talajokat.<\/p>\n<p>A n\u00f6v\u00e9nyt gyakran haszn\u00e1lj\u00e1k talajer\u00f3zi\u00f3 elleni v\u00e9dekez\u00e9sre. Az \u00e1llatok sz\u00e1m\u00e1ra is \u00e9rt\u00e9kes takarm\u00e1nyn\u00f6v\u00e9ny, k\u00fcl\u00f6n\u00f6sen a n\u00f6veked\u00e9s korai szakasz\u00e1ban, amikor magas a t\u00e1p\u00e9rt\u00e9ke.<\/p>\n<h3>A ny\u00e1ri ciprus felhaszn\u00e1l\u00e1sa<\/h3>\n<p>A Kochia scoparia-t a hagyom\u00e1nyos k\u00ednai \u00e9s koreai gy\u00f3gy\u00e1szatban is haszn\u00e1lj\u00e1k k\u00fcl\u00f6nb\u00f6z\u0151 betegs\u00e9gek kezel\u00e9s\u00e9re, p\u00e9ld\u00e1ul b\u0151rbetegs\u00e9gek, cukorbetegs\u00e9g, reum\u00e1s \u00edz\u00fcleti gyullad\u00e1s, m\u00e1jbetegs\u00e9gek \u00e9s s\u00e1rgas\u00e1g eset\u00e9n. A n\u00f6v\u00e9ny magjai olyan vegy\u00fcleteket tartalmaznak, amelyek potenci\u00e1lisan hasznosak lehetnek az emberi eg\u00e9szs\u00e9g szempontj\u00e1b\u00f3l, p\u00e9ld\u00e1ul fek\u00e9lyek, reum\u00e1s \u00edz\u00fcleti gyullad\u00e1s \u00e9s bizonyos patog\u00e9n bakt\u00e9riumok kezel\u00e9s\u00e9re.<\/p>\n<p>\u00d6sszess\u00e9g\u00e9ben a Kochia scoparia egy sokoldal\u00fa n\u00f6v\u00e9ny, amely sz\u00e1mos \u00f6kol\u00f3giai \u00e9s gazdas\u00e1gi el\u0151nnyel j\u00e1r, de invaz\u00edv term\u00e9szete miatt \u00f3vatosan kell kezelni \u00e9s ellen\u0151rizni kell .<\/p>\n<p>A Kochia scoparia-t a vadon \u00e9l\u0151 \u00e1llatok is kedvelik, mivel t\u00e1pl\u00e1l\u00e9kot \u00e9s b\u00fav\u00f3helyet biztos\u00edt sz\u00e1mukra. A n\u00f6v\u00e9ny magjai magas feh\u00e9rjetartalm\u00faak, ez\u00e9rt \u00e9rt\u00e9kes takarm\u00e1nyt jelentenek a baromfi sz\u00e1m\u00e1ra is. A n\u00f6v\u00e9ny gy\u00f6kerei m\u00e9lyre hatolnak, ak\u00e1r 2,5 m\u00e9ter m\u00e9lyre is, ami seg\u00edti a talaj stabiliz\u00e1l\u00e1s\u00e1t \u00e9s a v\u00edz meg\u0151rz\u00e9s\u00e9trjed\u00e9s\u00e9t.<\/p>\n<p>&nbsp;<\/p>\n<p>&nbsp;<\/p>\n<p style=\"line-height: 18.0pt; background: white; margin: 0cm 0cm 15.0pt 0cm;\"><b><span style=\"font-family: 'Ubuntu',sans-serif; color: black;\">K\u00e9szlet\u00fcnk napi szinten v\u00e1ltozik, ez\u00e9rt k\u00e9rj\u00fck, \u00e9rdekl\u0151dj\u00f6n szem\u00e9lyesen, telefonon vagy email-en.<br \/>\nA v\u00e1ltoztat\u00e1s jog\u00e1t fenntartjuk!\u00a0<\/span><\/b><\/p>\n<p><a href=\"https:\/\/tajkertesz.com\/\">https:\/\/tajkertesz.com\/<\/a><\/p>\n<p><a href=\"https:\/\/www.facebook.com\/tajkertesz\/\">https:\/\/www.facebook.com\/tajkertesz\/<\/a><\/p>\n<p>Kisz\u00e1ll\u00edt\u00e1s: 200cm-ig \u00e9s 40 kg-ig a sz\u00e1ll\u00edt\u00e1s fut\u00e1rszolg\u00e1lattal t\u00f6rt\u00e9nik.<\/p>\n<p>Szem\u00e9lyes \u00e1tv\u00e9tel nyitvatart\u00e1si id\u0151ben a 17. ker\u00fclet Bakancsos utca 7. sz\u00e1m alatti Kert\u00e9szeti \u00e1rud\u00e1nkban.<\/p>","protected":false},"excerpt":{"rendered":"<p>A Kochia scoparia ny\u00e1ri ciprus m\u00e1s n\u00e9ven Bassia scoparia, 80-100 cm magas, f\u00f6lfel\u00e9 t\u00f6r\u0151 n\u00f6veked\u00e9s\u0171, karcs\u00fa bokor. F\u0151leg s\u00f6v\u00e9ny-, \u00e9s ker\u00edt\u00e9sp\u00f3tl\u00f3k\u00e9nt ismert, de \u00e1rny\u00e9kol\u00f3- \u00e9s szoliter-n\u00f6v\u00e9nyk\u00e9nt is hasznos\u00edthat\u00f3. \u0150sszel pirosra sz\u00ednez\u0151dik.<\/p>","protected":false},"featured_media":22029,"template":"","meta":{"_et_pb_use_builder":"","_et_pb_old_content":"","_et_gb_content_width":""},"product_brand":[],"product_cat":[2882],"product_tag":[917,5568,23,5569],"class_list":{"0":"post-22027","1":"product","2":"type-product","3":"status-publish","4":"has-post-thumbnail","6":"product_cat-virag-vetomagok","7":"product_tag-ciprus","8":"product_tag-kochia","9":"product_tag-nyari","10":"product_tag-scoparia","12":"first","13":"instock","14":"shipping-taxable","15":"purchasable","16":"product-type-simple"},"yoast_head":"<!-- This site is optimized with the Yoast SEO plugin v27.5 - https:\/\/yoast.com\/product\/yoast-seo-wordpress\/ -->\n<title>Kochia scoparia - Ny\u00e1ri ciprus - T\u00e1jkert\u00e9sz<\/title>\n<meta name=\"description\" content=\"A Kochia scoparia ny\u00e1ri ciprus m\u00e1s n\u00e9ven Bassia scoparia, 80-100 cm magas, f\u00f6lfel\u00e9 t\u00f6r\u0151 n\u00f6veked\u00e9s\u0171, karcs\u00fa bokor. F\u0151leg s\u00f6v\u00e9ny-, \u00e9s ker\u00edt\u00e9sp\u00f3tl\u00f3k\u00e9nt ismert.\" \/>\n<meta name=\"robots\" content=\"index, follow, max-snippet:-1, max-image-preview:large, max-video-preview:-1\" \/>\n<link rel=\"canonical\" href=\"https:\/\/tajkertesz.com\/en_US\/product\/kochia-scoparia-nyari-ciprus\/\" \/>\n<meta property=\"og:locale\" content=\"en_US\" \/>\n<meta property=\"og:type\" content=\"article\" \/>\n<meta property=\"og:title\" content=\"Kochia scoparia - Ny\u00e1ri ciprus - T\u00e1jkert\u00e9sz\" \/>\n<meta property=\"og:description\" content=\"A Kochia scoparia ny\u00e1ri ciprus m\u00e1s n\u00e9ven Bassia scoparia, 80-100 cm magas, f\u00f6lfel\u00e9 t\u00f6r\u0151 n\u00f6veked\u00e9s\u0171, karcs\u00fa bokor. F\u0151leg s\u00f6v\u00e9ny-, \u00e9s ker\u00edt\u00e9sp\u00f3tl\u00f3k\u00e9nt ismert.\" \/>\n<meta property=\"og:url\" content=\"https:\/\/tajkertesz.com\/en_US\/product\/kochia-scoparia-nyari-ciprus\/\" \/>\n<meta property=\"og:site_name\" content=\"T\u00e1jkert\u00e9sz\" \/>\n<meta property=\"article:publisher\" content=\"https:\/\/www.facebook.com\/Tajkertesz\/\" \/>\n<meta property=\"article:modified_time\" content=\"2026-02-12T14:37:53+00:00\" \/>\n<meta property=\"og:image\" content=\"https:\/\/tajkertesz.com\/wp-content\/uploads\/2024\/12\/nyari-ciprus.webp\" \/>\n\t<meta property=\"og:image:width\" content=\"1000\" \/>\n\t<meta property=\"og:image:height\" content=\"1000\" \/>\n\t<meta property=\"og:image:type\" content=\"image\/webp\" \/>\n<meta name=\"twitter:card\" content=\"summary_large_image\" \/>\n<meta name=\"twitter:label1\" content=\"Est. reading time\" \/>\n\t<meta name=\"twitter:data1\" content=\"2 minutes\" \/>\n<script type=\"application\/ld+json\" class=\"yoast-schema-graph\">{\"@context\":\"https:\\\/\\\/schema.org\",\"@graph\":[{\"@type\":\"WebPage\",\"@id\":\"https:\\\/\\\/tajkertesz.com\\\/termek\\\/kochia-scoparia-nyari-ciprus\\\/\",\"url\":\"https:\\\/\\\/tajkertesz.com\\\/termek\\\/kochia-scoparia-nyari-ciprus\\\/\",\"name\":\"Kochia scoparia - Ny\u00e1ri ciprus - T\u00e1jkert\u00e9sz\",\"isPartOf\":{\"@id\":\"https:\\\/\\\/tajkertesz.com\\\/#website\"},\"primaryImageOfPage\":{\"@id\":\"https:\\\/\\\/tajkertesz.com\\\/termek\\\/kochia-scoparia-nyari-ciprus\\\/#primaryimage\"},\"image\":{\"@id\":\"https:\\\/\\\/tajkertesz.com\\\/termek\\\/kochia-scoparia-nyari-ciprus\\\/#primaryimage\"},\"thumbnailUrl\":\"https:\\\/\\\/tajkertesz.com\\\/wp-content\\\/uploads\\\/2024\\\/12\\\/nyari-ciprus.webp\",\"datePublished\":\"2024-12-18T14:32:36+00:00\",\"dateModified\":\"2026-02-12T14:37:53+00:00\",\"description\":\"A Kochia scoparia ny\u00e1ri ciprus m\u00e1s n\u00e9ven Bassia scoparia, 80-100 cm magas, f\u00f6lfel\u00e9 t\u00f6r\u0151 n\u00f6veked\u00e9s\u0171, karcs\u00fa bokor. F\u0151leg s\u00f6v\u00e9ny-, \u00e9s ker\u00edt\u00e9sp\u00f3tl\u00f3k\u00e9nt ismert.\",\"breadcrumb\":{\"@id\":\"https:\\\/\\\/tajkertesz.com\\\/termek\\\/kochia-scoparia-nyari-ciprus\\\/#breadcrumb\"},\"inLanguage\":\"en-US\",\"potentialAction\":[{\"@type\":\"ReadAction\",\"target\":[\"https:\\\/\\\/tajkertesz.com\\\/termek\\\/kochia-scoparia-nyari-ciprus\\\/\"]}]},{\"@type\":\"ImageObject\",\"inLanguage\":\"en-US\",\"@id\":\"https:\\\/\\\/tajkertesz.com\\\/termek\\\/kochia-scoparia-nyari-ciprus\\\/#primaryimage\",\"url\":\"https:\\\/\\\/tajkertesz.com\\\/wp-content\\\/uploads\\\/2024\\\/12\\\/nyari-ciprus.webp\",\"contentUrl\":\"https:\\\/\\\/tajkertesz.com\\\/wp-content\\\/uploads\\\/2024\\\/12\\\/nyari-ciprus.webp\",\"width\":1000,\"height\":1000,\"caption\":\"ny\u00e1ri ciprus\"},{\"@type\":\"BreadcrumbList\",\"@id\":\"https:\\\/\\\/tajkertesz.com\\\/termek\\\/kochia-scoparia-nyari-ciprus\\\/#breadcrumb\",\"itemListElement\":[{\"@type\":\"ListItem\",\"position\":1,\"name\":\"Home\",\"item\":\"https:\\\/\\\/tajkertesz.com\\\/\"},{\"@type\":\"ListItem\",\"position\":2,\"name\":\"Kezd\u0151lap\",\"item\":\"https:\\\/\\\/tajkertesz.com\\\/\"},{\"@type\":\"ListItem\",\"position\":3,\"name\":\"Kochia scoparia &#8211; Ny\u00e1ri ciprus\"}]},{\"@type\":\"WebSite\",\"@id\":\"https:\\\/\\\/tajkertesz.com\\\/#website\",\"url\":\"https:\\\/\\\/tajkertesz.com\\\/\",\"name\":\"T\u00e1j-Kert\u00e9sz 84 Kft.\",\"description\":\"Kert\u00e9szeti kis- \u00e9s nagykeresked\u00e9s, D\u00edszn\u00f6v\u00e9ny web\u00e1ruh\u00e1z orsz\u00e1gos h\u00e1zhozsz\u00e1ll\u00edt\u00e1ssal!\",\"publisher\":{\"@id\":\"https:\\\/\\\/tajkertesz.com\\\/#organization\"},\"potentialAction\":[{\"@type\":\"SearchAction\",\"target\":{\"@type\":\"EntryPoint\",\"urlTemplate\":\"https:\\\/\\\/tajkertesz.com\\\/?s={search_term_string}\"},\"query-input\":{\"@type\":\"PropertyValueSpecification\",\"valueRequired\":true,\"valueName\":\"search_term_string\"}}],\"inLanguage\":\"en-US\"},{\"@type\":\"Organization\",\"@id\":\"https:\\\/\\\/tajkertesz.com\\\/#organization\",\"name\":\"T\u00e1j-Kert\u00e9sz 84 Kft.\",\"url\":\"https:\\\/\\\/tajkertesz.com\\\/\",\"logo\":{\"@type\":\"ImageObject\",\"inLanguage\":\"en-US\",\"@id\":\"https:\\\/\\\/tajkertesz.com\\\/#\\\/schema\\\/logo\\\/image\\\/\",\"url\":\"https:\\\/\\\/tajkertesz.com\\\/wp-content\\\/uploads\\\/2018\\\/02\\\/logo-2-e1518678052539.png\",\"contentUrl\":\"https:\\\/\\\/tajkertesz.com\\\/wp-content\\\/uploads\\\/2018\\\/02\\\/logo-2-e1518678052539.png\",\"width\":81,\"height\":140,\"caption\":\"T\u00e1j-Kert\u00e9sz 84 Kft.\"},\"image\":{\"@id\":\"https:\\\/\\\/tajkertesz.com\\\/#\\\/schema\\\/logo\\\/image\\\/\"},\"sameAs\":[\"https:\\\/\\\/www.facebook.com\\\/Tajkertesz\\\/\"]}]}<\/script>\n<!-- \/ Yoast SEO plugin. -->","yoast_head_json":{"title":"Kochia scoparia - Ny\u00e1ri ciprus - T\u00e1jkert\u00e9sz","description":"A Kochia scoparia ny\u00e1ri ciprus m\u00e1s n\u00e9ven Bassia scoparia, 80-100 cm magas, f\u00f6lfel\u00e9 t\u00f6r\u0151 n\u00f6veked\u00e9s\u0171, karcs\u00fa bokor. F\u0151leg s\u00f6v\u00e9ny-, \u00e9s ker\u00edt\u00e9sp\u00f3tl\u00f3k\u00e9nt ismert.","robots":{"index":"index","follow":"follow","max-snippet":"max-snippet:-1","max-image-preview":"max-image-preview:large","max-video-preview":"max-video-preview:-1"},"canonical":"https:\/\/tajkertesz.com\/en_US\/product\/kochia-scoparia-nyari-ciprus\/","og_locale":"en_US","og_type":"article","og_title":"Kochia scoparia - Ny\u00e1ri ciprus - T\u00e1jkert\u00e9sz","og_description":"A Kochia scoparia ny\u00e1ri ciprus m\u00e1s n\u00e9ven Bassia scoparia, 80-100 cm magas, f\u00f6lfel\u00e9 t\u00f6r\u0151 n\u00f6veked\u00e9s\u0171, karcs\u00fa bokor. F\u0151leg s\u00f6v\u00e9ny-, \u00e9s ker\u00edt\u00e9sp\u00f3tl\u00f3k\u00e9nt ismert.","og_url":"https:\/\/tajkertesz.com\/en_US\/product\/kochia-scoparia-nyari-ciprus\/","og_site_name":"T\u00e1jkert\u00e9sz","article_publisher":"https:\/\/www.facebook.com\/Tajkertesz\/","article_modified_time":"2026-02-12T14:37:53+00:00","og_image":[{"width":1000,"height":1000,"url":"https:\/\/tajkertesz.com\/wp-content\/uploads\/2024\/12\/nyari-ciprus.webp","type":"image\/webp"}],"twitter_card":"summary_large_image","twitter_misc":{"Est. reading time":"2 minutes"},"schema":{"@context":"https:\/\/schema.org","@graph":[{"@type":"WebPage","@id":"https:\/\/tajkertesz.com\/termek\/kochia-scoparia-nyari-ciprus\/","url":"https:\/\/tajkertesz.com\/termek\/kochia-scoparia-nyari-ciprus\/","name":"Kochia scoparia - Ny\u00e1ri ciprus - T\u00e1jkert\u00e9sz","isPartOf":{"@id":"https:\/\/tajkertesz.com\/#website"},"primaryImageOfPage":{"@id":"https:\/\/tajkertesz.com\/termek\/kochia-scoparia-nyari-ciprus\/#primaryimage"},"image":{"@id":"https:\/\/tajkertesz.com\/termek\/kochia-scoparia-nyari-ciprus\/#primaryimage"},"thumbnailUrl":"https:\/\/tajkertesz.com\/wp-content\/uploads\/2024\/12\/nyari-ciprus.webp","datePublished":"2024-12-18T14:32:36+00:00","dateModified":"2026-02-12T14:37:53+00:00","description":"A Kochia scoparia ny\u00e1ri ciprus m\u00e1s n\u00e9ven Bassia scoparia, 80-100 cm magas, f\u00f6lfel\u00e9 t\u00f6r\u0151 n\u00f6veked\u00e9s\u0171, karcs\u00fa bokor. F\u0151leg s\u00f6v\u00e9ny-, \u00e9s ker\u00edt\u00e9sp\u00f3tl\u00f3k\u00e9nt ismert.","breadcrumb":{"@id":"https:\/\/tajkertesz.com\/termek\/kochia-scoparia-nyari-ciprus\/#breadcrumb"},"inLanguage":"en-US","potentialAction":[{"@type":"ReadAction","target":["https:\/\/tajkertesz.com\/termek\/kochia-scoparia-nyari-ciprus\/"]}]},{"@type":"ImageObject","inLanguage":"en-US","@id":"https:\/\/tajkertesz.com\/termek\/kochia-scoparia-nyari-ciprus\/#primaryimage","url":"https:\/\/tajkertesz.com\/wp-content\/uploads\/2024\/12\/nyari-ciprus.webp","contentUrl":"https:\/\/tajkertesz.com\/wp-content\/uploads\/2024\/12\/nyari-ciprus.webp","width":1000,"height":1000,"caption":"ny\u00e1ri ciprus"},{"@type":"BreadcrumbList","@id":"https:\/\/tajkertesz.com\/termek\/kochia-scoparia-nyari-ciprus\/#breadcrumb","itemListElement":[{"@type":"ListItem","position":1,"name":"Home","item":"https:\/\/tajkertesz.com\/"},{"@type":"ListItem","position":2,"name":"Kezd\u0151lap","item":"https:\/\/tajkertesz.com\/"},{"@type":"ListItem","position":3,"name":"Kochia scoparia &#8211; Ny\u00e1ri ciprus"}]},{"@type":"WebSite","@id":"https:\/\/tajkertesz.com\/#website","url":"https:\/\/tajkertesz.com\/","name":"T\u00e1j-Kert\u00e9sz 84 Kft.","description":"Kert\u00e9szeti kis- \u00e9s nagykeresked\u00e9s, D\u00edszn\u00f6v\u00e9ny web\u00e1ruh\u00e1z orsz\u00e1gos h\u00e1zhozsz\u00e1ll\u00edt\u00e1ssal!","publisher":{"@id":"https:\/\/tajkertesz.com\/#organization"},"potentialAction":[{"@type":"SearchAction","target":{"@type":"EntryPoint","urlTemplate":"https:\/\/tajkertesz.com\/?s={search_term_string}"},"query-input":{"@type":"PropertyValueSpecification","valueRequired":true,"valueName":"search_term_string"}}],"inLanguage":"en-US"},{"@type":"Organization","@id":"https:\/\/tajkertesz.com\/#organization","name":"T\u00e1j-Kert\u00e9sz 84 Kft.","url":"https:\/\/tajkertesz.com\/","logo":{"@type":"ImageObject","inLanguage":"en-US","@id":"https:\/\/tajkertesz.com\/#\/schema\/logo\/image\/","url":"https:\/\/tajkertesz.com\/wp-content\/uploads\/2018\/02\/logo-2-e1518678052539.png","contentUrl":"https:\/\/tajkertesz.com\/wp-content\/uploads\/2018\/02\/logo-2-e1518678052539.png","width":81,"height":140,"caption":"T\u00e1j-Kert\u00e9sz 84 Kft."},"image":{"@id":"https:\/\/tajkertesz.com\/#\/schema\/logo\/image\/"},"sameAs":["https:\/\/www.facebook.com\/Tajkertesz\/"]}]}},"_links":{"self":[{"href":"https:\/\/tajkertesz.com\/en_US\/wp-json\/wp\/v2\/product\/22027","targetHints":{"allow":["GET"]}}],"collection":[{"href":"https:\/\/tajkertesz.com\/en_US\/wp-json\/wp\/v2\/product"}],"about":[{"href":"https:\/\/tajkertesz.com\/en_US\/wp-json\/wp\/v2\/types\/product"}],"wp:featuredmedia":[{"embeddable":true,"href":"https:\/\/tajkertesz.com\/en_US\/wp-json\/wp\/v2\/media\/22029"}],"wp:attachment":[{"href":"https:\/\/tajkertesz.com\/en_US\/wp-json\/wp\/v2\/media?parent=22027"}],"wp:term":[{"taxonomy":"product_brand","embeddable":true,"href":"https:\/\/tajkertesz.com\/en_US\/wp-json\/wp\/v2\/product_brand?post=22027"},{"taxonomy":"product_cat","embeddable":true,"href":"https:\/\/tajkertesz.com\/en_US\/wp-json\/wp\/v2\/product_cat?post=22027"},{"taxonomy":"product_tag","embeddable":true,"href":"https:\/\/tajkertesz.com\/en_US\/wp-json\/wp\/v2\/product_tag?post=22027"}],"curies":[{"name":"wp","href":"https:\/\/api.w.org\/{rel}","templated":true}]}}