{"id":22057,"date":"2024-12-23T10:27:21","date_gmt":"2024-12-23T10:27:21","guid":{"rendered":"https:\/\/tajkertesz.com\/?post_type=product&#038;p=22057"},"modified":"2026-03-15T08:49:26","modified_gmt":"2026-03-15T08:49:26","slug":"csodafa","status":"publish","type":"product","link":"https:\/\/tajkertesz.com\/en_US\/product\/csodafa\/","title":{"rendered":"Ricinus communis Csodafa"},"content":{"rendered":"<p>Ricinus communis Csodafa<\/p>\n<p>A Ricinus communis Csodafa 150-200 cm magas, nagy, ujjasan osztott level\u0171 egyny\u00e1ri n\u00f6v\u00e9ny.<\/p>\n<p>Els\u0151sorban s\u00f6t\u00e9tz\u00f6ld leveleivel d\u00edsz\u00edt. A lev\u00e9l bord\u00f3 f\u00fcrt\u00f6s vir\u00e1gai jelent\u00e9ktelenek, s\u00e1rg\u00e1k, term\u00e9se t\u00fcsk\u00e9s tok, ami pirosra sz\u00ednez\u0151dik. \u00c1prilis v\u00e9g\u00e9n vetj\u00fck \u00e1lland\u00f3 hely\u00e9re, f\u00e9szekbe. Magja er\u0151sen m\u00e9rgez\u0151. M\u00e9lyr\u00e9teg\u0171, t\u00e1panyagban gazdag talajban, \u00f6nt\u00f6zve hatalmas, termet\u0171re fejl\u0151dik. Nagyobb gyep fel\u00fcletekbe csoportosan vagy egyenk\u00e9nt \u00fcltethetj\u00fck, falak, j\u00e1rd\u00e1k, ker\u00edt\u00e9sek mellett cserjep\u00f3tl\u00f3nak, takar\u00f3n\u00f6v\u00e9nynek is kiv\u00e1l\u00f3.<\/p>\n<p>3 g-os kiszerel\u00e9sben<\/p>\n<p style=\"line-height: 18.0pt; background: white; margin: 0cm 0cm 15.0pt 0cm;\"><b><span style=\"font-family: 'Ubuntu',sans-serif; color: black;\">K\u00e9szlet\u00fcnk napi szinten v\u00e1ltozik, ez\u00e9rt k\u00e9rj\u00fck, \u00e9rdekl\u0151dj\u00f6n szem\u00e9lyesen, telefonon vagy email-en.<br \/>\nA v\u00e1ltoztat\u00e1s jog\u00e1t fenntartjuk!\u00a0<\/span><\/b><\/p>\n<p><a href=\"https:\/\/tajkertesz.com\/\">https:\/\/tajkertesz.com\/<\/a><\/p>\n<p><a href=\"https:\/\/www.facebook.com\/tajkertesz\/\">https:\/\/www.facebook.com\/tajkertesz\/<\/a><\/p>\n<p>Kisz\u00e1ll\u00edt\u00e1s: 200cm-ig \u00e9s 40 kg-ig a sz\u00e1ll\u00edt\u00e1s fut\u00e1rszolg\u00e1lattal t\u00f6rt\u00e9nik.<\/p>\n<p>Szem\u00e9lyes \u00e1tv\u00e9tel nyitvatart\u00e1si id\u0151ben a 17. ker\u00fclet Bakancsos utca 7. sz\u00e1m alatti Kert\u00e9szeti \u00e1rud\u00e1nkban.<\/p>\n<p>&nbsp;<\/p>\n<p>A\u00a0<strong>Ricinus communis<\/strong>, k\u00f6zismert nev\u00e9n csodafa vagy ricinus, a kutyatejf\u00e9l\u00e9k (Euphorbiaceae) csal\u00e1dj\u00e1ba tartozik. Ez a gyors n\u00f6veked\u00e9s\u0171, \u00f6r\u00f6kz\u00f6ld n\u00f6v\u00e9ny eredetileg a tr\u00f3pusi Afrik\u00e1b\u00f3l sz\u00e1rmazik, de ma m\u00e1r vil\u00e1gszerte elterjedt, \u00e9s Magyarorsz\u00e1gon is gyakran \u00fcltetik d\u00edszn\u00f6v\u00e9nyk\u00e9nt.<\/p>\n<p>A ricinus k\u00fcl\u00f6nleges megjelen\u00e9s\u00e9vel h\u00edvja fel mag\u00e1ra a figyelmet. Nagy, tenyeresen osztott levelei ak\u00e1r 30-40 cm \u00e1tm\u00e9r\u0151j\u0171ek is lehetnek, \u00e9s sz\u00edn\u00fck a m\u00e9lyz\u00f6ldt\u0151l a v\u00f6r\u00f6ses \u00e1rnyalatokig terjedhet. A n\u00f6v\u00e9ny vir\u00e1gai ny\u00e1r v\u00e9g\u00e9n ny\u00edlnak, \u00e9s vil\u00e1gospiros vagy r\u00f3zsasz\u00edn\u0171 f\u00fcrt\u00f6kben jelennek meg, amelyek k\u00e9s\u0151bb t\u00fcsk\u00e9s tokterm\u00e9sekk\u00e9 alakulnak. A ricinus minden r\u00e9sze m\u00e9rgez\u0151, k\u00fcl\u00f6n\u00f6sen a magjai, amelyek ricin nev\u0171 feh\u00e9rj\u00e9t tartalmaznak.<\/p>\n<p>&nbsp;<\/p>\n<p>A ricinus termeszt\u00e9se viszonylag egyszer\u0171.\u00a0 \u00a0A n\u00f6v\u00e9ny nem ig\u00e9nyel k\u00fcl\u00f6n\u00f6sen term\u00e9keny talajt, de fontos, hogy a gy\u00f6kerei m\u00e9lyre tudjanak hatolni, k\u00fcl\u00f6nben a ny\u00e1ri zivatarok k\u00f6nnyen kid\u00f6nthetik A ricinus nemcsak d\u00edszn\u00f6v\u00e9nyk\u00e9nt, hanem t\u00e1rs\u00fcltetv\u00e9nyk\u00e9nt is hasznos lehet, mivel a k\u00e1rtev\u0151k nem kedvelik. \u00cdgy m\u00e1s n\u00f6v\u00e9nyek v\u00e9delm\u00e9re is alkalmas. A ricinus gyors n\u00f6veked\u00e9se \u00e9s impoz\u00e1ns megjelen\u00e9se miatt val\u00f3di \u0151serd\u0151t var\u00e1zsolhat a kert\u00fcnkbe<\/p>\n<p>&nbsp;<\/p>","protected":false},"excerpt":{"rendered":"<p>A Ricinus communis Csodafa 150-200 cm magas, nagy, ujjasan osztott level\u0171 egyny\u00e1ri n\u00f6v\u00e9ny.<\/p>\n<p>Els\u0151sorban s\u00f6t\u00e9tz\u00f6ld leveleivel d\u00edsz\u00edt. A lev\u00e9l bord\u00f3 f\u00fcrt\u00f6s vir\u00e1gai jelent\u00e9ktelenek, s\u00e1rg\u00e1k, term\u00e9se t\u00fcsk\u00e9s tok, ami pirosra sz\u00ednez\u0151dik. \u00c1prilis v\u00e9g\u00e9n vetj\u00fck \u00e1lland\u00f3 hely\u00e9re, f\u00e9szekbe. Magja er\u0151sen m\u00e9rgez\u0151. M\u00e9lyr\u00e9teg\u0171, t\u00e1panyagban gazdag talajban, \u00f6nt\u00f6zve hatalmas, termet\u0171re fejl\u0151dik. Nagyobb gyep fel\u00fcletekbe csoportosan vagy egyenk\u00e9nt \u00fcltethetj\u00fck, falak, j\u00e1rd\u00e1k, ker\u00edt\u00e9sek mellett cserjep\u00f3tl\u00f3nak, takar\u00f3n\u00f6v\u00e9nynek is kiv\u00e1l\u00f3.<\/p>","protected":false},"featured_media":22058,"template":"","meta":{"_et_pb_use_builder":"","_et_pb_old_content":"","_et_gb_content_width":""},"product_brand":[],"product_cat":[2882],"product_tag":[5571,5572,5570],"class_list":{"0":"post-22057","1":"product","2":"type-product","3":"status-publish","4":"has-post-thumbnail","6":"product_cat-virag-vetomagok","7":"product_tag-communis","8":"product_tag-csodafa","9":"product_tag-ricinus","11":"first","12":"instock","13":"shipping-taxable","14":"purchasable","15":"product-type-simple"},"yoast_head":"<!-- This site is optimized with the Yoast SEO plugin v27.4 - https:\/\/yoast.com\/product\/yoast-seo-wordpress\/ -->\n<title>Ricinus communis Csodafa - T\u00e1jkert\u00e9sz<\/title>\n<meta name=\"description\" content=\"A Ricinus communis Csodafa 150-200 cm magas, nagy, ujjasan osztott level\u0171 egyny\u00e1ri n\u00f6v\u00e9ny. \u00c1prilis v\u00e9g\u00e9n vetj\u00fck \u00e1lland\u00f3 hely\u00e9re, f\u00e9szekbe.\" \/>\n<meta name=\"robots\" content=\"index, follow, max-snippet:-1, max-image-preview:large, max-video-preview:-1\" \/>\n<link rel=\"canonical\" href=\"https:\/\/tajkertesz.com\/en_US\/product\/csodafa\/\" \/>\n<meta property=\"og:locale\" content=\"en_US\" \/>\n<meta property=\"og:type\" content=\"article\" \/>\n<meta property=\"og:title\" content=\"Ricinus communis Csodafa - T\u00e1jkert\u00e9sz\" \/>\n<meta property=\"og:description\" content=\"A Ricinus communis Csodafa 150-200 cm magas, nagy, ujjasan osztott level\u0171 egyny\u00e1ri n\u00f6v\u00e9ny. \u00c1prilis v\u00e9g\u00e9n vetj\u00fck \u00e1lland\u00f3 hely\u00e9re, f\u00e9szekbe.\" \/>\n<meta property=\"og:url\" content=\"https:\/\/tajkertesz.com\/en_US\/product\/csodafa\/\" \/>\n<meta property=\"og:site_name\" content=\"T\u00e1jkert\u00e9sz\" \/>\n<meta property=\"article:publisher\" content=\"https:\/\/www.facebook.com\/Tajkertesz\/\" \/>\n<meta property=\"article:modified_time\" content=\"2026-03-15T08:49:26+00:00\" \/>\n<meta property=\"og:image\" content=\"https:\/\/tajkertesz.com\/wp-content\/uploads\/2024\/12\/csodafa.jpg\" \/>\n\t<meta property=\"og:image:width\" content=\"1200\" \/>\n\t<meta property=\"og:image:height\" content=\"1200\" \/>\n\t<meta property=\"og:image:type\" content=\"image\/jpeg\" \/>\n<meta name=\"twitter:card\" content=\"summary_large_image\" \/>\n<meta name=\"twitter:label1\" content=\"Est. reading time\" \/>\n\t<meta name=\"twitter:data1\" content=\"2 minutes\" \/>\n<script type=\"application\/ld+json\" class=\"yoast-schema-graph\">{\"@context\":\"https:\\\/\\\/schema.org\",\"@graph\":[{\"@type\":\"WebPage\",\"@id\":\"https:\\\/\\\/tajkertesz.com\\\/termek\\\/csodafa\\\/\",\"url\":\"https:\\\/\\\/tajkertesz.com\\\/termek\\\/csodafa\\\/\",\"name\":\"Ricinus communis Csodafa - T\u00e1jkert\u00e9sz\",\"isPartOf\":{\"@id\":\"https:\\\/\\\/tajkertesz.com\\\/#website\"},\"primaryImageOfPage\":{\"@id\":\"https:\\\/\\\/tajkertesz.com\\\/termek\\\/csodafa\\\/#primaryimage\"},\"image\":{\"@id\":\"https:\\\/\\\/tajkertesz.com\\\/termek\\\/csodafa\\\/#primaryimage\"},\"thumbnailUrl\":\"https:\\\/\\\/tajkertesz.com\\\/wp-content\\\/uploads\\\/2024\\\/12\\\/csodafa.jpg\",\"datePublished\":\"2024-12-23T10:27:21+00:00\",\"dateModified\":\"2026-03-15T08:49:26+00:00\",\"description\":\"A Ricinus communis Csodafa 150-200 cm magas, nagy, ujjasan osztott level\u0171 egyny\u00e1ri n\u00f6v\u00e9ny. \u00c1prilis v\u00e9g\u00e9n vetj\u00fck \u00e1lland\u00f3 hely\u00e9re, f\u00e9szekbe.\",\"breadcrumb\":{\"@id\":\"https:\\\/\\\/tajkertesz.com\\\/termek\\\/csodafa\\\/#breadcrumb\"},\"inLanguage\":\"en-US\",\"potentialAction\":[{\"@type\":\"ReadAction\",\"target\":[\"https:\\\/\\\/tajkertesz.com\\\/termek\\\/csodafa\\\/\"]}]},{\"@type\":\"ImageObject\",\"inLanguage\":\"en-US\",\"@id\":\"https:\\\/\\\/tajkertesz.com\\\/termek\\\/csodafa\\\/#primaryimage\",\"url\":\"https:\\\/\\\/tajkertesz.com\\\/wp-content\\\/uploads\\\/2024\\\/12\\\/csodafa.jpg\",\"contentUrl\":\"https:\\\/\\\/tajkertesz.com\\\/wp-content\\\/uploads\\\/2024\\\/12\\\/csodafa.jpg\",\"width\":1200,\"height\":1200},{\"@type\":\"BreadcrumbList\",\"@id\":\"https:\\\/\\\/tajkertesz.com\\\/termek\\\/csodafa\\\/#breadcrumb\",\"itemListElement\":[{\"@type\":\"ListItem\",\"position\":1,\"name\":\"Home\",\"item\":\"https:\\\/\\\/tajkertesz.com\\\/\"},{\"@type\":\"ListItem\",\"position\":2,\"name\":\"Kezd\u0151lap\",\"item\":\"https:\\\/\\\/tajkertesz.com\\\/\"},{\"@type\":\"ListItem\",\"position\":3,\"name\":\"Ricinus communis Csodafa\"}]},{\"@type\":\"WebSite\",\"@id\":\"https:\\\/\\\/tajkertesz.com\\\/#website\",\"url\":\"https:\\\/\\\/tajkertesz.com\\\/\",\"name\":\"T\u00e1j-Kert\u00e9sz 84 Kft.\",\"description\":\"Kert\u00e9szeti kis- \u00e9s nagykeresked\u00e9s, D\u00edszn\u00f6v\u00e9ny web\u00e1ruh\u00e1z orsz\u00e1gos h\u00e1zhozsz\u00e1ll\u00edt\u00e1ssal!\",\"publisher\":{\"@id\":\"https:\\\/\\\/tajkertesz.com\\\/#organization\"},\"potentialAction\":[{\"@type\":\"SearchAction\",\"target\":{\"@type\":\"EntryPoint\",\"urlTemplate\":\"https:\\\/\\\/tajkertesz.com\\\/?s={search_term_string}\"},\"query-input\":{\"@type\":\"PropertyValueSpecification\",\"valueRequired\":true,\"valueName\":\"search_term_string\"}}],\"inLanguage\":\"en-US\"},{\"@type\":\"Organization\",\"@id\":\"https:\\\/\\\/tajkertesz.com\\\/#organization\",\"name\":\"T\u00e1j-Kert\u00e9sz 84 Kft.\",\"url\":\"https:\\\/\\\/tajkertesz.com\\\/\",\"logo\":{\"@type\":\"ImageObject\",\"inLanguage\":\"en-US\",\"@id\":\"https:\\\/\\\/tajkertesz.com\\\/#\\\/schema\\\/logo\\\/image\\\/\",\"url\":\"https:\\\/\\\/tajkertesz.com\\\/wp-content\\\/uploads\\\/2018\\\/02\\\/logo-2-e1518678052539.png\",\"contentUrl\":\"https:\\\/\\\/tajkertesz.com\\\/wp-content\\\/uploads\\\/2018\\\/02\\\/logo-2-e1518678052539.png\",\"width\":81,\"height\":140,\"caption\":\"T\u00e1j-Kert\u00e9sz 84 Kft.\"},\"image\":{\"@id\":\"https:\\\/\\\/tajkertesz.com\\\/#\\\/schema\\\/logo\\\/image\\\/\"},\"sameAs\":[\"https:\\\/\\\/www.facebook.com\\\/Tajkertesz\\\/\"]}]}<\/script>\n<!-- \/ Yoast SEO plugin. -->","yoast_head_json":{"title":"Ricinus communis Csodafa - T\u00e1jkert\u00e9sz","description":"A Ricinus communis Csodafa 150-200 cm magas, nagy, ujjasan osztott level\u0171 egyny\u00e1ri n\u00f6v\u00e9ny. \u00c1prilis v\u00e9g\u00e9n vetj\u00fck \u00e1lland\u00f3 hely\u00e9re, f\u00e9szekbe.","robots":{"index":"index","follow":"follow","max-snippet":"max-snippet:-1","max-image-preview":"max-image-preview:large","max-video-preview":"max-video-preview:-1"},"canonical":"https:\/\/tajkertesz.com\/en_US\/product\/csodafa\/","og_locale":"en_US","og_type":"article","og_title":"Ricinus communis Csodafa - T\u00e1jkert\u00e9sz","og_description":"A Ricinus communis Csodafa 150-200 cm magas, nagy, ujjasan osztott level\u0171 egyny\u00e1ri n\u00f6v\u00e9ny. \u00c1prilis v\u00e9g\u00e9n vetj\u00fck \u00e1lland\u00f3 hely\u00e9re, f\u00e9szekbe.","og_url":"https:\/\/tajkertesz.com\/en_US\/product\/csodafa\/","og_site_name":"T\u00e1jkert\u00e9sz","article_publisher":"https:\/\/www.facebook.com\/Tajkertesz\/","article_modified_time":"2026-03-15T08:49:26+00:00","og_image":[{"width":1200,"height":1200,"url":"https:\/\/tajkertesz.com\/wp-content\/uploads\/2024\/12\/csodafa.jpg","type":"image\/jpeg"}],"twitter_card":"summary_large_image","twitter_misc":{"Est. reading time":"2 minutes"},"schema":{"@context":"https:\/\/schema.org","@graph":[{"@type":"WebPage","@id":"https:\/\/tajkertesz.com\/termek\/csodafa\/","url":"https:\/\/tajkertesz.com\/termek\/csodafa\/","name":"Ricinus communis Csodafa - T\u00e1jkert\u00e9sz","isPartOf":{"@id":"https:\/\/tajkertesz.com\/#website"},"primaryImageOfPage":{"@id":"https:\/\/tajkertesz.com\/termek\/csodafa\/#primaryimage"},"image":{"@id":"https:\/\/tajkertesz.com\/termek\/csodafa\/#primaryimage"},"thumbnailUrl":"https:\/\/tajkertesz.com\/wp-content\/uploads\/2024\/12\/csodafa.jpg","datePublished":"2024-12-23T10:27:21+00:00","dateModified":"2026-03-15T08:49:26+00:00","description":"A Ricinus communis Csodafa 150-200 cm magas, nagy, ujjasan osztott level\u0171 egyny\u00e1ri n\u00f6v\u00e9ny. \u00c1prilis v\u00e9g\u00e9n vetj\u00fck \u00e1lland\u00f3 hely\u00e9re, f\u00e9szekbe.","breadcrumb":{"@id":"https:\/\/tajkertesz.com\/termek\/csodafa\/#breadcrumb"},"inLanguage":"en-US","potentialAction":[{"@type":"ReadAction","target":["https:\/\/tajkertesz.com\/termek\/csodafa\/"]}]},{"@type":"ImageObject","inLanguage":"en-US","@id":"https:\/\/tajkertesz.com\/termek\/csodafa\/#primaryimage","url":"https:\/\/tajkertesz.com\/wp-content\/uploads\/2024\/12\/csodafa.jpg","contentUrl":"https:\/\/tajkertesz.com\/wp-content\/uploads\/2024\/12\/csodafa.jpg","width":1200,"height":1200},{"@type":"BreadcrumbList","@id":"https:\/\/tajkertesz.com\/termek\/csodafa\/#breadcrumb","itemListElement":[{"@type":"ListItem","position":1,"name":"Home","item":"https:\/\/tajkertesz.com\/"},{"@type":"ListItem","position":2,"name":"Kezd\u0151lap","item":"https:\/\/tajkertesz.com\/"},{"@type":"ListItem","position":3,"name":"Ricinus communis Csodafa"}]},{"@type":"WebSite","@id":"https:\/\/tajkertesz.com\/#website","url":"https:\/\/tajkertesz.com\/","name":"T\u00e1j-Kert\u00e9sz 84 Kft.","description":"Kert\u00e9szeti kis- \u00e9s nagykeresked\u00e9s, D\u00edszn\u00f6v\u00e9ny web\u00e1ruh\u00e1z orsz\u00e1gos h\u00e1zhozsz\u00e1ll\u00edt\u00e1ssal!","publisher":{"@id":"https:\/\/tajkertesz.com\/#organization"},"potentialAction":[{"@type":"SearchAction","target":{"@type":"EntryPoint","urlTemplate":"https:\/\/tajkertesz.com\/?s={search_term_string}"},"query-input":{"@type":"PropertyValueSpecification","valueRequired":true,"valueName":"search_term_string"}}],"inLanguage":"en-US"},{"@type":"Organization","@id":"https:\/\/tajkertesz.com\/#organization","name":"T\u00e1j-Kert\u00e9sz 84 Kft.","url":"https:\/\/tajkertesz.com\/","logo":{"@type":"ImageObject","inLanguage":"en-US","@id":"https:\/\/tajkertesz.com\/#\/schema\/logo\/image\/","url":"https:\/\/tajkertesz.com\/wp-content\/uploads\/2018\/02\/logo-2-e1518678052539.png","contentUrl":"https:\/\/tajkertesz.com\/wp-content\/uploads\/2018\/02\/logo-2-e1518678052539.png","width":81,"height":140,"caption":"T\u00e1j-Kert\u00e9sz 84 Kft."},"image":{"@id":"https:\/\/tajkertesz.com\/#\/schema\/logo\/image\/"},"sameAs":["https:\/\/www.facebook.com\/Tajkertesz\/"]}]}},"_links":{"self":[{"href":"https:\/\/tajkertesz.com\/en_US\/wp-json\/wp\/v2\/product\/22057","targetHints":{"allow":["GET"]}}],"collection":[{"href":"https:\/\/tajkertesz.com\/en_US\/wp-json\/wp\/v2\/product"}],"about":[{"href":"https:\/\/tajkertesz.com\/en_US\/wp-json\/wp\/v2\/types\/product"}],"wp:featuredmedia":[{"embeddable":true,"href":"https:\/\/tajkertesz.com\/en_US\/wp-json\/wp\/v2\/media\/22058"}],"wp:attachment":[{"href":"https:\/\/tajkertesz.com\/en_US\/wp-json\/wp\/v2\/media?parent=22057"}],"wp:term":[{"taxonomy":"product_brand","embeddable":true,"href":"https:\/\/tajkertesz.com\/en_US\/wp-json\/wp\/v2\/product_brand?post=22057"},{"taxonomy":"product_cat","embeddable":true,"href":"https:\/\/tajkertesz.com\/en_US\/wp-json\/wp\/v2\/product_cat?post=22057"},{"taxonomy":"product_tag","embeddable":true,"href":"https:\/\/tajkertesz.com\/en_US\/wp-json\/wp\/v2\/product_tag?post=22057"}],"curies":[{"name":"wp","href":"https:\/\/api.w.org\/{rel}","templated":true}]}}