{"id":22061,"date":"2024-12-23T11:14:49","date_gmt":"2024-12-23T11:14:49","guid":{"rendered":"https:\/\/tajkertesz.com\/?post_type=product&#038;p=22061"},"modified":"2026-02-12T14:37:23","modified_gmt":"2026-02-12T14:37:23","slug":"diszmak-papaver-paeoniflorum","status":"publish","type":"product","link":"https:\/\/tajkertesz.com\/en_US\/product\/diszmak-papaver-paeoniflorum\/","title":{"rendered":"D\u00edszm\u00e1k &#8211; Papaver paeoniflorum"},"content":{"rendered":"<h1>D\u00edszm\u00e1k &#8211; Papaver paeoniflorum<\/h1>\n<p>A D\u00edszm\u00e1k &#8211; Papaver paeoniflorum az egyny\u00e1ri n\u00f6v\u00e9nyek k\u00f6z\u00e9 tartozik, \u00e9s a m\u00e1kf\u00e9l\u00e9k (Papaveraceae) csal\u00e1dj\u00e1ba sorolhat\u00f3.<\/p>\n<p>Ez a n\u00f6v\u00e9ny k\u00fcl\u00f6n\u00f6sen n\u00e9pszer\u0171 a kert\u00e9szek k\u00f6r\u00e9ben, mivel nagy, telt vir\u00e1gai leny\u0171g\u00f6z\u0151 l\u00e1tv\u00e1nyt ny\u00fajtanak. A vir\u00e1gok sz\u00edne v\u00e1ltozatos lehet, bele\u00e9rtve a r\u00f3zsasz\u00ednt, pirosat, feh\u00e9ret \u00e9s a kr\u00e9msz\u00ednt is.<\/p>\n<h2>D\u00edszm\u00e1k jellemz\u0151i<\/h2>\n<p>Vir\u00e1gai \u00e1ltal\u00e1ban 10-12 cm \u00e1tm\u00e9r\u0151j\u0171ek, \u00e9s a szirmok pap\u00edrszer\u0171ek, fodrosak, ami k\u00fcl\u00f6nleges megjelen\u00e9st k\u00f6lcs\u00f6n\u00f6z neki. A n\u00f6v\u00e9ny magass\u00e1ga el\u00e9rheti a 60 cm-t, \u00e9s a levelei k\u00e9kesz\u00f6ld sz\u00edn\u0171ek, szeldeltek. A vir\u00e1gz\u00e1s ut\u00e1n nagy magtokokat hoz l\u00e9tre, amelyek szint\u00e9n dekorat\u00edvak, \u00e9s gyakran haszn\u00e1lj\u00e1k \u0151ket sz\u00e1raz vir\u00e1gkompoz\u00edci\u00f3kba.<\/p>\n<h2>Papaver paeoniflorum felhaszn\u00e1l\u00e1sa<\/h2>\n<p>Termeszt\u00e9se viszonylag egyszer\u0171. Kedveli a napos helyeket \u00e9s a j\u00f3 v\u00edzelvezet\u00e9s\u0171, t\u00e1panyagban gazdag talajt.<\/p>\n<p>A magokat k\u00f6zvetlen\u00fcl a szabadba lehet vetni tavasszal, miut\u00e1n a fagyvesz\u00e9ly elm\u00falt. A cs\u00edr\u00e1z\u00e1s \u00e1ltal\u00e1ban k\u00e9t-h\u00e1rom h\u00e9t alatt megt\u00f6rt\u00e9nik . Fontos, hogy a magokat ne takarjuk be f\u00f6lddel, mivel f\u00e9nyre van sz\u00fcks\u00e9g\u00fck a cs\u00edr\u00e1z\u00e1shoz.<\/p>\n<p>A vir\u00e1gai vonzz\u00e1k a m\u00e9heket \u00e9s m\u00e1s beporz\u00f3 rovarokat, ami el\u0151seg\u00edti a kert \u00f6kol\u00f3giai egyens\u00faly\u00e1t . Emellett a n\u00f6v\u00e9ny \u00f6nvet\u0151, ami azt jelenti, hogy ha egyszer el\u00fcltetj\u00fck, a k\u00f6vetkez\u0151 \u00e9vekben is megjelenhet a kertben an\u00e9lk\u00fcl, hogy \u00fajra kellene vetni. Parasztkertek kora ny\u00e1ri vir\u00e1ga. Ker\u00edt\u00e9s mell\u00e9, r\u00e9zs\u0171re vess\u00fck. Telt vir\u00e1gai a piros minden \u00e1rnyalat\u00e1ban megtal\u00e1lhat\u00f3ak. Sz\u00e1razs\u00e1gt\u0171r\u0151, lepkecsalogat\u00f3 vir\u00e1g.<\/p>\n<p>\u00d6sszess\u00e9g\u00e9ben\u00a0 egy nagyon mutat\u00f3s, leny\u0171g\u00f6z\u0151 \u00e9s k\u00f6nnyen gondozhat\u00f3 n\u00f6v\u00e9ny, amely b\u00e1rmely kert \u00e9ke lehet.<\/p>\n<p>A nagy, sz\u00ednes vir\u00e1gok \u00e9s a dekorat\u00edv magtokok miatt sok kert\u00e9sz kedvence. Ha megfelel\u0151 k\u00f6r\u00fclm\u00e9nyeket biztos\u00edtunk sz\u00e1m\u00e1ra, \u00e9vr\u0151l \u00e9vre gy\u00f6ny\u00f6rk\u00f6dhet\u00fcnk a vir\u00e1gz\u00e1s\u00e1ban.<\/p>\n<p>A d\u00edszm\u00e1k magjai ehet\u0151ek, \u00e9s n\u00e9ha haszn\u00e1lj\u00e1k \u0151ket s\u00fct\u00e9shez, hasonl\u00f3an a m\u00e1kos s\u00fctem\u00e9nyekben tal\u00e1lhat\u00f3 m\u00e1khoz, de fontos megeml\u00edteni , hogy nem \u00e9tkez\u00e9si c\u00e9lra \u00fcltetj\u00fck.<\/p>\n<p>&nbsp;<\/p>\n<p>Kiszerel\u00e9s : 0,25g<\/p>\n<p style=\"line-height: 18.0pt; background: white; margin: 0cm 0cm 15.0pt 0cm;\"><b><span style=\"font-family: 'Ubuntu',sans-serif; color: black;\">K\u00e9szlet\u00fcnk napi szinten v\u00e1ltozik, ez\u00e9rt k\u00e9rj\u00fck, \u00e9rdekl\u0151dj\u00f6n szem\u00e9lyesen, telefonon vagy email-en.<br \/>\nA v\u00e1ltoztat\u00e1s jog\u00e1t fenntartjuk!\u00a0<\/span><\/b><\/p>\n<p><a href=\"https:\/\/tajkertesz.com\/\">https:\/\/tajkertesz.com\/<\/a><\/p>\n<p><a href=\"https:\/\/www.facebook.com\/tajkertesz\/\">https:\/\/www.facebook.com\/tajkertesz\/<\/a><\/p>\n<p>Kisz\u00e1ll\u00edt\u00e1s: 200cm-ig \u00e9s 40 kg-ig a sz\u00e1ll\u00edt\u00e1s fut\u00e1rszolg\u00e1lattal t\u00f6rt\u00e9nik.<\/p>\n<p>Szem\u00e9lyes \u00e1tv\u00e9tel nyitvatart\u00e1si id\u0151ben a 17. ker\u00fclet Bakancsos utca 7. sz\u00e1m alatti Kert\u00e9szeti \u00e1rud\u00e1nkban.<\/p>\n<p>&nbsp;<\/p>","protected":false},"excerpt":{"rendered":"<p>A d\u00edszm\u00e1k (Papaver paeoniflorum) egyny\u00e1ri n\u00f6v\u00e9nyek k\u00f6z\u00e9 tartozik, \u00e9s a m\u00e1kf\u00e9l\u00e9k (Papaveraceae) csal\u00e1dj\u00e1ba sorolhat\u00f3.<\/p>\n<p>Ez a n\u00f6v\u00e9ny k\u00fcl\u00f6n\u00f6sen n\u00e9pszer\u0171 a kert\u00e9szek k\u00f6r\u00e9ben, mivel nagy, telt vir\u00e1gai leny\u0171g\u00f6z\u0151 l\u00e1tv\u00e1nyt ny\u00fajtanak. A vir\u00e1gok sz\u00edne v\u00e1ltozatos lehet, bele\u00e9rtve a r\u00f3zsasz\u00ednt, pirosat, feh\u00e9ret \u00e9s a kr\u00e9msz\u00ednt is.<\/p>\n<p>A d\u00edszm\u00e1k vir\u00e1gai \u00e1ltal\u00e1ban 10-12 cm \u00e1tm\u00e9r\u0151j\u0171ek, \u00e9s a szirmok pap\u00edrszer\u0171ek, fodrosak, ami k\u00fcl\u00f6nleges megjelen\u00e9st k\u00f6lcs\u00f6n\u00f6z neki. A n\u00f6v\u00e9ny magass\u00e1ga el\u00e9rheti a 60 cm-t, \u00e9s a levelei k\u00e9kesz\u00f6ld sz\u00edn\u0171ek, szeldeltek. A vir\u00e1gz\u00e1s ut\u00e1n nagy magtokokat hoz l\u00e9tre, amelyek szint\u00e9n dekorat\u00edvak, \u00e9s gyakran haszn\u00e1lj\u00e1k \u0151ket sz\u00e1raz vir\u00e1gkompoz\u00edci\u00f3kba.<\/p>","protected":false},"featured_media":22062,"template":"","meta":{"_et_pb_use_builder":"","_et_pb_old_content":"","_et_gb_content_width":""},"product_brand":[],"product_cat":[2882],"product_tag":[5574,5576,5575],"class_list":{"0":"post-22061","1":"product","2":"type-product","3":"status-publish","4":"has-post-thumbnail","6":"product_cat-virag-vetomagok","7":"product_tag-diszmak","8":"product_tag-paeoniflorum","9":"product_tag-papaver","11":"first","12":"instock","13":"shipping-taxable","14":"purchasable","15":"product-type-simple"},"yoast_head":"<!-- This site is optimized with the Yoast SEO plugin v27.5 - https:\/\/yoast.com\/product\/yoast-seo-wordpress\/ -->\n<title>D\u00edszm\u00e1k - Papaver paeoniflorum - T\u00e1jkert\u00e9sz<\/title>\n<meta name=\"description\" content=\"A D\u00edszm\u00e1k - Papaver paeoniflorum egyny\u00e1ri n\u00f6v\u00e9nyek k\u00f6z\u00e9 tartozik, ez a n\u00f6v\u00e9ny k\u00fcl\u00f6n\u00f6sen n\u00e9pszer\u0171 mivel nagy, telt vir\u00e1gai leny\u0171g\u00f6z\u0151 l\u00e1tv\u00e1nyt ny\u00fajtanak.\" \/>\n<meta name=\"robots\" content=\"index, follow, max-snippet:-1, max-image-preview:large, max-video-preview:-1\" \/>\n<link rel=\"canonical\" href=\"https:\/\/tajkertesz.com\/en_US\/product\/diszmak-papaver-paeoniflorum\/\" \/>\n<meta property=\"og:locale\" content=\"en_US\" \/>\n<meta property=\"og:type\" content=\"article\" \/>\n<meta property=\"og:title\" content=\"D\u00edszm\u00e1k - Papaver paeoniflorum - T\u00e1jkert\u00e9sz\" \/>\n<meta property=\"og:description\" content=\"A D\u00edszm\u00e1k - Papaver paeoniflorum egyny\u00e1ri n\u00f6v\u00e9nyek k\u00f6z\u00e9 tartozik, ez a n\u00f6v\u00e9ny k\u00fcl\u00f6n\u00f6sen n\u00e9pszer\u0171 mivel nagy, telt vir\u00e1gai leny\u0171g\u00f6z\u0151 l\u00e1tv\u00e1nyt ny\u00fajtanak.\" \/>\n<meta property=\"og:url\" content=\"https:\/\/tajkertesz.com\/en_US\/product\/diszmak-papaver-paeoniflorum\/\" \/>\n<meta property=\"og:site_name\" content=\"T\u00e1jkert\u00e9sz\" \/>\n<meta property=\"article:publisher\" content=\"https:\/\/www.facebook.com\/Tajkertesz\/\" \/>\n<meta property=\"article:modified_time\" content=\"2026-02-12T14:37:23+00:00\" \/>\n<meta property=\"og:image\" content=\"https:\/\/tajkertesz.com\/wp-content\/uploads\/2024\/12\/diszmak.webp\" \/>\n\t<meta property=\"og:image:width\" content=\"570\" \/>\n\t<meta property=\"og:image:height\" content=\"570\" \/>\n\t<meta property=\"og:image:type\" content=\"image\/webp\" \/>\n<meta name=\"twitter:card\" content=\"summary_large_image\" \/>\n<meta name=\"twitter:label1\" content=\"Est. reading time\" \/>\n\t<meta name=\"twitter:data1\" content=\"2 minutes\" \/>\n<script type=\"application\/ld+json\" class=\"yoast-schema-graph\">{\"@context\":\"https:\\\/\\\/schema.org\",\"@graph\":[{\"@type\":\"WebPage\",\"@id\":\"https:\\\/\\\/tajkertesz.com\\\/termek\\\/diszmak-papaver-paeoniflorum\\\/\",\"url\":\"https:\\\/\\\/tajkertesz.com\\\/termek\\\/diszmak-papaver-paeoniflorum\\\/\",\"name\":\"D\u00edszm\u00e1k - Papaver paeoniflorum - T\u00e1jkert\u00e9sz\",\"isPartOf\":{\"@id\":\"https:\\\/\\\/tajkertesz.com\\\/#website\"},\"primaryImageOfPage\":{\"@id\":\"https:\\\/\\\/tajkertesz.com\\\/termek\\\/diszmak-papaver-paeoniflorum\\\/#primaryimage\"},\"image\":{\"@id\":\"https:\\\/\\\/tajkertesz.com\\\/termek\\\/diszmak-papaver-paeoniflorum\\\/#primaryimage\"},\"thumbnailUrl\":\"https:\\\/\\\/tajkertesz.com\\\/wp-content\\\/uploads\\\/2024\\\/12\\\/diszmak.webp\",\"datePublished\":\"2024-12-23T11:14:49+00:00\",\"dateModified\":\"2026-02-12T14:37:23+00:00\",\"description\":\"A D\u00edszm\u00e1k - Papaver paeoniflorum egyny\u00e1ri n\u00f6v\u00e9nyek k\u00f6z\u00e9 tartozik, ez a n\u00f6v\u00e9ny k\u00fcl\u00f6n\u00f6sen n\u00e9pszer\u0171 mivel nagy, telt vir\u00e1gai leny\u0171g\u00f6z\u0151 l\u00e1tv\u00e1nyt ny\u00fajtanak.\",\"breadcrumb\":{\"@id\":\"https:\\\/\\\/tajkertesz.com\\\/termek\\\/diszmak-papaver-paeoniflorum\\\/#breadcrumb\"},\"inLanguage\":\"en-US\",\"potentialAction\":[{\"@type\":\"ReadAction\",\"target\":[\"https:\\\/\\\/tajkertesz.com\\\/termek\\\/diszmak-papaver-paeoniflorum\\\/\"]}]},{\"@type\":\"ImageObject\",\"inLanguage\":\"en-US\",\"@id\":\"https:\\\/\\\/tajkertesz.com\\\/termek\\\/diszmak-papaver-paeoniflorum\\\/#primaryimage\",\"url\":\"https:\\\/\\\/tajkertesz.com\\\/wp-content\\\/uploads\\\/2024\\\/12\\\/diszmak.webp\",\"contentUrl\":\"https:\\\/\\\/tajkertesz.com\\\/wp-content\\\/uploads\\\/2024\\\/12\\\/diszmak.webp\",\"width\":570,\"height\":570,\"caption\":\"D\u00edszm\u00e1k Papaver paeoniflorum\"},{\"@type\":\"BreadcrumbList\",\"@id\":\"https:\\\/\\\/tajkertesz.com\\\/termek\\\/diszmak-papaver-paeoniflorum\\\/#breadcrumb\",\"itemListElement\":[{\"@type\":\"ListItem\",\"position\":1,\"name\":\"Home\",\"item\":\"https:\\\/\\\/tajkertesz.com\\\/\"},{\"@type\":\"ListItem\",\"position\":2,\"name\":\"Kezd\u0151lap\",\"item\":\"https:\\\/\\\/tajkertesz.com\\\/\"},{\"@type\":\"ListItem\",\"position\":3,\"name\":\"D\u00edszm\u00e1k &#8211; Papaver paeoniflorum\"}]},{\"@type\":\"WebSite\",\"@id\":\"https:\\\/\\\/tajkertesz.com\\\/#website\",\"url\":\"https:\\\/\\\/tajkertesz.com\\\/\",\"name\":\"T\u00e1j-Kert\u00e9sz 84 Kft.\",\"description\":\"Kert\u00e9szeti kis- \u00e9s nagykeresked\u00e9s, D\u00edszn\u00f6v\u00e9ny web\u00e1ruh\u00e1z orsz\u00e1gos h\u00e1zhozsz\u00e1ll\u00edt\u00e1ssal!\",\"publisher\":{\"@id\":\"https:\\\/\\\/tajkertesz.com\\\/#organization\"},\"potentialAction\":[{\"@type\":\"SearchAction\",\"target\":{\"@type\":\"EntryPoint\",\"urlTemplate\":\"https:\\\/\\\/tajkertesz.com\\\/?s={search_term_string}\"},\"query-input\":{\"@type\":\"PropertyValueSpecification\",\"valueRequired\":true,\"valueName\":\"search_term_string\"}}],\"inLanguage\":\"en-US\"},{\"@type\":\"Organization\",\"@id\":\"https:\\\/\\\/tajkertesz.com\\\/#organization\",\"name\":\"T\u00e1j-Kert\u00e9sz 84 Kft.\",\"url\":\"https:\\\/\\\/tajkertesz.com\\\/\",\"logo\":{\"@type\":\"ImageObject\",\"inLanguage\":\"en-US\",\"@id\":\"https:\\\/\\\/tajkertesz.com\\\/#\\\/schema\\\/logo\\\/image\\\/\",\"url\":\"https:\\\/\\\/tajkertesz.com\\\/wp-content\\\/uploads\\\/2018\\\/02\\\/logo-2-e1518678052539.png\",\"contentUrl\":\"https:\\\/\\\/tajkertesz.com\\\/wp-content\\\/uploads\\\/2018\\\/02\\\/logo-2-e1518678052539.png\",\"width\":81,\"height\":140,\"caption\":\"T\u00e1j-Kert\u00e9sz 84 Kft.\"},\"image\":{\"@id\":\"https:\\\/\\\/tajkertesz.com\\\/#\\\/schema\\\/logo\\\/image\\\/\"},\"sameAs\":[\"https:\\\/\\\/www.facebook.com\\\/Tajkertesz\\\/\"]}]}<\/script>\n<!-- \/ Yoast SEO plugin. -->","yoast_head_json":{"title":"D\u00edszm\u00e1k - Papaver paeoniflorum - T\u00e1jkert\u00e9sz","description":"A D\u00edszm\u00e1k - Papaver paeoniflorum egyny\u00e1ri n\u00f6v\u00e9nyek k\u00f6z\u00e9 tartozik, ez a n\u00f6v\u00e9ny k\u00fcl\u00f6n\u00f6sen n\u00e9pszer\u0171 mivel nagy, telt vir\u00e1gai leny\u0171g\u00f6z\u0151 l\u00e1tv\u00e1nyt ny\u00fajtanak.","robots":{"index":"index","follow":"follow","max-snippet":"max-snippet:-1","max-image-preview":"max-image-preview:large","max-video-preview":"max-video-preview:-1"},"canonical":"https:\/\/tajkertesz.com\/en_US\/product\/diszmak-papaver-paeoniflorum\/","og_locale":"en_US","og_type":"article","og_title":"D\u00edszm\u00e1k - Papaver paeoniflorum - T\u00e1jkert\u00e9sz","og_description":"A D\u00edszm\u00e1k - Papaver paeoniflorum egyny\u00e1ri n\u00f6v\u00e9nyek k\u00f6z\u00e9 tartozik, ez a n\u00f6v\u00e9ny k\u00fcl\u00f6n\u00f6sen n\u00e9pszer\u0171 mivel nagy, telt vir\u00e1gai leny\u0171g\u00f6z\u0151 l\u00e1tv\u00e1nyt ny\u00fajtanak.","og_url":"https:\/\/tajkertesz.com\/en_US\/product\/diszmak-papaver-paeoniflorum\/","og_site_name":"T\u00e1jkert\u00e9sz","article_publisher":"https:\/\/www.facebook.com\/Tajkertesz\/","article_modified_time":"2026-02-12T14:37:23+00:00","og_image":[{"width":570,"height":570,"url":"https:\/\/tajkertesz.com\/wp-content\/uploads\/2024\/12\/diszmak.webp","type":"image\/webp"}],"twitter_card":"summary_large_image","twitter_misc":{"Est. reading time":"2 minutes"},"schema":{"@context":"https:\/\/schema.org","@graph":[{"@type":"WebPage","@id":"https:\/\/tajkertesz.com\/termek\/diszmak-papaver-paeoniflorum\/","url":"https:\/\/tajkertesz.com\/termek\/diszmak-papaver-paeoniflorum\/","name":"D\u00edszm\u00e1k - Papaver paeoniflorum - T\u00e1jkert\u00e9sz","isPartOf":{"@id":"https:\/\/tajkertesz.com\/#website"},"primaryImageOfPage":{"@id":"https:\/\/tajkertesz.com\/termek\/diszmak-papaver-paeoniflorum\/#primaryimage"},"image":{"@id":"https:\/\/tajkertesz.com\/termek\/diszmak-papaver-paeoniflorum\/#primaryimage"},"thumbnailUrl":"https:\/\/tajkertesz.com\/wp-content\/uploads\/2024\/12\/diszmak.webp","datePublished":"2024-12-23T11:14:49+00:00","dateModified":"2026-02-12T14:37:23+00:00","description":"A D\u00edszm\u00e1k - Papaver paeoniflorum egyny\u00e1ri n\u00f6v\u00e9nyek k\u00f6z\u00e9 tartozik, ez a n\u00f6v\u00e9ny k\u00fcl\u00f6n\u00f6sen n\u00e9pszer\u0171 mivel nagy, telt vir\u00e1gai leny\u0171g\u00f6z\u0151 l\u00e1tv\u00e1nyt ny\u00fajtanak.","breadcrumb":{"@id":"https:\/\/tajkertesz.com\/termek\/diszmak-papaver-paeoniflorum\/#breadcrumb"},"inLanguage":"en-US","potentialAction":[{"@type":"ReadAction","target":["https:\/\/tajkertesz.com\/termek\/diszmak-papaver-paeoniflorum\/"]}]},{"@type":"ImageObject","inLanguage":"en-US","@id":"https:\/\/tajkertesz.com\/termek\/diszmak-papaver-paeoniflorum\/#primaryimage","url":"https:\/\/tajkertesz.com\/wp-content\/uploads\/2024\/12\/diszmak.webp","contentUrl":"https:\/\/tajkertesz.com\/wp-content\/uploads\/2024\/12\/diszmak.webp","width":570,"height":570,"caption":"D\u00edszm\u00e1k Papaver paeoniflorum"},{"@type":"BreadcrumbList","@id":"https:\/\/tajkertesz.com\/termek\/diszmak-papaver-paeoniflorum\/#breadcrumb","itemListElement":[{"@type":"ListItem","position":1,"name":"Home","item":"https:\/\/tajkertesz.com\/"},{"@type":"ListItem","position":2,"name":"Kezd\u0151lap","item":"https:\/\/tajkertesz.com\/"},{"@type":"ListItem","position":3,"name":"D\u00edszm\u00e1k &#8211; Papaver paeoniflorum"}]},{"@type":"WebSite","@id":"https:\/\/tajkertesz.com\/#website","url":"https:\/\/tajkertesz.com\/","name":"T\u00e1j-Kert\u00e9sz 84 Kft.","description":"Kert\u00e9szeti kis- \u00e9s nagykeresked\u00e9s, D\u00edszn\u00f6v\u00e9ny web\u00e1ruh\u00e1z orsz\u00e1gos h\u00e1zhozsz\u00e1ll\u00edt\u00e1ssal!","publisher":{"@id":"https:\/\/tajkertesz.com\/#organization"},"potentialAction":[{"@type":"SearchAction","target":{"@type":"EntryPoint","urlTemplate":"https:\/\/tajkertesz.com\/?s={search_term_string}"},"query-input":{"@type":"PropertyValueSpecification","valueRequired":true,"valueName":"search_term_string"}}],"inLanguage":"en-US"},{"@type":"Organization","@id":"https:\/\/tajkertesz.com\/#organization","name":"T\u00e1j-Kert\u00e9sz 84 Kft.","url":"https:\/\/tajkertesz.com\/","logo":{"@type":"ImageObject","inLanguage":"en-US","@id":"https:\/\/tajkertesz.com\/#\/schema\/logo\/image\/","url":"https:\/\/tajkertesz.com\/wp-content\/uploads\/2018\/02\/logo-2-e1518678052539.png","contentUrl":"https:\/\/tajkertesz.com\/wp-content\/uploads\/2018\/02\/logo-2-e1518678052539.png","width":81,"height":140,"caption":"T\u00e1j-Kert\u00e9sz 84 Kft."},"image":{"@id":"https:\/\/tajkertesz.com\/#\/schema\/logo\/image\/"},"sameAs":["https:\/\/www.facebook.com\/Tajkertesz\/"]}]}},"_links":{"self":[{"href":"https:\/\/tajkertesz.com\/en_US\/wp-json\/wp\/v2\/product\/22061","targetHints":{"allow":["GET"]}}],"collection":[{"href":"https:\/\/tajkertesz.com\/en_US\/wp-json\/wp\/v2\/product"}],"about":[{"href":"https:\/\/tajkertesz.com\/en_US\/wp-json\/wp\/v2\/types\/product"}],"wp:featuredmedia":[{"embeddable":true,"href":"https:\/\/tajkertesz.com\/en_US\/wp-json\/wp\/v2\/media\/22062"}],"wp:attachment":[{"href":"https:\/\/tajkertesz.com\/en_US\/wp-json\/wp\/v2\/media?parent=22061"}],"wp:term":[{"taxonomy":"product_brand","embeddable":true,"href":"https:\/\/tajkertesz.com\/en_US\/wp-json\/wp\/v2\/product_brand?post=22061"},{"taxonomy":"product_cat","embeddable":true,"href":"https:\/\/tajkertesz.com\/en_US\/wp-json\/wp\/v2\/product_cat?post=22061"},{"taxonomy":"product_tag","embeddable":true,"href":"https:\/\/tajkertesz.com\/en_US\/wp-json\/wp\/v2\/product_tag?post=22061"}],"curies":[{"name":"wp","href":"https:\/\/api.w.org\/{rel}","templated":true}]}}