{"id":22065,"date":"2024-12-23T13:52:17","date_gmt":"2024-12-23T13:52:17","guid":{"rendered":"https:\/\/tajkertesz.com\/?post_type=product&#038;p=22065"},"modified":"2026-02-12T14:32:55","modified_gmt":"2026-02-12T14:32:55","slug":"diszlen","status":"publish","type":"product","link":"https:\/\/tajkertesz.com\/en_US\/product\/diszlen\/","title":{"rendered":"D\u00edszlen k\u00e9k &#8211; Linum perenne"},"content":{"rendered":"<h1>D\u00edszlen k\u00e9k &#8211; Linum perenne<\/h1>\n<p>A\u00a0 D\u00edszlen k\u00e9k Linum perenne k\u00f6zismert nev\u00e9n \u00e9vel\u0151 len vagy k\u00e9k len, egy \u00e9vel\u0151 vir\u00e1gos n\u00f6v\u00e9ny.<\/p>\n<p>Amely Eur\u00f3p\u00e1ban \u0151shonos, de \u00c9szak-Amerik\u00e1ban is elterjedt.<\/p>\n<p>Ez a n\u00f6v\u00e9ny k\u00fcl\u00f6n\u00f6sen sz\u00e9p, \u00e9gk\u00e9k vir\u00e1gair\u00f3l ismert, amelyek k\u00e9s\u0151 tavaszt\u00f3l ny\u00e1r k\u00f6zep\u00e9ig vir\u00e1goznak. A vir\u00e1gok cs\u00e9sze alak\u00faak, \u00e9s b\u00e1r egy-egy vir\u00e1g csak egy napig ny\u00edlik, a n\u00f6v\u00e9ny b\u0151s\u00e9gesen vir\u00e1gzik, \u00edgy mindig van rajta friss vir\u00e1g.<\/p>\n<h2>D\u00edszlen k\u00e9k vir\u00e1g\u00fa jellemz\u0151i:<\/h2>\n<p>A Linum perenne sz\u00e1rai v\u00e9konyak \u00e9s dr\u00f3tszer\u0171ek, de rendk\u00edv\u00fcl er\u0151sek, \u00e9s egykor lenv\u00e1szon \u00e9s k\u00f6t\u00e9l k\u00e9sz\u00edt\u00e9s\u00e9re haszn\u00e1lt\u00e1k \u0151ket. A n\u00f6v\u00e9ny levelei keskenyek, k\u00e9kesz\u00f6ld sz\u00edn\u0171ek, \u00e9s a sz\u00e1rak ment\u00e9n helyezkednek el. A n\u00f6v\u00e9ny magass\u00e1ga \u00e1ltal\u00e1ban 30-60 cm k\u00f6z\u00f6tt mozog, \u00e9s sz\u00e9less\u00e9ge 30-45 cm.<\/p>\n<p>&nbsp;<\/p>\n<p>Ez a n\u00f6v\u00e9ny j\u00f3l t\u0171ri a sz\u00e1razs\u00e1got, a h\u0151s\u00e9get \u00e9s a p\u00e1r\u00e1s k\u00f6rnyezetet, \u00edgy ide\u00e1lis v\u00e1laszt\u00e1s lehet olyan kertekbe, ahol ezek a k\u00f6r\u00fclm\u00e9nyek jellemz\u0151ek. A Linum perenne legjobban teljes naps\u00fct\u00e9sben vagy r\u00e9szleges \u00e1rny\u00e9kban \u00e9rzi mag\u00e1t, \u00e9s \u00e1tlagos, k\u00f6zepesen nedves, j\u00f3l v\u00edzelvezet\u0151 talajban n\u0151 a legjobban. A n\u00f6v\u00e9ny k\u00f6nnyen szapor\u00edthat\u00f3 magr\u00f3l, \u00e9s ha megfelel\u0151 k\u00f6r\u00fclm\u00e9nyek k\u00f6z\u00f6tt van, szabadon vet\u0151dik.<\/p>\n<h3>Linum perenne felhaszn\u00e1l\u00e1sa<\/h3>\n<p>A Linum perenne k\u00fcl\u00f6n\u00f6sen j\u00f3l mutat sziklakertekben, vadvir\u00e1gos kertekben.\u00a0 A n\u00f6v\u00e9ny vir\u00e1gai nemcsak sz\u00e9pek, hanem a magtokok is \u00e9rdekes l\u00e1tv\u00e1nyt ny\u00fajtanak a ny\u00e1r v\u00e9g\u00e9n, amikor a vir\u00e1gok elhalv\u00e1nyulnak. A n\u00f6v\u00e9ny sz\u00e1rai b\u00e1r v\u00e9konyak, rendk\u00edv\u00fcl nehezen t\u00f6rhet\u0151k, ami hozz\u00e1j\u00e1rul a n\u00f6v\u00e9ny tart\u00f3ss\u00e1g\u00e1hoz.<\/p>\n<p>A Linum perenne gondoz\u00e1sa viszonylag egyszer\u0171. A n\u00f6v\u00e9nyt \u00e9rdemes vir\u00e1gz\u00e1s ut\u00e1n visszametszeni, ha t\u00fal hossz\u00fara n\u0151, hogy meg\u0151rizze kompakt form\u00e1j\u00e1t. A n\u00f6v\u00e9ny nem szenved komolyabb k\u00e1rtev\u0151kt\u0151l vagy betegs\u00e9gekt\u0151l, b\u00e1r n\u00e9ha el\u0151fordulhatnak rajta csig\u00e1k, meztelencsig\u00e1k \u00e9s lev\u00e9ltetvek.<\/p>\n<p>\u00d6sszess\u00e9g\u00e9ben a Linum perenne egy gy\u00f6ny\u00f6r\u0171 \u00e9s k\u00f6nnyen gondozhat\u00f3 n\u00f6v\u00e9ny, amely sokf\u00e9le kertben j\u00f3l mutat. Vir\u00e1gai \u00e9s magtokjai \u00e9rdekes l\u00e1tv\u00e1nyt ny\u00fajtanak, \u00e9s a n\u00f6v\u00e9ny tart\u00f3ss\u00e1ga miatt hossz\u00fa t\u00e1von is sz\u00e9p d\u00edsze lehet a kertnek.<\/p>\n<p>Kiszerel\u00e9se:1g<\/p>\n<p style=\"line-height: 18.0pt; background: white; margin: 0cm 0cm 15.0pt 0cm;\"><b><span style=\"font-family: 'Ubuntu',sans-serif; color: black;\">K\u00e9szlet\u00fcnk napi szinten v\u00e1ltozik, ez\u00e9rt k\u00e9rj\u00fck, \u00e9rdekl\u0151dj\u00f6n szem\u00e9lyesen, telefonon vagy email-en.<br \/>\nA v\u00e1ltoztat\u00e1s jog\u00e1t fenntartjuk!\u00a0<\/span><\/b><\/p>\n<p><a href=\"https:\/\/tajkertesz.com\/\">https:\/\/tajkertesz.com\/<\/a><\/p>\n<p><a href=\"https:\/\/www.facebook.com\/tajkertesz\/\">https:\/\/www.facebook.com\/tajkertesz\/<\/a><\/p>\n<p>Kisz\u00e1ll\u00edt\u00e1s: 200cm-ig \u00e9s 40 kg-ig a sz\u00e1ll\u00edt\u00e1s fut\u00e1rszolg\u00e1lattal t\u00f6rt\u00e9nik.<\/p>\n<p>Szem\u00e9lyes \u00e1tv\u00e9tel nyitvatart\u00e1si id\u0151ben a 17. ker\u00fclet Bakancsos utca 7. sz\u00e1m alatti Kert\u00e9szeti \u00e1rud\u00e1nkban.<\/p>","protected":false},"excerpt":{"rendered":"<p>A\u00a0 D\u00edszlen k\u00e9k Linum perenne k\u00f6zismert nev\u00e9n \u00e9vel\u0151 len vagy k\u00e9k len, egy \u00e9vel\u0151 vir\u00e1gos n\u00f6v\u00e9ny.<\/p>\n<p>Amely Eur\u00f3p\u00e1ban \u0151shonos, de \u00c9szak-Amerik\u00e1ban is elterjedt.<\/p>\n<p>Ez a n\u00f6v\u00e9ny k\u00fcl\u00f6n\u00f6sen sz\u00e9p, \u00e9gk\u00e9k vir\u00e1gair\u00f3l ismert, amelyek k\u00e9s\u0151 tavaszt\u00f3l ny\u00e1r k\u00f6zep\u00e9ig vir\u00e1goznak. A vir\u00e1gok cs\u00e9sze alak\u00faak, \u00e9s b\u00e1r egy-egy vir\u00e1g csak egy napig ny\u00edlik, a n\u00f6v\u00e9ny b\u0151s\u00e9gesen vir\u00e1gzik, \u00edgy mindig van rajta friss vir\u00e1g.<\/p>","protected":false},"featured_media":22066,"template":"","meta":{"_et_pb_use_builder":"","_et_pb_old_content":"","_et_gb_content_width":""},"product_brand":[],"product_cat":[2882],"product_tag":[5577,4865,5578,5579],"class_list":{"0":"post-22065","1":"product","2":"type-product","3":"status-publish","4":"has-post-thumbnail","6":"product_cat-virag-vetomagok","7":"product_tag-diszlen","8":"product_tag-kek","9":"product_tag-linum","10":"product_tag-perenne","12":"first","13":"instock","14":"shipping-taxable","15":"purchasable","16":"product-type-simple"},"yoast_head":"<!-- This site is optimized with the Yoast SEO plugin v27.4 - https:\/\/yoast.com\/product\/yoast-seo-wordpress\/ -->\n<title>D\u00edszlen k\u00e9k - Linum perenne - T\u00e1jkert\u00e9sz<\/title>\n<meta name=\"description\" content=\"A D\u00edszlen k\u00e9k Linum perenne k\u00f6zismert nev\u00e9n \u00e9vel\u0151 len vagy k\u00e9k len, egy \u00e9vel\u0151 vir\u00e1gos n\u00f6v\u00e9ny, amely k\u00fcl\u00f6n\u00f6sen sz\u00e9p, \u00e9gk\u00e9k vir\u00e1gair\u00f3l ismert.\" \/>\n<meta name=\"robots\" content=\"index, follow, max-snippet:-1, max-image-preview:large, max-video-preview:-1\" \/>\n<link rel=\"canonical\" href=\"https:\/\/tajkertesz.com\/en_US\/product\/diszlen\/\" \/>\n<meta property=\"og:locale\" content=\"en_US\" \/>\n<meta property=\"og:type\" content=\"article\" \/>\n<meta property=\"og:title\" content=\"D\u00edszlen k\u00e9k - Linum perenne - T\u00e1jkert\u00e9sz\" \/>\n<meta property=\"og:description\" content=\"A D\u00edszlen k\u00e9k Linum perenne k\u00f6zismert nev\u00e9n \u00e9vel\u0151 len vagy k\u00e9k len, egy \u00e9vel\u0151 vir\u00e1gos n\u00f6v\u00e9ny, amely k\u00fcl\u00f6n\u00f6sen sz\u00e9p, \u00e9gk\u00e9k vir\u00e1gair\u00f3l ismert.\" \/>\n<meta property=\"og:url\" content=\"https:\/\/tajkertesz.com\/en_US\/product\/diszlen\/\" \/>\n<meta property=\"og:site_name\" content=\"T\u00e1jkert\u00e9sz\" \/>\n<meta property=\"article:publisher\" content=\"https:\/\/www.facebook.com\/Tajkertesz\/\" \/>\n<meta property=\"article:modified_time\" content=\"2026-02-12T14:32:55+00:00\" \/>\n<meta property=\"og:image\" content=\"https:\/\/tajkertesz.com\/wp-content\/uploads\/2024\/12\/diszlen.webp\" \/>\n\t<meta property=\"og:image:width\" content=\"570\" \/>\n\t<meta property=\"og:image:height\" content=\"570\" \/>\n\t<meta property=\"og:image:type\" content=\"image\/webp\" \/>\n<meta name=\"twitter:card\" content=\"summary_large_image\" \/>\n<meta name=\"twitter:label1\" content=\"Est. reading time\" \/>\n\t<meta name=\"twitter:data1\" content=\"2 minutes\" \/>\n<script type=\"application\/ld+json\" class=\"yoast-schema-graph\">{\"@context\":\"https:\\\/\\\/schema.org\",\"@graph\":[{\"@type\":\"WebPage\",\"@id\":\"https:\\\/\\\/tajkertesz.com\\\/termek\\\/diszlen\\\/\",\"url\":\"https:\\\/\\\/tajkertesz.com\\\/termek\\\/diszlen\\\/\",\"name\":\"D\u00edszlen k\u00e9k - Linum perenne - T\u00e1jkert\u00e9sz\",\"isPartOf\":{\"@id\":\"https:\\\/\\\/tajkertesz.com\\\/#website\"},\"primaryImageOfPage\":{\"@id\":\"https:\\\/\\\/tajkertesz.com\\\/termek\\\/diszlen\\\/#primaryimage\"},\"image\":{\"@id\":\"https:\\\/\\\/tajkertesz.com\\\/termek\\\/diszlen\\\/#primaryimage\"},\"thumbnailUrl\":\"https:\\\/\\\/tajkertesz.com\\\/wp-content\\\/uploads\\\/2024\\\/12\\\/diszlen.webp\",\"datePublished\":\"2024-12-23T13:52:17+00:00\",\"dateModified\":\"2026-02-12T14:32:55+00:00\",\"description\":\"A D\u00edszlen k\u00e9k Linum perenne k\u00f6zismert nev\u00e9n \u00e9vel\u0151 len vagy k\u00e9k len, egy \u00e9vel\u0151 vir\u00e1gos n\u00f6v\u00e9ny, amely k\u00fcl\u00f6n\u00f6sen sz\u00e9p, \u00e9gk\u00e9k vir\u00e1gair\u00f3l ismert.\",\"breadcrumb\":{\"@id\":\"https:\\\/\\\/tajkertesz.com\\\/termek\\\/diszlen\\\/#breadcrumb\"},\"inLanguage\":\"en-US\",\"potentialAction\":[{\"@type\":\"ReadAction\",\"target\":[\"https:\\\/\\\/tajkertesz.com\\\/termek\\\/diszlen\\\/\"]}]},{\"@type\":\"ImageObject\",\"inLanguage\":\"en-US\",\"@id\":\"https:\\\/\\\/tajkertesz.com\\\/termek\\\/diszlen\\\/#primaryimage\",\"url\":\"https:\\\/\\\/tajkertesz.com\\\/wp-content\\\/uploads\\\/2024\\\/12\\\/diszlen.webp\",\"contentUrl\":\"https:\\\/\\\/tajkertesz.com\\\/wp-content\\\/uploads\\\/2024\\\/12\\\/diszlen.webp\",\"width\":570,\"height\":570,\"caption\":\"D\u00edszlen k\u00e9k - Linum perenne\"},{\"@type\":\"BreadcrumbList\",\"@id\":\"https:\\\/\\\/tajkertesz.com\\\/termek\\\/diszlen\\\/#breadcrumb\",\"itemListElement\":[{\"@type\":\"ListItem\",\"position\":1,\"name\":\"Home\",\"item\":\"https:\\\/\\\/tajkertesz.com\\\/\"},{\"@type\":\"ListItem\",\"position\":2,\"name\":\"Kezd\u0151lap\",\"item\":\"https:\\\/\\\/tajkertesz.com\\\/\"},{\"@type\":\"ListItem\",\"position\":3,\"name\":\"D\u00edszlen k\u00e9k &#8211; Linum perenne\"}]},{\"@type\":\"WebSite\",\"@id\":\"https:\\\/\\\/tajkertesz.com\\\/#website\",\"url\":\"https:\\\/\\\/tajkertesz.com\\\/\",\"name\":\"T\u00e1j-Kert\u00e9sz 84 Kft.\",\"description\":\"Kert\u00e9szeti kis- \u00e9s nagykeresked\u00e9s, D\u00edszn\u00f6v\u00e9ny web\u00e1ruh\u00e1z orsz\u00e1gos h\u00e1zhozsz\u00e1ll\u00edt\u00e1ssal!\",\"publisher\":{\"@id\":\"https:\\\/\\\/tajkertesz.com\\\/#organization\"},\"potentialAction\":[{\"@type\":\"SearchAction\",\"target\":{\"@type\":\"EntryPoint\",\"urlTemplate\":\"https:\\\/\\\/tajkertesz.com\\\/?s={search_term_string}\"},\"query-input\":{\"@type\":\"PropertyValueSpecification\",\"valueRequired\":true,\"valueName\":\"search_term_string\"}}],\"inLanguage\":\"en-US\"},{\"@type\":\"Organization\",\"@id\":\"https:\\\/\\\/tajkertesz.com\\\/#organization\",\"name\":\"T\u00e1j-Kert\u00e9sz 84 Kft.\",\"url\":\"https:\\\/\\\/tajkertesz.com\\\/\",\"logo\":{\"@type\":\"ImageObject\",\"inLanguage\":\"en-US\",\"@id\":\"https:\\\/\\\/tajkertesz.com\\\/#\\\/schema\\\/logo\\\/image\\\/\",\"url\":\"https:\\\/\\\/tajkertesz.com\\\/wp-content\\\/uploads\\\/2018\\\/02\\\/logo-2-e1518678052539.png\",\"contentUrl\":\"https:\\\/\\\/tajkertesz.com\\\/wp-content\\\/uploads\\\/2018\\\/02\\\/logo-2-e1518678052539.png\",\"width\":81,\"height\":140,\"caption\":\"T\u00e1j-Kert\u00e9sz 84 Kft.\"},\"image\":{\"@id\":\"https:\\\/\\\/tajkertesz.com\\\/#\\\/schema\\\/logo\\\/image\\\/\"},\"sameAs\":[\"https:\\\/\\\/www.facebook.com\\\/Tajkertesz\\\/\"]}]}<\/script>\n<!-- \/ Yoast SEO plugin. -->","yoast_head_json":{"title":"D\u00edszlen k\u00e9k - Linum perenne - T\u00e1jkert\u00e9sz","description":"A D\u00edszlen k\u00e9k Linum perenne k\u00f6zismert nev\u00e9n \u00e9vel\u0151 len vagy k\u00e9k len, egy \u00e9vel\u0151 vir\u00e1gos n\u00f6v\u00e9ny, amely k\u00fcl\u00f6n\u00f6sen sz\u00e9p, \u00e9gk\u00e9k vir\u00e1gair\u00f3l ismert.","robots":{"index":"index","follow":"follow","max-snippet":"max-snippet:-1","max-image-preview":"max-image-preview:large","max-video-preview":"max-video-preview:-1"},"canonical":"https:\/\/tajkertesz.com\/en_US\/product\/diszlen\/","og_locale":"en_US","og_type":"article","og_title":"D\u00edszlen k\u00e9k - Linum perenne - T\u00e1jkert\u00e9sz","og_description":"A D\u00edszlen k\u00e9k Linum perenne k\u00f6zismert nev\u00e9n \u00e9vel\u0151 len vagy k\u00e9k len, egy \u00e9vel\u0151 vir\u00e1gos n\u00f6v\u00e9ny, amely k\u00fcl\u00f6n\u00f6sen sz\u00e9p, \u00e9gk\u00e9k vir\u00e1gair\u00f3l ismert.","og_url":"https:\/\/tajkertesz.com\/en_US\/product\/diszlen\/","og_site_name":"T\u00e1jkert\u00e9sz","article_publisher":"https:\/\/www.facebook.com\/Tajkertesz\/","article_modified_time":"2026-02-12T14:32:55+00:00","og_image":[{"width":570,"height":570,"url":"https:\/\/tajkertesz.com\/wp-content\/uploads\/2024\/12\/diszlen.webp","type":"image\/webp"}],"twitter_card":"summary_large_image","twitter_misc":{"Est. reading time":"2 minutes"},"schema":{"@context":"https:\/\/schema.org","@graph":[{"@type":"WebPage","@id":"https:\/\/tajkertesz.com\/termek\/diszlen\/","url":"https:\/\/tajkertesz.com\/termek\/diszlen\/","name":"D\u00edszlen k\u00e9k - Linum perenne - T\u00e1jkert\u00e9sz","isPartOf":{"@id":"https:\/\/tajkertesz.com\/#website"},"primaryImageOfPage":{"@id":"https:\/\/tajkertesz.com\/termek\/diszlen\/#primaryimage"},"image":{"@id":"https:\/\/tajkertesz.com\/termek\/diszlen\/#primaryimage"},"thumbnailUrl":"https:\/\/tajkertesz.com\/wp-content\/uploads\/2024\/12\/diszlen.webp","datePublished":"2024-12-23T13:52:17+00:00","dateModified":"2026-02-12T14:32:55+00:00","description":"A D\u00edszlen k\u00e9k Linum perenne k\u00f6zismert nev\u00e9n \u00e9vel\u0151 len vagy k\u00e9k len, egy \u00e9vel\u0151 vir\u00e1gos n\u00f6v\u00e9ny, amely k\u00fcl\u00f6n\u00f6sen sz\u00e9p, \u00e9gk\u00e9k vir\u00e1gair\u00f3l ismert.","breadcrumb":{"@id":"https:\/\/tajkertesz.com\/termek\/diszlen\/#breadcrumb"},"inLanguage":"en-US","potentialAction":[{"@type":"ReadAction","target":["https:\/\/tajkertesz.com\/termek\/diszlen\/"]}]},{"@type":"ImageObject","inLanguage":"en-US","@id":"https:\/\/tajkertesz.com\/termek\/diszlen\/#primaryimage","url":"https:\/\/tajkertesz.com\/wp-content\/uploads\/2024\/12\/diszlen.webp","contentUrl":"https:\/\/tajkertesz.com\/wp-content\/uploads\/2024\/12\/diszlen.webp","width":570,"height":570,"caption":"D\u00edszlen k\u00e9k - Linum perenne"},{"@type":"BreadcrumbList","@id":"https:\/\/tajkertesz.com\/termek\/diszlen\/#breadcrumb","itemListElement":[{"@type":"ListItem","position":1,"name":"Home","item":"https:\/\/tajkertesz.com\/"},{"@type":"ListItem","position":2,"name":"Kezd\u0151lap","item":"https:\/\/tajkertesz.com\/"},{"@type":"ListItem","position":3,"name":"D\u00edszlen k\u00e9k &#8211; Linum perenne"}]},{"@type":"WebSite","@id":"https:\/\/tajkertesz.com\/#website","url":"https:\/\/tajkertesz.com\/","name":"T\u00e1j-Kert\u00e9sz 84 Kft.","description":"Kert\u00e9szeti kis- \u00e9s nagykeresked\u00e9s, D\u00edszn\u00f6v\u00e9ny web\u00e1ruh\u00e1z orsz\u00e1gos h\u00e1zhozsz\u00e1ll\u00edt\u00e1ssal!","publisher":{"@id":"https:\/\/tajkertesz.com\/#organization"},"potentialAction":[{"@type":"SearchAction","target":{"@type":"EntryPoint","urlTemplate":"https:\/\/tajkertesz.com\/?s={search_term_string}"},"query-input":{"@type":"PropertyValueSpecification","valueRequired":true,"valueName":"search_term_string"}}],"inLanguage":"en-US"},{"@type":"Organization","@id":"https:\/\/tajkertesz.com\/#organization","name":"T\u00e1j-Kert\u00e9sz 84 Kft.","url":"https:\/\/tajkertesz.com\/","logo":{"@type":"ImageObject","inLanguage":"en-US","@id":"https:\/\/tajkertesz.com\/#\/schema\/logo\/image\/","url":"https:\/\/tajkertesz.com\/wp-content\/uploads\/2018\/02\/logo-2-e1518678052539.png","contentUrl":"https:\/\/tajkertesz.com\/wp-content\/uploads\/2018\/02\/logo-2-e1518678052539.png","width":81,"height":140,"caption":"T\u00e1j-Kert\u00e9sz 84 Kft."},"image":{"@id":"https:\/\/tajkertesz.com\/#\/schema\/logo\/image\/"},"sameAs":["https:\/\/www.facebook.com\/Tajkertesz\/"]}]}},"_links":{"self":[{"href":"https:\/\/tajkertesz.com\/en_US\/wp-json\/wp\/v2\/product\/22065","targetHints":{"allow":["GET"]}}],"collection":[{"href":"https:\/\/tajkertesz.com\/en_US\/wp-json\/wp\/v2\/product"}],"about":[{"href":"https:\/\/tajkertesz.com\/en_US\/wp-json\/wp\/v2\/types\/product"}],"wp:featuredmedia":[{"embeddable":true,"href":"https:\/\/tajkertesz.com\/en_US\/wp-json\/wp\/v2\/media\/22066"}],"wp:attachment":[{"href":"https:\/\/tajkertesz.com\/en_US\/wp-json\/wp\/v2\/media?parent=22065"}],"wp:term":[{"taxonomy":"product_brand","embeddable":true,"href":"https:\/\/tajkertesz.com\/en_US\/wp-json\/wp\/v2\/product_brand?post=22065"},{"taxonomy":"product_cat","embeddable":true,"href":"https:\/\/tajkertesz.com\/en_US\/wp-json\/wp\/v2\/product_cat?post=22065"},{"taxonomy":"product_tag","embeddable":true,"href":"https:\/\/tajkertesz.com\/en_US\/wp-json\/wp\/v2\/product_tag?post=22065"}],"curies":[{"name":"wp","href":"https:\/\/api.w.org\/{rel}","templated":true}]}}