{"id":2211,"date":"2020-10-12T06:17:58","date_gmt":"2020-10-12T06:17:58","guid":{"rendered":"https:\/\/tajkertesz.com\/?post_type=product&#038;p=2211"},"modified":"2024-09-10T13:06:44","modified_gmt":"2024-09-10T13:06:44","slug":"agrecol-oszi-orokzold-mutragya-12-kg","status":"publish","type":"product","link":"https:\/\/tajkertesz.com\/en_US\/product\/agrecol-oszi-orokzold-mutragya-12-kg\/","title":{"rendered":"Agrecol \u0150szi \u00f6r\u00f6kz\u00f6ld m\u0171tr\u00e1gya 1,2 kg\u00a0 \u00a0 \u00a0"},"content":{"rendered":"<h2>Agrecol \u0150szi \u00f6r\u00f6kz\u00f6ld m\u0171tr\u00e1gya 1,2 kg<\/h2>\n<p>Agrecol \u0150szi \u00f6r\u00f6kz\u00f6ld m\u0171tr\u00e1gya 1,2 kg<\/p>\n<p><strong>Az Agrecol \u0150szi <\/strong><strong><em>\u00f6r\u00f6kz\u00f6ld m\u0171tr\u00e1gya\u00a0 magas <\/em><\/strong><strong><em>k\u00e1lium\u00a0 tartalm\u00fa\u00a0 amely lassan old\u00f3dik. Ez\u00e9rt\u00a0 felt\u00e9tlen\u00fcl \u0151sszel kell kisz\u00f3rni, hogy felold\u00f3dva tavaszig eljussanak a talajnak a gy\u00f6k\u00e9rzettel \u00e1tsz\u0151tt m\u00e9lyebb r\u00e9tegeibe!\u00a0 \u00a0 \u00a0 \u00a0 \u00a0 \u00a0 \u00a0 \u00a0 \u00a0 \u00a0 \u00a0 \u00a0 \u00a0 \u00a0 \u00a0 \u00a0 \u00a0 \u00a0 \u00a0\u00a0<\/em><\/strong><\/p>\n<p><strong>Az \u0151szi \u00f6r\u00f6kz\u00f6ld m\u0171tr\u00e1gya t\u0171level\u0171eket, lombhullat\u00f3 f\u00e1kat \u00e9s cserj\u00e9ket k\u00e9sz\u00edti fel a t\u00e9lre. <\/strong><\/p>\n<p>Granul\u00e1lt k\u00e1lium-magn\u00e9zium m\u0171tr\u00e1gya, amelyet valamennyi t\u0171level\u0171 n\u00f6v\u00e9nyfaj \u0151szi tr\u00e1gy\u00e1z\u00e1s\u00e1ra sz\u00e1nnak. T\u00f6k\u00e9letes lombhullat\u00f3 f\u00e1k \u00e9s cserj\u00e9k d\u00edszn\u00f6v\u00e9nytermeszt\u00e9s\u00e9re is, mivel nem v\u00e1ltoztatja meg a talaj pH-j\u00e1t.<\/p>\n<p>A m\u0171tr\u00e1gy\u00e1t els\u0151sorban a n\u00f6v\u00e9nyek kem\u00e9ny t\u00e9li k\u00f6r\u00fclm\u00e9nyek k\u00f6z\u00f6tt t\u00f6rt\u00e9n\u0151 el\u0151k\u00e9sz\u00edt\u00e9s\u00e9re haszn\u00e1lj\u00e1k. \u00c9rdemes ny\u00e1ron elkezdeni az \u0151szi m\u0171tr\u00e1gy\u00e1k haszn\u00e1lat\u00e1t (m\u00e9g j\u00faliust\u00f3l is, nitrog\u00e9n m\u0171tr\u00e1gy\u00e1k helyett).<\/p>\n<p><strong>A legfontosabb<\/strong> \u2013az \u00f6r\u00f6kz\u00f6ld \u0151szi m\u0171tr\u00e1gya nem tartalmaz nitrog\u00e9nt, \u00edgy nem \u00f6szt\u00f6nzi a n\u00f6v\u00e9nyeket intenz\u00edven n\u00f6vekedni \u00e9s fiatal hajt\u00e1sokat k\u00e9pezni, amelyek \u00e9rz\u00e9kenyek az alacsony h\u0151m\u00e9rs\u00e9kletre. A kiegyens\u00falyozott \u00f6sszet\u00e9tel seg\u00edti a n\u00f6v\u00e9nyeket a t\u00e9li alv\u00e1sban, \u00e9s n\u00f6veli a t\u0171level\u0171ek t\u00e9li tart\u00f3ss\u00e1g\u00e1t \u00e9s fagy\u00e1ll\u00f3s\u00e1g\u00e1t.<\/p>\n<p><em>\u00d6sszet\u00e9tel: S 19 %, Mg O 12 %, K<sub>2<\/sub>O 25%<\/em><\/p>\n<p><em>Alkalmazni\u00a0 augusztust\u00f3l a fagyokig lehets\u00e9ges.\u00a0<\/em><\/p>\n<p><em>Felhaszn\u00e1l\u00e1si javaslat: a n\u00f6v\u00e9ny m\u00e9ret\u00e9t\u0151l f\u00fcgg\u0151en 30-40 g\u00a0<\/em><em>0,5 m 15 g,<\/em><\/p>\n<p><em> 1 m 20-30 g,\u00a0 2 m felett 60 g\/n\u00f6v\u00e9ny.<\/em><\/p>\n<p><em>Kisz\u00f3r\u00e1sa ut\u00e1n alaposan \u00f6nt\u00f6zz\u00fck be.\u00a0 <\/em><em>Gyermekekt\u0151l elz\u00e1rva tartand\u00f3 <\/em><\/p>\n<p><em>M\u00e9regjelz\u00e9s n\u00e9lk\u00fcli k\u00e9sz\u00edtm\u00e9ny.\u00a0<\/em><em>\u00a0K\u00f6zeg\u00e9szs\u00e9g\u00fcgyi szempontb\u00f3l nem vesz\u00e9lyes.<\/em><\/p>\n<p><em>Eredeti z\u00e1rt csomagol\u00e1sban sz\u00e1raz, napf\u00e9nyt\u0151l v\u00e9dett\u00a0<\/em><em>fagymentes helyen a csomagol\u00e1son jelzett id\u0151pontig eltarthat\u00f3.<\/em><\/p>\n<p><em>Helytelen haszn\u00e1lat\u00e9rt felel\u0151ss\u00e9get nem v\u00e1llalunk!<\/em><\/p>\n<p><em>Sz\u00e1rmaz\u00e1si hely: PL\u00a0 EK m\u0171tr\u00e1gya <strong>(229)<\/strong><\/em><\/p>\n<p><em>Forgalmaz\u00f3: T\u00e1j-Kert\u00e9sz 84 Kft\u00a0 \u00a0<\/em><\/p>\n<p><iframe loading=\"lazy\" title=\"Naw\u00f3z posypowy jesienny do iglak\u00f3w Agrecol\" width=\"1080\" height=\"608\" src=\"https:\/\/www.youtube.com\/embed\/TZbG9ljr07M?feature=oembed\"  allow=\"accelerometer; autoplay; clipboard-write; encrypted-media; gyroscope; picture-in-picture; web-share\" referrerpolicy=\"strict-origin-when-cross-origin\" allowfullscreen><\/iframe><\/p>\n<p>El\u00e9rhet\u0151 t\u00f6bbf\u00e9le m\u00e9retben \u00e9s \u00e1rban.<\/p>\n<p><strong>K\u00e9szlet\u00fcnk napi szinten v\u00e1ltozik, ez\u00e9rt k\u00e9rj\u00fck, \u00e9rdekl\u0151dj\u00f6n szem\u00e9lyesen, telefonon vagy email-en.<br \/>\nA v\u00e1ltoztat\u00e1s jog\u00e1t fenntartjuk!\u00a0<\/strong><\/p>\n<p><a href=\"https:\/\/tajkertesz.com\/\">https:\/\/tajkertesz.com\/<\/a><\/p>\n<p><a href=\"https:\/\/www.facebook.com\/tajkertesz\/\">https:\/\/www.facebook.com\/tajkertesz\/<\/a><\/p>\n<p>Kisz\u00e1ll\u00edt\u00e1s: 200cm-ig \u00a0\u00e9s 40 kg-ig a sz\u00e1ll\u00edt\u00e1s fut\u00e1rszolg\u00e1lattal \u00a0t\u00f6rt\u00e9nik.<\/p>\n<p>Szem\u00e9lyes \u00e1tv\u00e9tel nyitvatart\u00e1si id\u0151ben a 17. ker\u00fclet Bakancsos utca 7. sz\u00e1m alatti Kert\u00e9szeti \u00e1rud\u00e1nkban.<\/p>\n<p><a href=\"https:\/\/tajkertesz.com\/wp-content\/uploads\/2021\/05\/Agrecol-bizt.adatl_..pdf\">Agrecol bizt.adatl.<\/a><\/p>\n<p>&nbsp;<\/p>","protected":false},"excerpt":{"rendered":"<div id=\"bodyContent\" class=\"mw-body-content\">\n<div id=\"mw-content-text\" class=\"mw-content-ltr\" dir=\"ltr\" lang=\"hu\">\n<div id=\"bodyContent\" class=\"mw-body-content\">\n<div id=\"mw-content-text\" class=\"mw-content-ltr\" dir=\"ltr\" lang=\"hu\">\n<p><strong>Az Agrecol \u0150szi <\/strong><strong><em>\u00f6r\u00f6kz\u00f6ld m\u0171tr\u00e1gya\u00a0 magas <\/em><\/strong><strong><em>k\u00e1lium\u00a0 tartalm\u00fa\u00a0 amely lassan old\u00f3dik. Ez\u00e9rt\u00a0 felt\u00e9tlen\u00fcl \u0151sszel kell kisz\u00f3rni, hogy felold\u00f3dva tavaszig eljussanak a talajnak a gy\u00f6k\u00e9rzettel \u00e1tsz\u0151tt m\u00e9lyebb r\u00e9tegeibe!\u00a0 \u00a0 \u00a0 \u00a0 \u00a0 \u00a0 \u00a0 \u00a0 \u00a0 \u00a0 \u00a0 \u00a0 \u00a0 \u00a0 \u00a0 \u00a0 \u00a0 \u00a0 \u00a0 \u00a0 \u00a0\u00a0<\/em><\/strong><\/p>\n<\/div>\n<\/div>\n<\/div>\n<\/div>\n<p><em>\u00d6sszet\u00e9tel: S 19 %, Mg O 12 %, K<sub>2<\/sub>O 25%<\/em><\/p>\n<p><em>Alkalmazni\u00a0 augusztust\u00f3l a fagyokig lehets\u00e9ges.\u00a0<\/em><\/p>\n<p><em>Felhaszn\u00e1l\u00e1si javaslat: a n\u00f6v\u00e9ny m\u00e9ret\u00e9t\u0151l f\u00fcgg\u0151en 30-40 g\u00a0<\/em><em>0,5 m 15 g,<\/em><\/p>","protected":false},"featured_media":20930,"template":"","meta":{"_et_pb_use_builder":"","_et_pb_old_content":"","_et_gb_content_width":""},"product_brand":[],"product_cat":[1416],"product_tag":[537,705,24,698],"class_list":{"0":"post-2211","1":"product","2":"type-product","3":"status-publish","4":"has-post-thumbnail","6":"product_cat-agrecol-oszi-mutragyak","7":"product_tag-agrecol","8":"product_tag-mutragya","9":"product_tag-orokzold","10":"product_tag-oszi","12":"first","13":"instock","14":"shipping-taxable","15":"purchasable","16":"product-type-simple"},"yoast_head":"<!-- This site is optimized with the Yoast SEO plugin v27.3 - https:\/\/yoast.com\/product\/yoast-seo-wordpress\/ -->\n<title>Agrecol \u0150szi \u00f6r\u00f6kz\u00f6ld m\u0171tr\u00e1gya 1,2 kg\u00a0 \u00a0 \u00a0 - T\u00e1jkert\u00e9sz<\/title>\n<meta name=\"description\" content=\"Agrecol \u0150szi \u00f6r\u00f6kz\u00f6ld m\u0171tr\u00e1gya 1,2 kg\u00a0 magas k\u00e1lium\u00a0 tartalm\u00fa. \u0150sszel kell kisz\u00f3rni, hogy tavaszig eljusson a talaj m\u00e9lyebb r\u00e9tegei be is. \u00a0 \u00a0 \u00a0\" \/>\n<meta name=\"robots\" content=\"index, follow, max-snippet:-1, max-image-preview:large, max-video-preview:-1\" \/>\n<link rel=\"canonical\" href=\"https:\/\/tajkertesz.com\/en_US\/product\/agrecol-oszi-orokzold-mutragya-12-kg\/\" \/>\n<meta property=\"og:locale\" content=\"en_US\" \/>\n<meta property=\"og:type\" content=\"article\" \/>\n<meta property=\"og:title\" content=\"Agrecol \u0150szi \u00f6r\u00f6kz\u00f6ld m\u0171tr\u00e1gya 1,2 kg\u00a0 \u00a0 \u00a0 - T\u00e1jkert\u00e9sz\" \/>\n<meta property=\"og:description\" content=\"Agrecol \u0150szi \u00f6r\u00f6kz\u00f6ld m\u0171tr\u00e1gya 1,2 kg\u00a0 magas k\u00e1lium\u00a0 tartalm\u00fa. \u0150sszel kell kisz\u00f3rni, hogy tavaszig eljusson a talaj m\u00e9lyebb r\u00e9tegei be is. \u00a0 \u00a0 \u00a0\" \/>\n<meta property=\"og:url\" content=\"https:\/\/tajkertesz.com\/en_US\/product\/agrecol-oszi-orokzold-mutragya-12-kg\/\" \/>\n<meta property=\"og:site_name\" content=\"T\u00e1jkert\u00e9sz\" \/>\n<meta property=\"article:publisher\" content=\"https:\/\/www.facebook.com\/Tajkertesz\/\" \/>\n<meta property=\"article:modified_time\" content=\"2024-09-10T13:06:44+00:00\" \/>\n<meta property=\"og:image\" content=\"https:\/\/tajkertesz.com\/wp-content\/uploads\/2020\/10\/229-iglak-jes-12kg-v2-wiz-370.png\" \/>\n\t<meta property=\"og:image:width\" content=\"370\" \/>\n\t<meta property=\"og:image:height\" content=\"480\" \/>\n\t<meta property=\"og:image:type\" content=\"image\/png\" \/>\n<meta name=\"twitter:card\" content=\"summary_large_image\" \/>\n<meta name=\"twitter:label1\" content=\"Est. reading time\" \/>\n\t<meta name=\"twitter:data1\" content=\"2 minutes\" \/>\n<script type=\"application\/ld+json\" class=\"yoast-schema-graph\">{\"@context\":\"https:\\\/\\\/schema.org\",\"@graph\":[{\"@type\":\"WebPage\",\"@id\":\"https:\\\/\\\/tajkertesz.com\\\/termek\\\/agrecol-oszi-orokzold-mutragya-12-kg\\\/\",\"url\":\"https:\\\/\\\/tajkertesz.com\\\/termek\\\/agrecol-oszi-orokzold-mutragya-12-kg\\\/\",\"name\":\"Agrecol \u0150szi \u00f6r\u00f6kz\u00f6ld m\u0171tr\u00e1gya 1,2 kg\u00a0 \u00a0 \u00a0 - T\u00e1jkert\u00e9sz\",\"isPartOf\":{\"@id\":\"https:\\\/\\\/tajkertesz.com\\\/#website\"},\"primaryImageOfPage\":{\"@id\":\"https:\\\/\\\/tajkertesz.com\\\/termek\\\/agrecol-oszi-orokzold-mutragya-12-kg\\\/#primaryimage\"},\"image\":{\"@id\":\"https:\\\/\\\/tajkertesz.com\\\/termek\\\/agrecol-oszi-orokzold-mutragya-12-kg\\\/#primaryimage\"},\"thumbnailUrl\":\"https:\\\/\\\/tajkertesz.com\\\/wp-content\\\/uploads\\\/2020\\\/10\\\/229-iglak-jes-12kg-v2-wiz-370.png\",\"datePublished\":\"2020-10-12T06:17:58+00:00\",\"dateModified\":\"2024-09-10T13:06:44+00:00\",\"description\":\"Agrecol \u0150szi \u00f6r\u00f6kz\u00f6ld m\u0171tr\u00e1gya 1,2 kg\u00a0 magas k\u00e1lium\u00a0 tartalm\u00fa. \u0150sszel kell kisz\u00f3rni, hogy tavaszig eljusson a talaj m\u00e9lyebb r\u00e9tegei be is. \u00a0 \u00a0 \u00a0\",\"breadcrumb\":{\"@id\":\"https:\\\/\\\/tajkertesz.com\\\/termek\\\/agrecol-oszi-orokzold-mutragya-12-kg\\\/#breadcrumb\"},\"inLanguage\":\"en-US\",\"potentialAction\":[{\"@type\":\"ReadAction\",\"target\":[\"https:\\\/\\\/tajkertesz.com\\\/termek\\\/agrecol-oszi-orokzold-mutragya-12-kg\\\/\"]}]},{\"@type\":\"ImageObject\",\"inLanguage\":\"en-US\",\"@id\":\"https:\\\/\\\/tajkertesz.com\\\/termek\\\/agrecol-oszi-orokzold-mutragya-12-kg\\\/#primaryimage\",\"url\":\"https:\\\/\\\/tajkertesz.com\\\/wp-content\\\/uploads\\\/2020\\\/10\\\/229-iglak-jes-12kg-v2-wiz-370.png\",\"contentUrl\":\"https:\\\/\\\/tajkertesz.com\\\/wp-content\\\/uploads\\\/2020\\\/10\\\/229-iglak-jes-12kg-v2-wiz-370.png\",\"width\":370,\"height\":480},{\"@type\":\"BreadcrumbList\",\"@id\":\"https:\\\/\\\/tajkertesz.com\\\/termek\\\/agrecol-oszi-orokzold-mutragya-12-kg\\\/#breadcrumb\",\"itemListElement\":[{\"@type\":\"ListItem\",\"position\":1,\"name\":\"Home\",\"item\":\"https:\\\/\\\/tajkertesz.com\\\/\"},{\"@type\":\"ListItem\",\"position\":2,\"name\":\"Kezd\u0151lap\",\"item\":\"https:\\\/\\\/tajkertesz.com\\\/\"},{\"@type\":\"ListItem\",\"position\":3,\"name\":\"Agrecol \u0150szi \u00f6r\u00f6kz\u00f6ld m\u0171tr\u00e1gya 1,2 kg\u00a0 \u00a0 \u00a0\"}]},{\"@type\":\"WebSite\",\"@id\":\"https:\\\/\\\/tajkertesz.com\\\/#website\",\"url\":\"https:\\\/\\\/tajkertesz.com\\\/\",\"name\":\"T\u00e1j-Kert\u00e9sz 84 Kft.\",\"description\":\"Kert\u00e9szeti kis- \u00e9s nagykeresked\u00e9s, D\u00edszn\u00f6v\u00e9ny web\u00e1ruh\u00e1z orsz\u00e1gos h\u00e1zhozsz\u00e1ll\u00edt\u00e1ssal!\",\"publisher\":{\"@id\":\"https:\\\/\\\/tajkertesz.com\\\/#organization\"},\"potentialAction\":[{\"@type\":\"SearchAction\",\"target\":{\"@type\":\"EntryPoint\",\"urlTemplate\":\"https:\\\/\\\/tajkertesz.com\\\/?s={search_term_string}\"},\"query-input\":{\"@type\":\"PropertyValueSpecification\",\"valueRequired\":true,\"valueName\":\"search_term_string\"}}],\"inLanguage\":\"en-US\"},{\"@type\":\"Organization\",\"@id\":\"https:\\\/\\\/tajkertesz.com\\\/#organization\",\"name\":\"T\u00e1j-Kert\u00e9sz 84 Kft.\",\"url\":\"https:\\\/\\\/tajkertesz.com\\\/\",\"logo\":{\"@type\":\"ImageObject\",\"inLanguage\":\"en-US\",\"@id\":\"https:\\\/\\\/tajkertesz.com\\\/#\\\/schema\\\/logo\\\/image\\\/\",\"url\":\"https:\\\/\\\/tajkertesz.com\\\/wp-content\\\/uploads\\\/2018\\\/02\\\/logo-2-e1518678052539.png\",\"contentUrl\":\"https:\\\/\\\/tajkertesz.com\\\/wp-content\\\/uploads\\\/2018\\\/02\\\/logo-2-e1518678052539.png\",\"width\":81,\"height\":140,\"caption\":\"T\u00e1j-Kert\u00e9sz 84 Kft.\"},\"image\":{\"@id\":\"https:\\\/\\\/tajkertesz.com\\\/#\\\/schema\\\/logo\\\/image\\\/\"},\"sameAs\":[\"https:\\\/\\\/www.facebook.com\\\/Tajkertesz\\\/\"]}]}<\/script>\n<!-- \/ Yoast SEO plugin. -->","yoast_head_json":{"title":"Agrecol \u0150szi \u00f6r\u00f6kz\u00f6ld m\u0171tr\u00e1gya 1,2 kg\u00a0 \u00a0 \u00a0 - T\u00e1jkert\u00e9sz","description":"Agrecol \u0150szi \u00f6r\u00f6kz\u00f6ld m\u0171tr\u00e1gya 1,2 kg\u00a0 magas k\u00e1lium\u00a0 tartalm\u00fa. \u0150sszel kell kisz\u00f3rni, hogy tavaszig eljusson a talaj m\u00e9lyebb r\u00e9tegei be is. \u00a0 \u00a0 \u00a0","robots":{"index":"index","follow":"follow","max-snippet":"max-snippet:-1","max-image-preview":"max-image-preview:large","max-video-preview":"max-video-preview:-1"},"canonical":"https:\/\/tajkertesz.com\/en_US\/product\/agrecol-oszi-orokzold-mutragya-12-kg\/","og_locale":"en_US","og_type":"article","og_title":"Agrecol \u0150szi \u00f6r\u00f6kz\u00f6ld m\u0171tr\u00e1gya 1,2 kg\u00a0 \u00a0 \u00a0 - T\u00e1jkert\u00e9sz","og_description":"Agrecol \u0150szi \u00f6r\u00f6kz\u00f6ld m\u0171tr\u00e1gya 1,2 kg\u00a0 magas k\u00e1lium\u00a0 tartalm\u00fa. \u0150sszel kell kisz\u00f3rni, hogy tavaszig eljusson a talaj m\u00e9lyebb r\u00e9tegei be is. \u00a0 \u00a0 \u00a0","og_url":"https:\/\/tajkertesz.com\/en_US\/product\/agrecol-oszi-orokzold-mutragya-12-kg\/","og_site_name":"T\u00e1jkert\u00e9sz","article_publisher":"https:\/\/www.facebook.com\/Tajkertesz\/","article_modified_time":"2024-09-10T13:06:44+00:00","og_image":[{"width":370,"height":480,"url":"https:\/\/tajkertesz.com\/wp-content\/uploads\/2020\/10\/229-iglak-jes-12kg-v2-wiz-370.png","type":"image\/png"}],"twitter_card":"summary_large_image","twitter_misc":{"Est. reading time":"2 minutes"},"schema":{"@context":"https:\/\/schema.org","@graph":[{"@type":"WebPage","@id":"https:\/\/tajkertesz.com\/termek\/agrecol-oszi-orokzold-mutragya-12-kg\/","url":"https:\/\/tajkertesz.com\/termek\/agrecol-oszi-orokzold-mutragya-12-kg\/","name":"Agrecol \u0150szi \u00f6r\u00f6kz\u00f6ld m\u0171tr\u00e1gya 1,2 kg\u00a0 \u00a0 \u00a0 - T\u00e1jkert\u00e9sz","isPartOf":{"@id":"https:\/\/tajkertesz.com\/#website"},"primaryImageOfPage":{"@id":"https:\/\/tajkertesz.com\/termek\/agrecol-oszi-orokzold-mutragya-12-kg\/#primaryimage"},"image":{"@id":"https:\/\/tajkertesz.com\/termek\/agrecol-oszi-orokzold-mutragya-12-kg\/#primaryimage"},"thumbnailUrl":"https:\/\/tajkertesz.com\/wp-content\/uploads\/2020\/10\/229-iglak-jes-12kg-v2-wiz-370.png","datePublished":"2020-10-12T06:17:58+00:00","dateModified":"2024-09-10T13:06:44+00:00","description":"Agrecol \u0150szi \u00f6r\u00f6kz\u00f6ld m\u0171tr\u00e1gya 1,2 kg\u00a0 magas k\u00e1lium\u00a0 tartalm\u00fa. \u0150sszel kell kisz\u00f3rni, hogy tavaszig eljusson a talaj m\u00e9lyebb r\u00e9tegei be is. \u00a0 \u00a0 \u00a0","breadcrumb":{"@id":"https:\/\/tajkertesz.com\/termek\/agrecol-oszi-orokzold-mutragya-12-kg\/#breadcrumb"},"inLanguage":"en-US","potentialAction":[{"@type":"ReadAction","target":["https:\/\/tajkertesz.com\/termek\/agrecol-oszi-orokzold-mutragya-12-kg\/"]}]},{"@type":"ImageObject","inLanguage":"en-US","@id":"https:\/\/tajkertesz.com\/termek\/agrecol-oszi-orokzold-mutragya-12-kg\/#primaryimage","url":"https:\/\/tajkertesz.com\/wp-content\/uploads\/2020\/10\/229-iglak-jes-12kg-v2-wiz-370.png","contentUrl":"https:\/\/tajkertesz.com\/wp-content\/uploads\/2020\/10\/229-iglak-jes-12kg-v2-wiz-370.png","width":370,"height":480},{"@type":"BreadcrumbList","@id":"https:\/\/tajkertesz.com\/termek\/agrecol-oszi-orokzold-mutragya-12-kg\/#breadcrumb","itemListElement":[{"@type":"ListItem","position":1,"name":"Home","item":"https:\/\/tajkertesz.com\/"},{"@type":"ListItem","position":2,"name":"Kezd\u0151lap","item":"https:\/\/tajkertesz.com\/"},{"@type":"ListItem","position":3,"name":"Agrecol \u0150szi \u00f6r\u00f6kz\u00f6ld m\u0171tr\u00e1gya 1,2 kg\u00a0 \u00a0 \u00a0"}]},{"@type":"WebSite","@id":"https:\/\/tajkertesz.com\/#website","url":"https:\/\/tajkertesz.com\/","name":"T\u00e1j-Kert\u00e9sz 84 Kft.","description":"Kert\u00e9szeti kis- \u00e9s nagykeresked\u00e9s, D\u00edszn\u00f6v\u00e9ny web\u00e1ruh\u00e1z orsz\u00e1gos h\u00e1zhozsz\u00e1ll\u00edt\u00e1ssal!","publisher":{"@id":"https:\/\/tajkertesz.com\/#organization"},"potentialAction":[{"@type":"SearchAction","target":{"@type":"EntryPoint","urlTemplate":"https:\/\/tajkertesz.com\/?s={search_term_string}"},"query-input":{"@type":"PropertyValueSpecification","valueRequired":true,"valueName":"search_term_string"}}],"inLanguage":"en-US"},{"@type":"Organization","@id":"https:\/\/tajkertesz.com\/#organization","name":"T\u00e1j-Kert\u00e9sz 84 Kft.","url":"https:\/\/tajkertesz.com\/","logo":{"@type":"ImageObject","inLanguage":"en-US","@id":"https:\/\/tajkertesz.com\/#\/schema\/logo\/image\/","url":"https:\/\/tajkertesz.com\/wp-content\/uploads\/2018\/02\/logo-2-e1518678052539.png","contentUrl":"https:\/\/tajkertesz.com\/wp-content\/uploads\/2018\/02\/logo-2-e1518678052539.png","width":81,"height":140,"caption":"T\u00e1j-Kert\u00e9sz 84 Kft."},"image":{"@id":"https:\/\/tajkertesz.com\/#\/schema\/logo\/image\/"},"sameAs":["https:\/\/www.facebook.com\/Tajkertesz\/"]}]}},"_links":{"self":[{"href":"https:\/\/tajkertesz.com\/en_US\/wp-json\/wp\/v2\/product\/2211","targetHints":{"allow":["GET"]}}],"collection":[{"href":"https:\/\/tajkertesz.com\/en_US\/wp-json\/wp\/v2\/product"}],"about":[{"href":"https:\/\/tajkertesz.com\/en_US\/wp-json\/wp\/v2\/types\/product"}],"wp:featuredmedia":[{"embeddable":true,"href":"https:\/\/tajkertesz.com\/en_US\/wp-json\/wp\/v2\/media\/20930"}],"wp:attachment":[{"href":"https:\/\/tajkertesz.com\/en_US\/wp-json\/wp\/v2\/media?parent=2211"}],"wp:term":[{"taxonomy":"product_brand","embeddable":true,"href":"https:\/\/tajkertesz.com\/en_US\/wp-json\/wp\/v2\/product_brand?post=2211"},{"taxonomy":"product_cat","embeddable":true,"href":"https:\/\/tajkertesz.com\/en_US\/wp-json\/wp\/v2\/product_cat?post=2211"},{"taxonomy":"product_tag","embeddable":true,"href":"https:\/\/tajkertesz.com\/en_US\/wp-json\/wp\/v2\/product_tag?post=2211"}],"curies":[{"name":"wp","href":"https:\/\/api.w.org\/{rel}","templated":true}]}}