{"id":22148,"date":"2025-01-14T07:52:22","date_gmt":"2025-01-14T07:52:22","guid":{"rendered":"https:\/\/tajkertesz.com\/?post_type=product&#038;p=22148"},"modified":"2026-02-12T14:29:09","modified_gmt":"2026-02-12T14:29:09","slug":"talaj-es-folyadekhomero-30-cm","status":"publish","type":"product","link":"https:\/\/tajkertesz.com\/en_US\/product\/talaj-es-folyadekhomero-30-cm\/","title":{"rendered":"TALAJ \u00e9s FOLYAD\u00c9KH\u0150M\u00c9R\u0150 30 CM"},"content":{"rendered":"<h1 class=\"title\">TALAJ \u00e9s FOLYAD\u00c9KH\u0150M\u00c9R\u0150 30 CM<\/h1>\n<p>TALAJ \u00e9s FOLYAD\u00c9KH\u0150M\u00c9R\u0150 30 CM<\/p>\n<p>Val\u00f3s f\u00e9nyk\u00e9p a term\u00e9kk\u00e9pekn\u00e9l!<\/p>\n<h5><i>R\u00f6vid ismertet\u00e9se:<\/i><\/h5>\n<p style=\"font-weight: 400;\">Talaj- \u00e9s folyad\u00e9k h\u0151m\u00e9r\u0151\u00a0\u00a0\u00a0\u00a0\u00a0 -15\/+65 \u00b0C<\/p>\n<p style=\"font-weight: 400;\">-15 \u00e9s + 65 \u00b0C k\u00f6z\u00f6tt m\u00e9r\u0151 talaj- \u00e9s folyad\u00e9kh\u0151m\u00e9r\u0151, petr\u00f3leum t\u00f6lt\u00e9ssel. Az oszt\u00e1sk\u00f6z t\u00e1vols\u00e1g 0,5 \u00b0C, a h\u0151m\u00e9r\u0151 teljes hossza 30 cm.<\/p>\n<p class=\"title\">TALAJH\u0150M\u00c9R\u0150 30 CM, Talaj \u00e9s folyad\u00e9k h\u0151m\u00e9rs\u00e9klet\u00e9t m\u00e9r\u0151eszk\u00f6z<span style=\"font-size: 16px;\"> A h\u0151m\u00e9r\u0151 haszn\u00e1lhat\u00f3 talaj sz\u00far\u00e1ssal, mely sor\u00e1n a sk\u00e1l\u00e1zott m\u00e9r\u0151 eszk\u00f6z felsz\u00edn alatti talaj h\u0151m\u00e9rs\u00e9klet\u00e9t tudja meg\u00e1llap\u00edtani.\u00a0<\/span><\/p>\n<p>Ez a talajh\u0151m\u00e9r\u0151 a talaj h\u0151m\u00e9rs\u00e9klet\u00e9t mutatja meg a biztons\u00e1gos vet\u00e9s \u00e9s \u00fcltet\u00e9s \u00e9rdek\u00e9ben. K\u00f6nnyen leolvashat\u00f3, ellen\u00e1ll az id\u0151j\u00e1r\u00e1s viszontags\u00e1gainak is. A h\u0151m\u00e9rs\u00e9kletet Celsius m\u00e9rt\u00e9kegys\u00e9gben adja meg.<\/p>\n<div>\n<h4>Talaj h\u0151m\u00e9r\u0151 adatok:<\/h4>\n<\/div>\n<ul>\n<li>M\u00e9ret: 30 cm<\/li>\n<li>Sk\u00e1l\u00e1z\u00e1sa: -5\u00b0C \u00e9s +65\u00b0C<\/li>\n<li>Sz\u00edn: \u00e1tl\u00e1tsz\u00f3<\/li>\n<li>Anyaga: \u00fcveg<\/li>\n<li style=\"font-weight: 400;\"><b><em>Cikksz\u00e1m<\/em><\/b>: 5999540130191-1<\/li>\n<li style=\"font-weight: 400;\"><b><em>Kiszerel\u00e9s<\/em><\/b>: 1db<\/li>\n<li style=\"font-weight: 400;\"><b><em>Gy\u0171jt\u0151 csomagol\u00e1s<\/em><\/b>: nem<\/li>\n<li style=\"font-weight: 400;\"><b><em>Eltarthat\u00f3s\u00e1g<\/em><\/b>: korl\u00e1tlan<\/li>\n<li style=\"font-weight: 400;\"><b><em>Sz\u00e1rmaz\u00e1si hely<\/em><\/b>: Magyarorsz\u00e1g-Tatab\u00e1nya<\/li>\n<\/ul>\n<div id=\"bodyContent\" class=\"mw-body-content\">\n<div id=\"mw-content-text\" class=\"mw-content-ltr\" dir=\"ltr\" lang=\"hu\">\n<div id=\"bodyContent\" class=\"mw-body-content\">\n<div id=\"mw-content-text\" class=\"mw-content-ltr\" dir=\"ltr\" lang=\"hu\"><\/div>\n<\/div>\n<\/div>\n<\/div>\n<p style=\"line-height: 18.0pt; background: white; margin: 0cm 0cm 15.0pt 0cm;\"><b><span style=\"font-family: 'Ubuntu',sans-serif; color: black;\">K\u00e9szlet\u00fcnk napi szinten v\u00e1ltozik, ez\u00e9rt k\u00e9rj\u00fck, \u00e9rdekl\u0151dj\u00f6n szem\u00e9lyesen, telefonon vagy email-en.<br \/>\nA v\u00e1ltoztat\u00e1s jog\u00e1t fenntartjuk!\u00a0<\/span><\/b><\/p>\n<p><a href=\"https:\/\/tajkertesz.com\/\">https:\/\/tajkertesz.com\/<\/a><\/p>\n<p><a href=\"https:\/\/www.facebook.com\/tajkertesz\/\">https:\/\/www.facebook.com\/tajkertesz\/<\/a><\/p>\n<p>Kisz\u00e1ll\u00edt\u00e1s: 200cm-ig \u00e9s 40 kg-ig a sz\u00e1ll\u00edt\u00e1s fut\u00e1rszolg\u00e1lattal t\u00f6rt\u00e9nik.<\/p>\n<p>Szem\u00e9lyes \u00e1tv\u00e9tel nyitvatart\u00e1si id\u0151ben a 17. ker\u00fclet Bakancsos utca 7. sz\u00e1m alatti Kert\u00e9szeti \u00e1rud\u00e1nkban.<\/p>\n<p>Kert\u00e9p\u00edt\u0151k \u00e9s viszontelad\u00f3k regisztr\u00e1l\u00e1s ut\u00e1n egyedi kedvezm\u00e9nnyel v\u00e1s\u00e1rolhatnak kert\u00e9szeti kis-\u00e9s nagykeresked\u00e9s\u00fcnkben.<\/p>\n<p>A logisztikai c\u00e9ggel t\u00f6rt\u00e9n\u0151 sz\u00e1ll\u00edt\u00e1s eset\u00e9n a partnereink\u00a0esetleges a\u00a0cs\u00fasz\u00e1sai\u00e9rt nem v\u00e1llalunk felel\u0151ss\u00e9get!<\/p>\n<p><strong>Az \u00e1rak egy darab term\u00e9kre vonatkoznak.<\/strong><\/p>\n<p><strong>J\u00f3 tudni!<\/strong><\/p>\n<p>K\u00e9pek-elt\u00e9r\u00e9sek:<\/p>\n<p>A n\u00f6v\u00e9nyekr\u0151l felt\u00f6lt\u00f6tt k\u00e9pek illusztr\u00e1ci\u00f3k. N\u00f6v\u00e9nyekn\u00e9l el\u0151fordulhatnak minim\u00e1lis elt\u00e9r\u00e9sek a k\u00e9peken szerepl\u0151 n\u00f6v\u00e9nyek \u00e9s az \u00e1tvett n\u00f6v\u00e9nyek k\u00f6z\u00f6tt, mivel minden n\u00f6v\u00e9ny egyedi.<\/p>","protected":false},"excerpt":{"rendered":"<p class=\"title\">-15 \u00e9s + 65 \u00b0C k\u00f6z\u00f6tt m\u00e9r\u0151 talaj- \u00e9s folyad\u00e9kh\u0151m\u00e9r\u0151, petr\u00f3leum t\u00f6lt\u00e9ssel. Az oszt\u00e1sk\u00f6z t\u00e1vols\u00e1g 0,5 \u00b0C, a h\u0151m\u00e9r\u0151 teljes hossza 30 cm.<\/p>\n<p>Val\u00f3s f\u00e9nyk\u00e9p a term\u00e9kk\u00e9pekn\u00e9l!<\/p>\n<p>Biztons\u00e1gos web\u00e1ruh\u00e1z<\/p>\n<p>&nbsp;<\/p>","protected":false},"featured_media":22151,"template":"","meta":{"_et_pb_use_builder":"","_et_pb_old_content":"","_et_gb_content_width":""},"product_brand":[],"product_cat":[1539],"product_tag":[2268],"class_list":{"0":"post-22148","1":"product","2":"type-product","3":"status-publish","4":"has-post-thumbnail","6":"product_cat-kellekek","7":"product_tag-talajhomero-32-cm","9":"first","10":"instock","11":"shipping-taxable","12":"purchasable","13":"product-type-simple"},"yoast_head":"<!-- This site is optimized with the Yoast SEO plugin v27.5 - https:\/\/yoast.com\/product\/yoast-seo-wordpress\/ -->\n<title>TALAJ \u00e9s FOLYAD\u00c9KH\u0150M\u00c9R\u0150 30 CM - T\u00e1jkert\u00e9sz<\/title>\n<meta name=\"description\" content=\"TALAJ \u00e9s FOLYAD\u00c9KH\u0150M\u00c9R\u0150 30 CM. -15 \u00e9s + 65 \u00b0C k\u00f6z\u00f6tt m\u00e9r\u0151 talaj- \u00e9s folyad\u00e9kh\u0151m\u00e9r\u0151, petr\u00f3leum t\u00f6lt\u00e9ssel. Az oszt\u00e1sk\u00f6z t\u00e1vols\u00e1g 0,5 \u00b0C, a h\u0151m\u00e9r\u0151...\" \/>\n<meta name=\"robots\" content=\"index, follow, max-snippet:-1, max-image-preview:large, max-video-preview:-1\" \/>\n<link rel=\"canonical\" href=\"https:\/\/tajkertesz.com\/en_US\/product\/talaj-es-folyadekhomero-30-cm\/\" \/>\n<meta property=\"og:locale\" content=\"en_US\" \/>\n<meta property=\"og:type\" content=\"article\" \/>\n<meta property=\"og:title\" content=\"TALAJ \u00e9s FOLYAD\u00c9KH\u0150M\u00c9R\u0150 30 CM - T\u00e1jkert\u00e9sz\" \/>\n<meta property=\"og:description\" content=\"TALAJ \u00e9s FOLYAD\u00c9KH\u0150M\u00c9R\u0150 30 CM. -15 \u00e9s + 65 \u00b0C k\u00f6z\u00f6tt m\u00e9r\u0151 talaj- \u00e9s folyad\u00e9kh\u0151m\u00e9r\u0151, petr\u00f3leum t\u00f6lt\u00e9ssel. Az oszt\u00e1sk\u00f6z t\u00e1vols\u00e1g 0,5 \u00b0C, a h\u0151m\u00e9r\u0151...\" \/>\n<meta property=\"og:url\" content=\"https:\/\/tajkertesz.com\/en_US\/product\/talaj-es-folyadekhomero-30-cm\/\" \/>\n<meta property=\"og:site_name\" content=\"T\u00e1jkert\u00e9sz\" \/>\n<meta property=\"article:publisher\" content=\"https:\/\/www.facebook.com\/Tajkertesz\/\" \/>\n<meta property=\"article:modified_time\" content=\"2026-02-12T14:29:09+00:00\" \/>\n<meta property=\"og:image\" content=\"https:\/\/tajkertesz.com\/wp-content\/uploads\/2025\/01\/tala2001.jpg\" \/>\n\t<meta property=\"og:image:width\" content=\"940\" \/>\n\t<meta property=\"og:image:height\" content=\"788\" \/>\n\t<meta property=\"og:image:type\" content=\"image\/jpeg\" \/>\n<meta name=\"twitter:card\" content=\"summary_large_image\" \/>\n<meta name=\"twitter:label1\" content=\"Est. reading time\" \/>\n\t<meta name=\"twitter:data1\" content=\"2 minutes\" \/>\n<script type=\"application\/ld+json\" class=\"yoast-schema-graph\">{\"@context\":\"https:\\\/\\\/schema.org\",\"@graph\":[{\"@type\":\"WebPage\",\"@id\":\"https:\\\/\\\/tajkertesz.com\\\/termek\\\/talaj-es-folyadekhomero-30-cm\\\/\",\"url\":\"https:\\\/\\\/tajkertesz.com\\\/termek\\\/talaj-es-folyadekhomero-30-cm\\\/\",\"name\":\"TALAJ \u00e9s FOLYAD\u00c9KH\u0150M\u00c9R\u0150 30 CM - T\u00e1jkert\u00e9sz\",\"isPartOf\":{\"@id\":\"https:\\\/\\\/tajkertesz.com\\\/#website\"},\"primaryImageOfPage\":{\"@id\":\"https:\\\/\\\/tajkertesz.com\\\/termek\\\/talaj-es-folyadekhomero-30-cm\\\/#primaryimage\"},\"image\":{\"@id\":\"https:\\\/\\\/tajkertesz.com\\\/termek\\\/talaj-es-folyadekhomero-30-cm\\\/#primaryimage\"},\"thumbnailUrl\":\"https:\\\/\\\/tajkertesz.com\\\/wp-content\\\/uploads\\\/2025\\\/01\\\/tala2001.jpg\",\"datePublished\":\"2025-01-14T07:52:22+00:00\",\"dateModified\":\"2026-02-12T14:29:09+00:00\",\"description\":\"TALAJ \u00e9s FOLYAD\u00c9KH\u0150M\u00c9R\u0150 30 CM. -15 \u00e9s + 65 \u00b0C k\u00f6z\u00f6tt m\u00e9r\u0151 talaj- \u00e9s folyad\u00e9kh\u0151m\u00e9r\u0151, petr\u00f3leum t\u00f6lt\u00e9ssel. Az oszt\u00e1sk\u00f6z t\u00e1vols\u00e1g 0,5 \u00b0C, a h\u0151m\u00e9r\u0151...\",\"breadcrumb\":{\"@id\":\"https:\\\/\\\/tajkertesz.com\\\/termek\\\/talaj-es-folyadekhomero-30-cm\\\/#breadcrumb\"},\"inLanguage\":\"en-US\",\"potentialAction\":[{\"@type\":\"ReadAction\",\"target\":[\"https:\\\/\\\/tajkertesz.com\\\/termek\\\/talaj-es-folyadekhomero-30-cm\\\/\"]}]},{\"@type\":\"ImageObject\",\"inLanguage\":\"en-US\",\"@id\":\"https:\\\/\\\/tajkertesz.com\\\/termek\\\/talaj-es-folyadekhomero-30-cm\\\/#primaryimage\",\"url\":\"https:\\\/\\\/tajkertesz.com\\\/wp-content\\\/uploads\\\/2025\\\/01\\\/tala2001.jpg\",\"contentUrl\":\"https:\\\/\\\/tajkertesz.com\\\/wp-content\\\/uploads\\\/2025\\\/01\\\/tala2001.jpg\",\"width\":940,\"height\":788,\"caption\":\"TALAJ \u00e9s FOLYAD\u00c9KH\u0150M\u00c9R\u0150 30 CM\"},{\"@type\":\"BreadcrumbList\",\"@id\":\"https:\\\/\\\/tajkertesz.com\\\/termek\\\/talaj-es-folyadekhomero-30-cm\\\/#breadcrumb\",\"itemListElement\":[{\"@type\":\"ListItem\",\"position\":1,\"name\":\"Home\",\"item\":\"https:\\\/\\\/tajkertesz.com\\\/\"},{\"@type\":\"ListItem\",\"position\":2,\"name\":\"Kezd\u0151lap\",\"item\":\"https:\\\/\\\/tajkertesz.com\\\/\"},{\"@type\":\"ListItem\",\"position\":3,\"name\":\"TALAJ \u00e9s FOLYAD\u00c9KH\u0150M\u00c9R\u0150 30 CM\"}]},{\"@type\":\"WebSite\",\"@id\":\"https:\\\/\\\/tajkertesz.com\\\/#website\",\"url\":\"https:\\\/\\\/tajkertesz.com\\\/\",\"name\":\"T\u00e1j-Kert\u00e9sz 84 Kft.\",\"description\":\"Kert\u00e9szeti kis- \u00e9s nagykeresked\u00e9s, D\u00edszn\u00f6v\u00e9ny web\u00e1ruh\u00e1z orsz\u00e1gos h\u00e1zhozsz\u00e1ll\u00edt\u00e1ssal!\",\"publisher\":{\"@id\":\"https:\\\/\\\/tajkertesz.com\\\/#organization\"},\"potentialAction\":[{\"@type\":\"SearchAction\",\"target\":{\"@type\":\"EntryPoint\",\"urlTemplate\":\"https:\\\/\\\/tajkertesz.com\\\/?s={search_term_string}\"},\"query-input\":{\"@type\":\"PropertyValueSpecification\",\"valueRequired\":true,\"valueName\":\"search_term_string\"}}],\"inLanguage\":\"en-US\"},{\"@type\":\"Organization\",\"@id\":\"https:\\\/\\\/tajkertesz.com\\\/#organization\",\"name\":\"T\u00e1j-Kert\u00e9sz 84 Kft.\",\"url\":\"https:\\\/\\\/tajkertesz.com\\\/\",\"logo\":{\"@type\":\"ImageObject\",\"inLanguage\":\"en-US\",\"@id\":\"https:\\\/\\\/tajkertesz.com\\\/#\\\/schema\\\/logo\\\/image\\\/\",\"url\":\"https:\\\/\\\/tajkertesz.com\\\/wp-content\\\/uploads\\\/2018\\\/02\\\/logo-2-e1518678052539.png\",\"contentUrl\":\"https:\\\/\\\/tajkertesz.com\\\/wp-content\\\/uploads\\\/2018\\\/02\\\/logo-2-e1518678052539.png\",\"width\":81,\"height\":140,\"caption\":\"T\u00e1j-Kert\u00e9sz 84 Kft.\"},\"image\":{\"@id\":\"https:\\\/\\\/tajkertesz.com\\\/#\\\/schema\\\/logo\\\/image\\\/\"},\"sameAs\":[\"https:\\\/\\\/www.facebook.com\\\/Tajkertesz\\\/\"]}]}<\/script>\n<!-- \/ Yoast SEO plugin. -->","yoast_head_json":{"title":"TALAJ \u00e9s FOLYAD\u00c9KH\u0150M\u00c9R\u0150 30 CM - T\u00e1jkert\u00e9sz","description":"TALAJ \u00e9s FOLYAD\u00c9KH\u0150M\u00c9R\u0150 30 CM. -15 \u00e9s + 65 \u00b0C k\u00f6z\u00f6tt m\u00e9r\u0151 talaj- \u00e9s folyad\u00e9kh\u0151m\u00e9r\u0151, petr\u00f3leum t\u00f6lt\u00e9ssel. Az oszt\u00e1sk\u00f6z t\u00e1vols\u00e1g 0,5 \u00b0C, a h\u0151m\u00e9r\u0151...","robots":{"index":"index","follow":"follow","max-snippet":"max-snippet:-1","max-image-preview":"max-image-preview:large","max-video-preview":"max-video-preview:-1"},"canonical":"https:\/\/tajkertesz.com\/en_US\/product\/talaj-es-folyadekhomero-30-cm\/","og_locale":"en_US","og_type":"article","og_title":"TALAJ \u00e9s FOLYAD\u00c9KH\u0150M\u00c9R\u0150 30 CM - T\u00e1jkert\u00e9sz","og_description":"TALAJ \u00e9s FOLYAD\u00c9KH\u0150M\u00c9R\u0150 30 CM. -15 \u00e9s + 65 \u00b0C k\u00f6z\u00f6tt m\u00e9r\u0151 talaj- \u00e9s folyad\u00e9kh\u0151m\u00e9r\u0151, petr\u00f3leum t\u00f6lt\u00e9ssel. Az oszt\u00e1sk\u00f6z t\u00e1vols\u00e1g 0,5 \u00b0C, a h\u0151m\u00e9r\u0151...","og_url":"https:\/\/tajkertesz.com\/en_US\/product\/talaj-es-folyadekhomero-30-cm\/","og_site_name":"T\u00e1jkert\u00e9sz","article_publisher":"https:\/\/www.facebook.com\/Tajkertesz\/","article_modified_time":"2026-02-12T14:29:09+00:00","og_image":[{"width":940,"height":788,"url":"https:\/\/tajkertesz.com\/wp-content\/uploads\/2025\/01\/tala2001.jpg","type":"image\/jpeg"}],"twitter_card":"summary_large_image","twitter_misc":{"Est. reading time":"2 minutes"},"schema":{"@context":"https:\/\/schema.org","@graph":[{"@type":"WebPage","@id":"https:\/\/tajkertesz.com\/termek\/talaj-es-folyadekhomero-30-cm\/","url":"https:\/\/tajkertesz.com\/termek\/talaj-es-folyadekhomero-30-cm\/","name":"TALAJ \u00e9s FOLYAD\u00c9KH\u0150M\u00c9R\u0150 30 CM - T\u00e1jkert\u00e9sz","isPartOf":{"@id":"https:\/\/tajkertesz.com\/#website"},"primaryImageOfPage":{"@id":"https:\/\/tajkertesz.com\/termek\/talaj-es-folyadekhomero-30-cm\/#primaryimage"},"image":{"@id":"https:\/\/tajkertesz.com\/termek\/talaj-es-folyadekhomero-30-cm\/#primaryimage"},"thumbnailUrl":"https:\/\/tajkertesz.com\/wp-content\/uploads\/2025\/01\/tala2001.jpg","datePublished":"2025-01-14T07:52:22+00:00","dateModified":"2026-02-12T14:29:09+00:00","description":"TALAJ \u00e9s FOLYAD\u00c9KH\u0150M\u00c9R\u0150 30 CM. -15 \u00e9s + 65 \u00b0C k\u00f6z\u00f6tt m\u00e9r\u0151 talaj- \u00e9s folyad\u00e9kh\u0151m\u00e9r\u0151, petr\u00f3leum t\u00f6lt\u00e9ssel. Az oszt\u00e1sk\u00f6z t\u00e1vols\u00e1g 0,5 \u00b0C, a h\u0151m\u00e9r\u0151...","breadcrumb":{"@id":"https:\/\/tajkertesz.com\/termek\/talaj-es-folyadekhomero-30-cm\/#breadcrumb"},"inLanguage":"en-US","potentialAction":[{"@type":"ReadAction","target":["https:\/\/tajkertesz.com\/termek\/talaj-es-folyadekhomero-30-cm\/"]}]},{"@type":"ImageObject","inLanguage":"en-US","@id":"https:\/\/tajkertesz.com\/termek\/talaj-es-folyadekhomero-30-cm\/#primaryimage","url":"https:\/\/tajkertesz.com\/wp-content\/uploads\/2025\/01\/tala2001.jpg","contentUrl":"https:\/\/tajkertesz.com\/wp-content\/uploads\/2025\/01\/tala2001.jpg","width":940,"height":788,"caption":"TALAJ \u00e9s FOLYAD\u00c9KH\u0150M\u00c9R\u0150 30 CM"},{"@type":"BreadcrumbList","@id":"https:\/\/tajkertesz.com\/termek\/talaj-es-folyadekhomero-30-cm\/#breadcrumb","itemListElement":[{"@type":"ListItem","position":1,"name":"Home","item":"https:\/\/tajkertesz.com\/"},{"@type":"ListItem","position":2,"name":"Kezd\u0151lap","item":"https:\/\/tajkertesz.com\/"},{"@type":"ListItem","position":3,"name":"TALAJ \u00e9s FOLYAD\u00c9KH\u0150M\u00c9R\u0150 30 CM"}]},{"@type":"WebSite","@id":"https:\/\/tajkertesz.com\/#website","url":"https:\/\/tajkertesz.com\/","name":"T\u00e1j-Kert\u00e9sz 84 Kft.","description":"Kert\u00e9szeti kis- \u00e9s nagykeresked\u00e9s, D\u00edszn\u00f6v\u00e9ny web\u00e1ruh\u00e1z orsz\u00e1gos h\u00e1zhozsz\u00e1ll\u00edt\u00e1ssal!","publisher":{"@id":"https:\/\/tajkertesz.com\/#organization"},"potentialAction":[{"@type":"SearchAction","target":{"@type":"EntryPoint","urlTemplate":"https:\/\/tajkertesz.com\/?s={search_term_string}"},"query-input":{"@type":"PropertyValueSpecification","valueRequired":true,"valueName":"search_term_string"}}],"inLanguage":"en-US"},{"@type":"Organization","@id":"https:\/\/tajkertesz.com\/#organization","name":"T\u00e1j-Kert\u00e9sz 84 Kft.","url":"https:\/\/tajkertesz.com\/","logo":{"@type":"ImageObject","inLanguage":"en-US","@id":"https:\/\/tajkertesz.com\/#\/schema\/logo\/image\/","url":"https:\/\/tajkertesz.com\/wp-content\/uploads\/2018\/02\/logo-2-e1518678052539.png","contentUrl":"https:\/\/tajkertesz.com\/wp-content\/uploads\/2018\/02\/logo-2-e1518678052539.png","width":81,"height":140,"caption":"T\u00e1j-Kert\u00e9sz 84 Kft."},"image":{"@id":"https:\/\/tajkertesz.com\/#\/schema\/logo\/image\/"},"sameAs":["https:\/\/www.facebook.com\/Tajkertesz\/"]}]}},"_links":{"self":[{"href":"https:\/\/tajkertesz.com\/en_US\/wp-json\/wp\/v2\/product\/22148","targetHints":{"allow":["GET"]}}],"collection":[{"href":"https:\/\/tajkertesz.com\/en_US\/wp-json\/wp\/v2\/product"}],"about":[{"href":"https:\/\/tajkertesz.com\/en_US\/wp-json\/wp\/v2\/types\/product"}],"wp:featuredmedia":[{"embeddable":true,"href":"https:\/\/tajkertesz.com\/en_US\/wp-json\/wp\/v2\/media\/22151"}],"wp:attachment":[{"href":"https:\/\/tajkertesz.com\/en_US\/wp-json\/wp\/v2\/media?parent=22148"}],"wp:term":[{"taxonomy":"product_brand","embeddable":true,"href":"https:\/\/tajkertesz.com\/en_US\/wp-json\/wp\/v2\/product_brand?post=22148"},{"taxonomy":"product_cat","embeddable":true,"href":"https:\/\/tajkertesz.com\/en_US\/wp-json\/wp\/v2\/product_cat?post=22148"},{"taxonomy":"product_tag","embeddable":true,"href":"https:\/\/tajkertesz.com\/en_US\/wp-json\/wp\/v2\/product_tag?post=22148"}],"curies":[{"name":"wp","href":"https:\/\/api.w.org\/{rel}","templated":true}]}}