{"id":22158,"date":"2025-01-14T08:34:57","date_gmt":"2025-01-14T08:34:57","guid":{"rendered":"https:\/\/tajkertesz.com\/?post_type=product&#038;p=22158"},"modified":"2026-02-12T14:25:03","modified_gmt":"2026-02-12T14:25:03","slug":"fekete-raklap-ala-helyezheto-egereteto-dobozkulcs","status":"publish","type":"product","link":"https:\/\/tajkertesz.com\/en_US\/product\/fekete-raklap-ala-helyezheto-egereteto-dobozkulcs\/","title":{"rendered":"Fekete raklap al\u00e1 helyezhet\u0151 eg\u00e9retet\u0151 doboz+kulcs"},"content":{"rendered":"<div class=\"artdet__name-rating d-none d-lg-block\">\n<div class=\"row gutters-5\">\n<div class=\"col\">\n<div class=\"artdet__name-pagination-wrap d-flex\">\n<div class=\"top product-page-top\">\n<div class=\"center product-page-center\">\n<div class=\"artdet__name-pagination-wrap d-flex\">\n<div class=\"summary entry-summary\">\n<div class=\"elementor-column elementor-col-50 elementor-inner-column elementor-element elementor-element-072daa9\" data-id=\"072daa9\" data-element_type=\"column\">\n<div class=\"elementor-widget-wrap elementor-element-populated\">\n<div class=\"elementor-element elementor-element-54ae97b elementor-widget__width-auto elementor-widget elementor-widget-jet-single-title\" data-id=\"54ae97b\" data-element_type=\"widget\" data-widget_type=\"jet-single-title.default\">\n<div class=\"elementor-widget-container\">\n<div class=\"elementor-jet-single-title jet-woo-builder\">\n<div class=\"top product-page-top\">\n<div class=\"center product-page-center\">\n<h1 class=\"product_title entry-title\">Fekete raklap al\u00e1 helyezhet\u0151 eg\u00e9retet\u0151 doboz+kulcs<\/h1>\n<p class=\"product_title entry-title\">Fekete raklap al\u00e1 helyezhet\u0151 eg\u00e9retet\u0151 doboz+kulcs<\/p>\n<p>Gazdas\u00e1gosan \u00e9s biztons\u00e1gosan haszn\u00e1lhat\u00f3 m\u0171anyag monitoring eszk\u00f6z. A term\u00e9khez mell\u00e9kelt saj\u00e1t kulccsal biztons\u00e1gosan z\u00e1rhat\u00f3, ez\u00e1ltal megel\u0151zhet\u0151, hogy az irt\u00f3szerhez illet\u00e9ktelenek hozz\u00e1f\u00e9rjenek. Kialak\u00edt\u00e1s\u00e1nak megfelel\u0151en olyan m\u00f3don helyezhet\u0151 ak\u00e1r a raklapok al\u00e1, hogy megtartja a kett\u0151s bej\u00e1rat\u00e1t. Ha valamilyen baleset folyt\u00e1n elt\u00f6rt a term\u00e9k teteje, nem kell az eg\u00e9szet \u00fajra v\u00e1s\u00e1rolni, el\u00e9g ha csak azt cser\u00e9li. Amennyiben \u00d6n professzion\u00e1lis felhaszn\u00e1l\u00f3\/viszontelad\u00f3, regisztr\u00e1ci\u00f3 \u00e9s bejelentkez\u00e9s ut\u00e1n kedvez\u0151bb \u00e1ron kapja meg a term\u00e9ket. M\u00e9reg n\u00e9lk\u00fcl ker\u00fcl kisz\u00e1ll\u00edt\u00e1sra.<\/p>\n<p>M\u00e9rete: 29,4 \u00d7 21,6 \u00d7 9,6 cm. K\u00fcl- \u00e9s belt\u00e9ren egyar\u00e1nt haszn\u00e1lhat\u00f3, nagy teherb\u00edr\u00e1s\u00fa, id\u0151j\u00e1r\u00e1s\u00e1ll\u00f3. Fekete tet\u0151vel kaphat\u00f3, kulccsal z\u00e1rhat\u00f3, biztons\u00e1gos. Kivehet\u0151 etet\u0151t\u00e1lk\u00e1val \u00e9s f\u00e9m paraffinos kockatart\u00f3val sz\u00e1ll\u00edtjuk, m\u00e9reg vagy ragacslap behelyez\u00e9s\u00e9vel is alkalmazhat\u00f3. M\u00e9rete lehet\u0151v\u00e9 teszi, hogy EUR raklap al\u00e1 helyezhet\u0151.<\/p>\n<p style=\"line-height: 18.0pt; background: white; margin: 0cm 0cm 15.0pt 0cm;\"><b><span style=\"font-family: 'Ubuntu',sans-serif; color: black;\">K\u00e9szlet\u00fcnk napi szinten v\u00e1ltozik, ez\u00e9rt k\u00e9rj\u00fck, \u00e9rdekl\u0151dj\u00f6n szem\u00e9lyesen, telefonon vagy email-en.<br \/>\nA v\u00e1ltoztat\u00e1s jog\u00e1t fenntartjuk!\u00a0<\/span><\/b><\/p>\n<p><a href=\"https:\/\/tajkertesz.com\/\">https:\/\/tajkertesz.com\/<\/a><\/p>\n<p><a href=\"https:\/\/www.facebook.com\/tajkertesz\/\">https:\/\/www.facebook.com\/tajkertesz\/<\/a><\/p>\n<p>Kisz\u00e1ll\u00edt\u00e1s: 200cm-ig \u00e9s 40 kg-ig a sz\u00e1ll\u00edt\u00e1s fut\u00e1rszolg\u00e1lattal t\u00f6rt\u00e9nik.<\/p>\n<p>Szem\u00e9lyes \u00e1tv\u00e9tel nyitvatart\u00e1si id\u0151ben a 17. ker\u00fclet Bakancsos utca 7. sz\u00e1m alatti Kert\u00e9szeti \u00e1rud\u00e1nkban.<\/p>\n<p>Kert\u00e9p\u00edt\u0151k \u00e9s viszontelad\u00f3k regisztr\u00e1l\u00e1s ut\u00e1n egyedi kedvezm\u00e9nnyel v\u00e1s\u00e1rolhatnak kert\u00e9szeti kis-\u00e9s nagykeresked\u00e9s\u00fcnkben.<\/p>\n<div class=\"product-title-addittional\">\n<p>A logisztikai c\u00e9ggel t\u00f6rt\u00e9n\u0151 sz\u00e1ll\u00edt\u00e1s eset\u00e9n a partnereink\u00a0esetleges a\u00a0cs\u00fasz\u00e1sai\u00e9rt nem v\u00e1llalunk felel\u0151ss\u00e9get!<\/p>\n<p><strong>Az \u00e1rak egy darab term\u00e9kre vonatkoznak.<\/strong><\/p>\n<p><strong>J\u00f3 tudni!<\/strong><\/p>\n<p>K\u00e9pek-elt\u00e9r\u00e9sek:<\/p>\n<p>A n\u00f6v\u00e9nyekr\u0151l felt\u00f6lt\u00f6tt k\u00e9pek illusztr\u00e1ci\u00f3k. N\u00f6v\u00e9nyekn\u00e9l el\u0151fordulhatnak minim\u00e1lis elt\u00e9r\u00e9sek a k\u00e9peken szerepl\u0151 n\u00f6v\u00e9nyek \u00e9s az \u00e1tvett n\u00f6v\u00e9nyek k\u00f6z\u00f6tt, mivel minden n\u00f6v\u00e9ny egyedi.<\/p>\n<\/div>\n<\/div>\n<\/div>\n<\/div>\n<\/div>\n<\/div>\n<\/div>\n<\/div>\n<\/div>\n<\/div>\n<\/div>\n<\/div>\n<\/div>\n<\/div>\n<\/div>\n<\/div>","protected":false},"excerpt":{"rendered":"<p>Fekete raklap al\u00e1 helyezhet\u0151 eg\u00e9retet\u0151 doboz+kulcs. Gazdas\u00e1gosan \u00e9s biztons\u00e1gosan haszn\u00e1lhat\u00f3 m\u0171anyag monitoring eszk\u00f6z. Helyezze bele az eg\u00e9rm\u00e9rget majd z\u00e1rja azt vissza<\/p>","protected":false},"featured_media":22161,"template":"","meta":{"_et_pb_use_builder":"","_et_pb_old_content":"","_et_gb_content_width":""},"product_brand":[],"product_cat":[4091],"product_tag":[5603,5602,4559,4455,5604],"class_list":{"0":"post-22158","1":"product","2":"type-product","3":"status-publish","4":"has-post-thumbnail","6":"product_cat-egyeb-csapdak-riasztok","7":"product_tag-box","8":"product_tag-doboz","9":"product_tag-eger","10":"product_tag-eteto","11":"product_tag-patkany","13":"first","14":"instock","15":"shipping-taxable","16":"purchasable","17":"product-type-simple"},"yoast_head":"<!-- This site is optimized with the Yoast SEO plugin v27.5 - https:\/\/yoast.com\/product\/yoast-seo-wordpress\/ -->\n<title>Fekete raklap al\u00e1 helyezhet\u0151 eg\u00e9retet\u0151 doboz+kulcs - T\u00e1jkert\u00e9sz<\/title>\n<meta name=\"description\" content=\"Fekete raklap al\u00e1 helyezhet\u0151 eg\u00e9retet\u0151 doboz+kulcs. Gazdas\u00e1gosan \u00e9s biztons\u00e1gosan haszn\u00e1lhat\u00f3 m\u0171anyag monitoring eszk\u00f6z. Helyezze bele a patk\u00e1nym\u00e9rget\" \/>\n<meta name=\"robots\" content=\"index, follow, max-snippet:-1, max-image-preview:large, max-video-preview:-1\" \/>\n<link rel=\"canonical\" href=\"https:\/\/tajkertesz.com\/en_US\/product\/fekete-raklap-ala-helyezheto-egereteto-dobozkulcs\/\" \/>\n<meta property=\"og:locale\" content=\"en_US\" \/>\n<meta property=\"og:type\" content=\"article\" \/>\n<meta property=\"og:title\" content=\"Fekete raklap al\u00e1 helyezhet\u0151 eg\u00e9retet\u0151 doboz+kulcs - T\u00e1jkert\u00e9sz\" \/>\n<meta property=\"og:description\" content=\"Fekete raklap al\u00e1 helyezhet\u0151 eg\u00e9retet\u0151 doboz+kulcs. Gazdas\u00e1gosan \u00e9s biztons\u00e1gosan haszn\u00e1lhat\u00f3 m\u0171anyag monitoring eszk\u00f6z. Helyezze bele a patk\u00e1nym\u00e9rget\" \/>\n<meta property=\"og:url\" content=\"https:\/\/tajkertesz.com\/en_US\/product\/fekete-raklap-ala-helyezheto-egereteto-dobozkulcs\/\" \/>\n<meta property=\"og:site_name\" content=\"T\u00e1jkert\u00e9sz\" \/>\n<meta property=\"article:publisher\" content=\"https:\/\/www.facebook.com\/Tajkertesz\/\" \/>\n<meta property=\"article:modified_time\" content=\"2026-02-12T14:25:03+00:00\" \/>\n<meta property=\"og:image\" content=\"https:\/\/tajkertesz.com\/wp-content\/uploads\/2025\/01\/irtp4201.jpg\" \/>\n\t<meta property=\"og:image:width\" content=\"940\" \/>\n\t<meta property=\"og:image:height\" content=\"788\" \/>\n\t<meta property=\"og:image:type\" content=\"image\/jpeg\" \/>\n<meta name=\"twitter:card\" content=\"summary_large_image\" \/>\n<meta name=\"twitter:label1\" content=\"Est. reading time\" \/>\n\t<meta name=\"twitter:data1\" content=\"2 minutes\" \/>\n<script type=\"application\/ld+json\" class=\"yoast-schema-graph\">{\"@context\":\"https:\\\/\\\/schema.org\",\"@graph\":[{\"@type\":\"WebPage\",\"@id\":\"https:\\\/\\\/tajkertesz.com\\\/termek\\\/fekete-raklap-ala-helyezheto-egereteto-dobozkulcs\\\/\",\"url\":\"https:\\\/\\\/tajkertesz.com\\\/termek\\\/fekete-raklap-ala-helyezheto-egereteto-dobozkulcs\\\/\",\"name\":\"Fekete raklap al\u00e1 helyezhet\u0151 eg\u00e9retet\u0151 doboz+kulcs - T\u00e1jkert\u00e9sz\",\"isPartOf\":{\"@id\":\"https:\\\/\\\/tajkertesz.com\\\/#website\"},\"primaryImageOfPage\":{\"@id\":\"https:\\\/\\\/tajkertesz.com\\\/termek\\\/fekete-raklap-ala-helyezheto-egereteto-dobozkulcs\\\/#primaryimage\"},\"image\":{\"@id\":\"https:\\\/\\\/tajkertesz.com\\\/termek\\\/fekete-raklap-ala-helyezheto-egereteto-dobozkulcs\\\/#primaryimage\"},\"thumbnailUrl\":\"https:\\\/\\\/tajkertesz.com\\\/wp-content\\\/uploads\\\/2025\\\/01\\\/irtp4201.jpg\",\"datePublished\":\"2025-01-14T08:34:57+00:00\",\"dateModified\":\"2026-02-12T14:25:03+00:00\",\"description\":\"Fekete raklap al\u00e1 helyezhet\u0151 eg\u00e9retet\u0151 doboz+kulcs. Gazdas\u00e1gosan \u00e9s biztons\u00e1gosan haszn\u00e1lhat\u00f3 m\u0171anyag monitoring eszk\u00f6z. Helyezze bele a patk\u00e1nym\u00e9rget\",\"breadcrumb\":{\"@id\":\"https:\\\/\\\/tajkertesz.com\\\/termek\\\/fekete-raklap-ala-helyezheto-egereteto-dobozkulcs\\\/#breadcrumb\"},\"inLanguage\":\"en-US\",\"potentialAction\":[{\"@type\":\"ReadAction\",\"target\":[\"https:\\\/\\\/tajkertesz.com\\\/termek\\\/fekete-raklap-ala-helyezheto-egereteto-dobozkulcs\\\/\"]}]},{\"@type\":\"ImageObject\",\"inLanguage\":\"en-US\",\"@id\":\"https:\\\/\\\/tajkertesz.com\\\/termek\\\/fekete-raklap-ala-helyezheto-egereteto-dobozkulcs\\\/#primaryimage\",\"url\":\"https:\\\/\\\/tajkertesz.com\\\/wp-content\\\/uploads\\\/2025\\\/01\\\/irtp4201.jpg\",\"contentUrl\":\"https:\\\/\\\/tajkertesz.com\\\/wp-content\\\/uploads\\\/2025\\\/01\\\/irtp4201.jpg\",\"width\":940,\"height\":788,\"caption\":\"Fekete raklap al\u00e1 helyezhet\u0151 eg\u00e9retet\u0151 doboz+kulcs\"},{\"@type\":\"BreadcrumbList\",\"@id\":\"https:\\\/\\\/tajkertesz.com\\\/termek\\\/fekete-raklap-ala-helyezheto-egereteto-dobozkulcs\\\/#breadcrumb\",\"itemListElement\":[{\"@type\":\"ListItem\",\"position\":1,\"name\":\"Home\",\"item\":\"https:\\\/\\\/tajkertesz.com\\\/\"},{\"@type\":\"ListItem\",\"position\":2,\"name\":\"Kezd\u0151lap\",\"item\":\"https:\\\/\\\/tajkertesz.com\\\/\"},{\"@type\":\"ListItem\",\"position\":3,\"name\":\"Fekete raklap al\u00e1 helyezhet\u0151 eg\u00e9retet\u0151 doboz+kulcs\"}]},{\"@type\":\"WebSite\",\"@id\":\"https:\\\/\\\/tajkertesz.com\\\/#website\",\"url\":\"https:\\\/\\\/tajkertesz.com\\\/\",\"name\":\"T\u00e1j-Kert\u00e9sz 84 Kft.\",\"description\":\"Kert\u00e9szeti kis- \u00e9s nagykeresked\u00e9s, D\u00edszn\u00f6v\u00e9ny web\u00e1ruh\u00e1z orsz\u00e1gos h\u00e1zhozsz\u00e1ll\u00edt\u00e1ssal!\",\"publisher\":{\"@id\":\"https:\\\/\\\/tajkertesz.com\\\/#organization\"},\"potentialAction\":[{\"@type\":\"SearchAction\",\"target\":{\"@type\":\"EntryPoint\",\"urlTemplate\":\"https:\\\/\\\/tajkertesz.com\\\/?s={search_term_string}\"},\"query-input\":{\"@type\":\"PropertyValueSpecification\",\"valueRequired\":true,\"valueName\":\"search_term_string\"}}],\"inLanguage\":\"en-US\"},{\"@type\":\"Organization\",\"@id\":\"https:\\\/\\\/tajkertesz.com\\\/#organization\",\"name\":\"T\u00e1j-Kert\u00e9sz 84 Kft.\",\"url\":\"https:\\\/\\\/tajkertesz.com\\\/\",\"logo\":{\"@type\":\"ImageObject\",\"inLanguage\":\"en-US\",\"@id\":\"https:\\\/\\\/tajkertesz.com\\\/#\\\/schema\\\/logo\\\/image\\\/\",\"url\":\"https:\\\/\\\/tajkertesz.com\\\/wp-content\\\/uploads\\\/2018\\\/02\\\/logo-2-e1518678052539.png\",\"contentUrl\":\"https:\\\/\\\/tajkertesz.com\\\/wp-content\\\/uploads\\\/2018\\\/02\\\/logo-2-e1518678052539.png\",\"width\":81,\"height\":140,\"caption\":\"T\u00e1j-Kert\u00e9sz 84 Kft.\"},\"image\":{\"@id\":\"https:\\\/\\\/tajkertesz.com\\\/#\\\/schema\\\/logo\\\/image\\\/\"},\"sameAs\":[\"https:\\\/\\\/www.facebook.com\\\/Tajkertesz\\\/\"]}]}<\/script>\n<!-- \/ Yoast SEO plugin. -->","yoast_head_json":{"title":"Fekete raklap al\u00e1 helyezhet\u0151 eg\u00e9retet\u0151 doboz+kulcs - T\u00e1jkert\u00e9sz","description":"Fekete raklap al\u00e1 helyezhet\u0151 eg\u00e9retet\u0151 doboz+kulcs. Gazdas\u00e1gosan \u00e9s biztons\u00e1gosan haszn\u00e1lhat\u00f3 m\u0171anyag monitoring eszk\u00f6z. Helyezze bele a patk\u00e1nym\u00e9rget","robots":{"index":"index","follow":"follow","max-snippet":"max-snippet:-1","max-image-preview":"max-image-preview:large","max-video-preview":"max-video-preview:-1"},"canonical":"https:\/\/tajkertesz.com\/en_US\/product\/fekete-raklap-ala-helyezheto-egereteto-dobozkulcs\/","og_locale":"en_US","og_type":"article","og_title":"Fekete raklap al\u00e1 helyezhet\u0151 eg\u00e9retet\u0151 doboz+kulcs - T\u00e1jkert\u00e9sz","og_description":"Fekete raklap al\u00e1 helyezhet\u0151 eg\u00e9retet\u0151 doboz+kulcs. Gazdas\u00e1gosan \u00e9s biztons\u00e1gosan haszn\u00e1lhat\u00f3 m\u0171anyag monitoring eszk\u00f6z. Helyezze bele a patk\u00e1nym\u00e9rget","og_url":"https:\/\/tajkertesz.com\/en_US\/product\/fekete-raklap-ala-helyezheto-egereteto-dobozkulcs\/","og_site_name":"T\u00e1jkert\u00e9sz","article_publisher":"https:\/\/www.facebook.com\/Tajkertesz\/","article_modified_time":"2026-02-12T14:25:03+00:00","og_image":[{"width":940,"height":788,"url":"https:\/\/tajkertesz.com\/wp-content\/uploads\/2025\/01\/irtp4201.jpg","type":"image\/jpeg"}],"twitter_card":"summary_large_image","twitter_misc":{"Est. reading time":"2 minutes"},"schema":{"@context":"https:\/\/schema.org","@graph":[{"@type":"WebPage","@id":"https:\/\/tajkertesz.com\/termek\/fekete-raklap-ala-helyezheto-egereteto-dobozkulcs\/","url":"https:\/\/tajkertesz.com\/termek\/fekete-raklap-ala-helyezheto-egereteto-dobozkulcs\/","name":"Fekete raklap al\u00e1 helyezhet\u0151 eg\u00e9retet\u0151 doboz+kulcs - T\u00e1jkert\u00e9sz","isPartOf":{"@id":"https:\/\/tajkertesz.com\/#website"},"primaryImageOfPage":{"@id":"https:\/\/tajkertesz.com\/termek\/fekete-raklap-ala-helyezheto-egereteto-dobozkulcs\/#primaryimage"},"image":{"@id":"https:\/\/tajkertesz.com\/termek\/fekete-raklap-ala-helyezheto-egereteto-dobozkulcs\/#primaryimage"},"thumbnailUrl":"https:\/\/tajkertesz.com\/wp-content\/uploads\/2025\/01\/irtp4201.jpg","datePublished":"2025-01-14T08:34:57+00:00","dateModified":"2026-02-12T14:25:03+00:00","description":"Fekete raklap al\u00e1 helyezhet\u0151 eg\u00e9retet\u0151 doboz+kulcs. Gazdas\u00e1gosan \u00e9s biztons\u00e1gosan haszn\u00e1lhat\u00f3 m\u0171anyag monitoring eszk\u00f6z. Helyezze bele a patk\u00e1nym\u00e9rget","breadcrumb":{"@id":"https:\/\/tajkertesz.com\/termek\/fekete-raklap-ala-helyezheto-egereteto-dobozkulcs\/#breadcrumb"},"inLanguage":"en-US","potentialAction":[{"@type":"ReadAction","target":["https:\/\/tajkertesz.com\/termek\/fekete-raklap-ala-helyezheto-egereteto-dobozkulcs\/"]}]},{"@type":"ImageObject","inLanguage":"en-US","@id":"https:\/\/tajkertesz.com\/termek\/fekete-raklap-ala-helyezheto-egereteto-dobozkulcs\/#primaryimage","url":"https:\/\/tajkertesz.com\/wp-content\/uploads\/2025\/01\/irtp4201.jpg","contentUrl":"https:\/\/tajkertesz.com\/wp-content\/uploads\/2025\/01\/irtp4201.jpg","width":940,"height":788,"caption":"Fekete raklap al\u00e1 helyezhet\u0151 eg\u00e9retet\u0151 doboz+kulcs"},{"@type":"BreadcrumbList","@id":"https:\/\/tajkertesz.com\/termek\/fekete-raklap-ala-helyezheto-egereteto-dobozkulcs\/#breadcrumb","itemListElement":[{"@type":"ListItem","position":1,"name":"Home","item":"https:\/\/tajkertesz.com\/"},{"@type":"ListItem","position":2,"name":"Kezd\u0151lap","item":"https:\/\/tajkertesz.com\/"},{"@type":"ListItem","position":3,"name":"Fekete raklap al\u00e1 helyezhet\u0151 eg\u00e9retet\u0151 doboz+kulcs"}]},{"@type":"WebSite","@id":"https:\/\/tajkertesz.com\/#website","url":"https:\/\/tajkertesz.com\/","name":"T\u00e1j-Kert\u00e9sz 84 Kft.","description":"Kert\u00e9szeti kis- \u00e9s nagykeresked\u00e9s, D\u00edszn\u00f6v\u00e9ny web\u00e1ruh\u00e1z orsz\u00e1gos h\u00e1zhozsz\u00e1ll\u00edt\u00e1ssal!","publisher":{"@id":"https:\/\/tajkertesz.com\/#organization"},"potentialAction":[{"@type":"SearchAction","target":{"@type":"EntryPoint","urlTemplate":"https:\/\/tajkertesz.com\/?s={search_term_string}"},"query-input":{"@type":"PropertyValueSpecification","valueRequired":true,"valueName":"search_term_string"}}],"inLanguage":"en-US"},{"@type":"Organization","@id":"https:\/\/tajkertesz.com\/#organization","name":"T\u00e1j-Kert\u00e9sz 84 Kft.","url":"https:\/\/tajkertesz.com\/","logo":{"@type":"ImageObject","inLanguage":"en-US","@id":"https:\/\/tajkertesz.com\/#\/schema\/logo\/image\/","url":"https:\/\/tajkertesz.com\/wp-content\/uploads\/2018\/02\/logo-2-e1518678052539.png","contentUrl":"https:\/\/tajkertesz.com\/wp-content\/uploads\/2018\/02\/logo-2-e1518678052539.png","width":81,"height":140,"caption":"T\u00e1j-Kert\u00e9sz 84 Kft."},"image":{"@id":"https:\/\/tajkertesz.com\/#\/schema\/logo\/image\/"},"sameAs":["https:\/\/www.facebook.com\/Tajkertesz\/"]}]}},"_links":{"self":[{"href":"https:\/\/tajkertesz.com\/en_US\/wp-json\/wp\/v2\/product\/22158","targetHints":{"allow":["GET"]}}],"collection":[{"href":"https:\/\/tajkertesz.com\/en_US\/wp-json\/wp\/v2\/product"}],"about":[{"href":"https:\/\/tajkertesz.com\/en_US\/wp-json\/wp\/v2\/types\/product"}],"wp:featuredmedia":[{"embeddable":true,"href":"https:\/\/tajkertesz.com\/en_US\/wp-json\/wp\/v2\/media\/22161"}],"wp:attachment":[{"href":"https:\/\/tajkertesz.com\/en_US\/wp-json\/wp\/v2\/media?parent=22158"}],"wp:term":[{"taxonomy":"product_brand","embeddable":true,"href":"https:\/\/tajkertesz.com\/en_US\/wp-json\/wp\/v2\/product_brand?post=22158"},{"taxonomy":"product_cat","embeddable":true,"href":"https:\/\/tajkertesz.com\/en_US\/wp-json\/wp\/v2\/product_cat?post=22158"},{"taxonomy":"product_tag","embeddable":true,"href":"https:\/\/tajkertesz.com\/en_US\/wp-json\/wp\/v2\/product_tag?post=22158"}],"curies":[{"name":"wp","href":"https:\/\/api.w.org\/{rel}","templated":true}]}}