{"id":22162,"date":"2025-01-14T08:58:20","date_gmt":"2025-01-14T08:58:20","guid":{"rendered":"https:\/\/tajkertesz.com\/?post_type=product&#038;p=22162"},"modified":"2026-02-12T14:26:54","modified_gmt":"2026-02-12T14:26:54","slug":"karacsonyi-oarany-csengo-xl","status":"publish","type":"product","link":"https:\/\/tajkertesz.com\/en_US\/product\/karacsonyi-oarany-csengo-xl\/","title":{"rendered":"Kar\u00e1csonyi \u00f3arany cseng\u0151 XL 25-13-35"},"content":{"rendered":"<h1>Kar\u00e1csonyi \u00f3arany cseng\u0151 XL<\/h1>\n<p>Kar\u00e1csonyi \u00f3arany cseng\u0151 XL kb. 20cm &#8211; Hangol\u00f3dj az \u00fcnnepekre, mer\u00edts ihletet, koron\u00e1zd meg a kar\u00e1csonyi k\u00e9sz\u00fcl\u0151d\u00e9st egy-egy gy\u00f6ny\u00f6r\u0171 dekor\u00e1ci\u00f3val! N\u00e1lunk mindent beszerezhetsz a kar\u00e1csonyi el\u0151k\u00e9sz\u00fcletekhez &#8211; d\u00edszg\u00f6mb\u00f6ket, gyerty\u00e1kat, man\u00f3kat, adventi koszor\u00fakat, \u00e9g\u0151sorokat&#8230;<\/p>\n<div><\/div>\n<div><strong>K\u00e9szlet\u00fcnk napi szinten v\u00e1ltozik, ez\u00e9rt k\u00e9rj\u00fck, \u00e9rdekl\u0151dj\u00f6n szem\u00e9lyesen, telefonon vagy email-en.<\/strong><\/div>\n<div>\n<p><strong>A v\u00e1ltoztat\u00e1s jog\u00e1t fenntartjuk!\u00a0<\/strong><\/p>\n<p>&nbsp;<\/p>\n<p><a href=\"https:\/\/tajkertesz.com\/\">https:\/\/tajkertesz.com\/<\/a><\/p>\n<p><a href=\"https:\/\/www.facebook.com\/tajkertesz\/\">https:\/\/www.facebook.com\/tajkertesz\/<\/a><\/p>\n<p>Kisz\u00e1ll\u00edt\u00e1s: 200cm-ig \u00a0\u00e9s 40 kg-ig a sz\u00e1ll\u00edt\u00e1s fut\u00e1rszolg\u00e1lattal \u00a0t\u00f6rt\u00e9nik.<\/p>\n<p>&nbsp;<\/p>\n<p>Szem\u00e9lyes \u00e1tv\u00e9tel nyitvatart\u00e1si id\u0151ben a 17. ker\u00fclet Bakancsos utca 7. sz\u00e1m alatti Kert\u00e9szeti \u00e1rud\u00e1ban.<\/p>\n<p>&nbsp;<\/p>\n<\/div>\n<div>\n<p>Szem\u00e9lyes \u00e1tv\u00e9tellel tudjuk garant\u00e1lni a term\u00e9k \u00e9ps\u00e9g\u00e9t, sajnos a fut\u00e1rszolg\u00e1lattal t\u00f6rt\u00e9n\u0151 sz\u00e1ll\u00edt\u00e1s eset\u00e9n keletkezett k\u00e1rok\u00e9rt felel\u0151ss\u00e9get nem tudunk v\u00e1llalni.<\/p>\n<\/div>\n<div><\/div>","protected":false},"excerpt":{"rendered":"<p>Kar\u00e1csonyi \u00f3arany cseng\u0151 XL Kar\u00e1csonyi \u00f3arany cseng\u0151 XL kb. 20cm &#8211; Hangol\u00f3dj az \u00fcnnepekre, mer\u00edts ihletet, koron\u00e1zd meg a kar\u00e1csonyi k\u00e9sz\u00fcl\u0151d\u00e9st egy-egy gy\u00f6ny\u00f6r\u0171 dekor\u00e1ci\u00f3val! N\u00e1lunk mindent beszerezhetsz a kar\u00e1csonyi el\u0151k\u00e9sz\u00fcletekhez &#8211; d\u00edszg\u00f6mb\u00f6ket, gyerty\u00e1kat, man\u00f3kat, adventi koszor\u00fakat, \u00e9g\u0151sorokat&#8230; K\u00e9szlet\u00fcnk napi szinten v\u00e1ltozik, ez\u00e9rt k\u00e9rj\u00fck, \u00e9rdekl\u0151dj\u00f6n szem\u00e9lyesen, telefonon vagy email-en. A v\u00e1ltoztat\u00e1s jog\u00e1t fenntartjuk!\u00a0 &nbsp; https:\/\/tajkertesz.com\/ https:\/\/www.facebook.com\/tajkertesz\/ [&hellip;]<\/p>\n","protected":false},"featured_media":22159,"template":"","meta":{"_et_pb_use_builder":"","_et_pb_old_content":"","_et_gb_content_width":""},"product_brand":[],"product_cat":[4034],"product_tag":[5387,5584],"class_list":{"0":"post-22162","1":"product","2":"type-product","3":"status-publish","4":"has-post-thumbnail","6":"product_cat-karacsonyi-diszek-dekorok","7":"product_tag-csengo","8":"product_tag-karacsonyi-dekor","10":"first","11":"instock","12":"shipping-taxable","13":"purchasable","14":"product-type-simple"},"yoast_head":"<!-- This site is optimized with the Yoast SEO plugin v27.3 - https:\/\/yoast.com\/product\/yoast-seo-wordpress\/ -->\n<title>Kar\u00e1csonyi \u00f3arany cseng\u0151 XL 25-13-35 - T\u00e1jkert\u00e9sz<\/title>\n<meta name=\"description\" content=\"Kar\u00e1csonyi \u00f3arany cseng\u0151 XL kb. 25cm - Hangol\u00f3dj az \u00fcnnepekre, mer\u00edts ihletet, koron\u00e1zd meg a kar\u00e1csonyi k\u00e9sz\u00fcl\u0151d\u00e9st egy-egy gy\u00f6ny\u00f6r\u0171 dekor\u00e1ci\u00f3val!\" \/>\n<meta name=\"robots\" content=\"index, follow, max-snippet:-1, max-image-preview:large, max-video-preview:-1\" \/>\n<link rel=\"canonical\" href=\"https:\/\/tajkertesz.com\/en_US\/product\/karacsonyi-oarany-csengo-xl\/\" \/>\n<meta property=\"og:locale\" content=\"en_US\" \/>\n<meta property=\"og:type\" content=\"article\" \/>\n<meta property=\"og:title\" content=\"Kar\u00e1csonyi \u00f3arany cseng\u0151 XL 25-13-35 - T\u00e1jkert\u00e9sz\" \/>\n<meta property=\"og:description\" content=\"Kar\u00e1csonyi \u00f3arany cseng\u0151 XL kb. 25cm - Hangol\u00f3dj az \u00fcnnepekre, mer\u00edts ihletet, koron\u00e1zd meg a kar\u00e1csonyi k\u00e9sz\u00fcl\u0151d\u00e9st egy-egy gy\u00f6ny\u00f6r\u0171 dekor\u00e1ci\u00f3val!\" \/>\n<meta property=\"og:url\" content=\"https:\/\/tajkertesz.com\/en_US\/product\/karacsonyi-oarany-csengo-xl\/\" \/>\n<meta property=\"og:site_name\" content=\"T\u00e1jkert\u00e9sz\" \/>\n<meta property=\"article:publisher\" content=\"https:\/\/www.facebook.com\/Tajkertesz\/\" \/>\n<meta property=\"article:modified_time\" content=\"2026-02-12T14:26:54+00:00\" \/>\n<meta property=\"og:image\" content=\"https:\/\/tajkertesz.com\/wp-content\/uploads\/2025\/01\/20250114_082605-scaled.jpg\" \/>\n\t<meta property=\"og:image:width\" content=\"2560\" \/>\n\t<meta property=\"og:image:height\" content=\"2560\" \/>\n\t<meta property=\"og:image:type\" content=\"image\/jpeg\" \/>\n<meta name=\"twitter:card\" content=\"summary_large_image\" \/>\n<meta name=\"twitter:label1\" content=\"Est. reading time\" \/>\n\t<meta name=\"twitter:data1\" content=\"1 minute\" \/>\n<script type=\"application\/ld+json\" class=\"yoast-schema-graph\">{\"@context\":\"https:\\\/\\\/schema.org\",\"@graph\":[{\"@type\":\"WebPage\",\"@id\":\"https:\\\/\\\/tajkertesz.com\\\/termek\\\/karacsonyi-oarany-csengo-xl\\\/\",\"url\":\"https:\\\/\\\/tajkertesz.com\\\/termek\\\/karacsonyi-oarany-csengo-xl\\\/\",\"name\":\"Kar\u00e1csonyi \u00f3arany cseng\u0151 XL 25-13-35 - T\u00e1jkert\u00e9sz\",\"isPartOf\":{\"@id\":\"https:\\\/\\\/tajkertesz.com\\\/#website\"},\"primaryImageOfPage\":{\"@id\":\"https:\\\/\\\/tajkertesz.com\\\/termek\\\/karacsonyi-oarany-csengo-xl\\\/#primaryimage\"},\"image\":{\"@id\":\"https:\\\/\\\/tajkertesz.com\\\/termek\\\/karacsonyi-oarany-csengo-xl\\\/#primaryimage\"},\"thumbnailUrl\":\"https:\\\/\\\/tajkertesz.com\\\/wp-content\\\/uploads\\\/2025\\\/01\\\/20250114_082605-scaled.jpg\",\"datePublished\":\"2025-01-14T08:58:20+00:00\",\"dateModified\":\"2026-02-12T14:26:54+00:00\",\"description\":\"Kar\u00e1csonyi \u00f3arany cseng\u0151 XL kb. 25cm - Hangol\u00f3dj az \u00fcnnepekre, mer\u00edts ihletet, koron\u00e1zd meg a kar\u00e1csonyi k\u00e9sz\u00fcl\u0151d\u00e9st egy-egy gy\u00f6ny\u00f6r\u0171 dekor\u00e1ci\u00f3val!\",\"breadcrumb\":{\"@id\":\"https:\\\/\\\/tajkertesz.com\\\/termek\\\/karacsonyi-oarany-csengo-xl\\\/#breadcrumb\"},\"inLanguage\":\"en-US\",\"potentialAction\":[{\"@type\":\"ReadAction\",\"target\":[\"https:\\\/\\\/tajkertesz.com\\\/termek\\\/karacsonyi-oarany-csengo-xl\\\/\"]}]},{\"@type\":\"ImageObject\",\"inLanguage\":\"en-US\",\"@id\":\"https:\\\/\\\/tajkertesz.com\\\/termek\\\/karacsonyi-oarany-csengo-xl\\\/#primaryimage\",\"url\":\"https:\\\/\\\/tajkertesz.com\\\/wp-content\\\/uploads\\\/2025\\\/01\\\/20250114_082605-scaled.jpg\",\"contentUrl\":\"https:\\\/\\\/tajkertesz.com\\\/wp-content\\\/uploads\\\/2025\\\/01\\\/20250114_082605-scaled.jpg\",\"width\":2560,\"height\":2560,\"caption\":\"Kar\u00e1csonyi \u00f3arany cseng\u0151\"},{\"@type\":\"BreadcrumbList\",\"@id\":\"https:\\\/\\\/tajkertesz.com\\\/termek\\\/karacsonyi-oarany-csengo-xl\\\/#breadcrumb\",\"itemListElement\":[{\"@type\":\"ListItem\",\"position\":1,\"name\":\"Home\",\"item\":\"https:\\\/\\\/tajkertesz.com\\\/\"},{\"@type\":\"ListItem\",\"position\":2,\"name\":\"Kezd\u0151lap\",\"item\":\"https:\\\/\\\/tajkertesz.com\\\/\"},{\"@type\":\"ListItem\",\"position\":3,\"name\":\"Kar\u00e1csonyi \u00f3arany cseng\u0151 XL 25-13-35\"}]},{\"@type\":\"WebSite\",\"@id\":\"https:\\\/\\\/tajkertesz.com\\\/#website\",\"url\":\"https:\\\/\\\/tajkertesz.com\\\/\",\"name\":\"T\u00e1j-Kert\u00e9sz 84 Kft.\",\"description\":\"Kert\u00e9szeti kis- \u00e9s nagykeresked\u00e9s, D\u00edszn\u00f6v\u00e9ny web\u00e1ruh\u00e1z orsz\u00e1gos h\u00e1zhozsz\u00e1ll\u00edt\u00e1ssal!\",\"publisher\":{\"@id\":\"https:\\\/\\\/tajkertesz.com\\\/#organization\"},\"potentialAction\":[{\"@type\":\"SearchAction\",\"target\":{\"@type\":\"EntryPoint\",\"urlTemplate\":\"https:\\\/\\\/tajkertesz.com\\\/?s={search_term_string}\"},\"query-input\":{\"@type\":\"PropertyValueSpecification\",\"valueRequired\":true,\"valueName\":\"search_term_string\"}}],\"inLanguage\":\"en-US\"},{\"@type\":\"Organization\",\"@id\":\"https:\\\/\\\/tajkertesz.com\\\/#organization\",\"name\":\"T\u00e1j-Kert\u00e9sz 84 Kft.\",\"url\":\"https:\\\/\\\/tajkertesz.com\\\/\",\"logo\":{\"@type\":\"ImageObject\",\"inLanguage\":\"en-US\",\"@id\":\"https:\\\/\\\/tajkertesz.com\\\/#\\\/schema\\\/logo\\\/image\\\/\",\"url\":\"https:\\\/\\\/tajkertesz.com\\\/wp-content\\\/uploads\\\/2018\\\/02\\\/logo-2-e1518678052539.png\",\"contentUrl\":\"https:\\\/\\\/tajkertesz.com\\\/wp-content\\\/uploads\\\/2018\\\/02\\\/logo-2-e1518678052539.png\",\"width\":81,\"height\":140,\"caption\":\"T\u00e1j-Kert\u00e9sz 84 Kft.\"},\"image\":{\"@id\":\"https:\\\/\\\/tajkertesz.com\\\/#\\\/schema\\\/logo\\\/image\\\/\"},\"sameAs\":[\"https:\\\/\\\/www.facebook.com\\\/Tajkertesz\\\/\"]}]}<\/script>\n<!-- \/ Yoast SEO plugin. -->","yoast_head_json":{"title":"Kar\u00e1csonyi \u00f3arany cseng\u0151 XL 25-13-35 - T\u00e1jkert\u00e9sz","description":"Kar\u00e1csonyi \u00f3arany cseng\u0151 XL kb. 25cm - Hangol\u00f3dj az \u00fcnnepekre, mer\u00edts ihletet, koron\u00e1zd meg a kar\u00e1csonyi k\u00e9sz\u00fcl\u0151d\u00e9st egy-egy gy\u00f6ny\u00f6r\u0171 dekor\u00e1ci\u00f3val!","robots":{"index":"index","follow":"follow","max-snippet":"max-snippet:-1","max-image-preview":"max-image-preview:large","max-video-preview":"max-video-preview:-1"},"canonical":"https:\/\/tajkertesz.com\/en_US\/product\/karacsonyi-oarany-csengo-xl\/","og_locale":"en_US","og_type":"article","og_title":"Kar\u00e1csonyi \u00f3arany cseng\u0151 XL 25-13-35 - T\u00e1jkert\u00e9sz","og_description":"Kar\u00e1csonyi \u00f3arany cseng\u0151 XL kb. 25cm - Hangol\u00f3dj az \u00fcnnepekre, mer\u00edts ihletet, koron\u00e1zd meg a kar\u00e1csonyi k\u00e9sz\u00fcl\u0151d\u00e9st egy-egy gy\u00f6ny\u00f6r\u0171 dekor\u00e1ci\u00f3val!","og_url":"https:\/\/tajkertesz.com\/en_US\/product\/karacsonyi-oarany-csengo-xl\/","og_site_name":"T\u00e1jkert\u00e9sz","article_publisher":"https:\/\/www.facebook.com\/Tajkertesz\/","article_modified_time":"2026-02-12T14:26:54+00:00","og_image":[{"width":2560,"height":2560,"url":"https:\/\/tajkertesz.com\/wp-content\/uploads\/2025\/01\/20250114_082605-scaled.jpg","type":"image\/jpeg"}],"twitter_card":"summary_large_image","twitter_misc":{"Est. reading time":"1 minute"},"schema":{"@context":"https:\/\/schema.org","@graph":[{"@type":"WebPage","@id":"https:\/\/tajkertesz.com\/termek\/karacsonyi-oarany-csengo-xl\/","url":"https:\/\/tajkertesz.com\/termek\/karacsonyi-oarany-csengo-xl\/","name":"Kar\u00e1csonyi \u00f3arany cseng\u0151 XL 25-13-35 - T\u00e1jkert\u00e9sz","isPartOf":{"@id":"https:\/\/tajkertesz.com\/#website"},"primaryImageOfPage":{"@id":"https:\/\/tajkertesz.com\/termek\/karacsonyi-oarany-csengo-xl\/#primaryimage"},"image":{"@id":"https:\/\/tajkertesz.com\/termek\/karacsonyi-oarany-csengo-xl\/#primaryimage"},"thumbnailUrl":"https:\/\/tajkertesz.com\/wp-content\/uploads\/2025\/01\/20250114_082605-scaled.jpg","datePublished":"2025-01-14T08:58:20+00:00","dateModified":"2026-02-12T14:26:54+00:00","description":"Kar\u00e1csonyi \u00f3arany cseng\u0151 XL kb. 25cm - Hangol\u00f3dj az \u00fcnnepekre, mer\u00edts ihletet, koron\u00e1zd meg a kar\u00e1csonyi k\u00e9sz\u00fcl\u0151d\u00e9st egy-egy gy\u00f6ny\u00f6r\u0171 dekor\u00e1ci\u00f3val!","breadcrumb":{"@id":"https:\/\/tajkertesz.com\/termek\/karacsonyi-oarany-csengo-xl\/#breadcrumb"},"inLanguage":"en-US","potentialAction":[{"@type":"ReadAction","target":["https:\/\/tajkertesz.com\/termek\/karacsonyi-oarany-csengo-xl\/"]}]},{"@type":"ImageObject","inLanguage":"en-US","@id":"https:\/\/tajkertesz.com\/termek\/karacsonyi-oarany-csengo-xl\/#primaryimage","url":"https:\/\/tajkertesz.com\/wp-content\/uploads\/2025\/01\/20250114_082605-scaled.jpg","contentUrl":"https:\/\/tajkertesz.com\/wp-content\/uploads\/2025\/01\/20250114_082605-scaled.jpg","width":2560,"height":2560,"caption":"Kar\u00e1csonyi \u00f3arany cseng\u0151"},{"@type":"BreadcrumbList","@id":"https:\/\/tajkertesz.com\/termek\/karacsonyi-oarany-csengo-xl\/#breadcrumb","itemListElement":[{"@type":"ListItem","position":1,"name":"Home","item":"https:\/\/tajkertesz.com\/"},{"@type":"ListItem","position":2,"name":"Kezd\u0151lap","item":"https:\/\/tajkertesz.com\/"},{"@type":"ListItem","position":3,"name":"Kar\u00e1csonyi \u00f3arany cseng\u0151 XL 25-13-35"}]},{"@type":"WebSite","@id":"https:\/\/tajkertesz.com\/#website","url":"https:\/\/tajkertesz.com\/","name":"T\u00e1j-Kert\u00e9sz 84 Kft.","description":"Kert\u00e9szeti kis- \u00e9s nagykeresked\u00e9s, D\u00edszn\u00f6v\u00e9ny web\u00e1ruh\u00e1z orsz\u00e1gos h\u00e1zhozsz\u00e1ll\u00edt\u00e1ssal!","publisher":{"@id":"https:\/\/tajkertesz.com\/#organization"},"potentialAction":[{"@type":"SearchAction","target":{"@type":"EntryPoint","urlTemplate":"https:\/\/tajkertesz.com\/?s={search_term_string}"},"query-input":{"@type":"PropertyValueSpecification","valueRequired":true,"valueName":"search_term_string"}}],"inLanguage":"en-US"},{"@type":"Organization","@id":"https:\/\/tajkertesz.com\/#organization","name":"T\u00e1j-Kert\u00e9sz 84 Kft.","url":"https:\/\/tajkertesz.com\/","logo":{"@type":"ImageObject","inLanguage":"en-US","@id":"https:\/\/tajkertesz.com\/#\/schema\/logo\/image\/","url":"https:\/\/tajkertesz.com\/wp-content\/uploads\/2018\/02\/logo-2-e1518678052539.png","contentUrl":"https:\/\/tajkertesz.com\/wp-content\/uploads\/2018\/02\/logo-2-e1518678052539.png","width":81,"height":140,"caption":"T\u00e1j-Kert\u00e9sz 84 Kft."},"image":{"@id":"https:\/\/tajkertesz.com\/#\/schema\/logo\/image\/"},"sameAs":["https:\/\/www.facebook.com\/Tajkertesz\/"]}]}},"_links":{"self":[{"href":"https:\/\/tajkertesz.com\/en_US\/wp-json\/wp\/v2\/product\/22162","targetHints":{"allow":["GET"]}}],"collection":[{"href":"https:\/\/tajkertesz.com\/en_US\/wp-json\/wp\/v2\/product"}],"about":[{"href":"https:\/\/tajkertesz.com\/en_US\/wp-json\/wp\/v2\/types\/product"}],"wp:featuredmedia":[{"embeddable":true,"href":"https:\/\/tajkertesz.com\/en_US\/wp-json\/wp\/v2\/media\/22159"}],"wp:attachment":[{"href":"https:\/\/tajkertesz.com\/en_US\/wp-json\/wp\/v2\/media?parent=22162"}],"wp:term":[{"taxonomy":"product_brand","embeddable":true,"href":"https:\/\/tajkertesz.com\/en_US\/wp-json\/wp\/v2\/product_brand?post=22162"},{"taxonomy":"product_cat","embeddable":true,"href":"https:\/\/tajkertesz.com\/en_US\/wp-json\/wp\/v2\/product_cat?post=22162"},{"taxonomy":"product_tag","embeddable":true,"href":"https:\/\/tajkertesz.com\/en_US\/wp-json\/wp\/v2\/product_tag?post=22162"}],"curies":[{"name":"wp","href":"https:\/\/api.w.org\/{rel}","templated":true}]}}