{"id":22194,"date":"2025-01-14T12:40:35","date_gmt":"2025-01-14T12:40:35","guid":{"rendered":"https:\/\/tajkertesz.com\/?post_type=product&#038;p=22194"},"modified":"2026-02-12T14:16:37","modified_gmt":"2026-02-12T14:16:37","slug":"kotozomadzag-zsineg-kender-2-350-100g","status":"publish","type":"product","link":"https:\/\/tajkertesz.com\/en_US\/product\/kotozomadzag-zsineg-kender-2-350-100g\/","title":{"rendered":"K\u00f6t\u00f6z\u0151madzag-zsineg-kender 2\/3,50\/100g"},"content":{"rendered":"<h2>K\u00f6t\u00f6z\u0151madzag-zsineg-kender 2\/3,50\/100g<\/h2>\n<h2>Param\u00e9terei<\/h2>\n<p style=\"font-weight: 400;\"><b><em>Cikksz\u00e1m<\/em><\/b>: zsik5101<\/p>\n<p style=\"font-weight: 400;\"><b><em>Kiszerel\u00e9s<\/em><\/b>:<\/p>\n<p style=\"font-weight: 400;\"><b><em>Gy\u0171jt\u0151 csomagol\u00e1s<\/em><\/b>: nem<\/p>\n<p style=\"font-weight: 400;\"><b><em>Eltarthat\u00f3s\u00e1g<\/em><\/b>: korl\u00e1tlan<\/p>\n<p style=\"font-weight: 400;\"><b><em>Sz\u00e1rmaz\u00e1si hely<\/em><\/b>:<\/p>\n<h2><i>R\u00f6vid ismertet\u00e9se<\/i><\/h2>\n<p style=\"font-weight: 400;\">Kenderzsineg\u00a0 2\/3,50\u00a0\u00a0\u00a0 100 gramm<\/p>\n<p style=\"font-weight: 400;\">\n<p style=\"font-weight: 400;\">100 % nat\u00far alapanyagb\u00f3l k\u00e9sz\u00fclt k\u00f6t\u00f6z\u0151 kenderzsineg. T\u00f6bbc\u00e9l\u00fa felhaszn\u00e1lhat\u00f3s\u00e1ga \u00e9s kedvez\u0151 \u00e1ra miatt kedvelt term\u00e9k.<\/p>\n<p style=\"font-weight: 400;\">\n<p style=\"font-weight: 400;\">Kiszerel\u00e9s:\u00a0\u00a0\u00a0\u00a0\u00a0\u00a0 1 db 100 grammos gombolyag<\/p>\n<p style=\"font-weight: 400;\">Kiad\u00f3ss\u00e1ga:\u00a0\u00a0\u00a0\u00a0 1750 m\/kg<\/p>\n<p style=\"font-weight: 400;\">Vastags\u00e1ga:\u00a0\u00a0\u00a0 cca. 0,7 mm<\/p>\n<p style=\"font-weight: 400;\">Szak\u00edt\u00f3ereje:\u00a0\u00a0 7 kg<\/p>\n<p style=\"font-weight: 400;\">Finoms\u00e1ga:\u00a0\u00a0\u00a0\u00a0 NM 2\/3,5\u00a0\u00a0\u00a0\u00a0\u00a0\u00a0\u00a0 (1 m\u00e9ter zsineg s\u00falya 0,57 gramm)<\/p>\n<div id=\"xNud2TdoDXGwJ7Gvf9amw-user-message\" tabindex=\"0\" role=\"article\" data-tabster=\"{&quot;groupper&quot;:{&quot;tabbability&quot;:2},&quot;focusable&quot;:{}}\" aria-labelledby=\"xNud2TdoDXGwJ7Gvf9amw-user-message\">\n<div data-content=\"user-message\">\n<div>Mib\u0151l van a kenderzsineg?<\/div>\n<\/div>\n<\/div>\n<div tabindex=\"0\" role=\"article\" data-tabster=\"{&quot;groupper&quot;:{&quot;tabbability&quot;:2},&quot;focusable&quot;:{}}\" data-content=\"ai-message\" aria-labelledby=\"XKTwcfocKMFBmJJG6HD2H-author} XKTwcfocKMFBmJJG6HD2H-content-0\">\n<div id=\"XKTwcfocKMFBmJJG6HD2H-content-0\" class=\"space-y-3 break-words\">\n<p>A kenderzsineg a kenderrost nev\u0171 term\u00e9szetes anyagb\u00f3l k\u00e9sz\u00fcl. A kender egy nagyon er\u0151s \u00e9s tart\u00f3s rostn\u00f6v\u00e9ny, amelyet m\u00e1r \u00e9vezredek \u00f3ta haszn\u00e1lnak k\u00fcl\u00f6nf\u00e9le c\u00e9lokra, p\u00e9ld\u00e1ul sz\u00f6vetek, k\u00f6telek, \u00e9s pap\u00edr k\u00e9sz\u00edt\u00e9s\u00e9hez.<\/p>\n<p>A kenderzsineg k\u00fcl\u00f6n\u00f6sen n\u00e9pszer\u0171, mert:<\/p>\n<ul>\n<li><strong>K\u00f6rnyezetbar\u00e1t<\/strong>: Biol\u00f3giailag lebomlik \u00e9s nem tartalmaz m\u0171anyagokat.<\/li>\n<li><strong>Er\u0151s \u00e9s tart\u00f3s<\/strong>: Kiv\u00e1l\u00f3an ellen\u00e1ll a szakad\u00e1snak \u00e9s kop\u00e1snak.<\/li>\n<li><strong>Sokoldal\u00fa<\/strong>: Haszn\u00e1lhat\u00f3 kert\u00e9szked\u00e9shez, k\u00e9zm\u0171ves projektekhez, csomagol\u00e1shoz \u00e9s sok m\u00e1s c\u00e9lra.<\/li>\n<\/ul>\n<p>A kenderzsineg val\u00f3ban sokoldal\u00fa anyag, sz\u00e1mos ter\u00fcleten alkalmazhat\u00f3. \u00cdme n\u00e9h\u00e1ny p\u00e9lda:<\/p>\n<ol start=\"1\">\n<li><strong>Kert\u00e9szked\u00e9s<\/strong>: N\u00f6v\u00e9nyek k\u00f6t\u00f6z\u00e9s\u00e9re \u00e9s t\u00e1maszt\u00e1s\u00e1ra haszn\u00e1lj\u00e1k, mivel term\u00e9szetes \u00e9s nem k\u00e1ros\u00edtja a n\u00f6v\u00e9nyeket.<\/li>\n<li><strong>Csomagol\u00e1s<\/strong>: Aj\u00e1nd\u00e9kok \u00e9s csomagok eszt\u00e9tikus k\u00f6t\u00f6z\u00e9s\u00e9re, valamint d\u00edsz\u00edt\u0151 elemek k\u00e9sz\u00edt\u00e9s\u00e9re is kiv\u00e1l\u00f3.<\/li>\n<li><strong>K\u00e9zm\u0171ves projektek<\/strong>: Kreat\u00edv projektek, p\u00e9ld\u00e1ul \u00e9kszerek, makram\u00e9k, fali d\u00edszek \u00e9s egy\u00e9b dekor\u00e1ci\u00f3k k\u00e9sz\u00edt\u00e9s\u00e9re.<\/li>\n<li><strong>Mez\u0151gazdas\u00e1g<\/strong>: Sz\u00e9na- \u00e9s szalmab\u00e1l\u00e1k k\u00f6t\u00f6z\u00e9s\u00e9re haszn\u00e1lj\u00e1k, mivel er\u0151s \u00e9s tart\u00f3s.<\/li>\n<li><strong>H\u00e1ztart\u00e1si haszn\u00e1lat<\/strong>: K\u00fcl\u00f6nf\u00e9le h\u00e1ztart\u00e1si feladatokhoz, p\u00e9ld\u00e1ul ruhasz\u00e1r\u00edt\u00e1sra, kerti szersz\u00e1mok \u00f6sszek\u00f6t\u00e9s\u00e9re, vagy ak\u00e1r b\u00fatorok jav\u00edt\u00e1s\u00e1ra is alkalmas.<\/li>\n<\/ol>\n<\/div>\n<\/div>\n<p style=\"line-height: 18.0pt; background: white; margin: 0cm 0cm 15.0pt 0cm;\"><b><span style=\"font-family: 'Ubuntu',sans-serif; color: black;\">K\u00e9szlet\u00fcnk napi szinten v\u00e1ltozik, ez\u00e9rt k\u00e9rj\u00fck, \u00e9rdekl\u0151dj\u00f6n szem\u00e9lyesen, telefonon vagy email-en.<br \/>\nA v\u00e1ltoztat\u00e1s jog\u00e1t fenntartjuk!\u00a0<\/span><\/b><\/p>\n<p><a href=\"https:\/\/tajkertesz.com\/\">https:\/\/tajkertesz.com\/<\/a><\/p>\n<p><a href=\"https:\/\/www.facebook.com\/tajkertesz\/\">https:\/\/www.facebook.com\/tajkertesz\/<\/a><\/p>\n<p>Kisz\u00e1ll\u00edt\u00e1s: 200cm-ig \u00e9s 40 kg-ig a sz\u00e1ll\u00edt\u00e1s fut\u00e1rszolg\u00e1lattal t\u00f6rt\u00e9nik.<\/p>\n<p>Szem\u00e9lyes \u00e1tv\u00e9tel nyitvatart\u00e1si id\u0151ben a 17. ker\u00fclet Bakancsos utca 7. sz\u00e1m alatti Kert\u00e9szeti \u00e1rud\u00e1nkban.<\/p>\n<p>Kert\u00e9p\u00edt\u0151k \u00e9s viszontelad\u00f3k regisztr\u00e1l\u00e1s ut\u00e1n egyedi kedvezm\u00e9nnyel v\u00e1s\u00e1rolhatnak kert\u00e9szeti kis-\u00e9s nagykeresked\u00e9s\u00fcnkben.<\/p>\n<p>A logisztikai c\u00e9ggel t\u00f6rt\u00e9n\u0151 sz\u00e1ll\u00edt\u00e1s eset\u00e9n a partnereink\u00a0esetleges a\u00a0cs\u00fasz\u00e1sai\u00e9rt nem v\u00e1llalunk felel\u0151ss\u00e9get!<\/p>\n<p><strong>Az \u00e1rak egy darab term\u00e9kre vonatkoznak.<\/strong><\/p>\n<p>&nbsp;<\/p>","protected":false},"excerpt":{"rendered":"<p>100 % nat\u00far alapanyagb\u00f3l k\u00e9sz\u00fclt k\u00f6t\u00f6z\u0151 kenderzsineg. T\u00f6bbc\u00e9l\u00fa felhaszn\u00e1lhat\u00f3s\u00e1ga \u00e9s kedvez\u0151 \u00e1ra miatt kedvelt term\u00e9k.<\/p>\n<div class=\"p-desc\">\n<div class=\"p-desc\"><\/div>\n<\/div>","protected":false},"featured_media":22195,"template":"","meta":{"_et_pb_use_builder":"","_et_pb_old_content":"","_et_gb_content_width":""},"product_brand":[],"product_cat":[1526],"product_tag":[5614,1177,1900,5612,5613,1499],"class_list":{"0":"post-22194","1":"product","2":"type-product","3":"status-publish","4":"has-post-thumbnail","6":"product_cat-kotozok","7":"product_tag-kotel","8":"product_tag-kotozo","9":"product_tag-kotozomadzag-kender-50-m","10":"product_tag-madzag","11":"product_tag-sparga","12":"product_tag-zsineg","14":"first","15":"instock","16":"shipping-taxable","17":"purchasable","18":"product-type-simple"},"yoast_head":"<!-- This site is optimized with the Yoast SEO plugin v27.3 - https:\/\/yoast.com\/product\/yoast-seo-wordpress\/ -->\n<title>K\u00f6t\u00f6z\u0151madzag-zsineg-kender 2\/3,50\/100g - T\u00e1jkert\u00e9sz<\/title>\n<meta name=\"description\" content=\"K\u00f6t\u00f6z\u0151madzag-zsineg-kender 2\/3,50\/100g. 100 % nat\u00far alapanyagb\u00f3l k\u00e9sz\u00fclt k\u00f6t\u00f6z\u0151 kenderzsineg. T\u00f6bbc\u00e9l\u00fa felhaszn\u00e1lhat\u00f3s\u00e1ga \u00e9s kedvez\u0151 \u00e1ra miatt kedvelt.\" \/>\n<meta name=\"robots\" content=\"index, follow, max-snippet:-1, max-image-preview:large, max-video-preview:-1\" \/>\n<link rel=\"canonical\" href=\"https:\/\/tajkertesz.com\/en_US\/product\/kotozomadzag-zsineg-kender-2-350-100g\/\" \/>\n<meta property=\"og:locale\" content=\"en_US\" \/>\n<meta property=\"og:type\" content=\"article\" \/>\n<meta property=\"og:title\" content=\"K\u00f6t\u00f6z\u0151madzag-zsineg-kender 2\/3,50\/100g - T\u00e1jkert\u00e9sz\" \/>\n<meta property=\"og:description\" content=\"K\u00f6t\u00f6z\u0151madzag-zsineg-kender 2\/3,50\/100g. 100 % nat\u00far alapanyagb\u00f3l k\u00e9sz\u00fclt k\u00f6t\u00f6z\u0151 kenderzsineg. T\u00f6bbc\u00e9l\u00fa felhaszn\u00e1lhat\u00f3s\u00e1ga \u00e9s kedvez\u0151 \u00e1ra miatt kedvelt.\" \/>\n<meta property=\"og:url\" content=\"https:\/\/tajkertesz.com\/en_US\/product\/kotozomadzag-zsineg-kender-2-350-100g\/\" \/>\n<meta property=\"og:site_name\" content=\"T\u00e1jkert\u00e9sz\" \/>\n<meta property=\"article:publisher\" content=\"https:\/\/www.facebook.com\/Tajkertesz\/\" \/>\n<meta property=\"article:modified_time\" content=\"2026-02-12T14:16:37+00:00\" \/>\n<meta property=\"og:image\" content=\"https:\/\/tajkertesz.com\/wp-content\/uploads\/2025\/01\/zsik5101.jpg\" \/>\n\t<meta property=\"og:image:width\" content=\"940\" \/>\n\t<meta property=\"og:image:height\" content=\"788\" \/>\n\t<meta property=\"og:image:type\" content=\"image\/jpeg\" \/>\n<meta name=\"twitter:card\" content=\"summary_large_image\" \/>\n<meta name=\"twitter:label1\" content=\"Est. reading time\" \/>\n\t<meta name=\"twitter:data1\" content=\"2 minutes\" \/>\n<script type=\"application\/ld+json\" class=\"yoast-schema-graph\">{\"@context\":\"https:\\\/\\\/schema.org\",\"@graph\":[{\"@type\":\"WebPage\",\"@id\":\"https:\\\/\\\/tajkertesz.com\\\/termek\\\/kotozomadzag-zsineg-kender-2-350-100g\\\/\",\"url\":\"https:\\\/\\\/tajkertesz.com\\\/termek\\\/kotozomadzag-zsineg-kender-2-350-100g\\\/\",\"name\":\"K\u00f6t\u00f6z\u0151madzag-zsineg-kender 2\\\/3,50\\\/100g - T\u00e1jkert\u00e9sz\",\"isPartOf\":{\"@id\":\"https:\\\/\\\/tajkertesz.com\\\/#website\"},\"primaryImageOfPage\":{\"@id\":\"https:\\\/\\\/tajkertesz.com\\\/termek\\\/kotozomadzag-zsineg-kender-2-350-100g\\\/#primaryimage\"},\"image\":{\"@id\":\"https:\\\/\\\/tajkertesz.com\\\/termek\\\/kotozomadzag-zsineg-kender-2-350-100g\\\/#primaryimage\"},\"thumbnailUrl\":\"https:\\\/\\\/tajkertesz.com\\\/wp-content\\\/uploads\\\/2025\\\/01\\\/zsik5101.jpg\",\"datePublished\":\"2025-01-14T12:40:35+00:00\",\"dateModified\":\"2026-02-12T14:16:37+00:00\",\"description\":\"K\u00f6t\u00f6z\u0151madzag-zsineg-kender 2\\\/3,50\\\/100g. 100 % nat\u00far alapanyagb\u00f3l k\u00e9sz\u00fclt k\u00f6t\u00f6z\u0151 kenderzsineg. T\u00f6bbc\u00e9l\u00fa felhaszn\u00e1lhat\u00f3s\u00e1ga \u00e9s kedvez\u0151 \u00e1ra miatt kedvelt.\",\"breadcrumb\":{\"@id\":\"https:\\\/\\\/tajkertesz.com\\\/termek\\\/kotozomadzag-zsineg-kender-2-350-100g\\\/#breadcrumb\"},\"inLanguage\":\"en-US\",\"potentialAction\":[{\"@type\":\"ReadAction\",\"target\":[\"https:\\\/\\\/tajkertesz.com\\\/termek\\\/kotozomadzag-zsineg-kender-2-350-100g\\\/\"]}]},{\"@type\":\"ImageObject\",\"inLanguage\":\"en-US\",\"@id\":\"https:\\\/\\\/tajkertesz.com\\\/termek\\\/kotozomadzag-zsineg-kender-2-350-100g\\\/#primaryimage\",\"url\":\"https:\\\/\\\/tajkertesz.com\\\/wp-content\\\/uploads\\\/2025\\\/01\\\/zsik5101.jpg\",\"contentUrl\":\"https:\\\/\\\/tajkertesz.com\\\/wp-content\\\/uploads\\\/2025\\\/01\\\/zsik5101.jpg\",\"width\":940,\"height\":788,\"caption\":\"K\u00f6t\u00f6z\u0151madzag-zsineg-kender 2\\\/3,50\\\/100g\"},{\"@type\":\"BreadcrumbList\",\"@id\":\"https:\\\/\\\/tajkertesz.com\\\/termek\\\/kotozomadzag-zsineg-kender-2-350-100g\\\/#breadcrumb\",\"itemListElement\":[{\"@type\":\"ListItem\",\"position\":1,\"name\":\"Home\",\"item\":\"https:\\\/\\\/tajkertesz.com\\\/\"},{\"@type\":\"ListItem\",\"position\":2,\"name\":\"Kezd\u0151lap\",\"item\":\"https:\\\/\\\/tajkertesz.com\\\/\"},{\"@type\":\"ListItem\",\"position\":3,\"name\":\"K\u00f6t\u00f6z\u0151madzag-zsineg-kender 2\\\/3,50\\\/100g\"}]},{\"@type\":\"WebSite\",\"@id\":\"https:\\\/\\\/tajkertesz.com\\\/#website\",\"url\":\"https:\\\/\\\/tajkertesz.com\\\/\",\"name\":\"T\u00e1j-Kert\u00e9sz 84 Kft.\",\"description\":\"Kert\u00e9szeti kis- \u00e9s nagykeresked\u00e9s, D\u00edszn\u00f6v\u00e9ny web\u00e1ruh\u00e1z orsz\u00e1gos h\u00e1zhozsz\u00e1ll\u00edt\u00e1ssal!\",\"publisher\":{\"@id\":\"https:\\\/\\\/tajkertesz.com\\\/#organization\"},\"potentialAction\":[{\"@type\":\"SearchAction\",\"target\":{\"@type\":\"EntryPoint\",\"urlTemplate\":\"https:\\\/\\\/tajkertesz.com\\\/?s={search_term_string}\"},\"query-input\":{\"@type\":\"PropertyValueSpecification\",\"valueRequired\":true,\"valueName\":\"search_term_string\"}}],\"inLanguage\":\"en-US\"},{\"@type\":\"Organization\",\"@id\":\"https:\\\/\\\/tajkertesz.com\\\/#organization\",\"name\":\"T\u00e1j-Kert\u00e9sz 84 Kft.\",\"url\":\"https:\\\/\\\/tajkertesz.com\\\/\",\"logo\":{\"@type\":\"ImageObject\",\"inLanguage\":\"en-US\",\"@id\":\"https:\\\/\\\/tajkertesz.com\\\/#\\\/schema\\\/logo\\\/image\\\/\",\"url\":\"https:\\\/\\\/tajkertesz.com\\\/wp-content\\\/uploads\\\/2018\\\/02\\\/logo-2-e1518678052539.png\",\"contentUrl\":\"https:\\\/\\\/tajkertesz.com\\\/wp-content\\\/uploads\\\/2018\\\/02\\\/logo-2-e1518678052539.png\",\"width\":81,\"height\":140,\"caption\":\"T\u00e1j-Kert\u00e9sz 84 Kft.\"},\"image\":{\"@id\":\"https:\\\/\\\/tajkertesz.com\\\/#\\\/schema\\\/logo\\\/image\\\/\"},\"sameAs\":[\"https:\\\/\\\/www.facebook.com\\\/Tajkertesz\\\/\"]}]}<\/script>\n<!-- \/ Yoast SEO plugin. -->","yoast_head_json":{"title":"K\u00f6t\u00f6z\u0151madzag-zsineg-kender 2\/3,50\/100g - T\u00e1jkert\u00e9sz","description":"K\u00f6t\u00f6z\u0151madzag-zsineg-kender 2\/3,50\/100g. 100 % nat\u00far alapanyagb\u00f3l k\u00e9sz\u00fclt k\u00f6t\u00f6z\u0151 kenderzsineg. T\u00f6bbc\u00e9l\u00fa felhaszn\u00e1lhat\u00f3s\u00e1ga \u00e9s kedvez\u0151 \u00e1ra miatt kedvelt.","robots":{"index":"index","follow":"follow","max-snippet":"max-snippet:-1","max-image-preview":"max-image-preview:large","max-video-preview":"max-video-preview:-1"},"canonical":"https:\/\/tajkertesz.com\/en_US\/product\/kotozomadzag-zsineg-kender-2-350-100g\/","og_locale":"en_US","og_type":"article","og_title":"K\u00f6t\u00f6z\u0151madzag-zsineg-kender 2\/3,50\/100g - T\u00e1jkert\u00e9sz","og_description":"K\u00f6t\u00f6z\u0151madzag-zsineg-kender 2\/3,50\/100g. 100 % nat\u00far alapanyagb\u00f3l k\u00e9sz\u00fclt k\u00f6t\u00f6z\u0151 kenderzsineg. T\u00f6bbc\u00e9l\u00fa felhaszn\u00e1lhat\u00f3s\u00e1ga \u00e9s kedvez\u0151 \u00e1ra miatt kedvelt.","og_url":"https:\/\/tajkertesz.com\/en_US\/product\/kotozomadzag-zsineg-kender-2-350-100g\/","og_site_name":"T\u00e1jkert\u00e9sz","article_publisher":"https:\/\/www.facebook.com\/Tajkertesz\/","article_modified_time":"2026-02-12T14:16:37+00:00","og_image":[{"width":940,"height":788,"url":"https:\/\/tajkertesz.com\/wp-content\/uploads\/2025\/01\/zsik5101.jpg","type":"image\/jpeg"}],"twitter_card":"summary_large_image","twitter_misc":{"Est. reading time":"2 minutes"},"schema":{"@context":"https:\/\/schema.org","@graph":[{"@type":"WebPage","@id":"https:\/\/tajkertesz.com\/termek\/kotozomadzag-zsineg-kender-2-350-100g\/","url":"https:\/\/tajkertesz.com\/termek\/kotozomadzag-zsineg-kender-2-350-100g\/","name":"K\u00f6t\u00f6z\u0151madzag-zsineg-kender 2\/3,50\/100g - T\u00e1jkert\u00e9sz","isPartOf":{"@id":"https:\/\/tajkertesz.com\/#website"},"primaryImageOfPage":{"@id":"https:\/\/tajkertesz.com\/termek\/kotozomadzag-zsineg-kender-2-350-100g\/#primaryimage"},"image":{"@id":"https:\/\/tajkertesz.com\/termek\/kotozomadzag-zsineg-kender-2-350-100g\/#primaryimage"},"thumbnailUrl":"https:\/\/tajkertesz.com\/wp-content\/uploads\/2025\/01\/zsik5101.jpg","datePublished":"2025-01-14T12:40:35+00:00","dateModified":"2026-02-12T14:16:37+00:00","description":"K\u00f6t\u00f6z\u0151madzag-zsineg-kender 2\/3,50\/100g. 100 % nat\u00far alapanyagb\u00f3l k\u00e9sz\u00fclt k\u00f6t\u00f6z\u0151 kenderzsineg. T\u00f6bbc\u00e9l\u00fa felhaszn\u00e1lhat\u00f3s\u00e1ga \u00e9s kedvez\u0151 \u00e1ra miatt kedvelt.","breadcrumb":{"@id":"https:\/\/tajkertesz.com\/termek\/kotozomadzag-zsineg-kender-2-350-100g\/#breadcrumb"},"inLanguage":"en-US","potentialAction":[{"@type":"ReadAction","target":["https:\/\/tajkertesz.com\/termek\/kotozomadzag-zsineg-kender-2-350-100g\/"]}]},{"@type":"ImageObject","inLanguage":"en-US","@id":"https:\/\/tajkertesz.com\/termek\/kotozomadzag-zsineg-kender-2-350-100g\/#primaryimage","url":"https:\/\/tajkertesz.com\/wp-content\/uploads\/2025\/01\/zsik5101.jpg","contentUrl":"https:\/\/tajkertesz.com\/wp-content\/uploads\/2025\/01\/zsik5101.jpg","width":940,"height":788,"caption":"K\u00f6t\u00f6z\u0151madzag-zsineg-kender 2\/3,50\/100g"},{"@type":"BreadcrumbList","@id":"https:\/\/tajkertesz.com\/termek\/kotozomadzag-zsineg-kender-2-350-100g\/#breadcrumb","itemListElement":[{"@type":"ListItem","position":1,"name":"Home","item":"https:\/\/tajkertesz.com\/"},{"@type":"ListItem","position":2,"name":"Kezd\u0151lap","item":"https:\/\/tajkertesz.com\/"},{"@type":"ListItem","position":3,"name":"K\u00f6t\u00f6z\u0151madzag-zsineg-kender 2\/3,50\/100g"}]},{"@type":"WebSite","@id":"https:\/\/tajkertesz.com\/#website","url":"https:\/\/tajkertesz.com\/","name":"T\u00e1j-Kert\u00e9sz 84 Kft.","description":"Kert\u00e9szeti kis- \u00e9s nagykeresked\u00e9s, D\u00edszn\u00f6v\u00e9ny web\u00e1ruh\u00e1z orsz\u00e1gos h\u00e1zhozsz\u00e1ll\u00edt\u00e1ssal!","publisher":{"@id":"https:\/\/tajkertesz.com\/#organization"},"potentialAction":[{"@type":"SearchAction","target":{"@type":"EntryPoint","urlTemplate":"https:\/\/tajkertesz.com\/?s={search_term_string}"},"query-input":{"@type":"PropertyValueSpecification","valueRequired":true,"valueName":"search_term_string"}}],"inLanguage":"en-US"},{"@type":"Organization","@id":"https:\/\/tajkertesz.com\/#organization","name":"T\u00e1j-Kert\u00e9sz 84 Kft.","url":"https:\/\/tajkertesz.com\/","logo":{"@type":"ImageObject","inLanguage":"en-US","@id":"https:\/\/tajkertesz.com\/#\/schema\/logo\/image\/","url":"https:\/\/tajkertesz.com\/wp-content\/uploads\/2018\/02\/logo-2-e1518678052539.png","contentUrl":"https:\/\/tajkertesz.com\/wp-content\/uploads\/2018\/02\/logo-2-e1518678052539.png","width":81,"height":140,"caption":"T\u00e1j-Kert\u00e9sz 84 Kft."},"image":{"@id":"https:\/\/tajkertesz.com\/#\/schema\/logo\/image\/"},"sameAs":["https:\/\/www.facebook.com\/Tajkertesz\/"]}]}},"_links":{"self":[{"href":"https:\/\/tajkertesz.com\/en_US\/wp-json\/wp\/v2\/product\/22194","targetHints":{"allow":["GET"]}}],"collection":[{"href":"https:\/\/tajkertesz.com\/en_US\/wp-json\/wp\/v2\/product"}],"about":[{"href":"https:\/\/tajkertesz.com\/en_US\/wp-json\/wp\/v2\/types\/product"}],"wp:featuredmedia":[{"embeddable":true,"href":"https:\/\/tajkertesz.com\/en_US\/wp-json\/wp\/v2\/media\/22195"}],"wp:attachment":[{"href":"https:\/\/tajkertesz.com\/en_US\/wp-json\/wp\/v2\/media?parent=22194"}],"wp:term":[{"taxonomy":"product_brand","embeddable":true,"href":"https:\/\/tajkertesz.com\/en_US\/wp-json\/wp\/v2\/product_brand?post=22194"},{"taxonomy":"product_cat","embeddable":true,"href":"https:\/\/tajkertesz.com\/en_US\/wp-json\/wp\/v2\/product_cat?post=22194"},{"taxonomy":"product_tag","embeddable":true,"href":"https:\/\/tajkertesz.com\/en_US\/wp-json\/wp\/v2\/product_tag?post=22194"}],"curies":[{"name":"wp","href":"https:\/\/api.w.org\/{rel}","templated":true}]}}