{"id":22200,"date":"2025-01-14T13:35:08","date_gmt":"2025-01-14T13:35:08","guid":{"rendered":"https:\/\/tajkertesz.com\/?post_type=product&#038;p=22200"},"modified":"2026-02-12T14:16:12","modified_gmt":"2026-02-12T14:16:12","slug":"clean-kill-biokill-original-rovarirto-pumpas-200-ml","status":"publish","type":"product","link":"https:\/\/tajkertesz.com\/en_US\/product\/clean-kill-biokill-original-rovarirto-pumpas-200-ml\/","title":{"rendered":"Clean-Kill\/Biokill original rovarirt\u00f3 pump\u00e1s \u2013 200 ml"},"content":{"rendered":"<div class=\"artdet__name-rating d-none d-lg-block\">\n<div class=\"row gutters-5\">\n<div class=\"col\">\n<div class=\"artdet__name-pagination-wrap d-flex\">\n<div class=\"top product-page-top\">\n<div class=\"center product-page-center\">\n<div class=\"artdet__name-pagination-wrap d-flex\">\n<div class=\"summary entry-summary\">\n<div class=\"elementor-column elementor-col-50 elementor-inner-column elementor-element elementor-element-072daa9\" data-id=\"072daa9\" data-element_type=\"column\">\n<div class=\"elementor-widget-wrap elementor-element-populated\">\n<div class=\"elementor-element elementor-element-54ae97b elementor-widget__width-auto elementor-widget elementor-widget-jet-single-title\" data-id=\"54ae97b\" data-element_type=\"widget\" data-widget_type=\"jet-single-title.default\">\n<div class=\"elementor-widget-container\">\n<div class=\"elementor-jet-single-title jet-woo-builder\">\n<div class=\"top product-page-top\">\n<div class=\"center product-page-center\">\n<h2 class=\"product-title\">Clean-Kill\/Biokill original rovarirt\u00f3 pump\u00e1s \u2013 200 ml<\/h2>\n<div class=\"product-title-addittional\">\n<p class=\"product-title\">Clean-Kill\/Biokill original rovarirt\u00f3 pump\u00e1s \u2013 200 ml<\/p>\n<p>Emberre \u00e9s a melegv\u00e9r\u0171 \u00e1llatokra vesz\u00e9lytelen rovarirt\u00f3 permet, mely bevethet\u0151 mindenf\u00e9le rovar k\u00e1rtev\u0151vel szemben. Biol\u00f3giailag lebomlik, hossz\u00fa hat\u00e9konys\u00e1g\u00fa. Hajt\u00f3g\u00e1z mentes, szagtalan, foltot nem hagy\u00f3 szer.<\/p>\n<p>Kiszerel\u00e9s: 200 ml-es sz\u00f3r\u00f3fejes flakon<\/p>\n<h4><i>R\u00f6vid ismertet\u00e9se<\/i><\/h4>\n<p style=\"font-weight: 400;\">K\u00e9szre kevert rovarirt\u00f3 szer l\u00e9gy, hangya, bolha, <span style=\"color: #ff0000;\">sz\u00fanyog<\/span>, cs\u00f3t\u00e1ny, atka, \u00e1gyi poloska, dar\u00e1zs, poloska, ruhamoly, molylepke, <span style=\"color: #ff0000;\">kullancs<\/span>, f\u00fclbem\u00e1sz\u00f3, gabonabog\u00e1r, lisztbog\u00e1r, p\u00f3k, tet\u0171, valamint egy\u00e9b rejtett \u00e9letm\u00f3d\u00fa rovarok ellen.<\/p>\n<p style=\"font-weight: 400;\"><span style=\"color: #ff0000;\">H\u00e1zi\u00e1llatok eset\u00e9n:<\/span> a k\u00e9sz\u00edtm\u00e9nyt ne permetezz\u00fck k\u00f6zvetlen\u00fcl az \u00e1llat test\u00e9re, k\u00f6rnyezet\u00fcket, \u00e9s fekv\u0151hely\u00fcket kezelj\u00fck a k\u00e9sz\u00edtm\u00e9nnyel. Bolh\u00e1ss\u00e1g eset\u00e9n 4 hetenk\u00e9nt, kullancs \u00e9s r\u00fchess\u00e9g eset\u00e9n 7-10 naponk\u00e9nt ism\u00e9telj\u00fck meg a fel\u00fcletek kezel\u00e9s\u00e9t.<\/p>\n<h4>El\u0151ny\u00f6k:<\/h4>\n<ul>\n<li>Minden rovart elpuszt\u00edt (gyors hat\u00e1s)<\/li>\n<li>Hossz\u00fa hat\u00e9konys\u00e1g<\/li>\n<li>Biol\u00f3giailag lebomlik<\/li>\n<li>Hajt\u00f3g\u00e1z mentes<\/li>\n<li>Szagtalan<\/li>\n<li>Nem hagy foltot<\/li>\n<li>Gyerekszob\u00e1ban is alkalmazhat\u00f3<\/li>\n<\/ul>\n<p>Hat\u00f3anyag \/ \u00f6sszet\u00e9tel:\u00a00,1% transz-fenotrin+ 0,01 %pralletrin<\/p>\n<p>A Bio Kill rovarirt\u00f3szer f\u0151 hat\u00f3anyaga a permetrin, amely egy szagtalan, biol\u00f3giailag leboml\u00f3 vegy\u00fclet. A permetrin hat\u00f3anyag 0,25%-os koncentr\u00e1ci\u00f3ban tal\u00e1lhat\u00f3 meg a term\u00e9kben.<\/p>\n<h4>Alkalmaz\u00e1s:<\/h4>\n<p>Felhaszn\u00e1l\u00e1s el\u0151tt alaposan r\u00e1zzuk fel a k\u00e9sz\u00edtm\u00e9nyt. A sz\u00f3r\u00f3fejet ford\u00edtsuk el, a kezelend\u0151 fel\u00fclett\u0151l 30cm t\u00e1vols\u00e1gra finoman permetezz\u00fck fel. A fel\u00fclet kiss\u00e9 legyen nedves a k\u00e9sz\u00edtm\u00e9nyt\u0151l. Alkalmazza a padl\u00f3n, a falr\u00e9sekbe, ajt\u00f3reped\u00e9sekbe, a szem\u00e9tt\u00e1rol\u00f3 k\u00f6rny\u00e9k\u00e9n, mosogat\u00f3, mosd\u00f3kagyl\u00f3 k\u00f6r\u00fcl. f\u00fcrd\u0151k\u00e1d, WC k\u00f6rny\u00e9k\u00e9n.<\/p>\n<p>Ruhamoly eset\u00e9n a szekr\u00e9ny \u00e9s fi\u00f3kok bels\u0151 fel\u00fclet\u00e9t kezelj\u00fck le.<\/p>\n<p style=\"line-height: 18.0pt; background: white; margin: 0cm 0cm 15.0pt 0cm;\"><b><span style=\"font-family: 'Ubuntu',sans-serif; color: black;\">K\u00e9szlet\u00fcnk napi szinten v\u00e1ltozik, ez\u00e9rt k\u00e9rj\u00fck, \u00e9rdekl\u0151dj\u00f6n szem\u00e9lyesen, telefonon vagy email-en.<br \/>\nA v\u00e1ltoztat\u00e1s jog\u00e1t fenntartjuk!\u00a0<\/span><\/b><\/p>\n<p><a href=\"https:\/\/tajkertesz.com\/\">https:\/\/tajkertesz.com\/<\/a><\/p>\n<p><a href=\"https:\/\/www.facebook.com\/tajkertesz\/\">https:\/\/www.facebook.com\/tajkertesz\/<\/a><\/p>\n<p>Kisz\u00e1ll\u00edt\u00e1s: 200cm-ig \u00e9s 40 kg-ig a sz\u00e1ll\u00edt\u00e1s fut\u00e1rszolg\u00e1lattal t\u00f6rt\u00e9nik.<\/p>\n<p>Szem\u00e9lyes \u00e1tv\u00e9tel nyitvatart\u00e1si id\u0151ben a 17. ker\u00fclet Bakancsos utca 7. sz\u00e1m alatti Kert\u00e9szeti \u00e1rud\u00e1nkban.<\/p>\n<p>Kert\u00e9p\u00edt\u0151k \u00e9s viszontelad\u00f3k regisztr\u00e1l\u00e1s ut\u00e1n egyedi kedvezm\u00e9nnyel v\u00e1s\u00e1rolhatnak kert\u00e9szeti kis-\u00e9s nagykeresked\u00e9s\u00fcnkben.<\/p>\n<p>A logisztikai c\u00e9ggel t\u00f6rt\u00e9n\u0151 sz\u00e1ll\u00edt\u00e1s eset\u00e9n a partnereink\u00a0esetleges a\u00a0cs\u00fasz\u00e1sai\u00e9rt nem v\u00e1llalunk felel\u0151ss\u00e9get!<\/p>\n<p><strong>Az \u00e1rak egy darab term\u00e9kre vonatkoznak.<\/strong><\/p>\n<\/div>\n<\/div>\n<\/div>\n<\/div>\n<\/div>\n<\/div>\n<\/div>\n<\/div>\n<\/div>\n<\/div>\n<\/div>\n<\/div>\n<\/div>\n<\/div>\n<\/div>\n<\/div>\n<p>&nbsp;<\/p>","protected":false},"excerpt":{"rendered":"<p class=\"product-title\">Clean-Kill\/Biokill original rovarirt\u00f3 pump\u00e1s \u2013 200 ml<\/p>\n<p>Emberre \u00e9s a melegv\u00e9r\u0171 \u00e1llatokra vesz\u00e9lytelen rovarirt\u00f3 permet, mely bevethet\u0151 mindenf\u00e9le rovar k\u00e1rtev\u0151vel szemben&#8230;<\/p>","protected":false},"featured_media":22202,"template":"","meta":{"_et_pb_use_builder":"","_et_pb_old_content":"","_et_gb_content_width":""},"product_brand":[],"product_cat":[4091],"product_tag":[1486,4731,2356,4733,4734,4732],"class_list":{"0":"post-22200","1":"product","2":"type-product","3":"status-publish","4":"has-post-thumbnail","6":"product_cat-egyeb-csapdak-riasztok","7":"product_tag-bio","8":"product_tag-biokill","9":"product_tag-clean-kill-original-rovarirto-pumpas-500-ml","10":"product_tag-hangya","11":"product_tag-rovar","12":"product_tag-szunyog","14":"first","15":"instock","16":"shipping-taxable","17":"purchasable","18":"product-type-simple"},"yoast_head":"<!-- This site is optimized with the Yoast SEO plugin v27.4 - https:\/\/yoast.com\/product\/yoast-seo-wordpress\/ -->\n<title>Clean-Kill\/Biokill original rovarirt\u00f3 pump\u00e1s \u2013 200 ml - T\u00e1jkert\u00e9sz<\/title>\n<meta name=\"description\" content=\"Clean-Kill\/Biokill original rovarirt\u00f3 pump\u00e1s \u2013 200 ml. Emberre \u00e9s a melegv\u00e9r\u0171 \u00e1llatokra vesz\u00e9lytelen rovarirt\u00f3 permet, mely bevethet\u0151 mindenf\u00e9le rovar...\" \/>\n<meta name=\"robots\" content=\"index, follow, max-snippet:-1, max-image-preview:large, max-video-preview:-1\" \/>\n<link rel=\"canonical\" href=\"https:\/\/tajkertesz.com\/en_US\/product\/clean-kill-biokill-original-rovarirto-pumpas-200-ml\/\" \/>\n<meta property=\"og:locale\" content=\"en_US\" \/>\n<meta property=\"og:type\" content=\"article\" \/>\n<meta property=\"og:title\" content=\"Clean-Kill\/Biokill original rovarirt\u00f3 pump\u00e1s \u2013 200 ml - T\u00e1jkert\u00e9sz\" \/>\n<meta property=\"og:description\" content=\"Clean-Kill\/Biokill original rovarirt\u00f3 pump\u00e1s \u2013 200 ml. Emberre \u00e9s a melegv\u00e9r\u0171 \u00e1llatokra vesz\u00e9lytelen rovarirt\u00f3 permet, mely bevethet\u0151 mindenf\u00e9le rovar...\" \/>\n<meta property=\"og:url\" content=\"https:\/\/tajkertesz.com\/en_US\/product\/clean-kill-biokill-original-rovarirto-pumpas-200-ml\/\" \/>\n<meta property=\"og:site_name\" content=\"T\u00e1jkert\u00e9sz\" \/>\n<meta property=\"article:publisher\" content=\"https:\/\/www.facebook.com\/Tajkertesz\/\" \/>\n<meta property=\"article:modified_time\" content=\"2026-02-12T14:16:12+00:00\" \/>\n<meta property=\"og:image\" content=\"https:\/\/tajkertesz.com\/wp-content\/uploads\/2025\/01\/biok5101.jpg\" \/>\n\t<meta property=\"og:image:width\" content=\"940\" \/>\n\t<meta property=\"og:image:height\" content=\"788\" \/>\n\t<meta property=\"og:image:type\" content=\"image\/jpeg\" \/>\n<meta name=\"twitter:card\" content=\"summary_large_image\" \/>\n<meta name=\"twitter:label1\" content=\"Est. reading time\" \/>\n\t<meta name=\"twitter:data1\" content=\"2 minutes\" \/>\n<script type=\"application\/ld+json\" class=\"yoast-schema-graph\">{\"@context\":\"https:\\\/\\\/schema.org\",\"@graph\":[{\"@type\":\"WebPage\",\"@id\":\"https:\\\/\\\/tajkertesz.com\\\/termek\\\/clean-kill-biokill-original-rovarirto-pumpas-200-ml\\\/\",\"url\":\"https:\\\/\\\/tajkertesz.com\\\/termek\\\/clean-kill-biokill-original-rovarirto-pumpas-200-ml\\\/\",\"name\":\"Clean-Kill\\\/Biokill original rovarirt\u00f3 pump\u00e1s \u2013 200 ml - T\u00e1jkert\u00e9sz\",\"isPartOf\":{\"@id\":\"https:\\\/\\\/tajkertesz.com\\\/#website\"},\"primaryImageOfPage\":{\"@id\":\"https:\\\/\\\/tajkertesz.com\\\/termek\\\/clean-kill-biokill-original-rovarirto-pumpas-200-ml\\\/#primaryimage\"},\"image\":{\"@id\":\"https:\\\/\\\/tajkertesz.com\\\/termek\\\/clean-kill-biokill-original-rovarirto-pumpas-200-ml\\\/#primaryimage\"},\"thumbnailUrl\":\"https:\\\/\\\/tajkertesz.com\\\/wp-content\\\/uploads\\\/2025\\\/01\\\/biok5101.jpg\",\"datePublished\":\"2025-01-14T13:35:08+00:00\",\"dateModified\":\"2026-02-12T14:16:12+00:00\",\"description\":\"Clean-Kill\\\/Biokill original rovarirt\u00f3 pump\u00e1s \u2013 200 ml. Emberre \u00e9s a melegv\u00e9r\u0171 \u00e1llatokra vesz\u00e9lytelen rovarirt\u00f3 permet, mely bevethet\u0151 mindenf\u00e9le rovar...\",\"breadcrumb\":{\"@id\":\"https:\\\/\\\/tajkertesz.com\\\/termek\\\/clean-kill-biokill-original-rovarirto-pumpas-200-ml\\\/#breadcrumb\"},\"inLanguage\":\"en-US\",\"potentialAction\":[{\"@type\":\"ReadAction\",\"target\":[\"https:\\\/\\\/tajkertesz.com\\\/termek\\\/clean-kill-biokill-original-rovarirto-pumpas-200-ml\\\/\"]}]},{\"@type\":\"ImageObject\",\"inLanguage\":\"en-US\",\"@id\":\"https:\\\/\\\/tajkertesz.com\\\/termek\\\/clean-kill-biokill-original-rovarirto-pumpas-200-ml\\\/#primaryimage\",\"url\":\"https:\\\/\\\/tajkertesz.com\\\/wp-content\\\/uploads\\\/2025\\\/01\\\/biok5101.jpg\",\"contentUrl\":\"https:\\\/\\\/tajkertesz.com\\\/wp-content\\\/uploads\\\/2025\\\/01\\\/biok5101.jpg\",\"width\":940,\"height\":788,\"caption\":\"Clean-Kill\\\/Biokill original rovarirt\u00f3 pump\u00e1s \u2013 200 ml\"},{\"@type\":\"BreadcrumbList\",\"@id\":\"https:\\\/\\\/tajkertesz.com\\\/termek\\\/clean-kill-biokill-original-rovarirto-pumpas-200-ml\\\/#breadcrumb\",\"itemListElement\":[{\"@type\":\"ListItem\",\"position\":1,\"name\":\"Home\",\"item\":\"https:\\\/\\\/tajkertesz.com\\\/\"},{\"@type\":\"ListItem\",\"position\":2,\"name\":\"Kezd\u0151lap\",\"item\":\"https:\\\/\\\/tajkertesz.com\\\/\"},{\"@type\":\"ListItem\",\"position\":3,\"name\":\"Clean-Kill\\\/Biokill original rovarirt\u00f3 pump\u00e1s \u2013 200 ml\"}]},{\"@type\":\"WebSite\",\"@id\":\"https:\\\/\\\/tajkertesz.com\\\/#website\",\"url\":\"https:\\\/\\\/tajkertesz.com\\\/\",\"name\":\"T\u00e1j-Kert\u00e9sz 84 Kft.\",\"description\":\"Kert\u00e9szeti kis- \u00e9s nagykeresked\u00e9s, D\u00edszn\u00f6v\u00e9ny web\u00e1ruh\u00e1z orsz\u00e1gos h\u00e1zhozsz\u00e1ll\u00edt\u00e1ssal!\",\"publisher\":{\"@id\":\"https:\\\/\\\/tajkertesz.com\\\/#organization\"},\"potentialAction\":[{\"@type\":\"SearchAction\",\"target\":{\"@type\":\"EntryPoint\",\"urlTemplate\":\"https:\\\/\\\/tajkertesz.com\\\/?s={search_term_string}\"},\"query-input\":{\"@type\":\"PropertyValueSpecification\",\"valueRequired\":true,\"valueName\":\"search_term_string\"}}],\"inLanguage\":\"en-US\"},{\"@type\":\"Organization\",\"@id\":\"https:\\\/\\\/tajkertesz.com\\\/#organization\",\"name\":\"T\u00e1j-Kert\u00e9sz 84 Kft.\",\"url\":\"https:\\\/\\\/tajkertesz.com\\\/\",\"logo\":{\"@type\":\"ImageObject\",\"inLanguage\":\"en-US\",\"@id\":\"https:\\\/\\\/tajkertesz.com\\\/#\\\/schema\\\/logo\\\/image\\\/\",\"url\":\"https:\\\/\\\/tajkertesz.com\\\/wp-content\\\/uploads\\\/2018\\\/02\\\/logo-2-e1518678052539.png\",\"contentUrl\":\"https:\\\/\\\/tajkertesz.com\\\/wp-content\\\/uploads\\\/2018\\\/02\\\/logo-2-e1518678052539.png\",\"width\":81,\"height\":140,\"caption\":\"T\u00e1j-Kert\u00e9sz 84 Kft.\"},\"image\":{\"@id\":\"https:\\\/\\\/tajkertesz.com\\\/#\\\/schema\\\/logo\\\/image\\\/\"},\"sameAs\":[\"https:\\\/\\\/www.facebook.com\\\/Tajkertesz\\\/\"]}]}<\/script>\n<!-- \/ Yoast SEO plugin. -->","yoast_head_json":{"title":"Clean-Kill\/Biokill original rovarirt\u00f3 pump\u00e1s \u2013 200 ml - T\u00e1jkert\u00e9sz","description":"Clean-Kill\/Biokill original rovarirt\u00f3 pump\u00e1s \u2013 200 ml. Emberre \u00e9s a melegv\u00e9r\u0171 \u00e1llatokra vesz\u00e9lytelen rovarirt\u00f3 permet, mely bevethet\u0151 mindenf\u00e9le rovar...","robots":{"index":"index","follow":"follow","max-snippet":"max-snippet:-1","max-image-preview":"max-image-preview:large","max-video-preview":"max-video-preview:-1"},"canonical":"https:\/\/tajkertesz.com\/en_US\/product\/clean-kill-biokill-original-rovarirto-pumpas-200-ml\/","og_locale":"en_US","og_type":"article","og_title":"Clean-Kill\/Biokill original rovarirt\u00f3 pump\u00e1s \u2013 200 ml - T\u00e1jkert\u00e9sz","og_description":"Clean-Kill\/Biokill original rovarirt\u00f3 pump\u00e1s \u2013 200 ml. Emberre \u00e9s a melegv\u00e9r\u0171 \u00e1llatokra vesz\u00e9lytelen rovarirt\u00f3 permet, mely bevethet\u0151 mindenf\u00e9le rovar...","og_url":"https:\/\/tajkertesz.com\/en_US\/product\/clean-kill-biokill-original-rovarirto-pumpas-200-ml\/","og_site_name":"T\u00e1jkert\u00e9sz","article_publisher":"https:\/\/www.facebook.com\/Tajkertesz\/","article_modified_time":"2026-02-12T14:16:12+00:00","og_image":[{"width":940,"height":788,"url":"https:\/\/tajkertesz.com\/wp-content\/uploads\/2025\/01\/biok5101.jpg","type":"image\/jpeg"}],"twitter_card":"summary_large_image","twitter_misc":{"Est. reading time":"2 minutes"},"schema":{"@context":"https:\/\/schema.org","@graph":[{"@type":"WebPage","@id":"https:\/\/tajkertesz.com\/termek\/clean-kill-biokill-original-rovarirto-pumpas-200-ml\/","url":"https:\/\/tajkertesz.com\/termek\/clean-kill-biokill-original-rovarirto-pumpas-200-ml\/","name":"Clean-Kill\/Biokill original rovarirt\u00f3 pump\u00e1s \u2013 200 ml - T\u00e1jkert\u00e9sz","isPartOf":{"@id":"https:\/\/tajkertesz.com\/#website"},"primaryImageOfPage":{"@id":"https:\/\/tajkertesz.com\/termek\/clean-kill-biokill-original-rovarirto-pumpas-200-ml\/#primaryimage"},"image":{"@id":"https:\/\/tajkertesz.com\/termek\/clean-kill-biokill-original-rovarirto-pumpas-200-ml\/#primaryimage"},"thumbnailUrl":"https:\/\/tajkertesz.com\/wp-content\/uploads\/2025\/01\/biok5101.jpg","datePublished":"2025-01-14T13:35:08+00:00","dateModified":"2026-02-12T14:16:12+00:00","description":"Clean-Kill\/Biokill original rovarirt\u00f3 pump\u00e1s \u2013 200 ml. Emberre \u00e9s a melegv\u00e9r\u0171 \u00e1llatokra vesz\u00e9lytelen rovarirt\u00f3 permet, mely bevethet\u0151 mindenf\u00e9le rovar...","breadcrumb":{"@id":"https:\/\/tajkertesz.com\/termek\/clean-kill-biokill-original-rovarirto-pumpas-200-ml\/#breadcrumb"},"inLanguage":"en-US","potentialAction":[{"@type":"ReadAction","target":["https:\/\/tajkertesz.com\/termek\/clean-kill-biokill-original-rovarirto-pumpas-200-ml\/"]}]},{"@type":"ImageObject","inLanguage":"en-US","@id":"https:\/\/tajkertesz.com\/termek\/clean-kill-biokill-original-rovarirto-pumpas-200-ml\/#primaryimage","url":"https:\/\/tajkertesz.com\/wp-content\/uploads\/2025\/01\/biok5101.jpg","contentUrl":"https:\/\/tajkertesz.com\/wp-content\/uploads\/2025\/01\/biok5101.jpg","width":940,"height":788,"caption":"Clean-Kill\/Biokill original rovarirt\u00f3 pump\u00e1s \u2013 200 ml"},{"@type":"BreadcrumbList","@id":"https:\/\/tajkertesz.com\/termek\/clean-kill-biokill-original-rovarirto-pumpas-200-ml\/#breadcrumb","itemListElement":[{"@type":"ListItem","position":1,"name":"Home","item":"https:\/\/tajkertesz.com\/"},{"@type":"ListItem","position":2,"name":"Kezd\u0151lap","item":"https:\/\/tajkertesz.com\/"},{"@type":"ListItem","position":3,"name":"Clean-Kill\/Biokill original rovarirt\u00f3 pump\u00e1s \u2013 200 ml"}]},{"@type":"WebSite","@id":"https:\/\/tajkertesz.com\/#website","url":"https:\/\/tajkertesz.com\/","name":"T\u00e1j-Kert\u00e9sz 84 Kft.","description":"Kert\u00e9szeti kis- \u00e9s nagykeresked\u00e9s, D\u00edszn\u00f6v\u00e9ny web\u00e1ruh\u00e1z orsz\u00e1gos h\u00e1zhozsz\u00e1ll\u00edt\u00e1ssal!","publisher":{"@id":"https:\/\/tajkertesz.com\/#organization"},"potentialAction":[{"@type":"SearchAction","target":{"@type":"EntryPoint","urlTemplate":"https:\/\/tajkertesz.com\/?s={search_term_string}"},"query-input":{"@type":"PropertyValueSpecification","valueRequired":true,"valueName":"search_term_string"}}],"inLanguage":"en-US"},{"@type":"Organization","@id":"https:\/\/tajkertesz.com\/#organization","name":"T\u00e1j-Kert\u00e9sz 84 Kft.","url":"https:\/\/tajkertesz.com\/","logo":{"@type":"ImageObject","inLanguage":"en-US","@id":"https:\/\/tajkertesz.com\/#\/schema\/logo\/image\/","url":"https:\/\/tajkertesz.com\/wp-content\/uploads\/2018\/02\/logo-2-e1518678052539.png","contentUrl":"https:\/\/tajkertesz.com\/wp-content\/uploads\/2018\/02\/logo-2-e1518678052539.png","width":81,"height":140,"caption":"T\u00e1j-Kert\u00e9sz 84 Kft."},"image":{"@id":"https:\/\/tajkertesz.com\/#\/schema\/logo\/image\/"},"sameAs":["https:\/\/www.facebook.com\/Tajkertesz\/"]}]}},"_links":{"self":[{"href":"https:\/\/tajkertesz.com\/en_US\/wp-json\/wp\/v2\/product\/22200","targetHints":{"allow":["GET"]}}],"collection":[{"href":"https:\/\/tajkertesz.com\/en_US\/wp-json\/wp\/v2\/product"}],"about":[{"href":"https:\/\/tajkertesz.com\/en_US\/wp-json\/wp\/v2\/types\/product"}],"wp:featuredmedia":[{"embeddable":true,"href":"https:\/\/tajkertesz.com\/en_US\/wp-json\/wp\/v2\/media\/22202"}],"wp:attachment":[{"href":"https:\/\/tajkertesz.com\/en_US\/wp-json\/wp\/v2\/media?parent=22200"}],"wp:term":[{"taxonomy":"product_brand","embeddable":true,"href":"https:\/\/tajkertesz.com\/en_US\/wp-json\/wp\/v2\/product_brand?post=22200"},{"taxonomy":"product_cat","embeddable":true,"href":"https:\/\/tajkertesz.com\/en_US\/wp-json\/wp\/v2\/product_cat?post=22200"},{"taxonomy":"product_tag","embeddable":true,"href":"https:\/\/tajkertesz.com\/en_US\/wp-json\/wp\/v2\/product_tag?post=22200"}],"curies":[{"name":"wp","href":"https:\/\/api.w.org\/{rel}","templated":true}]}}