{"id":22208,"date":"2025-01-14T15:22:11","date_gmt":"2025-01-14T15:22:11","guid":{"rendered":"https:\/\/tajkertesz.com\/?post_type=product&#038;p=22208"},"modified":"2026-02-12T14:15:43","modified_gmt":"2026-02-12T14:15:43","slug":"florimo-specialis-r-taprud","status":"publish","type":"product","link":"https:\/\/tajkertesz.com\/en_US\/product\/florimo-specialis-r-taprud\/","title":{"rendered":"FLORIMO\u00ae Speci\u00e1lis \u201eR\u201d t\u00e1pr\u00fad"},"content":{"rendered":"<h1 class=\"elementor-heading-title elementor-size-default\">FLORIMO<sup>\u00ae <\/sup>Speci\u00e1lis \u201eR\u201d t\u00e1pr\u00fad<\/h1>\n<p class=\"elementor-heading-title elementor-size-default\">FLORIMO<sup>\u00ae <\/sup>Speci\u00e1lis \u201eR\u201d t\u00e1pr\u00fad<\/p>\n<p class=\"page-head-title product-page-head-title position-relative\"><span class=\"product-page-product-name\">Ez a Speci\u00e1lis t\u00e1pr\u00fad &#8222;R&#8221; rovark\u00e1rtev\u0151k miatt legyeng\u00fclt n\u00f6v\u00e9nyek r\u00e9sz\u00e9re kifejlesztett term\u00e9k.<\/span><\/p>\n<p>N\u00f6v\u00e9nyek f\u00f6ld feletti r\u00e9szein t\u00e1pl\u00e1lkoz\u00f3 talajk\u00e1rtev\u0151k vagy rovarok \u00e1ltal legyeng\u00fclt n\u00f6v\u00e9nyek hat\u00e9kony kezel\u00e9s\u00e9re javasolt. El\u0151seg\u00edti a lass\u00fa, hossz\u00fa id\u0151n \u00e1t tart\u00f3 t\u00e1panyagfelv\u00e9telt.<\/p>\n<p>A mikorhiza (term\u00e9szetes, eg\u00e9szs\u00e9ges k\u00f6rnyezetben) v\u00e9di a gy\u00f6keret a k\u00f3rokoz\u00f3 gomb\u00e1k behatol\u00e1sa ellen.<br \/>\nA gy\u00f6kereknek nagyobb nedvsz\u00edv\u00f3 fel\u00fcletet, kiegyens\u00falyozott t\u00e1panyag ell\u00e1t\u00e1st, jobb v\u00edzgazd\u00e1lkod\u00e1st biztos\u00edt.<br \/>\nA talaj nem megfelel\u0151 pH-val kapcsolatos stresszt megsz\u00fcnteti.<br \/>\nA talaj nem megfelel\u0151 pH-\u00e9rt\u00e9ke miatt a n\u00f6v\u00e9ny legyeng\u00fcl \u00e9s \u00e9rz\u00e9keny lesz a k\u00fcl\u00f6nb\u00f6z\u0151 k\u00e1ros\u00edt\u00f3k t\u00e1mad\u00e1saira.<\/p>\n<p><strong>Beltartalom:<\/strong> N 10%, P 6%, K 7%, + vas, magn\u00e9zium \u00e9s mikorhiza gomba.<br \/>\n2 h\u00f3nap hat\u00e1startalom.<\/p>\n<p><strong>Felhaszn\u00e1l\u00e1s:<\/strong>\u00a0Haszn\u00e1lja a t\u00e1prudakat a kezdeti t\u00fcnetek megjelen\u00e9se ut\u00e1n.<br \/>\nHelyezze a t\u00e1prudat teljesen a f\u00f6ldbe a n\u00f6v\u00e9ny \u00e9s az ed\u00e9ny fala k\u00f6z\u00e9, majd a n\u00f6v\u00e9ny ig\u00e9nye szerint \u00f6nt\u00f6zze.<br \/>\n<strong>A biztos eredm\u00e9ny \u00e9rdek\u00e9ben 2 h\u00f3nap m\u00falva ism\u00e9telje meg a kezel\u00e9st.<\/strong><br \/>\n<strong>Adagol\u00e1s:<\/strong><br \/>\n12 cm cser\u00e9pbe 1\/2 t\u00e1pr\u00fad<br \/>\n15 cm cser\u00e9pbe 1 t\u00e1pr\u00fad<br \/>\n18 cm cser\u00e9pbe 1,5 t\u00e1pr\u00fad<br \/>\nnagyobb n\u00f6v\u00e9nyekn\u00e9l ar\u00e1nyosabb t\u00f6bb t\u00e1pr\u00fad behelyez\u00e9se javasolt.<\/p>\n<p>Tartalom: 20 db<\/p>\n<div class=\"elementor-element elementor-element-6c050a4c elementor-widget elementor-widget-heading\" data-id=\"6c050a4c\" data-element_type=\"widget\" data-widget_type=\"heading.default\">\n<div class=\"elementor-widget-container\">\n<h4 class=\"elementor-heading-title elementor-size-default\">M\u0171tr\u00e1gya \u00f6sszet\u00e9tele:<\/h4>\n<\/div>\n<\/div>\n<div class=\"elementor-element elementor-element-796dedc7 elementor-widget elementor-widget-text-editor\" data-id=\"796dedc7\" data-element_type=\"widget\" data-widget_type=\"text-editor.default\">\n<div class=\"elementor-widget-container\">\n<p>N: 10%, \u00a0P<sub>2<\/sub>\u00a0O<sub>5<\/sub>\u00a0: 6%, \u00a0K<sub>2<\/sub>\u00a0O: 7%<\/p>\n<div class=\"elementor-element elementor-element-12785b80 elementor-widget elementor-widget-heading\" data-id=\"12785b80\" data-element_type=\"widget\" data-widget_type=\"heading.default\">\n<div class=\"elementor-widget-container\">\n<h4 class=\"elementor-heading-title elementor-size-default\">Felhaszn\u00e1l\u00e1s<\/h4>\n<\/div>\n<\/div>\n<div class=\"elementor-element elementor-element-236e414e elementor-widget elementor-widget-text-editor\" data-id=\"236e414e\" data-element_type=\"widget\" data-widget_type=\"text-editor.default\">\n<div class=\"elementor-widget-container\">\n<p>A folyamatos t\u00e1panyag-ell\u00e1t\u00e1s mellett er\u0151s\u00edtik n\u00f6v\u00e9nyeit a k\u00fcl\u00f6nb\u00f6z\u0151 k\u00e1rtev\u0151kkel szemben, biztos\u00edtva a folyamatos \u00e9s er\u0151teljes fejl\u0151d\u00e9st \u00e9s sz\u00e9ps\u00e9get.<\/p>\n<div class=\"elementor-element elementor-element-9eee968 elementor-widget elementor-widget-heading\" data-id=\"9eee968\" data-element_type=\"widget\" data-widget_type=\"heading.default\">\n<div class=\"elementor-widget-container\">\n<h4 class=\"elementor-heading-title elementor-size-default\">Adagol\u00e1s m\u00f3dja<\/h4>\n<\/div>\n<\/div>\n<div class=\"elementor-element elementor-element-47ebe358 elementor-widget elementor-widget-text-editor\" data-id=\"47ebe358\" data-element_type=\"widget\" data-widget_type=\"text-editor.default\">\n<div class=\"elementor-widget-container\">\n<p>\u00a0Dugja be a t\u00e1prudat teljesen a f\u00f6ldbe, a n\u00f6v\u00e9ny \u00e9s az ed\u00e9ny fala k\u00f6z\u00e9, majd a n\u00f6v\u00e9ny ig\u00e9nye szerint \u00f6nt\u00f6zze.<\/p>\n<p style=\"line-height: 18.0pt; background: white; margin: 0cm 0cm 15.0pt 0cm;\"><b><span style=\"font-family: 'Ubuntu',sans-serif; color: black;\">K\u00e9szlet\u00fcnk napi szinten v\u00e1ltozik, ez\u00e9rt k\u00e9rj\u00fck, \u00e9rdekl\u0151dj\u00f6n szem\u00e9lyesen, telefonon vagy email-en.<br \/>\nA v\u00e1ltoztat\u00e1s jog\u00e1t fenntartjuk!\u00a0<\/span><\/b><\/p>\n<p><a href=\"https:\/\/tajkertesz.com\/\">https:\/\/tajkertesz.com\/<\/a><\/p>\n<p><a href=\"https:\/\/www.facebook.com\/tajkertesz\/\">https:\/\/www.facebook.com\/tajkertesz\/<\/a><\/p>\n<p>Kisz\u00e1ll\u00edt\u00e1s: 200cm-ig \u00e9s 40 kg-ig a sz\u00e1ll\u00edt\u00e1s fut\u00e1rszolg\u00e1lattal t\u00f6rt\u00e9nik.<\/p>\n<p>Szem\u00e9lyes \u00e1tv\u00e9tel nyitvatart\u00e1si id\u0151ben a 17. ker\u00fclet Bakancsos utca 7. sz\u00e1m alatti Kert\u00e9szeti \u00e1rud\u00e1nkban.<\/p>\n<p>Kert\u00e9p\u00edt\u0151k \u00e9s viszontelad\u00f3k regisztr\u00e1l\u00e1s ut\u00e1n egyedi kedvezm\u00e9nnyel v\u00e1s\u00e1rolhatnak kert\u00e9szeti kis-\u00e9s nagykeresked\u00e9s\u00fcnkben.<\/p>\n<p>A logisztikai c\u00e9ggel t\u00f6rt\u00e9n\u0151 sz\u00e1ll\u00edt\u00e1s eset\u00e9n a partnereink\u00a0esetleges a\u00a0cs\u00fasz\u00e1sai\u00e9rt nem v\u00e1llalunk felel\u0151ss\u00e9get!<\/p>\n<p><strong>Az \u00e1rak egy darab term\u00e9kre vonatkoznak.<\/strong><\/p>\n<p>Megb\u00edzhat\u00f3 web\u00e1ruh\u00e1z!<\/p>\n<p>Rendelje meg a term\u00e9ket \u00e9s ak\u00e1r m\u00e1r m\u00e1snap meg is \u00e9rkezhet!<\/p>\n<p>&nbsp;<\/p>\n<p>&nbsp;<\/p>\n<\/div>\n<\/div>\n<\/div>\n<\/div>\n<\/div>\n<\/div>","protected":false},"excerpt":{"rendered":"<p class=\"elementor-heading-title elementor-size-default\">FLORIMO<sup>\u00ae <\/sup>Speci\u00e1lis \u201eR\u201d t\u00e1pr\u00fad<\/p>\n<p>N\u00f6v\u00e9nyek f\u00f6ld feletti r\u00e9szein t\u00e1pl\u00e1lkoz\u00f3 talajk\u00e1rtev\u0151k<br \/>\nvagy rovarok \u00e1ltal legyeng\u00fclt n\u00f6v\u00e9nyek hat\u00e9kony kezel\u00e9s\u00e9re<br \/>\njavasolt. El\u0151seg\u00edti a lass\u00fa, hossz\u00fa id\u0151n \u00e1t tart\u00f3 t\u00e1panyagfelv\u00e9telt.<\/p>\n<p>Tartalom: 20 db<\/p>","protected":false},"featured_media":22209,"template":"","meta":{"_et_pb_use_builder":"","_et_pb_old_content":"","_et_gb_content_width":""},"product_brand":[],"product_cat":[5055,4093],"product_tag":[1459,705,4734,4104],"class_list":{"0":"post-22208","1":"product","2":"type-product","3":"status-publish","4":"has-post-thumbnail","6":"product_cat-florimo-tapoldatok","7":"product_cat-novenyapolo-szerek","8":"product_tag-florimo","9":"product_tag-mutragya","10":"product_tag-rovar","11":"product_tag-tapanyag","13":"first","14":"outofstock","15":"shipping-taxable","16":"product-type-simple"},"yoast_head":"<!-- This site is optimized with the Yoast SEO plugin v27.4 - https:\/\/yoast.com\/product\/yoast-seo-wordpress\/ -->\n<title>FLORIMO\u00ae Speci\u00e1lis \u201eR\u201d t\u00e1pr\u00fad - T\u00e1jkert\u00e9sz<\/title>\n<meta name=\"description\" content=\"FLORIMO\u00ae Speci\u00e1lis \u201eR\u201d t\u00e1pr\u00fad. N\u00f6v\u00e9nyek f\u00f6ld feletti r\u00e9szein t\u00e1pl\u00e1lkoz\u00f3 talajk\u00e1rtev\u0151k vagy rovarok \u00e1ltal legyeng\u00fclt n\u00f6v\u00e9nyek hat\u00e9kony kezel\u00e9s\u00e9re\" \/>\n<meta name=\"robots\" content=\"index, follow, max-snippet:-1, max-image-preview:large, max-video-preview:-1\" \/>\n<link rel=\"canonical\" href=\"https:\/\/tajkertesz.com\/en_US\/product\/florimo-specialis-r-taprud\/\" \/>\n<meta property=\"og:locale\" content=\"en_US\" \/>\n<meta property=\"og:type\" content=\"article\" \/>\n<meta property=\"og:title\" content=\"FLORIMO\u00ae Speci\u00e1lis \u201eR\u201d t\u00e1pr\u00fad - T\u00e1jkert\u00e9sz\" \/>\n<meta property=\"og:description\" content=\"FLORIMO\u00ae Speci\u00e1lis \u201eR\u201d t\u00e1pr\u00fad. N\u00f6v\u00e9nyek f\u00f6ld feletti r\u00e9szein t\u00e1pl\u00e1lkoz\u00f3 talajk\u00e1rtev\u0151k vagy rovarok \u00e1ltal legyeng\u00fclt n\u00f6v\u00e9nyek hat\u00e9kony kezel\u00e9s\u00e9re\" \/>\n<meta property=\"og:url\" content=\"https:\/\/tajkertesz.com\/en_US\/product\/florimo-specialis-r-taprud\/\" \/>\n<meta property=\"og:site_name\" content=\"T\u00e1jkert\u00e9sz\" \/>\n<meta property=\"article:publisher\" content=\"https:\/\/www.facebook.com\/Tajkertesz\/\" \/>\n<meta property=\"article:modified_time\" content=\"2026-02-12T14:15:43+00:00\" \/>\n<meta property=\"og:image\" content=\"https:\/\/tajkertesz.com\/wp-content\/uploads\/2025\/01\/FLORIMO_Specialis_R_taprud_cca20_120x220mm_LEAD_ZorkArts.png\" \/>\n\t<meta property=\"og:image:width\" content=\"800\" \/>\n\t<meta property=\"og:image:height\" content=\"1372\" \/>\n\t<meta property=\"og:image:type\" content=\"image\/png\" \/>\n<meta name=\"twitter:card\" content=\"summary_large_image\" \/>\n<meta name=\"twitter:label1\" content=\"Est. reading time\" \/>\n\t<meta name=\"twitter:data1\" content=\"2 minutes\" \/>\n<script type=\"application\/ld+json\" class=\"yoast-schema-graph\">{\"@context\":\"https:\\\/\\\/schema.org\",\"@graph\":[{\"@type\":\"WebPage\",\"@id\":\"https:\\\/\\\/tajkertesz.com\\\/termek\\\/florimo-specialis-r-taprud\\\/\",\"url\":\"https:\\\/\\\/tajkertesz.com\\\/termek\\\/florimo-specialis-r-taprud\\\/\",\"name\":\"FLORIMO\u00ae Speci\u00e1lis \u201eR\u201d t\u00e1pr\u00fad - T\u00e1jkert\u00e9sz\",\"isPartOf\":{\"@id\":\"https:\\\/\\\/tajkertesz.com\\\/#website\"},\"primaryImageOfPage\":{\"@id\":\"https:\\\/\\\/tajkertesz.com\\\/termek\\\/florimo-specialis-r-taprud\\\/#primaryimage\"},\"image\":{\"@id\":\"https:\\\/\\\/tajkertesz.com\\\/termek\\\/florimo-specialis-r-taprud\\\/#primaryimage\"},\"thumbnailUrl\":\"https:\\\/\\\/tajkertesz.com\\\/wp-content\\\/uploads\\\/2025\\\/01\\\/FLORIMO_Specialis_R_taprud_cca20_120x220mm_LEAD_ZorkArts.png\",\"datePublished\":\"2025-01-14T15:22:11+00:00\",\"dateModified\":\"2026-02-12T14:15:43+00:00\",\"description\":\"FLORIMO\u00ae Speci\u00e1lis \u201eR\u201d t\u00e1pr\u00fad. N\u00f6v\u00e9nyek f\u00f6ld feletti r\u00e9szein t\u00e1pl\u00e1lkoz\u00f3 talajk\u00e1rtev\u0151k vagy rovarok \u00e1ltal legyeng\u00fclt n\u00f6v\u00e9nyek hat\u00e9kony kezel\u00e9s\u00e9re\",\"breadcrumb\":{\"@id\":\"https:\\\/\\\/tajkertesz.com\\\/termek\\\/florimo-specialis-r-taprud\\\/#breadcrumb\"},\"inLanguage\":\"en-US\",\"potentialAction\":[{\"@type\":\"ReadAction\",\"target\":[\"https:\\\/\\\/tajkertesz.com\\\/termek\\\/florimo-specialis-r-taprud\\\/\"]}]},{\"@type\":\"ImageObject\",\"inLanguage\":\"en-US\",\"@id\":\"https:\\\/\\\/tajkertesz.com\\\/termek\\\/florimo-specialis-r-taprud\\\/#primaryimage\",\"url\":\"https:\\\/\\\/tajkertesz.com\\\/wp-content\\\/uploads\\\/2025\\\/01\\\/FLORIMO_Specialis_R_taprud_cca20_120x220mm_LEAD_ZorkArts.png\",\"contentUrl\":\"https:\\\/\\\/tajkertesz.com\\\/wp-content\\\/uploads\\\/2025\\\/01\\\/FLORIMO_Specialis_R_taprud_cca20_120x220mm_LEAD_ZorkArts.png\",\"width\":800,\"height\":1372,\"caption\":\"FLORIMO\u00ae Speci\u00e1lis \u201eR\u201d t\u00e1pr\u00fad\"},{\"@type\":\"BreadcrumbList\",\"@id\":\"https:\\\/\\\/tajkertesz.com\\\/termek\\\/florimo-specialis-r-taprud\\\/#breadcrumb\",\"itemListElement\":[{\"@type\":\"ListItem\",\"position\":1,\"name\":\"Home\",\"item\":\"https:\\\/\\\/tajkertesz.com\\\/\"},{\"@type\":\"ListItem\",\"position\":2,\"name\":\"Kezd\u0151lap\",\"item\":\"https:\\\/\\\/tajkertesz.com\\\/\"},{\"@type\":\"ListItem\",\"position\":3,\"name\":\"FLORIMO\u00ae Speci\u00e1lis \u201eR\u201d t\u00e1pr\u00fad\"}]},{\"@type\":\"WebSite\",\"@id\":\"https:\\\/\\\/tajkertesz.com\\\/#website\",\"url\":\"https:\\\/\\\/tajkertesz.com\\\/\",\"name\":\"T\u00e1j-Kert\u00e9sz 84 Kft.\",\"description\":\"Kert\u00e9szeti kis- \u00e9s nagykeresked\u00e9s, D\u00edszn\u00f6v\u00e9ny web\u00e1ruh\u00e1z orsz\u00e1gos h\u00e1zhozsz\u00e1ll\u00edt\u00e1ssal!\",\"publisher\":{\"@id\":\"https:\\\/\\\/tajkertesz.com\\\/#organization\"},\"potentialAction\":[{\"@type\":\"SearchAction\",\"target\":{\"@type\":\"EntryPoint\",\"urlTemplate\":\"https:\\\/\\\/tajkertesz.com\\\/?s={search_term_string}\"},\"query-input\":{\"@type\":\"PropertyValueSpecification\",\"valueRequired\":true,\"valueName\":\"search_term_string\"}}],\"inLanguage\":\"en-US\"},{\"@type\":\"Organization\",\"@id\":\"https:\\\/\\\/tajkertesz.com\\\/#organization\",\"name\":\"T\u00e1j-Kert\u00e9sz 84 Kft.\",\"url\":\"https:\\\/\\\/tajkertesz.com\\\/\",\"logo\":{\"@type\":\"ImageObject\",\"inLanguage\":\"en-US\",\"@id\":\"https:\\\/\\\/tajkertesz.com\\\/#\\\/schema\\\/logo\\\/image\\\/\",\"url\":\"https:\\\/\\\/tajkertesz.com\\\/wp-content\\\/uploads\\\/2018\\\/02\\\/logo-2-e1518678052539.png\",\"contentUrl\":\"https:\\\/\\\/tajkertesz.com\\\/wp-content\\\/uploads\\\/2018\\\/02\\\/logo-2-e1518678052539.png\",\"width\":81,\"height\":140,\"caption\":\"T\u00e1j-Kert\u00e9sz 84 Kft.\"},\"image\":{\"@id\":\"https:\\\/\\\/tajkertesz.com\\\/#\\\/schema\\\/logo\\\/image\\\/\"},\"sameAs\":[\"https:\\\/\\\/www.facebook.com\\\/Tajkertesz\\\/\"]}]}<\/script>\n<!-- \/ Yoast SEO plugin. -->","yoast_head_json":{"title":"FLORIMO\u00ae Speci\u00e1lis \u201eR\u201d t\u00e1pr\u00fad - T\u00e1jkert\u00e9sz","description":"FLORIMO\u00ae Speci\u00e1lis \u201eR\u201d t\u00e1pr\u00fad. N\u00f6v\u00e9nyek f\u00f6ld feletti r\u00e9szein t\u00e1pl\u00e1lkoz\u00f3 talajk\u00e1rtev\u0151k vagy rovarok \u00e1ltal legyeng\u00fclt n\u00f6v\u00e9nyek hat\u00e9kony kezel\u00e9s\u00e9re","robots":{"index":"index","follow":"follow","max-snippet":"max-snippet:-1","max-image-preview":"max-image-preview:large","max-video-preview":"max-video-preview:-1"},"canonical":"https:\/\/tajkertesz.com\/en_US\/product\/florimo-specialis-r-taprud\/","og_locale":"en_US","og_type":"article","og_title":"FLORIMO\u00ae Speci\u00e1lis \u201eR\u201d t\u00e1pr\u00fad - T\u00e1jkert\u00e9sz","og_description":"FLORIMO\u00ae Speci\u00e1lis \u201eR\u201d t\u00e1pr\u00fad. N\u00f6v\u00e9nyek f\u00f6ld feletti r\u00e9szein t\u00e1pl\u00e1lkoz\u00f3 talajk\u00e1rtev\u0151k vagy rovarok \u00e1ltal legyeng\u00fclt n\u00f6v\u00e9nyek hat\u00e9kony kezel\u00e9s\u00e9re","og_url":"https:\/\/tajkertesz.com\/en_US\/product\/florimo-specialis-r-taprud\/","og_site_name":"T\u00e1jkert\u00e9sz","article_publisher":"https:\/\/www.facebook.com\/Tajkertesz\/","article_modified_time":"2026-02-12T14:15:43+00:00","og_image":[{"width":800,"height":1372,"url":"https:\/\/tajkertesz.com\/wp-content\/uploads\/2025\/01\/FLORIMO_Specialis_R_taprud_cca20_120x220mm_LEAD_ZorkArts.png","type":"image\/png"}],"twitter_card":"summary_large_image","twitter_misc":{"Est. reading time":"2 minutes"},"schema":{"@context":"https:\/\/schema.org","@graph":[{"@type":"WebPage","@id":"https:\/\/tajkertesz.com\/termek\/florimo-specialis-r-taprud\/","url":"https:\/\/tajkertesz.com\/termek\/florimo-specialis-r-taprud\/","name":"FLORIMO\u00ae Speci\u00e1lis \u201eR\u201d t\u00e1pr\u00fad - T\u00e1jkert\u00e9sz","isPartOf":{"@id":"https:\/\/tajkertesz.com\/#website"},"primaryImageOfPage":{"@id":"https:\/\/tajkertesz.com\/termek\/florimo-specialis-r-taprud\/#primaryimage"},"image":{"@id":"https:\/\/tajkertesz.com\/termek\/florimo-specialis-r-taprud\/#primaryimage"},"thumbnailUrl":"https:\/\/tajkertesz.com\/wp-content\/uploads\/2025\/01\/FLORIMO_Specialis_R_taprud_cca20_120x220mm_LEAD_ZorkArts.png","datePublished":"2025-01-14T15:22:11+00:00","dateModified":"2026-02-12T14:15:43+00:00","description":"FLORIMO\u00ae Speci\u00e1lis \u201eR\u201d t\u00e1pr\u00fad. N\u00f6v\u00e9nyek f\u00f6ld feletti r\u00e9szein t\u00e1pl\u00e1lkoz\u00f3 talajk\u00e1rtev\u0151k vagy rovarok \u00e1ltal legyeng\u00fclt n\u00f6v\u00e9nyek hat\u00e9kony kezel\u00e9s\u00e9re","breadcrumb":{"@id":"https:\/\/tajkertesz.com\/termek\/florimo-specialis-r-taprud\/#breadcrumb"},"inLanguage":"en-US","potentialAction":[{"@type":"ReadAction","target":["https:\/\/tajkertesz.com\/termek\/florimo-specialis-r-taprud\/"]}]},{"@type":"ImageObject","inLanguage":"en-US","@id":"https:\/\/tajkertesz.com\/termek\/florimo-specialis-r-taprud\/#primaryimage","url":"https:\/\/tajkertesz.com\/wp-content\/uploads\/2025\/01\/FLORIMO_Specialis_R_taprud_cca20_120x220mm_LEAD_ZorkArts.png","contentUrl":"https:\/\/tajkertesz.com\/wp-content\/uploads\/2025\/01\/FLORIMO_Specialis_R_taprud_cca20_120x220mm_LEAD_ZorkArts.png","width":800,"height":1372,"caption":"FLORIMO\u00ae Speci\u00e1lis \u201eR\u201d t\u00e1pr\u00fad"},{"@type":"BreadcrumbList","@id":"https:\/\/tajkertesz.com\/termek\/florimo-specialis-r-taprud\/#breadcrumb","itemListElement":[{"@type":"ListItem","position":1,"name":"Home","item":"https:\/\/tajkertesz.com\/"},{"@type":"ListItem","position":2,"name":"Kezd\u0151lap","item":"https:\/\/tajkertesz.com\/"},{"@type":"ListItem","position":3,"name":"FLORIMO\u00ae Speci\u00e1lis \u201eR\u201d t\u00e1pr\u00fad"}]},{"@type":"WebSite","@id":"https:\/\/tajkertesz.com\/#website","url":"https:\/\/tajkertesz.com\/","name":"T\u00e1j-Kert\u00e9sz 84 Kft.","description":"Kert\u00e9szeti kis- \u00e9s nagykeresked\u00e9s, D\u00edszn\u00f6v\u00e9ny web\u00e1ruh\u00e1z orsz\u00e1gos h\u00e1zhozsz\u00e1ll\u00edt\u00e1ssal!","publisher":{"@id":"https:\/\/tajkertesz.com\/#organization"},"potentialAction":[{"@type":"SearchAction","target":{"@type":"EntryPoint","urlTemplate":"https:\/\/tajkertesz.com\/?s={search_term_string}"},"query-input":{"@type":"PropertyValueSpecification","valueRequired":true,"valueName":"search_term_string"}}],"inLanguage":"en-US"},{"@type":"Organization","@id":"https:\/\/tajkertesz.com\/#organization","name":"T\u00e1j-Kert\u00e9sz 84 Kft.","url":"https:\/\/tajkertesz.com\/","logo":{"@type":"ImageObject","inLanguage":"en-US","@id":"https:\/\/tajkertesz.com\/#\/schema\/logo\/image\/","url":"https:\/\/tajkertesz.com\/wp-content\/uploads\/2018\/02\/logo-2-e1518678052539.png","contentUrl":"https:\/\/tajkertesz.com\/wp-content\/uploads\/2018\/02\/logo-2-e1518678052539.png","width":81,"height":140,"caption":"T\u00e1j-Kert\u00e9sz 84 Kft."},"image":{"@id":"https:\/\/tajkertesz.com\/#\/schema\/logo\/image\/"},"sameAs":["https:\/\/www.facebook.com\/Tajkertesz\/"]}]}},"_links":{"self":[{"href":"https:\/\/tajkertesz.com\/en_US\/wp-json\/wp\/v2\/product\/22208","targetHints":{"allow":["GET"]}}],"collection":[{"href":"https:\/\/tajkertesz.com\/en_US\/wp-json\/wp\/v2\/product"}],"about":[{"href":"https:\/\/tajkertesz.com\/en_US\/wp-json\/wp\/v2\/types\/product"}],"wp:featuredmedia":[{"embeddable":true,"href":"https:\/\/tajkertesz.com\/en_US\/wp-json\/wp\/v2\/media\/22209"}],"wp:attachment":[{"href":"https:\/\/tajkertesz.com\/en_US\/wp-json\/wp\/v2\/media?parent=22208"}],"wp:term":[{"taxonomy":"product_brand","embeddable":true,"href":"https:\/\/tajkertesz.com\/en_US\/wp-json\/wp\/v2\/product_brand?post=22208"},{"taxonomy":"product_cat","embeddable":true,"href":"https:\/\/tajkertesz.com\/en_US\/wp-json\/wp\/v2\/product_cat?post=22208"},{"taxonomy":"product_tag","embeddable":true,"href":"https:\/\/tajkertesz.com\/en_US\/wp-json\/wp\/v2\/product_tag?post=22208"}],"curies":[{"name":"wp","href":"https:\/\/api.w.org\/{rel}","templated":true}]}}